{"id":2227,"date":"2025-10-16T20:34:19","date_gmt":"2025-10-16T23:34:19","guid":{"rendered":"https:\/\/exatron.com.br\/?page_id=2227"},"modified":"2026-03-20T12:17:54","modified_gmt":"2026-03-20T15:17:54","slug":"qualidade","status":"publish","type":"page","link":"https:\/\/www.exatron.com.br\/en\/qualidade\/","title":{"rendered":"Quality"},"content":{"rendered":"<div data-elementor-type=\"wp-page\" data-elementor-id=\"2227\" class=\"elementor elementor-2227\" data-elementor-post-type=\"page\">\n\t\t\t\t<div class=\"elementor-element elementor-element-96eef3e e-flex e-con-boxed e-con e-parent\" data-id=\"96eef3e\" data-element_type=\"container\" data-e-type=\"container\" data-settings=\"{&quot;background_background&quot;:&quot;classic&quot;}\">\n\t\t\t\t\t<div class=\"e-con-inner\">\n\t\t\t\t<div class=\"elementor-element elementor-element-1002dc4 elementor-widget__width-initial elementor-widget elementor-widget-heading\" data-id=\"1002dc4\" data-element_type=\"widget\" data-e-type=\"widget\" data-widget_type=\"heading.default\">\n\t\t\t\t<div class=\"elementor-widget-container\">\n\t\t\t\t\t<h1 class=\"elementor-heading-title elementor-size-default\">Quality in every detail.<\/h1>\t\t\t\t<\/div>\n\t\t\t\t<\/div>\n\t\t\t\t<div class=\"elementor-element elementor-element-1d7cf35 elementor-widget__width-initial elementor-widget elementor-widget-heading\" data-id=\"1d7cf35\" data-element_type=\"widget\" data-e-type=\"widget\" data-widget_type=\"heading.default\">\n\t\t\t\t<div class=\"elementor-widget-container\">\n\t\t\t\t\t<p class=\"elementor-heading-title elementor-size-default\">Our processes follow rigorous quality standards, ensuring safety, efficiency, and reliability in every product. Excellence is part of our culture, from development to delivery.<\/p>\t\t\t\t<\/div>\n\t\t\t\t<\/div>\n\t\t<div class=\"elementor-element elementor-element-1fb9620 e-con-full e-flex e-con e-child\" data-id=\"1fb9620\" data-element_type=\"container\" data-e-type=\"container\">\n\t\t\t\t<div class=\"elementor-element elementor-element-64f5c0d elementor-widget elementor-widget-heading\" data-id=\"64f5c0d\" data-element_type=\"widget\" data-e-type=\"widget\" data-widget_type=\"heading.default\">\n\t\t\t\t<div class=\"elementor-widget-container\">\n\t\t\t\t\t<p class=\"elementor-heading-title elementor-size-default\"><a href=\"https:\/\/www.exatron.com.br\/en\/\">Home<\/a><\/p>\t\t\t\t<\/div>\n\t\t\t\t<\/div>\n\t\t\t\t<div class=\"elementor-element elementor-element-8306d1f elementor-widget elementor-widget-image\" data-id=\"8306d1f\" data-element_type=\"widget\" data-e-type=\"widget\" data-widget_type=\"image.default\">\n\t\t\t\t<div class=\"elementor-widget-container\">\n\t\t\t\t\t\t\t\t\t\t\t\t\t\t\t<img decoding=\"async\" width=\"3\" height=\"30\" src=\"https:\/\/www.exatron.com.br\/wp-content\/uploads\/2025\/11\/unnamed-file.png\" class=\"attachment-large size-large wp-image-8604\" alt=\"Unnamed File\" \/>\t\t\t\t\t\t\t\t\t\t\t\t\t\t\t<\/div>\n\t\t\t\t<\/div>\n\t\t\t\t<div class=\"elementor-element elementor-element-96b3505 elementor-widget elementor-widget-heading\" data-id=\"96b3505\" data-element_type=\"widget\" data-e-type=\"widget\" data-widget_type=\"heading.default\">\n\t\t\t\t<div class=\"elementor-widget-container\">\n\t\t\t\t\t<p class=\"elementor-heading-title elementor-size-default\"><a href=\"https:\/\/www.exatron.com.br\/en\/qualidade\/\">Quality<\/a><\/p>\t\t\t\t<\/div>\n\t\t\t\t<\/div>\n\t\t\t\t<\/div>\n\t\t\t\t\t<\/div>\n\t\t\t\t<\/div>\n\t\t<div class=\"elementor-element elementor-element-e9193ce e-flex e-con-boxed e-con e-parent\" data-id=\"e9193ce\" data-element_type=\"container\" data-e-type=\"container\">\n\t\t\t\t\t<div class=\"e-con-inner\">\n\t\t\t\t<div class=\"elementor-element elementor-element-6073e31 elementor-widget elementor-widget-heading\" data-id=\"6073e31\" data-element_type=\"widget\" data-e-type=\"widget\" data-widget_type=\"heading.default\">\n\t\t\t\t<div class=\"elementor-widget-container\">\n\t\t\t\t\t<h2 class=\"elementor-heading-title elementor-size-default\">Quality<\/h2>\t\t\t\t<\/div>\n\t\t\t\t<\/div>\n\t\t\t\t<div class=\"elementor-element elementor-element-06e32b1 elementor-widget elementor-widget-text-editor\" data-id=\"06e32b1\" data-element_type=\"widget\" data-e-type=\"widget\" data-widget_type=\"text-editor.default\">\n\t\t\t\t<div class=\"elementor-widget-container\">\n\t\t\t\t\t\t\t\t\t<p><strong>Exatron Quality System \u2013 EQS<br \/><\/strong><br \/>To further improve its operations and solidify its commitment to customer satisfaction, Exatron developed the Exatron Quality System \u2013 SQE and obtained ISO 9001 certification in May 1997 through the certifying body \u2013 Bureau Veritas Certification, formalizing its aptitude and preparedness to face the challenges of an increasingly globalized market.<\/p><p><strong>Management Policy (Document Code: MQ-1 \u2013 Revision 06)<br \/><\/strong><br \/>Senior Management defines and documents the objectives and commitment to Quality through its Management Policy. \u00a0<\/p><p><strong>\u00a0 Exatron is committed to:<\/strong><\/p><ul role=\"list\"><li>To meet the requirements applicable to stakeholders.<\/li><li>To develop innovative solutions that provide savings, safety, and well-being.<\/li><li>To improve the efficiency and effectiveness of the management system.<\/li><li>To develop employees and promote the organization&#039;s sustainability.<\/li><\/ul><p><strong>Warranty Policy<\/strong><br \/><strong>1. EXATRON PRODUCT WARRANTY<br \/><\/strong><br \/>EXATRON guarantees its products against manufacturing defects, provided they are kept under normal conditions of use and maintenance (product, packaging and accessories).<br \/>EXATRON will repair or replace the product at no cost to the consumer or reseller.<br \/>How to proceed:<\/p><ul role=\"list\"><li>Purchase at a reseller (physical store): the end consumer must go to the STORE where they made the purchase, accompanied by the respective invoice or sales receipt. The store will carry out the exchange and subsequent shipment to Exatron.<\/li><li>Purchase from a reseller (online store): the end consumer must contact the online store where they made the purchase, providing the invoice or sales receipt details. The online store will then process the exchange and subsequent shipment to Exatron.<\/li><li>Purchase on the Exatron website (online store): the end consumer must contact the Exatron online store by calling 0800 5413310 or by email:\u00a0<a href=\"mailto:lojaonline@exatron.com.br\" target=\"_blank\" rel=\"noopener\" data-fpl-component=\"primitive\">lojaonline@exatron.com.br<\/a>\u00a0 You will be instructed on how to proceed; it is important to have the invoice or sales receipt information on hand.<\/li><li>The repaired or replaced product will be guaranteed for the remainder of the original warranty period. All defective parts that have been replaced will remain the property of EXATRON.<\/li><\/ul><p>Exatron values providing the best service to consumers and clients. For any difficulties regarding warranty or product functionality, our customer service department is available to provide a quick and effective solution. Contact us at 0800 5413310 and ask for extension 500 or by email:\u00a0<a href=\"mailto:ouvidoria@exatron.com.br\" target=\"_blank\" rel=\"noopener\" data-fpl-component=\"primitive\">ouvidoria@exatron.com.br<\/a>Our commitment is to always provide the best service, satisfying our consumers and clients. Count on Exatron!<\/p><p><strong>2. WARRANTY CONDITIONS<br \/><\/strong><br \/>EXATRON assumes no obligation or responsibility for modifications to this warranty, except if there is a written agreement between EXATRON and the user. The warranty does not cover equipment installation or damage caused by improper installation or misuse of the product. If the product fails within the warranty period, the customer may claim the warranty at the place of purchase (STORE) for replacement or directly by phone at 08005413310 or by email:\u00a0<a href=\"mailto:garantia@exatron.com.br\" target=\"_blank\" rel=\"noopener\" data-fpl-component=\"primitive\">garantia@exatron.com.br<\/a>\u00a0or\u00a0<a href=\"mailto:asc@exatron.com.br\" target=\"_blank\" rel=\"noopener\" data-fpl-component=\"primitive\">asc@exatron.com.br<\/a>Our opening hours are Monday to Friday from 8:00 to 12:00 and from 13:00 to 17:00.<\/p><p><strong>3. ITEMS EXCLUDED FROM WARRANTY<br \/><\/strong><br \/>The warranty does not cover:\u00a0<\/p><ul role=\"list\"><li>Defects or damage resulting from improper use of the product;<\/li><li>Defects or damage resulting from lightning strikes, inadequate electrical wiring or electrical network maneuvers (over and under voltage, short circuits) and\/or internet access problems;<\/li><li>Defects or damage caused by overloading or operating outside the stated maximum parameters;<\/li><li>Defects and damage caused by drops or improper storage of the product;<\/li><li>Defects or damage caused by handling the product with unsuitable tools;<\/li><li>Defects or damage caused by natural agents (floods, sea air, oxidation or excessive exposure to heat);<\/li><li>Unsatisfactory product performance due to installation in an unsuitable location;<\/li><li>Defects and damage caused by misuse or natural wear and tear of the product;<\/li><li>Defects and damage caused by third-party installation services.<\/li><\/ul><p><strong>4. PRODUCT WARRANTY PERIOD<br \/><\/strong><br \/>\u00a0The warranty period for Exatron products varies depending on the product type, starting from the date of the sales invoice issued to the end consumer. The warranty period is indicated on the product packaging and on the website.\u00a0<a href=\"http:\/\/www.exatron.com.br,\/\" target=\"_blank\" rel=\"noopener\" data-fpl-component=\"primitive\">www.exatron.com.br\u00a0<\/a>, on the product tab.<br \/>\u00a0 Notes:<br \/>\u00a0 a) For better analysis by our technical area, it is important that the consumer provide as much detail as possible about the defect the product is presenting, its application, as well as installation details such as the type of load and power controlled, mains voltage, etc\u2026<br \/>\u00a0 b) In the event of a product malfunction diagnosed by the testing department, not being a manufacturing defect, for example, due to drops, incorrect handling or electrical discharge, the product will also be returned via mail, with shipping paid by the customer via collect on delivery (COD). In the case of repairs, a fee will be charged for the service performed.<\/p>\t\t\t\t\t\t\t\t<\/div>\n\t\t\t\t<\/div>\n\t\t\t\t\t<\/div>\n\t\t\t\t<\/div>\n\t\t\t\t<\/div>","protected":false},"excerpt":{"rendered":"<p>Qualidade em cada detalhe Nossos processos seguem rigorosos padr\u00f5es de qualidade, garantindo seguran\u00e7a, efici\u00eancia e confiabilidade em cada produto. A excel\u00eancia \u00e9 parte da nossa cultura do desenvolvimento \u00e0 entrega. Home Qualidade Qualidade Sistema da Qualidade Exatron \u2013 SQEPara melhorar ainda mais sua opera\u00e7\u00e3o e firmar seu comprometimento com a satisfa\u00e7\u00e3o de seus clientes, a [&hellip;]<\/p>","protected":false},"author":1,"featured_media":0,"parent":0,"menu_order":0,"comment_status":"closed","ping_status":"closed","template":"","meta":{"_acf_changed":false,"_joinchat":[],"footnotes":""},"class_list":["post-2227","page","type-page","status-publish","hentry"],"acf":[],"yoast_head":"<!-- This site is optimized with the Yoast SEO plugin v27.3 - https:\/\/yoast.com\/product\/yoast-seo-wordpress\/ -->\n<title>Qualidade - EXATRON<\/title>\n<meta name=\"robots\" content=\"index, follow, max-snippet:-1, max-image-preview:large, max-video-preview:-1\" \/>\n<link rel=\"canonical\" href=\"https:\/\/www.exatron.com.br\/en\/qualidade\/\" \/>\n<meta property=\"og:locale\" content=\"en_US\" \/>\n<meta property=\"og:type\" content=\"article\" \/>\n<meta property=\"og:title\" content=\"Qualidade - EXATRON\" \/>\n<meta property=\"og:description\" content=\"Qualidade em cada detalhe Nossos processos seguem rigorosos padr\u00f5es de qualidade, garantindo seguran\u00e7a, efici\u00eancia e confiabilidade em cada produto. A excel\u00eancia \u00e9 parte da nossa cultura do desenvolvimento \u00e0 entrega. Home Qualidade Qualidade Sistema da Qualidade Exatron \u2013 SQEPara melhorar ainda mais sua opera\u00e7\u00e3o e firmar seu comprometimento com a satisfa\u00e7\u00e3o de seus clientes, a [&hellip;]\" \/>\n<meta property=\"og:url\" content=\"https:\/\/www.exatron.com.br\/en\/qualidade\/\" \/>\n<meta property=\"og:site_name\" content=\"EXATRON\" \/>\n<meta property=\"article:modified_time\" content=\"2026-03-20T15:17:54+00:00\" \/>\n<meta property=\"og:image\" content=\"https:\/\/exatron.com.br\/wp-content\/uploads\/2025\/11\/unnamed-file.png\" \/>\n<meta name=\"twitter:card\" content=\"summary_large_image\" \/>\n<meta name=\"twitter:label1\" content=\"Est. reading time\" \/>\n\t<meta name=\"twitter:data1\" content=\"5 minutes\" \/>\n<script type=\"application\/ld+json\" class=\"yoast-schema-graph\">{\"@context\":\"https:\\\/\\\/schema.org\",\"@graph\":[{\"@type\":\"WebPage\",\"@id\":\"https:\\\/\\\/www.exatron.com.br\\\/qualidade\\\/\",\"url\":\"https:\\\/\\\/www.exatron.com.br\\\/qualidade\\\/\",\"name\":\"Qualidade - EXATRON\",\"isPartOf\":{\"@id\":\"https:\\\/\\\/www.exatron.com.br\\\/#website\"},\"primaryImageOfPage\":{\"@id\":\"https:\\\/\\\/www.exatron.com.br\\\/qualidade\\\/#primaryimage\"},\"image\":{\"@id\":\"https:\\\/\\\/www.exatron.com.br\\\/qualidade\\\/#primaryimage\"},\"thumbnailUrl\":\"https:\\\/\\\/exatron.com.br\\\/wp-content\\\/uploads\\\/2025\\\/11\\\/unnamed-file.png\",\"datePublished\":\"2025-10-16T23:34:19+00:00\",\"dateModified\":\"2026-03-20T15:17:54+00:00\",\"breadcrumb\":{\"@id\":\"https:\\\/\\\/www.exatron.com.br\\\/qualidade\\\/#breadcrumb\"},\"inLanguage\":\"en-US\",\"potentialAction\":[{\"@type\":\"ReadAction\",\"target\":[\"https:\\\/\\\/www.exatron.com.br\\\/qualidade\\\/\"]}]},{\"@type\":\"ImageObject\",\"inLanguage\":\"en-US\",\"@id\":\"https:\\\/\\\/www.exatron.com.br\\\/qualidade\\\/#primaryimage\",\"url\":\"https:\\\/\\\/exatron.com.br\\\/wp-content\\\/uploads\\\/2025\\\/11\\\/unnamed-file.png\",\"contentUrl\":\"https:\\\/\\\/exatron.com.br\\\/wp-content\\\/uploads\\\/2025\\\/11\\\/unnamed-file.png\"},{\"@type\":\"BreadcrumbList\",\"@id\":\"https:\\\/\\\/www.exatron.com.br\\\/qualidade\\\/#breadcrumb\",\"itemListElement\":[{\"@type\":\"ListItem\",\"position\":1,\"name\":\"In\u00edcio\",\"item\":\"https:\\\/\\\/www.exatron.com.br\\\/\"},{\"@type\":\"ListItem\",\"position\":2,\"name\":\"Qualidade\"}]},{\"@type\":\"WebSite\",\"@id\":\"https:\\\/\\\/www.exatron.com.br\\\/#website\",\"url\":\"https:\\\/\\\/www.exatron.com.br\\\/\",\"name\":\"EXATRON\",\"description\":\"\",\"publisher\":{\"@id\":\"https:\\\/\\\/www.exatron.com.br\\\/#organization\"},\"potentialAction\":[{\"@type\":\"SearchAction\",\"target\":{\"@type\":\"EntryPoint\",\"urlTemplate\":\"https:\\\/\\\/www.exatron.com.br\\\/?s={search_term_string}\"},\"query-input\":{\"@type\":\"PropertyValueSpecification\",\"valueRequired\":true,\"valueName\":\"search_term_string\"}}],\"inLanguage\":\"en-US\"},{\"@type\":\"Organization\",\"@id\":\"https:\\\/\\\/www.exatron.com.br\\\/#organization\",\"name\":\"EXATRON\",\"url\":\"https:\\\/\\\/www.exatron.com.br\\\/\",\"logo\":{\"@type\":\"ImageObject\",\"inLanguage\":\"en-US\",\"@id\":\"https:\\\/\\\/www.exatron.com.br\\\/#\\\/schema\\\/logo\\\/image\\\/\",\"url\":\"https:\\\/\\\/www.exatron.com.br\\\/wp-content\\\/uploads\\\/2024\\\/11\\\/default-kit.png\",\"contentUrl\":\"https:\\\/\\\/www.exatron.com.br\\\/wp-content\\\/uploads\\\/2024\\\/11\\\/default-kit.png\",\"width\":956,\"height\":192,\"caption\":\"EXATRON\"},\"image\":{\"@id\":\"https:\\\/\\\/www.exatron.com.br\\\/#\\\/schema\\\/logo\\\/image\\\/\"}}]}<\/script>\n<!-- \/ Yoast SEO plugin. -->","yoast_head_json":{"title":"Qualidade - EXATRON","robots":{"index":"index","follow":"follow","max-snippet":"max-snippet:-1","max-image-preview":"max-image-preview:large","max-video-preview":"max-video-preview:-1"},"canonical":"https:\/\/www.exatron.com.br\/en\/qualidade\/","og_locale":"en_US","og_type":"article","og_title":"Qualidade - EXATRON","og_description":"Qualidade em cada detalhe Nossos processos seguem rigorosos padr\u00f5es de qualidade, garantindo seguran\u00e7a, efici\u00eancia e confiabilidade em cada produto. A excel\u00eancia \u00e9 parte da nossa cultura do desenvolvimento \u00e0 entrega. Home Qualidade Qualidade Sistema da Qualidade Exatron \u2013 SQEPara melhorar ainda mais sua opera\u00e7\u00e3o e firmar seu comprometimento com a satisfa\u00e7\u00e3o de seus clientes, a [&hellip;]","og_url":"https:\/\/www.exatron.com.br\/en\/qualidade\/","og_site_name":"EXATRON","article_modified_time":"2026-03-20T15:17:54+00:00","og_image":[{"url":"https:\/\/exatron.com.br\/wp-content\/uploads\/2025\/11\/unnamed-file.png","type":"","width":"","height":""}],"twitter_card":"summary_large_image","twitter_misc":{"Est. reading time":"5 minutes"},"schema":{"@context":"https:\/\/schema.org","@graph":[{"@type":"WebPage","@id":"https:\/\/www.exatron.com.br\/qualidade\/","url":"https:\/\/www.exatron.com.br\/qualidade\/","name":"Qualidade - EXATRON","isPartOf":{"@id":"https:\/\/www.exatron.com.br\/#website"},"primaryImageOfPage":{"@id":"https:\/\/www.exatron.com.br\/qualidade\/#primaryimage"},"image":{"@id":"https:\/\/www.exatron.com.br\/qualidade\/#primaryimage"},"thumbnailUrl":"https:\/\/exatron.com.br\/wp-content\/uploads\/2025\/11\/unnamed-file.png","datePublished":"2025-10-16T23:34:19+00:00","dateModified":"2026-03-20T15:17:54+00:00","breadcrumb":{"@id":"https:\/\/www.exatron.com.br\/qualidade\/#breadcrumb"},"inLanguage":"en-US","potentialAction":[{"@type":"ReadAction","target":["https:\/\/www.exatron.com.br\/qualidade\/"]}]},{"@type":"ImageObject","inLanguage":"en-US","@id":"https:\/\/www.exatron.com.br\/qualidade\/#primaryimage","url":"https:\/\/exatron.com.br\/wp-content\/uploads\/2025\/11\/unnamed-file.png","contentUrl":"https:\/\/exatron.com.br\/wp-content\/uploads\/2025\/11\/unnamed-file.png"},{"@type":"BreadcrumbList","@id":"https:\/\/www.exatron.com.br\/qualidade\/#breadcrumb","itemListElement":[{"@type":"ListItem","position":1,"name":"In\u00edcio","item":"https:\/\/www.exatron.com.br\/"},{"@type":"ListItem","position":2,"name":"Qualidade"}]},{"@type":"WebSite","@id":"https:\/\/www.exatron.com.br\/#website","url":"https:\/\/www.exatron.com.br\/","name":"EXATRON","description":"","publisher":{"@id":"https:\/\/www.exatron.com.br\/#organization"},"potentialAction":[{"@type":"SearchAction","target":{"@type":"EntryPoint","urlTemplate":"https:\/\/www.exatron.com.br\/?s={search_term_string}"},"query-input":{"@type":"PropertyValueSpecification","valueRequired":true,"valueName":"search_term_string"}}],"inLanguage":"en-US"},{"@type":"Organization","@id":"https:\/\/www.exatron.com.br\/#organization","name":"EXATRON","url":"https:\/\/www.exatron.com.br\/","logo":{"@type":"ImageObject","inLanguage":"en-US","@id":"https:\/\/www.exatron.com.br\/#\/schema\/logo\/image\/","url":"https:\/\/www.exatron.com.br\/wp-content\/uploads\/2024\/11\/default-kit.png","contentUrl":"https:\/\/www.exatron.com.br\/wp-content\/uploads\/2024\/11\/default-kit.png","width":956,"height":192,"caption":"EXATRON"},"image":{"@id":"https:\/\/www.exatron.com.br\/#\/schema\/logo\/image\/"}}]}},"_links":{"self":[{"href":"https:\/\/www.exatron.com.br\/en\/wp-json\/wp\/v2\/pages\/2227","targetHints":{"allow":["GET"]}}],"collection":[{"href":"https:\/\/www.exatron.com.br\/en\/wp-json\/wp\/v2\/pages"}],"about":[{"href":"https:\/\/www.exatron.com.br\/en\/wp-json\/wp\/v2\/types\/page"}],"author":[{"embeddable":true,"href":"https:\/\/www.exatron.com.br\/en\/wp-json\/wp\/v2\/users\/1"}],"replies":[{"embeddable":true,"href":"https:\/\/www.exatron.com.br\/en\/wp-json\/wp\/v2\/comments?post=2227"}],"version-history":[{"count":0,"href":"https:\/\/www.exatron.com.br\/en\/wp-json\/wp\/v2\/pages\/2227\/revisions"}],"wp:attachment":[{"href":"https:\/\/www.exatron.com.br\/en\/wp-json\/wp\/v2\/media?parent=2227"}],"curies":[{"name":"wp","href":"https:\/\/api.w.org\/{rel}","templated":true}]}}