{"id":2229,"date":"2025-10-16T20:34:43","date_gmt":"2025-10-16T23:34:43","guid":{"rendered":"https:\/\/exatron.com.br\/?page_id=2229"},"modified":"2026-03-20T12:19:54","modified_gmt":"2026-03-20T15:19:54","slug":"inovacao","status":"publish","type":"page","link":"https:\/\/www.exatron.com.br\/en\/inovacao\/","title":{"rendered":"Innovation"},"content":{"rendered":"<div data-elementor-type=\"wp-page\" data-elementor-id=\"2229\" class=\"elementor elementor-2229\" data-elementor-post-type=\"page\">\n\t\t\t\t<div class=\"elementor-element elementor-element-6d410ef e-flex e-con-boxed e-con e-parent\" data-id=\"6d410ef\" data-element_type=\"container\" data-e-type=\"container\" data-settings=\"{&quot;background_background&quot;:&quot;classic&quot;}\">\n\t\t\t\t\t<div class=\"e-con-inner\">\n\t\t\t\t<div class=\"elementor-element elementor-element-80076c1 elementor-widget__width-initial elementor-widget elementor-widget-heading\" data-id=\"80076c1\" data-element_type=\"widget\" data-e-type=\"widget\" data-widget_type=\"heading.default\">\n\t\t\t\t<div class=\"elementor-widget-container\">\n\t\t\t\t\t<h1 class=\"elementor-heading-title elementor-size-default\">Innovation that transforms everyday life.<\/h1>\t\t\t\t<\/div>\n\t\t\t\t<\/div>\n\t\t\t\t<div class=\"elementor-element elementor-element-6ee63e1 elementor-widget__width-initial elementor-widget elementor-widget-heading\" data-id=\"6ee63e1\" data-element_type=\"widget\" data-e-type=\"widget\" data-widget_type=\"heading.default\">\n\t\t\t\t<div class=\"elementor-widget-container\">\n\t\t\t\t\t<p class=\"elementor-heading-title elementor-size-default\">At Exatron, innovation means thinking about the future. We develop technological solutions that optimize spaces, save energy, and raise the standard of comfort, safety, and efficiency for homes and businesses.<\/p>\t\t\t\t<\/div>\n\t\t\t\t<\/div>\n\t\t<div class=\"elementor-element elementor-element-9e6fc7b e-con-full e-flex e-con e-child\" data-id=\"9e6fc7b\" data-element_type=\"container\" data-e-type=\"container\">\n\t\t\t\t<div class=\"elementor-element elementor-element-118cbe2 elementor-widget elementor-widget-heading\" data-id=\"118cbe2\" data-element_type=\"widget\" data-e-type=\"widget\" data-widget_type=\"heading.default\">\n\t\t\t\t<div class=\"elementor-widget-container\">\n\t\t\t\t\t<p class=\"elementor-heading-title elementor-size-default\"><a href=\"https:\/\/www.exatron.com.br\/en\/\">Home<\/a><\/p>\t\t\t\t<\/div>\n\t\t\t\t<\/div>\n\t\t\t\t<div class=\"elementor-element elementor-element-28b7d94 elementor-widget elementor-widget-image\" data-id=\"28b7d94\" data-element_type=\"widget\" data-e-type=\"widget\" data-widget_type=\"image.default\">\n\t\t\t\t<div class=\"elementor-widget-container\">\n\t\t\t\t\t\t\t\t\t\t\t\t\t\t\t<img decoding=\"async\" width=\"3\" height=\"30\" src=\"https:\/\/www.exatron.com.br\/wp-content\/uploads\/2025\/11\/unnamed-file.png\" class=\"attachment-large size-large wp-image-8604\" alt=\"Unnamed File\" \/>\t\t\t\t\t\t\t\t\t\t\t\t\t\t\t<\/div>\n\t\t\t\t<\/div>\n\t\t\t\t<div class=\"elementor-element elementor-element-59b77cc elementor-widget elementor-widget-heading\" data-id=\"59b77cc\" data-element_type=\"widget\" data-e-type=\"widget\" data-widget_type=\"heading.default\">\n\t\t\t\t<div class=\"elementor-widget-container\">\n\t\t\t\t\t<p class=\"elementor-heading-title elementor-size-default\"><a href=\"https:\/\/www.exatron.com.br\/en\/inovacao\/\">Innovation<\/a><\/p>\t\t\t\t<\/div>\n\t\t\t\t<\/div>\n\t\t\t\t<\/div>\n\t\t\t\t\t<\/div>\n\t\t\t\t<\/div>\n\t\t<div class=\"elementor-element elementor-element-df9d644 e-flex e-con-boxed e-con e-parent\" data-id=\"df9d644\" data-element_type=\"container\" data-e-type=\"container\">\n\t\t\t\t\t<div class=\"e-con-inner\">\n\t\t\t\t<div class=\"elementor-element elementor-element-23fb8fd elementor-widget elementor-widget-heading\" data-id=\"23fb8fd\" data-element_type=\"widget\" data-e-type=\"widget\" data-widget_type=\"heading.default\">\n\t\t\t\t<div class=\"elementor-widget-container\">\n\t\t\t\t\t<h2 class=\"elementor-heading-title elementor-size-default\">Innovation<\/h2>\t\t\t\t<\/div>\n\t\t\t\t<\/div>\n\t\t\t\t<div class=\"elementor-element elementor-element-d9e21c4 elementor-widget elementor-widget-text-editor\" data-id=\"d9e21c4\" data-element_type=\"widget\" data-e-type=\"widget\" data-widget_type=\"text-editor.default\">\n\t\t\t\t<div class=\"elementor-widget-container\">\n\t\t\t\t\t\t\t\t\t<p>Ideas and innovations focused on products, processes, channels, and solutions for the market \u2013 it was through structuring this process for capturing insights, refinement, prototyping, testing, and execution that Exatron has sustainably achieved its privileged position in the Brazilian market.<\/p><p>Here, innovation management is the responsibility of a talented and fully integrated multidisciplinary team with complementary skills and knowledge, operating collaboratively with ICTs (Institutes of Science and Technology), universities, suppliers, partner companies, and clients, both Brazilian and multinational.\u00a0<\/p><p>A pioneer in Brazil in the manufacture of microcontroller-based presence sensors since 1999, and using exclusive firmware from the beginning, in 2010 Exatron was already working in partnership with DHSM (Design House of the Federal University of Santa Maria-RS) on the ZR16 microcontroller project. In 2019, we reaped even more rewards from our development efforts, patenting the innovative Smart-Xcontrol technology, responsible for communication and programming of products using simply the smartphone&#039;s flashlight function. Following this, we also launched the Myhouse line, cutting-edge home automation with Bluetooth mesh technology.\u00a0<\/p><p>Currently, we have earned the designations of &quot;early adopters,&quot; &quot;betatesters,&quot; and &quot;partner developer&quot; at renowned chip manufacturers, interacting closely in the development of innovative solutions that will be part of the microcontrollers of the future. This partnership with the giants that dictate new technologies allows us &quot;in advance&quot; access to innovations, absorbing them even before their release.\u00a0<\/p><p>This is how Exatron is committed to the systematic pursuit of innovations, improvements, and adaptations to the global market, making it stand out and highly competitive.<\/p><p><strong>Our DNA is innovation; we specialize in transforming ideas into results.<\/strong><br \/><strong>Our motto is &quot;do much more with much less&quot;!<\/strong><\/p>\t\t\t\t\t\t\t\t<\/div>\n\t\t\t\t<\/div>\n\t\t\t\t\t<\/div>\n\t\t\t\t<\/div>\n\t\t\t\t<\/div>","protected":false},"excerpt":{"rendered":"<p>Inova\u00e7\u00e3o que transforma o dia a dia Na Exatron, inovar \u00e9 pensar no futuro. Desenvolvemos solu\u00e7\u00f5es tecnol\u00f3gicas que otimizam espa\u00e7os, economizam energia e elevam o padr\u00e3o de conforto, seguran\u00e7a e efici\u00eancia para resid\u00eancias e empresas. Home Inova\u00e7\u00e3o Inova\u00e7\u00e3o Ideias e inova\u00e7\u00f5es com foco em produtos, processos, canais e solu\u00e7\u00f5es para o mercado, foi estruturando este [&hellip;]<\/p>","protected":false},"author":1,"featured_media":0,"parent":0,"menu_order":0,"comment_status":"closed","ping_status":"closed","template":"","meta":{"_acf_changed":false,"_joinchat":[],"footnotes":""},"class_list":["post-2229","page","type-page","status-publish","hentry"],"acf":[],"yoast_head":"<!-- This site is optimized with the Yoast SEO plugin v27.3 - https:\/\/yoast.com\/product\/yoast-seo-wordpress\/ -->\n<title>Inova\u00e7\u00e3o - EXATRON<\/title>\n<meta name=\"robots\" content=\"index, follow, max-snippet:-1, max-image-preview:large, max-video-preview:-1\" \/>\n<link rel=\"canonical\" href=\"https:\/\/www.exatron.com.br\/en\/inovacao\/\" \/>\n<meta property=\"og:locale\" content=\"en_US\" \/>\n<meta property=\"og:type\" content=\"article\" \/>\n<meta property=\"og:title\" content=\"Inova\u00e7\u00e3o - EXATRON\" \/>\n<meta property=\"og:description\" content=\"Inova\u00e7\u00e3o que transforma o dia a dia Na Exatron, inovar \u00e9 pensar no futuro. Desenvolvemos solu\u00e7\u00f5es tecnol\u00f3gicas que otimizam espa\u00e7os, economizam energia e elevam o padr\u00e3o de conforto, seguran\u00e7a e efici\u00eancia para resid\u00eancias e empresas. Home Inova\u00e7\u00e3o Inova\u00e7\u00e3o Ideias e inova\u00e7\u00f5es com foco em produtos, processos, canais e solu\u00e7\u00f5es para o mercado, foi estruturando este [&hellip;]\" \/>\n<meta property=\"og:url\" content=\"https:\/\/www.exatron.com.br\/en\/inovacao\/\" \/>\n<meta property=\"og:site_name\" content=\"EXATRON\" \/>\n<meta property=\"article:modified_time\" content=\"2026-03-20T15:19:54+00:00\" \/>\n<meta property=\"og:image\" content=\"https:\/\/exatron.com.br\/wp-content\/uploads\/2025\/11\/unnamed-file.png\" \/>\n<meta name=\"twitter:card\" content=\"summary_large_image\" \/>\n<meta name=\"twitter:label1\" content=\"Est. reading time\" \/>\n\t<meta name=\"twitter:data1\" content=\"2 minutes\" \/>\n<script type=\"application\/ld+json\" class=\"yoast-schema-graph\">{\"@context\":\"https:\\\/\\\/schema.org\",\"@graph\":[{\"@type\":\"WebPage\",\"@id\":\"https:\\\/\\\/www.exatron.com.br\\\/inovacao\\\/\",\"url\":\"https:\\\/\\\/www.exatron.com.br\\\/inovacao\\\/\",\"name\":\"Inova\u00e7\u00e3o - EXATRON\",\"isPartOf\":{\"@id\":\"https:\\\/\\\/www.exatron.com.br\\\/#website\"},\"primaryImageOfPage\":{\"@id\":\"https:\\\/\\\/www.exatron.com.br\\\/inovacao\\\/#primaryimage\"},\"image\":{\"@id\":\"https:\\\/\\\/www.exatron.com.br\\\/inovacao\\\/#primaryimage\"},\"thumbnailUrl\":\"https:\\\/\\\/exatron.com.br\\\/wp-content\\\/uploads\\\/2025\\\/11\\\/unnamed-file.png\",\"datePublished\":\"2025-10-16T23:34:43+00:00\",\"dateModified\":\"2026-03-20T15:19:54+00:00\",\"breadcrumb\":{\"@id\":\"https:\\\/\\\/www.exatron.com.br\\\/inovacao\\\/#breadcrumb\"},\"inLanguage\":\"en-US\",\"potentialAction\":[{\"@type\":\"ReadAction\",\"target\":[\"https:\\\/\\\/www.exatron.com.br\\\/inovacao\\\/\"]}]},{\"@type\":\"ImageObject\",\"inLanguage\":\"en-US\",\"@id\":\"https:\\\/\\\/www.exatron.com.br\\\/inovacao\\\/#primaryimage\",\"url\":\"https:\\\/\\\/exatron.com.br\\\/wp-content\\\/uploads\\\/2025\\\/11\\\/unnamed-file.png\",\"contentUrl\":\"https:\\\/\\\/exatron.com.br\\\/wp-content\\\/uploads\\\/2025\\\/11\\\/unnamed-file.png\"},{\"@type\":\"BreadcrumbList\",\"@id\":\"https:\\\/\\\/www.exatron.com.br\\\/inovacao\\\/#breadcrumb\",\"itemListElement\":[{\"@type\":\"ListItem\",\"position\":1,\"name\":\"In\u00edcio\",\"item\":\"https:\\\/\\\/www.exatron.com.br\\\/\"},{\"@type\":\"ListItem\",\"position\":2,\"name\":\"Inova\u00e7\u00e3o\"}]},{\"@type\":\"WebSite\",\"@id\":\"https:\\\/\\\/www.exatron.com.br\\\/#website\",\"url\":\"https:\\\/\\\/www.exatron.com.br\\\/\",\"name\":\"EXATRON\",\"description\":\"\",\"publisher\":{\"@id\":\"https:\\\/\\\/www.exatron.com.br\\\/#organization\"},\"potentialAction\":[{\"@type\":\"SearchAction\",\"target\":{\"@type\":\"EntryPoint\",\"urlTemplate\":\"https:\\\/\\\/www.exatron.com.br\\\/?s={search_term_string}\"},\"query-input\":{\"@type\":\"PropertyValueSpecification\",\"valueRequired\":true,\"valueName\":\"search_term_string\"}}],\"inLanguage\":\"en-US\"},{\"@type\":\"Organization\",\"@id\":\"https:\\\/\\\/www.exatron.com.br\\\/#organization\",\"name\":\"EXATRON\",\"url\":\"https:\\\/\\\/www.exatron.com.br\\\/\",\"logo\":{\"@type\":\"ImageObject\",\"inLanguage\":\"en-US\",\"@id\":\"https:\\\/\\\/www.exatron.com.br\\\/#\\\/schema\\\/logo\\\/image\\\/\",\"url\":\"https:\\\/\\\/www.exatron.com.br\\\/wp-content\\\/uploads\\\/2024\\\/11\\\/default-kit.png\",\"contentUrl\":\"https:\\\/\\\/www.exatron.com.br\\\/wp-content\\\/uploads\\\/2024\\\/11\\\/default-kit.png\",\"width\":956,\"height\":192,\"caption\":\"EXATRON\"},\"image\":{\"@id\":\"https:\\\/\\\/www.exatron.com.br\\\/#\\\/schema\\\/logo\\\/image\\\/\"}}]}<\/script>\n<!-- \/ Yoast SEO plugin. -->","yoast_head_json":{"title":"Inova\u00e7\u00e3o - EXATRON","robots":{"index":"index","follow":"follow","max-snippet":"max-snippet:-1","max-image-preview":"max-image-preview:large","max-video-preview":"max-video-preview:-1"},"canonical":"https:\/\/www.exatron.com.br\/en\/inovacao\/","og_locale":"en_US","og_type":"article","og_title":"Inova\u00e7\u00e3o - EXATRON","og_description":"Inova\u00e7\u00e3o que transforma o dia a dia Na Exatron, inovar \u00e9 pensar no futuro. Desenvolvemos solu\u00e7\u00f5es tecnol\u00f3gicas que otimizam espa\u00e7os, economizam energia e elevam o padr\u00e3o de conforto, seguran\u00e7a e efici\u00eancia para resid\u00eancias e empresas. Home Inova\u00e7\u00e3o Inova\u00e7\u00e3o Ideias e inova\u00e7\u00f5es com foco em produtos, processos, canais e solu\u00e7\u00f5es para o mercado, foi estruturando este [&hellip;]","og_url":"https:\/\/www.exatron.com.br\/en\/inovacao\/","og_site_name":"EXATRON","article_modified_time":"2026-03-20T15:19:54+00:00","og_image":[{"url":"https:\/\/exatron.com.br\/wp-content\/uploads\/2025\/11\/unnamed-file.png","type":"","width":"","height":""}],"twitter_card":"summary_large_image","twitter_misc":{"Est. reading time":"2 minutes"},"schema":{"@context":"https:\/\/schema.org","@graph":[{"@type":"WebPage","@id":"https:\/\/www.exatron.com.br\/inovacao\/","url":"https:\/\/www.exatron.com.br\/inovacao\/","name":"Inova\u00e7\u00e3o - EXATRON","isPartOf":{"@id":"https:\/\/www.exatron.com.br\/#website"},"primaryImageOfPage":{"@id":"https:\/\/www.exatron.com.br\/inovacao\/#primaryimage"},"image":{"@id":"https:\/\/www.exatron.com.br\/inovacao\/#primaryimage"},"thumbnailUrl":"https:\/\/exatron.com.br\/wp-content\/uploads\/2025\/11\/unnamed-file.png","datePublished":"2025-10-16T23:34:43+00:00","dateModified":"2026-03-20T15:19:54+00:00","breadcrumb":{"@id":"https:\/\/www.exatron.com.br\/inovacao\/#breadcrumb"},"inLanguage":"en-US","potentialAction":[{"@type":"ReadAction","target":["https:\/\/www.exatron.com.br\/inovacao\/"]}]},{"@type":"ImageObject","inLanguage":"en-US","@id":"https:\/\/www.exatron.com.br\/inovacao\/#primaryimage","url":"https:\/\/exatron.com.br\/wp-content\/uploads\/2025\/11\/unnamed-file.png","contentUrl":"https:\/\/exatron.com.br\/wp-content\/uploads\/2025\/11\/unnamed-file.png"},{"@type":"BreadcrumbList","@id":"https:\/\/www.exatron.com.br\/inovacao\/#breadcrumb","itemListElement":[{"@type":"ListItem","position":1,"name":"In\u00edcio","item":"https:\/\/www.exatron.com.br\/"},{"@type":"ListItem","position":2,"name":"Inova\u00e7\u00e3o"}]},{"@type":"WebSite","@id":"https:\/\/www.exatron.com.br\/#website","url":"https:\/\/www.exatron.com.br\/","name":"EXATRON","description":"","publisher":{"@id":"https:\/\/www.exatron.com.br\/#organization"},"potentialAction":[{"@type":"SearchAction","target":{"@type":"EntryPoint","urlTemplate":"https:\/\/www.exatron.com.br\/?s={search_term_string}"},"query-input":{"@type":"PropertyValueSpecification","valueRequired":true,"valueName":"search_term_string"}}],"inLanguage":"en-US"},{"@type":"Organization","@id":"https:\/\/www.exatron.com.br\/#organization","name":"EXATRON","url":"https:\/\/www.exatron.com.br\/","logo":{"@type":"ImageObject","inLanguage":"en-US","@id":"https:\/\/www.exatron.com.br\/#\/schema\/logo\/image\/","url":"https:\/\/www.exatron.com.br\/wp-content\/uploads\/2024\/11\/default-kit.png","contentUrl":"https:\/\/www.exatron.com.br\/wp-content\/uploads\/2024\/11\/default-kit.png","width":956,"height":192,"caption":"EXATRON"},"image":{"@id":"https:\/\/www.exatron.com.br\/#\/schema\/logo\/image\/"}}]}},"_links":{"self":[{"href":"https:\/\/www.exatron.com.br\/en\/wp-json\/wp\/v2\/pages\/2229","targetHints":{"allow":["GET"]}}],"collection":[{"href":"https:\/\/www.exatron.com.br\/en\/wp-json\/wp\/v2\/pages"}],"about":[{"href":"https:\/\/www.exatron.com.br\/en\/wp-json\/wp\/v2\/types\/page"}],"author":[{"embeddable":true,"href":"https:\/\/www.exatron.com.br\/en\/wp-json\/wp\/v2\/users\/1"}],"replies":[{"embeddable":true,"href":"https:\/\/www.exatron.com.br\/en\/wp-json\/wp\/v2\/comments?post=2229"}],"version-history":[{"count":0,"href":"https:\/\/www.exatron.com.br\/en\/wp-json\/wp\/v2\/pages\/2229\/revisions"}],"wp:attachment":[{"href":"https:\/\/www.exatron.com.br\/en\/wp-json\/wp\/v2\/media?parent=2229"}],"curies":[{"name":"wp","href":"https:\/\/api.w.org\/{rel}","templated":true}]}}