{"id":3,"date":"2024-11-22T18:07:39","date_gmt":"2024-11-22T18:07:39","guid":{"rendered":"https:\/\/exatron.com.br\/?page_id=3"},"modified":"2026-01-27T15:04:24","modified_gmt":"2026-01-27T18:04:24","slug":"politica-de-privacidade","status":"publish","type":"page","link":"https:\/\/www.exatron.com.br\/en\/politica-de-privacidade\/","title":{"rendered":"Privacy Policy"},"content":{"rendered":"<div data-elementor-type=\"wp-page\" data-elementor-id=\"3\" class=\"elementor elementor-3\" data-elementor-post-type=\"page\">\n\t\t\t\t<div class=\"elementor-element elementor-element-a5ff450 e-flex e-con-boxed e-con e-parent\" data-id=\"a5ff450\" data-element_type=\"container\" data-e-type=\"container\" data-settings=\"{&quot;background_background&quot;:&quot;classic&quot;}\">\n\t\t\t\t\t<div class=\"e-con-inner\">\n\t\t\t\t<div class=\"elementor-element elementor-element-86157b1 elementor-widget__width-initial elementor-widget elementor-widget-heading\" data-id=\"86157b1\" data-element_type=\"widget\" data-e-type=\"widget\" data-widget_type=\"heading.default\">\n\t\t\t\t<div class=\"elementor-widget-container\">\n\t\t\t\t\t<h1 class=\"elementor-heading-title elementor-size-default\">Sua privacidade \u00e9 prioridade para n\u00f3s<\/h1>\t\t\t\t<\/div>\n\t\t\t\t<\/div>\n\t\t\t\t<div class=\"elementor-element elementor-element-fd2b6da elementor-widget__width-initial elementor-widget elementor-widget-heading\" data-id=\"fd2b6da\" data-element_type=\"widget\" data-e-type=\"widget\" data-widget_type=\"heading.default\">\n\t\t\t\t<div class=\"elementor-widget-container\">\n\t\t\t\t\t<p class=\"elementor-heading-title elementor-size-default\">A Exatron respeita e protege os dados dos seus clientes, parceiros e visitantes. Nesta p\u00e1gina, voc\u00ea encontra informa\u00e7\u00f5es claras sobre como coletamos, usamos e armazenamos seus dados, de acordo com as normas vigentes.<\/p>\t\t\t\t<\/div>\n\t\t\t\t<\/div>\n\t\t<div class=\"elementor-element elementor-element-f3207ed e-con-full e-flex e-con e-child\" data-id=\"f3207ed\" data-element_type=\"container\" data-e-type=\"container\">\n\t\t\t\t<div class=\"elementor-element elementor-element-00b5b3d elementor-widget elementor-widget-heading\" data-id=\"00b5b3d\" data-element_type=\"widget\" data-e-type=\"widget\" data-widget_type=\"heading.default\">\n\t\t\t\t<div class=\"elementor-widget-container\">\n\t\t\t\t\t<p class=\"elementor-heading-title elementor-size-default\"><a href=\"https:\/\/www.exatron.com.br\/en\/\">Home<\/a><\/p>\t\t\t\t<\/div>\n\t\t\t\t<\/div>\n\t\t\t\t<div class=\"elementor-element elementor-element-66d8312 elementor-widget elementor-widget-image\" data-id=\"66d8312\" data-element_type=\"widget\" data-e-type=\"widget\" data-widget_type=\"image.default\">\n\t\t\t\t<div class=\"elementor-widget-container\">\n\t\t\t\t\t\t\t\t\t\t\t\t\t\t\t<img decoding=\"async\" width=\"3\" height=\"30\" src=\"https:\/\/exatron.com.br\/wp-content\/uploads\/2025\/11\/unnamed-file.png\" class=\"attachment-large size-large wp-image-8604\" alt=\"Unnamed File\" \/>\t\t\t\t\t\t\t\t\t\t\t\t\t\t\t<\/div>\n\t\t\t\t<\/div>\n\t\t\t\t<div class=\"elementor-element elementor-element-0507b6c elementor-widget elementor-widget-heading\" data-id=\"0507b6c\" data-element_type=\"widget\" data-e-type=\"widget\" data-widget_type=\"heading.default\">\n\t\t\t\t<div class=\"elementor-widget-container\">\n\t\t\t\t\t<p class=\"elementor-heading-title elementor-size-default\"><a href=\"https:\/\/www.exatron.com.br\/en\/politica-de-privacidade\/\">Pol\u00edtica de privacidade<\/a><\/p>\t\t\t\t<\/div>\n\t\t\t\t<\/div>\n\t\t\t\t<\/div>\n\t\t\t\t\t<\/div>\n\t\t\t\t<\/div>\n\t\t<div class=\"elementor-element elementor-element-3a5055bb e-flex e-con-boxed e-con e-parent\" data-id=\"3a5055bb\" data-element_type=\"container\" data-e-type=\"container\">\n\t\t\t\t\t<div class=\"e-con-inner\">\n\t\t\t\t<div class=\"elementor-element elementor-element-4117e644 elementor-widget elementor-widget-text-editor\" data-id=\"4117e644\" data-element_type=\"widget\" data-e-type=\"widget\" data-widget_type=\"text-editor.default\">\n\t\t\t\t<div class=\"elementor-widget-container\">\n\t\t\t\t\t\t\t\t\t<p><strong>1. POL\u00cdTICA DE PRIVACIDADE:<\/strong><\/p><p>Esta p\u00e1gina apresenta a pol\u00edtica de privacidade de nossos sites e servi\u00e7os, descrevendo os tipos de informa\u00e7\u00f5es pessoais que podem ser coletadas em nossos sistemas e como estas ser\u00e3o utilizadas para melhor prestar os nossos servi\u00e7os. Os dados coletados durante a sua utiliza\u00e7\u00e3o s\u00e3o aqueles estritamente necess\u00e1rios para as finalidades \u00e0s quais se destinam e n\u00e3o ser\u00e3o alugados, vendidos ou compartilhados em nenhuma circunst\u00e2ncia sem a sua autoriza\u00e7\u00e3o expressa.<\/p><p><strong>1.1 DIREITOS DO USU\u00c1RIO:<\/strong><\/p><p>A Exatron se compromete a cumprir com todas as normas e princ\u00edpios previstos na Lei Geral de Prote\u00e7\u00e3o de Dados, garantindo ao usu\u00e1rio:<\/p><ol><li>O Direito de Confirma\u00e7\u00e3o e Acesso: O usu\u00e1rio tem o direito de obter do site a confirma\u00e7\u00e3o de que seus dados pessoais est\u00e3o ou n\u00e3o sendo objeto de tratamento e o direito de acessar esses dados pessoais.<\/li><li>O Direito de Retifica\u00e7\u00e3o e Corre\u00e7\u00e3o dos Dados: O usu\u00e1rio pode solicitar a retifica\u00e7\u00e3o de dados pessoais inexatos que lhe digam respeito.<\/li><li>O Direito \u00e0 Elimina\u00e7\u00e3o e Bloqueio: O usu\u00e1rio pode requerer a elimina\u00e7\u00e3o dos dados pessoais armazenados no site.<\/li><li>O Direito \u00e0 Restri\u00e7\u00e3o do Tratamento dos Dados: O usu\u00e1rio tem o direito de limitar o tratamento de seus dados pessoais apenas ao necess\u00e1rio.<\/li><li>Direito de Oposi\u00e7\u00e3o: O usu\u00e1rio pode se opor, por motivos relacionados com sua situa\u00e7\u00e3o particular, ao tratamento dos dados pessoais que lhe digam respeito.<\/li><li>Direito de Portabilidade dos Dados: O usu\u00e1rio tem o direito de receber os dados pessoais que lhe digam respeito e que tenham fornecido ao aplicativo, em um formato estruturado, de uso corrente e de leitura autom\u00e1tica, e o direito de transmitir esses dados a outro aplicativo.<\/li><li>Direito de Revoga\u00e7\u00e3o do Consentimento.<\/li><\/ol><p>\u00a0<\/p><p><strong>2. SOBRE DADOS E SEGURAN\u00c7A:<\/strong><\/p><p>Dado pessoal pode ser definido como qualquer dado relacionado \u00e0 pessoa natural identificada ou identific\u00e1vel, como, por exemplo: geolocaliza\u00e7\u00e3o, nome, CPF, endere\u00e7os, RG, telefone, sexo, entre outros. Todas as informa\u00e7\u00f5es que coletamos s\u00e3o armazenadas em ambientes operacionais seguros, que utilizam diversas ferramentas e t\u00e9cnicas para prover a m\u00e1xima seguran\u00e7a, n\u00e3o estando dispon\u00edveis ao acesso p\u00fablico. Nossa equipe \u00e9 altamente treinada e est\u00e1 capacitada a manter e defender a sua privacidade e seguran\u00e7a.<\/p><p>\u00a0<\/p><p><strong>3. SEUS DADOS PESSOAIS E COMO OS UTILIZAMOS:<\/strong><\/p><p>Utilizaremos os dados fornecidos pelo usu\u00e1rio com o acordo do termo de servi\u00e7o apenas para uso no \u201cServi\u00e7o\u201d solicitado.<\/p><p><strong>3.1 Sites:<\/strong><\/p><p>O uso dos dados pode incluir endere\u00e7o IP, o ID da sess\u00e3o, as p\u00e1ginas acessadas pelo usu\u00e1rio, as datas e hor\u00e1rios de acesso armazenados em cookies e logs. Todos os dados s\u00e3o tratados apenas para uma melhor experi\u00eancia do usu\u00e1rio na navega\u00e7\u00e3o.<\/p><p><strong>3.1.1 SOBRE COOKIES:<\/strong><\/p><p>Um cookie \u00e9 um pequeno arquivo de dados que \u00e9 enviado para o seu computador quando voc\u00ea visita um website. Assim como ocorre em outros websites atuais, nossos cookies operam com o objetivo de otimizar a sua experi\u00eancia de navega\u00e7\u00e3o e incluem um n\u00famero de identifica\u00e7\u00e3o exclusivo para o computador que voc\u00ea est\u00e1 usando. Este identificador nos ajuda a compreender melhor nossa base de usu\u00e1rios e como eles est\u00e3o usando o nosso site e servi\u00e7os. Voc\u00ea, como usu\u00e1rio visitante, possui a alternativa de configurar seu navegador para ser avisado sobre a recep\u00e7\u00e3o dos cookies e impedir sua instala\u00e7\u00e3o no disco r\u00edgido. As informa\u00e7\u00f5es pertinentes a essas configura\u00e7\u00f5es est\u00e3o dispon\u00edveis em instru\u00e7\u00f5es e manuais do pr\u00f3prio navegador. Entretanto, algumas caracter\u00edsticas deste site podem ser limitadas em caso de bloqueio de cookies. O website utilizar\u00e1 as informa\u00e7\u00f5es obtidas por meio dos cookies para analisar as p\u00e1ginas navegadas pelo usu\u00e1rio e suas pesquisas, bem como para melhorar as iniciativas comerciais e promocionais, apresentar publicidade ou promo\u00e7\u00f5es, banners de maior interesse, not\u00edcias sobre a nossa empresa e aperfei\u00e7oar as ofertas de nossos conte\u00fados, bens e servi\u00e7os.<\/p><p><strong>3.1.2 SOBRE PIXELS DE CONTROLE OU WEB BEACONS:<\/strong><\/p><p>Um pixel de controle \u00e9 uma imagem eletr\u00f4nica, web beacon, pixel transparente ou ainda single-pixel (1&#215;1) com finalidades similares aos cookies. Adicionalmente, um pixel de controle \u00e9 utilizado para medir padr\u00f5es de tr\u00e1fego dos usu\u00e1rios quando navegam entre p\u00e1ginas, com o objetivo de maximizar o fluxo de tr\u00e1fego atrav\u00e9s da web. Este website utiliza esse recurso para nos capacitar a melhorar a experi\u00eancia de nossos visitantes.<\/p><p><strong>3.1.3 SOBRE OS LOGS:<\/strong><\/p><p>Como implementa\u00e7\u00e3o de seguran\u00e7a, as atividades realizadas pelos usu\u00e1rios deste site s\u00e3o registradas por meio de logs que informam o endere\u00e7o IP, o ID da sess\u00e3o, as p\u00e1ginas acessadas pelo usu\u00e1rio, as datas e hor\u00e1rios de acesso.<\/p><p><strong>3.2 LOJA ONLINE:<\/strong><\/p><p>Com base no Art. 7\u00ba, V da LGPD, o tratamento se deve apenas \u00e0 execu\u00e7\u00e3o de contrato. Pode incluir dados pessoais como CPF, nome completo, endere\u00e7o completo, telefone e e-mail. O fim para o tratamento dos dados \u00e9 estritamente para a gera\u00e7\u00e3o de nota fiscal de venda de produto e envio do mesmo ao cliente. N\u00e3o ser\u00e1 utilizado para outro fim, sob nenhuma hip\u00f3tese.<\/p><p><strong>3.3 FALE CONOSCO:<\/strong><\/p><p>Ao entrar na nossa se\u00e7\u00e3o de \u201cFale Conosco\u201d, podem ser solicitadas uma s\u00e9rie de informa\u00e7\u00f5es pessoais condizentes com o servi\u00e7o selecionado e necess\u00e1rio para o fim ao qual o mesmo se destina. Toda a informa\u00e7\u00e3o inserida \u00e9 considerada confidencial e ser\u00e1 tratada apenas para a finalidade a que se aplica.<\/p><p><strong>3.3.1 CONTATO:<\/strong><\/p><p>As informa\u00e7\u00f5es inseridas no formul\u00e1rio de Contato ser\u00e3o unicamente utilizadas para o fim espec\u00edfico de comunica\u00e7\u00e3o entre as partes. Os dados enviados s\u00e3o de uso exclusivo para a EXATRON e n\u00e3o ser\u00e3o compartilhados sob nenhuma hip\u00f3tese. N\u00e3o h\u00e1 necessidade de inser\u00e7\u00e3o de qualquer dado pessoal fora do solicitado nos campos presentes no formul\u00e1rio. Dados excessivos ser\u00e3o anonimizados.<\/p><p><strong>3.3.2 TRABALHE CONOSCO:<\/strong><\/p><p>As informa\u00e7\u00f5es inseridas no formul\u00e1rio Trabalhe Conosco s\u00e3o enviadas diretamente ao setor de RH da Exatron e utilizadas unicamente para prospec\u00e7\u00e3o de talentos. Os dados s\u00e3o armazenados em ambiente seguro e, sob nenhuma hip\u00f3tese, compartilhados com terceiros. N\u00e3o h\u00e1 necessidade de inser\u00e7\u00e3o de qualquer dado pessoal fora do solicitado nos campos presentes no formul\u00e1rio. N\u00e3o se deve inserir nos campos do formul\u00e1rio qualquer tipo de dados pessoais sens\u00edveis, como orienta\u00e7\u00e3o religiosa, sexual, pol\u00edtica ou ra\u00e7a. Em processo pr\u00e9-contratual, a empresa n\u00e3o ir\u00e1 coletar nenhum dado al\u00e9m do necess\u00e1rio para compor o processo seletivo. J\u00e1 em fase contratual, a empresa necessitar\u00e1 coletar dados que possibilitem o cumprimento de obriga\u00e7\u00f5es regulat\u00f3rias, al\u00e9m de outras, como para o caso de fornecimento de servi\u00e7os m\u00e9dicos, etc. Dados excessivos ser\u00e3o anonimizados.<\/p><p><strong>3.4 NEWSLETTER:<\/strong><\/p><p>A partir do momento em que for feita a inscri\u00e7\u00e3o para a newsletter, com o usu\u00e1rio inserindo informa\u00e7\u00f5es pessoais para tal, este poder\u00e1 ser o destinat\u00e1rio de alguma divulga\u00e7\u00e3o. Na eventualidade de isso acontecer, o usu\u00e1rio ter\u00e1 a oportunidade de optar por n\u00e3o mais receb\u00ea-la. N\u00e3o ser\u00e3o enviadas comunica\u00e7\u00f5es n\u00e3o solicitadas a respeito de ofertas comerciais ou an\u00fancios se voc\u00ea tiver optado por n\u00e3o mais receber esse tipo de informa\u00e7\u00e3o.<\/p><p>\u00a0<\/p><p><strong>4. PRAZO DE CONSERVA\u00c7\u00c3O DOS DADOS PESSOAIS:<\/strong><\/p><p>Os eventuais dados coletados atrav\u00e9s do site, como nome completo, CPF, endere\u00e7o, telefone, cedidos com o acordo do cliente, ser\u00e3o mantidos por um prazo de 5 (cinco) anos a partir da coleta, podendo ficar armazenados por um per\u00edodo de 10 (dez) anos.<\/p><p>\u00a0<\/p><p><strong>5. CONFIDENCIALIDADE:<\/strong><\/p><p>As informa\u00e7\u00f5es pessoais inseridas nos servi\u00e7os descritos e que por eles trafegam s\u00e3o consideradas confidenciais, n\u00e3o podendo ser reveladas a terceiros, ressalvados os casos de ordem e\/ou pedido e\/ou determina\u00e7\u00e3o judicial. Nenhum dado, sob qualquer hip\u00f3tese, ser\u00e1 objeto de transfer\u00eancia internacional.<\/p><p>\u00a0<\/p><p><strong>6. SOBRE LINKS EXTERNOS E SERVI\u00c7OS EXTERNOS:<\/strong><\/p><p>Os servi\u00e7os descritos podem conter links para outros sites, servi\u00e7os e portais controlados por terceiros, e as pr\u00e1ticas de privacidade e seguran\u00e7a destes n\u00e3o est\u00e3o abrangidas por esta pol\u00edtica de privacidade.<\/p><p><strong>6.1 GOOGLE ANALYTICS:<\/strong><\/p><p>Utilizamos o servi\u00e7o disponibilizado pelo Google como forma de visualiza\u00e7\u00e3o de uso do site, em forma de relat\u00f3rios. A pol\u00edtica de privacidade do sistema est\u00e1 dispon\u00edvel em\u00a0<a href=\"https:\/\/policies.google.com\/privacy\">https:\/\/policies.google.com\/privacy<\/a><\/p><p><strong>6.2 PAGSEGURO:<\/strong><\/p><p>\u00c9 utilizado por nossa loja o sistema do PAGSEGURO INTERNET S\/A como forma de gateway de pagamento. A pol\u00edtica de privacidade do sistema est\u00e1 dispon\u00edvel em\u00a0<a href=\"https:\/\/sobreuol.noticias.uol.com.br\/normas-de-seguranca-e-privacidade.html\">https:\/\/sobreuol.noticias.uol.com.br\/normas-de-seguranca-e-privacidade.html<\/a><\/p><p><strong>6.3 WHATSAPP:<\/strong><\/p><p>Disponibilizamos no site um contato direto via a ferramenta WhatsApp. Utilizamos as informa\u00e7\u00f5es ali inseridas apenas para o fim a que se referem, n\u00e3o sendo de forma alguma compartilhadas com terceiros. A utiliza\u00e7\u00e3o do servi\u00e7o tamb\u00e9m est\u00e1 condicionada ao aceite dos termos de uso da ferramenta:\u00a0<a href=\"https:\/\/www.whatsapp.com\/legal\/updates\/privacy-policy\">https:\/\/www.whatsapp.com\/legal\/updates\/privacy-policy<\/a><\/p><p>\u00a0<\/p><p><strong>7. A EMPRESA:<\/strong><\/p><p>A empresa EXATRON IND\u00daSTRIA ELETR\u00d4NICA LTDA, com endere\u00e7o na Rua Engenheiro Homero Carlos Simon, N\u00ba 1089, Bairro Guajuviras, Canoas\/RS, com CNPJ n\u00ba 90.191.529\/0001-22, se prontifica a esclarecer qualquer informa\u00e7\u00e3o ou d\u00favida presente nesta pol\u00edtica de privacidade.\u00a0<\/p><p>Na Exatron, estamos comprometidos com a prote\u00e7\u00e3o e privacidade dos seus dados pessoais, conforme estabelecido pela Lei Geral de Prote\u00e7\u00e3o de Dados (LGPD). Caso voc\u00ea tenha d\u00favidas, preocupa\u00e7\u00f5es ou precise de mais informa\u00e7\u00f5es sobre como tratamos seus dados, entre em contato com DPO Jonathan Haubert pelo e-mail:\u00a0<a href=\"mailto:dpo@exatron.com.br\">dpo@exatron.com.br<\/a>.<\/p><p>\u00a0<\/p><p><strong>Vers\u00e3o 1.4<\/strong><\/p>\t\t\t\t\t\t\t\t<\/div>\n\t\t\t\t<\/div>\n\t\t\t\t\t<\/div>\n\t\t\t\t<\/div>\n\t\t\t\t<\/div>","protected":false},"excerpt":{"rendered":"<p>Sua privacidade \u00e9 prioridade para n\u00f3s A Exatron respeita e protege os dados dos seus clientes, parceiros e visitantes. Nesta p\u00e1gina, voc\u00ea encontra informa\u00e7\u00f5es claras sobre como coletamos, usamos e armazenamos seus dados, de acordo com as normas vigentes. Home Pol\u00edtica de privacidade 1. POL\u00cdTICA DE PRIVACIDADE: Esta p\u00e1gina apresenta a pol\u00edtica de privacidade de [&hellip;]<\/p>","protected":false},"author":1,"featured_media":0,"parent":0,"menu_order":0,"comment_status":"closed","ping_status":"closed","template":"","meta":{"_acf_changed":false,"_joinchat":[],"footnotes":""},"class_list":["post-3","page","type-page","status-publish","hentry"],"acf":[],"yoast_head":"<!-- This site is optimized with the Yoast SEO plugin v27.3 - https:\/\/yoast.com\/product\/yoast-seo-wordpress\/ -->\n<title>Pol\u00edtica de Privacidade - EXATRON<\/title>\n<meta name=\"robots\" content=\"index, follow, max-snippet:-1, max-image-preview:large, max-video-preview:-1\" \/>\n<link rel=\"canonical\" href=\"https:\/\/www.exatron.com.br\/en\/politica-de-privacidade\/\" \/>\n<meta property=\"og:locale\" content=\"en_US\" \/>\n<meta property=\"og:type\" content=\"article\" \/>\n<meta property=\"og:title\" content=\"Pol\u00edtica de Privacidade - EXATRON\" \/>\n<meta property=\"og:description\" content=\"Sua privacidade \u00e9 prioridade para n\u00f3s A Exatron respeita e protege os dados dos seus clientes, parceiros e visitantes. Nesta p\u00e1gina, voc\u00ea encontra informa\u00e7\u00f5es claras sobre como coletamos, usamos e armazenamos seus dados, de acordo com as normas vigentes. Home Pol\u00edtica de privacidade 1. POL\u00cdTICA DE PRIVACIDADE: Esta p\u00e1gina apresenta a pol\u00edtica de privacidade de [&hellip;]\" \/>\n<meta property=\"og:url\" content=\"https:\/\/www.exatron.com.br\/en\/politica-de-privacidade\/\" \/>\n<meta property=\"og:site_name\" content=\"EXATRON\" \/>\n<meta property=\"article:modified_time\" content=\"2026-01-27T18:04:24+00:00\" \/>\n<meta property=\"og:image\" content=\"https:\/\/exatron.com.br\/wp-content\/uploads\/2025\/11\/unnamed-file.png\" \/>\n<meta name=\"twitter:card\" content=\"summary_large_image\" \/>\n<meta name=\"twitter:label1\" content=\"Est. reading time\" \/>\n\t<meta name=\"twitter:data1\" content=\"9 minutes\" \/>\n<script type=\"application\/ld+json\" class=\"yoast-schema-graph\">{\"@context\":\"https:\\\/\\\/schema.org\",\"@graph\":[{\"@type\":\"WebPage\",\"@id\":\"https:\\\/\\\/www.exatron.com.br\\\/politica-de-privacidade\\\/\",\"url\":\"https:\\\/\\\/www.exatron.com.br\\\/politica-de-privacidade\\\/\",\"name\":\"Pol\u00edtica de Privacidade - EXATRON\",\"isPartOf\":{\"@id\":\"https:\\\/\\\/www.exatron.com.br\\\/#website\"},\"primaryImageOfPage\":{\"@id\":\"https:\\\/\\\/www.exatron.com.br\\\/politica-de-privacidade\\\/#primaryimage\"},\"image\":{\"@id\":\"https:\\\/\\\/www.exatron.com.br\\\/politica-de-privacidade\\\/#primaryimage\"},\"thumbnailUrl\":\"https:\\\/\\\/exatron.com.br\\\/wp-content\\\/uploads\\\/2025\\\/11\\\/unnamed-file.png\",\"datePublished\":\"2024-11-22T18:07:39+00:00\",\"dateModified\":\"2026-01-27T18:04:24+00:00\",\"breadcrumb\":{\"@id\":\"https:\\\/\\\/www.exatron.com.br\\\/politica-de-privacidade\\\/#breadcrumb\"},\"inLanguage\":\"en-US\",\"potentialAction\":[{\"@type\":\"ReadAction\",\"target\":[\"https:\\\/\\\/www.exatron.com.br\\\/politica-de-privacidade\\\/\"]}]},{\"@type\":\"ImageObject\",\"inLanguage\":\"en-US\",\"@id\":\"https:\\\/\\\/www.exatron.com.br\\\/politica-de-privacidade\\\/#primaryimage\",\"url\":\"https:\\\/\\\/exatron.com.br\\\/wp-content\\\/uploads\\\/2025\\\/11\\\/unnamed-file.png\",\"contentUrl\":\"https:\\\/\\\/exatron.com.br\\\/wp-content\\\/uploads\\\/2025\\\/11\\\/unnamed-file.png\"},{\"@type\":\"BreadcrumbList\",\"@id\":\"https:\\\/\\\/www.exatron.com.br\\\/politica-de-privacidade\\\/#breadcrumb\",\"itemListElement\":[{\"@type\":\"ListItem\",\"position\":1,\"name\":\"In\u00edcio\",\"item\":\"https:\\\/\\\/www.exatron.com.br\\\/\"},{\"@type\":\"ListItem\",\"position\":2,\"name\":\"Pol\u00edtica de Privacidade\"}]},{\"@type\":\"WebSite\",\"@id\":\"https:\\\/\\\/www.exatron.com.br\\\/#website\",\"url\":\"https:\\\/\\\/www.exatron.com.br\\\/\",\"name\":\"EXATRON\",\"description\":\"\",\"publisher\":{\"@id\":\"https:\\\/\\\/www.exatron.com.br\\\/#organization\"},\"potentialAction\":[{\"@type\":\"SearchAction\",\"target\":{\"@type\":\"EntryPoint\",\"urlTemplate\":\"https:\\\/\\\/www.exatron.com.br\\\/?s={search_term_string}\"},\"query-input\":{\"@type\":\"PropertyValueSpecification\",\"valueRequired\":true,\"valueName\":\"search_term_string\"}}],\"inLanguage\":\"en-US\"},{\"@type\":\"Organization\",\"@id\":\"https:\\\/\\\/www.exatron.com.br\\\/#organization\",\"name\":\"EXATRON\",\"url\":\"https:\\\/\\\/www.exatron.com.br\\\/\",\"logo\":{\"@type\":\"ImageObject\",\"inLanguage\":\"en-US\",\"@id\":\"https:\\\/\\\/www.exatron.com.br\\\/#\\\/schema\\\/logo\\\/image\\\/\",\"url\":\"https:\\\/\\\/www.exatron.com.br\\\/wp-content\\\/uploads\\\/2024\\\/11\\\/default-kit.png\",\"contentUrl\":\"https:\\\/\\\/www.exatron.com.br\\\/wp-content\\\/uploads\\\/2024\\\/11\\\/default-kit.png\",\"width\":956,\"height\":192,\"caption\":\"EXATRON\"},\"image\":{\"@id\":\"https:\\\/\\\/www.exatron.com.br\\\/#\\\/schema\\\/logo\\\/image\\\/\"}}]}<\/script>\n<!-- \/ Yoast SEO plugin. -->","yoast_head_json":{"title":"Pol\u00edtica de Privacidade - EXATRON","robots":{"index":"index","follow":"follow","max-snippet":"max-snippet:-1","max-image-preview":"max-image-preview:large","max-video-preview":"max-video-preview:-1"},"canonical":"https:\/\/www.exatron.com.br\/en\/politica-de-privacidade\/","og_locale":"en_US","og_type":"article","og_title":"Pol\u00edtica de Privacidade - EXATRON","og_description":"Sua privacidade \u00e9 prioridade para n\u00f3s A Exatron respeita e protege os dados dos seus clientes, parceiros e visitantes. Nesta p\u00e1gina, voc\u00ea encontra informa\u00e7\u00f5es claras sobre como coletamos, usamos e armazenamos seus dados, de acordo com as normas vigentes. Home Pol\u00edtica de privacidade 1. POL\u00cdTICA DE PRIVACIDADE: Esta p\u00e1gina apresenta a pol\u00edtica de privacidade de [&hellip;]","og_url":"https:\/\/www.exatron.com.br\/en\/politica-de-privacidade\/","og_site_name":"EXATRON","article_modified_time":"2026-01-27T18:04:24+00:00","og_image":[{"url":"https:\/\/exatron.com.br\/wp-content\/uploads\/2025\/11\/unnamed-file.png","type":"","width":"","height":""}],"twitter_card":"summary_large_image","twitter_misc":{"Est. reading time":"9 minutes"},"schema":{"@context":"https:\/\/schema.org","@graph":[{"@type":"WebPage","@id":"https:\/\/www.exatron.com.br\/politica-de-privacidade\/","url":"https:\/\/www.exatron.com.br\/politica-de-privacidade\/","name":"Pol\u00edtica de Privacidade - EXATRON","isPartOf":{"@id":"https:\/\/www.exatron.com.br\/#website"},"primaryImageOfPage":{"@id":"https:\/\/www.exatron.com.br\/politica-de-privacidade\/#primaryimage"},"image":{"@id":"https:\/\/www.exatron.com.br\/politica-de-privacidade\/#primaryimage"},"thumbnailUrl":"https:\/\/exatron.com.br\/wp-content\/uploads\/2025\/11\/unnamed-file.png","datePublished":"2024-11-22T18:07:39+00:00","dateModified":"2026-01-27T18:04:24+00:00","breadcrumb":{"@id":"https:\/\/www.exatron.com.br\/politica-de-privacidade\/#breadcrumb"},"inLanguage":"en-US","potentialAction":[{"@type":"ReadAction","target":["https:\/\/www.exatron.com.br\/politica-de-privacidade\/"]}]},{"@type":"ImageObject","inLanguage":"en-US","@id":"https:\/\/www.exatron.com.br\/politica-de-privacidade\/#primaryimage","url":"https:\/\/exatron.com.br\/wp-content\/uploads\/2025\/11\/unnamed-file.png","contentUrl":"https:\/\/exatron.com.br\/wp-content\/uploads\/2025\/11\/unnamed-file.png"},{"@type":"BreadcrumbList","@id":"https:\/\/www.exatron.com.br\/politica-de-privacidade\/#breadcrumb","itemListElement":[{"@type":"ListItem","position":1,"name":"In\u00edcio","item":"https:\/\/www.exatron.com.br\/"},{"@type":"ListItem","position":2,"name":"Pol\u00edtica de Privacidade"}]},{"@type":"WebSite","@id":"https:\/\/www.exatron.com.br\/#website","url":"https:\/\/www.exatron.com.br\/","name":"EXATRON","description":"","publisher":{"@id":"https:\/\/www.exatron.com.br\/#organization"},"potentialAction":[{"@type":"SearchAction","target":{"@type":"EntryPoint","urlTemplate":"https:\/\/www.exatron.com.br\/?s={search_term_string}"},"query-input":{"@type":"PropertyValueSpecification","valueRequired":true,"valueName":"search_term_string"}}],"inLanguage":"en-US"},{"@type":"Organization","@id":"https:\/\/www.exatron.com.br\/#organization","name":"EXATRON","url":"https:\/\/www.exatron.com.br\/","logo":{"@type":"ImageObject","inLanguage":"en-US","@id":"https:\/\/www.exatron.com.br\/#\/schema\/logo\/image\/","url":"https:\/\/www.exatron.com.br\/wp-content\/uploads\/2024\/11\/default-kit.png","contentUrl":"https:\/\/www.exatron.com.br\/wp-content\/uploads\/2024\/11\/default-kit.png","width":956,"height":192,"caption":"EXATRON"},"image":{"@id":"https:\/\/www.exatron.com.br\/#\/schema\/logo\/image\/"}}]}},"_links":{"self":[{"href":"https:\/\/www.exatron.com.br\/en\/wp-json\/wp\/v2\/pages\/3","targetHints":{"allow":["GET"]}}],"collection":[{"href":"https:\/\/www.exatron.com.br\/en\/wp-json\/wp\/v2\/pages"}],"about":[{"href":"https:\/\/www.exatron.com.br\/en\/wp-json\/wp\/v2\/types\/page"}],"author":[{"embeddable":true,"href":"https:\/\/www.exatron.com.br\/en\/wp-json\/wp\/v2\/users\/1"}],"replies":[{"embeddable":true,"href":"https:\/\/www.exatron.com.br\/en\/wp-json\/wp\/v2\/comments?post=3"}],"version-history":[{"count":0,"href":"https:\/\/www.exatron.com.br\/en\/wp-json\/wp\/v2\/pages\/3\/revisions"}],"wp:attachment":[{"href":"https:\/\/www.exatron.com.br\/en\/wp-json\/wp\/v2\/media?parent=3"}],"curies":[{"name":"wp","href":"https:\/\/api.w.org\/{rel}","templated":true}]}}