{"id":8584,"date":"2025-11-18T16:13:48","date_gmt":"2025-11-18T19:13:48","guid":{"rendered":"https:\/\/exatron.com.br\/?page_id=8584"},"modified":"2025-11-18T17:56:59","modified_gmt":"2025-11-18T20:56:59","slug":"politica-da-loja","status":"publish","type":"page","link":"https:\/\/www.exatron.com.br\/en\/politica-da-loja\/","title":{"rendered":"Store Policy"},"content":{"rendered":"<div data-elementor-type=\"wp-page\" data-elementor-id=\"8584\" class=\"elementor elementor-8584\" data-elementor-post-type=\"page\">\n\t\t\t\t<div class=\"elementor-element elementor-element-10d9896 e-flex e-con-boxed e-con e-parent\" data-id=\"10d9896\" data-element_type=\"container\" data-e-type=\"container\" data-settings=\"{&quot;background_background&quot;:&quot;classic&quot;}\">\n\t\t\t\t\t<div class=\"e-con-inner\">\n\t\t\t\t<div class=\"elementor-element elementor-element-1743d1a elementor-widget__width-initial elementor-widget elementor-widget-heading\" data-id=\"1743d1a\" data-element_type=\"widget\" data-e-type=\"widget\" data-widget_type=\"heading.default\">\n\t\t\t\t<div class=\"elementor-widget-container\">\n\t\t\t\t\t<h1 class=\"elementor-heading-title elementor-size-default\">Learn about our store policy.<\/h1>\t\t\t\t<\/div>\n\t\t\t\t<\/div>\n\t\t\t\t<div class=\"elementor-element elementor-element-e60bde4 elementor-widget__width-initial elementor-widget elementor-widget-heading\" data-id=\"e60bde4\" data-element_type=\"widget\" data-e-type=\"widget\" data-widget_type=\"heading.default\">\n\t\t\t\t<div class=\"elementor-widget-container\">\n\t\t\t\t\t<p class=\"elementor-heading-title elementor-size-default\">Transparency is essential. Here you will find all the guidelines regarding orders, deadlines, exchanges, returns, warranties and other commercial conditions applied to our products and services.<\/p>\t\t\t\t<\/div>\n\t\t\t\t<\/div>\n\t\t<div class=\"elementor-element elementor-element-cc22726 e-con-full e-flex e-con e-child\" data-id=\"cc22726\" data-element_type=\"container\" data-e-type=\"container\">\n\t\t\t\t<div class=\"elementor-element elementor-element-11caed9 elementor-widget elementor-widget-heading\" data-id=\"11caed9\" data-element_type=\"widget\" data-e-type=\"widget\" data-widget_type=\"heading.default\">\n\t\t\t\t<div class=\"elementor-widget-container\">\n\t\t\t\t\t<p class=\"elementor-heading-title elementor-size-default\"><a href=\"https:\/\/www.exatron.com.br\/en\/\">Home<\/a><\/p>\t\t\t\t<\/div>\n\t\t\t\t<\/div>\n\t\t\t\t<div class=\"elementor-element elementor-element-f761345 elementor-widget elementor-widget-image\" data-id=\"f761345\" data-element_type=\"widget\" data-e-type=\"widget\" data-widget_type=\"image.default\">\n\t\t\t\t<div class=\"elementor-widget-container\">\n\t\t\t\t\t\t\t\t\t\t\t\t\t\t\t<img decoding=\"async\" width=\"3\" height=\"30\" src=\"https:\/\/www.exatron.com.br\/wp-content\/uploads\/2025\/11\/unnamed-file.png\" class=\"attachment-large size-large wp-image-8604\" alt=\"Unnamed File\" \/>\t\t\t\t\t\t\t\t\t\t\t\t\t\t\t<\/div>\n\t\t\t\t<\/div>\n\t\t\t\t<div class=\"elementor-element elementor-element-79e40d3 elementor-widget elementor-widget-heading\" data-id=\"79e40d3\" data-element_type=\"widget\" data-e-type=\"widget\" data-widget_type=\"heading.default\">\n\t\t\t\t<div class=\"elementor-widget-container\">\n\t\t\t\t\t<p class=\"elementor-heading-title elementor-size-default\"><a href=\"https:\/\/www.exatron.com.br\/en\/politica-da-loja\/\">Store policy<\/a><\/p>\t\t\t\t<\/div>\n\t\t\t\t<\/div>\n\t\t\t\t<\/div>\n\t\t\t\t\t<\/div>\n\t\t\t\t<\/div>\n\t\t<div class=\"elementor-element elementor-element-8383c74 e-flex e-con-boxed e-con e-parent\" data-id=\"8383c74\" data-element_type=\"container\" data-e-type=\"container\">\n\t\t\t\t\t<div class=\"e-con-inner\">\n\t\t\t\t<div class=\"elementor-element elementor-element-439e060 elementor-widget elementor-widget-heading\" data-id=\"439e060\" data-element_type=\"widget\" data-e-type=\"widget\" data-widget_type=\"heading.default\">\n\t\t\t\t<div class=\"elementor-widget-container\">\n\t\t\t\t\t<h2 class=\"elementor-heading-title elementor-size-default\">Store policy<\/h2>\t\t\t\t<\/div>\n\t\t\t\t<\/div>\n\t\t\t\t<div class=\"elementor-element elementor-element-e45b5e4 elementor-widget elementor-widget-text-editor\" data-id=\"e45b5e4\" data-element_type=\"widget\" data-e-type=\"widget\" data-widget_type=\"text-editor.default\">\n\t\t\t\t<div class=\"elementor-widget-container\">\n\t\t\t\t\t\t\t\t\t<div class=\"page-content\"><p>In order to provide you with quality service, the following is the Exatron Store&#039;s policy regarding purchases, exchanges, returns, delivery, and payment methods.<\/p><p>EXATRON IND\u00daSTRIA ELETR\u00d4NICA LTDA reserves the right to make changes to the Terms of this Policy at any time.<\/p><p>Upon receiving your order, please check that the packaging is not damaged, that the item(s) are in perfect condition, and that the items in your order match the accompanying invoice. If any of these items are incorrect, please contact our CUSTOMER SERVICE CENTER for assistance: (51) 3357.5000.<\/p><p><strong>Delivery time<\/strong><\/p><p>Delivery time and shipping costs may vary depending on: the shipping method selected by the customer at the time of purchase; and the delivery destination. The predefined shipping options chosen by the customer will be automatically calculated by the postal service&#039;s shipping system. Any delays in delivery times that occur after the product has been shipped (after leaving the factory) are the sole responsibility of the Brazilian Postal Service.<\/p><p>A expedi\u00e7\u00e3o da encomenda \u00e9 realizada ap\u00f3s a confirma\u00e7\u00e3o do pagamento da compra e confirma\u00e7\u00e3o dos dados cadastrais do cliente, que pode levar at\u00e9 07 dias \u00fateis. Ap\u00f3s este prazo \u00e9 iniciado o tempo de entrega informado pelos Correios.<\/p><p>Deliveries are made according to postal service regulations, meaning it is not possible to schedule a delivery time. Therefore, it is extremely important that the customer ensures that someone will be at the registered address to receive the order, and that the address is complete and correct.<\/p><p>In all cases, the customer will receive an email confirming the release of their order and the electronic invoice once it has been billed.<\/p><p><strong>Exchange or Return of Merchandise<\/strong><\/p><p>Goods may be exchanged or returned within 7 (seven) calendar days of receipt, in accordance with Article 49 of the Consumer Protection Code. The date of receipt is considered to be the date reported by the company responsible for delivery, even if the receipt was not made by the recipient, but by third parties such as doormen, receptionists, family members, etc.<\/p><p>An exchange or return will only be processed if the product is in PERFECT condition and in its original packaging.<\/p><p>The customer must communicate their intention to exchange the product via email to lojaonline@exatron.com.br, providing the sales invoice number for the product; the code, as described on the invoice, of the product to be exchanged; and the reason for the request.<\/p><p>After authorization is given to send the product for exchange, the customer must ship the product(s) within 7 (seven) calendar days. After this period, the right to exchange or return the merchandise expires.<\/p><p>For exchanges or returns, merchandise to be sent back to EXATRON IND\u00daSTRIA ELETR\u00d4NICA LTDA must be packaged in its original packaging, and all accessories that accompany the products must be sent along with the sales invoice.<\/p><p>It is the consumers&#039; responsibility to keep the receipts for any purchase. If the receipt is not presented along with the merchandise for exchange, EXATRON IND\u00daSTRIA ELETR\u00d4NICA LTDA reserves the right to decide whether or not to exchange the merchandise.<\/p><p>The absence of any product may cause a delay in resolving the problem.<\/p><p>The package must be labeled and sent to the following address:<\/p><p>Recipient: EXATRON (ONLINE STORE)<\/p><p>Address: Rua Eng. Homero Carlos Simon, 1089; Guajuviras neighborhood; Postal Code: 92442-000; Canoas \u2013 RS<\/p><p><strong>Shipping charges apply for returns.<\/strong><\/p><p>For returns requested by the customer, the shipping costs will be the customer&#039;s responsibility. If the order cancellation request occurs after the merchandise has been shipped, the shipping costs will be the customer&#039;s responsibility. If the merchandise has already been delivered, the customer will also be responsible for the return shipping costs to EXATRON IND\u00daSTRIA ELETR\u00d4NICA LTDA. In proven cases of product defects or order errors, the shipping costs will be covered by EXATRON IND\u00daSTRIA ELETR\u00d4NICA LTDA.<\/p><p><strong>Payment refund<\/strong><\/p><p>EXATRON IND\u00daSTRIA ELETR\u00d4NICA LTDA, after inspecting the returned merchandise and finding no irregularities, will request a partial or full refund from the payment processor.<\/p><p>The refund for the returned merchandise will be processed within 7 (seven) business days, starting from the date the merchandise is received by EXATRON IND\u00daSTRIA ELETR\u00d4NICA LTDA.<\/p><p>The credit for the debit reversal should appear on the customer&#039;s next statement.<\/p><p><strong>Access area and personal data<\/strong><\/p><p>To make purchases on the website, it is mandatory to create an account in our secure area. All required data is saved on servers that use the most modern security measures.<\/p><p>Os dados s\u00e3o utilizados conforme indicado em nossa\u00a0<a href=\"https:\/\/www.exatron.com.br\/en\/politica-de-privacidade\/\">Privacy Policy<\/a>.<\/p><p><strong>Deadline for completing the exchange of merchandise.<\/strong><\/p><p>All merchandise returned to EXATRON IND\u00daSTRIA ELETR\u00d4NICA LTDA will be analyzed according to the information provided by the customer through their technical assistance located at the headquarters. EXATRON IND\u00daSTRIA ELETR\u00d4NICA LTDA will take the necessary steps, always optimizing the timeframe, for the reshipment of the merchandise, with a maximum timeframe for resolving the issue of 15 (fifteen) business days from the date of receipt of the merchandise.<\/p><p><strong>Exchange of goods with different individual values.<\/strong><\/p><p>When a customer requests an exchange of merchandise for another item with a different price, the following procedure will be followed:<\/p><p>1) If the value of the new merchandise is greater than the previous one, EXATRON IND\u00daSTRIA ELETR\u00d4NICA LTDA will charge the difference, requesting a deposit into a current account.<\/p><p>2) If the value of the new product is less than the previous one, EXATRON IND\u00daSTRIA ELETR\u00d4NICA LTDA will generate a credit code in favor of the customer to be used in future purchases.<\/p><p><strong>The store complies with Federal Decree 7.962\/13. For any questions, please contact us by email: lojaonline@exatron.com.br<\/strong><\/p><\/div><div class=\"page-blocks\">\u00a0<\/div>\t\t\t\t\t\t\t\t<\/div>\n\t\t\t\t<\/div>\n\t\t\t\t\t<\/div>\n\t\t\t\t<\/div>\n\t\t\t\t<\/div>","protected":false},"excerpt":{"rendered":"<p>Conhe\u00e7a a pol\u00edtica da nossa loja Transpar\u00eancia \u00e9 essencial. Aqui voc\u00ea encontra todas as diretrizes sobre pedidos, prazos, trocas, devolu\u00e7\u00f5es, garantias e demais condi\u00e7\u00f5es comerciais aplicadas aos nossos produtos e servi\u00e7os. Home Pol\u00edtica da loja Pol\u00edtica da loja Com o objetivo de atend\u00ea-lo com qualidade, segue a pol\u00edtica de compras, troca, devolu\u00e7\u00e3o, entrega e formas [&hellip;]<\/p>","protected":false},"author":2,"featured_media":0,"parent":0,"menu_order":0,"comment_status":"closed","ping_status":"closed","template":"","meta":{"_acf_changed":false,"_joinchat":[],"footnotes":""},"class_list":["post-8584","page","type-page","status-publish","hentry"],"acf":[],"yoast_head":"<!-- This site is optimized with the Yoast SEO plugin v27.3 - https:\/\/yoast.com\/product\/yoast-seo-wordpress\/ -->\n<title>Pol\u00edtica da Loja - EXATRON<\/title>\n<meta name=\"robots\" content=\"index, follow, max-snippet:-1, max-image-preview:large, max-video-preview:-1\" \/>\n<link rel=\"canonical\" href=\"https:\/\/www.exatron.com.br\/en\/politica-da-loja\/\" \/>\n<meta property=\"og:locale\" content=\"en_US\" \/>\n<meta property=\"og:type\" content=\"article\" \/>\n<meta property=\"og:title\" content=\"Pol\u00edtica da Loja - EXATRON\" \/>\n<meta property=\"og:description\" content=\"Conhe\u00e7a a pol\u00edtica da nossa loja Transpar\u00eancia \u00e9 essencial. Aqui voc\u00ea encontra todas as diretrizes sobre pedidos, prazos, trocas, devolu\u00e7\u00f5es, garantias e demais condi\u00e7\u00f5es comerciais aplicadas aos nossos produtos e servi\u00e7os. Home Pol\u00edtica da loja Pol\u00edtica da loja Com o objetivo de atend\u00ea-lo com qualidade, segue a pol\u00edtica de compras, troca, devolu\u00e7\u00e3o, entrega e formas [&hellip;]\" \/>\n<meta property=\"og:url\" content=\"https:\/\/www.exatron.com.br\/en\/politica-da-loja\/\" \/>\n<meta property=\"og:site_name\" content=\"EXATRON\" \/>\n<meta property=\"article:modified_time\" content=\"2025-11-18T20:56:59+00:00\" \/>\n<meta property=\"og:image\" content=\"https:\/\/exatron.com.br\/wp-content\/uploads\/2025\/11\/unnamed-file.png\" \/>\n<meta name=\"twitter:card\" content=\"summary_large_image\" \/>\n<meta name=\"twitter:label1\" content=\"Est. reading time\" \/>\n\t<meta name=\"twitter:data1\" content=\"6 minutes\" \/>\n<script type=\"application\/ld+json\" class=\"yoast-schema-graph\">{\"@context\":\"https:\\\/\\\/schema.org\",\"@graph\":[{\"@type\":\"WebPage\",\"@id\":\"https:\\\/\\\/www.exatron.com.br\\\/politica-da-loja\\\/\",\"url\":\"https:\\\/\\\/www.exatron.com.br\\\/politica-da-loja\\\/\",\"name\":\"Pol\u00edtica da Loja - EXATRON\",\"isPartOf\":{\"@id\":\"https:\\\/\\\/www.exatron.com.br\\\/#website\"},\"primaryImageOfPage\":{\"@id\":\"https:\\\/\\\/www.exatron.com.br\\\/politica-da-loja\\\/#primaryimage\"},\"image\":{\"@id\":\"https:\\\/\\\/www.exatron.com.br\\\/politica-da-loja\\\/#primaryimage\"},\"thumbnailUrl\":\"https:\\\/\\\/exatron.com.br\\\/wp-content\\\/uploads\\\/2025\\\/11\\\/unnamed-file.png\",\"datePublished\":\"2025-11-18T19:13:48+00:00\",\"dateModified\":\"2025-11-18T20:56:59+00:00\",\"breadcrumb\":{\"@id\":\"https:\\\/\\\/www.exatron.com.br\\\/politica-da-loja\\\/#breadcrumb\"},\"inLanguage\":\"en-US\",\"potentialAction\":[{\"@type\":\"ReadAction\",\"target\":[\"https:\\\/\\\/www.exatron.com.br\\\/politica-da-loja\\\/\"]}]},{\"@type\":\"ImageObject\",\"inLanguage\":\"en-US\",\"@id\":\"https:\\\/\\\/www.exatron.com.br\\\/politica-da-loja\\\/#primaryimage\",\"url\":\"https:\\\/\\\/exatron.com.br\\\/wp-content\\\/uploads\\\/2025\\\/11\\\/unnamed-file.png\",\"contentUrl\":\"https:\\\/\\\/exatron.com.br\\\/wp-content\\\/uploads\\\/2025\\\/11\\\/unnamed-file.png\"},{\"@type\":\"BreadcrumbList\",\"@id\":\"https:\\\/\\\/www.exatron.com.br\\\/politica-da-loja\\\/#breadcrumb\",\"itemListElement\":[{\"@type\":\"ListItem\",\"position\":1,\"name\":\"In\u00edcio\",\"item\":\"https:\\\/\\\/www.exatron.com.br\\\/\"},{\"@type\":\"ListItem\",\"position\":2,\"name\":\"Pol\u00edtica da Loja\"}]},{\"@type\":\"WebSite\",\"@id\":\"https:\\\/\\\/www.exatron.com.br\\\/#website\",\"url\":\"https:\\\/\\\/www.exatron.com.br\\\/\",\"name\":\"EXATRON\",\"description\":\"\",\"publisher\":{\"@id\":\"https:\\\/\\\/www.exatron.com.br\\\/#organization\"},\"potentialAction\":[{\"@type\":\"SearchAction\",\"target\":{\"@type\":\"EntryPoint\",\"urlTemplate\":\"https:\\\/\\\/www.exatron.com.br\\\/?s={search_term_string}\"},\"query-input\":{\"@type\":\"PropertyValueSpecification\",\"valueRequired\":true,\"valueName\":\"search_term_string\"}}],\"inLanguage\":\"en-US\"},{\"@type\":\"Organization\",\"@id\":\"https:\\\/\\\/www.exatron.com.br\\\/#organization\",\"name\":\"EXATRON\",\"url\":\"https:\\\/\\\/www.exatron.com.br\\\/\",\"logo\":{\"@type\":\"ImageObject\",\"inLanguage\":\"en-US\",\"@id\":\"https:\\\/\\\/www.exatron.com.br\\\/#\\\/schema\\\/logo\\\/image\\\/\",\"url\":\"https:\\\/\\\/www.exatron.com.br\\\/wp-content\\\/uploads\\\/2024\\\/11\\\/default-kit.png\",\"contentUrl\":\"https:\\\/\\\/www.exatron.com.br\\\/wp-content\\\/uploads\\\/2024\\\/11\\\/default-kit.png\",\"width\":956,\"height\":192,\"caption\":\"EXATRON\"},\"image\":{\"@id\":\"https:\\\/\\\/www.exatron.com.br\\\/#\\\/schema\\\/logo\\\/image\\\/\"}}]}<\/script>\n<!-- \/ Yoast SEO plugin. -->","yoast_head_json":{"title":"Pol\u00edtica da Loja - EXATRON","robots":{"index":"index","follow":"follow","max-snippet":"max-snippet:-1","max-image-preview":"max-image-preview:large","max-video-preview":"max-video-preview:-1"},"canonical":"https:\/\/www.exatron.com.br\/en\/politica-da-loja\/","og_locale":"en_US","og_type":"article","og_title":"Pol\u00edtica da Loja - EXATRON","og_description":"Conhe\u00e7a a pol\u00edtica da nossa loja Transpar\u00eancia \u00e9 essencial. Aqui voc\u00ea encontra todas as diretrizes sobre pedidos, prazos, trocas, devolu\u00e7\u00f5es, garantias e demais condi\u00e7\u00f5es comerciais aplicadas aos nossos produtos e servi\u00e7os. Home Pol\u00edtica da loja Pol\u00edtica da loja Com o objetivo de atend\u00ea-lo com qualidade, segue a pol\u00edtica de compras, troca, devolu\u00e7\u00e3o, entrega e formas [&hellip;]","og_url":"https:\/\/www.exatron.com.br\/en\/politica-da-loja\/","og_site_name":"EXATRON","article_modified_time":"2025-11-18T20:56:59+00:00","og_image":[{"url":"https:\/\/exatron.com.br\/wp-content\/uploads\/2025\/11\/unnamed-file.png","type":"","width":"","height":""}],"twitter_card":"summary_large_image","twitter_misc":{"Est. reading time":"6 minutes"},"schema":{"@context":"https:\/\/schema.org","@graph":[{"@type":"WebPage","@id":"https:\/\/www.exatron.com.br\/politica-da-loja\/","url":"https:\/\/www.exatron.com.br\/politica-da-loja\/","name":"Pol\u00edtica da Loja - EXATRON","isPartOf":{"@id":"https:\/\/www.exatron.com.br\/#website"},"primaryImageOfPage":{"@id":"https:\/\/www.exatron.com.br\/politica-da-loja\/#primaryimage"},"image":{"@id":"https:\/\/www.exatron.com.br\/politica-da-loja\/#primaryimage"},"thumbnailUrl":"https:\/\/exatron.com.br\/wp-content\/uploads\/2025\/11\/unnamed-file.png","datePublished":"2025-11-18T19:13:48+00:00","dateModified":"2025-11-18T20:56:59+00:00","breadcrumb":{"@id":"https:\/\/www.exatron.com.br\/politica-da-loja\/#breadcrumb"},"inLanguage":"en-US","potentialAction":[{"@type":"ReadAction","target":["https:\/\/www.exatron.com.br\/politica-da-loja\/"]}]},{"@type":"ImageObject","inLanguage":"en-US","@id":"https:\/\/www.exatron.com.br\/politica-da-loja\/#primaryimage","url":"https:\/\/exatron.com.br\/wp-content\/uploads\/2025\/11\/unnamed-file.png","contentUrl":"https:\/\/exatron.com.br\/wp-content\/uploads\/2025\/11\/unnamed-file.png"},{"@type":"BreadcrumbList","@id":"https:\/\/www.exatron.com.br\/politica-da-loja\/#breadcrumb","itemListElement":[{"@type":"ListItem","position":1,"name":"In\u00edcio","item":"https:\/\/www.exatron.com.br\/"},{"@type":"ListItem","position":2,"name":"Pol\u00edtica da Loja"}]},{"@type":"WebSite","@id":"https:\/\/www.exatron.com.br\/#website","url":"https:\/\/www.exatron.com.br\/","name":"EXATRON","description":"","publisher":{"@id":"https:\/\/www.exatron.com.br\/#organization"},"potentialAction":[{"@type":"SearchAction","target":{"@type":"EntryPoint","urlTemplate":"https:\/\/www.exatron.com.br\/?s={search_term_string}"},"query-input":{"@type":"PropertyValueSpecification","valueRequired":true,"valueName":"search_term_string"}}],"inLanguage":"en-US"},{"@type":"Organization","@id":"https:\/\/www.exatron.com.br\/#organization","name":"EXATRON","url":"https:\/\/www.exatron.com.br\/","logo":{"@type":"ImageObject","inLanguage":"en-US","@id":"https:\/\/www.exatron.com.br\/#\/schema\/logo\/image\/","url":"https:\/\/www.exatron.com.br\/wp-content\/uploads\/2024\/11\/default-kit.png","contentUrl":"https:\/\/www.exatron.com.br\/wp-content\/uploads\/2024\/11\/default-kit.png","width":956,"height":192,"caption":"EXATRON"},"image":{"@id":"https:\/\/www.exatron.com.br\/#\/schema\/logo\/image\/"}}]}},"_links":{"self":[{"href":"https:\/\/www.exatron.com.br\/en\/wp-json\/wp\/v2\/pages\/8584","targetHints":{"allow":["GET"]}}],"collection":[{"href":"https:\/\/www.exatron.com.br\/en\/wp-json\/wp\/v2\/pages"}],"about":[{"href":"https:\/\/www.exatron.com.br\/en\/wp-json\/wp\/v2\/types\/page"}],"author":[{"embeddable":true,"href":"https:\/\/www.exatron.com.br\/en\/wp-json\/wp\/v2\/users\/2"}],"replies":[{"embeddable":true,"href":"https:\/\/www.exatron.com.br\/en\/wp-json\/wp\/v2\/comments?post=8584"}],"version-history":[{"count":0,"href":"https:\/\/www.exatron.com.br\/en\/wp-json\/wp\/v2\/pages\/8584\/revisions"}],"wp:attachment":[{"href":"https:\/\/www.exatron.com.br\/en\/wp-json\/wp\/v2\/media?parent=8584"}],"curies":[{"name":"wp","href":"https:\/\/api.w.org\/{rel}","templated":true}]}}