{"id":10442,"date":"2025-12-08T15:08:35","date_gmt":"2025-12-08T15:08:35","guid":{"rendered":"https:\/\/exatron.com.br\/produtos\/sensor-de-presenca-de-parede-4x2-smart-x-control\/"},"modified":"2026-04-20T08:43:41","modified_gmt":"2026-04-20T11:43:41","slug":"sensor-de-presenca-de-parede-4x2-smart-x-control","status":"publish","type":"product","link":"https:\/\/www.exatron.com.br\/en\/produtos\/sensor-de-presenca-de-parede-4x2-smart-x-control\/","title":{"rendered":"Sensor de presen\u00e7a de parede 4&#215;2 Smart X-Control"},"content":{"rendered":"<h3>Technical Specifications<\/h3>\n<ul>\n<li>Tens\u00e3o: 100 &#8211; 240V ~ 50\/60Hz;<\/li>\n<li>Consumo: &lt;1,0W;<\/li>\n<li>\u00c1rea de cobertura: 110\u00b0 com alcance de at\u00e9 10m de dist\u00e2ncia na temperatura ambiente de 25\u00b0C, a uma altura de 1,2m;<\/li>\n<li>Electrical connection: Connector for wires from 0.5mm\u00b2 to 2.5mm\u00b2 (wires not included);<\/li>\n<li>Para uso em ambientes interno;<\/li>\n<li>Regulagem de tempo: 1 e 30 segundos, 1, 3, 5, 10, 15, 20, 25, 30 e 45 minutos e 1, 2, 3 e 4 horas;<\/li>\n<li>Sensor de Luminosidade (LUX-FOTOC\u00c9LULA): MIN (\u00e0 noite), MAX (entardecer) e OFF (sem fotoc\u00e9lula);<\/li>\n<li>Regulagem de sensibilidade: 1 (movimentos bruscos) a 3 (maior alcance);<\/li>\n<li>Relay Function: The sensor functions as a timed photocontrolled relay. At dusk, it keeps the load switched on for the programmed time (0:30 to 12 hours) and then returns to sensor function.<\/li>\n<li>Reset function: Returns the product settings to factory defaults;<\/li>\n<li>Exclusive Inrush Control Technology, a near-zero network switching system (sine wave) that increases the lifespan of the load assembly (lamps, ballast, and sensor);<\/li>\n<li>Possui LED indicador de funcionamento e de detec\u00e7\u00e3o na cor VERDE &#8211; quando o produto est\u00e1 operando no modo Fun\u00e7\u00e3o Rel\u00e9, o LED oscila (pisca lentamente e de maneira gradual);<\/li>\n<li>Possui LED para confirma\u00e7\u00e3o no sucesso de grava\u00e7\u00e3o dos par\u00e2metros configurados na cor VERMELHA;<\/li>\n<li>Acompanha parafusos de fixa\u00e7\u00e3o;<\/li>\n<li>Detecta a movimenta\u00e7\u00e3o de fontes de calor como pessoas, carros, etc. Precisa estar no m\u00ednimo a 3\u00b0C de diferen\u00e7a em rela\u00e7\u00e3o a temperatura do meio ambiente onde o sensor est\u00e1 instalado;<\/li>\n<li>Temperatura de opera\u00e7\u00e3o: -5\u00b0C a 40\u00b0C;<\/li>\n<li>The sensor saves the previously configured parameters (timer settings, brightness, sensitivity, and operating mode) in case of power failure and restoration;<\/li>\n<li>Energy savings of up to 75%;<\/li>\n<li>Garantia: 02 anos;<\/li>\n<li>Capacidade de carga (l\u00e2mpadas):<\/li>\n<\/ul>\n<table>\n<tbody>\n<tr>\n<td width=\"106\">\n<p style=\"text-align: center\"><strong>Food<\/strong><\/p>\n<\/td>\n<td style=\"text-align: center\" width=\"120\"><strong>Electronics\/LED<\/strong><\/td>\n<td style=\"text-align: center\" width=\"85\"><strong>Halogen<\/strong><\/td>\n<\/tr>\n<tr>\n<td style=\"text-align: center\" width=\"106\">127V<\/td>\n<td style=\"text-align: center\" width=\"120\">200W<\/td>\n<td style=\"text-align: center\" width=\"85\">500W<\/td>\n<\/tr>\n<tr>\n<td style=\"text-align: center\" width=\"106\">220V<\/td>\n<td style=\"text-align: center\" width=\"120\">300W<\/td>\n<td style=\"text-align: center\" width=\"85\">900W<\/td>\n<\/tr>\n<tr>\n<td colspan=\"3\" width=\"311\">\n<p style=\"text-align: center\">THD&lt;20% and FP&gt;0.90<\/p>\n<\/td>\n<\/tr>\n<\/tbody>\n<\/table>\n<p>&nbsp;<\/p>","protected":false},"excerpt":{"rendered":"<p>O Sensor de presen\u00e7a de parede 4&#215;2 Smart X-Control \u00e9 um comando inteligente que se destina ao acionamento de cargas temporizadas. Este equipamento detecta a movimenta\u00e7\u00e3o de fontes de calor como pessoas e carros atrav\u00e9s de um sensor infravermelho, ligando uma l\u00e2mpada ou outro equipamento e desligando-a ap\u00f3s a aus\u00eancia ou sessar de acordo com o tempo programado. Com a exclusiva tecnologia Smart X-Control, atrav\u00e9s do smartphone \u00e9 poss\u00edvel configurar o sensor em segundos, sem a necessidade de abri-los e se expor \u00e0 energia el\u00e9trica ou ent\u00e3o ter que desligar os disjuntores.<\/p>\n<p>Ideal para o controle de ilumina\u00e7\u00e3o de corredores, escadas, garagens, entradas de acesso, quartos, banheiros, cozinhas, recep\u00e7\u00e3o e demais ambientes internos de resid\u00eancias, escrit\u00f3rios, hot\u00e9is e condom\u00ednios.<\/p>","protected":false},"featured_media":14082,"comment_status":"open","ping_status":"closed","template":"","meta":{"_acf_changed":false,"_joinchat":[]},"aplicacao":[267],"product_brand":[],"product_cat":[383,993,326,381],"product_tag":[],"class_list":{"0":"post-10442","1":"product","2":"type-product","3":"status-publish","4":"has-post-thumbnail","6":"aplicacao-iluminacao-interna-sensores-de-presenca","7":"product_cat-4x2","8":"product_cat-lancamentos","9":"product_cat-sensores-de-presenca-para-iluminacao","10":"product_cat-smart-x-control","12":"first","13":"instock","14":"shipping-taxable","15":"purchasable","16":"product-type-variable","17":"has-default-attributes"},"acf":[],"yoast_head":"<!-- This site is optimized with the Yoast SEO plugin v27.3 - https:\/\/yoast.com\/product\/yoast-seo-wordpress\/ -->\n<title>Sensor de presen\u00e7a de parede 4x2 Smart X-Control - EXATRON<\/title>\n<meta name=\"robots\" content=\"index, follow, max-snippet:-1, max-image-preview:large, max-video-preview:-1\" \/>\n<link rel=\"canonical\" href=\"https:\/\/www.exatron.com.br\/en\/produtos\/sensor-de-presenca-de-parede-4x2-smart-x-control\/\" \/>\n<meta property=\"og:locale\" content=\"en_US\" \/>\n<meta property=\"og:type\" content=\"article\" \/>\n<meta property=\"og:title\" content=\"Sensor de presen\u00e7a de parede 4x2 Smart X-Control - EXATRON\" \/>\n<meta property=\"og:description\" content=\"O Sensor de presen\u00e7a de parede 4x2 Smart X-Control \u00e9 um comando inteligente que se destina ao acionamento de cargas temporizadas. Este equipamento detecta a movimenta\u00e7\u00e3o de fontes de calor como pessoas e carros atrav\u00e9s de um sensor infravermelho, ligando uma l\u00e2mpada ou outro equipamento e desligando-a ap\u00f3s a aus\u00eancia ou sessar de acordo com o tempo programado. Com a exclusiva tecnologia Smart X-Control, atrav\u00e9s do smartphone \u00e9 poss\u00edvel configurar o sensor em segundos, sem a necessidade de abri-los e se expor \u00e0 energia el\u00e9trica ou ent\u00e3o ter que desligar os disjuntores.  Ideal para o controle de ilumina\u00e7\u00e3o de corredores, escadas, garagens, entradas de acesso, quartos, banheiros, cozinhas, recep\u00e7\u00e3o e demais ambientes internos de resid\u00eancias, escrit\u00f3rios, hot\u00e9is e condom\u00ednios.\" \/>\n<meta property=\"og:url\" content=\"https:\/\/www.exatron.com.br\/en\/produtos\/sensor-de-presenca-de-parede-4x2-smart-x-control\/\" \/>\n<meta property=\"og:site_name\" content=\"EXATRON\" \/>\n<meta property=\"article:modified_time\" content=\"2026-04-20T11:43:41+00:00\" \/>\n<meta property=\"og:image\" content=\"https:\/\/www.exatron.com.br\/wp-content\/uploads\/lesp4000xc2bc-01.png\" \/>\n\t<meta property=\"og:image:width\" content=\"1000\" \/>\n\t<meta property=\"og:image:height\" content=\"1000\" \/>\n\t<meta property=\"og:image:type\" content=\"image\/png\" \/>\n<meta name=\"twitter:card\" content=\"summary_large_image\" \/>\n<meta name=\"twitter:label1\" content=\"Est. reading time\" \/>\n\t<meta name=\"twitter:data1\" content=\"2 minutes\" \/>\n<script type=\"application\/ld+json\" class=\"yoast-schema-graph\">{\"@context\":\"https:\\\/\\\/schema.org\",\"@graph\":[{\"@type\":\"WebPage\",\"@id\":\"https:\\\/\\\/www.exatron.com.br\\\/produtos\\\/sensor-de-presenca-de-parede-4x2-smart-x-control\\\/\",\"url\":\"https:\\\/\\\/www.exatron.com.br\\\/produtos\\\/sensor-de-presenca-de-parede-4x2-smart-x-control\\\/\",\"name\":\"Sensor de presen\u00e7a de parede 4x2 Smart X-Control - EXATRON\",\"isPartOf\":{\"@id\":\"https:\\\/\\\/www.exatron.com.br\\\/#website\"},\"primaryImageOfPage\":{\"@id\":\"https:\\\/\\\/www.exatron.com.br\\\/produtos\\\/sensor-de-presenca-de-parede-4x2-smart-x-control\\\/#primaryimage\"},\"image\":{\"@id\":\"https:\\\/\\\/www.exatron.com.br\\\/produtos\\\/sensor-de-presenca-de-parede-4x2-smart-x-control\\\/#primaryimage\"},\"thumbnailUrl\":\"https:\\\/\\\/www.exatron.com.br\\\/wp-content\\\/uploads\\\/lesp4000xc2bc-01.png\",\"datePublished\":\"2025-12-08T15:08:35+00:00\",\"dateModified\":\"2026-04-20T11:43:41+00:00\",\"breadcrumb\":{\"@id\":\"https:\\\/\\\/www.exatron.com.br\\\/produtos\\\/sensor-de-presenca-de-parede-4x2-smart-x-control\\\/#breadcrumb\"},\"inLanguage\":\"en-US\",\"potentialAction\":[{\"@type\":\"ReadAction\",\"target\":[\"https:\\\/\\\/www.exatron.com.br\\\/produtos\\\/sensor-de-presenca-de-parede-4x2-smart-x-control\\\/\"]}]},{\"@type\":\"ImageObject\",\"inLanguage\":\"en-US\",\"@id\":\"https:\\\/\\\/www.exatron.com.br\\\/produtos\\\/sensor-de-presenca-de-parede-4x2-smart-x-control\\\/#primaryimage\",\"url\":\"https:\\\/\\\/www.exatron.com.br\\\/wp-content\\\/uploads\\\/lesp4000xc2bc-01.png\",\"contentUrl\":\"https:\\\/\\\/www.exatron.com.br\\\/wp-content\\\/uploads\\\/lesp4000xc2bc-01.png\",\"width\":1000,\"height\":1000,\"caption\":\"Sensor de presen\u00e7a de parede 4\u00d72 Smart X-Control 2.0\"},{\"@type\":\"BreadcrumbList\",\"@id\":\"https:\\\/\\\/www.exatron.com.br\\\/produtos\\\/sensor-de-presenca-de-parede-4x2-smart-x-control\\\/#breadcrumb\",\"itemListElement\":[{\"@type\":\"ListItem\",\"position\":1,\"name\":\"In\u00edcio\",\"item\":\"https:\\\/\\\/www.exatron.com.br\\\/\"},{\"@type\":\"ListItem\",\"position\":2,\"name\":\"Loja\",\"item\":\"https:\\\/\\\/www.exatron.com.br\\\/loja\\\/\"},{\"@type\":\"ListItem\",\"position\":3,\"name\":\"Sensor de presen\u00e7a de parede 4&#215;2 Smart X-Control\"}]},{\"@type\":\"WebSite\",\"@id\":\"https:\\\/\\\/www.exatron.com.br\\\/#website\",\"url\":\"https:\\\/\\\/www.exatron.com.br\\\/\",\"name\":\"EXATRON\",\"description\":\"\",\"publisher\":{\"@id\":\"https:\\\/\\\/www.exatron.com.br\\\/#organization\"},\"potentialAction\":[{\"@type\":\"SearchAction\",\"target\":{\"@type\":\"EntryPoint\",\"urlTemplate\":\"https:\\\/\\\/www.exatron.com.br\\\/?s={search_term_string}\"},\"query-input\":{\"@type\":\"PropertyValueSpecification\",\"valueRequired\":true,\"valueName\":\"search_term_string\"}}],\"inLanguage\":\"en-US\"},{\"@type\":\"Organization\",\"@id\":\"https:\\\/\\\/www.exatron.com.br\\\/#organization\",\"name\":\"EXATRON\",\"url\":\"https:\\\/\\\/www.exatron.com.br\\\/\",\"logo\":{\"@type\":\"ImageObject\",\"inLanguage\":\"en-US\",\"@id\":\"https:\\\/\\\/www.exatron.com.br\\\/#\\\/schema\\\/logo\\\/image\\\/\",\"url\":\"https:\\\/\\\/www.exatron.com.br\\\/wp-content\\\/uploads\\\/2024\\\/11\\\/default-kit.png\",\"contentUrl\":\"https:\\\/\\\/www.exatron.com.br\\\/wp-content\\\/uploads\\\/2024\\\/11\\\/default-kit.png\",\"width\":956,\"height\":192,\"caption\":\"EXATRON\"},\"image\":{\"@id\":\"https:\\\/\\\/www.exatron.com.br\\\/#\\\/schema\\\/logo\\\/image\\\/\"}}]}<\/script>\n<!-- \/ Yoast SEO plugin. -->","yoast_head_json":{"title":"Sensor de presen\u00e7a de parede 4x2 Smart X-Control - EXATRON","robots":{"index":"index","follow":"follow","max-snippet":"max-snippet:-1","max-image-preview":"max-image-preview:large","max-video-preview":"max-video-preview:-1"},"canonical":"https:\/\/www.exatron.com.br\/en\/produtos\/sensor-de-presenca-de-parede-4x2-smart-x-control\/","og_locale":"en_US","og_type":"article","og_title":"Sensor de presen\u00e7a de parede 4x2 Smart X-Control - EXATRON","og_description":"O Sensor de presen\u00e7a de parede 4x2 Smart X-Control \u00e9 um comando inteligente que se destina ao acionamento de cargas temporizadas. Este equipamento detecta a movimenta\u00e7\u00e3o de fontes de calor como pessoas e carros atrav\u00e9s de um sensor infravermelho, ligando uma l\u00e2mpada ou outro equipamento e desligando-a ap\u00f3s a aus\u00eancia ou sessar de acordo com o tempo programado. Com a exclusiva tecnologia Smart X-Control, atrav\u00e9s do smartphone \u00e9 poss\u00edvel configurar o sensor em segundos, sem a necessidade de abri-los e se expor \u00e0 energia el\u00e9trica ou ent\u00e3o ter que desligar os disjuntores.  Ideal para o controle de ilumina\u00e7\u00e3o de corredores, escadas, garagens, entradas de acesso, quartos, banheiros, cozinhas, recep\u00e7\u00e3o e demais ambientes internos de resid\u00eancias, escrit\u00f3rios, hot\u00e9is e condom\u00ednios.","og_url":"https:\/\/www.exatron.com.br\/en\/produtos\/sensor-de-presenca-de-parede-4x2-smart-x-control\/","og_site_name":"EXATRON","article_modified_time":"2026-04-20T11:43:41+00:00","og_image":[{"width":1000,"height":1000,"url":"https:\/\/www.exatron.com.br\/wp-content\/uploads\/lesp4000xc2bc-01.png","type":"image\/png"}],"twitter_card":"summary_large_image","twitter_misc":{"Est. reading time":"2 minutes"},"schema":{"@context":"https:\/\/schema.org","@graph":[{"@type":"WebPage","@id":"https:\/\/www.exatron.com.br\/produtos\/sensor-de-presenca-de-parede-4x2-smart-x-control\/","url":"https:\/\/www.exatron.com.br\/produtos\/sensor-de-presenca-de-parede-4x2-smart-x-control\/","name":"Sensor de presen\u00e7a de parede 4x2 Smart X-Control - EXATRON","isPartOf":{"@id":"https:\/\/www.exatron.com.br\/#website"},"primaryImageOfPage":{"@id":"https:\/\/www.exatron.com.br\/produtos\/sensor-de-presenca-de-parede-4x2-smart-x-control\/#primaryimage"},"image":{"@id":"https:\/\/www.exatron.com.br\/produtos\/sensor-de-presenca-de-parede-4x2-smart-x-control\/#primaryimage"},"thumbnailUrl":"https:\/\/www.exatron.com.br\/wp-content\/uploads\/lesp4000xc2bc-01.png","datePublished":"2025-12-08T15:08:35+00:00","dateModified":"2026-04-20T11:43:41+00:00","breadcrumb":{"@id":"https:\/\/www.exatron.com.br\/produtos\/sensor-de-presenca-de-parede-4x2-smart-x-control\/#breadcrumb"},"inLanguage":"en-US","potentialAction":[{"@type":"ReadAction","target":["https:\/\/www.exatron.com.br\/produtos\/sensor-de-presenca-de-parede-4x2-smart-x-control\/"]}]},{"@type":"ImageObject","inLanguage":"en-US","@id":"https:\/\/www.exatron.com.br\/produtos\/sensor-de-presenca-de-parede-4x2-smart-x-control\/#primaryimage","url":"https:\/\/www.exatron.com.br\/wp-content\/uploads\/lesp4000xc2bc-01.png","contentUrl":"https:\/\/www.exatron.com.br\/wp-content\/uploads\/lesp4000xc2bc-01.png","width":1000,"height":1000,"caption":"Sensor de presen\u00e7a de parede 4\u00d72 Smart X-Control 2.0"},{"@type":"BreadcrumbList","@id":"https:\/\/www.exatron.com.br\/produtos\/sensor-de-presenca-de-parede-4x2-smart-x-control\/#breadcrumb","itemListElement":[{"@type":"ListItem","position":1,"name":"In\u00edcio","item":"https:\/\/www.exatron.com.br\/"},{"@type":"ListItem","position":2,"name":"Loja","item":"https:\/\/www.exatron.com.br\/loja\/"},{"@type":"ListItem","position":3,"name":"Sensor de presen\u00e7a de parede 4&#215;2 Smart X-Control"}]},{"@type":"WebSite","@id":"https:\/\/www.exatron.com.br\/#website","url":"https:\/\/www.exatron.com.br\/","name":"EXATRON","description":"","publisher":{"@id":"https:\/\/www.exatron.com.br\/#organization"},"potentialAction":[{"@type":"SearchAction","target":{"@type":"EntryPoint","urlTemplate":"https:\/\/www.exatron.com.br\/?s={search_term_string}"},"query-input":{"@type":"PropertyValueSpecification","valueRequired":true,"valueName":"search_term_string"}}],"inLanguage":"en-US"},{"@type":"Organization","@id":"https:\/\/www.exatron.com.br\/#organization","name":"EXATRON","url":"https:\/\/www.exatron.com.br\/","logo":{"@type":"ImageObject","inLanguage":"en-US","@id":"https:\/\/www.exatron.com.br\/#\/schema\/logo\/image\/","url":"https:\/\/www.exatron.com.br\/wp-content\/uploads\/2024\/11\/default-kit.png","contentUrl":"https:\/\/www.exatron.com.br\/wp-content\/uploads\/2024\/11\/default-kit.png","width":956,"height":192,"caption":"EXATRON"},"image":{"@id":"https:\/\/www.exatron.com.br\/#\/schema\/logo\/image\/"}}]}},"_links":{"self":[{"href":"https:\/\/www.exatron.com.br\/en\/wp-json\/wp\/v2\/product\/10442","targetHints":{"allow":["GET"]}}],"collection":[{"href":"https:\/\/www.exatron.com.br\/en\/wp-json\/wp\/v2\/product"}],"about":[{"href":"https:\/\/www.exatron.com.br\/en\/wp-json\/wp\/v2\/types\/product"}],"replies":[{"embeddable":true,"href":"https:\/\/www.exatron.com.br\/en\/wp-json\/wp\/v2\/comments?post=10442"}],"wp:featuredmedia":[{"embeddable":true,"href":"https:\/\/www.exatron.com.br\/en\/wp-json\/wp\/v2\/media\/14082"}],"wp:attachment":[{"href":"https:\/\/www.exatron.com.br\/en\/wp-json\/wp\/v2\/media?parent=10442"}],"wp:term":[{"taxonomy":"aplicacao","embeddable":true,"href":"https:\/\/www.exatron.com.br\/en\/wp-json\/wp\/v2\/aplicacao?post=10442"},{"taxonomy":"product_brand","embeddable":true,"href":"https:\/\/www.exatron.com.br\/en\/wp-json\/wp\/v2\/product_brand?post=10442"},{"taxonomy":"product_cat","embeddable":true,"href":"https:\/\/www.exatron.com.br\/en\/wp-json\/wp\/v2\/product_cat?post=10442"},{"taxonomy":"product_tag","embeddable":true,"href":"https:\/\/www.exatron.com.br\/en\/wp-json\/wp\/v2\/product_tag?post=10442"}],"curies":[{"name":"wp","href":"https:\/\/api.w.org\/{rel}","templated":true}]}}