{"id":10443,"date":"2025-12-08T15:08:35","date_gmt":"2025-12-08T15:08:35","guid":{"rendered":"https:\/\/exatron.com.br\/produtos\/modulo-um-terco-sensor-de-presenca-de-parede-bivolt-120-smart-x-control\/"},"modified":"2026-04-20T08:43:50","modified_gmt":"2026-04-20T11:43:50","slug":"modulo-um-terco-sensor-de-presenca-de-parede-bivolt-120-smart-x-control","status":"publish","type":"product","link":"https:\/\/www.exatron.com.br\/en\/produtos\/modulo-um-terco-sensor-de-presenca-de-parede-bivolt-120-smart-x-control\/","title":{"rendered":"1\/3 Module Wall Mount Presence Sensor Bivolt 120\u00b0 Smart X-Control"},"content":{"rendered":"<h3>Technical Specifications<\/h3>\n<ul>\n<li>Tens\u00e3o nominal: 100-240V~;<\/li>\n<li>Consumo pr\u00f3prio: &lt;1W;<\/li>\n<li>Operating frequency: 50\/60Hz;<\/li>\n<li>Prote\u00e7\u00e3o contra surto: 1KV;<\/li>\n<li>\u00c1rea de cobertura: 120\u00b0 com alcance de at\u00e9 7m de di\u00e2metro e temperatura ambiente de 25\u00b0C, em uma altura aproximadamente 1,2m;<\/li>\n<li>Conex\u00e3o el\u00e9trica: Conector de fios de 0,5mm\u00b2 at\u00e9 2,5mm\u00b2 (n\u00e3o acompanha fios);<\/li>\n<li>Observa\u00e7\u00e3o: Este produto possui tecnologia microprocessada e configura\u00e7\u00e3o pelo APP Smart X-Control;<\/li>\n<li>Regulagem de tempo: 1 e 30 segundos, 1, 3, 5, 10, 15, 20, 25, 30 e 45 minutos e 1, 2, 3 e 4 horas;<\/li>\n<li>Sensor de Luminosidade (LUX-FOTOC\u00c9LULA): MIN (\u00e0 noite), MAX (entardecer) e OFF (sem fotoc\u00e9lula);<\/li>\n<li>Regulagem de sensibilidade: 1 (movimentos bruscos) a 3 (maior alcance);<\/li>\n<li>Relay Function: The sensor functions as a timed photocontrolled relay. At dusk, it keeps the load switched on for the programmed time (0:30 to 12 hours) and then returns to sensor function.<\/li>\n<li>Reset function: Returns the product settings to factory defaults;<\/li>\n<li>Exclusive Inrush Control Technology, a near-zero network switching system (sine wave) that increases the lifespan of the load assembly (lamps, ballast, and sensor);<\/li>\n<li>Possui LED indicador de funcionamento e de detec\u00e7\u00e3o na cor VERDE &#8211; quando o produto est\u00e1 operando no modo Fun\u00e7\u00e3o Rel\u00e9, o LED oscila (pisca lentamente e de maneira gradual);<\/li>\n<li>Possui LED para confirma\u00e7\u00e3o no sucesso de grava\u00e7\u00e3o dos par\u00e2metros configurados na cor VERMELHA;<\/li>\n<li>The sensor saves the previously configured parameters (timer settings, brightness, sensitivity, and operating mode) in case of power failure and restoration;<\/li>\n<li>The maximum drive power should not be added together in parallel installations;<\/li>\n<li>Energy savings of up to 75%;<\/li>\n<li>Components: plastics, electronics, and metal alloys;<\/li>\n<li>Configura\u00e7\u00e3o de f\u00e1brica: Tempo: 03 minutos, Fotoc\u00e9lula: OFF &#8211; Desativada e Sensibilidade: M\u00e1xima;<\/li>\n<li>Protection rating: IP32;<\/li>\n<li>Garantia: 02 anos;<\/li>\n<li>Dimens\u00f5es (CxLxA): 44,66&#215;47,45&#215;20,50mm;<\/li>\n<li>Pot\u00eancia de Comando:<\/li>\n<\/ul>\n<figure class=\"table\">\n<table>\n<thead>\n<tr>\n<th>Food<\/th>\n<th>Electronics\/LED\/Halogen<\/th>\n<\/tr>\n<\/thead>\n<tbody>\n<tr>\n<td>220V<\/td>\n<td>220W<\/td>\n<\/tr>\n<tr>\n<td>127V<\/td>\n<td>120W<\/td>\n<\/tr>\n<tr>\n<td colspan=\"2\">THD&lt;20% and FP&gt;0.90<\/td>\n<\/tr>\n<\/tbody>\n<\/table>\n<\/figure>","protected":false},"excerpt":{"rendered":"<p>O M\u00f3dulo 1\/3 Sensor de Presen\u00e7a de Parede Smart X-Control (LEMOSP006XC2) \u00e9 uma solu\u00e7\u00e3o inteligente para o controle temporizado de cargas. Equipado com um sensor infravermelho, o dispositivo detecta movimentos de fontes de calor, como pessoas e ve\u00edculos, acionando e mantendo a carga ligada enquanto houver presen\u00e7a detectada. Ap\u00f3s a \u00faltima detec\u00e7\u00e3o, desliga-se automaticamente ap\u00f3s o tempo programado.<\/p>\n<p>Compat\u00edvel com todos os conjuntos e m\u00f3dulos da linha el\u00e9trica MyX da Exatron, garante versatilidade e integra\u00e7\u00e3o perfeita em diversas instala\u00e7\u00f5es.<\/p>\n<p>Conta com a tecnologia Smart X-Control que permite configurar o sensor diretamente pelo smartphone, sem a necessidade de abrir o dispositivo ou se expor \u00e0 energia el\u00e9trica. O aplicativo Smart X-Control est\u00e1 dispon\u00edvel para dispositivos iOS e Android, oferecendo praticidade e seguran\u00e7a na configura\u00e7\u00e3o.<\/p>\n<p>Otimize seu ambiente com tecnologia e seguran\u00e7a de ponta com o M\u00f3dulo 1\/3 Sensor de Presen\u00e7a de Parede Smart X-Control.<\/p>","protected":false},"featured_media":14421,"comment_status":"open","ping_status":"closed","template":"","meta":{"_acf_changed":false,"_joinchat":[]},"aplicacao":[267],"product_brand":[],"product_cat":[993,325,373,326,381],"product_tag":[633,634,635],"class_list":{"0":"post-10443","1":"product","2":"type-product","3":"status-publish","4":"has-post-thumbnail","6":"aplicacao-iluminacao-interna-sensores-de-presenca","7":"product_cat-lancamentos","8":"product_cat-linha-eletrica","9":"product_cat-modulos","10":"product_cat-sensores-de-presenca-para-iluminacao","11":"product_cat-smart-x-control","12":"product_tag-modulo-de-sensor-de-presenca","13":"product_tag-sensor-de-presenca-de-parede","14":"product_tag-sensor-de-presenca-para-iluminacao","16":"first","17":"instock","18":"shipping-taxable","19":"purchasable","20":"product-type-variable","21":"has-default-attributes"},"acf":[],"yoast_head":"<!-- This site is optimized with the Yoast SEO plugin v27.3 - https:\/\/yoast.com\/product\/yoast-seo-wordpress\/ -->\n<title>M\u00f3dulo 1\/3 Sensor de Presen\u00e7a de Parede Bivolt 120\u00b0 Smart X-Control - EXATRON<\/title>\n<meta name=\"description\" content=\"Sensor de Presen\u00e7a Smart X-Control: aciona cargas via infravermelho e configura\u00e7\u00f5es pelo smartphone.\" \/>\n<meta name=\"robots\" content=\"index, follow, max-snippet:-1, max-image-preview:large, max-video-preview:-1\" \/>\n<link rel=\"canonical\" href=\"https:\/\/www.exatron.com.br\/en\/produtos\/modulo-um-terco-sensor-de-presenca-de-parede-bivolt-120-smart-x-control\/\" \/>\n<meta property=\"og:locale\" content=\"en_US\" \/>\n<meta property=\"og:type\" content=\"article\" \/>\n<meta property=\"og:title\" content=\"M\u00f3dulo 1\/3 Sensor de Presen\u00e7a de Parede Bivolt 120\u00b0 Smart X-Control - EXATRON\" \/>\n<meta property=\"og:description\" content=\"Sensor de Presen\u00e7a Smart X-Control: aciona cargas via infravermelho e configura\u00e7\u00f5es pelo smartphone.\" \/>\n<meta property=\"og:url\" content=\"https:\/\/www.exatron.com.br\/en\/produtos\/modulo-um-terco-sensor-de-presenca-de-parede-bivolt-120-smart-x-control\/\" \/>\n<meta property=\"og:site_name\" content=\"EXATRON\" \/>\n<meta property=\"article:modified_time\" content=\"2026-04-20T11:43:50+00:00\" \/>\n<meta property=\"og:image\" content=\"https:\/\/www.exatron.com.br\/wp-content\/uploads\/lemosp4006xc2bc1.png\" \/>\n\t<meta property=\"og:image:width\" content=\"1000\" \/>\n\t<meta property=\"og:image:height\" content=\"1000\" \/>\n\t<meta property=\"og:image:type\" content=\"image\/png\" \/>\n<meta name=\"twitter:card\" content=\"summary_large_image\" \/>\n<meta name=\"twitter:label1\" content=\"Est. reading time\" \/>\n\t<meta name=\"twitter:data1\" content=\"2 minutes\" \/>\n<script type=\"application\/ld+json\" class=\"yoast-schema-graph\">{\"@context\":\"https:\\\/\\\/schema.org\",\"@graph\":[{\"@type\":\"WebPage\",\"@id\":\"https:\\\/\\\/www.exatron.com.br\\\/produtos\\\/modulo-um-terco-sensor-de-presenca-de-parede-bivolt-120-smart-x-control\\\/\",\"url\":\"https:\\\/\\\/www.exatron.com.br\\\/produtos\\\/modulo-um-terco-sensor-de-presenca-de-parede-bivolt-120-smart-x-control\\\/\",\"name\":\"M\u00f3dulo 1\\\/3 Sensor de Presen\u00e7a de Parede Bivolt 120\u00b0 Smart X-Control - EXATRON\",\"isPartOf\":{\"@id\":\"https:\\\/\\\/www.exatron.com.br\\\/#website\"},\"primaryImageOfPage\":{\"@id\":\"https:\\\/\\\/www.exatron.com.br\\\/produtos\\\/modulo-um-terco-sensor-de-presenca-de-parede-bivolt-120-smart-x-control\\\/#primaryimage\"},\"image\":{\"@id\":\"https:\\\/\\\/www.exatron.com.br\\\/produtos\\\/modulo-um-terco-sensor-de-presenca-de-parede-bivolt-120-smart-x-control\\\/#primaryimage\"},\"thumbnailUrl\":\"https:\\\/\\\/www.exatron.com.br\\\/wp-content\\\/uploads\\\/lemosp4006xc2bc1.png\",\"datePublished\":\"2025-12-08T15:08:35+00:00\",\"dateModified\":\"2026-04-20T11:43:50+00:00\",\"description\":\"Sensor de Presen\u00e7a Smart X-Control: aciona cargas via infravermelho e configura\u00e7\u00f5es pelo smartphone.\",\"breadcrumb\":{\"@id\":\"https:\\\/\\\/www.exatron.com.br\\\/produtos\\\/modulo-um-terco-sensor-de-presenca-de-parede-bivolt-120-smart-x-control\\\/#breadcrumb\"},\"inLanguage\":\"en-US\",\"potentialAction\":[{\"@type\":\"ReadAction\",\"target\":[\"https:\\\/\\\/www.exatron.com.br\\\/produtos\\\/modulo-um-terco-sensor-de-presenca-de-parede-bivolt-120-smart-x-control\\\/\"]}]},{\"@type\":\"ImageObject\",\"inLanguage\":\"en-US\",\"@id\":\"https:\\\/\\\/www.exatron.com.br\\\/produtos\\\/modulo-um-terco-sensor-de-presenca-de-parede-bivolt-120-smart-x-control\\\/#primaryimage\",\"url\":\"https:\\\/\\\/www.exatron.com.br\\\/wp-content\\\/uploads\\\/lemosp4006xc2bc1.png\",\"contentUrl\":\"https:\\\/\\\/www.exatron.com.br\\\/wp-content\\\/uploads\\\/lemosp4006xc2bc1.png\",\"width\":1000,\"height\":1000,\"caption\":\"M\u00f3dulo 1\\\/3 Sensor de Presen\u00e7a de Parede Smart X-Control 2.0 - lado 1\"},{\"@type\":\"BreadcrumbList\",\"@id\":\"https:\\\/\\\/www.exatron.com.br\\\/produtos\\\/modulo-um-terco-sensor-de-presenca-de-parede-bivolt-120-smart-x-control\\\/#breadcrumb\",\"itemListElement\":[{\"@type\":\"ListItem\",\"position\":1,\"name\":\"In\u00edcio\",\"item\":\"https:\\\/\\\/www.exatron.com.br\\\/\"},{\"@type\":\"ListItem\",\"position\":2,\"name\":\"Loja\",\"item\":\"https:\\\/\\\/www.exatron.com.br\\\/loja\\\/\"},{\"@type\":\"ListItem\",\"position\":3,\"name\":\"M\u00f3dulo 1\\\/3 Sensor de Presen\u00e7a de Parede Bivolt 120\u00b0 Smart X-Control\"}]},{\"@type\":\"WebSite\",\"@id\":\"https:\\\/\\\/www.exatron.com.br\\\/#website\",\"url\":\"https:\\\/\\\/www.exatron.com.br\\\/\",\"name\":\"EXATRON\",\"description\":\"\",\"publisher\":{\"@id\":\"https:\\\/\\\/www.exatron.com.br\\\/#organization\"},\"potentialAction\":[{\"@type\":\"SearchAction\",\"target\":{\"@type\":\"EntryPoint\",\"urlTemplate\":\"https:\\\/\\\/www.exatron.com.br\\\/?s={search_term_string}\"},\"query-input\":{\"@type\":\"PropertyValueSpecification\",\"valueRequired\":true,\"valueName\":\"search_term_string\"}}],\"inLanguage\":\"en-US\"},{\"@type\":\"Organization\",\"@id\":\"https:\\\/\\\/www.exatron.com.br\\\/#organization\",\"name\":\"EXATRON\",\"url\":\"https:\\\/\\\/www.exatron.com.br\\\/\",\"logo\":{\"@type\":\"ImageObject\",\"inLanguage\":\"en-US\",\"@id\":\"https:\\\/\\\/www.exatron.com.br\\\/#\\\/schema\\\/logo\\\/image\\\/\",\"url\":\"https:\\\/\\\/www.exatron.com.br\\\/wp-content\\\/uploads\\\/2024\\\/11\\\/default-kit.png\",\"contentUrl\":\"https:\\\/\\\/www.exatron.com.br\\\/wp-content\\\/uploads\\\/2024\\\/11\\\/default-kit.png\",\"width\":956,\"height\":192,\"caption\":\"EXATRON\"},\"image\":{\"@id\":\"https:\\\/\\\/www.exatron.com.br\\\/#\\\/schema\\\/logo\\\/image\\\/\"}}]}<\/script>\n<!-- \/ Yoast SEO plugin. -->","yoast_head_json":{"title":"M\u00f3dulo 1\/3 Sensor de Presen\u00e7a de Parede Bivolt 120\u00b0 Smart X-Control - EXATRON","description":"Sensor de Presen\u00e7a Smart X-Control: aciona cargas via infravermelho e configura\u00e7\u00f5es pelo smartphone.","robots":{"index":"index","follow":"follow","max-snippet":"max-snippet:-1","max-image-preview":"max-image-preview:large","max-video-preview":"max-video-preview:-1"},"canonical":"https:\/\/www.exatron.com.br\/en\/produtos\/modulo-um-terco-sensor-de-presenca-de-parede-bivolt-120-smart-x-control\/","og_locale":"en_US","og_type":"article","og_title":"M\u00f3dulo 1\/3 Sensor de Presen\u00e7a de Parede Bivolt 120\u00b0 Smart X-Control - EXATRON","og_description":"Sensor de Presen\u00e7a Smart X-Control: aciona cargas via infravermelho e configura\u00e7\u00f5es pelo smartphone.","og_url":"https:\/\/www.exatron.com.br\/en\/produtos\/modulo-um-terco-sensor-de-presenca-de-parede-bivolt-120-smart-x-control\/","og_site_name":"EXATRON","article_modified_time":"2026-04-20T11:43:50+00:00","og_image":[{"width":1000,"height":1000,"url":"https:\/\/www.exatron.com.br\/wp-content\/uploads\/lemosp4006xc2bc1.png","type":"image\/png"}],"twitter_card":"summary_large_image","twitter_misc":{"Est. reading time":"2 minutes"},"schema":{"@context":"https:\/\/schema.org","@graph":[{"@type":"WebPage","@id":"https:\/\/www.exatron.com.br\/produtos\/modulo-um-terco-sensor-de-presenca-de-parede-bivolt-120-smart-x-control\/","url":"https:\/\/www.exatron.com.br\/produtos\/modulo-um-terco-sensor-de-presenca-de-parede-bivolt-120-smart-x-control\/","name":"M\u00f3dulo 1\/3 Sensor de Presen\u00e7a de Parede Bivolt 120\u00b0 Smart X-Control - EXATRON","isPartOf":{"@id":"https:\/\/www.exatron.com.br\/#website"},"primaryImageOfPage":{"@id":"https:\/\/www.exatron.com.br\/produtos\/modulo-um-terco-sensor-de-presenca-de-parede-bivolt-120-smart-x-control\/#primaryimage"},"image":{"@id":"https:\/\/www.exatron.com.br\/produtos\/modulo-um-terco-sensor-de-presenca-de-parede-bivolt-120-smart-x-control\/#primaryimage"},"thumbnailUrl":"https:\/\/www.exatron.com.br\/wp-content\/uploads\/lemosp4006xc2bc1.png","datePublished":"2025-12-08T15:08:35+00:00","dateModified":"2026-04-20T11:43:50+00:00","description":"Sensor de Presen\u00e7a Smart X-Control: aciona cargas via infravermelho e configura\u00e7\u00f5es pelo smartphone.","breadcrumb":{"@id":"https:\/\/www.exatron.com.br\/produtos\/modulo-um-terco-sensor-de-presenca-de-parede-bivolt-120-smart-x-control\/#breadcrumb"},"inLanguage":"en-US","potentialAction":[{"@type":"ReadAction","target":["https:\/\/www.exatron.com.br\/produtos\/modulo-um-terco-sensor-de-presenca-de-parede-bivolt-120-smart-x-control\/"]}]},{"@type":"ImageObject","inLanguage":"en-US","@id":"https:\/\/www.exatron.com.br\/produtos\/modulo-um-terco-sensor-de-presenca-de-parede-bivolt-120-smart-x-control\/#primaryimage","url":"https:\/\/www.exatron.com.br\/wp-content\/uploads\/lemosp4006xc2bc1.png","contentUrl":"https:\/\/www.exatron.com.br\/wp-content\/uploads\/lemosp4006xc2bc1.png","width":1000,"height":1000,"caption":"M\u00f3dulo 1\/3 Sensor de Presen\u00e7a de Parede Smart X-Control 2.0 - lado 1"},{"@type":"BreadcrumbList","@id":"https:\/\/www.exatron.com.br\/produtos\/modulo-um-terco-sensor-de-presenca-de-parede-bivolt-120-smart-x-control\/#breadcrumb","itemListElement":[{"@type":"ListItem","position":1,"name":"In\u00edcio","item":"https:\/\/www.exatron.com.br\/"},{"@type":"ListItem","position":2,"name":"Loja","item":"https:\/\/www.exatron.com.br\/loja\/"},{"@type":"ListItem","position":3,"name":"M\u00f3dulo 1\/3 Sensor de Presen\u00e7a de Parede Bivolt 120\u00b0 Smart X-Control"}]},{"@type":"WebSite","@id":"https:\/\/www.exatron.com.br\/#website","url":"https:\/\/www.exatron.com.br\/","name":"EXATRON","description":"","publisher":{"@id":"https:\/\/www.exatron.com.br\/#organization"},"potentialAction":[{"@type":"SearchAction","target":{"@type":"EntryPoint","urlTemplate":"https:\/\/www.exatron.com.br\/?s={search_term_string}"},"query-input":{"@type":"PropertyValueSpecification","valueRequired":true,"valueName":"search_term_string"}}],"inLanguage":"en-US"},{"@type":"Organization","@id":"https:\/\/www.exatron.com.br\/#organization","name":"EXATRON","url":"https:\/\/www.exatron.com.br\/","logo":{"@type":"ImageObject","inLanguage":"en-US","@id":"https:\/\/www.exatron.com.br\/#\/schema\/logo\/image\/","url":"https:\/\/www.exatron.com.br\/wp-content\/uploads\/2024\/11\/default-kit.png","contentUrl":"https:\/\/www.exatron.com.br\/wp-content\/uploads\/2024\/11\/default-kit.png","width":956,"height":192,"caption":"EXATRON"},"image":{"@id":"https:\/\/www.exatron.com.br\/#\/schema\/logo\/image\/"}}]}},"_links":{"self":[{"href":"https:\/\/www.exatron.com.br\/en\/wp-json\/wp\/v2\/product\/10443","targetHints":{"allow":["GET"]}}],"collection":[{"href":"https:\/\/www.exatron.com.br\/en\/wp-json\/wp\/v2\/product"}],"about":[{"href":"https:\/\/www.exatron.com.br\/en\/wp-json\/wp\/v2\/types\/product"}],"replies":[{"embeddable":true,"href":"https:\/\/www.exatron.com.br\/en\/wp-json\/wp\/v2\/comments?post=10443"}],"wp:featuredmedia":[{"embeddable":true,"href":"https:\/\/www.exatron.com.br\/en\/wp-json\/wp\/v2\/media\/14421"}],"wp:attachment":[{"href":"https:\/\/www.exatron.com.br\/en\/wp-json\/wp\/v2\/media?parent=10443"}],"wp:term":[{"taxonomy":"aplicacao","embeddable":true,"href":"https:\/\/www.exatron.com.br\/en\/wp-json\/wp\/v2\/aplicacao?post=10443"},{"taxonomy":"product_brand","embeddable":true,"href":"https:\/\/www.exatron.com.br\/en\/wp-json\/wp\/v2\/product_brand?post=10443"},{"taxonomy":"product_cat","embeddable":true,"href":"https:\/\/www.exatron.com.br\/en\/wp-json\/wp\/v2\/product_cat?post=10443"},{"taxonomy":"product_tag","embeddable":true,"href":"https:\/\/www.exatron.com.br\/en\/wp-json\/wp\/v2\/product_tag?post=10443"}],"curies":[{"name":"wp","href":"https:\/\/api.w.org\/{rel}","templated":true}]}}