{"id":10453,"date":"2025-12-08T15:08:50","date_gmt":"2025-12-08T15:08:50","guid":{"rendered":"https:\/\/exatron.com.br\/produtos\/sensor-de-presenca-soquete-e27-3280-smart-x-control\/"},"modified":"2026-04-14T11:09:34","modified_gmt":"2026-04-14T14:09:34","slug":"sensor-de-presenca-soquete-e27-3280-smart-x-control","status":"publish","type":"product","link":"https:\/\/www.exatron.com.br\/en\/produtos\/sensor-de-presenca-soquete-e27-3280-smart-x-control\/","title":{"rendered":"E27 Socket 328\u00b0 Smart X-Control Presence Sensor"},"content":{"rendered":"<h3>Technical Specifications<\/h3>\n<ul>\n<li>Tens\u00e3o: 100-240V~ 50-60Hz | bivolt autom\u00e1tico;<\/li>\n<li>Power consumption: &lt;1W;<\/li>\n<li>Temperatura de opera\u00e7\u00e3o: -5\u00b0 a +40\u00b0C;<\/li>\n<li>Conex\u00e3o El\u00e9trica: Diretamente na rosca E27 de sua resid\u00eancia;<\/li>\n<li>Energy savings of up to 75%;<\/li>\n<li>Comanda qualquer tipo de l\u00e2mpada com soquetes modelo E27;<\/li>\n<li>F\u00e1cil instala\u00e7\u00e3o;<\/li>\n<li>Elevada imunidade a ru\u00eddos;<\/li>\n<li>\u00c2ngulo de Cobertura do sensor: 2 \u00e1reas de 164\u00ba cada (total 328\u00ba de cobertura);<\/li>\n<li>Alcance do sensor: at\u00e9 \u00d8 7m (altura de 2,4 m) \u00e0 25\u00b0C.;<\/li>\n<li>Regulagem de tempo: 1 e 30 s, 1, 3, 5, 10, 15, 20, 25, 30 e 45, 1, 2, 3 e 4 horas;<\/li>\n<li>Sensor de Luminosidade (LUX-FOTOC\u00c9LULA): MIN (\u00e0 noite), MAX (entardecer) e OFF (sem fotoc\u00e9lula);<\/li>\n<li>Regulagem de sensibilidade: 1 (movimentos bruscos) a 3 (maior alcance);<\/li>\n<li>Possui LED indicador de funcionamento e de detec\u00e7\u00e3o na cor VERDE &#8211; quando o produto est\u00e1 operando no modo Fun\u00e7\u00e3o Rel\u00e9, o LED oscila (pisca lentamente e de maneira gradual);<\/li>\n<li>Possui LED para confirma\u00e7\u00e3o no sucesso de grava\u00e7\u00e3o dos par\u00e2metros configurados na cor VERMELHA;<\/li>\n<li>A fonte de calor a ser detectada (pessoas, etc.) deve estar no m\u00ednimo a 3\u00b0C de diferen\u00e7a em rela\u00e7\u00e3o \u00e0 temperatura do meio ambiente onde o sensor est\u00e1 instalado;<\/li>\n<li>Utiliza\u00e7\u00e3o em ambientes internos e externos. ATEN\u00c7\u00c3O: a utiliza\u00e7\u00e3o em ambientes externos deve estar protegida contra intemp\u00e9ries (chuva e luz do sol) e recomenda-se a regulagem de sensibilidade em m\u00ednima para evitar disparos acionados por correntes de ar;<\/li>\n<li>Amigo da L\u00e2mpada: sistema de acionamento da carga com baixa tens\u00e3o el\u00e9trica &lt; 50 V, aumentando a vida \u00fatil do conjunto (l\u00e2mpadas, reator e sensor);<\/li>\n<li>Composition: plastic components, electronic components and metal alloys;<\/li>\n<li>Fun\u00e7\u00e3o Rel\u00e9: O sensor funciona como um rel\u00e9 fotocontrolador temporizado. Sempre ao anoitecer mant\u00e9m a carga ligada pelo tempo programado (0:30 a 12 horas) e depois retorna \u00e0 fun\u00e7\u00e3o sensor;<\/li>\n<li>Fun\u00e7\u00e3o RESET: Retorna as configura\u00e7\u00f5es do produto para o padr\u00e3o de f\u00e1brica;<\/li>\n<li>Warranty: 2 years;<\/li>\n<li>Pot\u00eancia de Comando:<\/li>\n<\/ul>\n<figure class=\"table\">\n<table>\n<tbody>\n<tr>\n<td>Voltage<\/td>\n<td>Pot\u00eancia<\/td>\n<td>L\u00e2mpada<\/td>\n<\/tr>\n<tr>\n<td>127V~<\/td>\n<td>60W<\/td>\n<td rowspan=\"2\">Electronics\/LED\/Halogen<\/p>\n<p>THD&lt;20% E FP&gt;0,90<\/td>\n<\/tr>\n<tr>\n<td>220V~<\/td>\n<td>60W<\/td>\n<\/tr>\n<\/tbody>\n<\/table>\n<\/figure>\n<h3>Installation<\/h3>\n<p>De f\u00e1cil instala\u00e7\u00e3o, este produto \u00e9 ideal para o controle autom\u00e1tico da ilumina\u00e7\u00e3o ligando a luz na presen\u00e7a de pessoas e desligando automaticamente ap\u00f3s o tempo programado quando o sensor n\u00e3o detectar nenhuma presen\u00e7a. Pode ser instalado para controle de ilumina\u00e7\u00e3o de sacadas, varandas, quiosques, corredores, escadarias e outros ambientes internos e externos de resid\u00eancias e\/ou comerciais (protegidos de intemp\u00e9ries).<\/p>","protected":false},"excerpt":{"rendered":"<p>O Sensor de Presen\u00e7a Soquete E27 Smart X-Control acende e apaga a l\u00e2mpada automaticamente ao detectar movimento, trazendo mais praticidade, seguran\u00e7a e economia. F\u00e1cil de instalar, basta rosquear no soquete E27.<\/p>\n<p>Conta com a tecnologia Smart X-Control, que permite ajustar fun\u00e7\u00f5es direto pelo aplicativo (iOS e Android). Possui alta resist\u00eancia a interfer\u00eancias de celulares, r\u00e1dios e reatores, al\u00e9m de garantir maior durabilidade dos componentes gra\u00e7as ao acionamento com baixa tens\u00e3o el\u00e9trica (&lt; 50V).<\/p>\n<p>Ideal para quem busca uma solu\u00e7\u00e3o inteligente e eficiente para automatizar a ilumina\u00e7\u00e3o de resid\u00eancias, com\u00e9rcios e muito mais.<\/p>","protected":false},"featured_media":14080,"comment_status":"open","ping_status":"closed","template":"","meta":{"_acf_changed":false,"_joinchat":[]},"aplicacao":[267],"product_brand":[],"product_cat":[378,326,381],"product_tag":[716,785,783,759,782,760,781,784,646,787,668,786],"class_list":{"0":"post-10453","1":"product","2":"type-product","3":"status-publish","4":"has-post-thumbnail","6":"aplicacao-iluminacao-interna-sensores-de-presenca","7":"product_cat-e27","8":"product_cat-sensores-de-presenca-para-iluminacao","9":"product_cat-smart-x-control","10":"product_tag-automacao-de-iluminacao","11":"product_tag-sensor-bivolt-e27","12":"product_tag-sensor-de-presenca-328-graus","13":"product_tag-sensor-de-presenca-com-app","14":"product_tag-sensor-de-presenca-exatron","15":"product_tag-sensor-de-presenca-inteligente","16":"product_tag-sensor-de-presenca-soquete-e27","17":"product_tag-sensor-e27-smart-x-control","18":"product_tag-sensor-infravermelho","19":"product_tag-sensor-para-comercio","20":"product_tag-sensor-para-lampada","21":"product_tag-sensor-para-residencia","23":"first","24":"instock","25":"shipping-taxable","26":"purchasable","27":"product-type-simple"},"acf":[],"yoast_head":"<!-- This site is optimized with the Yoast SEO plugin v27.3 - https:\/\/yoast.com\/product\/yoast-seo-wordpress\/ -->\n<title>Sensor de Presen\u00e7a Soquete E27 328\u00b0 Smart X-Control - EXATRON<\/title>\n<meta name=\"description\" content=\"Sensor de Presen\u00e7a Soquete E27 328\u00b0 com Smart X-Control. Automa\u00e7\u00e3o, seguran\u00e7a e economia. Controle pelo app e f\u00e1cil instala\u00e7\u00e3o.\" \/>\n<meta name=\"robots\" content=\"index, follow, max-snippet:-1, max-image-preview:large, max-video-preview:-1\" \/>\n<link rel=\"canonical\" href=\"https:\/\/www.exatron.com.br\/en\/produtos\/sensor-de-presenca-soquete-e27-3280-smart-x-control\/\" \/>\n<meta property=\"og:locale\" content=\"en_US\" \/>\n<meta property=\"og:type\" content=\"article\" \/>\n<meta property=\"og:title\" content=\"Sensor de Presen\u00e7a Soquete E27 328\u00b0 Smart X-Control - EXATRON\" \/>\n<meta property=\"og:description\" content=\"Sensor de Presen\u00e7a Soquete E27 328\u00b0 com Smart X-Control. Automa\u00e7\u00e3o, seguran\u00e7a e economia. Controle pelo app e f\u00e1cil instala\u00e7\u00e3o.\" \/>\n<meta property=\"og:url\" content=\"https:\/\/www.exatron.com.br\/en\/produtos\/sensor-de-presenca-soquete-e27-3280-smart-x-control\/\" \/>\n<meta property=\"og:site_name\" content=\"EXATRON\" \/>\n<meta property=\"article:modified_time\" content=\"2026-04-14T14:09:34+00:00\" \/>\n<meta property=\"og:image\" content=\"https:\/\/www.exatron.com.br\/wp-content\/uploads\/spt0e27xc2bc-3.png\" \/>\n\t<meta property=\"og:image:width\" content=\"1000\" \/>\n\t<meta property=\"og:image:height\" content=\"1000\" \/>\n\t<meta property=\"og:image:type\" content=\"image\/png\" \/>\n<meta name=\"twitter:card\" content=\"summary_large_image\" \/>\n<meta name=\"twitter:label1\" content=\"Est. reading time\" \/>\n\t<meta name=\"twitter:data1\" content=\"3 minutes\" \/>\n<script type=\"application\/ld+json\" class=\"yoast-schema-graph\">{\"@context\":\"https:\\\/\\\/schema.org\",\"@graph\":[{\"@type\":\"WebPage\",\"@id\":\"https:\\\/\\\/www.exatron.com.br\\\/produtos\\\/sensor-de-presenca-soquete-e27-3280-smart-x-control\\\/\",\"url\":\"https:\\\/\\\/www.exatron.com.br\\\/produtos\\\/sensor-de-presenca-soquete-e27-3280-smart-x-control\\\/\",\"name\":\"Sensor de Presen\u00e7a Soquete E27 328\u00b0 Smart X-Control - EXATRON\",\"isPartOf\":{\"@id\":\"https:\\\/\\\/www.exatron.com.br\\\/#website\"},\"primaryImageOfPage\":{\"@id\":\"https:\\\/\\\/www.exatron.com.br\\\/produtos\\\/sensor-de-presenca-soquete-e27-3280-smart-x-control\\\/#primaryimage\"},\"image\":{\"@id\":\"https:\\\/\\\/www.exatron.com.br\\\/produtos\\\/sensor-de-presenca-soquete-e27-3280-smart-x-control\\\/#primaryimage\"},\"thumbnailUrl\":\"https:\\\/\\\/www.exatron.com.br\\\/wp-content\\\/uploads\\\/spt0e27xc2bc-3.png\",\"datePublished\":\"2025-12-08T15:08:50+00:00\",\"dateModified\":\"2026-04-14T14:09:34+00:00\",\"description\":\"Sensor de Presen\u00e7a Soquete E27 328\u00b0 com Smart X-Control. Automa\u00e7\u00e3o, seguran\u00e7a e economia. Controle pelo app e f\u00e1cil instala\u00e7\u00e3o.\",\"breadcrumb\":{\"@id\":\"https:\\\/\\\/www.exatron.com.br\\\/produtos\\\/sensor-de-presenca-soquete-e27-3280-smart-x-control\\\/#breadcrumb\"},\"inLanguage\":\"en-US\",\"potentialAction\":[{\"@type\":\"ReadAction\",\"target\":[\"https:\\\/\\\/www.exatron.com.br\\\/produtos\\\/sensor-de-presenca-soquete-e27-3280-smart-x-control\\\/\"]}]},{\"@type\":\"ImageObject\",\"inLanguage\":\"en-US\",\"@id\":\"https:\\\/\\\/www.exatron.com.br\\\/produtos\\\/sensor-de-presenca-soquete-e27-3280-smart-x-control\\\/#primaryimage\",\"url\":\"https:\\\/\\\/www.exatron.com.br\\\/wp-content\\\/uploads\\\/spt0e27xc2bc-3.png\",\"contentUrl\":\"https:\\\/\\\/www.exatron.com.br\\\/wp-content\\\/uploads\\\/spt0e27xc2bc-3.png\",\"width\":1000,\"height\":1000,\"caption\":\"Sensor de Presen\u00e7a Soquete E27 328\u00b0 Smart X-Control\"},{\"@type\":\"BreadcrumbList\",\"@id\":\"https:\\\/\\\/www.exatron.com.br\\\/produtos\\\/sensor-de-presenca-soquete-e27-3280-smart-x-control\\\/#breadcrumb\",\"itemListElement\":[{\"@type\":\"ListItem\",\"position\":1,\"name\":\"In\u00edcio\",\"item\":\"https:\\\/\\\/www.exatron.com.br\\\/\"},{\"@type\":\"ListItem\",\"position\":2,\"name\":\"Loja\",\"item\":\"https:\\\/\\\/www.exatron.com.br\\\/loja\\\/\"},{\"@type\":\"ListItem\",\"position\":3,\"name\":\"Sensor de Presen\u00e7a Soquete E27 328\u00b0 Smart X-Control\"}]},{\"@type\":\"WebSite\",\"@id\":\"https:\\\/\\\/www.exatron.com.br\\\/#website\",\"url\":\"https:\\\/\\\/www.exatron.com.br\\\/\",\"name\":\"EXATRON\",\"description\":\"\",\"publisher\":{\"@id\":\"https:\\\/\\\/www.exatron.com.br\\\/#organization\"},\"potentialAction\":[{\"@type\":\"SearchAction\",\"target\":{\"@type\":\"EntryPoint\",\"urlTemplate\":\"https:\\\/\\\/www.exatron.com.br\\\/?s={search_term_string}\"},\"query-input\":{\"@type\":\"PropertyValueSpecification\",\"valueRequired\":true,\"valueName\":\"search_term_string\"}}],\"inLanguage\":\"en-US\"},{\"@type\":\"Organization\",\"@id\":\"https:\\\/\\\/www.exatron.com.br\\\/#organization\",\"name\":\"EXATRON\",\"url\":\"https:\\\/\\\/www.exatron.com.br\\\/\",\"logo\":{\"@type\":\"ImageObject\",\"inLanguage\":\"en-US\",\"@id\":\"https:\\\/\\\/www.exatron.com.br\\\/#\\\/schema\\\/logo\\\/image\\\/\",\"url\":\"https:\\\/\\\/www.exatron.com.br\\\/wp-content\\\/uploads\\\/2024\\\/11\\\/default-kit.png\",\"contentUrl\":\"https:\\\/\\\/www.exatron.com.br\\\/wp-content\\\/uploads\\\/2024\\\/11\\\/default-kit.png\",\"width\":956,\"height\":192,\"caption\":\"EXATRON\"},\"image\":{\"@id\":\"https:\\\/\\\/www.exatron.com.br\\\/#\\\/schema\\\/logo\\\/image\\\/\"}}]}<\/script>\n<!-- \/ Yoast SEO plugin. -->","yoast_head_json":{"title":"Sensor de Presen\u00e7a Soquete E27 328\u00b0 Smart X-Control - EXATRON","description":"Sensor de Presen\u00e7a Soquete E27 328\u00b0 com Smart X-Control. Automa\u00e7\u00e3o, seguran\u00e7a e economia. Controle pelo app e f\u00e1cil instala\u00e7\u00e3o.","robots":{"index":"index","follow":"follow","max-snippet":"max-snippet:-1","max-image-preview":"max-image-preview:large","max-video-preview":"max-video-preview:-1"},"canonical":"https:\/\/www.exatron.com.br\/en\/produtos\/sensor-de-presenca-soquete-e27-3280-smart-x-control\/","og_locale":"en_US","og_type":"article","og_title":"Sensor de Presen\u00e7a Soquete E27 328\u00b0 Smart X-Control - EXATRON","og_description":"Sensor de Presen\u00e7a Soquete E27 328\u00b0 com Smart X-Control. Automa\u00e7\u00e3o, seguran\u00e7a e economia. Controle pelo app e f\u00e1cil instala\u00e7\u00e3o.","og_url":"https:\/\/www.exatron.com.br\/en\/produtos\/sensor-de-presenca-soquete-e27-3280-smart-x-control\/","og_site_name":"EXATRON","article_modified_time":"2026-04-14T14:09:34+00:00","og_image":[{"width":1000,"height":1000,"url":"https:\/\/www.exatron.com.br\/wp-content\/uploads\/spt0e27xc2bc-3.png","type":"image\/png"}],"twitter_card":"summary_large_image","twitter_misc":{"Est. reading time":"3 minutes"},"schema":{"@context":"https:\/\/schema.org","@graph":[{"@type":"WebPage","@id":"https:\/\/www.exatron.com.br\/produtos\/sensor-de-presenca-soquete-e27-3280-smart-x-control\/","url":"https:\/\/www.exatron.com.br\/produtos\/sensor-de-presenca-soquete-e27-3280-smart-x-control\/","name":"Sensor de Presen\u00e7a Soquete E27 328\u00b0 Smart X-Control - EXATRON","isPartOf":{"@id":"https:\/\/www.exatron.com.br\/#website"},"primaryImageOfPage":{"@id":"https:\/\/www.exatron.com.br\/produtos\/sensor-de-presenca-soquete-e27-3280-smart-x-control\/#primaryimage"},"image":{"@id":"https:\/\/www.exatron.com.br\/produtos\/sensor-de-presenca-soquete-e27-3280-smart-x-control\/#primaryimage"},"thumbnailUrl":"https:\/\/www.exatron.com.br\/wp-content\/uploads\/spt0e27xc2bc-3.png","datePublished":"2025-12-08T15:08:50+00:00","dateModified":"2026-04-14T14:09:34+00:00","description":"Sensor de Presen\u00e7a Soquete E27 328\u00b0 com Smart X-Control. Automa\u00e7\u00e3o, seguran\u00e7a e economia. Controle pelo app e f\u00e1cil instala\u00e7\u00e3o.","breadcrumb":{"@id":"https:\/\/www.exatron.com.br\/produtos\/sensor-de-presenca-soquete-e27-3280-smart-x-control\/#breadcrumb"},"inLanguage":"en-US","potentialAction":[{"@type":"ReadAction","target":["https:\/\/www.exatron.com.br\/produtos\/sensor-de-presenca-soquete-e27-3280-smart-x-control\/"]}]},{"@type":"ImageObject","inLanguage":"en-US","@id":"https:\/\/www.exatron.com.br\/produtos\/sensor-de-presenca-soquete-e27-3280-smart-x-control\/#primaryimage","url":"https:\/\/www.exatron.com.br\/wp-content\/uploads\/spt0e27xc2bc-3.png","contentUrl":"https:\/\/www.exatron.com.br\/wp-content\/uploads\/spt0e27xc2bc-3.png","width":1000,"height":1000,"caption":"Sensor de Presen\u00e7a Soquete E27 328\u00b0 Smart X-Control"},{"@type":"BreadcrumbList","@id":"https:\/\/www.exatron.com.br\/produtos\/sensor-de-presenca-soquete-e27-3280-smart-x-control\/#breadcrumb","itemListElement":[{"@type":"ListItem","position":1,"name":"In\u00edcio","item":"https:\/\/www.exatron.com.br\/"},{"@type":"ListItem","position":2,"name":"Loja","item":"https:\/\/www.exatron.com.br\/loja\/"},{"@type":"ListItem","position":3,"name":"Sensor de Presen\u00e7a Soquete E27 328\u00b0 Smart X-Control"}]},{"@type":"WebSite","@id":"https:\/\/www.exatron.com.br\/#website","url":"https:\/\/www.exatron.com.br\/","name":"EXATRON","description":"","publisher":{"@id":"https:\/\/www.exatron.com.br\/#organization"},"potentialAction":[{"@type":"SearchAction","target":{"@type":"EntryPoint","urlTemplate":"https:\/\/www.exatron.com.br\/?s={search_term_string}"},"query-input":{"@type":"PropertyValueSpecification","valueRequired":true,"valueName":"search_term_string"}}],"inLanguage":"en-US"},{"@type":"Organization","@id":"https:\/\/www.exatron.com.br\/#organization","name":"EXATRON","url":"https:\/\/www.exatron.com.br\/","logo":{"@type":"ImageObject","inLanguage":"en-US","@id":"https:\/\/www.exatron.com.br\/#\/schema\/logo\/image\/","url":"https:\/\/www.exatron.com.br\/wp-content\/uploads\/2024\/11\/default-kit.png","contentUrl":"https:\/\/www.exatron.com.br\/wp-content\/uploads\/2024\/11\/default-kit.png","width":956,"height":192,"caption":"EXATRON"},"image":{"@id":"https:\/\/www.exatron.com.br\/#\/schema\/logo\/image\/"}}]}},"_links":{"self":[{"href":"https:\/\/www.exatron.com.br\/en\/wp-json\/wp\/v2\/product\/10453","targetHints":{"allow":["GET"]}}],"collection":[{"href":"https:\/\/www.exatron.com.br\/en\/wp-json\/wp\/v2\/product"}],"about":[{"href":"https:\/\/www.exatron.com.br\/en\/wp-json\/wp\/v2\/types\/product"}],"replies":[{"embeddable":true,"href":"https:\/\/www.exatron.com.br\/en\/wp-json\/wp\/v2\/comments?post=10453"}],"wp:featuredmedia":[{"embeddable":true,"href":"https:\/\/www.exatron.com.br\/en\/wp-json\/wp\/v2\/media\/14080"}],"wp:attachment":[{"href":"https:\/\/www.exatron.com.br\/en\/wp-json\/wp\/v2\/media?parent=10453"}],"wp:term":[{"taxonomy":"aplicacao","embeddable":true,"href":"https:\/\/www.exatron.com.br\/en\/wp-json\/wp\/v2\/aplicacao?post=10453"},{"taxonomy":"product_brand","embeddable":true,"href":"https:\/\/www.exatron.com.br\/en\/wp-json\/wp\/v2\/product_brand?post=10453"},{"taxonomy":"product_cat","embeddable":true,"href":"https:\/\/www.exatron.com.br\/en\/wp-json\/wp\/v2\/product_cat?post=10453"},{"taxonomy":"product_tag","embeddable":true,"href":"https:\/\/www.exatron.com.br\/en\/wp-json\/wp\/v2\/product_tag?post=10453"}],"curies":[{"name":"wp","href":"https:\/\/api.w.org\/{rel}","templated":true}]}}