{"id":10457,"date":"2025-12-08T15:04:31","date_gmt":"2025-12-08T15:04:31","guid":{"rendered":""},"modified":"2026-04-15T17:27:41","modified_gmt":"2026-04-15T20:27:41","slug":"sensor-de-presenca-soquete-e27","status":"publish","type":"product","link":"https:\/\/www.exatron.com.br\/en\/produtos\/sensor-de-presenca-soquete-e27\/","title":{"rendered":"E27 Socket Presence Sensor"},"content":{"rendered":"<h3>Technical Specifications<\/h3>\n<p>\u2022\u00a0Tens\u00e3o: 100 &#8211; 240 V~ 50\/60 Hz;<\/p>\n<p>\u2022 Regulagem de tempo: 30 segundos, 1, 2, 4,8 ou 15 minutos (por Trimpot);<\/p>\n<p>\u2022 Programa\u00e7\u00e3o da Fotoc\u00e9lula: OFF, m\u00ednima, m\u00e1xima e FR-Fun\u00e7\u00e3o Rel\u00e9 (por Trimpot);<\/p>\n<p>\u2022 Consumo \/ Pot\u00eancia: 0,4W;<\/p>\n<p>\u2022\u00a0Economia de energia de at\u00e9 75%;<\/p>\n<p>\u2022\u00a0\u00c2ngulo de cobertura: 2 x 164\u00ba (328\u00ba);<\/p>\n<p>\u2022\u00a0Alcance do sensor: at\u00e9 \u00d8 7,0m (altura de 2,4m) @ 25\u00baC;<\/p>\n<p>\u2022\u00a0Utiliza\u00e7\u00e3o em ambientes internos e externos, protegido de intemp\u00e9ries (chuva e luz do sol);<\/p>\n<p>\u2022\u00a0LED indicador de detec\u00e7\u00e3o de movimento;<\/p>\n<p>\u2022\u00a0Fun\u00e7\u00e3o rel\u00e9: o sensor aciona a l\u00e2mpada ao escurecer, mantendo-a acionada por 4 horas (LED indicador sempre ligado). Ap\u00f3s este per\u00edodo ele volta a funcionar como sensor, com a fotoc\u00e9lula equivalente a posi\u00e7\u00e3o m\u00ednima;<\/p>\n<p>\u2022\u00a0Temperatura de opera\u00e7\u00e3o: -5\u00b0C a 40\u00b0C;<\/p>\n<p>\u2022\u00a0Detecta a movimenta\u00e7\u00e3o de fontes de calor (pessoas, carros, etc.) deve estar no m\u00ednimo \u00e0 3\u00b0C de diferen\u00e7a em rela\u00e7\u00e3o \u00e0 temperatura do meio ambiente onde o sensor est\u00e1 instalado;<\/p>\n<p>\u2022\u00a0Garantia: 2 anos;<\/p>\n<p>\u2022\u00a0Amigo da L\u00e2mpada: sistema de acionamento da carga com baixa tens\u00e3o el\u00e9trica, aumentando a vida \u00fatil do conjunto (l\u00e2mpada, reator e sensor);<\/p>\n<p>\u2022\u00a0A pot\u00eancia m\u00e1xima de acionamento n\u00e3o deve ser somada em instala\u00e7\u00f5es em paralelo.<\/p>\n<p>\u2022\u00a0Pot\u00eancia de comando:<\/p>\n<figure class=\"table\">\n<table>\n<tbody>\n<tr>\n<td><strong>Voltage<\/strong><\/td>\n<td><strong>Pot\u00eancia<\/strong><\/td>\n<td><strong>L\u00e2mpadas<\/strong><\/td>\n<\/tr>\n<tr>\n<td>127V \/ 220V<\/td>\n<td>60W<\/td>\n<td>Led\/Eletr\u00f4nica<\/p>\n<p>Halogen<\/p>\n<p>THD &lt; 20% PF &gt; 0,90<\/td>\n<\/tr>\n<\/tbody>\n<\/table>\n<\/figure>\n<h3>Installation<\/h3>\n<p>Rosquear em base soquete E27 em uma altura m\u00e1xima de 2,4 metros do piso. Ap\u00f3s isso, plugue a l\u00e2mpada que ser\u00e1 comandada e configure o sensor como desejar.<\/p>","protected":false},"excerpt":{"rendered":"<p>O Sensor de Presen\u00e7a Soquete E27 \u00e9 uma solu\u00e7\u00e3o inteligente para o acionamento de cargas temporizadas. Esse equipamento \u00e9 capaz de detectar a movimenta\u00e7\u00e3o de fontes de calor, como pessoas, por meio de um sensor infravermelho, ligando e desligando l\u00e2mpadas e outros equipamentos automaticamente. Esse recurso \u00e9 perfeito para o controle de ilumina\u00e7\u00e3o de \u00e1reas comuns de casas e\/ou estabelecimentos comerciais, como sacadas, varandas, quiosques, corredores, escadarias, entre outros ambientes internos e externos (protegidos de intemp\u00e9ries).<\/p>\n<p>O modelo SPT\u00d8E27 \u00e9 ainda mais avan\u00e7ado, possuindo tecnologia microcontrolada que oferece imunidade superior contra interfer\u00eancias de reatores eletr\u00f4nicos, celulares, r\u00e1dios comunicadores e instala\u00e7\u00f5es de sensores em paralelo. Al\u00e9m disso, a tecnologia de acionamento da carga com baixa tens\u00e3o el\u00e9trica ajuda a aumentar a vida \u00fatil do conjunto, formado por l\u00e2mpadas, reatores e sensores.<\/p>\n<p>Outra vantagem do Sensor de Presen\u00e7a Soquete E27 \u00e9 que ele \u00e9 <strong>compat\u00edvel com todos os modelos de l\u00e2mpadas com base E27<\/strong>, o que facilita ainda mais a sua instala\u00e7\u00e3o. Adquira j\u00e1 o seu e tenha um sistema de ilumina\u00e7\u00e3o inteligente e econ\u00f4mico em sua casa ou estabelecimento.<\/p>","protected":false},"featured_media":14516,"comment_status":"open","ping_status":"closed","template":"","meta":{"_acf_changed":false,"_joinchat":[]},"aplicacao":[267],"product_brand":[],"product_cat":[378,326],"product_tag":[780,646,669,778,779],"class_list":{"0":"post-10457","1":"product","2":"type-product","3":"status-publish","4":"has-post-thumbnail","6":"aplicacao-iluminacao-interna-sensores-de-presenca","7":"product_cat-e27","8":"product_cat-sensores-de-presenca-para-iluminacao","9":"product_tag-sensor-e27","10":"product_tag-sensor-infravermelho","11":"product_tag-sensor-para-iluminacao","12":"product_tag-sensor-se-presenca","13":"product_tag-sensor-soquete","15":"first","16":"instock","17":"shipping-taxable","18":"purchasable","19":"product-type-simple"},"acf":[],"yoast_head":"<!-- This site is optimized with the Yoast SEO plugin v27.3 - https:\/\/yoast.com\/product\/yoast-seo-wordpress\/ -->\n<title>Sensor de Presen\u00e7a Soquete E27 - EXATRON<\/title>\n<meta name=\"description\" content=\"SPT0E27: Controle inteligente de ilumina\u00e7\u00e3o com sensor infravermelho, acionando l\u00e2mpadas automaticamente em \u00e1reas internas e externas. Economia de at\u00e9 75%.\" \/>\n<meta name=\"robots\" content=\"index, follow, max-snippet:-1, max-image-preview:large, max-video-preview:-1\" \/>\n<link rel=\"canonical\" href=\"https:\/\/www.exatron.com.br\/en\/produtos\/sensor-de-presenca-soquete-e27\/\" \/>\n<meta property=\"og:locale\" content=\"en_US\" \/>\n<meta property=\"og:type\" content=\"article\" \/>\n<meta property=\"og:title\" content=\"Sensor de Presen\u00e7a Soquete E27 - EXATRON\" \/>\n<meta property=\"og:description\" content=\"SPT0E27: Controle inteligente de ilumina\u00e7\u00e3o com sensor infravermelho, acionando l\u00e2mpadas automaticamente em \u00e1reas internas e externas. Economia de at\u00e9 75%.\" \/>\n<meta property=\"og:url\" content=\"https:\/\/www.exatron.com.br\/en\/produtos\/sensor-de-presenca-soquete-e27\/\" \/>\n<meta property=\"og:site_name\" content=\"EXATRON\" \/>\n<meta property=\"article:modified_time\" content=\"2026-04-15T20:27:41+00:00\" \/>\n<meta property=\"og:image\" content=\"https:\/\/www.exatron.com.br\/wp-content\/uploads\/spt0e27_2.png\" \/>\n\t<meta property=\"og:image:width\" content=\"1000\" \/>\n\t<meta property=\"og:image:height\" content=\"1000\" \/>\n\t<meta property=\"og:image:type\" content=\"image\/png\" \/>\n<meta name=\"twitter:card\" content=\"summary_large_image\" \/>\n<meta name=\"twitter:label1\" content=\"Est. reading time\" \/>\n\t<meta name=\"twitter:data1\" content=\"2 minutes\" \/>\n<script type=\"application\/ld+json\" class=\"yoast-schema-graph\">{\"@context\":\"https:\\\/\\\/schema.org\",\"@graph\":[{\"@type\":\"WebPage\",\"@id\":\"https:\\\/\\\/www.exatron.com.br\\\/produtos\\\/sensor-de-presenca-soquete-e27\\\/\",\"url\":\"https:\\\/\\\/www.exatron.com.br\\\/produtos\\\/sensor-de-presenca-soquete-e27\\\/\",\"name\":\"Sensor de Presen\u00e7a Soquete E27 - EXATRON\",\"isPartOf\":{\"@id\":\"https:\\\/\\\/www.exatron.com.br\\\/#website\"},\"primaryImageOfPage\":{\"@id\":\"https:\\\/\\\/www.exatron.com.br\\\/produtos\\\/sensor-de-presenca-soquete-e27\\\/#primaryimage\"},\"image\":{\"@id\":\"https:\\\/\\\/www.exatron.com.br\\\/produtos\\\/sensor-de-presenca-soquete-e27\\\/#primaryimage\"},\"thumbnailUrl\":\"https:\\\/\\\/www.exatron.com.br\\\/wp-content\\\/uploads\\\/spt0e27_2.png\",\"datePublished\":\"2025-12-08T15:04:31+00:00\",\"dateModified\":\"2026-04-15T20:27:41+00:00\",\"description\":\"SPT0E27: Controle inteligente de ilumina\u00e7\u00e3o com sensor infravermelho, acionando l\u00e2mpadas automaticamente em \u00e1reas internas e externas. Economia de at\u00e9 75%.\",\"breadcrumb\":{\"@id\":\"https:\\\/\\\/www.exatron.com.br\\\/produtos\\\/sensor-de-presenca-soquete-e27\\\/#breadcrumb\"},\"inLanguage\":\"en-US\",\"potentialAction\":[{\"@type\":\"ReadAction\",\"target\":[\"https:\\\/\\\/www.exatron.com.br\\\/produtos\\\/sensor-de-presenca-soquete-e27\\\/\"]}]},{\"@type\":\"ImageObject\",\"inLanguage\":\"en-US\",\"@id\":\"https:\\\/\\\/www.exatron.com.br\\\/produtos\\\/sensor-de-presenca-soquete-e27\\\/#primaryimage\",\"url\":\"https:\\\/\\\/www.exatron.com.br\\\/wp-content\\\/uploads\\\/spt0e27_2.png\",\"contentUrl\":\"https:\\\/\\\/www.exatron.com.br\\\/wp-content\\\/uploads\\\/spt0e27_2.png\",\"width\":1000,\"height\":1000,\"caption\":\"Sensor de Presen\u00e7a Soquete E27 - Costas\"},{\"@type\":\"BreadcrumbList\",\"@id\":\"https:\\\/\\\/www.exatron.com.br\\\/produtos\\\/sensor-de-presenca-soquete-e27\\\/#breadcrumb\",\"itemListElement\":[{\"@type\":\"ListItem\",\"position\":1,\"name\":\"In\u00edcio\",\"item\":\"https:\\\/\\\/www.exatron.com.br\\\/\"},{\"@type\":\"ListItem\",\"position\":2,\"name\":\"Loja\",\"item\":\"https:\\\/\\\/www.exatron.com.br\\\/loja\\\/\"},{\"@type\":\"ListItem\",\"position\":3,\"name\":\"Sensor de Presen\u00e7a Soquete E27\"}]},{\"@type\":\"WebSite\",\"@id\":\"https:\\\/\\\/www.exatron.com.br\\\/#website\",\"url\":\"https:\\\/\\\/www.exatron.com.br\\\/\",\"name\":\"EXATRON\",\"description\":\"\",\"publisher\":{\"@id\":\"https:\\\/\\\/www.exatron.com.br\\\/#organization\"},\"potentialAction\":[{\"@type\":\"SearchAction\",\"target\":{\"@type\":\"EntryPoint\",\"urlTemplate\":\"https:\\\/\\\/www.exatron.com.br\\\/?s={search_term_string}\"},\"query-input\":{\"@type\":\"PropertyValueSpecification\",\"valueRequired\":true,\"valueName\":\"search_term_string\"}}],\"inLanguage\":\"en-US\"},{\"@type\":\"Organization\",\"@id\":\"https:\\\/\\\/www.exatron.com.br\\\/#organization\",\"name\":\"EXATRON\",\"url\":\"https:\\\/\\\/www.exatron.com.br\\\/\",\"logo\":{\"@type\":\"ImageObject\",\"inLanguage\":\"en-US\",\"@id\":\"https:\\\/\\\/www.exatron.com.br\\\/#\\\/schema\\\/logo\\\/image\\\/\",\"url\":\"https:\\\/\\\/www.exatron.com.br\\\/wp-content\\\/uploads\\\/2024\\\/11\\\/default-kit.png\",\"contentUrl\":\"https:\\\/\\\/www.exatron.com.br\\\/wp-content\\\/uploads\\\/2024\\\/11\\\/default-kit.png\",\"width\":956,\"height\":192,\"caption\":\"EXATRON\"},\"image\":{\"@id\":\"https:\\\/\\\/www.exatron.com.br\\\/#\\\/schema\\\/logo\\\/image\\\/\"}}]}<\/script>\n<!-- \/ Yoast SEO plugin. -->","yoast_head_json":{"title":"Sensor de Presen\u00e7a Soquete E27 - EXATRON","description":"SPT0E27: Controle inteligente de ilumina\u00e7\u00e3o com sensor infravermelho, acionando l\u00e2mpadas automaticamente em \u00e1reas internas e externas. Economia de at\u00e9 75%.","robots":{"index":"index","follow":"follow","max-snippet":"max-snippet:-1","max-image-preview":"max-image-preview:large","max-video-preview":"max-video-preview:-1"},"canonical":"https:\/\/www.exatron.com.br\/en\/produtos\/sensor-de-presenca-soquete-e27\/","og_locale":"en_US","og_type":"article","og_title":"Sensor de Presen\u00e7a Soquete E27 - EXATRON","og_description":"SPT0E27: Controle inteligente de ilumina\u00e7\u00e3o com sensor infravermelho, acionando l\u00e2mpadas automaticamente em \u00e1reas internas e externas. Economia de at\u00e9 75%.","og_url":"https:\/\/www.exatron.com.br\/en\/produtos\/sensor-de-presenca-soquete-e27\/","og_site_name":"EXATRON","article_modified_time":"2026-04-15T20:27:41+00:00","og_image":[{"width":1000,"height":1000,"url":"https:\/\/www.exatron.com.br\/wp-content\/uploads\/spt0e27_2.png","type":"image\/png"}],"twitter_card":"summary_large_image","twitter_misc":{"Est. reading time":"2 minutes"},"schema":{"@context":"https:\/\/schema.org","@graph":[{"@type":"WebPage","@id":"https:\/\/www.exatron.com.br\/produtos\/sensor-de-presenca-soquete-e27\/","url":"https:\/\/www.exatron.com.br\/produtos\/sensor-de-presenca-soquete-e27\/","name":"Sensor de Presen\u00e7a Soquete E27 - EXATRON","isPartOf":{"@id":"https:\/\/www.exatron.com.br\/#website"},"primaryImageOfPage":{"@id":"https:\/\/www.exatron.com.br\/produtos\/sensor-de-presenca-soquete-e27\/#primaryimage"},"image":{"@id":"https:\/\/www.exatron.com.br\/produtos\/sensor-de-presenca-soquete-e27\/#primaryimage"},"thumbnailUrl":"https:\/\/www.exatron.com.br\/wp-content\/uploads\/spt0e27_2.png","datePublished":"2025-12-08T15:04:31+00:00","dateModified":"2026-04-15T20:27:41+00:00","description":"SPT0E27: Controle inteligente de ilumina\u00e7\u00e3o com sensor infravermelho, acionando l\u00e2mpadas automaticamente em \u00e1reas internas e externas. Economia de at\u00e9 75%.","breadcrumb":{"@id":"https:\/\/www.exatron.com.br\/produtos\/sensor-de-presenca-soquete-e27\/#breadcrumb"},"inLanguage":"en-US","potentialAction":[{"@type":"ReadAction","target":["https:\/\/www.exatron.com.br\/produtos\/sensor-de-presenca-soquete-e27\/"]}]},{"@type":"ImageObject","inLanguage":"en-US","@id":"https:\/\/www.exatron.com.br\/produtos\/sensor-de-presenca-soquete-e27\/#primaryimage","url":"https:\/\/www.exatron.com.br\/wp-content\/uploads\/spt0e27_2.png","contentUrl":"https:\/\/www.exatron.com.br\/wp-content\/uploads\/spt0e27_2.png","width":1000,"height":1000,"caption":"Sensor de Presen\u00e7a Soquete E27 - Costas"},{"@type":"BreadcrumbList","@id":"https:\/\/www.exatron.com.br\/produtos\/sensor-de-presenca-soquete-e27\/#breadcrumb","itemListElement":[{"@type":"ListItem","position":1,"name":"In\u00edcio","item":"https:\/\/www.exatron.com.br\/"},{"@type":"ListItem","position":2,"name":"Loja","item":"https:\/\/www.exatron.com.br\/loja\/"},{"@type":"ListItem","position":3,"name":"Sensor de Presen\u00e7a Soquete E27"}]},{"@type":"WebSite","@id":"https:\/\/www.exatron.com.br\/#website","url":"https:\/\/www.exatron.com.br\/","name":"EXATRON","description":"","publisher":{"@id":"https:\/\/www.exatron.com.br\/#organization"},"potentialAction":[{"@type":"SearchAction","target":{"@type":"EntryPoint","urlTemplate":"https:\/\/www.exatron.com.br\/?s={search_term_string}"},"query-input":{"@type":"PropertyValueSpecification","valueRequired":true,"valueName":"search_term_string"}}],"inLanguage":"en-US"},{"@type":"Organization","@id":"https:\/\/www.exatron.com.br\/#organization","name":"EXATRON","url":"https:\/\/www.exatron.com.br\/","logo":{"@type":"ImageObject","inLanguage":"en-US","@id":"https:\/\/www.exatron.com.br\/#\/schema\/logo\/image\/","url":"https:\/\/www.exatron.com.br\/wp-content\/uploads\/2024\/11\/default-kit.png","contentUrl":"https:\/\/www.exatron.com.br\/wp-content\/uploads\/2024\/11\/default-kit.png","width":956,"height":192,"caption":"EXATRON"},"image":{"@id":"https:\/\/www.exatron.com.br\/#\/schema\/logo\/image\/"}}]}},"_links":{"self":[{"href":"https:\/\/www.exatron.com.br\/en\/wp-json\/wp\/v2\/product\/10457","targetHints":{"allow":["GET"]}}],"collection":[{"href":"https:\/\/www.exatron.com.br\/en\/wp-json\/wp\/v2\/product"}],"about":[{"href":"https:\/\/www.exatron.com.br\/en\/wp-json\/wp\/v2\/types\/product"}],"replies":[{"embeddable":true,"href":"https:\/\/www.exatron.com.br\/en\/wp-json\/wp\/v2\/comments?post=10457"}],"wp:featuredmedia":[{"embeddable":true,"href":"https:\/\/www.exatron.com.br\/en\/wp-json\/wp\/v2\/media\/14516"}],"wp:attachment":[{"href":"https:\/\/www.exatron.com.br\/en\/wp-json\/wp\/v2\/media?parent=10457"}],"wp:term":[{"taxonomy":"aplicacao","embeddable":true,"href":"https:\/\/www.exatron.com.br\/en\/wp-json\/wp\/v2\/aplicacao?post=10457"},{"taxonomy":"product_brand","embeddable":true,"href":"https:\/\/www.exatron.com.br\/en\/wp-json\/wp\/v2\/product_brand?post=10457"},{"taxonomy":"product_cat","embeddable":true,"href":"https:\/\/www.exatron.com.br\/en\/wp-json\/wp\/v2\/product_cat?post=10457"},{"taxonomy":"product_tag","embeddable":true,"href":"https:\/\/www.exatron.com.br\/en\/wp-json\/wp\/v2\/product_tag?post=10457"}],"curies":[{"name":"wp","href":"https:\/\/api.w.org\/{rel}","templated":true}]}}