{"id":10459,"date":"2025-12-08T15:04:43","date_gmt":"2025-12-08T15:04:43","guid":{"rendered":""},"modified":"2026-04-23T13:30:17","modified_gmt":"2026-04-23T16:30:17","slug":"rele-fotocelula-tri-facil-220-v","status":"publish","type":"product","link":"https:\/\/www.exatron.com.br\/en\/produtos\/rele-fotocelula-tri-facil-220-v\/","title":{"rendered":"Tri-Easy Photocontroller Relay 220V"},"content":{"rendered":"<h3>Technical Specifications<\/h3>\n<ul>\n<li>Tens\u00e3o: 220V~;<\/li>\n<li>Operating frequency: 50\/60Hz;<\/li>\n<li>Consumo: &lt;1,5W;<\/li>\n<li>Luminosidade para ligar: menor que 20 Lux;<\/li>\n<li>Luminosidade para desligar: menor que 80 Lux respeitando a rela\u00e7\u00e3o de histerese do momento de retirada e coloca\u00e7\u00e3o;<\/li>\n<li>Estado inicial dos contatos:\u00a0Normalmente fechado (NF);<\/li>\n<li>Modo de falha:\u00a0Falha ligado (FL) \/ Fail-on;<\/li>\n<li>Modo de opera\u00e7\u00e3o: aciona a carga durante a noite e desliga durante o dia (Liga noite);<\/li>\n<li>Classifica\u00e7\u00e3o de retardo: AL (acionamento lento);<\/li>\n<li>Tens\u00e3o de surto: 4000V\/2000A;<\/li>\n<li>Filtro de tempo: impede acionamentos indevidos devido a varia\u00e7\u00f5es bruscas de luminosidade como raios, laser, nuvens e etc. Tempo de retardo de 1 a 5 minutos para comuta\u00e7\u00e3o dos contatos;<\/li>\n<li>Material: Polipropileno (PP) com prote\u00e7\u00e3o UV;<\/li>\n<li>Grau der prote\u00e7\u00e3o: IP55;<\/li>\n<li>Garantia: 1 ano;<\/li>\n<li>Dimens\u00f5es: \u230087,3&#215;47,6mm (rel\u00e9 + haste);<\/li>\n<li>C\u00f3digo de opera\u00e7\u00e3o: T1LNFLRNAL;<\/li>\n<li>Mapa de marca\u00e7\u00e3o indel\u00e9vel;<\/li>\n<li>Para comandar cargas acima da capacidade estipulada, utilize o rel\u00e9 em conjunto com uma Chave Comando de Grupo Exatron (de 30, 50 ou 60 amperes) dispon\u00edvel na vers\u00e3o de controle sub\/sobre tens\u00e3o;<\/li>\n<li>Rela\u00e7\u00e3o entre liga e desliga (histerese): 1, 2 a 4 vezes;<\/li>\n<li>Corrente nominal: 5A;<\/li>\n<li>Haste incorporada;<\/li>\n<li>Ajuste 360\u00b0;<\/li>\n<li>Cor: Vermelho;<\/li>\n<li>Liga\u00e7\u00e3o descomplicada &#8211; 4 fios (2 fios de alimenta\u00e7\u00e3o e 2 fios de sa\u00edda para carga);<\/li>\n<li>Control power:<\/li>\n<\/ul>\n<figure class=\"table\">\n<table>\n<tbody>\n<tr>\n<td><strong>Resistiva<\/strong><\/td>\n<td><strong>Indutiva<\/strong><\/td>\n<td><strong>Corrigido<\/strong><\/td>\n<td><strong>Led FP&gt;0,9<\/strong><\/td>\n<td><strong>Led FP&lt;0,9<\/strong><\/td>\n<\/tr>\n<tr>\n<td>1000W<\/td>\n<td>1800VA<\/td>\n<td>300VA<\/td>\n<td>200W<\/td>\n<td>150W<\/td>\n<\/tr>\n<\/tbody>\n<\/table>\n<\/figure>\n<h3>Installation<\/h3>\n<p>Para a instala\u00e7\u00e3o do rel\u00e9 Tri F\u00e1cil Exatron, conecte o Rel\u00e9 na sua rede el\u00e9trica e observe que a l\u00e2mpada permanecer\u00e1 acesa, pois o contato \u00e9 Normalmente Fechado (NF). Aguarde o tempo de retardo de 1 a 5 minutos, que depender\u00e1 da luminosidade do ambiente. O rel\u00e9 dever\u00e1 estar em contato com a luz do sol, ent\u00e3o a l\u00e2mpada desligar\u00e1, o que indica que o Rel\u00e9 est\u00e1 funcionando corretamente.<\/p>\n<p>Aten\u00e7\u00e3o: desligue a sua rede el\u00e9trica antes de iniciar a instala\u00e7\u00e3o do produto.<\/p>","protected":false},"excerpt":{"rendered":"<p>O Rel\u00e9 Fotocontrolador Tri-F\u00e1cil \u00e9 a solu\u00e7\u00e3o ideal para o acionamento de pontos luminosos e outras cargas. Este equipamento mant\u00e9m as lumin\u00e1rias acesas na aus\u00eancia de luz natural e \u00e9 resistente a varia\u00e7\u00f5es bruscas de luminosidade, como rel\u00e2mpagos e far\u00f3is. Compat\u00edvel com qualquer tipo de l\u00e2mpada, o Tri-F\u00e1cil utiliza um sistema de acionamento t\u00e9rmico para garantir um desempenho confi\u00e1vel e uma r\u00e1pida e descomplicada instala\u00e7\u00e3o em sua resid\u00eancia ou estabelecimento.<\/p>\n<p>\u00c9 ideal para sistemas de ilumina\u00e7\u00e3o p\u00fablica, jardins, estacionamentos, fachadas de edif\u00edcios e outros ambientes que necessitam de controle autom\u00e1tico da ilumina\u00e7\u00e3o. Sua principal fun\u00e7\u00e3o \u00e9 garantir que as lumin\u00e1rias permane\u00e7am acesas durante a aus\u00eancia de luz natural, proporcionando seguran\u00e7a e economia de energia.<\/p>\n<p>O produto FCR2TF \u00e9 um modelo t\u00e9rmico, monotens\u00e3o (220V), opera\u00e7\u00e3o liga noite (LN), falha ligado (FL), normalmente fechado (NF) e com acionamento lento (AL). \u00cdndice de prote\u00e7\u00e3o IP55 e material da tampa no polipropileno (PP) com anti-UV.<\/p>","protected":false},"featured_media":14805,"comment_status":"open","ping_status":"closed","template":"","meta":{"_acf_changed":false,"_joinchat":[]},"aplicacao":[98],"product_brand":[],"product_cat":[315,342],"product_tag":[539,521,605,540,510,538,527,517,526,537,606],"class_list":{"0":"post-10459","1":"product","2":"type-product","3":"status-publish","4":"has-post-thumbnail","6":"aplicacao-iluminacao-externa-reles","7":"product_cat-reles-para-iluminacao","8":"product_cat-termico","9":"product_tag-acionamento-lento","10":"product_tag-falha-ligado","11":"product_tag-fotocontrolador","12":"product_tag-ip55","13":"product_tag-liga-noite","14":"product_tag-monotensao-220v","15":"product_tag-normalmente-fechado","16":"product_tag-polipropileno","17":"product_tag-rele","18":"product_tag-rele-termico","19":"product_tag-termico","21":"first","22":"instock","23":"shipping-taxable","24":"purchasable","25":"product-type-simple"},"acf":[],"yoast_head":"<!-- This site is optimized with the Yoast SEO plugin v27.3 - https:\/\/yoast.com\/product\/yoast-seo-wordpress\/ -->\n<title>Rel\u00e9 Fotocontrolador Tri-F\u00e1cil 220 V - EXATRON<\/title>\n<meta name=\"description\" content=\"Gerencie luzes com o Rel\u00e9 FCR2TF. Rel\u00e9 Normalmente Fechado, 220V para ilumina\u00e7\u00e3o p\u00fablica, ajuste 360\u00b0 e resist\u00eancia a intemp\u00e9ries. Garanta j\u00e1 o seu!\" \/>\n<meta name=\"robots\" content=\"index, follow, max-snippet:-1, max-image-preview:large, max-video-preview:-1\" \/>\n<link rel=\"canonical\" href=\"https:\/\/www.exatron.com.br\/en\/produtos\/rele-fotocelula-tri-facil-220-v\/\" \/>\n<meta property=\"og:locale\" content=\"en_US\" \/>\n<meta property=\"og:type\" content=\"article\" \/>\n<meta property=\"og:title\" content=\"Rel\u00e9 Fotocontrolador Tri-F\u00e1cil 220 V - EXATRON\" \/>\n<meta property=\"og:description\" content=\"Gerencie luzes com o Rel\u00e9 FCR2TF. Rel\u00e9 Normalmente Fechado, 220V para ilumina\u00e7\u00e3o p\u00fablica, ajuste 360\u00b0 e resist\u00eancia a intemp\u00e9ries. Garanta j\u00e1 o seu!\" \/>\n<meta property=\"og:url\" content=\"https:\/\/www.exatron.com.br\/en\/produtos\/rele-fotocelula-tri-facil-220-v\/\" \/>\n<meta property=\"og:site_name\" content=\"EXATRON\" \/>\n<meta property=\"article:modified_time\" content=\"2026-04-23T16:30:17+00:00\" \/>\n<meta property=\"og:image\" content=\"https:\/\/www.exatron.com.br\/wp-content\/uploads\/fcr2tf_5.png\" \/>\n\t<meta property=\"og:image:width\" content=\"1000\" \/>\n\t<meta property=\"og:image:height\" content=\"1000\" \/>\n\t<meta property=\"og:image:type\" content=\"image\/png\" \/>\n<meta name=\"twitter:card\" content=\"summary_large_image\" \/>\n<meta name=\"twitter:label1\" content=\"Est. reading time\" \/>\n\t<meta name=\"twitter:data1\" content=\"2 minutes\" \/>\n<script type=\"application\/ld+json\" class=\"yoast-schema-graph\">{\"@context\":\"https:\\\/\\\/schema.org\",\"@graph\":[{\"@type\":\"WebPage\",\"@id\":\"https:\\\/\\\/www.exatron.com.br\\\/produtos\\\/rele-fotocelula-tri-facil-220-v\\\/\",\"url\":\"https:\\\/\\\/www.exatron.com.br\\\/produtos\\\/rele-fotocelula-tri-facil-220-v\\\/\",\"name\":\"Rel\u00e9 Fotocontrolador Tri-F\u00e1cil 220 V - EXATRON\",\"isPartOf\":{\"@id\":\"https:\\\/\\\/www.exatron.com.br\\\/#website\"},\"primaryImageOfPage\":{\"@id\":\"https:\\\/\\\/www.exatron.com.br\\\/produtos\\\/rele-fotocelula-tri-facil-220-v\\\/#primaryimage\"},\"image\":{\"@id\":\"https:\\\/\\\/www.exatron.com.br\\\/produtos\\\/rele-fotocelula-tri-facil-220-v\\\/#primaryimage\"},\"thumbnailUrl\":\"https:\\\/\\\/www.exatron.com.br\\\/wp-content\\\/uploads\\\/fcr2tf_5.png\",\"datePublished\":\"2025-12-08T15:04:43+00:00\",\"dateModified\":\"2026-04-23T16:30:17+00:00\",\"description\":\"Gerencie luzes com o Rel\u00e9 FCR2TF. Rel\u00e9 Normalmente Fechado, 220V para ilumina\u00e7\u00e3o p\u00fablica, ajuste 360\u00b0 e resist\u00eancia a intemp\u00e9ries. Garanta j\u00e1 o seu!\",\"breadcrumb\":{\"@id\":\"https:\\\/\\\/www.exatron.com.br\\\/produtos\\\/rele-fotocelula-tri-facil-220-v\\\/#breadcrumb\"},\"inLanguage\":\"en-US\",\"potentialAction\":[{\"@type\":\"ReadAction\",\"target\":[\"https:\\\/\\\/www.exatron.com.br\\\/produtos\\\/rele-fotocelula-tri-facil-220-v\\\/\"]}]},{\"@type\":\"ImageObject\",\"inLanguage\":\"en-US\",\"@id\":\"https:\\\/\\\/www.exatron.com.br\\\/produtos\\\/rele-fotocelula-tri-facil-220-v\\\/#primaryimage\",\"url\":\"https:\\\/\\\/www.exatron.com.br\\\/wp-content\\\/uploads\\\/fcr2tf_5.png\",\"contentUrl\":\"https:\\\/\\\/www.exatron.com.br\\\/wp-content\\\/uploads\\\/fcr2tf_5.png\",\"width\":1000,\"height\":1000,\"caption\":\"O Rel\u00e9 Fotocontrolador Tri-F\u00e1cil \u00e9 a solu\u00e7\u00e3o ideal para o acionamento de pontos luminosos e outras cargas. Este equipamento mant\u00e9m as lumin\u00e1rias acesas na aus\u00eancia de luz natural e \u00e9 resistente a varia\u00e7\u00f5es bruscas de luminosidade, como rel\u00e2mpagos e far\u00f3is.\"},{\"@type\":\"BreadcrumbList\",\"@id\":\"https:\\\/\\\/www.exatron.com.br\\\/produtos\\\/rele-fotocelula-tri-facil-220-v\\\/#breadcrumb\",\"itemListElement\":[{\"@type\":\"ListItem\",\"position\":1,\"name\":\"In\u00edcio\",\"item\":\"https:\\\/\\\/www.exatron.com.br\\\/\"},{\"@type\":\"ListItem\",\"position\":2,\"name\":\"Loja\",\"item\":\"https:\\\/\\\/www.exatron.com.br\\\/loja\\\/\"},{\"@type\":\"ListItem\",\"position\":3,\"name\":\"Rel\u00e9 Fotocontrolador Tri-F\u00e1cil 220 V\"}]},{\"@type\":\"WebSite\",\"@id\":\"https:\\\/\\\/www.exatron.com.br\\\/#website\",\"url\":\"https:\\\/\\\/www.exatron.com.br\\\/\",\"name\":\"EXATRON\",\"description\":\"\",\"publisher\":{\"@id\":\"https:\\\/\\\/www.exatron.com.br\\\/#organization\"},\"potentialAction\":[{\"@type\":\"SearchAction\",\"target\":{\"@type\":\"EntryPoint\",\"urlTemplate\":\"https:\\\/\\\/www.exatron.com.br\\\/?s={search_term_string}\"},\"query-input\":{\"@type\":\"PropertyValueSpecification\",\"valueRequired\":true,\"valueName\":\"search_term_string\"}}],\"inLanguage\":\"en-US\"},{\"@type\":\"Organization\",\"@id\":\"https:\\\/\\\/www.exatron.com.br\\\/#organization\",\"name\":\"EXATRON\",\"url\":\"https:\\\/\\\/www.exatron.com.br\\\/\",\"logo\":{\"@type\":\"ImageObject\",\"inLanguage\":\"en-US\",\"@id\":\"https:\\\/\\\/www.exatron.com.br\\\/#\\\/schema\\\/logo\\\/image\\\/\",\"url\":\"https:\\\/\\\/www.exatron.com.br\\\/wp-content\\\/uploads\\\/2024\\\/11\\\/default-kit.png\",\"contentUrl\":\"https:\\\/\\\/www.exatron.com.br\\\/wp-content\\\/uploads\\\/2024\\\/11\\\/default-kit.png\",\"width\":956,\"height\":192,\"caption\":\"EXATRON\"},\"image\":{\"@id\":\"https:\\\/\\\/www.exatron.com.br\\\/#\\\/schema\\\/logo\\\/image\\\/\"}}]}<\/script>\n<!-- \/ Yoast SEO plugin. -->","yoast_head_json":{"title":"Rel\u00e9 Fotocontrolador Tri-F\u00e1cil 220 V - EXATRON","description":"Gerencie luzes com o Rel\u00e9 FCR2TF. Rel\u00e9 Normalmente Fechado, 220V para ilumina\u00e7\u00e3o p\u00fablica, ajuste 360\u00b0 e resist\u00eancia a intemp\u00e9ries. Garanta j\u00e1 o seu!","robots":{"index":"index","follow":"follow","max-snippet":"max-snippet:-1","max-image-preview":"max-image-preview:large","max-video-preview":"max-video-preview:-1"},"canonical":"https:\/\/www.exatron.com.br\/en\/produtos\/rele-fotocelula-tri-facil-220-v\/","og_locale":"en_US","og_type":"article","og_title":"Rel\u00e9 Fotocontrolador Tri-F\u00e1cil 220 V - EXATRON","og_description":"Gerencie luzes com o Rel\u00e9 FCR2TF. Rel\u00e9 Normalmente Fechado, 220V para ilumina\u00e7\u00e3o p\u00fablica, ajuste 360\u00b0 e resist\u00eancia a intemp\u00e9ries. Garanta j\u00e1 o seu!","og_url":"https:\/\/www.exatron.com.br\/en\/produtos\/rele-fotocelula-tri-facil-220-v\/","og_site_name":"EXATRON","article_modified_time":"2026-04-23T16:30:17+00:00","og_image":[{"width":1000,"height":1000,"url":"https:\/\/www.exatron.com.br\/wp-content\/uploads\/fcr2tf_5.png","type":"image\/png"}],"twitter_card":"summary_large_image","twitter_misc":{"Est. reading time":"2 minutes"},"schema":{"@context":"https:\/\/schema.org","@graph":[{"@type":"WebPage","@id":"https:\/\/www.exatron.com.br\/produtos\/rele-fotocelula-tri-facil-220-v\/","url":"https:\/\/www.exatron.com.br\/produtos\/rele-fotocelula-tri-facil-220-v\/","name":"Rel\u00e9 Fotocontrolador Tri-F\u00e1cil 220 V - EXATRON","isPartOf":{"@id":"https:\/\/www.exatron.com.br\/#website"},"primaryImageOfPage":{"@id":"https:\/\/www.exatron.com.br\/produtos\/rele-fotocelula-tri-facil-220-v\/#primaryimage"},"image":{"@id":"https:\/\/www.exatron.com.br\/produtos\/rele-fotocelula-tri-facil-220-v\/#primaryimage"},"thumbnailUrl":"https:\/\/www.exatron.com.br\/wp-content\/uploads\/fcr2tf_5.png","datePublished":"2025-12-08T15:04:43+00:00","dateModified":"2026-04-23T16:30:17+00:00","description":"Gerencie luzes com o Rel\u00e9 FCR2TF. Rel\u00e9 Normalmente Fechado, 220V para ilumina\u00e7\u00e3o p\u00fablica, ajuste 360\u00b0 e resist\u00eancia a intemp\u00e9ries. Garanta j\u00e1 o seu!","breadcrumb":{"@id":"https:\/\/www.exatron.com.br\/produtos\/rele-fotocelula-tri-facil-220-v\/#breadcrumb"},"inLanguage":"en-US","potentialAction":[{"@type":"ReadAction","target":["https:\/\/www.exatron.com.br\/produtos\/rele-fotocelula-tri-facil-220-v\/"]}]},{"@type":"ImageObject","inLanguage":"en-US","@id":"https:\/\/www.exatron.com.br\/produtos\/rele-fotocelula-tri-facil-220-v\/#primaryimage","url":"https:\/\/www.exatron.com.br\/wp-content\/uploads\/fcr2tf_5.png","contentUrl":"https:\/\/www.exatron.com.br\/wp-content\/uploads\/fcr2tf_5.png","width":1000,"height":1000,"caption":"O Rel\u00e9 Fotocontrolador Tri-F\u00e1cil \u00e9 a solu\u00e7\u00e3o ideal para o acionamento de pontos luminosos e outras cargas. Este equipamento mant\u00e9m as lumin\u00e1rias acesas na aus\u00eancia de luz natural e \u00e9 resistente a varia\u00e7\u00f5es bruscas de luminosidade, como rel\u00e2mpagos e far\u00f3is."},{"@type":"BreadcrumbList","@id":"https:\/\/www.exatron.com.br\/produtos\/rele-fotocelula-tri-facil-220-v\/#breadcrumb","itemListElement":[{"@type":"ListItem","position":1,"name":"In\u00edcio","item":"https:\/\/www.exatron.com.br\/"},{"@type":"ListItem","position":2,"name":"Loja","item":"https:\/\/www.exatron.com.br\/loja\/"},{"@type":"ListItem","position":3,"name":"Rel\u00e9 Fotocontrolador Tri-F\u00e1cil 220 V"}]},{"@type":"WebSite","@id":"https:\/\/www.exatron.com.br\/#website","url":"https:\/\/www.exatron.com.br\/","name":"EXATRON","description":"","publisher":{"@id":"https:\/\/www.exatron.com.br\/#organization"},"potentialAction":[{"@type":"SearchAction","target":{"@type":"EntryPoint","urlTemplate":"https:\/\/www.exatron.com.br\/?s={search_term_string}"},"query-input":{"@type":"PropertyValueSpecification","valueRequired":true,"valueName":"search_term_string"}}],"inLanguage":"en-US"},{"@type":"Organization","@id":"https:\/\/www.exatron.com.br\/#organization","name":"EXATRON","url":"https:\/\/www.exatron.com.br\/","logo":{"@type":"ImageObject","inLanguage":"en-US","@id":"https:\/\/www.exatron.com.br\/#\/schema\/logo\/image\/","url":"https:\/\/www.exatron.com.br\/wp-content\/uploads\/2024\/11\/default-kit.png","contentUrl":"https:\/\/www.exatron.com.br\/wp-content\/uploads\/2024\/11\/default-kit.png","width":956,"height":192,"caption":"EXATRON"},"image":{"@id":"https:\/\/www.exatron.com.br\/#\/schema\/logo\/image\/"}}]}},"_links":{"self":[{"href":"https:\/\/www.exatron.com.br\/en\/wp-json\/wp\/v2\/product\/10459","targetHints":{"allow":["GET"]}}],"collection":[{"href":"https:\/\/www.exatron.com.br\/en\/wp-json\/wp\/v2\/product"}],"about":[{"href":"https:\/\/www.exatron.com.br\/en\/wp-json\/wp\/v2\/types\/product"}],"replies":[{"embeddable":true,"href":"https:\/\/www.exatron.com.br\/en\/wp-json\/wp\/v2\/comments?post=10459"}],"wp:featuredmedia":[{"embeddable":true,"href":"https:\/\/www.exatron.com.br\/en\/wp-json\/wp\/v2\/media\/14805"}],"wp:attachment":[{"href":"https:\/\/www.exatron.com.br\/en\/wp-json\/wp\/v2\/media?parent=10459"}],"wp:term":[{"taxonomy":"aplicacao","embeddable":true,"href":"https:\/\/www.exatron.com.br\/en\/wp-json\/wp\/v2\/aplicacao?post=10459"},{"taxonomy":"product_brand","embeddable":true,"href":"https:\/\/www.exatron.com.br\/en\/wp-json\/wp\/v2\/product_brand?post=10459"},{"taxonomy":"product_cat","embeddable":true,"href":"https:\/\/www.exatron.com.br\/en\/wp-json\/wp\/v2\/product_cat?post=10459"},{"taxonomy":"product_tag","embeddable":true,"href":"https:\/\/www.exatron.com.br\/en\/wp-json\/wp\/v2\/product_tag?post=10459"}],"curies":[{"name":"wp","href":"https:\/\/api.w.org\/{rel}","templated":true}]}}