{"id":10460,"date":"2025-12-08T15:04:45","date_gmt":"2025-12-08T15:04:45","guid":{"rendered":""},"modified":"2026-04-27T15:03:28","modified_gmt":"2026-04-27T18:03:28","slug":"fotosoquete-microcontrolado","status":"publish","type":"product","link":"https:\/\/www.exatron.com.br\/en\/produtos\/fotosoquete-microcontrolado\/","title":{"rendered":"Microcontrolled E27 Photosocket Relay"},"content":{"rendered":"<h3>Technical Specifications<\/h3>\n<ul>\n<li>Tens\u00e3o: 100-240V;<\/li>\n<li>Operating frequency: 50\/60Hz;<\/li>\n<li>Consumo: menor que 0,4W;<\/li>\n<li>Operating temperature: -5\u00b0C to +40\u00b0C;<\/li>\n<li>Fun\u00e7\u00e3o Timer: Permite temporizar a l\u00e2mpada, ou seja, definir o tempo m\u00e1ximo que ela ficar\u00e1 ligada durante a noite. Possui 4 op\u00e7\u00f5es de temporiza\u00e7\u00e3o (2, 4, 8, e 12 horas) e tamb\u00e9m o modo autom\u00e1tico, que desliga a carga ao amanhecer (ambiente iluminado);<\/li>\n<li>Fun\u00e7\u00e3o Random: Liga e desliga a l\u00e2mpada durante a noite de maneira aleat\u00f3ria, simulando a presen\u00e7a de pessoa no ambiente. Pode ser habilitado e desabilitado pelo usu\u00e1rio conforme desejado;<\/li>\n<li>Rosca E27 girat\u00f3ria com regulagem: Ap\u00f3s rosquear o produto at\u00e9 o final do porta l\u00e2mpadas, voc\u00ea pode girar at\u00e9 350\u00b0 na dire\u00e7\u00e3o contr\u00e1ria para ajustar o leitor de LUX lateral e apont\u00e1-lo na dire\u00e7\u00e3o de entradas de luz, como portas e janelas;<\/li>\n<li>Utiliza\u00e7\u00e3o em ambientes internos e externos. ATEN\u00c7\u00c3O: a instala\u00e7\u00e3o em ambientes externos deve ser protegida contra intemp\u00e9ries (chuva, luz solar direta etc);<\/li>\n<li>Pode ser utilizado em lumin\u00e1rias e lustres com globo, transparentes ou n\u00e3o;<\/li>\n<li>Warranty: 2 years;<\/li>\n<li>Amigo da L\u00e2mpada\/ Inrush Control: Sistema de acionamento da carga com baixa tens\u00e3o el\u00e9trica &lt;50V, evita os picos de energia ao ligar e desligar a l\u00e2mpada, aumentando a vida \u00fatil do conjunto (l\u00e2mpadas, reator e sensor) &#8211; Exclusivo Exatron;<\/li>\n<li>Material: pl\u00e1sticos, eletr\u00f4nicos e ligas met\u00e1licas;<\/li>\n<li>Dimens\u00f5es: \u230050x82mm;<\/li>\n<li>Garantia: 02 anos;<\/li>\n<li>Grau de prote\u00e7\u00e3o: IP30;<\/li>\n<li>Control power:<\/li>\n<\/ul>\n<figure class=\"table\">\n<table>\n<tbody>\n<tr>\n<td><strong>Voltage<\/strong><\/td>\n<td><strong>Lamp position<\/strong><\/td>\n<td><strong>Pot\u00eancia m\u00e1xima<\/strong><\/td>\n<\/tr>\n<tr>\n<td rowspan=\"2\">100\/240V~<\/td>\n<td>Upside down or horizontal<\/td>\n<td rowspan=\"2\">60W<\/td>\n<\/tr>\n<tr>\n<td>Virada para baixo<\/td>\n<\/tr>\n<tr>\n<td colspan=\"3\">THD&lt;20% E FP&gt;0,90<\/td>\n<\/tr>\n<\/tbody>\n<\/table>\n<\/figure>\n<h3>Installation<\/h3>\n<p>Programe o rel\u00e9 fotosoquete com ele em m\u00e3os (ajustar o seletor com uma chave de fenda pequena);<\/p>\n<p>Rosqueie uma l\u00e2mpada\/carga no produto e o rel\u00e9 em um soquete E27 e direcione a janela do rel\u00e9 para a maior incid\u00eancia de luz natural;<\/p>\n<p>Ao energizar o produto, a l\u00e2mpada ir\u00e1 ligar, a fim de indicar ao usu\u00e1rio que est\u00e1 funcionando, e desligar\u00e1 ap\u00f3s 2 segundos. No entanto, caso o ambiente esteja escuro no momento da energiza\u00e7\u00e3o, a l\u00e2mpada permanecer\u00e1 ligada;<\/p>\n<p><strong>Teste f\u00e1cil:<\/strong> com o rel\u00e9 fotosoquete e a l\u00e2mpada instalados, cubra a janela do sensor at\u00e9 a l\u00e2mpada ligar.<\/p>","protected":false},"excerpt":{"rendered":"<p>O Rel\u00e9 Fotosoquete Microcontrolado E27 \u00e9 destinado ao acionamento e temporiza\u00e7\u00e3o da l\u00e2mpada, liga na aus\u00eancia de luz natural e desliga de acordo com o tempo programado ou na presen\u00e7a de luz natural.<\/p>\n<p>Ideal para ser utilizada em p\u00e1tio, quintal, varanda, jardim, portaria, hall de entrada e demais ambientes externos de resid\u00eancias, escrit\u00f3rios, hot\u00e9is e condom\u00ednios. Obs: N\u00e3o deve ser instalado em locais expostos a chuva\/umidade.<\/p>","protected":false},"featured_media":14855,"comment_status":"open","ping_status":"closed","template":"","meta":{"_acf_changed":false,"_joinchat":[]},"aplicacao":[98],"product_brand":[],"product_cat":[343,315],"product_tag":[608,615,545,612,616,526],"class_list":{"0":"post-10460","1":"product","2":"type-product","3":"status-publish","4":"has-post-thumbnail","6":"aplicacao-iluminacao-externa-reles","7":"product_cat-fotosoquete","8":"product_cat-reles-para-iluminacao","9":"product_tag-bivolt-automatico","10":"product_tag-fotosoquete","11":"product_tag-iluminacao","12":"product_tag-ip30","13":"product_tag-microcontrolado","14":"product_tag-rele","16":"first","17":"instock","18":"shipping-taxable","19":"purchasable","20":"product-type-simple"},"acf":[],"yoast_head":"<!-- This site is optimized with the Yoast SEO plugin v27.3 - https:\/\/yoast.com\/product\/yoast-seo-wordpress\/ -->\n<title>Rel\u00e9 Fotosoquete Microcontrolado E27 - EXATRON<\/title>\n<meta name=\"description\" content=\"Rel\u00e9 Fotosoquete Microcontrolado E27: Automatize luzes com o FTS0MP. Controle inteligente para ambientes externos e internos, com temporiza\u00e7\u00e3o programada.\" \/>\n<meta name=\"robots\" content=\"index, follow, max-snippet:-1, max-image-preview:large, max-video-preview:-1\" \/>\n<link rel=\"canonical\" href=\"https:\/\/www.exatron.com.br\/en\/produtos\/fotosoquete-microcontrolado\/\" \/>\n<meta property=\"og:locale\" content=\"en_US\" \/>\n<meta property=\"og:type\" content=\"article\" \/>\n<meta property=\"og:title\" content=\"Rel\u00e9 Fotosoquete Microcontrolado E27 - EXATRON\" \/>\n<meta property=\"og:description\" content=\"Rel\u00e9 Fotosoquete Microcontrolado E27: Automatize luzes com o FTS0MP. Controle inteligente para ambientes externos e internos, com temporiza\u00e7\u00e3o programada.\" \/>\n<meta property=\"og:url\" content=\"https:\/\/www.exatron.com.br\/en\/produtos\/fotosoquete-microcontrolado\/\" \/>\n<meta property=\"og:site_name\" content=\"EXATRON\" \/>\n<meta property=\"article:modified_time\" content=\"2026-04-27T18:03:28+00:00\" \/>\n<meta property=\"og:image\" content=\"https:\/\/www.exatron.com.br\/wp-content\/uploads\/fts0mpxc2bc-01.png\" \/>\n\t<meta property=\"og:image:width\" content=\"1024\" \/>\n\t<meta property=\"og:image:height\" content=\"1024\" \/>\n\t<meta property=\"og:image:type\" content=\"image\/png\" \/>\n<meta name=\"twitter:card\" content=\"summary_large_image\" \/>\n<meta name=\"twitter:label1\" content=\"Est. reading time\" \/>\n\t<meta name=\"twitter:data1\" content=\"2 minutes\" \/>\n<script type=\"application\/ld+json\" class=\"yoast-schema-graph\">{\"@context\":\"https:\\\/\\\/schema.org\",\"@graph\":[{\"@type\":\"WebPage\",\"@id\":\"https:\\\/\\\/www.exatron.com.br\\\/produtos\\\/fotosoquete-microcontrolado\\\/\",\"url\":\"https:\\\/\\\/www.exatron.com.br\\\/produtos\\\/fotosoquete-microcontrolado\\\/\",\"name\":\"Rel\u00e9 Fotosoquete Microcontrolado E27 - EXATRON\",\"isPartOf\":{\"@id\":\"https:\\\/\\\/www.exatron.com.br\\\/#website\"},\"primaryImageOfPage\":{\"@id\":\"https:\\\/\\\/www.exatron.com.br\\\/produtos\\\/fotosoquete-microcontrolado\\\/#primaryimage\"},\"image\":{\"@id\":\"https:\\\/\\\/www.exatron.com.br\\\/produtos\\\/fotosoquete-microcontrolado\\\/#primaryimage\"},\"thumbnailUrl\":\"https:\\\/\\\/www.exatron.com.br\\\/wp-content\\\/uploads\\\/fts0mpxc2bc-01.png\",\"datePublished\":\"2025-12-08T15:04:45+00:00\",\"dateModified\":\"2026-04-27T18:03:28+00:00\",\"description\":\"Rel\u00e9 Fotosoquete Microcontrolado E27: Automatize luzes com o FTS0MP. Controle inteligente para ambientes externos e internos, com temporiza\u00e7\u00e3o programada.\",\"breadcrumb\":{\"@id\":\"https:\\\/\\\/www.exatron.com.br\\\/produtos\\\/fotosoquete-microcontrolado\\\/#breadcrumb\"},\"inLanguage\":\"en-US\",\"potentialAction\":[{\"@type\":\"ReadAction\",\"target\":[\"https:\\\/\\\/www.exatron.com.br\\\/produtos\\\/fotosoquete-microcontrolado\\\/\"]}]},{\"@type\":\"ImageObject\",\"inLanguage\":\"en-US\",\"@id\":\"https:\\\/\\\/www.exatron.com.br\\\/produtos\\\/fotosoquete-microcontrolado\\\/#primaryimage\",\"url\":\"https:\\\/\\\/www.exatron.com.br\\\/wp-content\\\/uploads\\\/fts0mpxc2bc-01.png\",\"contentUrl\":\"https:\\\/\\\/www.exatron.com.br\\\/wp-content\\\/uploads\\\/fts0mpxc2bc-01.png\",\"width\":1024,\"height\":1024,\"caption\":\"Ilumina\u00e7\u00e3o autom\u00e1tica e inteligente sem complica\u00e7\u00e3o. O Rel\u00e9 Fotosoquete Smart X-Control liga a luz ao escurecer e desliga ao clarear.\"},{\"@type\":\"BreadcrumbList\",\"@id\":\"https:\\\/\\\/www.exatron.com.br\\\/produtos\\\/fotosoquete-microcontrolado\\\/#breadcrumb\",\"itemListElement\":[{\"@type\":\"ListItem\",\"position\":1,\"name\":\"In\u00edcio\",\"item\":\"https:\\\/\\\/www.exatron.com.br\\\/\"},{\"@type\":\"ListItem\",\"position\":2,\"name\":\"Loja\",\"item\":\"https:\\\/\\\/www.exatron.com.br\\\/loja\\\/\"},{\"@type\":\"ListItem\",\"position\":3,\"name\":\"Rel\u00e9 Fotosoquete Microcontrolado E27\"}]},{\"@type\":\"WebSite\",\"@id\":\"https:\\\/\\\/www.exatron.com.br\\\/#website\",\"url\":\"https:\\\/\\\/www.exatron.com.br\\\/\",\"name\":\"EXATRON\",\"description\":\"\",\"publisher\":{\"@id\":\"https:\\\/\\\/www.exatron.com.br\\\/#organization\"},\"potentialAction\":[{\"@type\":\"SearchAction\",\"target\":{\"@type\":\"EntryPoint\",\"urlTemplate\":\"https:\\\/\\\/www.exatron.com.br\\\/?s={search_term_string}\"},\"query-input\":{\"@type\":\"PropertyValueSpecification\",\"valueRequired\":true,\"valueName\":\"search_term_string\"}}],\"inLanguage\":\"en-US\"},{\"@type\":\"Organization\",\"@id\":\"https:\\\/\\\/www.exatron.com.br\\\/#organization\",\"name\":\"EXATRON\",\"url\":\"https:\\\/\\\/www.exatron.com.br\\\/\",\"logo\":{\"@type\":\"ImageObject\",\"inLanguage\":\"en-US\",\"@id\":\"https:\\\/\\\/www.exatron.com.br\\\/#\\\/schema\\\/logo\\\/image\\\/\",\"url\":\"https:\\\/\\\/www.exatron.com.br\\\/wp-content\\\/uploads\\\/2024\\\/11\\\/default-kit.png\",\"contentUrl\":\"https:\\\/\\\/www.exatron.com.br\\\/wp-content\\\/uploads\\\/2024\\\/11\\\/default-kit.png\",\"width\":956,\"height\":192,\"caption\":\"EXATRON\"},\"image\":{\"@id\":\"https:\\\/\\\/www.exatron.com.br\\\/#\\\/schema\\\/logo\\\/image\\\/\"}}]}<\/script>\n<!-- \/ Yoast SEO plugin. -->","yoast_head_json":{"title":"Rel\u00e9 Fotosoquete Microcontrolado E27 - EXATRON","description":"Rel\u00e9 Fotosoquete Microcontrolado E27: Automatize luzes com o FTS0MP. Controle inteligente para ambientes externos e internos, com temporiza\u00e7\u00e3o programada.","robots":{"index":"index","follow":"follow","max-snippet":"max-snippet:-1","max-image-preview":"max-image-preview:large","max-video-preview":"max-video-preview:-1"},"canonical":"https:\/\/www.exatron.com.br\/en\/produtos\/fotosoquete-microcontrolado\/","og_locale":"en_US","og_type":"article","og_title":"Rel\u00e9 Fotosoquete Microcontrolado E27 - EXATRON","og_description":"Rel\u00e9 Fotosoquete Microcontrolado E27: Automatize luzes com o FTS0MP. Controle inteligente para ambientes externos e internos, com temporiza\u00e7\u00e3o programada.","og_url":"https:\/\/www.exatron.com.br\/en\/produtos\/fotosoquete-microcontrolado\/","og_site_name":"EXATRON","article_modified_time":"2026-04-27T18:03:28+00:00","og_image":[{"width":1024,"height":1024,"url":"https:\/\/www.exatron.com.br\/wp-content\/uploads\/fts0mpxc2bc-01.png","type":"image\/png"}],"twitter_card":"summary_large_image","twitter_misc":{"Est. reading time":"2 minutes"},"schema":{"@context":"https:\/\/schema.org","@graph":[{"@type":"WebPage","@id":"https:\/\/www.exatron.com.br\/produtos\/fotosoquete-microcontrolado\/","url":"https:\/\/www.exatron.com.br\/produtos\/fotosoquete-microcontrolado\/","name":"Rel\u00e9 Fotosoquete Microcontrolado E27 - EXATRON","isPartOf":{"@id":"https:\/\/www.exatron.com.br\/#website"},"primaryImageOfPage":{"@id":"https:\/\/www.exatron.com.br\/produtos\/fotosoquete-microcontrolado\/#primaryimage"},"image":{"@id":"https:\/\/www.exatron.com.br\/produtos\/fotosoquete-microcontrolado\/#primaryimage"},"thumbnailUrl":"https:\/\/www.exatron.com.br\/wp-content\/uploads\/fts0mpxc2bc-01.png","datePublished":"2025-12-08T15:04:45+00:00","dateModified":"2026-04-27T18:03:28+00:00","description":"Rel\u00e9 Fotosoquete Microcontrolado E27: Automatize luzes com o FTS0MP. Controle inteligente para ambientes externos e internos, com temporiza\u00e7\u00e3o programada.","breadcrumb":{"@id":"https:\/\/www.exatron.com.br\/produtos\/fotosoquete-microcontrolado\/#breadcrumb"},"inLanguage":"en-US","potentialAction":[{"@type":"ReadAction","target":["https:\/\/www.exatron.com.br\/produtos\/fotosoquete-microcontrolado\/"]}]},{"@type":"ImageObject","inLanguage":"en-US","@id":"https:\/\/www.exatron.com.br\/produtos\/fotosoquete-microcontrolado\/#primaryimage","url":"https:\/\/www.exatron.com.br\/wp-content\/uploads\/fts0mpxc2bc-01.png","contentUrl":"https:\/\/www.exatron.com.br\/wp-content\/uploads\/fts0mpxc2bc-01.png","width":1024,"height":1024,"caption":"Ilumina\u00e7\u00e3o autom\u00e1tica e inteligente sem complica\u00e7\u00e3o. O Rel\u00e9 Fotosoquete Smart X-Control liga a luz ao escurecer e desliga ao clarear."},{"@type":"BreadcrumbList","@id":"https:\/\/www.exatron.com.br\/produtos\/fotosoquete-microcontrolado\/#breadcrumb","itemListElement":[{"@type":"ListItem","position":1,"name":"In\u00edcio","item":"https:\/\/www.exatron.com.br\/"},{"@type":"ListItem","position":2,"name":"Loja","item":"https:\/\/www.exatron.com.br\/loja\/"},{"@type":"ListItem","position":3,"name":"Rel\u00e9 Fotosoquete Microcontrolado E27"}]},{"@type":"WebSite","@id":"https:\/\/www.exatron.com.br\/#website","url":"https:\/\/www.exatron.com.br\/","name":"EXATRON","description":"","publisher":{"@id":"https:\/\/www.exatron.com.br\/#organization"},"potentialAction":[{"@type":"SearchAction","target":{"@type":"EntryPoint","urlTemplate":"https:\/\/www.exatron.com.br\/?s={search_term_string}"},"query-input":{"@type":"PropertyValueSpecification","valueRequired":true,"valueName":"search_term_string"}}],"inLanguage":"en-US"},{"@type":"Organization","@id":"https:\/\/www.exatron.com.br\/#organization","name":"EXATRON","url":"https:\/\/www.exatron.com.br\/","logo":{"@type":"ImageObject","inLanguage":"en-US","@id":"https:\/\/www.exatron.com.br\/#\/schema\/logo\/image\/","url":"https:\/\/www.exatron.com.br\/wp-content\/uploads\/2024\/11\/default-kit.png","contentUrl":"https:\/\/www.exatron.com.br\/wp-content\/uploads\/2024\/11\/default-kit.png","width":956,"height":192,"caption":"EXATRON"},"image":{"@id":"https:\/\/www.exatron.com.br\/#\/schema\/logo\/image\/"}}]}},"_links":{"self":[{"href":"https:\/\/www.exatron.com.br\/en\/wp-json\/wp\/v2\/product\/10460","targetHints":{"allow":["GET"]}}],"collection":[{"href":"https:\/\/www.exatron.com.br\/en\/wp-json\/wp\/v2\/product"}],"about":[{"href":"https:\/\/www.exatron.com.br\/en\/wp-json\/wp\/v2\/types\/product"}],"replies":[{"embeddable":true,"href":"https:\/\/www.exatron.com.br\/en\/wp-json\/wp\/v2\/comments?post=10460"}],"wp:featuredmedia":[{"embeddable":true,"href":"https:\/\/www.exatron.com.br\/en\/wp-json\/wp\/v2\/media\/14855"}],"wp:attachment":[{"href":"https:\/\/www.exatron.com.br\/en\/wp-json\/wp\/v2\/media?parent=10460"}],"wp:term":[{"taxonomy":"aplicacao","embeddable":true,"href":"https:\/\/www.exatron.com.br\/en\/wp-json\/wp\/v2\/aplicacao?post=10460"},{"taxonomy":"product_brand","embeddable":true,"href":"https:\/\/www.exatron.com.br\/en\/wp-json\/wp\/v2\/product_brand?post=10460"},{"taxonomy":"product_cat","embeddable":true,"href":"https:\/\/www.exatron.com.br\/en\/wp-json\/wp\/v2\/product_cat?post=10460"},{"taxonomy":"product_tag","embeddable":true,"href":"https:\/\/www.exatron.com.br\/en\/wp-json\/wp\/v2\/product_tag?post=10460"}],"curies":[{"name":"wp","href":"https:\/\/api.w.org\/{rel}","templated":true}]}}