{"id":10461,"date":"2025-12-08T15:04:47","date_gmt":"2025-12-08T15:04:47","guid":{"rendered":""},"modified":"2026-04-17T10:34:24","modified_gmt":"2026-04-17T13:34:24","slug":"sensor-de-presenca-de-teto-3600-dip-switch","status":"publish","type":"product","link":"https:\/\/www.exatron.com.br\/en\/produtos\/sensor-de-presenca-de-teto-3600-dip-switch\/","title":{"rendered":"360\u00b0 Ceiling Mount Presence Sensor with DIP Switch"},"content":{"rendered":"<h3>Technical Specifications<\/h3>\n<ul>\n<li>Voltage: 100-240V~;<\/li>\n<li>Consumo pr\u00f3prio: &lt;1W;<\/li>\n<li>Frequ\u00eancia de opera\u00e7\u00e3o: 60Hz;<\/li>\n<li>\u00c1rea de cobertura: 360\u00b0 com alcance de at\u00e9 7 m instalado na altura de 2,4 m em temperatura ambiente de 25\u00b0C;<\/li>\n<li>Timer configur\u00e1vel ajustes pelo Dip Switch: 4 tempos: 1 segundo, 1 minuto, 3 minutos, 10 minutos;<\/li>\n<li>LED indicador de funcionamento;<\/li>\n<li>Proporciona at\u00e9 75% de economia de energia;<\/li>\n<li>Detecta fontes de calor (pessoas, carros, etc) deve estar no m\u00ednimo a 3\u00b0C de diferen\u00e7a em rela\u00e7\u00e3o \u00e0 temperatura do meio ambiente onde o sensor est\u00e1 instalado (utilizar em ambientes internos);<\/li>\n<li>Exclusivo Inrush Control Technology, sistema de comuta\u00e7\u00e3o pr\u00f3xima do zero da rede (sen\u00f3ide) aumentando a vida \u00fatil da carga e do sensor;<\/li>\n<li>Comanda qualquer tipo de l\u00e2mpada at\u00e9 a pot\u00eancia m\u00e1xima;<\/li>\n<li>Recontagem de tempo autom\u00e1tica a partir da \u00faltima detec\u00e7\u00e3o;<\/li>\n<li>Grau de prote\u00e7\u00e3o (IP): IP32;<\/li>\n<li>Material: Componentes pl\u00e1sticos, componentes eletr\u00f4nicos e ligas met\u00e1licas;<\/li>\n<li>Dimens\u00f5es: 58.5&#215;59.9&#215;68.5mm;<\/li>\n<li>Garantia: 02 anos;<\/li>\n<li>Capacidade de carga (l\u00e2mpadas):<\/li>\n<\/ul>\n<figure class=\"table\">\n<table>\n<thead>\n<tr>\n<th>Voltage<\/th>\n<th>Electronics\/LED<\/th>\n<th>Halogen<\/th>\n<\/tr>\n<tr>\n<th>127V~<\/th>\n<th>180W<\/th>\n<th>400W<\/th>\n<\/tr>\n<tr>\n<th>220V~<\/th>\n<th>280W<\/th>\n<th>800W<\/th>\n<\/tr>\n<\/thead>\n<\/table>\n<\/figure>\n<h3>Installation<\/h3>\n<p>\u00c9 ideal para o controle de ilumina\u00e7\u00e3o de corredores, escadas, garagens, entrada de acesso, recep\u00e7\u00e3o, dep\u00f3sitos, almoxarifados e demais ambientes internos de resid\u00eancias, escrit\u00f3rios, condom\u00ednios, ind\u00fastrias, hot\u00e9is e \u00f3rg\u00e3os p\u00fablicos. Instala\u00e7\u00e3o de sobrepor no teto ou parede.<\/p>\n<ul>\n<li><i>Acompanha parafuso e bucha de instala\u00e7\u00e3o.\u00a0<\/i><\/li>\n<\/ul>","protected":false},"excerpt":{"rendered":"<p>O Sensor de Presen\u00e7a LESTFQDP SP \u00e9 um comando inteligente que se destina ao acionamento temporizado de cargas. Detecta a movimenta\u00e7\u00e3o de fontes de calor como pessoas e carros, atrav\u00e9s de um sensor infravermelho, acionando a carga e permanecendo ligado enquanto houver detec\u00e7\u00e3o de presen\u00e7a e desligando no tempo programado ap\u00f3s a \u00faltima detec\u00e7\u00e3o de presen\u00e7a.<\/p>\n<p>O modelo\u00a0LESTFQDP SP faz parte da nova gera\u00e7\u00e3o de sensores de presen\u00e7a com tecnologia micro controlada e com ajustes atrav\u00e9s do DIP SWITCH.<\/p>\n<p>Possui superior imunidade contra interfer\u00eancias emanadas e induzidas, provocadas por reatores eletr\u00f4nicos, celulares, r\u00e1dios comunicadores e instala\u00e7\u00f5es de sensores em paralelo e tamb\u00e9m possui a tecnologia de comuta\u00e7\u00e3o por baixa tens\u00e3o el\u00e9trica menor que 50 V, aumentando a vida \u00fatil do conjunto (l\u00e2mpadas e sensor).<\/p>","protected":false},"featured_media":14563,"comment_status":"open","ping_status":"closed","template":"","meta":{"_acf_changed":false,"_joinchat":[]},"aplicacao":[],"product_brand":[],"product_cat":[349,326,379],"product_tag":[662,664,661,626,663,659,625,660,665],"class_list":{"0":"post-10461","1":"product","2":"type-product","3":"status-publish","4":"has-post-thumbnail","6":"product_cat-dip","7":"product_cat-sensores-de-presenca-para-iluminacao","8":"product_cat-teto","9":"product_tag-automacao-iluminacao","10":"product_tag-economia-energia","11":"product_tag-exatron","12":"product_tag-sensor-360","13":"product_tag-sensor-bivolt","14":"product_tag-sensor-de-movimento","15":"product_tag-sensor-de-presenca","16":"product_tag-sensor-de-teto","17":"product_tag-sensor-exatron","19":"first","20":"onbackorder","21":"shipping-taxable","22":"product-type-variable"},"acf":[],"yoast_head":"<!-- This site is optimized with the Yoast SEO plugin v27.3 - https:\/\/yoast.com\/product\/yoast-seo-wordpress\/ -->\n<title>Sensor de Presen\u00e7a de Teto 360\u00b0 DIP SWITCH - EXATRON<\/title>\n<meta name=\"description\" content=\"LESTFQDP SP - Sensor de presen\u00e7a de teto 360\u00b0, com Inrush Control, timer ajust\u00e1vel e economia de energia para ilumina\u00e7\u00e3o inteligente.\" \/>\n<meta name=\"robots\" content=\"index, follow, max-snippet:-1, max-image-preview:large, max-video-preview:-1\" \/>\n<link rel=\"canonical\" href=\"https:\/\/www.exatron.com.br\/en\/produtos\/sensor-de-presenca-de-teto-3600-dip-switch\/\" \/>\n<meta property=\"og:locale\" content=\"en_US\" \/>\n<meta property=\"og:type\" content=\"article\" \/>\n<meta property=\"og:title\" content=\"Sensor de Presen\u00e7a de Teto 360\u00b0 DIP SWITCH - EXATRON\" \/>\n<meta property=\"og:description\" content=\"LESTFQDP SP - Sensor de presen\u00e7a de teto 360\u00b0, com Inrush Control, timer ajust\u00e1vel e economia de energia para ilumina\u00e7\u00e3o inteligente.\" \/>\n<meta property=\"og:url\" content=\"https:\/\/www.exatron.com.br\/en\/produtos\/sensor-de-presenca-de-teto-3600-dip-switch\/\" \/>\n<meta property=\"og:site_name\" content=\"EXATRON\" \/>\n<meta property=\"article:modified_time\" content=\"2026-04-17T13:34:24+00:00\" \/>\n<meta property=\"og:image\" content=\"https:\/\/www.exatron.com.br\/wp-content\/uploads\/lestfqdp-sp_1.png\" \/>\n\t<meta property=\"og:image:width\" content=\"1000\" \/>\n\t<meta property=\"og:image:height\" content=\"1000\" \/>\n\t<meta property=\"og:image:type\" content=\"image\/png\" \/>\n<meta name=\"twitter:card\" content=\"summary_large_image\" \/>\n<meta name=\"twitter:label1\" content=\"Est. reading time\" \/>\n\t<meta name=\"twitter:data1\" content=\"2 minutes\" \/>\n<script type=\"application\/ld+json\" class=\"yoast-schema-graph\">{\"@context\":\"https:\\\/\\\/schema.org\",\"@graph\":[{\"@type\":\"WebPage\",\"@id\":\"https:\\\/\\\/www.exatron.com.br\\\/produtos\\\/sensor-de-presenca-de-teto-3600-dip-switch\\\/\",\"url\":\"https:\\\/\\\/www.exatron.com.br\\\/produtos\\\/sensor-de-presenca-de-teto-3600-dip-switch\\\/\",\"name\":\"Sensor de Presen\u00e7a de Teto 360\u00b0 DIP SWITCH - EXATRON\",\"isPartOf\":{\"@id\":\"https:\\\/\\\/www.exatron.com.br\\\/#website\"},\"primaryImageOfPage\":{\"@id\":\"https:\\\/\\\/www.exatron.com.br\\\/produtos\\\/sensor-de-presenca-de-teto-3600-dip-switch\\\/#primaryimage\"},\"image\":{\"@id\":\"https:\\\/\\\/www.exatron.com.br\\\/produtos\\\/sensor-de-presenca-de-teto-3600-dip-switch\\\/#primaryimage\"},\"thumbnailUrl\":\"https:\\\/\\\/www.exatron.com.br\\\/wp-content\\\/uploads\\\/lestfqdp-sp_1.png\",\"datePublished\":\"2025-12-08T15:04:47+00:00\",\"dateModified\":\"2026-04-17T13:34:24+00:00\",\"description\":\"LESTFQDP SP - Sensor de presen\u00e7a de teto 360\u00b0, com Inrush Control, timer ajust\u00e1vel e economia de energia para ilumina\u00e7\u00e3o inteligente.\",\"breadcrumb\":{\"@id\":\"https:\\\/\\\/www.exatron.com.br\\\/produtos\\\/sensor-de-presenca-de-teto-3600-dip-switch\\\/#breadcrumb\"},\"inLanguage\":\"en-US\",\"potentialAction\":[{\"@type\":\"ReadAction\",\"target\":[\"https:\\\/\\\/www.exatron.com.br\\\/produtos\\\/sensor-de-presenca-de-teto-3600-dip-switch\\\/\"]}]},{\"@type\":\"ImageObject\",\"inLanguage\":\"en-US\",\"@id\":\"https:\\\/\\\/www.exatron.com.br\\\/produtos\\\/sensor-de-presenca-de-teto-3600-dip-switch\\\/#primaryimage\",\"url\":\"https:\\\/\\\/www.exatron.com.br\\\/wp-content\\\/uploads\\\/lestfqdp-sp_1.png\",\"contentUrl\":\"https:\\\/\\\/www.exatron.com.br\\\/wp-content\\\/uploads\\\/lestfqdp-sp_1.png\",\"width\":1000,\"height\":1000,\"caption\":\"Sensor de Presen\u00e7a de Teto 360\u00b0 DIP SWITCH - Frente\"},{\"@type\":\"BreadcrumbList\",\"@id\":\"https:\\\/\\\/www.exatron.com.br\\\/produtos\\\/sensor-de-presenca-de-teto-3600-dip-switch\\\/#breadcrumb\",\"itemListElement\":[{\"@type\":\"ListItem\",\"position\":1,\"name\":\"In\u00edcio\",\"item\":\"https:\\\/\\\/www.exatron.com.br\\\/\"},{\"@type\":\"ListItem\",\"position\":2,\"name\":\"Loja\",\"item\":\"https:\\\/\\\/www.exatron.com.br\\\/loja\\\/\"},{\"@type\":\"ListItem\",\"position\":3,\"name\":\"Sensor de Presen\u00e7a de Teto 360\u00b0 DIP SWITCH\"}]},{\"@type\":\"WebSite\",\"@id\":\"https:\\\/\\\/www.exatron.com.br\\\/#website\",\"url\":\"https:\\\/\\\/www.exatron.com.br\\\/\",\"name\":\"EXATRON\",\"description\":\"\",\"publisher\":{\"@id\":\"https:\\\/\\\/www.exatron.com.br\\\/#organization\"},\"potentialAction\":[{\"@type\":\"SearchAction\",\"target\":{\"@type\":\"EntryPoint\",\"urlTemplate\":\"https:\\\/\\\/www.exatron.com.br\\\/?s={search_term_string}\"},\"query-input\":{\"@type\":\"PropertyValueSpecification\",\"valueRequired\":true,\"valueName\":\"search_term_string\"}}],\"inLanguage\":\"en-US\"},{\"@type\":\"Organization\",\"@id\":\"https:\\\/\\\/www.exatron.com.br\\\/#organization\",\"name\":\"EXATRON\",\"url\":\"https:\\\/\\\/www.exatron.com.br\\\/\",\"logo\":{\"@type\":\"ImageObject\",\"inLanguage\":\"en-US\",\"@id\":\"https:\\\/\\\/www.exatron.com.br\\\/#\\\/schema\\\/logo\\\/image\\\/\",\"url\":\"https:\\\/\\\/www.exatron.com.br\\\/wp-content\\\/uploads\\\/2024\\\/11\\\/default-kit.png\",\"contentUrl\":\"https:\\\/\\\/www.exatron.com.br\\\/wp-content\\\/uploads\\\/2024\\\/11\\\/default-kit.png\",\"width\":956,\"height\":192,\"caption\":\"EXATRON\"},\"image\":{\"@id\":\"https:\\\/\\\/www.exatron.com.br\\\/#\\\/schema\\\/logo\\\/image\\\/\"}}]}<\/script>\n<!-- \/ Yoast SEO plugin. -->","yoast_head_json":{"title":"Sensor de Presen\u00e7a de Teto 360\u00b0 DIP SWITCH - EXATRON","description":"LESTFQDP SP - Sensor de presen\u00e7a de teto 360\u00b0, com Inrush Control, timer ajust\u00e1vel e economia de energia para ilumina\u00e7\u00e3o inteligente.","robots":{"index":"index","follow":"follow","max-snippet":"max-snippet:-1","max-image-preview":"max-image-preview:large","max-video-preview":"max-video-preview:-1"},"canonical":"https:\/\/www.exatron.com.br\/en\/produtos\/sensor-de-presenca-de-teto-3600-dip-switch\/","og_locale":"en_US","og_type":"article","og_title":"Sensor de Presen\u00e7a de Teto 360\u00b0 DIP SWITCH - EXATRON","og_description":"LESTFQDP SP - Sensor de presen\u00e7a de teto 360\u00b0, com Inrush Control, timer ajust\u00e1vel e economia de energia para ilumina\u00e7\u00e3o inteligente.","og_url":"https:\/\/www.exatron.com.br\/en\/produtos\/sensor-de-presenca-de-teto-3600-dip-switch\/","og_site_name":"EXATRON","article_modified_time":"2026-04-17T13:34:24+00:00","og_image":[{"width":1000,"height":1000,"url":"https:\/\/www.exatron.com.br\/wp-content\/uploads\/lestfqdp-sp_1.png","type":"image\/png"}],"twitter_card":"summary_large_image","twitter_misc":{"Est. reading time":"2 minutes"},"schema":{"@context":"https:\/\/schema.org","@graph":[{"@type":"WebPage","@id":"https:\/\/www.exatron.com.br\/produtos\/sensor-de-presenca-de-teto-3600-dip-switch\/","url":"https:\/\/www.exatron.com.br\/produtos\/sensor-de-presenca-de-teto-3600-dip-switch\/","name":"Sensor de Presen\u00e7a de Teto 360\u00b0 DIP SWITCH - EXATRON","isPartOf":{"@id":"https:\/\/www.exatron.com.br\/#website"},"primaryImageOfPage":{"@id":"https:\/\/www.exatron.com.br\/produtos\/sensor-de-presenca-de-teto-3600-dip-switch\/#primaryimage"},"image":{"@id":"https:\/\/www.exatron.com.br\/produtos\/sensor-de-presenca-de-teto-3600-dip-switch\/#primaryimage"},"thumbnailUrl":"https:\/\/www.exatron.com.br\/wp-content\/uploads\/lestfqdp-sp_1.png","datePublished":"2025-12-08T15:04:47+00:00","dateModified":"2026-04-17T13:34:24+00:00","description":"LESTFQDP SP - Sensor de presen\u00e7a de teto 360\u00b0, com Inrush Control, timer ajust\u00e1vel e economia de energia para ilumina\u00e7\u00e3o inteligente.","breadcrumb":{"@id":"https:\/\/www.exatron.com.br\/produtos\/sensor-de-presenca-de-teto-3600-dip-switch\/#breadcrumb"},"inLanguage":"en-US","potentialAction":[{"@type":"ReadAction","target":["https:\/\/www.exatron.com.br\/produtos\/sensor-de-presenca-de-teto-3600-dip-switch\/"]}]},{"@type":"ImageObject","inLanguage":"en-US","@id":"https:\/\/www.exatron.com.br\/produtos\/sensor-de-presenca-de-teto-3600-dip-switch\/#primaryimage","url":"https:\/\/www.exatron.com.br\/wp-content\/uploads\/lestfqdp-sp_1.png","contentUrl":"https:\/\/www.exatron.com.br\/wp-content\/uploads\/lestfqdp-sp_1.png","width":1000,"height":1000,"caption":"Sensor de Presen\u00e7a de Teto 360\u00b0 DIP SWITCH - Frente"},{"@type":"BreadcrumbList","@id":"https:\/\/www.exatron.com.br\/produtos\/sensor-de-presenca-de-teto-3600-dip-switch\/#breadcrumb","itemListElement":[{"@type":"ListItem","position":1,"name":"In\u00edcio","item":"https:\/\/www.exatron.com.br\/"},{"@type":"ListItem","position":2,"name":"Loja","item":"https:\/\/www.exatron.com.br\/loja\/"},{"@type":"ListItem","position":3,"name":"Sensor de Presen\u00e7a de Teto 360\u00b0 DIP SWITCH"}]},{"@type":"WebSite","@id":"https:\/\/www.exatron.com.br\/#website","url":"https:\/\/www.exatron.com.br\/","name":"EXATRON","description":"","publisher":{"@id":"https:\/\/www.exatron.com.br\/#organization"},"potentialAction":[{"@type":"SearchAction","target":{"@type":"EntryPoint","urlTemplate":"https:\/\/www.exatron.com.br\/?s={search_term_string}"},"query-input":{"@type":"PropertyValueSpecification","valueRequired":true,"valueName":"search_term_string"}}],"inLanguage":"en-US"},{"@type":"Organization","@id":"https:\/\/www.exatron.com.br\/#organization","name":"EXATRON","url":"https:\/\/www.exatron.com.br\/","logo":{"@type":"ImageObject","inLanguage":"en-US","@id":"https:\/\/www.exatron.com.br\/#\/schema\/logo\/image\/","url":"https:\/\/www.exatron.com.br\/wp-content\/uploads\/2024\/11\/default-kit.png","contentUrl":"https:\/\/www.exatron.com.br\/wp-content\/uploads\/2024\/11\/default-kit.png","width":956,"height":192,"caption":"EXATRON"},"image":{"@id":"https:\/\/www.exatron.com.br\/#\/schema\/logo\/image\/"}}]}},"_links":{"self":[{"href":"https:\/\/www.exatron.com.br\/en\/wp-json\/wp\/v2\/product\/10461","targetHints":{"allow":["GET"]}}],"collection":[{"href":"https:\/\/www.exatron.com.br\/en\/wp-json\/wp\/v2\/product"}],"about":[{"href":"https:\/\/www.exatron.com.br\/en\/wp-json\/wp\/v2\/types\/product"}],"replies":[{"embeddable":true,"href":"https:\/\/www.exatron.com.br\/en\/wp-json\/wp\/v2\/comments?post=10461"}],"wp:featuredmedia":[{"embeddable":true,"href":"https:\/\/www.exatron.com.br\/en\/wp-json\/wp\/v2\/media\/14563"}],"wp:attachment":[{"href":"https:\/\/www.exatron.com.br\/en\/wp-json\/wp\/v2\/media?parent=10461"}],"wp:term":[{"taxonomy":"aplicacao","embeddable":true,"href":"https:\/\/www.exatron.com.br\/en\/wp-json\/wp\/v2\/aplicacao?post=10461"},{"taxonomy":"product_brand","embeddable":true,"href":"https:\/\/www.exatron.com.br\/en\/wp-json\/wp\/v2\/product_brand?post=10461"},{"taxonomy":"product_cat","embeddable":true,"href":"https:\/\/www.exatron.com.br\/en\/wp-json\/wp\/v2\/product_cat?post=10461"},{"taxonomy":"product_tag","embeddable":true,"href":"https:\/\/www.exatron.com.br\/en\/wp-json\/wp\/v2\/product_tag?post=10461"}],"curies":[{"name":"wp","href":"https:\/\/api.w.org\/{rel}","templated":true}]}}