{"id":10468,"date":"2025-12-08T15:05:44","date_gmt":"2025-12-08T15:05:44","guid":{"rendered":""},"modified":"2026-04-22T08:23:12","modified_gmt":"2026-04-22T11:23:12","slug":"minuteria-exata-mix0mp","status":"publish","type":"product","link":"https:\/\/www.exatron.com.br\/en\/produtos\/minuteria-exata-mix0mp\/","title":{"rendered":"Exact Minutes"},"content":{"rendered":"<h3>Technical Specifications<\/h3>\n<ul>\n<li>Economia de energia de at\u00e9 85%;<\/li>\n<li>Regulagem de tempo de ~ 15 seg. \u00e0 ~ 4 min;<\/li>\n<li>Recontagem de tempo autom\u00e1tica a partir da \u00faltima chamada;<\/li>\n<li>Sinal indicador de interruptor acionado (led);<\/li>\n<li>Sinal indicador de fus\u00edvel queimado (l\u00e2mpada neon);<\/li>\n<li>EZNEON \u2013 exclusivo circuito que permite o uso de at\u00e9 10 pulsadores luminosos em 127V (neon ou led);<\/li>\n<li>BFS \u2013 com 3 toques consecutivos (ap\u00f3s a carga desligar)\u00a0\u00e9 acionado o tempo de 45 minutos, especial para mudan\u00e7as, limpeza e festas;<\/li>\n<li>APS \u2013 Sistema de autoprote\u00e7\u00e3o contra defeitos na instala\u00e7\u00e3o, ocasionado por interruptor trancado (led aceso). A minuteria desliga as l\u00e2mpadas, voltando a funcionar ap\u00f3s o problema ser solucionado;<\/li>\n<li>Comanda qualquer tipo de l\u00e2mpada;<\/li>\n<li>ECOLAMP \u2013 exclusivo sistema que prolonga a vida \u00fatil das l\u00e2mpadas e da minuteria;<\/li>\n<li>Prote\u00e7\u00e3o atrav\u00e9s de fus\u00edvel;<\/li>\n<li>Tens\u00e3o: 100 \u2013 240 V ~ 50\/60Hz \u2013 bivolt autom\u00e1tico;<\/li>\n<li>Warranty: 2 years.<\/li>\n<\/ul>","protected":false},"excerpt":{"rendered":"<p>A Minuteria Exata Exatron (MIX\u00d8MP) \u00e9 um rel\u00e9 temporizador que tem por fun\u00e7\u00e3o o controle de ilumina\u00e7\u00e3o pelo tempo que voc\u00ea determinar. Comanda v\u00e1rios pontos de luz e qualquer tipo de l\u00e2mpada. Determine o tempo que a luz ficar\u00e1 acesa em ambientes de circula\u00e7\u00e3o, halls, corredores, garagens, escadas e demais \u00e1reas comuns de condom\u00ednios.<\/p>","protected":false},"featured_media":11616,"comment_status":"open","ping_status":"closed","template":"","meta":{"_acf_changed":false,"_joinchat":[]},"aplicacao":[],"product_brand":[],"product_cat":[350,318],"product_tag":[],"class_list":{"0":"post-10468","1":"product","2":"type-product","3":"status-publish","4":"has-post-thumbnail","6":"product_cat-minuteria","7":"product_cat-timer-temporizadores","9":"first","10":"venda_encerrada","11":"shipping-taxable","12":"product-type-simple"},"acf":[],"yoast_head":"<!-- This site is optimized with the Yoast SEO plugin v27.3 - https:\/\/yoast.com\/product\/yoast-seo-wordpress\/ -->\n<title>Minuteria Exata - EXATRON<\/title>\n<meta name=\"description\" content=\"Minuteria Exata Exatron: controle temporizado de ilumina\u00e7\u00e3o em \u00e1reas comuns. Economia de energia de at\u00e9 85%. Compat\u00edvel com qualquer l\u00e2mpada!\" \/>\n<meta name=\"robots\" content=\"index, follow, max-snippet:-1, max-image-preview:large, max-video-preview:-1\" \/>\n<link rel=\"canonical\" href=\"https:\/\/www.exatron.com.br\/en\/produtos\/minuteria-exata-mix0mp\/\" \/>\n<meta property=\"og:locale\" content=\"en_US\" \/>\n<meta property=\"og:type\" content=\"article\" \/>\n<meta property=\"og:title\" content=\"Minuteria Exata - EXATRON\" \/>\n<meta property=\"og:description\" content=\"Minuteria Exata Exatron: controle temporizado de ilumina\u00e7\u00e3o em \u00e1reas comuns. Economia de energia de at\u00e9 85%. Compat\u00edvel com qualquer l\u00e2mpada!\" \/>\n<meta property=\"og:url\" content=\"https:\/\/www.exatron.com.br\/en\/produtos\/minuteria-exata-mix0mp\/\" \/>\n<meta property=\"og:site_name\" content=\"EXATRON\" \/>\n<meta property=\"article:modified_time\" content=\"2026-04-22T11:23:12+00:00\" \/>\n<meta property=\"og:image\" content=\"https:\/\/www.exatron.com.br\/wp-content\/uploads\/2025\/10\/minuteria-exata.jpg\" \/>\n\t<meta property=\"og:image:width\" content=\"800\" \/>\n\t<meta property=\"og:image:height\" content=\"800\" \/>\n\t<meta property=\"og:image:type\" content=\"image\/jpeg\" \/>\n<meta name=\"twitter:card\" content=\"summary_large_image\" \/>\n<meta name=\"twitter:label1\" content=\"Est. reading time\" \/>\n\t<meta name=\"twitter:data1\" content=\"1 minute\" \/>\n<script type=\"application\/ld+json\" class=\"yoast-schema-graph\">{\"@context\":\"https:\\\/\\\/schema.org\",\"@graph\":[{\"@type\":\"WebPage\",\"@id\":\"https:\\\/\\\/www.exatron.com.br\\\/produtos\\\/minuteria-exata-mix0mp\\\/\",\"url\":\"https:\\\/\\\/www.exatron.com.br\\\/produtos\\\/minuteria-exata-mix0mp\\\/\",\"name\":\"Minuteria Exata - EXATRON\",\"isPartOf\":{\"@id\":\"https:\\\/\\\/www.exatron.com.br\\\/#website\"},\"primaryImageOfPage\":{\"@id\":\"https:\\\/\\\/www.exatron.com.br\\\/produtos\\\/minuteria-exata-mix0mp\\\/#primaryimage\"},\"image\":{\"@id\":\"https:\\\/\\\/www.exatron.com.br\\\/produtos\\\/minuteria-exata-mix0mp\\\/#primaryimage\"},\"thumbnailUrl\":\"https:\\\/\\\/www.exatron.com.br\\\/wp-content\\\/uploads\\\/2025\\\/10\\\/minuteria-exata.jpg\",\"datePublished\":\"2025-12-08T15:05:44+00:00\",\"dateModified\":\"2026-04-22T11:23:12+00:00\",\"description\":\"Minuteria Exata Exatron: controle temporizado de ilumina\u00e7\u00e3o em \u00e1reas comuns. Economia de energia de at\u00e9 85%. Compat\u00edvel com qualquer l\u00e2mpada!\",\"breadcrumb\":{\"@id\":\"https:\\\/\\\/www.exatron.com.br\\\/produtos\\\/minuteria-exata-mix0mp\\\/#breadcrumb\"},\"inLanguage\":\"en-US\",\"potentialAction\":[{\"@type\":\"ReadAction\",\"target\":[\"https:\\\/\\\/www.exatron.com.br\\\/produtos\\\/minuteria-exata-mix0mp\\\/\"]}]},{\"@type\":\"ImageObject\",\"inLanguage\":\"en-US\",\"@id\":\"https:\\\/\\\/www.exatron.com.br\\\/produtos\\\/minuteria-exata-mix0mp\\\/#primaryimage\",\"url\":\"https:\\\/\\\/www.exatron.com.br\\\/wp-content\\\/uploads\\\/2025\\\/10\\\/minuteria-exata.jpg\",\"contentUrl\":\"https:\\\/\\\/www.exatron.com.br\\\/wp-content\\\/uploads\\\/2025\\\/10\\\/minuteria-exata.jpg\",\"width\":800,\"height\":800,\"caption\":\"Minuteria Exata\"},{\"@type\":\"BreadcrumbList\",\"@id\":\"https:\\\/\\\/www.exatron.com.br\\\/produtos\\\/minuteria-exata-mix0mp\\\/#breadcrumb\",\"itemListElement\":[{\"@type\":\"ListItem\",\"position\":1,\"name\":\"In\u00edcio\",\"item\":\"https:\\\/\\\/www.exatron.com.br\\\/\"},{\"@type\":\"ListItem\",\"position\":2,\"name\":\"Loja\",\"item\":\"https:\\\/\\\/www.exatron.com.br\\\/loja\\\/\"},{\"@type\":\"ListItem\",\"position\":3,\"name\":\"Minuteria Exata\"}]},{\"@type\":\"WebSite\",\"@id\":\"https:\\\/\\\/www.exatron.com.br\\\/#website\",\"url\":\"https:\\\/\\\/www.exatron.com.br\\\/\",\"name\":\"EXATRON\",\"description\":\"\",\"publisher\":{\"@id\":\"https:\\\/\\\/www.exatron.com.br\\\/#organization\"},\"potentialAction\":[{\"@type\":\"SearchAction\",\"target\":{\"@type\":\"EntryPoint\",\"urlTemplate\":\"https:\\\/\\\/www.exatron.com.br\\\/?s={search_term_string}\"},\"query-input\":{\"@type\":\"PropertyValueSpecification\",\"valueRequired\":true,\"valueName\":\"search_term_string\"}}],\"inLanguage\":\"en-US\"},{\"@type\":\"Organization\",\"@id\":\"https:\\\/\\\/www.exatron.com.br\\\/#organization\",\"name\":\"EXATRON\",\"url\":\"https:\\\/\\\/www.exatron.com.br\\\/\",\"logo\":{\"@type\":\"ImageObject\",\"inLanguage\":\"en-US\",\"@id\":\"https:\\\/\\\/www.exatron.com.br\\\/#\\\/schema\\\/logo\\\/image\\\/\",\"url\":\"https:\\\/\\\/www.exatron.com.br\\\/wp-content\\\/uploads\\\/2024\\\/11\\\/default-kit.png\",\"contentUrl\":\"https:\\\/\\\/www.exatron.com.br\\\/wp-content\\\/uploads\\\/2024\\\/11\\\/default-kit.png\",\"width\":956,\"height\":192,\"caption\":\"EXATRON\"},\"image\":{\"@id\":\"https:\\\/\\\/www.exatron.com.br\\\/#\\\/schema\\\/logo\\\/image\\\/\"}}]}<\/script>\n<!-- \/ Yoast SEO plugin. -->","yoast_head_json":{"title":"Minuteria Exata - EXATRON","description":"Minuteria Exata Exatron: controle temporizado de ilumina\u00e7\u00e3o em \u00e1reas comuns. Economia de energia de at\u00e9 85%. Compat\u00edvel com qualquer l\u00e2mpada!","robots":{"index":"index","follow":"follow","max-snippet":"max-snippet:-1","max-image-preview":"max-image-preview:large","max-video-preview":"max-video-preview:-1"},"canonical":"https:\/\/www.exatron.com.br\/en\/produtos\/minuteria-exata-mix0mp\/","og_locale":"en_US","og_type":"article","og_title":"Minuteria Exata - EXATRON","og_description":"Minuteria Exata Exatron: controle temporizado de ilumina\u00e7\u00e3o em \u00e1reas comuns. Economia de energia de at\u00e9 85%. Compat\u00edvel com qualquer l\u00e2mpada!","og_url":"https:\/\/www.exatron.com.br\/en\/produtos\/minuteria-exata-mix0mp\/","og_site_name":"EXATRON","article_modified_time":"2026-04-22T11:23:12+00:00","og_image":[{"width":800,"height":800,"url":"https:\/\/www.exatron.com.br\/wp-content\/uploads\/2025\/10\/minuteria-exata.jpg","type":"image\/jpeg"}],"twitter_card":"summary_large_image","twitter_misc":{"Est. reading time":"1 minute"},"schema":{"@context":"https:\/\/schema.org","@graph":[{"@type":"WebPage","@id":"https:\/\/www.exatron.com.br\/produtos\/minuteria-exata-mix0mp\/","url":"https:\/\/www.exatron.com.br\/produtos\/minuteria-exata-mix0mp\/","name":"Minuteria Exata - EXATRON","isPartOf":{"@id":"https:\/\/www.exatron.com.br\/#website"},"primaryImageOfPage":{"@id":"https:\/\/www.exatron.com.br\/produtos\/minuteria-exata-mix0mp\/#primaryimage"},"image":{"@id":"https:\/\/www.exatron.com.br\/produtos\/minuteria-exata-mix0mp\/#primaryimage"},"thumbnailUrl":"https:\/\/www.exatron.com.br\/wp-content\/uploads\/2025\/10\/minuteria-exata.jpg","datePublished":"2025-12-08T15:05:44+00:00","dateModified":"2026-04-22T11:23:12+00:00","description":"Minuteria Exata Exatron: controle temporizado de ilumina\u00e7\u00e3o em \u00e1reas comuns. Economia de energia de at\u00e9 85%. Compat\u00edvel com qualquer l\u00e2mpada!","breadcrumb":{"@id":"https:\/\/www.exatron.com.br\/produtos\/minuteria-exata-mix0mp\/#breadcrumb"},"inLanguage":"en-US","potentialAction":[{"@type":"ReadAction","target":["https:\/\/www.exatron.com.br\/produtos\/minuteria-exata-mix0mp\/"]}]},{"@type":"ImageObject","inLanguage":"en-US","@id":"https:\/\/www.exatron.com.br\/produtos\/minuteria-exata-mix0mp\/#primaryimage","url":"https:\/\/www.exatron.com.br\/wp-content\/uploads\/2025\/10\/minuteria-exata.jpg","contentUrl":"https:\/\/www.exatron.com.br\/wp-content\/uploads\/2025\/10\/minuteria-exata.jpg","width":800,"height":800,"caption":"Minuteria Exata"},{"@type":"BreadcrumbList","@id":"https:\/\/www.exatron.com.br\/produtos\/minuteria-exata-mix0mp\/#breadcrumb","itemListElement":[{"@type":"ListItem","position":1,"name":"In\u00edcio","item":"https:\/\/www.exatron.com.br\/"},{"@type":"ListItem","position":2,"name":"Loja","item":"https:\/\/www.exatron.com.br\/loja\/"},{"@type":"ListItem","position":3,"name":"Minuteria Exata"}]},{"@type":"WebSite","@id":"https:\/\/www.exatron.com.br\/#website","url":"https:\/\/www.exatron.com.br\/","name":"EXATRON","description":"","publisher":{"@id":"https:\/\/www.exatron.com.br\/#organization"},"potentialAction":[{"@type":"SearchAction","target":{"@type":"EntryPoint","urlTemplate":"https:\/\/www.exatron.com.br\/?s={search_term_string}"},"query-input":{"@type":"PropertyValueSpecification","valueRequired":true,"valueName":"search_term_string"}}],"inLanguage":"en-US"},{"@type":"Organization","@id":"https:\/\/www.exatron.com.br\/#organization","name":"EXATRON","url":"https:\/\/www.exatron.com.br\/","logo":{"@type":"ImageObject","inLanguage":"en-US","@id":"https:\/\/www.exatron.com.br\/#\/schema\/logo\/image\/","url":"https:\/\/www.exatron.com.br\/wp-content\/uploads\/2024\/11\/default-kit.png","contentUrl":"https:\/\/www.exatron.com.br\/wp-content\/uploads\/2024\/11\/default-kit.png","width":956,"height":192,"caption":"EXATRON"},"image":{"@id":"https:\/\/www.exatron.com.br\/#\/schema\/logo\/image\/"}}]}},"_links":{"self":[{"href":"https:\/\/www.exatron.com.br\/en\/wp-json\/wp\/v2\/product\/10468","targetHints":{"allow":["GET"]}}],"collection":[{"href":"https:\/\/www.exatron.com.br\/en\/wp-json\/wp\/v2\/product"}],"about":[{"href":"https:\/\/www.exatron.com.br\/en\/wp-json\/wp\/v2\/types\/product"}],"replies":[{"embeddable":true,"href":"https:\/\/www.exatron.com.br\/en\/wp-json\/wp\/v2\/comments?post=10468"}],"wp:featuredmedia":[{"embeddable":true,"href":"https:\/\/www.exatron.com.br\/en\/wp-json\/wp\/v2\/media\/11616"}],"wp:attachment":[{"href":"https:\/\/www.exatron.com.br\/en\/wp-json\/wp\/v2\/media?parent=10468"}],"wp:term":[{"taxonomy":"aplicacao","embeddable":true,"href":"https:\/\/www.exatron.com.br\/en\/wp-json\/wp\/v2\/aplicacao?post=10468"},{"taxonomy":"product_brand","embeddable":true,"href":"https:\/\/www.exatron.com.br\/en\/wp-json\/wp\/v2\/product_brand?post=10468"},{"taxonomy":"product_cat","embeddable":true,"href":"https:\/\/www.exatron.com.br\/en\/wp-json\/wp\/v2\/product_cat?post=10468"},{"taxonomy":"product_tag","embeddable":true,"href":"https:\/\/www.exatron.com.br\/en\/wp-json\/wp\/v2\/product_tag?post=10468"}],"curies":[{"name":"wp","href":"https:\/\/api.w.org\/{rel}","templated":true}]}}