{"id":10470,"date":"2025-12-08T15:05:48","date_gmt":"2025-12-08T15:05:48","guid":{"rendered":""},"modified":"2026-04-22T16:26:34","modified_gmt":"2026-04-22T19:26:34","slug":"protetor-de-linha-4-tomadas-preto","status":"publish","type":"product","link":"https:\/\/www.exatron.com.br\/en\/produtos\/protetor-de-linha-4-tomadas-preto\/","title":{"rendered":"4-Outlet Power Strip - Black"},"content":{"rendered":"<h3>Technical Specifications<\/h3>\n<ul>\n<li>Tens\u00e3o: 127\/220V~50\/60Hz &#8211; Bivolt autom\u00e1tico;<\/li>\n<li>Tens\u00e3o m\u00e1xima: 250V~;<\/li>\n<li>Corrente m\u00e1xima resistiva: 10A;<\/li>\n<li>Prote\u00e7\u00e3o contra surtos de tens\u00e3o: 80J @ 2 ms (1 surto de 10.000 Volts, conforme curva 8\/20us);<\/li>\n<li>Comprimento do cabo: 1,5 metros;<\/li>\n<li>Prote\u00e7\u00e3o contra sobrecargas (Fus\u00edvel de 10A);<\/li>\n<li>Chave Liga\/Desliga com luz indicativa de funcionamento;<\/li>\n<li>Plugue e tomadas de acordo com padr\u00f5es NBR14136;<\/li>\n<li>Temperatura ambiente de opera\u00e7\u00e3o: 0 a 40\u00baC;<\/li>\n<li>Dimens\u00f5es (C x L x A): 201x44x36,4mm;<\/li>\n<li>Possui fus\u00edvel reserva em caso de falha\/queima do fus\u00edvel original com f\u00e1cil reposi\u00e7\u00e3o e troca pelo pr\u00f3prio usu\u00e1rio;<\/li>\n<li>Componentes: Pl\u00e1sticos, eletr\u00f4nicos e ligas met\u00e1licas;<\/li>\n<li>Garantia: 1\u00a0ano.<\/li>\n<li>Tabela\u00a0de Pot\u00eancia\u00a0M\u00e1xima Resistiva Suportada pelo Conjunto:<\/li>\n<\/ul>\n<figure class=\"table\">\n<table>\n<tbody>\n<tr>\n<td>127Vca<\/td>\n<td>220Vca<\/td>\n<\/tr>\n<tr>\n<td>1270W<\/td>\n<td>2200W<\/td>\n<\/tr>\n<\/tbody>\n<\/table>\n<\/figure>\n<h3>Installation<\/h3>\n<ul>\n<li>Verifique o tipo de carga que ir\u00e1 usar e siga rigorosamente a orienta\u00e7\u00e3o da tabela de pot\u00eancia;<\/li>\n<li>Insira o plugue na tomada, aperte o bot\u00e3o de Liga\/Desliga com luz indicativa, insira os plugues nas tomadas.<\/li>\n<\/ul>","protected":false},"excerpt":{"rendered":"<p>Proteja seus eletrodom\u00e9sticos e equipamentos el\u00e9tricos contra surtos de tens\u00e3o com os Protetores de Linha da Exatron. Este equipamento \u00e9 feito em pl\u00e1stico de alta resist\u00eancia antichamas, e com plugue e tomadas com tr\u00eas pinos de acordo com o padr\u00e3o NBR 14136. Possui certifica\u00e7\u00e3o do INMETRO com aprova\u00e7\u00e3o em todos os testes de seguran\u00e7a.<\/p>\n<p>Design diferenciado com fura\u00e7\u00e3o para parafusar ou prender o produto e uma tomada com afastamento para plugues cr\u00edticos como: fontes ou carregadores, evitando a sobreposi\u00e7\u00e3o e inutiliza\u00e7\u00e3o de uma das entradas.<\/p>","protected":false},"featured_media":9759,"comment_status":"open","ping_status":"closed","template":"","meta":{"_acf_changed":false,"_joinchat":[]},"aplicacao":[270],"product_brand":[],"product_cat":[354,319],"product_tag":[814,812,815],"class_list":{"0":"post-10470","1":"product","2":"type-product","3":"status-publish","4":"has-post-thumbnail","6":"aplicacao-seguranca-de-equipamentos-baixa-tensao","7":"product_cat-4-tomadas","8":"product_cat-protetores-de-linha","9":"product_tag-filtro-de-linha","10":"product_tag-protetor-de-linha","11":"product_tag-regua-de-tomada","13":"first","14":"instock","15":"shipping-taxable","16":"purchasable","17":"product-type-simple"},"acf":[],"yoast_head":"<!-- This site is optimized with the Yoast SEO plugin v27.3 - https:\/\/yoast.com\/product\/yoast-seo-wordpress\/ -->\n<title>Protetor de Linha 4 Tomadas \u2013 Preto - EXATRON<\/title>\n<meta name=\"description\" content=\"Protetor de linha de 4 tomadas Preto (FL04T PT): Pl\u00e1stico de alta resist\u00eancia antichamas, com plugue e tomada de 3 pinos. Possui certifica\u00e7\u00e3o do INMETRO.\" \/>\n<meta name=\"robots\" content=\"index, follow, max-snippet:-1, max-image-preview:large, max-video-preview:-1\" \/>\n<link rel=\"canonical\" href=\"https:\/\/www.exatron.com.br\/en\/produtos\/protetor-de-linha-4-tomadas-preto\/\" \/>\n<meta property=\"og:locale\" content=\"en_US\" \/>\n<meta property=\"og:type\" content=\"article\" \/>\n<meta property=\"og:title\" content=\"Protetor de Linha 4 Tomadas \u2013 Preto - EXATRON\" \/>\n<meta property=\"og:description\" content=\"Protetor de linha de 4 tomadas Preto (FL04T PT): Pl\u00e1stico de alta resist\u00eancia antichamas, com plugue e tomada de 3 pinos. Possui certifica\u00e7\u00e3o do INMETRO.\" \/>\n<meta property=\"og:url\" content=\"https:\/\/www.exatron.com.br\/en\/produtos\/protetor-de-linha-4-tomadas-preto\/\" \/>\n<meta property=\"og:site_name\" content=\"EXATRON\" \/>\n<meta property=\"article:modified_time\" content=\"2026-04-22T19:26:34+00:00\" \/>\n<meta property=\"og:image\" content=\"https:\/\/www.exatron.com.br\/wp-content\/uploads\/2025\/12\/protetor-de-linha-4-tomadas-preto.png\" \/>\n\t<meta property=\"og:image:width\" content=\"540\" \/>\n\t<meta property=\"og:image:height\" content=\"540\" \/>\n\t<meta property=\"og:image:type\" content=\"image\/png\" \/>\n<meta name=\"twitter:card\" content=\"summary_large_image\" \/>\n<meta name=\"twitter:label1\" content=\"Est. reading time\" \/>\n\t<meta name=\"twitter:data1\" content=\"2 minutes\" \/>\n<script type=\"application\/ld+json\" class=\"yoast-schema-graph\">{\"@context\":\"https:\\\/\\\/schema.org\",\"@graph\":[{\"@type\":\"WebPage\",\"@id\":\"https:\\\/\\\/www.exatron.com.br\\\/produtos\\\/protetor-de-linha-4-tomadas-preto\\\/\",\"url\":\"https:\\\/\\\/www.exatron.com.br\\\/produtos\\\/protetor-de-linha-4-tomadas-preto\\\/\",\"name\":\"Protetor de Linha 4 Tomadas \u2013 Preto - EXATRON\",\"isPartOf\":{\"@id\":\"https:\\\/\\\/www.exatron.com.br\\\/#website\"},\"primaryImageOfPage\":{\"@id\":\"https:\\\/\\\/www.exatron.com.br\\\/produtos\\\/protetor-de-linha-4-tomadas-preto\\\/#primaryimage\"},\"image\":{\"@id\":\"https:\\\/\\\/www.exatron.com.br\\\/produtos\\\/protetor-de-linha-4-tomadas-preto\\\/#primaryimage\"},\"thumbnailUrl\":\"https:\\\/\\\/www.exatron.com.br\\\/wp-content\\\/uploads\\\/2025\\\/12\\\/protetor-de-linha-4-tomadas-preto.png\",\"datePublished\":\"2025-12-08T15:05:48+00:00\",\"dateModified\":\"2026-04-22T19:26:34+00:00\",\"description\":\"Protetor de linha de 4 tomadas Preto (FL04T PT): Pl\u00e1stico de alta resist\u00eancia antichamas, com plugue e tomada de 3 pinos. Possui certifica\u00e7\u00e3o do INMETRO.\",\"breadcrumb\":{\"@id\":\"https:\\\/\\\/www.exatron.com.br\\\/produtos\\\/protetor-de-linha-4-tomadas-preto\\\/#breadcrumb\"},\"inLanguage\":\"en-US\",\"potentialAction\":[{\"@type\":\"ReadAction\",\"target\":[\"https:\\\/\\\/www.exatron.com.br\\\/produtos\\\/protetor-de-linha-4-tomadas-preto\\\/\"]}]},{\"@type\":\"ImageObject\",\"inLanguage\":\"en-US\",\"@id\":\"https:\\\/\\\/www.exatron.com.br\\\/produtos\\\/protetor-de-linha-4-tomadas-preto\\\/#primaryimage\",\"url\":\"https:\\\/\\\/www.exatron.com.br\\\/wp-content\\\/uploads\\\/2025\\\/12\\\/protetor-de-linha-4-tomadas-preto.png\",\"contentUrl\":\"https:\\\/\\\/www.exatron.com.br\\\/wp-content\\\/uploads\\\/2025\\\/12\\\/protetor-de-linha-4-tomadas-preto.png\",\"width\":540,\"height\":540,\"caption\":\"Design diferenciado com fura\u00e7\u00e3o para parafusar ou prender o produto e uma tomada com afastamento para plugues cr\u00edticos como: fontes ou carregadores, evitando a sobreposi\u00e7\u00e3o e inutiliza\u00e7\u00e3o de uma das entradas.\"},{\"@type\":\"BreadcrumbList\",\"@id\":\"https:\\\/\\\/www.exatron.com.br\\\/produtos\\\/protetor-de-linha-4-tomadas-preto\\\/#breadcrumb\",\"itemListElement\":[{\"@type\":\"ListItem\",\"position\":1,\"name\":\"In\u00edcio\",\"item\":\"https:\\\/\\\/www.exatron.com.br\\\/\"},{\"@type\":\"ListItem\",\"position\":2,\"name\":\"Loja\",\"item\":\"https:\\\/\\\/www.exatron.com.br\\\/loja\\\/\"},{\"@type\":\"ListItem\",\"position\":3,\"name\":\"Protetor de Linha 4 Tomadas \u2013 Preto\"}]},{\"@type\":\"WebSite\",\"@id\":\"https:\\\/\\\/www.exatron.com.br\\\/#website\",\"url\":\"https:\\\/\\\/www.exatron.com.br\\\/\",\"name\":\"EXATRON\",\"description\":\"\",\"publisher\":{\"@id\":\"https:\\\/\\\/www.exatron.com.br\\\/#organization\"},\"potentialAction\":[{\"@type\":\"SearchAction\",\"target\":{\"@type\":\"EntryPoint\",\"urlTemplate\":\"https:\\\/\\\/www.exatron.com.br\\\/?s={search_term_string}\"},\"query-input\":{\"@type\":\"PropertyValueSpecification\",\"valueRequired\":true,\"valueName\":\"search_term_string\"}}],\"inLanguage\":\"en-US\"},{\"@type\":\"Organization\",\"@id\":\"https:\\\/\\\/www.exatron.com.br\\\/#organization\",\"name\":\"EXATRON\",\"url\":\"https:\\\/\\\/www.exatron.com.br\\\/\",\"logo\":{\"@type\":\"ImageObject\",\"inLanguage\":\"en-US\",\"@id\":\"https:\\\/\\\/www.exatron.com.br\\\/#\\\/schema\\\/logo\\\/image\\\/\",\"url\":\"https:\\\/\\\/www.exatron.com.br\\\/wp-content\\\/uploads\\\/2024\\\/11\\\/default-kit.png\",\"contentUrl\":\"https:\\\/\\\/www.exatron.com.br\\\/wp-content\\\/uploads\\\/2024\\\/11\\\/default-kit.png\",\"width\":956,\"height\":192,\"caption\":\"EXATRON\"},\"image\":{\"@id\":\"https:\\\/\\\/www.exatron.com.br\\\/#\\\/schema\\\/logo\\\/image\\\/\"}}]}<\/script>\n<!-- \/ Yoast SEO plugin. -->","yoast_head_json":{"title":"Protetor de Linha 4 Tomadas \u2013 Preto - EXATRON","description":"Protetor de linha de 4 tomadas Preto (FL04T PT): Pl\u00e1stico de alta resist\u00eancia antichamas, com plugue e tomada de 3 pinos. Possui certifica\u00e7\u00e3o do INMETRO.","robots":{"index":"index","follow":"follow","max-snippet":"max-snippet:-1","max-image-preview":"max-image-preview:large","max-video-preview":"max-video-preview:-1"},"canonical":"https:\/\/www.exatron.com.br\/en\/produtos\/protetor-de-linha-4-tomadas-preto\/","og_locale":"en_US","og_type":"article","og_title":"Protetor de Linha 4 Tomadas \u2013 Preto - EXATRON","og_description":"Protetor de linha de 4 tomadas Preto (FL04T PT): Pl\u00e1stico de alta resist\u00eancia antichamas, com plugue e tomada de 3 pinos. Possui certifica\u00e7\u00e3o do INMETRO.","og_url":"https:\/\/www.exatron.com.br\/en\/produtos\/protetor-de-linha-4-tomadas-preto\/","og_site_name":"EXATRON","article_modified_time":"2026-04-22T19:26:34+00:00","og_image":[{"width":540,"height":540,"url":"https:\/\/www.exatron.com.br\/wp-content\/uploads\/2025\/12\/protetor-de-linha-4-tomadas-preto.png","type":"image\/png"}],"twitter_card":"summary_large_image","twitter_misc":{"Est. reading time":"2 minutes"},"schema":{"@context":"https:\/\/schema.org","@graph":[{"@type":"WebPage","@id":"https:\/\/www.exatron.com.br\/produtos\/protetor-de-linha-4-tomadas-preto\/","url":"https:\/\/www.exatron.com.br\/produtos\/protetor-de-linha-4-tomadas-preto\/","name":"Protetor de Linha 4 Tomadas \u2013 Preto - EXATRON","isPartOf":{"@id":"https:\/\/www.exatron.com.br\/#website"},"primaryImageOfPage":{"@id":"https:\/\/www.exatron.com.br\/produtos\/protetor-de-linha-4-tomadas-preto\/#primaryimage"},"image":{"@id":"https:\/\/www.exatron.com.br\/produtos\/protetor-de-linha-4-tomadas-preto\/#primaryimage"},"thumbnailUrl":"https:\/\/www.exatron.com.br\/wp-content\/uploads\/2025\/12\/protetor-de-linha-4-tomadas-preto.png","datePublished":"2025-12-08T15:05:48+00:00","dateModified":"2026-04-22T19:26:34+00:00","description":"Protetor de linha de 4 tomadas Preto (FL04T PT): Pl\u00e1stico de alta resist\u00eancia antichamas, com plugue e tomada de 3 pinos. Possui certifica\u00e7\u00e3o do INMETRO.","breadcrumb":{"@id":"https:\/\/www.exatron.com.br\/produtos\/protetor-de-linha-4-tomadas-preto\/#breadcrumb"},"inLanguage":"en-US","potentialAction":[{"@type":"ReadAction","target":["https:\/\/www.exatron.com.br\/produtos\/protetor-de-linha-4-tomadas-preto\/"]}]},{"@type":"ImageObject","inLanguage":"en-US","@id":"https:\/\/www.exatron.com.br\/produtos\/protetor-de-linha-4-tomadas-preto\/#primaryimage","url":"https:\/\/www.exatron.com.br\/wp-content\/uploads\/2025\/12\/protetor-de-linha-4-tomadas-preto.png","contentUrl":"https:\/\/www.exatron.com.br\/wp-content\/uploads\/2025\/12\/protetor-de-linha-4-tomadas-preto.png","width":540,"height":540,"caption":"Design diferenciado com fura\u00e7\u00e3o para parafusar ou prender o produto e uma tomada com afastamento para plugues cr\u00edticos como: fontes ou carregadores, evitando a sobreposi\u00e7\u00e3o e inutiliza\u00e7\u00e3o de uma das entradas."},{"@type":"BreadcrumbList","@id":"https:\/\/www.exatron.com.br\/produtos\/protetor-de-linha-4-tomadas-preto\/#breadcrumb","itemListElement":[{"@type":"ListItem","position":1,"name":"In\u00edcio","item":"https:\/\/www.exatron.com.br\/"},{"@type":"ListItem","position":2,"name":"Loja","item":"https:\/\/www.exatron.com.br\/loja\/"},{"@type":"ListItem","position":3,"name":"Protetor de Linha 4 Tomadas \u2013 Preto"}]},{"@type":"WebSite","@id":"https:\/\/www.exatron.com.br\/#website","url":"https:\/\/www.exatron.com.br\/","name":"EXATRON","description":"","publisher":{"@id":"https:\/\/www.exatron.com.br\/#organization"},"potentialAction":[{"@type":"SearchAction","target":{"@type":"EntryPoint","urlTemplate":"https:\/\/www.exatron.com.br\/?s={search_term_string}"},"query-input":{"@type":"PropertyValueSpecification","valueRequired":true,"valueName":"search_term_string"}}],"inLanguage":"en-US"},{"@type":"Organization","@id":"https:\/\/www.exatron.com.br\/#organization","name":"EXATRON","url":"https:\/\/www.exatron.com.br\/","logo":{"@type":"ImageObject","inLanguage":"en-US","@id":"https:\/\/www.exatron.com.br\/#\/schema\/logo\/image\/","url":"https:\/\/www.exatron.com.br\/wp-content\/uploads\/2024\/11\/default-kit.png","contentUrl":"https:\/\/www.exatron.com.br\/wp-content\/uploads\/2024\/11\/default-kit.png","width":956,"height":192,"caption":"EXATRON"},"image":{"@id":"https:\/\/www.exatron.com.br\/#\/schema\/logo\/image\/"}}]}},"_links":{"self":[{"href":"https:\/\/www.exatron.com.br\/en\/wp-json\/wp\/v2\/product\/10470","targetHints":{"allow":["GET"]}}],"collection":[{"href":"https:\/\/www.exatron.com.br\/en\/wp-json\/wp\/v2\/product"}],"about":[{"href":"https:\/\/www.exatron.com.br\/en\/wp-json\/wp\/v2\/types\/product"}],"replies":[{"embeddable":true,"href":"https:\/\/www.exatron.com.br\/en\/wp-json\/wp\/v2\/comments?post=10470"}],"wp:featuredmedia":[{"embeddable":true,"href":"https:\/\/www.exatron.com.br\/en\/wp-json\/wp\/v2\/media\/9759"}],"wp:attachment":[{"href":"https:\/\/www.exatron.com.br\/en\/wp-json\/wp\/v2\/media?parent=10470"}],"wp:term":[{"taxonomy":"aplicacao","embeddable":true,"href":"https:\/\/www.exatron.com.br\/en\/wp-json\/wp\/v2\/aplicacao?post=10470"},{"taxonomy":"product_brand","embeddable":true,"href":"https:\/\/www.exatron.com.br\/en\/wp-json\/wp\/v2\/product_brand?post=10470"},{"taxonomy":"product_cat","embeddable":true,"href":"https:\/\/www.exatron.com.br\/en\/wp-json\/wp\/v2\/product_cat?post=10470"},{"taxonomy":"product_tag","embeddable":true,"href":"https:\/\/www.exatron.com.br\/en\/wp-json\/wp\/v2\/product_tag?post=10470"}],"curies":[{"name":"wp","href":"https:\/\/api.w.org\/{rel}","templated":true}]}}