{"id":10483,"date":"2025-12-08T15:06:38","date_gmt":"2025-12-08T15:06:38","guid":{"rendered":""},"modified":"2026-04-16T17:10:44","modified_gmt":"2026-04-16T20:10:44","slug":"sensor-de-presenca-frontal-externo-180-bc","status":"publish","type":"product","link":"https:\/\/www.exatron.com.br\/en\/produtos\/sensor-de-presenca-frontal-externo-180-bc\/","title":{"rendered":"External Front Wall Mount 180\u00b0 Presence Sensor"},"content":{"rendered":"<h3>Technical Specifications<\/h3>\n<p>\u2022\u00a0Tens\u00e3o: 100\/240V~ 50\/60Hz Bivolt autom\u00e1tico;<\/p>\n<p>\u2022\u00a0Aplica\u00e7\u00e3o: acionamento temporizado de qualquer tipo de carga em ambientes diversos;<\/p>\n<p>\u2022\u00a0Para instala\u00e7\u00e3o na parede a uma altura de aproximadamente 2,1 m. Pode ser instalado em ambientes internos e externos;<\/p>\n<p>\u2022\u00a0Regulagem de tempo: 1 segundo, 1, 3,\u00a06,\u00a015, e 30\u00a0minutos;<\/p>\n<p>\u2022\u00a0Recontagem de tempo autom\u00e1tica a partir da \u00faltima detec\u00e7\u00e3o;<\/p>\n<p>\u2022\u00a0Possui LED indicador de funcionamento;<\/p>\n<p>\u2022\u00a0Alcance de at\u00e9 12m @ 25\u00b0C;<\/p>\n<p>\u2022\u00a0\u00c2ngulo de cobertura: at\u00e9 180\u00b0 ( com cortinas deslizantes para regulagem do \u00e2ngulo de vis\u00e3o);<\/p>\n<p>\u2022\u00a0Fotoc\u00e9lula com regulagem: m\u00ednima at\u00e9 m\u00e1xima;<\/p>\n<p>\u2022\u00a0Ajuste de sensibilidade: m\u00ednima at\u00e9 m\u00e1xima;<\/p>\n<p>\u2022\u00a0Material: Componentes pl\u00e1sticos, eletr\u00f4nicos e ligas met\u00e1licas;<\/p>\n<p>\u2022\u00a0Proporciona at\u00e9 75% de economia de energia;<\/p>\n<p>\u2022\u00a0Consumo: menor que 1W;<\/p>\n<p>\u2022\u00a0Amigo da l\u00e2mpada: sistema de acionamento da carga com baixa tens\u00e3o el\u00e9trica &lt;50V, aumentando a vida \u00fatil do conjunto (carga e sensor);<\/p>\n<p>\u2022\u00a0Anti-wind system: fun\u00e7\u00e3o para reduzir a incid\u00eancias de disparos indesejados;<\/p>\n<p>\u2022\u00a0Dispon\u00edvel nas cores branco (SPF0EX BC) e Preto (SPF0EX PT);<\/p>\n<p>\u2022 \u00cdndice de prote\u00e7\u00e3o: IP42;<\/p>\n<p>\u2022\u00a0Garantia: 3 anos.<\/p>\n<p>\u2022\u00a0Pot\u00eancia de comando:<\/p>\n<figure class=\"table\">\n<table>\n<tbody>\n<tr>\n<td><strong>Tipo de L\u00e2mpada<\/strong><\/td>\n<td><strong>Incandescente<\/strong><\/td>\n<td><strong>Eletr\u00f4nica<\/strong><\/td>\n<td><strong>LED<\/strong><\/td>\n<\/tr>\n<tr>\n<td>220V~<\/td>\n<td>1200W<\/td>\n<td>300W<\/td>\n<td>250W<\/td>\n<\/tr>\n<tr>\n<td>127V~<\/td>\n<td>600W<\/td>\n<td>200W<\/td>\n<td>150W<\/td>\n<\/tr>\n<\/tbody>\n<\/table>\n<\/figure>","protected":false},"excerpt":{"rendered":"<p>O Sensor de Presen\u00e7a Externo Exatron (SPF\u00d8EX) \u00e9 um comando inteligente que se destina ao acionamento de cargas temporizadas. Detecta a movimenta\u00e7\u00e3o de fontes de calor como pessoas e carros, atrav\u00e9s de um sensor infravermelho, acionando a carga e desligando-a ap\u00f3s a aus\u00eancia, de acordo com o tempo programado. \u00c9 ideal para uso em jardins, entradas de garagens, p\u00e1tios, acessos e demais ambientes externos, podendo tamb\u00e9m ser utilizado em ambientes internos.<\/p>","protected":false},"featured_media":14384,"comment_status":"open","ping_status":"closed","template":"","meta":{"_acf_changed":false,"_joinchat":[]},"aplicacao":[267],"product_brand":[],"product_cat":[382,380,326],"product_tag":[737,736,741,730,734,732,731,733,665,735,699,740,742,738,743,739],"class_list":{"0":"post-10483","1":"product","2":"type-product","3":"status-publish","4":"has-post-thumbnail","6":"aplicacao-iluminacao-interna-sensores-de-presenca","7":"product_cat-externo","8":"product_cat-frontal","9":"product_cat-sensores-de-presenca-para-iluminacao","10":"product_tag-automacao-de-iluminacao-externa-sensor-para-acesso-externo","11":"product_tag-sensor-automatico-para-luz-externa","12":"product_tag-sensor-com-temporizador","13":"product_tag-sensor-de-presenca-externo","14":"product_tag-sensor-de-presenca-para-area-externa","15":"product_tag-sensor-de-presenca-para-garagem","16":"product_tag-sensor-de-presenca-para-jardim","17":"product_tag-sensor-de-presenca-para-patio","18":"product_tag-sensor-exatron","19":"product_tag-sensor-infravermelho-externo-sensor-temporizador-externo","20":"product_tag-sensor-para-condominio","21":"product_tag-sensor-para-iluminacao-externa","22":"product_tag-sensor-para-industria","23":"product_tag-sensor-para-portao","24":"product_tag-sensor-resistente-para-area-externa","25":"product_tag-sensor-spfoex","27":"first","28":"instock","29":"shipping-taxable","30":"purchasable","31":"product-type-variable","32":"has-default-attributes"},"acf":[],"yoast_head":"<!-- This site is optimized with the Yoast SEO plugin v27.3 - https:\/\/yoast.com\/product\/yoast-seo-wordpress\/ -->\n<title>Sensor de Presen\u00e7a Frontal Externo Parede 180\u00b0 - EXATRON<\/title>\n<meta name=\"description\" content=\"Sensor de Presen\u00e7a Externo Exatron SPF\u00d8EX com acionamento temporizado. Ideal para jardins, garagens e \u00e1reas externas. Confira j\u00e1!\" \/>\n<meta name=\"robots\" content=\"index, follow, max-snippet:-1, max-image-preview:large, max-video-preview:-1\" \/>\n<link rel=\"canonical\" href=\"https:\/\/www.exatron.com.br\/en\/produtos\/sensor-de-presenca-frontal-externo-180-bc\/\" \/>\n<meta property=\"og:locale\" content=\"en_US\" \/>\n<meta property=\"og:type\" content=\"article\" \/>\n<meta property=\"og:title\" content=\"Sensor de Presen\u00e7a Frontal Externo Parede 180\u00b0 - EXATRON\" \/>\n<meta property=\"og:description\" content=\"Sensor de Presen\u00e7a Externo Exatron SPF\u00d8EX com acionamento temporizado. Ideal para jardins, garagens e \u00e1reas externas. Confira j\u00e1!\" \/>\n<meta property=\"og:url\" content=\"https:\/\/www.exatron.com.br\/en\/produtos\/sensor-de-presenca-frontal-externo-180-bc\/\" \/>\n<meta property=\"og:site_name\" content=\"EXATRON\" \/>\n<meta property=\"article:modified_time\" content=\"2026-04-16T20:10:44+00:00\" \/>\n<meta property=\"og:image\" content=\"https:\/\/www.exatron.com.br\/wp-content\/uploads\/lesfexxc2_5.png\" \/>\n\t<meta property=\"og:image:width\" content=\"1000\" \/>\n\t<meta property=\"og:image:height\" content=\"1000\" \/>\n\t<meta property=\"og:image:type\" content=\"image\/png\" \/>\n<meta name=\"twitter:card\" content=\"summary_large_image\" \/>\n<meta name=\"twitter:label1\" content=\"Est. reading time\" \/>\n\t<meta name=\"twitter:data1\" content=\"2 minutes\" \/>\n<script type=\"application\/ld+json\" class=\"yoast-schema-graph\">{\"@context\":\"https:\\\/\\\/schema.org\",\"@graph\":[{\"@type\":\"WebPage\",\"@id\":\"https:\\\/\\\/www.exatron.com.br\\\/produtos\\\/sensor-de-presenca-frontal-externo-180-bc\\\/\",\"url\":\"https:\\\/\\\/www.exatron.com.br\\\/produtos\\\/sensor-de-presenca-frontal-externo-180-bc\\\/\",\"name\":\"Sensor de Presen\u00e7a Frontal Externo Parede 180\u00b0 - EXATRON\",\"isPartOf\":{\"@id\":\"https:\\\/\\\/www.exatron.com.br\\\/#website\"},\"primaryImageOfPage\":{\"@id\":\"https:\\\/\\\/www.exatron.com.br\\\/produtos\\\/sensor-de-presenca-frontal-externo-180-bc\\\/#primaryimage\"},\"image\":{\"@id\":\"https:\\\/\\\/www.exatron.com.br\\\/produtos\\\/sensor-de-presenca-frontal-externo-180-bc\\\/#primaryimage\"},\"thumbnailUrl\":\"https:\\\/\\\/www.exatron.com.br\\\/wp-content\\\/uploads\\\/lesfexxc2_5.png\",\"datePublished\":\"2025-12-08T15:06:38+00:00\",\"dateModified\":\"2026-04-16T20:10:44+00:00\",\"description\":\"Sensor de Presen\u00e7a Externo Exatron SPF\u00d8EX com acionamento temporizado. Ideal para jardins, garagens e \u00e1reas externas. Confira j\u00e1!\",\"breadcrumb\":{\"@id\":\"https:\\\/\\\/www.exatron.com.br\\\/produtos\\\/sensor-de-presenca-frontal-externo-180-bc\\\/#breadcrumb\"},\"inLanguage\":\"en-US\",\"potentialAction\":[{\"@type\":\"ReadAction\",\"target\":[\"https:\\\/\\\/www.exatron.com.br\\\/produtos\\\/sensor-de-presenca-frontal-externo-180-bc\\\/\"]}]},{\"@type\":\"ImageObject\",\"inLanguage\":\"en-US\",\"@id\":\"https:\\\/\\\/www.exatron.com.br\\\/produtos\\\/sensor-de-presenca-frontal-externo-180-bc\\\/#primaryimage\",\"url\":\"https:\\\/\\\/www.exatron.com.br\\\/wp-content\\\/uploads\\\/lesfexxc2_5.png\",\"contentUrl\":\"https:\\\/\\\/www.exatron.com.br\\\/wp-content\\\/uploads\\\/lesfexxc2_5.png\",\"width\":1000,\"height\":1000,\"caption\":\"Sensor de Presen\u00e7a Frontal Externo Smart X-Control - lado 2\"},{\"@type\":\"BreadcrumbList\",\"@id\":\"https:\\\/\\\/www.exatron.com.br\\\/produtos\\\/sensor-de-presenca-frontal-externo-180-bc\\\/#breadcrumb\",\"itemListElement\":[{\"@type\":\"ListItem\",\"position\":1,\"name\":\"In\u00edcio\",\"item\":\"https:\\\/\\\/www.exatron.com.br\\\/\"},{\"@type\":\"ListItem\",\"position\":2,\"name\":\"Loja\",\"item\":\"https:\\\/\\\/www.exatron.com.br\\\/loja\\\/\"},{\"@type\":\"ListItem\",\"position\":3,\"name\":\"Sensor de Presen\u00e7a Frontal Externo Parede 180\u00b0\"}]},{\"@type\":\"WebSite\",\"@id\":\"https:\\\/\\\/www.exatron.com.br\\\/#website\",\"url\":\"https:\\\/\\\/www.exatron.com.br\\\/\",\"name\":\"EXATRON\",\"description\":\"\",\"publisher\":{\"@id\":\"https:\\\/\\\/www.exatron.com.br\\\/#organization\"},\"potentialAction\":[{\"@type\":\"SearchAction\",\"target\":{\"@type\":\"EntryPoint\",\"urlTemplate\":\"https:\\\/\\\/www.exatron.com.br\\\/?s={search_term_string}\"},\"query-input\":{\"@type\":\"PropertyValueSpecification\",\"valueRequired\":true,\"valueName\":\"search_term_string\"}}],\"inLanguage\":\"en-US\"},{\"@type\":\"Organization\",\"@id\":\"https:\\\/\\\/www.exatron.com.br\\\/#organization\",\"name\":\"EXATRON\",\"url\":\"https:\\\/\\\/www.exatron.com.br\\\/\",\"logo\":{\"@type\":\"ImageObject\",\"inLanguage\":\"en-US\",\"@id\":\"https:\\\/\\\/www.exatron.com.br\\\/#\\\/schema\\\/logo\\\/image\\\/\",\"url\":\"https:\\\/\\\/www.exatron.com.br\\\/wp-content\\\/uploads\\\/2024\\\/11\\\/default-kit.png\",\"contentUrl\":\"https:\\\/\\\/www.exatron.com.br\\\/wp-content\\\/uploads\\\/2024\\\/11\\\/default-kit.png\",\"width\":956,\"height\":192,\"caption\":\"EXATRON\"},\"image\":{\"@id\":\"https:\\\/\\\/www.exatron.com.br\\\/#\\\/schema\\\/logo\\\/image\\\/\"}}]}<\/script>\n<!-- \/ Yoast SEO plugin. -->","yoast_head_json":{"title":"Sensor de Presen\u00e7a Frontal Externo Parede 180\u00b0 - EXATRON","description":"Sensor de Presen\u00e7a Externo Exatron SPF\u00d8EX com acionamento temporizado. Ideal para jardins, garagens e \u00e1reas externas. Confira j\u00e1!","robots":{"index":"index","follow":"follow","max-snippet":"max-snippet:-1","max-image-preview":"max-image-preview:large","max-video-preview":"max-video-preview:-1"},"canonical":"https:\/\/www.exatron.com.br\/en\/produtos\/sensor-de-presenca-frontal-externo-180-bc\/","og_locale":"en_US","og_type":"article","og_title":"Sensor de Presen\u00e7a Frontal Externo Parede 180\u00b0 - EXATRON","og_description":"Sensor de Presen\u00e7a Externo Exatron SPF\u00d8EX com acionamento temporizado. Ideal para jardins, garagens e \u00e1reas externas. Confira j\u00e1!","og_url":"https:\/\/www.exatron.com.br\/en\/produtos\/sensor-de-presenca-frontal-externo-180-bc\/","og_site_name":"EXATRON","article_modified_time":"2026-04-16T20:10:44+00:00","og_image":[{"width":1000,"height":1000,"url":"https:\/\/www.exatron.com.br\/wp-content\/uploads\/lesfexxc2_5.png","type":"image\/png"}],"twitter_card":"summary_large_image","twitter_misc":{"Est. reading time":"2 minutes"},"schema":{"@context":"https:\/\/schema.org","@graph":[{"@type":"WebPage","@id":"https:\/\/www.exatron.com.br\/produtos\/sensor-de-presenca-frontal-externo-180-bc\/","url":"https:\/\/www.exatron.com.br\/produtos\/sensor-de-presenca-frontal-externo-180-bc\/","name":"Sensor de Presen\u00e7a Frontal Externo Parede 180\u00b0 - EXATRON","isPartOf":{"@id":"https:\/\/www.exatron.com.br\/#website"},"primaryImageOfPage":{"@id":"https:\/\/www.exatron.com.br\/produtos\/sensor-de-presenca-frontal-externo-180-bc\/#primaryimage"},"image":{"@id":"https:\/\/www.exatron.com.br\/produtos\/sensor-de-presenca-frontal-externo-180-bc\/#primaryimage"},"thumbnailUrl":"https:\/\/www.exatron.com.br\/wp-content\/uploads\/lesfexxc2_5.png","datePublished":"2025-12-08T15:06:38+00:00","dateModified":"2026-04-16T20:10:44+00:00","description":"Sensor de Presen\u00e7a Externo Exatron SPF\u00d8EX com acionamento temporizado. Ideal para jardins, garagens e \u00e1reas externas. Confira j\u00e1!","breadcrumb":{"@id":"https:\/\/www.exatron.com.br\/produtos\/sensor-de-presenca-frontal-externo-180-bc\/#breadcrumb"},"inLanguage":"en-US","potentialAction":[{"@type":"ReadAction","target":["https:\/\/www.exatron.com.br\/produtos\/sensor-de-presenca-frontal-externo-180-bc\/"]}]},{"@type":"ImageObject","inLanguage":"en-US","@id":"https:\/\/www.exatron.com.br\/produtos\/sensor-de-presenca-frontal-externo-180-bc\/#primaryimage","url":"https:\/\/www.exatron.com.br\/wp-content\/uploads\/lesfexxc2_5.png","contentUrl":"https:\/\/www.exatron.com.br\/wp-content\/uploads\/lesfexxc2_5.png","width":1000,"height":1000,"caption":"Sensor de Presen\u00e7a Frontal Externo Smart X-Control - lado 2"},{"@type":"BreadcrumbList","@id":"https:\/\/www.exatron.com.br\/produtos\/sensor-de-presenca-frontal-externo-180-bc\/#breadcrumb","itemListElement":[{"@type":"ListItem","position":1,"name":"In\u00edcio","item":"https:\/\/www.exatron.com.br\/"},{"@type":"ListItem","position":2,"name":"Loja","item":"https:\/\/www.exatron.com.br\/loja\/"},{"@type":"ListItem","position":3,"name":"Sensor de Presen\u00e7a Frontal Externo Parede 180\u00b0"}]},{"@type":"WebSite","@id":"https:\/\/www.exatron.com.br\/#website","url":"https:\/\/www.exatron.com.br\/","name":"EXATRON","description":"","publisher":{"@id":"https:\/\/www.exatron.com.br\/#organization"},"potentialAction":[{"@type":"SearchAction","target":{"@type":"EntryPoint","urlTemplate":"https:\/\/www.exatron.com.br\/?s={search_term_string}"},"query-input":{"@type":"PropertyValueSpecification","valueRequired":true,"valueName":"search_term_string"}}],"inLanguage":"en-US"},{"@type":"Organization","@id":"https:\/\/www.exatron.com.br\/#organization","name":"EXATRON","url":"https:\/\/www.exatron.com.br\/","logo":{"@type":"ImageObject","inLanguage":"en-US","@id":"https:\/\/www.exatron.com.br\/#\/schema\/logo\/image\/","url":"https:\/\/www.exatron.com.br\/wp-content\/uploads\/2024\/11\/default-kit.png","contentUrl":"https:\/\/www.exatron.com.br\/wp-content\/uploads\/2024\/11\/default-kit.png","width":956,"height":192,"caption":"EXATRON"},"image":{"@id":"https:\/\/www.exatron.com.br\/#\/schema\/logo\/image\/"}}]}},"_links":{"self":[{"href":"https:\/\/www.exatron.com.br\/en\/wp-json\/wp\/v2\/product\/10483","targetHints":{"allow":["GET"]}}],"collection":[{"href":"https:\/\/www.exatron.com.br\/en\/wp-json\/wp\/v2\/product"}],"about":[{"href":"https:\/\/www.exatron.com.br\/en\/wp-json\/wp\/v2\/types\/product"}],"replies":[{"embeddable":true,"href":"https:\/\/www.exatron.com.br\/en\/wp-json\/wp\/v2\/comments?post=10483"}],"wp:featuredmedia":[{"embeddable":true,"href":"https:\/\/www.exatron.com.br\/en\/wp-json\/wp\/v2\/media\/14384"}],"wp:attachment":[{"href":"https:\/\/www.exatron.com.br\/en\/wp-json\/wp\/v2\/media?parent=10483"}],"wp:term":[{"taxonomy":"aplicacao","embeddable":true,"href":"https:\/\/www.exatron.com.br\/en\/wp-json\/wp\/v2\/aplicacao?post=10483"},{"taxonomy":"product_brand","embeddable":true,"href":"https:\/\/www.exatron.com.br\/en\/wp-json\/wp\/v2\/product_brand?post=10483"},{"taxonomy":"product_cat","embeddable":true,"href":"https:\/\/www.exatron.com.br\/en\/wp-json\/wp\/v2\/product_cat?post=10483"},{"taxonomy":"product_tag","embeddable":true,"href":"https:\/\/www.exatron.com.br\/en\/wp-json\/wp\/v2\/product_tag?post=10483"}],"curies":[{"name":"wp","href":"https:\/\/api.w.org\/{rel}","templated":true}]}}