{"id":10491,"date":"2025-12-08T15:08:06","date_gmt":"2025-12-08T15:08:06","guid":{"rendered":""},"modified":"2026-04-15T14:03:44","modified_gmt":"2026-04-15T17:03:44","slug":"sensor-de-presenca-soquete-e27-smartxcontrol","status":"publish","type":"product","link":"https:\/\/www.exatron.com.br\/en\/produtos\/sensor-de-presenca-soquete-e27-smartxcontrol\/","title":{"rendered":"E27 Socket Presence Sensor Smart X-Control"},"content":{"rendered":"<h3>Technical Specifications<\/h3>\n<p>\u2022 Economia de energia de at\u00e9 75%.<\/p>\n<p>\u2022 Comanda qualquer tipo de l\u00e2mpada com soquetes modelo E27.<\/p>\n<p>\u2022 F\u00e1cil instala\u00e7\u00e3o em soquetes modelo E27.<\/p>\n<p>\u2022 Elevada imunidade a ru\u00eddos. \u2022 Cobertura: 2 X 164\u00ba (328\u00ba).<\/p>\n<p>\u2022 Alcance do sensor: at\u00e9 \u00d8 7 m (altura de 2,4 m) @ 25\u00b0 C.<\/p>\n<p><strong>\u2022Sensor com maior flexibilidade de escolha de tempos.\u00a0<\/strong> Regulagem do tempo: \u00a0 1 e 30 s, 1 a 5 min, 10, 15, 20, 25, 30, 40 e 50 min, 1, 1:30, 2, 2:30, 3 e 4 horas.<\/p>\n<p>\u2022 Regulagem de sensibilidade: 1 (movimentos bruscos) a 3 (maior alcance).<\/p>\n<p>\u2022 Programa\u00e7\u00e3o da fotoc\u00e9lula: 1 (\u00e0 noite) a 4\u00a0 (sem fotoc\u00e9lula).<\/p>\n<p>\u2022 LED indicador de funcionamento: LED pisca a cada detec\u00e7\u00e3o por 0,5 s.<\/p>\n<p>\u2022 Tens\u00e3o: 100 a 240 VCA \/ 50 \u2013 60 Hz, bivolt autom\u00e1tico.<\/p>\n<p>\u2022 Consumo: menor que 1,0W.<\/p>\n<p>\u2022 Temperatura de opera\u00e7\u00e3o: \u2013 5 \u00b0C a 40 \u00b0C.<\/p>\n<p>\u2022 A fonte de calor a ser detectada (pessoas, etc.) deve estar no m\u00ednimo a 3\u00b0C de diferen\u00e7a em rela\u00e7\u00e3o \u00e0 temperatura do meio ambiente onde o sensor est\u00e1 instalado.<\/p>\n<p>\u2022 Utiliza\u00e7\u00e3o em ambientes internos e externos. ATEN\u00c7\u00c3O: a utiliza\u00e7\u00e3o em ambientes externos deve estar protegida contra intemp\u00e9ries (chuva e luz do sol) e recomenda-se a regulagem de sensibilidade em m\u00ednima para evitar disparos acionados por correntes de ar.<\/p>\n<p>\u2022 Garantia: 2 anos<\/p>\n<p>\u2022 Amigo da L\u00e2mpada: sistema de acionamento da carga com baixa tens\u00e3o el\u00e9trica &lt; 50 V, aumentando a vida \u00fatil do conjunto (l\u00e2mpadas, reator e sensor), EXCLUSIVO EXATRON.<\/p>\n<p>\u2022\u00a0A pot\u00eancia m\u00e1xima de acionamento n\u00e3o deve ser somada em instala\u00e7\u00f5es em paralelo.<\/p>\n<p>\u2022 Pot\u00eancia de comando:<\/p>\n<figure class=\"table\">\n<table>\n<tbody>\n<tr>\n<td>Voltage<\/td>\n<td>Pot\u00eancia<\/td>\n<td>L\u00e2mpada<\/td>\n<\/tr>\n<tr>\n<td>127 V~<\/td>\n<td>60 W<\/td>\n<td rowspan=\"2\">Eletr\u00f4nica \/ LED \/ Hal\u00f3gena<\/p>\n<p>THD &lt; 20 % PF &gt; 0,90<\/td>\n<\/tr>\n<tr>\n<td>220 V~<\/td>\n<td>60 W<\/td>\n<\/tr>\n<\/tbody>\n<\/table>\n<\/figure>\n<p>&nbsp;<\/p>","protected":false},"excerpt":{"rendered":"<p>O Sensor de Presen\u00e7a Soquete E27 &#8211; SPT0E27 (XC) \u00e9 um comando inteligente que se destina ao acionamento de cargas temporizadas. Detecta a movimenta\u00e7\u00e3o de fontes de calor como pessoas atrav\u00e9s de um sensor infravermelho, acionando a carga e desligando-a ap\u00f3s a aus\u00eancia de movimento, de acordo com o tempo programado. A nova gera\u00e7\u00e3o de sensores de presen\u00e7a com tecnologia microcontrolada que possui superior imunidade contra interfer\u00eancia irradiada e induzida provocadas por reator eletr\u00f4nico, celular, r\u00e1dio comunicador e instala\u00e7\u00e3o de sensores em paralelo e tamb\u00e9m contempla a tecnologia de acionamento da carga com baixa tens\u00e3o el\u00e9trica &lt; 50 V, aumentando a vida \u00fatil do conjunto (l\u00e2mpadas, reator e sensor). \u00c9 ideal para o controle de ilumina\u00e7\u00e3o de sacadas, varandas, quiosques, corredores, escadarias e outros ambientes internos e externos de resid\u00eancias e\/ou comerciais \u00a0(protegidos de intemp\u00e9ries). COMANDA QUALQUER TIPO DE L\u00c2MPADA COM BASE E27.<\/p>\n<p>Smart X-Control (XC): Com a exclusiva tecnologia Smart X-Control, atrav\u00e9s do smartphone \u00e9 poss\u00edvel configurar o sensor em segundo, sem a necessidade de abri-los e se expor \u00e0 energia el\u00e9trica ou ent\u00e3o ter que desligar os disjuntores.<\/p>","protected":false},"featured_media":9794,"comment_status":"open","ping_status":"closed","template":"","meta":{"_acf_changed":false,"_joinchat":[]},"aplicacao":[267],"product_brand":[],"product_cat":[378,326,381],"product_tag":[780,646,669,778,779],"class_list":{"0":"post-10491","1":"product","2":"type-product","3":"status-publish","4":"has-post-thumbnail","6":"aplicacao-iluminacao-interna-sensores-de-presenca","7":"product_cat-e27","8":"product_cat-sensores-de-presenca-para-iluminacao","9":"product_cat-smart-x-control","10":"product_tag-sensor-e27","11":"product_tag-sensor-infravermelho","12":"product_tag-sensor-para-iluminacao","13":"product_tag-sensor-se-presenca","14":"product_tag-sensor-soquete","16":"first","17":"indisponivel","18":"featured","19":"shipping-taxable","20":"product-type-simple"},"acf":[],"yoast_head":"<!-- This site is optimized with the Yoast SEO plugin v27.3 - https:\/\/yoast.com\/product\/yoast-seo-wordpress\/ -->\n<title>Sensor de Presen\u00e7a Soquete E27 Smart X-Control - EXATRON<\/title>\n<meta name=\"description\" content=\"SPT0E27: Controle inteligente de ilumina\u00e7\u00e3o com sensor infravermelho, acionando l\u00e2mpadas automaticamente em \u00e1reas internas e externas. Economia de at\u00e9 75%.\" \/>\n<meta name=\"robots\" content=\"index, follow, max-snippet:-1, max-image-preview:large, max-video-preview:-1\" \/>\n<link rel=\"canonical\" href=\"https:\/\/www.exatron.com.br\/en\/produtos\/sensor-de-presenca-soquete-e27-smartxcontrol\/\" \/>\n<meta property=\"og:locale\" content=\"en_US\" \/>\n<meta property=\"og:type\" content=\"article\" \/>\n<meta property=\"og:title\" content=\"Sensor de Presen\u00e7a Soquete E27 Smart X-Control - EXATRON\" \/>\n<meta property=\"og:description\" content=\"SPT0E27: Controle inteligente de ilumina\u00e7\u00e3o com sensor infravermelho, acionando l\u00e2mpadas automaticamente em \u00e1reas internas e externas. Economia de at\u00e9 75%.\" \/>\n<meta property=\"og:url\" content=\"https:\/\/www.exatron.com.br\/en\/produtos\/sensor-de-presenca-soquete-e27-smartxcontrol\/\" \/>\n<meta property=\"og:site_name\" content=\"EXATRON\" \/>\n<meta property=\"article:modified_time\" content=\"2026-04-15T17:03:44+00:00\" \/>\n<meta property=\"og:image\" content=\"https:\/\/www.exatron.com.br\/wp-content\/uploads\/2025\/12\/sensor-de-presenca-soquete-e27-smart-x-control.png\" \/>\n\t<meta property=\"og:image:width\" content=\"538\" \/>\n\t<meta property=\"og:image:height\" content=\"538\" \/>\n\t<meta property=\"og:image:type\" content=\"image\/png\" \/>\n<meta name=\"twitter:card\" content=\"summary_large_image\" \/>\n<meta name=\"twitter:label1\" content=\"Est. reading time\" \/>\n\t<meta name=\"twitter:data1\" content=\"2 minutes\" \/>\n<script type=\"application\/ld+json\" class=\"yoast-schema-graph\">{\"@context\":\"https:\\\/\\\/schema.org\",\"@graph\":[{\"@type\":\"WebPage\",\"@id\":\"https:\\\/\\\/www.exatron.com.br\\\/produtos\\\/sensor-de-presenca-soquete-e27-smartxcontrol\\\/\",\"url\":\"https:\\\/\\\/www.exatron.com.br\\\/produtos\\\/sensor-de-presenca-soquete-e27-smartxcontrol\\\/\",\"name\":\"Sensor de Presen\u00e7a Soquete E27 Smart X-Control - EXATRON\",\"isPartOf\":{\"@id\":\"https:\\\/\\\/www.exatron.com.br\\\/#website\"},\"primaryImageOfPage\":{\"@id\":\"https:\\\/\\\/www.exatron.com.br\\\/produtos\\\/sensor-de-presenca-soquete-e27-smartxcontrol\\\/#primaryimage\"},\"image\":{\"@id\":\"https:\\\/\\\/www.exatron.com.br\\\/produtos\\\/sensor-de-presenca-soquete-e27-smartxcontrol\\\/#primaryimage\"},\"thumbnailUrl\":\"https:\\\/\\\/www.exatron.com.br\\\/wp-content\\\/uploads\\\/2025\\\/12\\\/sensor-de-presenca-soquete-e27-smart-x-control.png\",\"datePublished\":\"2025-12-08T15:08:06+00:00\",\"dateModified\":\"2026-04-15T17:03:44+00:00\",\"description\":\"SPT0E27: Controle inteligente de ilumina\u00e7\u00e3o com sensor infravermelho, acionando l\u00e2mpadas automaticamente em \u00e1reas internas e externas. Economia de at\u00e9 75%.\",\"breadcrumb\":{\"@id\":\"https:\\\/\\\/www.exatron.com.br\\\/produtos\\\/sensor-de-presenca-soquete-e27-smartxcontrol\\\/#breadcrumb\"},\"inLanguage\":\"en-US\",\"potentialAction\":[{\"@type\":\"ReadAction\",\"target\":[\"https:\\\/\\\/www.exatron.com.br\\\/produtos\\\/sensor-de-presenca-soquete-e27-smartxcontrol\\\/\"]}]},{\"@type\":\"ImageObject\",\"inLanguage\":\"en-US\",\"@id\":\"https:\\\/\\\/www.exatron.com.br\\\/produtos\\\/sensor-de-presenca-soquete-e27-smartxcontrol\\\/#primaryimage\",\"url\":\"https:\\\/\\\/www.exatron.com.br\\\/wp-content\\\/uploads\\\/2025\\\/12\\\/sensor-de-presenca-soquete-e27-smart-x-control.png\",\"contentUrl\":\"https:\\\/\\\/www.exatron.com.br\\\/wp-content\\\/uploads\\\/2025\\\/12\\\/sensor-de-presenca-soquete-e27-smart-x-control.png\",\"width\":538,\"height\":538,\"caption\":\"SPT0E27\"},{\"@type\":\"BreadcrumbList\",\"@id\":\"https:\\\/\\\/www.exatron.com.br\\\/produtos\\\/sensor-de-presenca-soquete-e27-smartxcontrol\\\/#breadcrumb\",\"itemListElement\":[{\"@type\":\"ListItem\",\"position\":1,\"name\":\"In\u00edcio\",\"item\":\"https:\\\/\\\/www.exatron.com.br\\\/\"},{\"@type\":\"ListItem\",\"position\":2,\"name\":\"Loja\",\"item\":\"https:\\\/\\\/www.exatron.com.br\\\/loja\\\/\"},{\"@type\":\"ListItem\",\"position\":3,\"name\":\"Sensor de Presen\u00e7a Soquete E27 Smart X-Control\"}]},{\"@type\":\"WebSite\",\"@id\":\"https:\\\/\\\/www.exatron.com.br\\\/#website\",\"url\":\"https:\\\/\\\/www.exatron.com.br\\\/\",\"name\":\"EXATRON\",\"description\":\"\",\"publisher\":{\"@id\":\"https:\\\/\\\/www.exatron.com.br\\\/#organization\"},\"potentialAction\":[{\"@type\":\"SearchAction\",\"target\":{\"@type\":\"EntryPoint\",\"urlTemplate\":\"https:\\\/\\\/www.exatron.com.br\\\/?s={search_term_string}\"},\"query-input\":{\"@type\":\"PropertyValueSpecification\",\"valueRequired\":true,\"valueName\":\"search_term_string\"}}],\"inLanguage\":\"en-US\"},{\"@type\":\"Organization\",\"@id\":\"https:\\\/\\\/www.exatron.com.br\\\/#organization\",\"name\":\"EXATRON\",\"url\":\"https:\\\/\\\/www.exatron.com.br\\\/\",\"logo\":{\"@type\":\"ImageObject\",\"inLanguage\":\"en-US\",\"@id\":\"https:\\\/\\\/www.exatron.com.br\\\/#\\\/schema\\\/logo\\\/image\\\/\",\"url\":\"https:\\\/\\\/www.exatron.com.br\\\/wp-content\\\/uploads\\\/2024\\\/11\\\/default-kit.png\",\"contentUrl\":\"https:\\\/\\\/www.exatron.com.br\\\/wp-content\\\/uploads\\\/2024\\\/11\\\/default-kit.png\",\"width\":956,\"height\":192,\"caption\":\"EXATRON\"},\"image\":{\"@id\":\"https:\\\/\\\/www.exatron.com.br\\\/#\\\/schema\\\/logo\\\/image\\\/\"}}]}<\/script>\n<!-- \/ Yoast SEO plugin. -->","yoast_head_json":{"title":"Sensor de Presen\u00e7a Soquete E27 Smart X-Control - EXATRON","description":"SPT0E27: Controle inteligente de ilumina\u00e7\u00e3o com sensor infravermelho, acionando l\u00e2mpadas automaticamente em \u00e1reas internas e externas. Economia de at\u00e9 75%.","robots":{"index":"index","follow":"follow","max-snippet":"max-snippet:-1","max-image-preview":"max-image-preview:large","max-video-preview":"max-video-preview:-1"},"canonical":"https:\/\/www.exatron.com.br\/en\/produtos\/sensor-de-presenca-soquete-e27-smartxcontrol\/","og_locale":"en_US","og_type":"article","og_title":"Sensor de Presen\u00e7a Soquete E27 Smart X-Control - EXATRON","og_description":"SPT0E27: Controle inteligente de ilumina\u00e7\u00e3o com sensor infravermelho, acionando l\u00e2mpadas automaticamente em \u00e1reas internas e externas. Economia de at\u00e9 75%.","og_url":"https:\/\/www.exatron.com.br\/en\/produtos\/sensor-de-presenca-soquete-e27-smartxcontrol\/","og_site_name":"EXATRON","article_modified_time":"2026-04-15T17:03:44+00:00","og_image":[{"width":538,"height":538,"url":"https:\/\/www.exatron.com.br\/wp-content\/uploads\/2025\/12\/sensor-de-presenca-soquete-e27-smart-x-control.png","type":"image\/png"}],"twitter_card":"summary_large_image","twitter_misc":{"Est. reading time":"2 minutes"},"schema":{"@context":"https:\/\/schema.org","@graph":[{"@type":"WebPage","@id":"https:\/\/www.exatron.com.br\/produtos\/sensor-de-presenca-soquete-e27-smartxcontrol\/","url":"https:\/\/www.exatron.com.br\/produtos\/sensor-de-presenca-soquete-e27-smartxcontrol\/","name":"Sensor de Presen\u00e7a Soquete E27 Smart X-Control - EXATRON","isPartOf":{"@id":"https:\/\/www.exatron.com.br\/#website"},"primaryImageOfPage":{"@id":"https:\/\/www.exatron.com.br\/produtos\/sensor-de-presenca-soquete-e27-smartxcontrol\/#primaryimage"},"image":{"@id":"https:\/\/www.exatron.com.br\/produtos\/sensor-de-presenca-soquete-e27-smartxcontrol\/#primaryimage"},"thumbnailUrl":"https:\/\/www.exatron.com.br\/wp-content\/uploads\/2025\/12\/sensor-de-presenca-soquete-e27-smart-x-control.png","datePublished":"2025-12-08T15:08:06+00:00","dateModified":"2026-04-15T17:03:44+00:00","description":"SPT0E27: Controle inteligente de ilumina\u00e7\u00e3o com sensor infravermelho, acionando l\u00e2mpadas automaticamente em \u00e1reas internas e externas. Economia de at\u00e9 75%.","breadcrumb":{"@id":"https:\/\/www.exatron.com.br\/produtos\/sensor-de-presenca-soquete-e27-smartxcontrol\/#breadcrumb"},"inLanguage":"en-US","potentialAction":[{"@type":"ReadAction","target":["https:\/\/www.exatron.com.br\/produtos\/sensor-de-presenca-soquete-e27-smartxcontrol\/"]}]},{"@type":"ImageObject","inLanguage":"en-US","@id":"https:\/\/www.exatron.com.br\/produtos\/sensor-de-presenca-soquete-e27-smartxcontrol\/#primaryimage","url":"https:\/\/www.exatron.com.br\/wp-content\/uploads\/2025\/12\/sensor-de-presenca-soquete-e27-smart-x-control.png","contentUrl":"https:\/\/www.exatron.com.br\/wp-content\/uploads\/2025\/12\/sensor-de-presenca-soquete-e27-smart-x-control.png","width":538,"height":538,"caption":"SPT0E27"},{"@type":"BreadcrumbList","@id":"https:\/\/www.exatron.com.br\/produtos\/sensor-de-presenca-soquete-e27-smartxcontrol\/#breadcrumb","itemListElement":[{"@type":"ListItem","position":1,"name":"In\u00edcio","item":"https:\/\/www.exatron.com.br\/"},{"@type":"ListItem","position":2,"name":"Loja","item":"https:\/\/www.exatron.com.br\/loja\/"},{"@type":"ListItem","position":3,"name":"Sensor de Presen\u00e7a Soquete E27 Smart X-Control"}]},{"@type":"WebSite","@id":"https:\/\/www.exatron.com.br\/#website","url":"https:\/\/www.exatron.com.br\/","name":"EXATRON","description":"","publisher":{"@id":"https:\/\/www.exatron.com.br\/#organization"},"potentialAction":[{"@type":"SearchAction","target":{"@type":"EntryPoint","urlTemplate":"https:\/\/www.exatron.com.br\/?s={search_term_string}"},"query-input":{"@type":"PropertyValueSpecification","valueRequired":true,"valueName":"search_term_string"}}],"inLanguage":"en-US"},{"@type":"Organization","@id":"https:\/\/www.exatron.com.br\/#organization","name":"EXATRON","url":"https:\/\/www.exatron.com.br\/","logo":{"@type":"ImageObject","inLanguage":"en-US","@id":"https:\/\/www.exatron.com.br\/#\/schema\/logo\/image\/","url":"https:\/\/www.exatron.com.br\/wp-content\/uploads\/2024\/11\/default-kit.png","contentUrl":"https:\/\/www.exatron.com.br\/wp-content\/uploads\/2024\/11\/default-kit.png","width":956,"height":192,"caption":"EXATRON"},"image":{"@id":"https:\/\/www.exatron.com.br\/#\/schema\/logo\/image\/"}}]}},"_links":{"self":[{"href":"https:\/\/www.exatron.com.br\/en\/wp-json\/wp\/v2\/product\/10491","targetHints":{"allow":["GET"]}}],"collection":[{"href":"https:\/\/www.exatron.com.br\/en\/wp-json\/wp\/v2\/product"}],"about":[{"href":"https:\/\/www.exatron.com.br\/en\/wp-json\/wp\/v2\/types\/product"}],"replies":[{"embeddable":true,"href":"https:\/\/www.exatron.com.br\/en\/wp-json\/wp\/v2\/comments?post=10491"}],"wp:featuredmedia":[{"embeddable":true,"href":"https:\/\/www.exatron.com.br\/en\/wp-json\/wp\/v2\/media\/9794"}],"wp:attachment":[{"href":"https:\/\/www.exatron.com.br\/en\/wp-json\/wp\/v2\/media?parent=10491"}],"wp:term":[{"taxonomy":"aplicacao","embeddable":true,"href":"https:\/\/www.exatron.com.br\/en\/wp-json\/wp\/v2\/aplicacao?post=10491"},{"taxonomy":"product_brand","embeddable":true,"href":"https:\/\/www.exatron.com.br\/en\/wp-json\/wp\/v2\/product_brand?post=10491"},{"taxonomy":"product_cat","embeddable":true,"href":"https:\/\/www.exatron.com.br\/en\/wp-json\/wp\/v2\/product_cat?post=10491"},{"taxonomy":"product_tag","embeddable":true,"href":"https:\/\/www.exatron.com.br\/en\/wp-json\/wp\/v2\/product_tag?post=10491"}],"curies":[{"name":"wp","href":"https:\/\/api.w.org\/{rel}","templated":true}]}}