{"id":10501,"date":"2025-12-08T15:08:24","date_gmt":"2025-12-08T15:08:24","guid":{"rendered":""},"modified":"2026-04-22T08:38:16","modified_gmt":"2026-04-22T11:38:16","slug":"rele-temporizador-minuteria-multifuncao","status":"publish","type":"product","link":"https:\/\/www.exatron.com.br\/en\/produtos\/rele-temporizador-minuteria-multifuncao\/","title":{"rendered":"Rel\u00e9 Temporizador &#8211; Minuteria Multifun\u00e7\u00e3o"},"content":{"rendered":"<h3>Technical Specifications<\/h3>\n<ul>\n<li>Tens\u00e3o nominal: 100-240V~;<\/li>\n<li>Operating frequency: 50\/60Hz;<\/li>\n<li>Instala\u00e7\u00e3o em ambiente interno;<\/li>\n<li>Fixa\u00e7\u00e3o: Trilho DIN 35mm;<\/li>\n<li>Vida \u00fatil el\u00e9trica: &gt;100.000 ciclos (carga AC1) = resistiva;<\/li>\n<li>Observa\u00e7\u00e3o: Em conformidade com norma IEC 60947-5-1, IEC 60669-2-3 e EM 61812-1;<\/li>\n<li>Ajustes de tempo: 0,5 segundos, 1.5, 3, 6.5, 10, 12, 15 e 36 minutos e 1 hora;<\/li>\n<li>Fun\u00e7\u00e3o APS: Sistema de autoprote\u00e7\u00e3o contra instala\u00e7\u00e3o inadequada, ocasionado por pulsador trancado (LED vermelho aceso). A minuteria desligar\u00e1 as l\u00e2mpadas, voltando a funcionar ap\u00f3s o pulsador ser aberto ou retirada do curto;<\/li>\n<li>LEDs indicativos: cor verde, indica carga ligada; vermelho, pulsador acionado ou trancado;<\/li>\n<li>EZNEON: permite o uso de pulsadores com neon\/led (corrente m\u00e1xima 50mA \u2013 soma das chaves sinalizadoras);<\/li>\n<li>Fun\u00e7\u00e3o chave seletora: AUTO-ON-OFF;<\/li>\n<li>Recontagem de tempo ap\u00f3s a \u00faltima chamada do pulsador;<\/li>\n<li>Produzido em material anti-chama;<\/li>\n<li>Especial para quadros el\u00e9tricos;<\/li>\n<li>Temperatura de opera\u00e7\u00e3o: -5\u00b0C at\u00e9 +55\u00b0C;<\/li>\n<li>Material: Resina poliamida antichama;<\/li>\n<li>Dimens\u00f5es: 90x64x18mm;<\/li>\n<li>Grau de prote\u00e7\u00e3o: IP20.<\/li>\n<li>Control power:<\/li>\n<\/ul>\n<figure class=\"image\"><img decoding=\"async\" src=\"https:\/\/www.exatron.com.br\/storage\/editor\/5pZdqJoZGE1kZjS6HyCgIYCPrSgzo6bUYUc5SxjC.jpg\" \/><\/figure>\n<p><strong>Consulte a orienta\u00e7\u00e3o do fabricante do eletrodom\u00e9stico a ser comandado com rela\u00e7\u00e3o ao uso do controlador externo.<\/strong><\/p>\n<h3>Installation<\/h3>\n<ul>\n<li>Certifique-se que a rede el\u00e9trica esteja desenergizada durante a instala\u00e7\u00e3o.<\/li>\n<li>Fixe a minuteria no trilho DIN 35mm.<\/li>\n<li>Recomenda-se que o dimensionamento e a instala\u00e7\u00e3o sejam feitos por profissional qualificado.<\/li>\n<li>Conecte os fios de acordo com o esquema de montagem (confira o manual completo).<\/li>\n<\/ul>\n<p><strong>Funcionamento:<\/strong><\/p>\n<figure class=\"table\">\n<table>\n<tbody>\n<tr>\n<td style=\"text-align: center\"><strong>Fun\u00e7\u00e3o<\/strong><\/td>\n<td style=\"text-align: center\"><strong>A\u00e7\u00e3o<\/strong><\/td>\n<td style=\"text-align: center\"><strong>Sinaliza\u00e7\u00e3o<\/strong><\/td>\n<\/tr>\n<tr>\n<td style=\"text-align: center\"><strong>ON<\/strong><\/td>\n<td style=\"text-align: center\">Carga sempre ligada<\/td>\n<td style=\"text-align: center\">Led verde ligado<\/td>\n<\/tr>\n<tr>\n<td style=\"text-align: center\"><strong>AUTO<\/strong><\/td>\n<td style=\"text-align: center\">Temporizado<\/td>\n<td style=\"text-align: center\">Led verde pisca 1x segundo<\/td>\n<\/tr>\n<tr>\n<td style=\"text-align: center\"><strong>OFF<\/strong><\/td>\n<td style=\"text-align: center\">Carga sempre desligada<\/td>\n<td style=\"text-align: center\">Led verde desligado<\/td>\n<\/tr>\n<tr>\n<td style=\"text-align: center\"><strong>APS<\/strong><\/td>\n<td style=\"text-align: center\">Prote\u00e7\u00e3o<\/td>\n<td style=\"text-align: center\">Led vermelho ligado*<\/td>\n<\/tr>\n<\/tbody>\n<\/table>\n<\/figure>\n<p><strong>*Ap\u00f3s 3 segundos do interruptor desliga a carga.<\/strong><\/p>\n<p><i>ATEN\u00c7\u00c3O: APS = independente da posi\u00e7\u00e3o da chave seletora, ap\u00f3s o acionamento da carga pelo interruptor por mais de 3 segundos a carga \u00e9 desacionada.<\/i><\/p>","protected":false},"excerpt":{"rendered":"<p>O rel\u00e9 temporizador minuteria multifun\u00e7\u00e3o \u00e9 uma solu\u00e7\u00e3o altamente vers\u00e1til e eficiente para o controle temporizado de diversas aplica\u00e7\u00f5es. Projetado para proporcionar praticidade e economia de energia, este dispositivo \u00e9 ideal para gerenciar a ilumina\u00e7\u00e3o em \u00e1reas de passagem, como halls, corredores, escadarias e outras aplica\u00e7\u00f5es. Ele garante que as luzes permane\u00e7am acesas apenas pelo tempo necess\u00e1rio, contribuindo significativamente para a redu\u00e7\u00e3o do consumo de energia.<\/p>","protected":false},"featured_media":14418,"comment_status":"open","ping_status":"closed","template":"","meta":{"_acf_changed":false,"_joinchat":[]},"aplicacao":[],"product_brand":[],"product_cat":[350,318],"product_tag":[795,526,536,794],"class_list":{"0":"post-10501","1":"product","2":"type-product","3":"status-publish","4":"has-post-thumbnail","6":"product_cat-minuteria","7":"product_cat-timer-temporizadores","8":"product_tag-minuteria","9":"product_tag-rele","10":"product_tag-temporizador","11":"product_tag-timer","13":"first","14":"instock","15":"shipping-taxable","16":"purchasable","17":"product-type-simple"},"acf":[],"yoast_head":"<!-- This site is optimized with the Yoast SEO plugin v27.3 - https:\/\/yoast.com\/product\/yoast-seo-wordpress\/ -->\n<title>Rel\u00e9 Temporizador - Minuteria Multifun\u00e7\u00e3o - EXATRON<\/title>\n<meta name=\"description\" content=\"Rel\u00e9 Temporizador Multifun\u00e7\u00e3o Exatron: controle eficiente e seguro para ilumina\u00e7\u00e3o, ajust\u00e1vel de 30s a 60min, com LEDs e prote\u00e7\u00e3o antichama.\" \/>\n<meta name=\"robots\" content=\"index, follow, max-snippet:-1, max-image-preview:large, max-video-preview:-1\" \/>\n<link rel=\"canonical\" href=\"https:\/\/www.exatron.com.br\/en\/produtos\/rele-temporizador-minuteria-multifuncao\/\" \/>\n<meta property=\"og:locale\" content=\"en_US\" \/>\n<meta property=\"og:type\" content=\"article\" \/>\n<meta property=\"og:title\" content=\"Rel\u00e9 Temporizador - Minuteria Multifun\u00e7\u00e3o - EXATRON\" \/>\n<meta property=\"og:description\" content=\"Rel\u00e9 Temporizador Multifun\u00e7\u00e3o Exatron: controle eficiente e seguro para ilumina\u00e7\u00e3o, ajust\u00e1vel de 30s a 60min, com LEDs e prote\u00e7\u00e3o antichama.\" \/>\n<meta property=\"og:url\" content=\"https:\/\/www.exatron.com.br\/en\/produtos\/rele-temporizador-minuteria-multifuncao\/\" \/>\n<meta property=\"og:site_name\" content=\"EXATRON\" \/>\n<meta property=\"article:modified_time\" content=\"2026-04-22T11:38:16+00:00\" \/>\n<meta property=\"og:image\" content=\"https:\/\/www.exatron.com.br\/wp-content\/uploads\/letm4000-2-1.png\" \/>\n\t<meta property=\"og:image:width\" content=\"1000\" \/>\n\t<meta property=\"og:image:height\" content=\"1000\" \/>\n\t<meta property=\"og:image:type\" content=\"image\/png\" \/>\n<meta name=\"twitter:card\" content=\"summary_large_image\" \/>\n<meta name=\"twitter:label1\" content=\"Est. reading time\" \/>\n\t<meta name=\"twitter:data1\" content=\"2 minutes\" \/>\n<script type=\"application\/ld+json\" class=\"yoast-schema-graph\">{\"@context\":\"https:\\\/\\\/schema.org\",\"@graph\":[{\"@type\":\"WebPage\",\"@id\":\"https:\\\/\\\/www.exatron.com.br\\\/produtos\\\/rele-temporizador-minuteria-multifuncao\\\/\",\"url\":\"https:\\\/\\\/www.exatron.com.br\\\/produtos\\\/rele-temporizador-minuteria-multifuncao\\\/\",\"name\":\"Rel\u00e9 Temporizador - Minuteria Multifun\u00e7\u00e3o - EXATRON\",\"isPartOf\":{\"@id\":\"https:\\\/\\\/www.exatron.com.br\\\/#website\"},\"primaryImageOfPage\":{\"@id\":\"https:\\\/\\\/www.exatron.com.br\\\/produtos\\\/rele-temporizador-minuteria-multifuncao\\\/#primaryimage\"},\"image\":{\"@id\":\"https:\\\/\\\/www.exatron.com.br\\\/produtos\\\/rele-temporizador-minuteria-multifuncao\\\/#primaryimage\"},\"thumbnailUrl\":\"https:\\\/\\\/www.exatron.com.br\\\/wp-content\\\/uploads\\\/letm4000-2-1.png\",\"datePublished\":\"2025-12-08T15:08:24+00:00\",\"dateModified\":\"2026-04-22T11:38:16+00:00\",\"description\":\"Rel\u00e9 Temporizador Multifun\u00e7\u00e3o Exatron: controle eficiente e seguro para ilumina\u00e7\u00e3o, ajust\u00e1vel de 30s a 60min, com LEDs e prote\u00e7\u00e3o antichama.\",\"breadcrumb\":{\"@id\":\"https:\\\/\\\/www.exatron.com.br\\\/produtos\\\/rele-temporizador-minuteria-multifuncao\\\/#breadcrumb\"},\"inLanguage\":\"en-US\",\"potentialAction\":[{\"@type\":\"ReadAction\",\"target\":[\"https:\\\/\\\/www.exatron.com.br\\\/produtos\\\/rele-temporizador-minuteria-multifuncao\\\/\"]}]},{\"@type\":\"ImageObject\",\"inLanguage\":\"en-US\",\"@id\":\"https:\\\/\\\/www.exatron.com.br\\\/produtos\\\/rele-temporizador-minuteria-multifuncao\\\/#primaryimage\",\"url\":\"https:\\\/\\\/www.exatron.com.br\\\/wp-content\\\/uploads\\\/letm4000-2-1.png\",\"contentUrl\":\"https:\\\/\\\/www.exatron.com.br\\\/wp-content\\\/uploads\\\/letm4000-2-1.png\",\"width\":1000,\"height\":1000,\"caption\":\"Rel\u00e9 Temporizador - Minuteria Multifun\u00e7\u00e3o - Vista frontal\"},{\"@type\":\"BreadcrumbList\",\"@id\":\"https:\\\/\\\/www.exatron.com.br\\\/produtos\\\/rele-temporizador-minuteria-multifuncao\\\/#breadcrumb\",\"itemListElement\":[{\"@type\":\"ListItem\",\"position\":1,\"name\":\"In\u00edcio\",\"item\":\"https:\\\/\\\/www.exatron.com.br\\\/\"},{\"@type\":\"ListItem\",\"position\":2,\"name\":\"Loja\",\"item\":\"https:\\\/\\\/www.exatron.com.br\\\/loja\\\/\"},{\"@type\":\"ListItem\",\"position\":3,\"name\":\"Rel\u00e9 Temporizador &#8211; Minuteria Multifun\u00e7\u00e3o\"}]},{\"@type\":\"WebSite\",\"@id\":\"https:\\\/\\\/www.exatron.com.br\\\/#website\",\"url\":\"https:\\\/\\\/www.exatron.com.br\\\/\",\"name\":\"EXATRON\",\"description\":\"\",\"publisher\":{\"@id\":\"https:\\\/\\\/www.exatron.com.br\\\/#organization\"},\"potentialAction\":[{\"@type\":\"SearchAction\",\"target\":{\"@type\":\"EntryPoint\",\"urlTemplate\":\"https:\\\/\\\/www.exatron.com.br\\\/?s={search_term_string}\"},\"query-input\":{\"@type\":\"PropertyValueSpecification\",\"valueRequired\":true,\"valueName\":\"search_term_string\"}}],\"inLanguage\":\"en-US\"},{\"@type\":\"Organization\",\"@id\":\"https:\\\/\\\/www.exatron.com.br\\\/#organization\",\"name\":\"EXATRON\",\"url\":\"https:\\\/\\\/www.exatron.com.br\\\/\",\"logo\":{\"@type\":\"ImageObject\",\"inLanguage\":\"en-US\",\"@id\":\"https:\\\/\\\/www.exatron.com.br\\\/#\\\/schema\\\/logo\\\/image\\\/\",\"url\":\"https:\\\/\\\/www.exatron.com.br\\\/wp-content\\\/uploads\\\/2024\\\/11\\\/default-kit.png\",\"contentUrl\":\"https:\\\/\\\/www.exatron.com.br\\\/wp-content\\\/uploads\\\/2024\\\/11\\\/default-kit.png\",\"width\":956,\"height\":192,\"caption\":\"EXATRON\"},\"image\":{\"@id\":\"https:\\\/\\\/www.exatron.com.br\\\/#\\\/schema\\\/logo\\\/image\\\/\"}}]}<\/script>\n<!-- \/ Yoast SEO plugin. -->","yoast_head_json":{"title":"Rel\u00e9 Temporizador - Minuteria Multifun\u00e7\u00e3o - EXATRON","description":"Rel\u00e9 Temporizador Multifun\u00e7\u00e3o Exatron: controle eficiente e seguro para ilumina\u00e7\u00e3o, ajust\u00e1vel de 30s a 60min, com LEDs e prote\u00e7\u00e3o antichama.","robots":{"index":"index","follow":"follow","max-snippet":"max-snippet:-1","max-image-preview":"max-image-preview:large","max-video-preview":"max-video-preview:-1"},"canonical":"https:\/\/www.exatron.com.br\/en\/produtos\/rele-temporizador-minuteria-multifuncao\/","og_locale":"en_US","og_type":"article","og_title":"Rel\u00e9 Temporizador - Minuteria Multifun\u00e7\u00e3o - EXATRON","og_description":"Rel\u00e9 Temporizador Multifun\u00e7\u00e3o Exatron: controle eficiente e seguro para ilumina\u00e7\u00e3o, ajust\u00e1vel de 30s a 60min, com LEDs e prote\u00e7\u00e3o antichama.","og_url":"https:\/\/www.exatron.com.br\/en\/produtos\/rele-temporizador-minuteria-multifuncao\/","og_site_name":"EXATRON","article_modified_time":"2026-04-22T11:38:16+00:00","og_image":[{"width":1000,"height":1000,"url":"https:\/\/www.exatron.com.br\/wp-content\/uploads\/letm4000-2-1.png","type":"image\/png"}],"twitter_card":"summary_large_image","twitter_misc":{"Est. reading time":"2 minutes"},"schema":{"@context":"https:\/\/schema.org","@graph":[{"@type":"WebPage","@id":"https:\/\/www.exatron.com.br\/produtos\/rele-temporizador-minuteria-multifuncao\/","url":"https:\/\/www.exatron.com.br\/produtos\/rele-temporizador-minuteria-multifuncao\/","name":"Rel\u00e9 Temporizador - Minuteria Multifun\u00e7\u00e3o - EXATRON","isPartOf":{"@id":"https:\/\/www.exatron.com.br\/#website"},"primaryImageOfPage":{"@id":"https:\/\/www.exatron.com.br\/produtos\/rele-temporizador-minuteria-multifuncao\/#primaryimage"},"image":{"@id":"https:\/\/www.exatron.com.br\/produtos\/rele-temporizador-minuteria-multifuncao\/#primaryimage"},"thumbnailUrl":"https:\/\/www.exatron.com.br\/wp-content\/uploads\/letm4000-2-1.png","datePublished":"2025-12-08T15:08:24+00:00","dateModified":"2026-04-22T11:38:16+00:00","description":"Rel\u00e9 Temporizador Multifun\u00e7\u00e3o Exatron: controle eficiente e seguro para ilumina\u00e7\u00e3o, ajust\u00e1vel de 30s a 60min, com LEDs e prote\u00e7\u00e3o antichama.","breadcrumb":{"@id":"https:\/\/www.exatron.com.br\/produtos\/rele-temporizador-minuteria-multifuncao\/#breadcrumb"},"inLanguage":"en-US","potentialAction":[{"@type":"ReadAction","target":["https:\/\/www.exatron.com.br\/produtos\/rele-temporizador-minuteria-multifuncao\/"]}]},{"@type":"ImageObject","inLanguage":"en-US","@id":"https:\/\/www.exatron.com.br\/produtos\/rele-temporizador-minuteria-multifuncao\/#primaryimage","url":"https:\/\/www.exatron.com.br\/wp-content\/uploads\/letm4000-2-1.png","contentUrl":"https:\/\/www.exatron.com.br\/wp-content\/uploads\/letm4000-2-1.png","width":1000,"height":1000,"caption":"Rel\u00e9 Temporizador - Minuteria Multifun\u00e7\u00e3o - Vista frontal"},{"@type":"BreadcrumbList","@id":"https:\/\/www.exatron.com.br\/produtos\/rele-temporizador-minuteria-multifuncao\/#breadcrumb","itemListElement":[{"@type":"ListItem","position":1,"name":"In\u00edcio","item":"https:\/\/www.exatron.com.br\/"},{"@type":"ListItem","position":2,"name":"Loja","item":"https:\/\/www.exatron.com.br\/loja\/"},{"@type":"ListItem","position":3,"name":"Rel\u00e9 Temporizador &#8211; Minuteria Multifun\u00e7\u00e3o"}]},{"@type":"WebSite","@id":"https:\/\/www.exatron.com.br\/#website","url":"https:\/\/www.exatron.com.br\/","name":"EXATRON","description":"","publisher":{"@id":"https:\/\/www.exatron.com.br\/#organization"},"potentialAction":[{"@type":"SearchAction","target":{"@type":"EntryPoint","urlTemplate":"https:\/\/www.exatron.com.br\/?s={search_term_string}"},"query-input":{"@type":"PropertyValueSpecification","valueRequired":true,"valueName":"search_term_string"}}],"inLanguage":"en-US"},{"@type":"Organization","@id":"https:\/\/www.exatron.com.br\/#organization","name":"EXATRON","url":"https:\/\/www.exatron.com.br\/","logo":{"@type":"ImageObject","inLanguage":"en-US","@id":"https:\/\/www.exatron.com.br\/#\/schema\/logo\/image\/","url":"https:\/\/www.exatron.com.br\/wp-content\/uploads\/2024\/11\/default-kit.png","contentUrl":"https:\/\/www.exatron.com.br\/wp-content\/uploads\/2024\/11\/default-kit.png","width":956,"height":192,"caption":"EXATRON"},"image":{"@id":"https:\/\/www.exatron.com.br\/#\/schema\/logo\/image\/"}}]}},"_links":{"self":[{"href":"https:\/\/www.exatron.com.br\/en\/wp-json\/wp\/v2\/product\/10501","targetHints":{"allow":["GET"]}}],"collection":[{"href":"https:\/\/www.exatron.com.br\/en\/wp-json\/wp\/v2\/product"}],"about":[{"href":"https:\/\/www.exatron.com.br\/en\/wp-json\/wp\/v2\/types\/product"}],"replies":[{"embeddable":true,"href":"https:\/\/www.exatron.com.br\/en\/wp-json\/wp\/v2\/comments?post=10501"}],"wp:featuredmedia":[{"embeddable":true,"href":"https:\/\/www.exatron.com.br\/en\/wp-json\/wp\/v2\/media\/14418"}],"wp:attachment":[{"href":"https:\/\/www.exatron.com.br\/en\/wp-json\/wp\/v2\/media?parent=10501"}],"wp:term":[{"taxonomy":"aplicacao","embeddable":true,"href":"https:\/\/www.exatron.com.br\/en\/wp-json\/wp\/v2\/aplicacao?post=10501"},{"taxonomy":"product_brand","embeddable":true,"href":"https:\/\/www.exatron.com.br\/en\/wp-json\/wp\/v2\/product_brand?post=10501"},{"taxonomy":"product_cat","embeddable":true,"href":"https:\/\/www.exatron.com.br\/en\/wp-json\/wp\/v2\/product_cat?post=10501"},{"taxonomy":"product_tag","embeddable":true,"href":"https:\/\/www.exatron.com.br\/en\/wp-json\/wp\/v2\/product_tag?post=10501"}],"curies":[{"name":"wp","href":"https:\/\/api.w.org\/{rel}","templated":true}]}}