{"id":10513,"date":"2025-12-08T15:08:25","date_gmt":"2025-12-08T15:08:25","guid":{"rendered":""},"modified":"2026-04-27T11:30:05","modified_gmt":"2026-04-27T14:30:05","slug":"rele-fotocontrolador-tri-facil-127-220-v","status":"publish","type":"product","link":"https:\/\/www.exatron.com.br\/en\/produtos\/rele-fotocontrolador-tri-facil-127-220-v\/","title":{"rendered":"Rel\u00e9 Fotocontrolador Tri-F\u00e1cil 127\/220V"},"content":{"rendered":"<h3>Technical Specifications<\/h3>\n<ul>\n<li>Tens\u00e3o: 105-305V;<\/li>\n<li>Operating frequency: 50\/60Hz;<\/li>\n<li>Power consumption: &lt;1W;<\/li>\n<li>Luminosidade para ligar: entre 5 e 15 Lux;<\/li>\n<li>Luminosidade para desligar: menor que 30 Lux respeitando a rela\u00e7\u00e3o de histerese entre liga e desliga (histerese) 1,5 a 2,8 vezes;<\/li>\n<li>Estado inicial dos contatos: Normalmente aberto (NA);<\/li>\n<li>Modo de falha:\u00a0Falha desligado (FD) \/ Fail-off;<\/li>\n<li>Modo de opera\u00e7\u00e3o: aciona a carga durante a noite e desliga durante o dia (Liga noite);<\/li>\n<li>Classifica\u00e7\u00e3o de retardo: AR (acionamento r\u00e1pido);<\/li>\n<li>Tecnologia: Microcontrolado;<\/li>\n<li>Prote\u00e7\u00e3o contra surtos: @1,2&#215;50\u03bcs: 4kV.<\/li>\n<li>Rigidez diel\u00e9trica: \u2265 2500V @1 minuto;<\/li>\n<li>Filtro de tempo: duplo retardo que impede acionamentos indevidos devido a varia\u00e7\u00f5es bruscas de luminosidade como raios, laser, nuvens e etc. Entre 0,5 e 1 segundo para ligar e 2 e 5 segundos para desligar;<\/li>\n<li>Material: Corpo e copo em resina polipropileno (PP) com prote\u00e7\u00e3o UV e lente em policarbonato (PC);<\/li>\n<li>Grau de prote\u00e7\u00e3o: IP55;<\/li>\n<li>Garantia: 1 ano;<\/li>\n<li>Dimens\u00f5es: \u00d887,3&#215;47,6mm (com a haste);<\/li>\n<li>Haste de suporte incorporada ao rel\u00e9;<\/li>\n<li>Ajuste de giro do rele de 360\u00b0;<\/li>\n<li>Padr\u00e3o NBR5123;<\/li>\n<li>C\u00f3digo de opera\u00e7\u00e3o: T2LNFDRNAR;<\/li>\n<li>Mapa de marca\u00e7\u00e3o indel\u00e9vel no copo, conforme NBR5123;<\/li>\n<li>Para comandar cargas acima da capacidade estipulada, utilize o rel\u00e9 em conjunto com uma Chave Comando de Grupo Exatron (de 30, 50 ou 60 amperes) dispon\u00edvel na vers\u00e3o de controle sub\/sobre tens\u00e3o;<\/li>\n<li>Acionamento dos contatos pr\u00f3ximo ao zero de tens\u00e3o da rede el\u00e9trica (zero-crossing) menor que 1ms;<\/li>\n<li>Sensor fotoc\u00e9lula de sil\u00edcio: fototransistor;<\/li>\n<li>Temperatura de opera\u00e7\u00e3o: -5 e 50\u00b0C;<\/li>\n<li>Liga\u00e7\u00e3o descomplicada com 3 fios: Fase (preto), Carga (vermelho) e Neutro (azul ou branco);<\/li>\n<li>Control power:<\/li>\n<\/ul>\n<figure class=\"table\">\n<table>\n<tbody>\n<tr>\n<td rowspan=\"3\"><strong>Capacidade<\/strong><\/p>\n<p><strong>de carga (l\u00e2mpadas)<\/strong><\/td>\n<td><strong>Voltage<\/strong><\/td>\n<td><strong>Resistiva<\/strong><\/td>\n<td><strong>Indutiva<\/strong><\/td>\n<td><strong>Corrigida FP\u22650,92<\/strong><\/td>\n<td><strong>LED FP&lt;0,9<\/strong><\/td>\n<td><strong>LED FP\u22650,9<\/strong><\/td>\n<\/tr>\n<tr>\n<td>220V<\/td>\n<td>1000W<\/td>\n<td>1800VA<\/td>\n<td>500VA<\/td>\n<td>200W<\/td>\n<td>300W<\/td>\n<\/tr>\n<tr>\n<td>127V<\/td>\n<td>1000W<\/td>\n<td>1200VA<\/td>\n<td>500VA<\/td>\n<td>200W<\/td>\n<td>300W<\/td>\n<\/tr>\n<\/tbody>\n<\/table>\n<\/figure>\n<p>Obs.: Para garantir o funcionamento ideal do LUXAN FDTF, recomenda-se a instala\u00e7\u00e3o com vis\u00e3o direta para o sol e em locais onde n\u00e3o haja interfer\u00eancia de fontes de luz artificial, como l\u00e2mpadas de rua ou outro tipo de ilumina\u00e7\u00e3o. Al\u00e9m disso, \u00e9 importante verificar periodicamente as conex\u00f5es el\u00e9tricas para assegurar um desempenho cont\u00ednuo e eficiente.<\/p>\n<h3>Installation<\/h3>\n<p>Para a instala\u00e7\u00e3o do LUXAN FDTF, conecte o rel\u00e9 na sua rede el\u00e9trica e observe que a l\u00e2mpada permanecer\u00e1 apagada, pois o contato \u00e9 normalmente aberto (NA). Se o rel\u00e9 estiver em contato com a luz do sol, a l\u00e2mpada permanecer\u00e1 desligada. Ao anoitecer, a l\u00e2mpada acender\u00e1, o que indica que o rel\u00e9 est\u00e1 funcionando corretamente.<\/p>\n<p>Posicione o rel\u00e9 de forma que o sensor fique exposto \u00e0 luz natural do dia, e n\u00e3o seja afetado por outras l\u00e2mpadas nas proximidades.<\/p>\n<p>Aten\u00e7\u00e3o: desligue a sua rede el\u00e9trica antes de iniciar a instala\u00e7\u00e3o do produto.<\/p>","protected":false},"excerpt":{"rendered":"<p>O Rel\u00e9 Fotocontrolador Eletr\u00f4nico\u00a0Tri-F\u00e1cil Exatron \u00e9 um rel\u00e9 microcontrolado ideal para o acionamento de pontos luminosos e outras cargas. Este equipamento mant\u00e9m acesas lumin\u00e1rias na aus\u00eancia de luz natural e \u00e9 insens\u00edvel a varia\u00e7\u00f5es bruscas de luminosidade, rel\u00e2mpagos e far\u00f3is.<\/p>\n<p>Pode ser instalado com qualquer tipo de l\u00e2mpada.<\/p>\n<p>O produto LUXAN FDTF \u00e9 um modelo multitens\u00e3o, opera\u00e7\u00e3o liga noite (LN), falha desligado (FD), normalmente aberto (NA) e com acionamento r\u00e1pido (AR). \u00cdndice de prote\u00e7\u00e3o IP55 e material da tampa no polipropileno (PP) com anti-UV.<\/p>","protected":false},"featured_media":15050,"comment_status":"open","ping_status":"closed","template":"","meta":{"_acf_changed":false,"_joinchat":[]},"aplicacao":[98],"product_brand":[],"product_cat":[344,315],"product_tag":[532,588,511,540,510,512,517,578,508,590,523],"class_list":{"0":"post-10513","1":"product","2":"type-product","3":"status-publish","4":"has-post-thumbnail","6":"aplicacao-iluminacao-externa-reles","7":"product_cat-eletronico","8":"product_cat-reles-para-iluminacao","9":"product_tag-acionamento-rapido","10":"product_tag-fail-off","11":"product_tag-falha-desligado","12":"product_tag-ip55","13":"product_tag-liga-noite","14":"product_tag-normalmente-aberto","15":"product_tag-polipropileno","16":"product_tag-rele-eletronico-multitensao","17":"product_tag-rele-fotocontrolador","18":"product_tag-rele-microcontrolado","19":"product_tag-rele-para-iluminacao","21":"first","22":"outofstock","23":"shipping-taxable","24":"product-type-simple"},"acf":[],"yoast_head":"<!-- This site is optimized with the Yoast SEO plugin v27.3 - https:\/\/yoast.com\/product\/yoast-seo-wordpress\/ -->\n<title>Rel\u00e9 Fotocontrolador Tri-F\u00e1cil 127\/220V - EXATRON<\/title>\n<meta name=\"description\" content=\"Ilumine ambientes externos que necessitam de controle autom\u00e1tico da ilumina\u00e7\u00e3o, proporcionando seguran\u00e7a e economia de energia com o Luxan FDTF.\" \/>\n<meta name=\"robots\" content=\"index, follow, max-snippet:-1, max-image-preview:large, max-video-preview:-1\" \/>\n<link rel=\"canonical\" href=\"https:\/\/www.exatron.com.br\/en\/produtos\/rele-fotocontrolador-tri-facil-127-220-v\/\" \/>\n<meta property=\"og:locale\" content=\"en_US\" \/>\n<meta property=\"og:type\" content=\"article\" \/>\n<meta property=\"og:title\" content=\"Rel\u00e9 Fotocontrolador Tri-F\u00e1cil 127\/220V - EXATRON\" \/>\n<meta property=\"og:description\" content=\"Ilumine ambientes externos que necessitam de controle autom\u00e1tico da ilumina\u00e7\u00e3o, proporcionando seguran\u00e7a e economia de energia com o Luxan FDTF.\" \/>\n<meta property=\"og:url\" content=\"https:\/\/www.exatron.com.br\/en\/produtos\/rele-fotocontrolador-tri-facil-127-220-v\/\" \/>\n<meta property=\"og:site_name\" content=\"EXATRON\" \/>\n<meta property=\"article:modified_time\" content=\"2026-04-27T14:30:05+00:00\" \/>\n<meta property=\"og:image\" content=\"https:\/\/www.exatron.com.br\/wp-content\/uploads\/luxan-fdtf_2.png\" \/>\n\t<meta property=\"og:image:width\" content=\"1000\" \/>\n\t<meta property=\"og:image:height\" content=\"1000\" \/>\n\t<meta property=\"og:image:type\" content=\"image\/png\" \/>\n<meta name=\"twitter:card\" content=\"summary_large_image\" \/>\n<meta name=\"twitter:label1\" content=\"Est. reading time\" \/>\n\t<meta name=\"twitter:data1\" content=\"3 minutes\" \/>\n<script type=\"application\/ld+json\" class=\"yoast-schema-graph\">{\"@context\":\"https:\\\/\\\/schema.org\",\"@graph\":[{\"@type\":\"WebPage\",\"@id\":\"https:\\\/\\\/www.exatron.com.br\\\/produtos\\\/rele-fotocontrolador-tri-facil-127-220-v\\\/\",\"url\":\"https:\\\/\\\/www.exatron.com.br\\\/produtos\\\/rele-fotocontrolador-tri-facil-127-220-v\\\/\",\"name\":\"Rel\u00e9 Fotocontrolador Tri-F\u00e1cil 127\\\/220V - EXATRON\",\"isPartOf\":{\"@id\":\"https:\\\/\\\/www.exatron.com.br\\\/#website\"},\"primaryImageOfPage\":{\"@id\":\"https:\\\/\\\/www.exatron.com.br\\\/produtos\\\/rele-fotocontrolador-tri-facil-127-220-v\\\/#primaryimage\"},\"image\":{\"@id\":\"https:\\\/\\\/www.exatron.com.br\\\/produtos\\\/rele-fotocontrolador-tri-facil-127-220-v\\\/#primaryimage\"},\"thumbnailUrl\":\"https:\\\/\\\/www.exatron.com.br\\\/wp-content\\\/uploads\\\/luxan-fdtf_2.png\",\"datePublished\":\"2025-12-08T15:08:25+00:00\",\"dateModified\":\"2026-04-27T14:30:05+00:00\",\"description\":\"Ilumine ambientes externos que necessitam de controle autom\u00e1tico da ilumina\u00e7\u00e3o, proporcionando seguran\u00e7a e economia de energia com o Luxan FDTF.\",\"breadcrumb\":{\"@id\":\"https:\\\/\\\/www.exatron.com.br\\\/produtos\\\/rele-fotocontrolador-tri-facil-127-220-v\\\/#breadcrumb\"},\"inLanguage\":\"en-US\",\"potentialAction\":[{\"@type\":\"ReadAction\",\"target\":[\"https:\\\/\\\/www.exatron.com.br\\\/produtos\\\/rele-fotocontrolador-tri-facil-127-220-v\\\/\"]}]},{\"@type\":\"ImageObject\",\"inLanguage\":\"en-US\",\"@id\":\"https:\\\/\\\/www.exatron.com.br\\\/produtos\\\/rele-fotocontrolador-tri-facil-127-220-v\\\/#primaryimage\",\"url\":\"https:\\\/\\\/www.exatron.com.br\\\/wp-content\\\/uploads\\\/luxan-fdtf_2.png\",\"contentUrl\":\"https:\\\/\\\/www.exatron.com.br\\\/wp-content\\\/uploads\\\/luxan-fdtf_2.png\",\"width\":1000,\"height\":1000,\"caption\":\"O Rel\u00e9 Fotocontrolador Eletr\u00f4nico Tri-F\u00e1cil Exatron \u00e9 um rel\u00e9 microcontrolado ideal para o acionamento de pontos luminosos e outras cargas.\"},{\"@type\":\"BreadcrumbList\",\"@id\":\"https:\\\/\\\/www.exatron.com.br\\\/produtos\\\/rele-fotocontrolador-tri-facil-127-220-v\\\/#breadcrumb\",\"itemListElement\":[{\"@type\":\"ListItem\",\"position\":1,\"name\":\"In\u00edcio\",\"item\":\"https:\\\/\\\/www.exatron.com.br\\\/\"},{\"@type\":\"ListItem\",\"position\":2,\"name\":\"Loja\",\"item\":\"https:\\\/\\\/www.exatron.com.br\\\/loja\\\/\"},{\"@type\":\"ListItem\",\"position\":3,\"name\":\"Rel\u00e9 Fotocontrolador Tri-F\u00e1cil 127\\\/220V\"}]},{\"@type\":\"WebSite\",\"@id\":\"https:\\\/\\\/www.exatron.com.br\\\/#website\",\"url\":\"https:\\\/\\\/www.exatron.com.br\\\/\",\"name\":\"EXATRON\",\"description\":\"\",\"publisher\":{\"@id\":\"https:\\\/\\\/www.exatron.com.br\\\/#organization\"},\"potentialAction\":[{\"@type\":\"SearchAction\",\"target\":{\"@type\":\"EntryPoint\",\"urlTemplate\":\"https:\\\/\\\/www.exatron.com.br\\\/?s={search_term_string}\"},\"query-input\":{\"@type\":\"PropertyValueSpecification\",\"valueRequired\":true,\"valueName\":\"search_term_string\"}}],\"inLanguage\":\"en-US\"},{\"@type\":\"Organization\",\"@id\":\"https:\\\/\\\/www.exatron.com.br\\\/#organization\",\"name\":\"EXATRON\",\"url\":\"https:\\\/\\\/www.exatron.com.br\\\/\",\"logo\":{\"@type\":\"ImageObject\",\"inLanguage\":\"en-US\",\"@id\":\"https:\\\/\\\/www.exatron.com.br\\\/#\\\/schema\\\/logo\\\/image\\\/\",\"url\":\"https:\\\/\\\/www.exatron.com.br\\\/wp-content\\\/uploads\\\/2024\\\/11\\\/default-kit.png\",\"contentUrl\":\"https:\\\/\\\/www.exatron.com.br\\\/wp-content\\\/uploads\\\/2024\\\/11\\\/default-kit.png\",\"width\":956,\"height\":192,\"caption\":\"EXATRON\"},\"image\":{\"@id\":\"https:\\\/\\\/www.exatron.com.br\\\/#\\\/schema\\\/logo\\\/image\\\/\"}}]}<\/script>\n<!-- \/ Yoast SEO plugin. -->","yoast_head_json":{"title":"Rel\u00e9 Fotocontrolador Tri-F\u00e1cil 127\/220V - EXATRON","description":"Ilumine ambientes externos que necessitam de controle autom\u00e1tico da ilumina\u00e7\u00e3o, proporcionando seguran\u00e7a e economia de energia com o Luxan FDTF.","robots":{"index":"index","follow":"follow","max-snippet":"max-snippet:-1","max-image-preview":"max-image-preview:large","max-video-preview":"max-video-preview:-1"},"canonical":"https:\/\/www.exatron.com.br\/en\/produtos\/rele-fotocontrolador-tri-facil-127-220-v\/","og_locale":"en_US","og_type":"article","og_title":"Rel\u00e9 Fotocontrolador Tri-F\u00e1cil 127\/220V - EXATRON","og_description":"Ilumine ambientes externos que necessitam de controle autom\u00e1tico da ilumina\u00e7\u00e3o, proporcionando seguran\u00e7a e economia de energia com o Luxan FDTF.","og_url":"https:\/\/www.exatron.com.br\/en\/produtos\/rele-fotocontrolador-tri-facil-127-220-v\/","og_site_name":"EXATRON","article_modified_time":"2026-04-27T14:30:05+00:00","og_image":[{"width":1000,"height":1000,"url":"https:\/\/www.exatron.com.br\/wp-content\/uploads\/luxan-fdtf_2.png","type":"image\/png"}],"twitter_card":"summary_large_image","twitter_misc":{"Est. reading time":"3 minutes"},"schema":{"@context":"https:\/\/schema.org","@graph":[{"@type":"WebPage","@id":"https:\/\/www.exatron.com.br\/produtos\/rele-fotocontrolador-tri-facil-127-220-v\/","url":"https:\/\/www.exatron.com.br\/produtos\/rele-fotocontrolador-tri-facil-127-220-v\/","name":"Rel\u00e9 Fotocontrolador Tri-F\u00e1cil 127\/220V - EXATRON","isPartOf":{"@id":"https:\/\/www.exatron.com.br\/#website"},"primaryImageOfPage":{"@id":"https:\/\/www.exatron.com.br\/produtos\/rele-fotocontrolador-tri-facil-127-220-v\/#primaryimage"},"image":{"@id":"https:\/\/www.exatron.com.br\/produtos\/rele-fotocontrolador-tri-facil-127-220-v\/#primaryimage"},"thumbnailUrl":"https:\/\/www.exatron.com.br\/wp-content\/uploads\/luxan-fdtf_2.png","datePublished":"2025-12-08T15:08:25+00:00","dateModified":"2026-04-27T14:30:05+00:00","description":"Ilumine ambientes externos que necessitam de controle autom\u00e1tico da ilumina\u00e7\u00e3o, proporcionando seguran\u00e7a e economia de energia com o Luxan FDTF.","breadcrumb":{"@id":"https:\/\/www.exatron.com.br\/produtos\/rele-fotocontrolador-tri-facil-127-220-v\/#breadcrumb"},"inLanguage":"en-US","potentialAction":[{"@type":"ReadAction","target":["https:\/\/www.exatron.com.br\/produtos\/rele-fotocontrolador-tri-facil-127-220-v\/"]}]},{"@type":"ImageObject","inLanguage":"en-US","@id":"https:\/\/www.exatron.com.br\/produtos\/rele-fotocontrolador-tri-facil-127-220-v\/#primaryimage","url":"https:\/\/www.exatron.com.br\/wp-content\/uploads\/luxan-fdtf_2.png","contentUrl":"https:\/\/www.exatron.com.br\/wp-content\/uploads\/luxan-fdtf_2.png","width":1000,"height":1000,"caption":"O Rel\u00e9 Fotocontrolador Eletr\u00f4nico Tri-F\u00e1cil Exatron \u00e9 um rel\u00e9 microcontrolado ideal para o acionamento de pontos luminosos e outras cargas."},{"@type":"BreadcrumbList","@id":"https:\/\/www.exatron.com.br\/produtos\/rele-fotocontrolador-tri-facil-127-220-v\/#breadcrumb","itemListElement":[{"@type":"ListItem","position":1,"name":"In\u00edcio","item":"https:\/\/www.exatron.com.br\/"},{"@type":"ListItem","position":2,"name":"Loja","item":"https:\/\/www.exatron.com.br\/loja\/"},{"@type":"ListItem","position":3,"name":"Rel\u00e9 Fotocontrolador Tri-F\u00e1cil 127\/220V"}]},{"@type":"WebSite","@id":"https:\/\/www.exatron.com.br\/#website","url":"https:\/\/www.exatron.com.br\/","name":"EXATRON","description":"","publisher":{"@id":"https:\/\/www.exatron.com.br\/#organization"},"potentialAction":[{"@type":"SearchAction","target":{"@type":"EntryPoint","urlTemplate":"https:\/\/www.exatron.com.br\/?s={search_term_string}"},"query-input":{"@type":"PropertyValueSpecification","valueRequired":true,"valueName":"search_term_string"}}],"inLanguage":"en-US"},{"@type":"Organization","@id":"https:\/\/www.exatron.com.br\/#organization","name":"EXATRON","url":"https:\/\/www.exatron.com.br\/","logo":{"@type":"ImageObject","inLanguage":"en-US","@id":"https:\/\/www.exatron.com.br\/#\/schema\/logo\/image\/","url":"https:\/\/www.exatron.com.br\/wp-content\/uploads\/2024\/11\/default-kit.png","contentUrl":"https:\/\/www.exatron.com.br\/wp-content\/uploads\/2024\/11\/default-kit.png","width":956,"height":192,"caption":"EXATRON"},"image":{"@id":"https:\/\/www.exatron.com.br\/#\/schema\/logo\/image\/"}}]}},"_links":{"self":[{"href":"https:\/\/www.exatron.com.br\/en\/wp-json\/wp\/v2\/product\/10513","targetHints":{"allow":["GET"]}}],"collection":[{"href":"https:\/\/www.exatron.com.br\/en\/wp-json\/wp\/v2\/product"}],"about":[{"href":"https:\/\/www.exatron.com.br\/en\/wp-json\/wp\/v2\/types\/product"}],"replies":[{"embeddable":true,"href":"https:\/\/www.exatron.com.br\/en\/wp-json\/wp\/v2\/comments?post=10513"}],"wp:featuredmedia":[{"embeddable":true,"href":"https:\/\/www.exatron.com.br\/en\/wp-json\/wp\/v2\/media\/15050"}],"wp:attachment":[{"href":"https:\/\/www.exatron.com.br\/en\/wp-json\/wp\/v2\/media?parent=10513"}],"wp:term":[{"taxonomy":"aplicacao","embeddable":true,"href":"https:\/\/www.exatron.com.br\/en\/wp-json\/wp\/v2\/aplicacao?post=10513"},{"taxonomy":"product_brand","embeddable":true,"href":"https:\/\/www.exatron.com.br\/en\/wp-json\/wp\/v2\/product_brand?post=10513"},{"taxonomy":"product_cat","embeddable":true,"href":"https:\/\/www.exatron.com.br\/en\/wp-json\/wp\/v2\/product_cat?post=10513"},{"taxonomy":"product_tag","embeddable":true,"href":"https:\/\/www.exatron.com.br\/en\/wp-json\/wp\/v2\/product_tag?post=10513"}],"curies":[{"name":"wp","href":"https:\/\/api.w.org\/{rel}","templated":true}]}}