{"id":10522,"date":"2025-12-08T15:08:27","date_gmt":"2025-12-08T15:08:27","guid":{"rendered":""},"modified":"2026-04-24T16:06:11","modified_gmt":"2026-04-24T19:06:11","slug":"conjunto-4x2-01-interruptor-dimmer-touch","status":"publish","type":"product","link":"https:\/\/www.exatron.com.br\/en\/produtos\/conjunto-4x2-01-interruptor-dimmer-touch\/","title":{"rendered":"Conjunto 4&#215;2 01 Interruptor Dimmer Touch"},"content":{"rendered":"<h3>Technical Specifications<\/h3>\n<ul>\n<li>Tens\u00e3o de alimenta\u00e7\u00e3o: 100-240V~50\/60Hz;<\/li>\n<li>Consumo: 0,5W;<\/li>\n<li>Possui indica\u00e7\u00e3o luminosa para localiza\u00e7\u00e3o em ambientes escuros;<\/li>\n<li>Fun\u00e7\u00e3o interruptor: Liga e desliga atrav\u00e9s de toque;<\/li>\n<li>Fun\u00e7\u00e3o dimmer;<\/li>\n<li>Fun\u00e7\u00e3o timer: mant\u00e9m a carga acionada por 1 hora;<\/li>\n<li>A placa 4&#215;2 possui dois m\u00f3dulos cegos que podem ser substitu\u00eddos por m\u00f3dulos com outras fun\u00e7\u00f5es como tomada USB, tomada ou interruptor;<\/li>\n<li>Conectron: tr\u00eas fios;<\/li>\n<li>Possui fun\u00e7\u00e3o exclusiva que identifica a carga. Em caso de carga eletr\u00f4nica dimeriz\u00e1vel \u00e9 poss\u00edvel habilitar fun\u00e7\u00e3o espec\u00edfica para dimeriza\u00e7\u00e3o;<\/li>\n<li>Se ligados em paralelo funcionam em modo chave hotel;<\/li>\n<li>Em modo chave hotel o \u00faltimo estado configurado do dimmer ser\u00e1 memorizado;<\/li>\n<li>Garantia: 02 anos.<\/li>\n<li>Pot\u00eancia de Comando:<\/li>\n<\/ul>\n<figure class=\"table\">\n<table style=\"height: 153px\" width=\"419\">\n<tbody>\n<tr>\n<td style=\"text-align: center\"><strong>Voltage<\/strong><\/td>\n<td style=\"text-align: center\"><strong>L\u00e2mpadas LED\/Eletr\u00f4nica\/<\/strong><strong>Halogen<\/strong><\/td>\n<td style=\"text-align: center\"><strong>Motores<\/strong><\/td>\n<\/tr>\n<tr>\n<td style=\"text-align: center\">127V<\/td>\n<td style=\"text-align: center\">120W<\/td>\n<td style=\"text-align: center\">80W<\/td>\n<\/tr>\n<tr>\n<td style=\"text-align: center\">220V<\/td>\n<td style=\"text-align: center\">220W<\/td>\n<td style=\"text-align: center\">120W<\/td>\n<\/tr>\n<\/tbody>\n<\/table>\n<\/figure>","protected":false},"excerpt":{"rendered":"<p>Um \u00fanico produto com v\u00e1rias fun\u00e7\u00f5es!\u00a0 O Interruptor Dimmer Touch (LECO4007) propicia o controle gradual de cargas compat\u00edveis com dimeriza\u00e7\u00e3o, permitindo o ajuste de m\u00ednimo at\u00e9 a m\u00e1xima da pot\u00eancia de l\u00e2mpadas incandescentes, hal\u00f3genas, eletr\u00f4nicas, LED e motores de ventiladores de teto, proporcionando um ambiente mais agrad\u00e1vel, economia de energia e maior vida \u00fatil dos equipamentos.<\/p>\n<p>\u00c9 ideal para o controle de ilumina\u00e7\u00e3o e de ventiladores de teto em hall de entrada, dormit\u00f3rio, banheiro e demais ambientes internos de resid\u00eancias, escrit\u00f3rios e hot\u00e9is.<\/p>\n<p>Assista o v\u00eddeo e conhe\u00e7a todas as configura\u00e7\u00f5es dispon\u00edveis no produto.<\/p>\n<p>&nbsp;<\/p>","protected":false},"featured_media":9850,"comment_status":"open","ping_status":"closed","template":"","meta":{"_acf_changed":false,"_joinchat":[]},"aplicacao":[],"product_brand":[],"product_cat":[372,313,325],"product_tag":[833,834,832],"class_list":{"0":"post-10522","1":"product","2":"type-product","3":"status-publish","4":"has-post-thumbnail","6":"product_cat-conjuntos","7":"product_cat-dimmer-1","8":"product_cat-linha-eletrica","9":"product_tag-dimmer-lampada","10":"product_tag-dimmer-led","11":"product_tag-dimmer-ventilador","13":"first","14":"instock","15":"shipping-taxable","16":"purchasable","17":"product-type-simple"},"acf":[],"yoast_head":"<!-- This site is optimized with the Yoast SEO plugin v27.3 - https:\/\/yoast.com\/product\/yoast-seo-wordpress\/ -->\n<title>Conjunto 4x2 01 Interruptor Dimmer Touch - EXATRON<\/title>\n<meta name=\"description\" content=\"Controle ilumina\u00e7\u00e3o e ventiladores com o Dimmer Touch Exatron. Gradua\u00e7\u00e3o de pot\u00eancia, economia de energia e instala\u00e7\u00e3o pr\u00e1tica.\" \/>\n<meta name=\"robots\" content=\"index, follow, max-snippet:-1, max-image-preview:large, max-video-preview:-1\" \/>\n<link rel=\"canonical\" href=\"https:\/\/www.exatron.com.br\/en\/produtos\/conjunto-4x2-01-interruptor-dimmer-touch\/\" \/>\n<meta property=\"og:locale\" content=\"en_US\" \/>\n<meta property=\"og:type\" content=\"article\" \/>\n<meta property=\"og:title\" content=\"Conjunto 4x2 01 Interruptor Dimmer Touch - EXATRON\" \/>\n<meta property=\"og:description\" content=\"Controle ilumina\u00e7\u00e3o e ventiladores com o Dimmer Touch Exatron. Gradua\u00e7\u00e3o de pot\u00eancia, economia de energia e instala\u00e7\u00e3o pr\u00e1tica.\" \/>\n<meta property=\"og:url\" content=\"https:\/\/www.exatron.com.br\/en\/produtos\/conjunto-4x2-01-interruptor-dimmer-touch\/\" \/>\n<meta property=\"og:site_name\" content=\"EXATRON\" \/>\n<meta property=\"article:modified_time\" content=\"2026-04-24T19:06:11+00:00\" \/>\n<meta property=\"og:image\" content=\"https:\/\/www.exatron.com.br\/wp-content\/uploads\/2025\/12\/r2shhozp9nhry4nr3xr7tnj9o0uh5khvbbafwfo8.png\" \/>\n\t<meta property=\"og:image:width\" content=\"540\" \/>\n\t<meta property=\"og:image:height\" content=\"540\" \/>\n\t<meta property=\"og:image:type\" content=\"image\/png\" \/>\n<meta name=\"twitter:card\" content=\"summary_large_image\" \/>\n<meta name=\"twitter:label1\" content=\"Est. reading time\" \/>\n\t<meta name=\"twitter:data1\" content=\"1 minute\" \/>\n<script type=\"application\/ld+json\" class=\"yoast-schema-graph\">{\"@context\":\"https:\\\/\\\/schema.org\",\"@graph\":[{\"@type\":\"WebPage\",\"@id\":\"https:\\\/\\\/www.exatron.com.br\\\/produtos\\\/conjunto-4x2-01-interruptor-dimmer-touch\\\/\",\"url\":\"https:\\\/\\\/www.exatron.com.br\\\/produtos\\\/conjunto-4x2-01-interruptor-dimmer-touch\\\/\",\"name\":\"Conjunto 4x2 01 Interruptor Dimmer Touch - EXATRON\",\"isPartOf\":{\"@id\":\"https:\\\/\\\/www.exatron.com.br\\\/#website\"},\"primaryImageOfPage\":{\"@id\":\"https:\\\/\\\/www.exatron.com.br\\\/produtos\\\/conjunto-4x2-01-interruptor-dimmer-touch\\\/#primaryimage\"},\"image\":{\"@id\":\"https:\\\/\\\/www.exatron.com.br\\\/produtos\\\/conjunto-4x2-01-interruptor-dimmer-touch\\\/#primaryimage\"},\"thumbnailUrl\":\"https:\\\/\\\/www.exatron.com.br\\\/wp-content\\\/uploads\\\/2025\\\/12\\\/r2shhozp9nhry4nr3xr7tnj9o0uh5khvbbafwfo8.png\",\"datePublished\":\"2025-12-08T15:08:27+00:00\",\"dateModified\":\"2026-04-24T19:06:11+00:00\",\"description\":\"Controle ilumina\u00e7\u00e3o e ventiladores com o Dimmer Touch Exatron. Gradua\u00e7\u00e3o de pot\u00eancia, economia de energia e instala\u00e7\u00e3o pr\u00e1tica.\",\"breadcrumb\":{\"@id\":\"https:\\\/\\\/www.exatron.com.br\\\/produtos\\\/conjunto-4x2-01-interruptor-dimmer-touch\\\/#breadcrumb\"},\"inLanguage\":\"en-US\",\"potentialAction\":[{\"@type\":\"ReadAction\",\"target\":[\"https:\\\/\\\/www.exatron.com.br\\\/produtos\\\/conjunto-4x2-01-interruptor-dimmer-touch\\\/\"]}]},{\"@type\":\"ImageObject\",\"inLanguage\":\"en-US\",\"@id\":\"https:\\\/\\\/www.exatron.com.br\\\/produtos\\\/conjunto-4x2-01-interruptor-dimmer-touch\\\/#primaryimage\",\"url\":\"https:\\\/\\\/www.exatron.com.br\\\/wp-content\\\/uploads\\\/2025\\\/12\\\/r2shhozp9nhry4nr3xr7tnj9o0uh5khvbbafwfo8.png\",\"contentUrl\":\"https:\\\/\\\/www.exatron.com.br\\\/wp-content\\\/uploads\\\/2025\\\/12\\\/r2shhozp9nhry4nr3xr7tnj9o0uh5khvbbafwfo8.png\",\"width\":540,\"height\":540,\"caption\":\"Um \u00fanico produto com v\u00e1rias fun\u00e7\u00f5es!\u00a0 O Interruptor Dimmer Touch (LECO4007) propicia o controle gradual de cargas compat\u00edveis com dimeriza\u00e7\u00e3o, permitindo o ajuste de m\u00ednimo at\u00e9 a m\u00e1xima da pot\u00eancia de l\u00e2mpadas incandescentes, hal\u00f3genas, eletr\u00f4nicas, LED e motores de ventiladores de teto, proporcionando um ambiente mais agrad\u00e1vel, economia de energia e maior vida \u00fatil dos equipamentos.\"},{\"@type\":\"BreadcrumbList\",\"@id\":\"https:\\\/\\\/www.exatron.com.br\\\/produtos\\\/conjunto-4x2-01-interruptor-dimmer-touch\\\/#breadcrumb\",\"itemListElement\":[{\"@type\":\"ListItem\",\"position\":1,\"name\":\"In\u00edcio\",\"item\":\"https:\\\/\\\/www.exatron.com.br\\\/\"},{\"@type\":\"ListItem\",\"position\":2,\"name\":\"Loja\",\"item\":\"https:\\\/\\\/www.exatron.com.br\\\/loja\\\/\"},{\"@type\":\"ListItem\",\"position\":3,\"name\":\"Conjunto 4&#215;2 01 Interruptor Dimmer Touch\"}]},{\"@type\":\"WebSite\",\"@id\":\"https:\\\/\\\/www.exatron.com.br\\\/#website\",\"url\":\"https:\\\/\\\/www.exatron.com.br\\\/\",\"name\":\"EXATRON\",\"description\":\"\",\"publisher\":{\"@id\":\"https:\\\/\\\/www.exatron.com.br\\\/#organization\"},\"potentialAction\":[{\"@type\":\"SearchAction\",\"target\":{\"@type\":\"EntryPoint\",\"urlTemplate\":\"https:\\\/\\\/www.exatron.com.br\\\/?s={search_term_string}\"},\"query-input\":{\"@type\":\"PropertyValueSpecification\",\"valueRequired\":true,\"valueName\":\"search_term_string\"}}],\"inLanguage\":\"en-US\"},{\"@type\":\"Organization\",\"@id\":\"https:\\\/\\\/www.exatron.com.br\\\/#organization\",\"name\":\"EXATRON\",\"url\":\"https:\\\/\\\/www.exatron.com.br\\\/\",\"logo\":{\"@type\":\"ImageObject\",\"inLanguage\":\"en-US\",\"@id\":\"https:\\\/\\\/www.exatron.com.br\\\/#\\\/schema\\\/logo\\\/image\\\/\",\"url\":\"https:\\\/\\\/www.exatron.com.br\\\/wp-content\\\/uploads\\\/2024\\\/11\\\/default-kit.png\",\"contentUrl\":\"https:\\\/\\\/www.exatron.com.br\\\/wp-content\\\/uploads\\\/2024\\\/11\\\/default-kit.png\",\"width\":956,\"height\":192,\"caption\":\"EXATRON\"},\"image\":{\"@id\":\"https:\\\/\\\/www.exatron.com.br\\\/#\\\/schema\\\/logo\\\/image\\\/\"}}]}<\/script>\n<!-- \/ Yoast SEO plugin. -->","yoast_head_json":{"title":"Conjunto 4x2 01 Interruptor Dimmer Touch - EXATRON","description":"Controle ilumina\u00e7\u00e3o e ventiladores com o Dimmer Touch Exatron. Gradua\u00e7\u00e3o de pot\u00eancia, economia de energia e instala\u00e7\u00e3o pr\u00e1tica.","robots":{"index":"index","follow":"follow","max-snippet":"max-snippet:-1","max-image-preview":"max-image-preview:large","max-video-preview":"max-video-preview:-1"},"canonical":"https:\/\/www.exatron.com.br\/en\/produtos\/conjunto-4x2-01-interruptor-dimmer-touch\/","og_locale":"en_US","og_type":"article","og_title":"Conjunto 4x2 01 Interruptor Dimmer Touch - EXATRON","og_description":"Controle ilumina\u00e7\u00e3o e ventiladores com o Dimmer Touch Exatron. Gradua\u00e7\u00e3o de pot\u00eancia, economia de energia e instala\u00e7\u00e3o pr\u00e1tica.","og_url":"https:\/\/www.exatron.com.br\/en\/produtos\/conjunto-4x2-01-interruptor-dimmer-touch\/","og_site_name":"EXATRON","article_modified_time":"2026-04-24T19:06:11+00:00","og_image":[{"width":540,"height":540,"url":"https:\/\/www.exatron.com.br\/wp-content\/uploads\/2025\/12\/r2shhozp9nhry4nr3xr7tnj9o0uh5khvbbafwfo8.png","type":"image\/png"}],"twitter_card":"summary_large_image","twitter_misc":{"Est. reading time":"1 minute"},"schema":{"@context":"https:\/\/schema.org","@graph":[{"@type":"WebPage","@id":"https:\/\/www.exatron.com.br\/produtos\/conjunto-4x2-01-interruptor-dimmer-touch\/","url":"https:\/\/www.exatron.com.br\/produtos\/conjunto-4x2-01-interruptor-dimmer-touch\/","name":"Conjunto 4x2 01 Interruptor Dimmer Touch - EXATRON","isPartOf":{"@id":"https:\/\/www.exatron.com.br\/#website"},"primaryImageOfPage":{"@id":"https:\/\/www.exatron.com.br\/produtos\/conjunto-4x2-01-interruptor-dimmer-touch\/#primaryimage"},"image":{"@id":"https:\/\/www.exatron.com.br\/produtos\/conjunto-4x2-01-interruptor-dimmer-touch\/#primaryimage"},"thumbnailUrl":"https:\/\/www.exatron.com.br\/wp-content\/uploads\/2025\/12\/r2shhozp9nhry4nr3xr7tnj9o0uh5khvbbafwfo8.png","datePublished":"2025-12-08T15:08:27+00:00","dateModified":"2026-04-24T19:06:11+00:00","description":"Controle ilumina\u00e7\u00e3o e ventiladores com o Dimmer Touch Exatron. Gradua\u00e7\u00e3o de pot\u00eancia, economia de energia e instala\u00e7\u00e3o pr\u00e1tica.","breadcrumb":{"@id":"https:\/\/www.exatron.com.br\/produtos\/conjunto-4x2-01-interruptor-dimmer-touch\/#breadcrumb"},"inLanguage":"en-US","potentialAction":[{"@type":"ReadAction","target":["https:\/\/www.exatron.com.br\/produtos\/conjunto-4x2-01-interruptor-dimmer-touch\/"]}]},{"@type":"ImageObject","inLanguage":"en-US","@id":"https:\/\/www.exatron.com.br\/produtos\/conjunto-4x2-01-interruptor-dimmer-touch\/#primaryimage","url":"https:\/\/www.exatron.com.br\/wp-content\/uploads\/2025\/12\/r2shhozp9nhry4nr3xr7tnj9o0uh5khvbbafwfo8.png","contentUrl":"https:\/\/www.exatron.com.br\/wp-content\/uploads\/2025\/12\/r2shhozp9nhry4nr3xr7tnj9o0uh5khvbbafwfo8.png","width":540,"height":540,"caption":"Um \u00fanico produto com v\u00e1rias fun\u00e7\u00f5es!\u00a0 O Interruptor Dimmer Touch (LECO4007) propicia o controle gradual de cargas compat\u00edveis com dimeriza\u00e7\u00e3o, permitindo o ajuste de m\u00ednimo at\u00e9 a m\u00e1xima da pot\u00eancia de l\u00e2mpadas incandescentes, hal\u00f3genas, eletr\u00f4nicas, LED e motores de ventiladores de teto, proporcionando um ambiente mais agrad\u00e1vel, economia de energia e maior vida \u00fatil dos equipamentos."},{"@type":"BreadcrumbList","@id":"https:\/\/www.exatron.com.br\/produtos\/conjunto-4x2-01-interruptor-dimmer-touch\/#breadcrumb","itemListElement":[{"@type":"ListItem","position":1,"name":"In\u00edcio","item":"https:\/\/www.exatron.com.br\/"},{"@type":"ListItem","position":2,"name":"Loja","item":"https:\/\/www.exatron.com.br\/loja\/"},{"@type":"ListItem","position":3,"name":"Conjunto 4&#215;2 01 Interruptor Dimmer Touch"}]},{"@type":"WebSite","@id":"https:\/\/www.exatron.com.br\/#website","url":"https:\/\/www.exatron.com.br\/","name":"EXATRON","description":"","publisher":{"@id":"https:\/\/www.exatron.com.br\/#organization"},"potentialAction":[{"@type":"SearchAction","target":{"@type":"EntryPoint","urlTemplate":"https:\/\/www.exatron.com.br\/?s={search_term_string}"},"query-input":{"@type":"PropertyValueSpecification","valueRequired":true,"valueName":"search_term_string"}}],"inLanguage":"en-US"},{"@type":"Organization","@id":"https:\/\/www.exatron.com.br\/#organization","name":"EXATRON","url":"https:\/\/www.exatron.com.br\/","logo":{"@type":"ImageObject","inLanguage":"en-US","@id":"https:\/\/www.exatron.com.br\/#\/schema\/logo\/image\/","url":"https:\/\/www.exatron.com.br\/wp-content\/uploads\/2024\/11\/default-kit.png","contentUrl":"https:\/\/www.exatron.com.br\/wp-content\/uploads\/2024\/11\/default-kit.png","width":956,"height":192,"caption":"EXATRON"},"image":{"@id":"https:\/\/www.exatron.com.br\/#\/schema\/logo\/image\/"}}]}},"_links":{"self":[{"href":"https:\/\/www.exatron.com.br\/en\/wp-json\/wp\/v2\/product\/10522","targetHints":{"allow":["GET"]}}],"collection":[{"href":"https:\/\/www.exatron.com.br\/en\/wp-json\/wp\/v2\/product"}],"about":[{"href":"https:\/\/www.exatron.com.br\/en\/wp-json\/wp\/v2\/types\/product"}],"replies":[{"embeddable":true,"href":"https:\/\/www.exatron.com.br\/en\/wp-json\/wp\/v2\/comments?post=10522"}],"wp:featuredmedia":[{"embeddable":true,"href":"https:\/\/www.exatron.com.br\/en\/wp-json\/wp\/v2\/media\/9850"}],"wp:attachment":[{"href":"https:\/\/www.exatron.com.br\/en\/wp-json\/wp\/v2\/media?parent=10522"}],"wp:term":[{"taxonomy":"aplicacao","embeddable":true,"href":"https:\/\/www.exatron.com.br\/en\/wp-json\/wp\/v2\/aplicacao?post=10522"},{"taxonomy":"product_brand","embeddable":true,"href":"https:\/\/www.exatron.com.br\/en\/wp-json\/wp\/v2\/product_brand?post=10522"},{"taxonomy":"product_cat","embeddable":true,"href":"https:\/\/www.exatron.com.br\/en\/wp-json\/wp\/v2\/product_cat?post=10522"},{"taxonomy":"product_tag","embeddable":true,"href":"https:\/\/www.exatron.com.br\/en\/wp-json\/wp\/v2\/product_tag?post=10522"}],"curies":[{"name":"wp","href":"https:\/\/api.w.org\/{rel}","templated":true}]}}