{"id":10524,"date":"2025-12-08T15:08:27","date_gmt":"2025-12-08T15:08:27","guid":{"rendered":""},"modified":"2026-04-22T10:01:36","modified_gmt":"2026-04-22T13:01:36","slug":"campainha-eletronica-com-fio-4x2","status":"publish","type":"product","link":"https:\/\/www.exatron.com.br\/en\/produtos\/campainha-eletronica-com-fio-4x2\/","title":{"rendered":"Wired Electronic Doorbell, Dual Voltage, 28 Tones, 4x2"},"content":{"rendered":"<h3>Technical Specifications<\/h3>\n<ul>\n<li>Voltage: 100 \u2013 240 V~ 50\/60Hz;<\/li>\n<li>Power consumption: &lt; 1W;<\/li>\n<li>Volume intensity: three adjustable options via touch button;<\/li>\n<li>Ringtone options: 28 ringtone options with selectable polyphonic sounds using a touch button;<\/li>\n<li>Sound intensity: between 50dB and 80dB varying according to the volume and tone selected (Test conditions: height of 1.2m and distance of 2m);<\/li>\n<li>Noise classification: discontinuous;<\/li>\n<li>Sound device type R2: activated by a switch with the sound emission duration according to the selected tone;<\/li>\n<li>Programming memory: after the doorbell is de-energized, the selected sound and volume level remain the same when the device is turned on again;<\/li>\n<li>Installation in a 4x2 box;<\/li>\n<li>Operating temperature: 0\u00b0C to 40\u00b0C;<\/li>\n<li>Composition: plastic components, electronic components and metal alloys;<\/li>\n<li>Warranty: 2 years.<\/li>\n<\/ul>","protected":false},"excerpt":{"rendered":"<p>The Exatron 4x2 Wired Electronic Doorbell (LECO4004) is ideal for residential and commercial use. With its clean design and touch technology, it offers a safer solution while beautifying and harmonizing the environment. It features a list of 28 polyphonic sounds with 3 configurable volume levels.<\/p>\n<p>There are four color options (white, bronze, lead, and matte black) that match a wide variety of environments.<\/p>","protected":false},"featured_media":14655,"comment_status":"open","ping_status":"closed","template":"","meta":{"_acf_changed":false,"_joinchat":[]},"aplicacao":[],"product_brand":[],"product_cat":[312],"product_tag":[823,824,822,825],"class_list":{"0":"post-10524","1":"product","2":"type-product","3":"status-publish","4":"has-post-thumbnail","6":"product_cat-campainhas-musicais-eletronicas","7":"product_tag-campainha","8":"product_tag-campainha-bivolt","9":"product_tag-campainha-com-fio","10":"product_tag-campainha-de-porta","12":"first","13":"instock","14":"shipping-taxable","15":"purchasable","16":"product-type-variable","17":"has-default-attributes"},"acf":[],"yoast_head":"<!-- This site is optimized with the Yoast SEO plugin v27.3 - https:\/\/yoast.com\/product\/yoast-seo-wordpress\/ -->\n<title>Campainha Eletr\u00f4nica com fio Bivolt 28 Toques 4x2 - EXATRON<\/title>\n<meta name=\"description\" content=\"Campainha Eletr\u00f4nica 4x2 com 28 toques polif\u00f4nicos, volume ajust\u00e1vel e design clean. Ideal para resid\u00eancias e com\u00e9rcios - LECO4004!\" \/>\n<meta name=\"robots\" content=\"index, follow, max-snippet:-1, max-image-preview:large, max-video-preview:-1\" \/>\n<link rel=\"canonical\" href=\"https:\/\/www.exatron.com.br\/en\/produtos\/campainha-eletronica-com-fio-4x2\/\" \/>\n<meta property=\"og:locale\" content=\"en_US\" \/>\n<meta property=\"og:type\" content=\"article\" \/>\n<meta property=\"og:title\" content=\"Campainha Eletr\u00f4nica com fio Bivolt 28 Toques 4x2 - EXATRON\" \/>\n<meta property=\"og:description\" content=\"Campainha Eletr\u00f4nica 4x2 com 28 toques polif\u00f4nicos, volume ajust\u00e1vel e design clean. Ideal para resid\u00eancias e com\u00e9rcios - LECO4004!\" \/>\n<meta property=\"og:url\" content=\"https:\/\/www.exatron.com.br\/en\/produtos\/campainha-eletronica-com-fio-4x2\/\" \/>\n<meta property=\"og:site_name\" content=\"EXATRON\" \/>\n<meta property=\"article:modified_time\" content=\"2026-04-22T13:01:36+00:00\" \/>\n<meta property=\"og:image\" content=\"https:\/\/www.exatron.com.br\/wp-content\/uploads\/leco4004br-01.png\" \/>\n\t<meta property=\"og:image:width\" content=\"1200\" \/>\n\t<meta property=\"og:image:height\" content=\"1200\" \/>\n\t<meta property=\"og:image:type\" content=\"image\/png\" \/>\n<meta name=\"twitter:card\" content=\"summary_large_image\" \/>\n<meta name=\"twitter:label1\" content=\"Est. reading time\" \/>\n\t<meta name=\"twitter:data1\" content=\"1 minute\" \/>\n<script type=\"application\/ld+json\" class=\"yoast-schema-graph\">{\"@context\":\"https:\\\/\\\/schema.org\",\"@graph\":[{\"@type\":\"WebPage\",\"@id\":\"https:\\\/\\\/www.exatron.com.br\\\/produtos\\\/campainha-eletronica-com-fio-4x2\\\/\",\"url\":\"https:\\\/\\\/www.exatron.com.br\\\/produtos\\\/campainha-eletronica-com-fio-4x2\\\/\",\"name\":\"Campainha Eletr\u00f4nica com fio Bivolt 28 Toques 4x2 - EXATRON\",\"isPartOf\":{\"@id\":\"https:\\\/\\\/www.exatron.com.br\\\/#website\"},\"primaryImageOfPage\":{\"@id\":\"https:\\\/\\\/www.exatron.com.br\\\/produtos\\\/campainha-eletronica-com-fio-4x2\\\/#primaryimage\"},\"image\":{\"@id\":\"https:\\\/\\\/www.exatron.com.br\\\/produtos\\\/campainha-eletronica-com-fio-4x2\\\/#primaryimage\"},\"thumbnailUrl\":\"https:\\\/\\\/www.exatron.com.br\\\/wp-content\\\/uploads\\\/leco4004br-01.png\",\"datePublished\":\"2025-12-08T15:08:27+00:00\",\"dateModified\":\"2026-04-22T13:01:36+00:00\",\"description\":\"Campainha Eletr\u00f4nica 4x2 com 28 toques polif\u00f4nicos, volume ajust\u00e1vel e design clean. Ideal para resid\u00eancias e com\u00e9rcios - LECO4004!\",\"breadcrumb\":{\"@id\":\"https:\\\/\\\/www.exatron.com.br\\\/produtos\\\/campainha-eletronica-com-fio-4x2\\\/#breadcrumb\"},\"inLanguage\":\"en-US\",\"potentialAction\":[{\"@type\":\"ReadAction\",\"target\":[\"https:\\\/\\\/www.exatron.com.br\\\/produtos\\\/campainha-eletronica-com-fio-4x2\\\/\"]}]},{\"@type\":\"ImageObject\",\"inLanguage\":\"en-US\",\"@id\":\"https:\\\/\\\/www.exatron.com.br\\\/produtos\\\/campainha-eletronica-com-fio-4x2\\\/#primaryimage\",\"url\":\"https:\\\/\\\/www.exatron.com.br\\\/wp-content\\\/uploads\\\/leco4004br-01.png\",\"contentUrl\":\"https:\\\/\\\/www.exatron.com.br\\\/wp-content\\\/uploads\\\/leco4004br-01.png\",\"width\":1200,\"height\":1200,\"caption\":\"Campainha Eletr\u00f4nica com fio Bivolt 28 Toques 4x2\"},{\"@type\":\"BreadcrumbList\",\"@id\":\"https:\\\/\\\/www.exatron.com.br\\\/produtos\\\/campainha-eletronica-com-fio-4x2\\\/#breadcrumb\",\"itemListElement\":[{\"@type\":\"ListItem\",\"position\":1,\"name\":\"In\u00edcio\",\"item\":\"https:\\\/\\\/www.exatron.com.br\\\/\"},{\"@type\":\"ListItem\",\"position\":2,\"name\":\"Loja\",\"item\":\"https:\\\/\\\/www.exatron.com.br\\\/loja\\\/\"},{\"@type\":\"ListItem\",\"position\":3,\"name\":\"Campainha Eletr\u00f4nica com fio Bivolt 28 Toques 4&#215;2\"}]},{\"@type\":\"WebSite\",\"@id\":\"https:\\\/\\\/www.exatron.com.br\\\/#website\",\"url\":\"https:\\\/\\\/www.exatron.com.br\\\/\",\"name\":\"EXATRON\",\"description\":\"\",\"publisher\":{\"@id\":\"https:\\\/\\\/www.exatron.com.br\\\/#organization\"},\"potentialAction\":[{\"@type\":\"SearchAction\",\"target\":{\"@type\":\"EntryPoint\",\"urlTemplate\":\"https:\\\/\\\/www.exatron.com.br\\\/?s={search_term_string}\"},\"query-input\":{\"@type\":\"PropertyValueSpecification\",\"valueRequired\":true,\"valueName\":\"search_term_string\"}}],\"inLanguage\":\"en-US\"},{\"@type\":\"Organization\",\"@id\":\"https:\\\/\\\/www.exatron.com.br\\\/#organization\",\"name\":\"EXATRON\",\"url\":\"https:\\\/\\\/www.exatron.com.br\\\/\",\"logo\":{\"@type\":\"ImageObject\",\"inLanguage\":\"en-US\",\"@id\":\"https:\\\/\\\/www.exatron.com.br\\\/#\\\/schema\\\/logo\\\/image\\\/\",\"url\":\"https:\\\/\\\/www.exatron.com.br\\\/wp-content\\\/uploads\\\/2024\\\/11\\\/default-kit.png\",\"contentUrl\":\"https:\\\/\\\/www.exatron.com.br\\\/wp-content\\\/uploads\\\/2024\\\/11\\\/default-kit.png\",\"width\":956,\"height\":192,\"caption\":\"EXATRON\"},\"image\":{\"@id\":\"https:\\\/\\\/www.exatron.com.br\\\/#\\\/schema\\\/logo\\\/image\\\/\"}}]}<\/script>\n<!-- \/ Yoast SEO plugin. -->","yoast_head_json":{"title":"Campainha Eletr\u00f4nica com fio Bivolt 28 Toques 4x2 - EXATRON","description":"Campainha Eletr\u00f4nica 4x2 com 28 toques polif\u00f4nicos, volume ajust\u00e1vel e design clean. Ideal para resid\u00eancias e com\u00e9rcios - LECO4004!","robots":{"index":"index","follow":"follow","max-snippet":"max-snippet:-1","max-image-preview":"max-image-preview:large","max-video-preview":"max-video-preview:-1"},"canonical":"https:\/\/www.exatron.com.br\/en\/produtos\/campainha-eletronica-com-fio-4x2\/","og_locale":"en_US","og_type":"article","og_title":"Campainha Eletr\u00f4nica com fio Bivolt 28 Toques 4x2 - EXATRON","og_description":"Campainha Eletr\u00f4nica 4x2 com 28 toques polif\u00f4nicos, volume ajust\u00e1vel e design clean. Ideal para resid\u00eancias e com\u00e9rcios - LECO4004!","og_url":"https:\/\/www.exatron.com.br\/en\/produtos\/campainha-eletronica-com-fio-4x2\/","og_site_name":"EXATRON","article_modified_time":"2026-04-22T13:01:36+00:00","og_image":[{"width":1200,"height":1200,"url":"https:\/\/www.exatron.com.br\/wp-content\/uploads\/leco4004br-01.png","type":"image\/png"}],"twitter_card":"summary_large_image","twitter_misc":{"Est. reading time":"1 minute"},"schema":{"@context":"https:\/\/schema.org","@graph":[{"@type":"WebPage","@id":"https:\/\/www.exatron.com.br\/produtos\/campainha-eletronica-com-fio-4x2\/","url":"https:\/\/www.exatron.com.br\/produtos\/campainha-eletronica-com-fio-4x2\/","name":"Campainha Eletr\u00f4nica com fio Bivolt 28 Toques 4x2 - EXATRON","isPartOf":{"@id":"https:\/\/www.exatron.com.br\/#website"},"primaryImageOfPage":{"@id":"https:\/\/www.exatron.com.br\/produtos\/campainha-eletronica-com-fio-4x2\/#primaryimage"},"image":{"@id":"https:\/\/www.exatron.com.br\/produtos\/campainha-eletronica-com-fio-4x2\/#primaryimage"},"thumbnailUrl":"https:\/\/www.exatron.com.br\/wp-content\/uploads\/leco4004br-01.png","datePublished":"2025-12-08T15:08:27+00:00","dateModified":"2026-04-22T13:01:36+00:00","description":"Campainha Eletr\u00f4nica 4x2 com 28 toques polif\u00f4nicos, volume ajust\u00e1vel e design clean. Ideal para resid\u00eancias e com\u00e9rcios - LECO4004!","breadcrumb":{"@id":"https:\/\/www.exatron.com.br\/produtos\/campainha-eletronica-com-fio-4x2\/#breadcrumb"},"inLanguage":"en-US","potentialAction":[{"@type":"ReadAction","target":["https:\/\/www.exatron.com.br\/produtos\/campainha-eletronica-com-fio-4x2\/"]}]},{"@type":"ImageObject","inLanguage":"en-US","@id":"https:\/\/www.exatron.com.br\/produtos\/campainha-eletronica-com-fio-4x2\/#primaryimage","url":"https:\/\/www.exatron.com.br\/wp-content\/uploads\/leco4004br-01.png","contentUrl":"https:\/\/www.exatron.com.br\/wp-content\/uploads\/leco4004br-01.png","width":1200,"height":1200,"caption":"Campainha Eletr\u00f4nica com fio Bivolt 28 Toques 4x2"},{"@type":"BreadcrumbList","@id":"https:\/\/www.exatron.com.br\/produtos\/campainha-eletronica-com-fio-4x2\/#breadcrumb","itemListElement":[{"@type":"ListItem","position":1,"name":"In\u00edcio","item":"https:\/\/www.exatron.com.br\/"},{"@type":"ListItem","position":2,"name":"Loja","item":"https:\/\/www.exatron.com.br\/loja\/"},{"@type":"ListItem","position":3,"name":"Campainha Eletr\u00f4nica com fio Bivolt 28 Toques 4&#215;2"}]},{"@type":"WebSite","@id":"https:\/\/www.exatron.com.br\/#website","url":"https:\/\/www.exatron.com.br\/","name":"EXATRON","description":"","publisher":{"@id":"https:\/\/www.exatron.com.br\/#organization"},"potentialAction":[{"@type":"SearchAction","target":{"@type":"EntryPoint","urlTemplate":"https:\/\/www.exatron.com.br\/?s={search_term_string}"},"query-input":{"@type":"PropertyValueSpecification","valueRequired":true,"valueName":"search_term_string"}}],"inLanguage":"en-US"},{"@type":"Organization","@id":"https:\/\/www.exatron.com.br\/#organization","name":"EXATRON","url":"https:\/\/www.exatron.com.br\/","logo":{"@type":"ImageObject","inLanguage":"en-US","@id":"https:\/\/www.exatron.com.br\/#\/schema\/logo\/image\/","url":"https:\/\/www.exatron.com.br\/wp-content\/uploads\/2024\/11\/default-kit.png","contentUrl":"https:\/\/www.exatron.com.br\/wp-content\/uploads\/2024\/11\/default-kit.png","width":956,"height":192,"caption":"EXATRON"},"image":{"@id":"https:\/\/www.exatron.com.br\/#\/schema\/logo\/image\/"}}]}},"_links":{"self":[{"href":"https:\/\/www.exatron.com.br\/en\/wp-json\/wp\/v2\/product\/10524","targetHints":{"allow":["GET"]}}],"collection":[{"href":"https:\/\/www.exatron.com.br\/en\/wp-json\/wp\/v2\/product"}],"about":[{"href":"https:\/\/www.exatron.com.br\/en\/wp-json\/wp\/v2\/types\/product"}],"replies":[{"embeddable":true,"href":"https:\/\/www.exatron.com.br\/en\/wp-json\/wp\/v2\/comments?post=10524"}],"wp:featuredmedia":[{"embeddable":true,"href":"https:\/\/www.exatron.com.br\/en\/wp-json\/wp\/v2\/media\/14655"}],"wp:attachment":[{"href":"https:\/\/www.exatron.com.br\/en\/wp-json\/wp\/v2\/media?parent=10524"}],"wp:term":[{"taxonomy":"aplicacao","embeddable":true,"href":"https:\/\/www.exatron.com.br\/en\/wp-json\/wp\/v2\/aplicacao?post=10524"},{"taxonomy":"product_brand","embeddable":true,"href":"https:\/\/www.exatron.com.br\/en\/wp-json\/wp\/v2\/product_brand?post=10524"},{"taxonomy":"product_cat","embeddable":true,"href":"https:\/\/www.exatron.com.br\/en\/wp-json\/wp\/v2\/product_cat?post=10524"},{"taxonomy":"product_tag","embeddable":true,"href":"https:\/\/www.exatron.com.br\/en\/wp-json\/wp\/v2\/product_tag?post=10524"}],"curies":[{"name":"wp","href":"https:\/\/api.w.org\/{rel}","templated":true}]}}