{"id":10533,"date":"2025-12-08T15:08:31","date_gmt":"2025-12-08T15:08:31","guid":{"rendered":""},"modified":"2026-04-29T09:22:40","modified_gmt":"2026-04-29T12:22:40","slug":"modulo-1-3-interruptor-pulsador-campainha","status":"publish","type":"product","link":"https:\/\/www.exatron.com.br\/en\/produtos\/modulo-1-3-interruptor-pulsador-campainha\/","title":{"rendered":"Module 1\/3 Pushbutton Switch for Doorbell"},"content":{"rendered":"<h3>Technical Specifications<\/h3>\n<ul>\n<li>Acabamento: Branco Alto Brilho &#8211; N\u00e3o adere poeira;<\/li>\n<li>Compatibilidade: Linha El\u00e9trica MyX Exatron;<\/li>\n<li>Fixa\u00e7\u00e3o dos condutores:\u00a0 Borne Parafuso;<\/li>\n<li>Interruptor pulsador campainha 10A\/250V (sino gravado);<\/li>\n<li>Se\u00e7\u00e3o de cabo suportada:\u00a0 De 1,5 a 2,5 mm;<\/li>\n<li>Material de fabrica\u00e7\u00e3o:\u00a0 Nylon aditivado + ABS + Policarbonato. Contatos el\u00e9tricos de ligas de cobre e prata;<\/li>\n<li>Prote\u00e7\u00e3o contra Raios UV &#8211; N\u00e3o altera a cor;<\/li>\n<li>Prote\u00e7\u00e3o antichamas &#8211; N\u00e3o propaga chama;<\/li>\n<li>Tipo de Produto:\u00a0 Padr\u00e3o;<\/li>\n<li>Garantia: 05 anos.<\/li>\n<\/ul>\n<figure class=\"image\"><img decoding=\"async\" src=\"https:\/\/www.exatron.com.br\/storage\/editor\/lechxBXNQFaAjFPNCWqYYnbk9akmPbN5ionhePjc.gif\" \/><figcaption>Produto certificado de acordo com a Portaria Inmetro n\u00b0 28 de 21\/01\/2022.<\/figcaption><\/figure>","protected":false},"excerpt":{"rendered":"<p>A Linha El\u00e9trica MyX da Exatron destaca-se pelo seu design, qualidade e praticidade. Ela pode ser montada de acordo com a sua necessidade, s\u00e3o mais de 15 m\u00f3dulos dispon\u00edveis para a composi\u00e7\u00e3o. Produzido em ABS com acabamento brilho, tem toda sua produ\u00e7\u00e3o realizada pela Exatron.<\/p>\n<p>Estrutura refor\u00e7ada garante que o produto n\u00e3o se deforme ao ser instalado. O ajuste de posi\u00e7\u00e3o ainda permite que voc\u00ea instale corretamente os seus produtos.<\/p>\n<p>Todos os produtos da Linha El\u00e9trica MyX s\u00e3o intercambi\u00e1veis entre si. Os engates inteligentes facilitam na hora de alterar as composi\u00e7\u00f5es, dispensando a utiliza\u00e7\u00e3o de ferramentas.<\/p>\n<p>Os produtos MyX foram projetados para facilitar o seu uso, garantindo a ergonomia e ainda possuem acabamento refinado.<\/p>\n<p>A linha MyX ainda tem uma excelente durabilidade, com rigorosos testes, podemos garantir que os produtos ter\u00e3o uma longa vida \u00fatil em sua casa.<\/p>","protected":false},"featured_media":11619,"comment_status":"open","ping_status":"closed","template":"","meta":{"_acf_changed":false,"_joinchat":[]},"aplicacao":[],"product_brand":[],"product_cat":[325,373],"product_tag":[1004,1025,1028,1030],"class_list":{"0":"post-10533","1":"product","2":"type-product","3":"status-publish","4":"has-post-thumbnail","6":"product_cat-linha-eletrica","7":"product_cat-modulos","8":"product_tag-linha-eletrica","9":"product_tag-modulo-1-3","10":"product_tag-modulo-linha-eletrica","11":"product_tag-pulsador","13":"first","14":"instock","15":"shipping-taxable","16":"purchasable","17":"product-type-simple"},"acf":[],"yoast_head":"<!-- This site is optimized with the Yoast SEO plugin v27.3 - https:\/\/yoast.com\/product\/yoast-seo-wordpress\/ -->\n<title>M\u00f3dulo 1\/3 Interruptor Pulsador para Campainha - EXATRON<\/title>\n<meta name=\"description\" content=\"M\u00f3dulo 1\/3 Interruptor Pulsador Campainha (LEMO4011): Interruptor pulsador com s\u00edmbolo de sino gravado. Ideal para sistemas de campainha em ambientes modernos.\" \/>\n<meta name=\"robots\" content=\"index, follow, max-snippet:-1, max-image-preview:large, max-video-preview:-1\" \/>\n<link rel=\"canonical\" href=\"https:\/\/www.exatron.com.br\/en\/produtos\/modulo-1-3-interruptor-pulsador-campainha\/\" \/>\n<meta property=\"og:locale\" content=\"en_US\" \/>\n<meta property=\"og:type\" content=\"article\" \/>\n<meta property=\"og:title\" content=\"M\u00f3dulo 1\/3 Interruptor Pulsador para Campainha - EXATRON\" \/>\n<meta property=\"og:description\" content=\"M\u00f3dulo 1\/3 Interruptor Pulsador Campainha (LEMO4011): Interruptor pulsador com s\u00edmbolo de sino gravado. Ideal para sistemas de campainha em ambientes modernos.\" \/>\n<meta property=\"og:url\" content=\"https:\/\/www.exatron.com.br\/en\/produtos\/modulo-1-3-interruptor-pulsador-campainha\/\" \/>\n<meta property=\"og:site_name\" content=\"EXATRON\" \/>\n<meta property=\"article:modified_time\" content=\"2026-04-29T12:22:40+00:00\" \/>\n<meta property=\"og:image\" content=\"https:\/\/www.exatron.com.br\/wp-content\/uploads\/2025\/10\/modulo-1-3-interruptor-pulsador-para-campainha.png\" \/>\n\t<meta property=\"og:image:width\" content=\"1080\" \/>\n\t<meta property=\"og:image:height\" content=\"1080\" \/>\n\t<meta property=\"og:image:type\" content=\"image\/png\" \/>\n<meta name=\"twitter:card\" content=\"summary_large_image\" \/>\n<meta name=\"twitter:label1\" content=\"Est. reading time\" \/>\n\t<meta name=\"twitter:data1\" content=\"1 minute\" \/>\n<script type=\"application\/ld+json\" class=\"yoast-schema-graph\">{\"@context\":\"https:\\\/\\\/schema.org\",\"@graph\":[{\"@type\":\"WebPage\",\"@id\":\"https:\\\/\\\/www.exatron.com.br\\\/produtos\\\/modulo-1-3-interruptor-pulsador-campainha\\\/\",\"url\":\"https:\\\/\\\/www.exatron.com.br\\\/produtos\\\/modulo-1-3-interruptor-pulsador-campainha\\\/\",\"name\":\"M\u00f3dulo 1\\\/3 Interruptor Pulsador para Campainha - EXATRON\",\"isPartOf\":{\"@id\":\"https:\\\/\\\/www.exatron.com.br\\\/#website\"},\"primaryImageOfPage\":{\"@id\":\"https:\\\/\\\/www.exatron.com.br\\\/produtos\\\/modulo-1-3-interruptor-pulsador-campainha\\\/#primaryimage\"},\"image\":{\"@id\":\"https:\\\/\\\/www.exatron.com.br\\\/produtos\\\/modulo-1-3-interruptor-pulsador-campainha\\\/#primaryimage\"},\"thumbnailUrl\":\"https:\\\/\\\/www.exatron.com.br\\\/wp-content\\\/uploads\\\/2025\\\/10\\\/modulo-1-3-interruptor-pulsador-para-campainha.png\",\"datePublished\":\"2025-12-08T15:08:31+00:00\",\"dateModified\":\"2026-04-29T12:22:40+00:00\",\"description\":\"M\u00f3dulo 1\\\/3 Interruptor Pulsador Campainha (LEMO4011): Interruptor pulsador com s\u00edmbolo de sino gravado. Ideal para sistemas de campainha em ambientes modernos.\",\"breadcrumb\":{\"@id\":\"https:\\\/\\\/www.exatron.com.br\\\/produtos\\\/modulo-1-3-interruptor-pulsador-campainha\\\/#breadcrumb\"},\"inLanguage\":\"en-US\",\"potentialAction\":[{\"@type\":\"ReadAction\",\"target\":[\"https:\\\/\\\/www.exatron.com.br\\\/produtos\\\/modulo-1-3-interruptor-pulsador-campainha\\\/\"]}]},{\"@type\":\"ImageObject\",\"inLanguage\":\"en-US\",\"@id\":\"https:\\\/\\\/www.exatron.com.br\\\/produtos\\\/modulo-1-3-interruptor-pulsador-campainha\\\/#primaryimage\",\"url\":\"https:\\\/\\\/www.exatron.com.br\\\/wp-content\\\/uploads\\\/2025\\\/10\\\/modulo-1-3-interruptor-pulsador-para-campainha.png\",\"contentUrl\":\"https:\\\/\\\/www.exatron.com.br\\\/wp-content\\\/uploads\\\/2025\\\/10\\\/modulo-1-3-interruptor-pulsador-para-campainha.png\",\"width\":1080,\"height\":1080,\"caption\":\"M\u00f3dulo 1\\\/3 Interruptor Pulsador para Campainha\"},{\"@type\":\"BreadcrumbList\",\"@id\":\"https:\\\/\\\/www.exatron.com.br\\\/produtos\\\/modulo-1-3-interruptor-pulsador-campainha\\\/#breadcrumb\",\"itemListElement\":[{\"@type\":\"ListItem\",\"position\":1,\"name\":\"In\u00edcio\",\"item\":\"https:\\\/\\\/www.exatron.com.br\\\/\"},{\"@type\":\"ListItem\",\"position\":2,\"name\":\"Loja\",\"item\":\"https:\\\/\\\/www.exatron.com.br\\\/loja\\\/\"},{\"@type\":\"ListItem\",\"position\":3,\"name\":\"M\u00f3dulo 1\\\/3 Interruptor Pulsador para Campainha\"}]},{\"@type\":\"WebSite\",\"@id\":\"https:\\\/\\\/www.exatron.com.br\\\/#website\",\"url\":\"https:\\\/\\\/www.exatron.com.br\\\/\",\"name\":\"EXATRON\",\"description\":\"\",\"publisher\":{\"@id\":\"https:\\\/\\\/www.exatron.com.br\\\/#organization\"},\"potentialAction\":[{\"@type\":\"SearchAction\",\"target\":{\"@type\":\"EntryPoint\",\"urlTemplate\":\"https:\\\/\\\/www.exatron.com.br\\\/?s={search_term_string}\"},\"query-input\":{\"@type\":\"PropertyValueSpecification\",\"valueRequired\":true,\"valueName\":\"search_term_string\"}}],\"inLanguage\":\"en-US\"},{\"@type\":\"Organization\",\"@id\":\"https:\\\/\\\/www.exatron.com.br\\\/#organization\",\"name\":\"EXATRON\",\"url\":\"https:\\\/\\\/www.exatron.com.br\\\/\",\"logo\":{\"@type\":\"ImageObject\",\"inLanguage\":\"en-US\",\"@id\":\"https:\\\/\\\/www.exatron.com.br\\\/#\\\/schema\\\/logo\\\/image\\\/\",\"url\":\"https:\\\/\\\/www.exatron.com.br\\\/wp-content\\\/uploads\\\/2024\\\/11\\\/default-kit.png\",\"contentUrl\":\"https:\\\/\\\/www.exatron.com.br\\\/wp-content\\\/uploads\\\/2024\\\/11\\\/default-kit.png\",\"width\":956,\"height\":192,\"caption\":\"EXATRON\"},\"image\":{\"@id\":\"https:\\\/\\\/www.exatron.com.br\\\/#\\\/schema\\\/logo\\\/image\\\/\"}}]}<\/script>\n<!-- \/ Yoast SEO plugin. -->","yoast_head_json":{"title":"M\u00f3dulo 1\/3 Interruptor Pulsador para Campainha - EXATRON","description":"M\u00f3dulo 1\/3 Interruptor Pulsador Campainha (LEMO4011): Interruptor pulsador com s\u00edmbolo de sino gravado. Ideal para sistemas de campainha em ambientes modernos.","robots":{"index":"index","follow":"follow","max-snippet":"max-snippet:-1","max-image-preview":"max-image-preview:large","max-video-preview":"max-video-preview:-1"},"canonical":"https:\/\/www.exatron.com.br\/en\/produtos\/modulo-1-3-interruptor-pulsador-campainha\/","og_locale":"en_US","og_type":"article","og_title":"M\u00f3dulo 1\/3 Interruptor Pulsador para Campainha - EXATRON","og_description":"M\u00f3dulo 1\/3 Interruptor Pulsador Campainha (LEMO4011): Interruptor pulsador com s\u00edmbolo de sino gravado. Ideal para sistemas de campainha em ambientes modernos.","og_url":"https:\/\/www.exatron.com.br\/en\/produtos\/modulo-1-3-interruptor-pulsador-campainha\/","og_site_name":"EXATRON","article_modified_time":"2026-04-29T12:22:40+00:00","og_image":[{"width":1080,"height":1080,"url":"https:\/\/www.exatron.com.br\/wp-content\/uploads\/2025\/10\/modulo-1-3-interruptor-pulsador-para-campainha.png","type":"image\/png"}],"twitter_card":"summary_large_image","twitter_misc":{"Est. reading time":"1 minute"},"schema":{"@context":"https:\/\/schema.org","@graph":[{"@type":"WebPage","@id":"https:\/\/www.exatron.com.br\/produtos\/modulo-1-3-interruptor-pulsador-campainha\/","url":"https:\/\/www.exatron.com.br\/produtos\/modulo-1-3-interruptor-pulsador-campainha\/","name":"M\u00f3dulo 1\/3 Interruptor Pulsador para Campainha - EXATRON","isPartOf":{"@id":"https:\/\/www.exatron.com.br\/#website"},"primaryImageOfPage":{"@id":"https:\/\/www.exatron.com.br\/produtos\/modulo-1-3-interruptor-pulsador-campainha\/#primaryimage"},"image":{"@id":"https:\/\/www.exatron.com.br\/produtos\/modulo-1-3-interruptor-pulsador-campainha\/#primaryimage"},"thumbnailUrl":"https:\/\/www.exatron.com.br\/wp-content\/uploads\/2025\/10\/modulo-1-3-interruptor-pulsador-para-campainha.png","datePublished":"2025-12-08T15:08:31+00:00","dateModified":"2026-04-29T12:22:40+00:00","description":"M\u00f3dulo 1\/3 Interruptor Pulsador Campainha (LEMO4011): Interruptor pulsador com s\u00edmbolo de sino gravado. Ideal para sistemas de campainha em ambientes modernos.","breadcrumb":{"@id":"https:\/\/www.exatron.com.br\/produtos\/modulo-1-3-interruptor-pulsador-campainha\/#breadcrumb"},"inLanguage":"en-US","potentialAction":[{"@type":"ReadAction","target":["https:\/\/www.exatron.com.br\/produtos\/modulo-1-3-interruptor-pulsador-campainha\/"]}]},{"@type":"ImageObject","inLanguage":"en-US","@id":"https:\/\/www.exatron.com.br\/produtos\/modulo-1-3-interruptor-pulsador-campainha\/#primaryimage","url":"https:\/\/www.exatron.com.br\/wp-content\/uploads\/2025\/10\/modulo-1-3-interruptor-pulsador-para-campainha.png","contentUrl":"https:\/\/www.exatron.com.br\/wp-content\/uploads\/2025\/10\/modulo-1-3-interruptor-pulsador-para-campainha.png","width":1080,"height":1080,"caption":"M\u00f3dulo 1\/3 Interruptor Pulsador para Campainha"},{"@type":"BreadcrumbList","@id":"https:\/\/www.exatron.com.br\/produtos\/modulo-1-3-interruptor-pulsador-campainha\/#breadcrumb","itemListElement":[{"@type":"ListItem","position":1,"name":"In\u00edcio","item":"https:\/\/www.exatron.com.br\/"},{"@type":"ListItem","position":2,"name":"Loja","item":"https:\/\/www.exatron.com.br\/loja\/"},{"@type":"ListItem","position":3,"name":"M\u00f3dulo 1\/3 Interruptor Pulsador para Campainha"}]},{"@type":"WebSite","@id":"https:\/\/www.exatron.com.br\/#website","url":"https:\/\/www.exatron.com.br\/","name":"EXATRON","description":"","publisher":{"@id":"https:\/\/www.exatron.com.br\/#organization"},"potentialAction":[{"@type":"SearchAction","target":{"@type":"EntryPoint","urlTemplate":"https:\/\/www.exatron.com.br\/?s={search_term_string}"},"query-input":{"@type":"PropertyValueSpecification","valueRequired":true,"valueName":"search_term_string"}}],"inLanguage":"en-US"},{"@type":"Organization","@id":"https:\/\/www.exatron.com.br\/#organization","name":"EXATRON","url":"https:\/\/www.exatron.com.br\/","logo":{"@type":"ImageObject","inLanguage":"en-US","@id":"https:\/\/www.exatron.com.br\/#\/schema\/logo\/image\/","url":"https:\/\/www.exatron.com.br\/wp-content\/uploads\/2024\/11\/default-kit.png","contentUrl":"https:\/\/www.exatron.com.br\/wp-content\/uploads\/2024\/11\/default-kit.png","width":956,"height":192,"caption":"EXATRON"},"image":{"@id":"https:\/\/www.exatron.com.br\/#\/schema\/logo\/image\/"}}]}},"_links":{"self":[{"href":"https:\/\/www.exatron.com.br\/en\/wp-json\/wp\/v2\/product\/10533","targetHints":{"allow":["GET"]}}],"collection":[{"href":"https:\/\/www.exatron.com.br\/en\/wp-json\/wp\/v2\/product"}],"about":[{"href":"https:\/\/www.exatron.com.br\/en\/wp-json\/wp\/v2\/types\/product"}],"replies":[{"embeddable":true,"href":"https:\/\/www.exatron.com.br\/en\/wp-json\/wp\/v2\/comments?post=10533"}],"wp:featuredmedia":[{"embeddable":true,"href":"https:\/\/www.exatron.com.br\/en\/wp-json\/wp\/v2\/media\/11619"}],"wp:attachment":[{"href":"https:\/\/www.exatron.com.br\/en\/wp-json\/wp\/v2\/media?parent=10533"}],"wp:term":[{"taxonomy":"aplicacao","embeddable":true,"href":"https:\/\/www.exatron.com.br\/en\/wp-json\/wp\/v2\/aplicacao?post=10533"},{"taxonomy":"product_brand","embeddable":true,"href":"https:\/\/www.exatron.com.br\/en\/wp-json\/wp\/v2\/product_brand?post=10533"},{"taxonomy":"product_cat","embeddable":true,"href":"https:\/\/www.exatron.com.br\/en\/wp-json\/wp\/v2\/product_cat?post=10533"},{"taxonomy":"product_tag","embeddable":true,"href":"https:\/\/www.exatron.com.br\/en\/wp-json\/wp\/v2\/product_tag?post=10533"}],"curies":[{"name":"wp","href":"https:\/\/api.w.org\/{rel}","templated":true}]}}