{"id":10540,"date":"2025-12-08T15:08:31","date_gmt":"2025-12-08T15:08:31","guid":{"rendered":""},"modified":"2026-04-23T11:43:53","modified_gmt":"2026-04-23T14:43:53","slug":"modulo-1-3-interruptor-dimmer-touch","status":"publish","type":"product","link":"https:\/\/www.exatron.com.br\/en\/produtos\/modulo-1-3-interruptor-dimmer-touch\/","title":{"rendered":"Module 1\/3 Touch Dimmer Switch"},"content":{"rendered":"<h3>Technical Specifications<\/h3>\n<ul>\n<li>Tens\u00e3o de alimenta\u00e7\u00e3o: 100-240V~50\/60Hz;<\/li>\n<li>Consumo: 0,5W;<\/li>\n<li>Possui indica\u00e7\u00e3o luminosa para localiza\u00e7\u00e3o em ambientes escuros;<\/li>\n<li>Fun\u00e7\u00e3o interruptor: Liga e desliga atrav\u00e9s de toque;<\/li>\n<li>Fun\u00e7\u00e3o dimmer;<\/li>\n<li>Fun\u00e7\u00e3o timer: mant\u00e9m a carga acionada por 1 hora;<\/li>\n<li>Conectron: tr\u00eas fios;<\/li>\n<li>Possui fun\u00e7\u00e3o exclusiva que identifica a carga. Em caso de carga eletr\u00f4nica dimeriz\u00e1vel \u00e9 poss\u00edvel habilitar fun\u00e7\u00e3o espec\u00edfica para dimeriza\u00e7\u00e3o;<\/li>\n<li>Se ligados em paralelo funcionam em modo chave hotel;<\/li>\n<li>Em modo chave hotel o \u00faltimo estado configurado do dimmer ser\u00e1 memorizado;<\/li>\n<li>Garantia: 02 anos<\/li>\n<li>Pot\u00eancia de Comando:<\/li>\n<\/ul>\n<figure class=\"table\">\n<table style=\"height: 164px\" width=\"563\">\n<tbody>\n<tr>\n<td style=\"text-align: center\"><strong>Voltage<\/strong><\/td>\n<td style=\"text-align: center\"><strong>L\u00e2mpadas LED\/Eletr\u00f4nica\/<\/strong><strong>Halogen<\/strong><\/td>\n<td style=\"text-align: center\"><strong>Motores<\/strong><\/td>\n<\/tr>\n<tr>\n<td style=\"text-align: center\">127V<\/td>\n<td style=\"text-align: center\">120W<\/td>\n<td style=\"text-align: center\">80W<\/td>\n<\/tr>\n<tr>\n<td style=\"text-align: center\">220V<\/td>\n<td style=\"text-align: center\">220W<\/td>\n<td style=\"text-align: center\">120W<\/td>\n<\/tr>\n<\/tbody>\n<\/table>\n<\/figure>","protected":false},"excerpt":{"rendered":"<p>O M\u00f3dulo Interruptor Dimmer Touch (LEMO4000) propicia o controle gradual de cargas compat\u00edveis com dimeriza\u00e7\u00e3o, permitindo o ajuste de m\u00ednimo at\u00e9 a m\u00e1xima da pot\u00eancia de l\u00e2mpadas incandescentes, hal\u00f3genas, eletr\u00f4nicas, LED e motores de ventiladores de teto, proporcionando um ambiente mais agrad\u00e1vel, economia de energia e maior vida \u00fatil dos equipamentos. \u00c9 ideal para o controle de ilumina\u00e7\u00e3o e de ventiladores de teto em hall de entrada, dormit\u00f3rio, banheiro e demais ambientes internos de resid\u00eancias, escrit\u00f3rios e hot\u00e9is.<\/p>","protected":false},"featured_media":9900,"comment_status":"open","ping_status":"closed","template":"","meta":{"_acf_changed":false,"_joinchat":[]},"aplicacao":[],"product_brand":[],"product_cat":[313,325,373],"product_tag":[1005,1006,1007],"class_list":{"0":"post-10540","1":"product","2":"type-product","3":"status-publish","4":"has-post-thumbnail","6":"product_cat-dimmer-1","7":"product_cat-linha-eletrica","8":"product_cat-modulos","9":"product_tag-dimmer","10":"product_tag-dimmer-touch","11":"product_tag-modulo-dimmer","13":"first","14":"instock","15":"shipping-taxable","16":"purchasable","17":"product-type-variable","18":"has-default-attributes"},"acf":[],"yoast_head":"<!-- This site is optimized with the Yoast SEO plugin v27.3 - https:\/\/yoast.com\/product\/yoast-seo-wordpress\/ -->\n<title>M\u00f3dulo 1\/3 Interruptor Dimmer Touch - EXATRON<\/title>\n<meta name=\"description\" content=\"M\u00f3dulo Dimmer Touch 1\/3 (LEMO4000): Controle ilumina\u00e7\u00e3o e ventiladores com o Dimmer Touch. Economia de energia e ambiente personalizado.\" \/>\n<meta name=\"robots\" content=\"index, follow, max-snippet:-1, max-image-preview:large, max-video-preview:-1\" \/>\n<link rel=\"canonical\" href=\"https:\/\/www.exatron.com.br\/en\/produtos\/modulo-1-3-interruptor-dimmer-touch\/\" \/>\n<meta property=\"og:locale\" content=\"en_US\" \/>\n<meta property=\"og:type\" content=\"article\" \/>\n<meta property=\"og:title\" content=\"M\u00f3dulo 1\/3 Interruptor Dimmer Touch - EXATRON\" \/>\n<meta property=\"og:description\" content=\"M\u00f3dulo Dimmer Touch 1\/3 (LEMO4000): Controle ilumina\u00e7\u00e3o e ventiladores com o Dimmer Touch. Economia de energia e ambiente personalizado.\" \/>\n<meta property=\"og:url\" content=\"https:\/\/www.exatron.com.br\/en\/produtos\/modulo-1-3-interruptor-dimmer-touch\/\" \/>\n<meta property=\"og:site_name\" content=\"EXATRON\" \/>\n<meta property=\"article:modified_time\" content=\"2026-04-23T14:43:53+00:00\" \/>\n<meta property=\"og:image\" content=\"https:\/\/www.exatron.com.br\/wp-content\/uploads\/2025\/12\/s0a5fppecoydnfrbwiq6x3fkjwac2fnapopgco5a.png\" \/>\n\t<meta property=\"og:image:width\" content=\"1080\" \/>\n\t<meta property=\"og:image:height\" content=\"1080\" \/>\n\t<meta property=\"og:image:type\" content=\"image\/png\" \/>\n<meta name=\"twitter:card\" content=\"summary_large_image\" \/>\n<meta name=\"twitter:label1\" content=\"Est. reading time\" \/>\n\t<meta name=\"twitter:data1\" content=\"1 minute\" \/>\n<script type=\"application\/ld+json\" class=\"yoast-schema-graph\">{\"@context\":\"https:\\\/\\\/schema.org\",\"@graph\":[{\"@type\":\"WebPage\",\"@id\":\"https:\\\/\\\/www.exatron.com.br\\\/produtos\\\/modulo-1-3-interruptor-dimmer-touch\\\/\",\"url\":\"https:\\\/\\\/www.exatron.com.br\\\/produtos\\\/modulo-1-3-interruptor-dimmer-touch\\\/\",\"name\":\"M\u00f3dulo 1\\\/3 Interruptor Dimmer Touch - EXATRON\",\"isPartOf\":{\"@id\":\"https:\\\/\\\/www.exatron.com.br\\\/#website\"},\"primaryImageOfPage\":{\"@id\":\"https:\\\/\\\/www.exatron.com.br\\\/produtos\\\/modulo-1-3-interruptor-dimmer-touch\\\/#primaryimage\"},\"image\":{\"@id\":\"https:\\\/\\\/www.exatron.com.br\\\/produtos\\\/modulo-1-3-interruptor-dimmer-touch\\\/#primaryimage\"},\"thumbnailUrl\":\"https:\\\/\\\/www.exatron.com.br\\\/wp-content\\\/uploads\\\/2025\\\/12\\\/s0a5fppecoydnfrbwiq6x3fkjwac2fnapopgco5a.png\",\"datePublished\":\"2025-12-08T15:08:31+00:00\",\"dateModified\":\"2026-04-23T14:43:53+00:00\",\"description\":\"M\u00f3dulo Dimmer Touch 1\\\/3 (LEMO4000): Controle ilumina\u00e7\u00e3o e ventiladores com o Dimmer Touch. Economia de energia e ambiente personalizado.\",\"breadcrumb\":{\"@id\":\"https:\\\/\\\/www.exatron.com.br\\\/produtos\\\/modulo-1-3-interruptor-dimmer-touch\\\/#breadcrumb\"},\"inLanguage\":\"en-US\",\"potentialAction\":[{\"@type\":\"ReadAction\",\"target\":[\"https:\\\/\\\/www.exatron.com.br\\\/produtos\\\/modulo-1-3-interruptor-dimmer-touch\\\/\"]}]},{\"@type\":\"ImageObject\",\"inLanguage\":\"en-US\",\"@id\":\"https:\\\/\\\/www.exatron.com.br\\\/produtos\\\/modulo-1-3-interruptor-dimmer-touch\\\/#primaryimage\",\"url\":\"https:\\\/\\\/www.exatron.com.br\\\/wp-content\\\/uploads\\\/2025\\\/12\\\/s0a5fppecoydnfrbwiq6x3fkjwac2fnapopgco5a.png\",\"contentUrl\":\"https:\\\/\\\/www.exatron.com.br\\\/wp-content\\\/uploads\\\/2025\\\/12\\\/s0a5fppecoydnfrbwiq6x3fkjwac2fnapopgco5a.png\",\"width\":1080,\"height\":1080,\"caption\":\"S0a5fppecoydnfrbwiq6x3fkjwac2fnapopgco5a\"},{\"@type\":\"BreadcrumbList\",\"@id\":\"https:\\\/\\\/www.exatron.com.br\\\/produtos\\\/modulo-1-3-interruptor-dimmer-touch\\\/#breadcrumb\",\"itemListElement\":[{\"@type\":\"ListItem\",\"position\":1,\"name\":\"In\u00edcio\",\"item\":\"https:\\\/\\\/www.exatron.com.br\\\/\"},{\"@type\":\"ListItem\",\"position\":2,\"name\":\"Loja\",\"item\":\"https:\\\/\\\/www.exatron.com.br\\\/loja\\\/\"},{\"@type\":\"ListItem\",\"position\":3,\"name\":\"M\u00f3dulo 1\\\/3 Interruptor Dimmer Touch\"}]},{\"@type\":\"WebSite\",\"@id\":\"https:\\\/\\\/www.exatron.com.br\\\/#website\",\"url\":\"https:\\\/\\\/www.exatron.com.br\\\/\",\"name\":\"EXATRON\",\"description\":\"\",\"publisher\":{\"@id\":\"https:\\\/\\\/www.exatron.com.br\\\/#organization\"},\"potentialAction\":[{\"@type\":\"SearchAction\",\"target\":{\"@type\":\"EntryPoint\",\"urlTemplate\":\"https:\\\/\\\/www.exatron.com.br\\\/?s={search_term_string}\"},\"query-input\":{\"@type\":\"PropertyValueSpecification\",\"valueRequired\":true,\"valueName\":\"search_term_string\"}}],\"inLanguage\":\"en-US\"},{\"@type\":\"Organization\",\"@id\":\"https:\\\/\\\/www.exatron.com.br\\\/#organization\",\"name\":\"EXATRON\",\"url\":\"https:\\\/\\\/www.exatron.com.br\\\/\",\"logo\":{\"@type\":\"ImageObject\",\"inLanguage\":\"en-US\",\"@id\":\"https:\\\/\\\/www.exatron.com.br\\\/#\\\/schema\\\/logo\\\/image\\\/\",\"url\":\"https:\\\/\\\/www.exatron.com.br\\\/wp-content\\\/uploads\\\/2024\\\/11\\\/default-kit.png\",\"contentUrl\":\"https:\\\/\\\/www.exatron.com.br\\\/wp-content\\\/uploads\\\/2024\\\/11\\\/default-kit.png\",\"width\":956,\"height\":192,\"caption\":\"EXATRON\"},\"image\":{\"@id\":\"https:\\\/\\\/www.exatron.com.br\\\/#\\\/schema\\\/logo\\\/image\\\/\"}}]}<\/script>\n<!-- \/ Yoast SEO plugin. -->","yoast_head_json":{"title":"M\u00f3dulo 1\/3 Interruptor Dimmer Touch - EXATRON","description":"M\u00f3dulo Dimmer Touch 1\/3 (LEMO4000): Controle ilumina\u00e7\u00e3o e ventiladores com o Dimmer Touch. Economia de energia e ambiente personalizado.","robots":{"index":"index","follow":"follow","max-snippet":"max-snippet:-1","max-image-preview":"max-image-preview:large","max-video-preview":"max-video-preview:-1"},"canonical":"https:\/\/www.exatron.com.br\/en\/produtos\/modulo-1-3-interruptor-dimmer-touch\/","og_locale":"en_US","og_type":"article","og_title":"M\u00f3dulo 1\/3 Interruptor Dimmer Touch - EXATRON","og_description":"M\u00f3dulo Dimmer Touch 1\/3 (LEMO4000): Controle ilumina\u00e7\u00e3o e ventiladores com o Dimmer Touch. Economia de energia e ambiente personalizado.","og_url":"https:\/\/www.exatron.com.br\/en\/produtos\/modulo-1-3-interruptor-dimmer-touch\/","og_site_name":"EXATRON","article_modified_time":"2026-04-23T14:43:53+00:00","og_image":[{"width":1080,"height":1080,"url":"https:\/\/www.exatron.com.br\/wp-content\/uploads\/2025\/12\/s0a5fppecoydnfrbwiq6x3fkjwac2fnapopgco5a.png","type":"image\/png"}],"twitter_card":"summary_large_image","twitter_misc":{"Est. reading time":"1 minute"},"schema":{"@context":"https:\/\/schema.org","@graph":[{"@type":"WebPage","@id":"https:\/\/www.exatron.com.br\/produtos\/modulo-1-3-interruptor-dimmer-touch\/","url":"https:\/\/www.exatron.com.br\/produtos\/modulo-1-3-interruptor-dimmer-touch\/","name":"M\u00f3dulo 1\/3 Interruptor Dimmer Touch - EXATRON","isPartOf":{"@id":"https:\/\/www.exatron.com.br\/#website"},"primaryImageOfPage":{"@id":"https:\/\/www.exatron.com.br\/produtos\/modulo-1-3-interruptor-dimmer-touch\/#primaryimage"},"image":{"@id":"https:\/\/www.exatron.com.br\/produtos\/modulo-1-3-interruptor-dimmer-touch\/#primaryimage"},"thumbnailUrl":"https:\/\/www.exatron.com.br\/wp-content\/uploads\/2025\/12\/s0a5fppecoydnfrbwiq6x3fkjwac2fnapopgco5a.png","datePublished":"2025-12-08T15:08:31+00:00","dateModified":"2026-04-23T14:43:53+00:00","description":"M\u00f3dulo Dimmer Touch 1\/3 (LEMO4000): Controle ilumina\u00e7\u00e3o e ventiladores com o Dimmer Touch. Economia de energia e ambiente personalizado.","breadcrumb":{"@id":"https:\/\/www.exatron.com.br\/produtos\/modulo-1-3-interruptor-dimmer-touch\/#breadcrumb"},"inLanguage":"en-US","potentialAction":[{"@type":"ReadAction","target":["https:\/\/www.exatron.com.br\/produtos\/modulo-1-3-interruptor-dimmer-touch\/"]}]},{"@type":"ImageObject","inLanguage":"en-US","@id":"https:\/\/www.exatron.com.br\/produtos\/modulo-1-3-interruptor-dimmer-touch\/#primaryimage","url":"https:\/\/www.exatron.com.br\/wp-content\/uploads\/2025\/12\/s0a5fppecoydnfrbwiq6x3fkjwac2fnapopgco5a.png","contentUrl":"https:\/\/www.exatron.com.br\/wp-content\/uploads\/2025\/12\/s0a5fppecoydnfrbwiq6x3fkjwac2fnapopgco5a.png","width":1080,"height":1080,"caption":"S0a5fppecoydnfrbwiq6x3fkjwac2fnapopgco5a"},{"@type":"BreadcrumbList","@id":"https:\/\/www.exatron.com.br\/produtos\/modulo-1-3-interruptor-dimmer-touch\/#breadcrumb","itemListElement":[{"@type":"ListItem","position":1,"name":"In\u00edcio","item":"https:\/\/www.exatron.com.br\/"},{"@type":"ListItem","position":2,"name":"Loja","item":"https:\/\/www.exatron.com.br\/loja\/"},{"@type":"ListItem","position":3,"name":"M\u00f3dulo 1\/3 Interruptor Dimmer Touch"}]},{"@type":"WebSite","@id":"https:\/\/www.exatron.com.br\/#website","url":"https:\/\/www.exatron.com.br\/","name":"EXATRON","description":"","publisher":{"@id":"https:\/\/www.exatron.com.br\/#organization"},"potentialAction":[{"@type":"SearchAction","target":{"@type":"EntryPoint","urlTemplate":"https:\/\/www.exatron.com.br\/?s={search_term_string}"},"query-input":{"@type":"PropertyValueSpecification","valueRequired":true,"valueName":"search_term_string"}}],"inLanguage":"en-US"},{"@type":"Organization","@id":"https:\/\/www.exatron.com.br\/#organization","name":"EXATRON","url":"https:\/\/www.exatron.com.br\/","logo":{"@type":"ImageObject","inLanguage":"en-US","@id":"https:\/\/www.exatron.com.br\/#\/schema\/logo\/image\/","url":"https:\/\/www.exatron.com.br\/wp-content\/uploads\/2024\/11\/default-kit.png","contentUrl":"https:\/\/www.exatron.com.br\/wp-content\/uploads\/2024\/11\/default-kit.png","width":956,"height":192,"caption":"EXATRON"},"image":{"@id":"https:\/\/www.exatron.com.br\/#\/schema\/logo\/image\/"}}]}},"_links":{"self":[{"href":"https:\/\/www.exatron.com.br\/en\/wp-json\/wp\/v2\/product\/10540","targetHints":{"allow":["GET"]}}],"collection":[{"href":"https:\/\/www.exatron.com.br\/en\/wp-json\/wp\/v2\/product"}],"about":[{"href":"https:\/\/www.exatron.com.br\/en\/wp-json\/wp\/v2\/types\/product"}],"replies":[{"embeddable":true,"href":"https:\/\/www.exatron.com.br\/en\/wp-json\/wp\/v2\/comments?post=10540"}],"wp:featuredmedia":[{"embeddable":true,"href":"https:\/\/www.exatron.com.br\/en\/wp-json\/wp\/v2\/media\/9900"}],"wp:attachment":[{"href":"https:\/\/www.exatron.com.br\/en\/wp-json\/wp\/v2\/media?parent=10540"}],"wp:term":[{"taxonomy":"aplicacao","embeddable":true,"href":"https:\/\/www.exatron.com.br\/en\/wp-json\/wp\/v2\/aplicacao?post=10540"},{"taxonomy":"product_brand","embeddable":true,"href":"https:\/\/www.exatron.com.br\/en\/wp-json\/wp\/v2\/product_brand?post=10540"},{"taxonomy":"product_cat","embeddable":true,"href":"https:\/\/www.exatron.com.br\/en\/wp-json\/wp\/v2\/product_cat?post=10540"},{"taxonomy":"product_tag","embeddable":true,"href":"https:\/\/www.exatron.com.br\/en\/wp-json\/wp\/v2\/product_tag?post=10540"}],"curies":[{"name":"wp","href":"https:\/\/api.w.org\/{rel}","templated":true}]}}