{"id":10541,"date":"2025-12-08T15:08:32","date_gmt":"2025-12-08T15:08:32","guid":{"rendered":""},"modified":"2026-04-23T16:26:07","modified_gmt":"2026-04-23T19:26:07","slug":"dispositivo-de-protecao-contra-surtos-dps-20ka-ip67","status":"publish","type":"product","link":"https:\/\/www.exatron.com.br\/en\/produtos\/dispositivo-de-protecao-contra-surtos-dps-20ka-ip67\/","title":{"rendered":"Dispositivo de Prote\u00e7\u00e3o Contra Surtos &#8211; 20kA &#8211; IP67"},"content":{"rendered":"<h3>Technical Specifications<\/h3>\n<ul>\n<li>Tens\u00e3o: 127-220V~;<\/li>\n<li>Operating frequency: 50\/60Hz;<\/li>\n<li>Prote\u00e7\u00e3o contra surto: 20kA (prote\u00e7\u00f5es especiais sob consulta);<\/li>\n<li>Aplica\u00e7\u00e3o para prote\u00e7\u00e3o de produtos eletroeletr\u00f4nicos em geral e sistemas de ilumina\u00e7\u00e3o com tecnologia LED;<\/li>\n<li>Modo de prote\u00e7\u00e3o: Diferencial (L-N) e Comum (L-G\/N-G);<\/li>\n<li>Tecnologia de prote\u00e7\u00e3o: MOV + GDT (Varistor + Centelhador);<\/li>\n<li>Corrente nominal descarga (In)@8\/20us: 10kA;<\/li>\n<li>Corrente m\u00e1xima descarga (Im\u00e1x)@ 8\/20\u00b5s: 20kA;<\/li>\n<li>Corrente total descarga (ITotal)@ 8\/20\u00b5s: 20kA;<\/li>\n<li>Tens\u00e3o de circuito aberto (Uoc)@1,2\/50us: 10kV;<\/li>\n<li>N\u00edvel de prote\u00e7\u00e3o de tens\u00e3o (Up): &lt;1,3kV;<\/li>\n<li>M\u00e1xima tens\u00e3o opera\u00e7\u00e3o continua (Uc): 275 Vca \/ 350 Vcc;<\/li>\n<li>Corrente m\u00e1xima de carga (I): 10A (aplic\u00e1vel somente na liga\u00e7\u00e3o tipo s\u00e9rie);<\/li>\n<li>Corrente residual diferencial (F\/F ou F\/N) (Ipe) e Corrente residual de modo comum (Ipe): &lt;1mA;<\/li>\n<li>Tempo de resposta t\u00edpico: &lt;100ns;<\/li>\n<li>Sobretens\u00e3o tempor\u00e1ria (Ut): 440V-120V minutos;<\/li>\n<li>Queda de tens\u00e3o entre portas: &lt;100mV;<\/li>\n<li>Condutores: Fios com 100mm comprimento e 10mm decape;<\/li>\n<li>Temperatura de opera\u00e7\u00e3o: -40 at\u00e9 +85\u00b0C;<\/li>\n<li>Esquema de liga\u00e7\u00e3o: S\u00e9rie \/ Paralelo;<\/li>\n<li>Sistema de aterramento: TN e TT;<\/li>\n<li>Sistema de prote\u00e7\u00e3o t\u00e9rmica: Sim;<\/li>\n<li>N\u00famero de condutores protegidos: 2 (dois);<\/li>\n<li>Fus\u00edvel backup recomendado: 16A (gL\/gG) \u2013 1 por fase;<\/li>\n<li>Led indicativo de opera\u00e7\u00e3o. Aten\u00e7\u00e3o: Led indicador desligado significa falta de energia el\u00e9trica ou fim da vida \u00fatil por surto de maior energia absorv\u00edvel, neste caso, o DPS dever\u00e1 ser substitu\u00eddo;<\/li>\n<li>Material: Resina poliamida (nylon) antichama;<\/li>\n<li>Cor: Cinza;<\/li>\n<li>Protection rating: IP67;<\/li>\n<li>Dimens\u00f5es (CxLxA): 38x34x22mm;<\/li>\n<li>Garantia: 03 anos.<\/li>\n<\/ul>","protected":false},"excerpt":{"rendered":"<p>O LLIP3000 2067 \u00e9 um Dispositivo de Prote\u00e7\u00e3o Contra Surtos (DPS) Classe II com tecnologia combinada de Varistor de \u00d3xido Met\u00e1lico (MOV) e Centelhador a G\u00e1s (GDT), que oferece maior vida \u00fatil aos drivers de pot\u00eancia de lumin\u00e1rias e equipamentos eletroeletr\u00f4nicos em geral. Projetado para suportar surtos el\u00e9tricos, provocados por descargas atmosf\u00e9ricas e manobras no sistema el\u00e9trico, conforme IEC 61643-11.<\/p>\n<p>Possui um vers\u00e1til suporte de fixa\u00e7\u00e3o que comporta o uso de parafuso ou abra\u00e7adeira. Tamb\u00e9m conta com sinaliza\u00e7\u00e3o do estado de opera\u00e7\u00e3o ativo atrav\u00e9s de LED. A linha de protetores de surto da Exatron \u00e9 projetada para oferecer prote\u00e7\u00e3o robusta e confi\u00e1vel.<\/p>","protected":false},"featured_media":10191,"comment_status":"open","ping_status":"closed","template":"","meta":{"_acf_changed":false,"_joinchat":[]},"aplicacao":[269],"product_brand":[],"product_cat":[314],"product_tag":[965,961,935,962,963,960,620,947],"class_list":{"0":"post-10541","1":"product","2":"type-product","3":"status-publish","4":"has-post-thumbnail","6":"aplicacao-seguranca-de-rede-eletrica-baixa-tensao","7":"product_cat-dps","8":"product_tag-20ka","9":"product_tag-classe-ii","10":"product_tag-dps","11":"product_tag-dps-classe-ii","12":"product_tag-ip-67","13":"product_tag-led-indicador","14":"product_tag-protecao-contra-surtos","15":"product_tag-tecnologia-mov","17":"first","18":"onbackorder","19":"shipping-taxable","20":"product-type-simple"},"acf":[],"yoast_head":"<!-- This site is optimized with the Yoast SEO plugin v27.3 - https:\/\/yoast.com\/product\/yoast-seo-wordpress\/ -->\n<title>Dispositivo de Prote\u00e7\u00e3o Contra Surtos - 20kA - IP67 - EXATRON<\/title>\n<meta name=\"description\" content=\"Equipado com MOV e GDT, possui f\u00e1cil instala\u00e7\u00e3o, sinaliza\u00e7\u00e3o por LED e segue a norma IEC 61643-11. Exatron, a escolha de quem conhece!\" \/>\n<meta name=\"robots\" content=\"index, follow, max-snippet:-1, max-image-preview:large, max-video-preview:-1\" \/>\n<link rel=\"canonical\" href=\"https:\/\/www.exatron.com.br\/en\/produtos\/dispositivo-de-protecao-contra-surtos-dps-20ka-ip67\/\" \/>\n<meta property=\"og:locale\" content=\"en_US\" \/>\n<meta property=\"og:type\" content=\"article\" \/>\n<meta property=\"og:title\" content=\"Dispositivo de Prote\u00e7\u00e3o Contra Surtos - 20kA - IP67 - EXATRON\" \/>\n<meta property=\"og:description\" content=\"Equipado com MOV e GDT, possui f\u00e1cil instala\u00e7\u00e3o, sinaliza\u00e7\u00e3o por LED e segue a norma IEC 61643-11. Exatron, a escolha de quem conhece!\" \/>\n<meta property=\"og:url\" content=\"https:\/\/www.exatron.com.br\/en\/produtos\/dispositivo-de-protecao-contra-surtos-dps-20ka-ip67\/\" \/>\n<meta property=\"og:site_name\" content=\"EXATRON\" \/>\n<meta property=\"article:modified_time\" content=\"2026-04-23T19:26:07+00:00\" \/>\n<meta property=\"og:image\" content=\"https:\/\/www.exatron.com.br\/wp-content\/uploads\/2025\/12\/9ljpr5s6t7vyfjgbdzlerzeyryh1htvx8emj2id4.png\" \/>\n\t<meta property=\"og:image:width\" content=\"2440\" \/>\n\t<meta property=\"og:image:height\" content=\"2448\" \/>\n\t<meta property=\"og:image:type\" content=\"image\/png\" \/>\n<meta name=\"twitter:card\" content=\"summary_large_image\" \/>\n<meta name=\"twitter:label1\" content=\"Est. reading time\" \/>\n\t<meta name=\"twitter:data1\" content=\"2 minutes\" \/>\n<script type=\"application\/ld+json\" class=\"yoast-schema-graph\">{\"@context\":\"https:\\\/\\\/schema.org\",\"@graph\":[{\"@type\":\"WebPage\",\"@id\":\"https:\\\/\\\/www.exatron.com.br\\\/produtos\\\/dispositivo-de-protecao-contra-surtos-dps-20ka-ip67\\\/\",\"url\":\"https:\\\/\\\/www.exatron.com.br\\\/produtos\\\/dispositivo-de-protecao-contra-surtos-dps-20ka-ip67\\\/\",\"name\":\"Dispositivo de Prote\u00e7\u00e3o Contra Surtos - 20kA - IP67 - EXATRON\",\"isPartOf\":{\"@id\":\"https:\\\/\\\/www.exatron.com.br\\\/#website\"},\"primaryImageOfPage\":{\"@id\":\"https:\\\/\\\/www.exatron.com.br\\\/produtos\\\/dispositivo-de-protecao-contra-surtos-dps-20ka-ip67\\\/#primaryimage\"},\"image\":{\"@id\":\"https:\\\/\\\/www.exatron.com.br\\\/produtos\\\/dispositivo-de-protecao-contra-surtos-dps-20ka-ip67\\\/#primaryimage\"},\"thumbnailUrl\":\"https:\\\/\\\/www.exatron.com.br\\\/wp-content\\\/uploads\\\/2025\\\/12\\\/9ljpr5s6t7vyfjgbdzlerzeyryh1htvx8emj2id4.png\",\"datePublished\":\"2025-12-08T15:08:32+00:00\",\"dateModified\":\"2026-04-23T19:26:07+00:00\",\"description\":\"Equipado com MOV e GDT, possui f\u00e1cil instala\u00e7\u00e3o, sinaliza\u00e7\u00e3o por LED e segue a norma IEC 61643-11. Exatron, a escolha de quem conhece!\",\"breadcrumb\":{\"@id\":\"https:\\\/\\\/www.exatron.com.br\\\/produtos\\\/dispositivo-de-protecao-contra-surtos-dps-20ka-ip67\\\/#breadcrumb\"},\"inLanguage\":\"en-US\",\"potentialAction\":[{\"@type\":\"ReadAction\",\"target\":[\"https:\\\/\\\/www.exatron.com.br\\\/produtos\\\/dispositivo-de-protecao-contra-surtos-dps-20ka-ip67\\\/\"]}]},{\"@type\":\"ImageObject\",\"inLanguage\":\"en-US\",\"@id\":\"https:\\\/\\\/www.exatron.com.br\\\/produtos\\\/dispositivo-de-protecao-contra-surtos-dps-20ka-ip67\\\/#primaryimage\",\"url\":\"https:\\\/\\\/www.exatron.com.br\\\/wp-content\\\/uploads\\\/2025\\\/12\\\/9ljpr5s6t7vyfjgbdzlerzeyryh1htvx8emj2id4.png\",\"contentUrl\":\"https:\\\/\\\/www.exatron.com.br\\\/wp-content\\\/uploads\\\/2025\\\/12\\\/9ljpr5s6t7vyfjgbdzlerzeyryh1htvx8emj2id4.png\",\"width\":2440,\"height\":2448,\"caption\":\"Projetado para suportar surtos el\u00e9tricos, provocados por descargas atmosf\u00e9ricas e manobras no sistema el\u00e9trico, conforme IEC 61643-11.\"},{\"@type\":\"BreadcrumbList\",\"@id\":\"https:\\\/\\\/www.exatron.com.br\\\/produtos\\\/dispositivo-de-protecao-contra-surtos-dps-20ka-ip67\\\/#breadcrumb\",\"itemListElement\":[{\"@type\":\"ListItem\",\"position\":1,\"name\":\"In\u00edcio\",\"item\":\"https:\\\/\\\/www.exatron.com.br\\\/\"},{\"@type\":\"ListItem\",\"position\":2,\"name\":\"Loja\",\"item\":\"https:\\\/\\\/www.exatron.com.br\\\/loja\\\/\"},{\"@type\":\"ListItem\",\"position\":3,\"name\":\"Dispositivo de Prote\u00e7\u00e3o Contra Surtos &#8211; 20kA &#8211; IP67\"}]},{\"@type\":\"WebSite\",\"@id\":\"https:\\\/\\\/www.exatron.com.br\\\/#website\",\"url\":\"https:\\\/\\\/www.exatron.com.br\\\/\",\"name\":\"EXATRON\",\"description\":\"\",\"publisher\":{\"@id\":\"https:\\\/\\\/www.exatron.com.br\\\/#organization\"},\"potentialAction\":[{\"@type\":\"SearchAction\",\"target\":{\"@type\":\"EntryPoint\",\"urlTemplate\":\"https:\\\/\\\/www.exatron.com.br\\\/?s={search_term_string}\"},\"query-input\":{\"@type\":\"PropertyValueSpecification\",\"valueRequired\":true,\"valueName\":\"search_term_string\"}}],\"inLanguage\":\"en-US\"},{\"@type\":\"Organization\",\"@id\":\"https:\\\/\\\/www.exatron.com.br\\\/#organization\",\"name\":\"EXATRON\",\"url\":\"https:\\\/\\\/www.exatron.com.br\\\/\",\"logo\":{\"@type\":\"ImageObject\",\"inLanguage\":\"en-US\",\"@id\":\"https:\\\/\\\/www.exatron.com.br\\\/#\\\/schema\\\/logo\\\/image\\\/\",\"url\":\"https:\\\/\\\/www.exatron.com.br\\\/wp-content\\\/uploads\\\/2024\\\/11\\\/default-kit.png\",\"contentUrl\":\"https:\\\/\\\/www.exatron.com.br\\\/wp-content\\\/uploads\\\/2024\\\/11\\\/default-kit.png\",\"width\":956,\"height\":192,\"caption\":\"EXATRON\"},\"image\":{\"@id\":\"https:\\\/\\\/www.exatron.com.br\\\/#\\\/schema\\\/logo\\\/image\\\/\"}}]}<\/script>\n<!-- \/ Yoast SEO plugin. -->","yoast_head_json":{"title":"Dispositivo de Prote\u00e7\u00e3o Contra Surtos - 20kA - IP67 - EXATRON","description":"Equipado com MOV e GDT, possui f\u00e1cil instala\u00e7\u00e3o, sinaliza\u00e7\u00e3o por LED e segue a norma IEC 61643-11. Exatron, a escolha de quem conhece!","robots":{"index":"index","follow":"follow","max-snippet":"max-snippet:-1","max-image-preview":"max-image-preview:large","max-video-preview":"max-video-preview:-1"},"canonical":"https:\/\/www.exatron.com.br\/en\/produtos\/dispositivo-de-protecao-contra-surtos-dps-20ka-ip67\/","og_locale":"en_US","og_type":"article","og_title":"Dispositivo de Prote\u00e7\u00e3o Contra Surtos - 20kA - IP67 - EXATRON","og_description":"Equipado com MOV e GDT, possui f\u00e1cil instala\u00e7\u00e3o, sinaliza\u00e7\u00e3o por LED e segue a norma IEC 61643-11. Exatron, a escolha de quem conhece!","og_url":"https:\/\/www.exatron.com.br\/en\/produtos\/dispositivo-de-protecao-contra-surtos-dps-20ka-ip67\/","og_site_name":"EXATRON","article_modified_time":"2026-04-23T19:26:07+00:00","og_image":[{"width":2440,"height":2448,"url":"https:\/\/www.exatron.com.br\/wp-content\/uploads\/2025\/12\/9ljpr5s6t7vyfjgbdzlerzeyryh1htvx8emj2id4.png","type":"image\/png"}],"twitter_card":"summary_large_image","twitter_misc":{"Est. reading time":"2 minutes"},"schema":{"@context":"https:\/\/schema.org","@graph":[{"@type":"WebPage","@id":"https:\/\/www.exatron.com.br\/produtos\/dispositivo-de-protecao-contra-surtos-dps-20ka-ip67\/","url":"https:\/\/www.exatron.com.br\/produtos\/dispositivo-de-protecao-contra-surtos-dps-20ka-ip67\/","name":"Dispositivo de Prote\u00e7\u00e3o Contra Surtos - 20kA - IP67 - EXATRON","isPartOf":{"@id":"https:\/\/www.exatron.com.br\/#website"},"primaryImageOfPage":{"@id":"https:\/\/www.exatron.com.br\/produtos\/dispositivo-de-protecao-contra-surtos-dps-20ka-ip67\/#primaryimage"},"image":{"@id":"https:\/\/www.exatron.com.br\/produtos\/dispositivo-de-protecao-contra-surtos-dps-20ka-ip67\/#primaryimage"},"thumbnailUrl":"https:\/\/www.exatron.com.br\/wp-content\/uploads\/2025\/12\/9ljpr5s6t7vyfjgbdzlerzeyryh1htvx8emj2id4.png","datePublished":"2025-12-08T15:08:32+00:00","dateModified":"2026-04-23T19:26:07+00:00","description":"Equipado com MOV e GDT, possui f\u00e1cil instala\u00e7\u00e3o, sinaliza\u00e7\u00e3o por LED e segue a norma IEC 61643-11. Exatron, a escolha de quem conhece!","breadcrumb":{"@id":"https:\/\/www.exatron.com.br\/produtos\/dispositivo-de-protecao-contra-surtos-dps-20ka-ip67\/#breadcrumb"},"inLanguage":"en-US","potentialAction":[{"@type":"ReadAction","target":["https:\/\/www.exatron.com.br\/produtos\/dispositivo-de-protecao-contra-surtos-dps-20ka-ip67\/"]}]},{"@type":"ImageObject","inLanguage":"en-US","@id":"https:\/\/www.exatron.com.br\/produtos\/dispositivo-de-protecao-contra-surtos-dps-20ka-ip67\/#primaryimage","url":"https:\/\/www.exatron.com.br\/wp-content\/uploads\/2025\/12\/9ljpr5s6t7vyfjgbdzlerzeyryh1htvx8emj2id4.png","contentUrl":"https:\/\/www.exatron.com.br\/wp-content\/uploads\/2025\/12\/9ljpr5s6t7vyfjgbdzlerzeyryh1htvx8emj2id4.png","width":2440,"height":2448,"caption":"Projetado para suportar surtos el\u00e9tricos, provocados por descargas atmosf\u00e9ricas e manobras no sistema el\u00e9trico, conforme IEC 61643-11."},{"@type":"BreadcrumbList","@id":"https:\/\/www.exatron.com.br\/produtos\/dispositivo-de-protecao-contra-surtos-dps-20ka-ip67\/#breadcrumb","itemListElement":[{"@type":"ListItem","position":1,"name":"In\u00edcio","item":"https:\/\/www.exatron.com.br\/"},{"@type":"ListItem","position":2,"name":"Loja","item":"https:\/\/www.exatron.com.br\/loja\/"},{"@type":"ListItem","position":3,"name":"Dispositivo de Prote\u00e7\u00e3o Contra Surtos &#8211; 20kA &#8211; IP67"}]},{"@type":"WebSite","@id":"https:\/\/www.exatron.com.br\/#website","url":"https:\/\/www.exatron.com.br\/","name":"EXATRON","description":"","publisher":{"@id":"https:\/\/www.exatron.com.br\/#organization"},"potentialAction":[{"@type":"SearchAction","target":{"@type":"EntryPoint","urlTemplate":"https:\/\/www.exatron.com.br\/?s={search_term_string}"},"query-input":{"@type":"PropertyValueSpecification","valueRequired":true,"valueName":"search_term_string"}}],"inLanguage":"en-US"},{"@type":"Organization","@id":"https:\/\/www.exatron.com.br\/#organization","name":"EXATRON","url":"https:\/\/www.exatron.com.br\/","logo":{"@type":"ImageObject","inLanguage":"en-US","@id":"https:\/\/www.exatron.com.br\/#\/schema\/logo\/image\/","url":"https:\/\/www.exatron.com.br\/wp-content\/uploads\/2024\/11\/default-kit.png","contentUrl":"https:\/\/www.exatron.com.br\/wp-content\/uploads\/2024\/11\/default-kit.png","width":956,"height":192,"caption":"EXATRON"},"image":{"@id":"https:\/\/www.exatron.com.br\/#\/schema\/logo\/image\/"}}]}},"_links":{"self":[{"href":"https:\/\/www.exatron.com.br\/en\/wp-json\/wp\/v2\/product\/10541","targetHints":{"allow":["GET"]}}],"collection":[{"href":"https:\/\/www.exatron.com.br\/en\/wp-json\/wp\/v2\/product"}],"about":[{"href":"https:\/\/www.exatron.com.br\/en\/wp-json\/wp\/v2\/types\/product"}],"replies":[{"embeddable":true,"href":"https:\/\/www.exatron.com.br\/en\/wp-json\/wp\/v2\/comments?post=10541"}],"wp:featuredmedia":[{"embeddable":true,"href":"https:\/\/www.exatron.com.br\/en\/wp-json\/wp\/v2\/media\/10191"}],"wp:attachment":[{"href":"https:\/\/www.exatron.com.br\/en\/wp-json\/wp\/v2\/media?parent=10541"}],"wp:term":[{"taxonomy":"aplicacao","embeddable":true,"href":"https:\/\/www.exatron.com.br\/en\/wp-json\/wp\/v2\/aplicacao?post=10541"},{"taxonomy":"product_brand","embeddable":true,"href":"https:\/\/www.exatron.com.br\/en\/wp-json\/wp\/v2\/product_brand?post=10541"},{"taxonomy":"product_cat","embeddable":true,"href":"https:\/\/www.exatron.com.br\/en\/wp-json\/wp\/v2\/product_cat?post=10541"},{"taxonomy":"product_tag","embeddable":true,"href":"https:\/\/www.exatron.com.br\/en\/wp-json\/wp\/v2\/product_tag?post=10541"}],"curies":[{"name":"wp","href":"https:\/\/api.w.org\/{rel}","templated":true}]}}