{"id":10558,"date":"2025-12-08T15:08:34","date_gmt":"2025-12-08T15:08:34","guid":{"rendered":""},"modified":"2026-04-29T15:18:26","modified_gmt":"2026-04-29T18:18:26","slug":"tomada-base-giratoria-360-com-suporte-metalico-para-rele-fotoeletrico","status":"publish","type":"product","link":"https:\/\/www.exatron.com.br\/en\/produtos\/tomada-base-giratoria-360-com-suporte-metalico-para-rele-fotoeletrico\/","title":{"rendered":"360\u00b0 Swivel Base Socket with Metal Support for Photoelectric Relay"},"content":{"rendered":"<h3>Technical Specifications<\/h3>\n<ul>\n<li>Material do produto: Al\u00e7a em a\u00e7o galvanizado \u00e0 fogo, copo em copolimero polipropileno, terminais de encaixe em lat\u00e3o estanhado, tomada e soquete em resina poliamida (nylon) refor\u00e7ado com fibra de vidro;<\/li>\n<li>Mapa de marca\u00e7\u00e3o indel\u00e9vel com identifica\u00e7\u00e3o do sentido de encaixe do rel\u00e9 e identifica\u00e7\u00e3o dos terminais de encaixe;<\/li>\n<li>Liga\u00e7\u00e3o a 3 fios: fase 1 (preto), neutro ou fase 2 (branco) e carga (vermelho);<\/li>\n<li>Se\u00e7\u00e3o transversal dos fios de 1,5mm\u00b2 e comprimento de 50cm;<\/li>\n<li>Comprimento dos fios de liga\u00e7\u00e3o pode ser alterado a pedido do cliente;<\/li>\n<li>Intercambiabilidade total: pode ser utilizada com rel\u00e9s de qualquer fabricante;<\/li>\n<li>Permite giro de 360\u00b0 para correta orienta\u00e7\u00e3o do rel\u00e9;<\/li>\n<li>Suporta uma for\u00e7a vertical de 50N (5kg);<\/li>\n<li>Corrente nominal: 10A;<\/li>\n<li>Tens\u00e3o de opera\u00e7\u00e3o: 100 a 240 Vac;<\/li>\n<li>Operating frequency: 50\/60Hz;<\/li>\n<li>Base totalmente em conformidade com a NBR5123;<\/li>\n<li>Garantia m\u00ednima: 1 ano;<\/li>\n<li>Grau de prote\u00e7\u00e3o: IP33\/IP65 \u2013 com rel\u00e9 fotoel\u00e9trico (TGAR0LM)*;<\/li>\n<li>Rigidez diel\u00e9trica : Maior 2500V.<\/li>\n<\/ul>\n<p>* A veda\u00e7\u00e3o da gaxeta do rel\u00e9 fotoel\u00e9trico deve ser adequada para o grau de prote\u00e7\u00e3o IP33\/65 de acordo com NBR5123:2016.<\/p>","protected":false},"excerpt":{"rendered":"<p>A Tomada girat\u00f3ria 360\u00b0 com suporte met\u00e1lico (TGAR\u00d8LM) da Exatron \u00e9 ideal para fixa\u00e7\u00e3o e uma perfeita instala\u00e7\u00e3o de rel\u00e9s fotel\u00e9tricos (fotoeletr\u00f4nicos).<\/p>","protected":false},"featured_media":9945,"comment_status":"open","ping_status":"closed","template":"","meta":{"_acf_changed":false,"_joinchat":[]},"aplicacao":[],"product_brand":[],"product_cat":[356,321],"product_tag":[520,811,810,809],"class_list":{"0":"post-10558","1":"product","2":"type-product","3":"status-publish","4":"has-post-thumbnail","6":"product_cat-l-metalico","7":"product_cat-tomadas-para-rele","8":"product_tag-rele-fotoeletrico","9":"product_tag-suporte-metalico","10":"product_tag-tomada-base","11":"product_tag-tomada-pra-rele","13":"first","14":"instock","15":"shipping-taxable","16":"purchasable","17":"product-type-simple"},"acf":[],"yoast_head":"<!-- This site is optimized with the Yoast SEO plugin v27.3 - https:\/\/yoast.com\/product\/yoast-seo-wordpress\/ -->\n<title>Tomada Base Girat\u00f3ria (360\u00b0) com Suporte Met\u00e1lico para Rel\u00e9 Fotoel\u00e9trico - EXATRON<\/title>\n<meta name=\"description\" content=\"Tomada girat\u00f3ria 360\u00b0 com suporte met\u00e1lico (TGAR\u00d8LM) - Al\u00e7a em a\u00e7o galvanizado, liga\u00e7\u00e3o a 3 fios, permite giro de 360\u00b0 para correta orienta\u00e7\u00e3o do rel\u00e9.\" \/>\n<meta name=\"robots\" content=\"index, follow, max-snippet:-1, max-image-preview:large, max-video-preview:-1\" \/>\n<link rel=\"canonical\" href=\"https:\/\/www.exatron.com.br\/en\/produtos\/tomada-base-giratoria-360-com-suporte-metalico-para-rele-fotoeletrico\/\" \/>\n<meta property=\"og:locale\" content=\"en_US\" \/>\n<meta property=\"og:type\" content=\"article\" \/>\n<meta property=\"og:title\" content=\"Tomada Base Girat\u00f3ria (360\u00b0) com Suporte Met\u00e1lico para Rel\u00e9 Fotoel\u00e9trico - EXATRON\" \/>\n<meta property=\"og:description\" content=\"Tomada girat\u00f3ria 360\u00b0 com suporte met\u00e1lico (TGAR\u00d8LM) - Al\u00e7a em a\u00e7o galvanizado, liga\u00e7\u00e3o a 3 fios, permite giro de 360\u00b0 para correta orienta\u00e7\u00e3o do rel\u00e9.\" \/>\n<meta property=\"og:url\" content=\"https:\/\/www.exatron.com.br\/en\/produtos\/tomada-base-giratoria-360-com-suporte-metalico-para-rele-fotoeletrico\/\" \/>\n<meta property=\"og:site_name\" content=\"EXATRON\" \/>\n<meta property=\"article:modified_time\" content=\"2026-04-29T18:18:26+00:00\" \/>\n<meta property=\"og:image\" content=\"https:\/\/www.exatron.com.br\/wp-content\/uploads\/2025\/12\/ifzddmcx33i9djpzpcojbixhi94fix97mnkiugno.png\" \/>\n\t<meta property=\"og:image:width\" content=\"1080\" \/>\n\t<meta property=\"og:image:height\" content=\"1080\" \/>\n\t<meta property=\"og:image:type\" content=\"image\/png\" \/>\n<meta name=\"twitter:card\" content=\"summary_large_image\" \/>\n<meta name=\"twitter:label1\" content=\"Est. reading time\" \/>\n\t<meta name=\"twitter:data1\" content=\"2 minutes\" \/>\n<script type=\"application\/ld+json\" class=\"yoast-schema-graph\">{\"@context\":\"https:\\\/\\\/schema.org\",\"@graph\":[{\"@type\":\"WebPage\",\"@id\":\"https:\\\/\\\/www.exatron.com.br\\\/produtos\\\/tomada-base-giratoria-360-com-suporte-metalico-para-rele-fotoeletrico\\\/\",\"url\":\"https:\\\/\\\/www.exatron.com.br\\\/produtos\\\/tomada-base-giratoria-360-com-suporte-metalico-para-rele-fotoeletrico\\\/\",\"name\":\"Tomada Base Girat\u00f3ria (360\u00b0) com Suporte Met\u00e1lico para Rel\u00e9 Fotoel\u00e9trico - EXATRON\",\"isPartOf\":{\"@id\":\"https:\\\/\\\/www.exatron.com.br\\\/#website\"},\"primaryImageOfPage\":{\"@id\":\"https:\\\/\\\/www.exatron.com.br\\\/produtos\\\/tomada-base-giratoria-360-com-suporte-metalico-para-rele-fotoeletrico\\\/#primaryimage\"},\"image\":{\"@id\":\"https:\\\/\\\/www.exatron.com.br\\\/produtos\\\/tomada-base-giratoria-360-com-suporte-metalico-para-rele-fotoeletrico\\\/#primaryimage\"},\"thumbnailUrl\":\"https:\\\/\\\/www.exatron.com.br\\\/wp-content\\\/uploads\\\/2025\\\/12\\\/ifzddmcx33i9djpzpcojbixhi94fix97mnkiugno.png\",\"datePublished\":\"2025-12-08T15:08:34+00:00\",\"dateModified\":\"2026-04-29T18:18:26+00:00\",\"description\":\"Tomada girat\u00f3ria 360\u00b0 com suporte met\u00e1lico (TGAR\u00d8LM) - Al\u00e7a em a\u00e7o galvanizado, liga\u00e7\u00e3o a 3 fios, permite giro de 360\u00b0 para correta orienta\u00e7\u00e3o do rel\u00e9.\",\"breadcrumb\":{\"@id\":\"https:\\\/\\\/www.exatron.com.br\\\/produtos\\\/tomada-base-giratoria-360-com-suporte-metalico-para-rele-fotoeletrico\\\/#breadcrumb\"},\"inLanguage\":\"en-US\",\"potentialAction\":[{\"@type\":\"ReadAction\",\"target\":[\"https:\\\/\\\/www.exatron.com.br\\\/produtos\\\/tomada-base-giratoria-360-com-suporte-metalico-para-rele-fotoeletrico\\\/\"]}]},{\"@type\":\"ImageObject\",\"inLanguage\":\"en-US\",\"@id\":\"https:\\\/\\\/www.exatron.com.br\\\/produtos\\\/tomada-base-giratoria-360-com-suporte-metalico-para-rele-fotoeletrico\\\/#primaryimage\",\"url\":\"https:\\\/\\\/www.exatron.com.br\\\/wp-content\\\/uploads\\\/2025\\\/12\\\/ifzddmcx33i9djpzpcojbixhi94fix97mnkiugno.png\",\"contentUrl\":\"https:\\\/\\\/www.exatron.com.br\\\/wp-content\\\/uploads\\\/2025\\\/12\\\/ifzddmcx33i9djpzpcojbixhi94fix97mnkiugno.png\",\"width\":1080,\"height\":1080,\"caption\":\"A Tomada girat\u00f3ria 360\u00b0 com suporte met\u00e1lico (TGAR\u00d8LM) da Exatron \u00e9 ideal para fixa\u00e7\u00e3o e uma perfeita instala\u00e7\u00e3o de rel\u00e9s fotel\u00e9tricos (fotoeletr\u00f4nicos).\"},{\"@type\":\"BreadcrumbList\",\"@id\":\"https:\\\/\\\/www.exatron.com.br\\\/produtos\\\/tomada-base-giratoria-360-com-suporte-metalico-para-rele-fotoeletrico\\\/#breadcrumb\",\"itemListElement\":[{\"@type\":\"ListItem\",\"position\":1,\"name\":\"In\u00edcio\",\"item\":\"https:\\\/\\\/www.exatron.com.br\\\/\"},{\"@type\":\"ListItem\",\"position\":2,\"name\":\"Loja\",\"item\":\"https:\\\/\\\/www.exatron.com.br\\\/loja\\\/\"},{\"@type\":\"ListItem\",\"position\":3,\"name\":\"Tomada Base Girat\u00f3ria (360\u00b0) com Suporte Met\u00e1lico para Rel\u00e9 Fotoel\u00e9trico\"}]},{\"@type\":\"WebSite\",\"@id\":\"https:\\\/\\\/www.exatron.com.br\\\/#website\",\"url\":\"https:\\\/\\\/www.exatron.com.br\\\/\",\"name\":\"EXATRON\",\"description\":\"\",\"publisher\":{\"@id\":\"https:\\\/\\\/www.exatron.com.br\\\/#organization\"},\"potentialAction\":[{\"@type\":\"SearchAction\",\"target\":{\"@type\":\"EntryPoint\",\"urlTemplate\":\"https:\\\/\\\/www.exatron.com.br\\\/?s={search_term_string}\"},\"query-input\":{\"@type\":\"PropertyValueSpecification\",\"valueRequired\":true,\"valueName\":\"search_term_string\"}}],\"inLanguage\":\"en-US\"},{\"@type\":\"Organization\",\"@id\":\"https:\\\/\\\/www.exatron.com.br\\\/#organization\",\"name\":\"EXATRON\",\"url\":\"https:\\\/\\\/www.exatron.com.br\\\/\",\"logo\":{\"@type\":\"ImageObject\",\"inLanguage\":\"en-US\",\"@id\":\"https:\\\/\\\/www.exatron.com.br\\\/#\\\/schema\\\/logo\\\/image\\\/\",\"url\":\"https:\\\/\\\/www.exatron.com.br\\\/wp-content\\\/uploads\\\/2024\\\/11\\\/default-kit.png\",\"contentUrl\":\"https:\\\/\\\/www.exatron.com.br\\\/wp-content\\\/uploads\\\/2024\\\/11\\\/default-kit.png\",\"width\":956,\"height\":192,\"caption\":\"EXATRON\"},\"image\":{\"@id\":\"https:\\\/\\\/www.exatron.com.br\\\/#\\\/schema\\\/logo\\\/image\\\/\"}}]}<\/script>\n<!-- \/ Yoast SEO plugin. -->","yoast_head_json":{"title":"Tomada Base Girat\u00f3ria (360\u00b0) com Suporte Met\u00e1lico para Rel\u00e9 Fotoel\u00e9trico - EXATRON","description":"Tomada girat\u00f3ria 360\u00b0 com suporte met\u00e1lico (TGAR\u00d8LM) - Al\u00e7a em a\u00e7o galvanizado, liga\u00e7\u00e3o a 3 fios, permite giro de 360\u00b0 para correta orienta\u00e7\u00e3o do rel\u00e9.","robots":{"index":"index","follow":"follow","max-snippet":"max-snippet:-1","max-image-preview":"max-image-preview:large","max-video-preview":"max-video-preview:-1"},"canonical":"https:\/\/www.exatron.com.br\/en\/produtos\/tomada-base-giratoria-360-com-suporte-metalico-para-rele-fotoeletrico\/","og_locale":"en_US","og_type":"article","og_title":"Tomada Base Girat\u00f3ria (360\u00b0) com Suporte Met\u00e1lico para Rel\u00e9 Fotoel\u00e9trico - EXATRON","og_description":"Tomada girat\u00f3ria 360\u00b0 com suporte met\u00e1lico (TGAR\u00d8LM) - Al\u00e7a em a\u00e7o galvanizado, liga\u00e7\u00e3o a 3 fios, permite giro de 360\u00b0 para correta orienta\u00e7\u00e3o do rel\u00e9.","og_url":"https:\/\/www.exatron.com.br\/en\/produtos\/tomada-base-giratoria-360-com-suporte-metalico-para-rele-fotoeletrico\/","og_site_name":"EXATRON","article_modified_time":"2026-04-29T18:18:26+00:00","og_image":[{"width":1080,"height":1080,"url":"https:\/\/www.exatron.com.br\/wp-content\/uploads\/2025\/12\/ifzddmcx33i9djpzpcojbixhi94fix97mnkiugno.png","type":"image\/png"}],"twitter_card":"summary_large_image","twitter_misc":{"Est. reading time":"2 minutes"},"schema":{"@context":"https:\/\/schema.org","@graph":[{"@type":"WebPage","@id":"https:\/\/www.exatron.com.br\/produtos\/tomada-base-giratoria-360-com-suporte-metalico-para-rele-fotoeletrico\/","url":"https:\/\/www.exatron.com.br\/produtos\/tomada-base-giratoria-360-com-suporte-metalico-para-rele-fotoeletrico\/","name":"Tomada Base Girat\u00f3ria (360\u00b0) com Suporte Met\u00e1lico para Rel\u00e9 Fotoel\u00e9trico - EXATRON","isPartOf":{"@id":"https:\/\/www.exatron.com.br\/#website"},"primaryImageOfPage":{"@id":"https:\/\/www.exatron.com.br\/produtos\/tomada-base-giratoria-360-com-suporte-metalico-para-rele-fotoeletrico\/#primaryimage"},"image":{"@id":"https:\/\/www.exatron.com.br\/produtos\/tomada-base-giratoria-360-com-suporte-metalico-para-rele-fotoeletrico\/#primaryimage"},"thumbnailUrl":"https:\/\/www.exatron.com.br\/wp-content\/uploads\/2025\/12\/ifzddmcx33i9djpzpcojbixhi94fix97mnkiugno.png","datePublished":"2025-12-08T15:08:34+00:00","dateModified":"2026-04-29T18:18:26+00:00","description":"Tomada girat\u00f3ria 360\u00b0 com suporte met\u00e1lico (TGAR\u00d8LM) - Al\u00e7a em a\u00e7o galvanizado, liga\u00e7\u00e3o a 3 fios, permite giro de 360\u00b0 para correta orienta\u00e7\u00e3o do rel\u00e9.","breadcrumb":{"@id":"https:\/\/www.exatron.com.br\/produtos\/tomada-base-giratoria-360-com-suporte-metalico-para-rele-fotoeletrico\/#breadcrumb"},"inLanguage":"en-US","potentialAction":[{"@type":"ReadAction","target":["https:\/\/www.exatron.com.br\/produtos\/tomada-base-giratoria-360-com-suporte-metalico-para-rele-fotoeletrico\/"]}]},{"@type":"ImageObject","inLanguage":"en-US","@id":"https:\/\/www.exatron.com.br\/produtos\/tomada-base-giratoria-360-com-suporte-metalico-para-rele-fotoeletrico\/#primaryimage","url":"https:\/\/www.exatron.com.br\/wp-content\/uploads\/2025\/12\/ifzddmcx33i9djpzpcojbixhi94fix97mnkiugno.png","contentUrl":"https:\/\/www.exatron.com.br\/wp-content\/uploads\/2025\/12\/ifzddmcx33i9djpzpcojbixhi94fix97mnkiugno.png","width":1080,"height":1080,"caption":"A Tomada girat\u00f3ria 360\u00b0 com suporte met\u00e1lico (TGAR\u00d8LM) da Exatron \u00e9 ideal para fixa\u00e7\u00e3o e uma perfeita instala\u00e7\u00e3o de rel\u00e9s fotel\u00e9tricos (fotoeletr\u00f4nicos)."},{"@type":"BreadcrumbList","@id":"https:\/\/www.exatron.com.br\/produtos\/tomada-base-giratoria-360-com-suporte-metalico-para-rele-fotoeletrico\/#breadcrumb","itemListElement":[{"@type":"ListItem","position":1,"name":"In\u00edcio","item":"https:\/\/www.exatron.com.br\/"},{"@type":"ListItem","position":2,"name":"Loja","item":"https:\/\/www.exatron.com.br\/loja\/"},{"@type":"ListItem","position":3,"name":"Tomada Base Girat\u00f3ria (360\u00b0) com Suporte Met\u00e1lico para Rel\u00e9 Fotoel\u00e9trico"}]},{"@type":"WebSite","@id":"https:\/\/www.exatron.com.br\/#website","url":"https:\/\/www.exatron.com.br\/","name":"EXATRON","description":"","publisher":{"@id":"https:\/\/www.exatron.com.br\/#organization"},"potentialAction":[{"@type":"SearchAction","target":{"@type":"EntryPoint","urlTemplate":"https:\/\/www.exatron.com.br\/?s={search_term_string}"},"query-input":{"@type":"PropertyValueSpecification","valueRequired":true,"valueName":"search_term_string"}}],"inLanguage":"en-US"},{"@type":"Organization","@id":"https:\/\/www.exatron.com.br\/#organization","name":"EXATRON","url":"https:\/\/www.exatron.com.br\/","logo":{"@type":"ImageObject","inLanguage":"en-US","@id":"https:\/\/www.exatron.com.br\/#\/schema\/logo\/image\/","url":"https:\/\/www.exatron.com.br\/wp-content\/uploads\/2024\/11\/default-kit.png","contentUrl":"https:\/\/www.exatron.com.br\/wp-content\/uploads\/2024\/11\/default-kit.png","width":956,"height":192,"caption":"EXATRON"},"image":{"@id":"https:\/\/www.exatron.com.br\/#\/schema\/logo\/image\/"}}]}},"_links":{"self":[{"href":"https:\/\/www.exatron.com.br\/en\/wp-json\/wp\/v2\/product\/10558","targetHints":{"allow":["GET"]}}],"collection":[{"href":"https:\/\/www.exatron.com.br\/en\/wp-json\/wp\/v2\/product"}],"about":[{"href":"https:\/\/www.exatron.com.br\/en\/wp-json\/wp\/v2\/types\/product"}],"replies":[{"embeddable":true,"href":"https:\/\/www.exatron.com.br\/en\/wp-json\/wp\/v2\/comments?post=10558"}],"wp:featuredmedia":[{"embeddable":true,"href":"https:\/\/www.exatron.com.br\/en\/wp-json\/wp\/v2\/media\/9945"}],"wp:attachment":[{"href":"https:\/\/www.exatron.com.br\/en\/wp-json\/wp\/v2\/media?parent=10558"}],"wp:term":[{"taxonomy":"aplicacao","embeddable":true,"href":"https:\/\/www.exatron.com.br\/en\/wp-json\/wp\/v2\/aplicacao?post=10558"},{"taxonomy":"product_brand","embeddable":true,"href":"https:\/\/www.exatron.com.br\/en\/wp-json\/wp\/v2\/product_brand?post=10558"},{"taxonomy":"product_cat","embeddable":true,"href":"https:\/\/www.exatron.com.br\/en\/wp-json\/wp\/v2\/product_cat?post=10558"},{"taxonomy":"product_tag","embeddable":true,"href":"https:\/\/www.exatron.com.br\/en\/wp-json\/wp\/v2\/product_tag?post=10558"}],"curies":[{"name":"wp","href":"https:\/\/api.w.org\/{rel}","templated":true}]}}