{"id":10560,"date":"2025-12-08T15:08:34","date_gmt":"2025-12-08T15:08:34","guid":{"rendered":""},"modified":"2026-04-27T13:47:15","modified_gmt":"2026-04-27T16:47:15","slug":"rele-fotocontrolador-liga-dia-fd-falha-desligado","status":"publish","type":"product","link":"https:\/\/www.exatron.com.br\/en\/produtos\/rele-fotocontrolador-liga-dia-fd-falha-desligado\/","title":{"rendered":"Photocontroller Relay Day On \u2013 FD (Fault Off)"},"content":{"rendered":"<h3>Technical Specifications<\/h3>\n<ul>\n<li>Tens\u00e3o: 105~305V;<\/li>\n<li>Operating frequency: 50\/60Hz;<\/li>\n<li>Consumo: &lt;1W ou 10VA capacitivo;<\/li>\n<li>Luminosidade para ligar: at\u00e9 30 Lux;<\/li>\n<li>Luminosidade para desligar: entre 5 e 15 Lux;<\/li>\n<li>Initial state of the contacts: Normally open (NO);<\/li>\n<li>Modo de falha: Falha desligado (FD) \/ Fail-off;<\/li>\n<li>Modo de opera\u00e7\u00e3o: aciona a carga durante o dia e desliga durante a noite (Liga dia);<\/li>\n<li>Classifica\u00e7\u00e3o de retardo: AR (acionamento r\u00e1pido);<\/li>\n<li>Tecnologia: microcontrolado;<\/li>\n<li>Prote\u00e7\u00e3o contra surto: @1,2&#215;50\u00b5s: 10kV;<\/li>\n<li>Rigidez diel\u00e9trica: \u2265 2500V @ 1 minuto;<\/li>\n<li>Temperatura de opera\u00e7\u00e3o: -5\u00b0C a 50\u00b0C;<\/li>\n<li>Retardo, tr = tempo de resposta(s): (r\u00e1pido 0,5 &lt; tr &lt; 5);<\/li>\n<li>Time filter: double delay that prevents unintended activations due to sudden changes in brightness such as lightning, lasers, clouds, etc. Between 2 and 5 seconds to turn on or off;<\/li>\n<li>Material: Copo em resina policarbonato (PC) com prote\u00e7\u00e3o anti-UV, base em resina copol\u00edmero polipropileno (PP), gaxeta em PVC e pinos\/terminais em lat\u00e3o estanhado;<\/li>\n<li>Grau de prote\u00e7\u00e3o: IP65 (IP67 sob consulta);<\/li>\n<li>Garantia: 05 anos;<\/li>\n<li>Dimens\u00f5es: \u230076&#215;43,5&#215;54,8mm;<\/li>\n<li>Padr\u00e3o NBR5123;<\/li>\n<li>C\u00f3digo de opera\u00e7\u00e3o: T2LDFDRNAR;<\/li>\n<li>Inrush Control Technology: exclusivo sistema de comuta\u00e7\u00e3o pr\u00f3ximo ao zero da rede senoide, aumentando a vida \u00fatil da carga e do rel\u00e9;<\/li>\n<li>Mapa de marca\u00e7\u00e3o indel\u00e9vel do momento de retirada e coloca\u00e7\u00e3o em campo;<\/li>\n<li>Para comandar cargas acima da capacidade estipulada, utilize o Rel\u00e9 Fotocontrolador Eletr\u00f4nico em conjunto com uma Chave Comando de Grupo Exatron (de 30, 50 ou 60 amperes) dispon\u00edvel na vers\u00e3o de controle sub\/sobre tens\u00e3o;<\/li>\n<li>Sensor fotoc\u00e9lula de sil\u00edcio: fototransistor;<\/li>\n<li>Para o correto funcionamento deste produto, a pot\u00eancia m\u00ednima necess\u00e1ria de carga \u00e9 de 1W;<\/li>\n<li>Control power:<\/li>\n<\/ul>\n<figure class=\"table\">\n<table>\n<tbody>\n<tr>\n<td rowspan=\"3\"><strong>Capacidade de<\/strong><\/p>\n<p><strong>carga (l\u00e2mpadas)<\/strong><\/td>\n<td><strong>Voltage<\/strong><\/td>\n<td><strong>Resistiva<\/strong><\/td>\n<td><strong>Indutiva<\/strong><\/td>\n<td><strong>Corrigida<\/strong><\/td>\n<\/tr>\n<tr>\n<td>220V<\/td>\n<td>1000W<\/td>\n<td>1800VA<\/td>\n<td>500VA FP\u22650,92<\/td>\n<\/tr>\n<tr>\n<td>127V<\/td>\n<td>1000W<\/td>\n<td>1200VA<\/td>\n<td>500VA FP\u22650,92<\/td>\n<\/tr>\n<\/tbody>\n<\/table>\n<\/figure>\n<h3>Installation<\/h3>\n<p>Encaixe o rel\u00e9 LUXON AS na tomada padr\u00e3o NEMA &#8211; NBR5123 nas posi\u00e7\u00f5es correspondentes;<\/p>\n<p>Girar o rel\u00e9 no sentido hor\u00e1rio para travar.<\/p>","protected":false},"excerpt":{"rendered":"<p>O Rel\u00e9 Fotocontrolador Eletr\u00f4nico Exatron \u00e9 um rel\u00e9 fotoel\u00e9trico microcontrolado ideal para o acionamento de pontos luminosos e outras cargas. Este equipamento \u00e9 ideal para o acionamento de pontos luminosos e outras cargas. \u00c9 insens\u00edvel \u00e0s varia\u00e7\u00f5es bruscas de luminosidade, rel\u00e2mpagos e far\u00f3is.<\/p>\n<p>Pode ser instalado com qualquer tipo de l\u00e2mpada.<\/p>\n<p>O produto LUXON AS \u00e9 um modelo multitens\u00e3o, opera\u00e7\u00e3o liga dia (LD), falha desligado (FD), normalmente aberto (NA) e com acionamento r\u00e1pido (AR). \u00cdndice de prote\u00e7\u00e3o IP65 e material da tampa no policarbonato (PC) com anti-UV.<\/p>","protected":false},"featured_media":15062,"comment_status":"open","ping_status":"closed","template":"","meta":{"_acf_changed":false,"_joinchat":[]},"aplicacao":[98],"product_brand":[],"product_cat":[344,315],"product_tag":[532,518,511,509,513,566,515,512,522,514,508,567],"class_list":{"0":"post-10560","1":"product","2":"type-product","3":"status-publish","4":"has-post-thumbnail","6":"aplicacao-iluminacao-externa-reles","7":"product_cat-eletronico","8":"product_cat-reles-para-iluminacao","9":"product_tag-acionamento-rapido","10":"product_tag-falha-desligada","11":"product_tag-falha-desligado","12":"product_tag-iluminacao-publica","13":"product_tag-ip65","14":"product_tag-liga-dia","15":"product_tag-multitensao","16":"product_tag-normalmente-aberto","17":"product_tag-policarbonato","18":"product_tag-rele-eletronico","19":"product_tag-rele-fotocontrolador","20":"product_tag-rele-fotoeletronico","22":"first","23":"instock","24":"shipping-taxable","25":"purchasable","26":"product-type-simple"},"acf":[],"yoast_head":"<!-- This site is optimized with the Yoast SEO plugin v27.3 - https:\/\/yoast.com\/product\/yoast-seo-wordpress\/ -->\n<title>Rel\u00e9 Fotocontrolador Liga Dia \u2013 FD (Falha Desligado) - EXATRON<\/title>\n<meta name=\"description\" content=\"LUXON AS - Rel\u00e9 Fotocontrolador Liga Dia: Rel\u00e9 microcontrolado para lumin\u00e1rias, com acionamento diurno e insensibilidade a raios e far\u00f3is.\" \/>\n<meta name=\"robots\" content=\"index, follow, max-snippet:-1, max-image-preview:large, max-video-preview:-1\" \/>\n<link rel=\"canonical\" href=\"https:\/\/www.exatron.com.br\/en\/produtos\/rele-fotocontrolador-liga-dia-fd-falha-desligado\/\" \/>\n<meta property=\"og:locale\" content=\"en_US\" \/>\n<meta property=\"og:type\" content=\"article\" \/>\n<meta property=\"og:title\" content=\"Rel\u00e9 Fotocontrolador Liga Dia \u2013 FD (Falha Desligado) - EXATRON\" \/>\n<meta property=\"og:description\" content=\"LUXON AS - Rel\u00e9 Fotocontrolador Liga Dia: Rel\u00e9 microcontrolado para lumin\u00e1rias, com acionamento diurno e insensibilidade a raios e far\u00f3is.\" \/>\n<meta property=\"og:url\" content=\"https:\/\/www.exatron.com.br\/en\/produtos\/rele-fotocontrolador-liga-dia-fd-falha-desligado\/\" \/>\n<meta property=\"og:site_name\" content=\"EXATRON\" \/>\n<meta property=\"article:modified_time\" content=\"2026-04-27T16:47:15+00:00\" \/>\n<meta property=\"og:image\" content=\"https:\/\/www.exatron.com.br\/wp-content\/uploads\/luxon-as-7.png\" \/>\n\t<meta property=\"og:image:width\" content=\"1000\" \/>\n\t<meta property=\"og:image:height\" content=\"1000\" \/>\n\t<meta property=\"og:image:type\" content=\"image\/png\" \/>\n<meta name=\"twitter:card\" content=\"summary_large_image\" \/>\n<meta name=\"twitter:label1\" content=\"Est. reading time\" \/>\n\t<meta name=\"twitter:data1\" content=\"2 minutes\" \/>\n<script type=\"application\/ld+json\" class=\"yoast-schema-graph\">{\"@context\":\"https:\\\/\\\/schema.org\",\"@graph\":[{\"@type\":\"WebPage\",\"@id\":\"https:\\\/\\\/www.exatron.com.br\\\/produtos\\\/rele-fotocontrolador-liga-dia-fd-falha-desligado\\\/\",\"url\":\"https:\\\/\\\/www.exatron.com.br\\\/produtos\\\/rele-fotocontrolador-liga-dia-fd-falha-desligado\\\/\",\"name\":\"Rel\u00e9 Fotocontrolador Liga Dia \u2013 FD (Falha Desligado) - EXATRON\",\"isPartOf\":{\"@id\":\"https:\\\/\\\/www.exatron.com.br\\\/#website\"},\"primaryImageOfPage\":{\"@id\":\"https:\\\/\\\/www.exatron.com.br\\\/produtos\\\/rele-fotocontrolador-liga-dia-fd-falha-desligado\\\/#primaryimage\"},\"image\":{\"@id\":\"https:\\\/\\\/www.exatron.com.br\\\/produtos\\\/rele-fotocontrolador-liga-dia-fd-falha-desligado\\\/#primaryimage\"},\"thumbnailUrl\":\"https:\\\/\\\/www.exatron.com.br\\\/wp-content\\\/uploads\\\/luxon-as-7.png\",\"datePublished\":\"2025-12-08T15:08:34+00:00\",\"dateModified\":\"2026-04-27T16:47:15+00:00\",\"description\":\"LUXON AS - Rel\u00e9 Fotocontrolador Liga Dia: Rel\u00e9 microcontrolado para lumin\u00e1rias, com acionamento diurno e insensibilidade a raios e far\u00f3is.\",\"breadcrumb\":{\"@id\":\"https:\\\/\\\/www.exatron.com.br\\\/produtos\\\/rele-fotocontrolador-liga-dia-fd-falha-desligado\\\/#breadcrumb\"},\"inLanguage\":\"en-US\",\"potentialAction\":[{\"@type\":\"ReadAction\",\"target\":[\"https:\\\/\\\/www.exatron.com.br\\\/produtos\\\/rele-fotocontrolador-liga-dia-fd-falha-desligado\\\/\"]}]},{\"@type\":\"ImageObject\",\"inLanguage\":\"en-US\",\"@id\":\"https:\\\/\\\/www.exatron.com.br\\\/produtos\\\/rele-fotocontrolador-liga-dia-fd-falha-desligado\\\/#primaryimage\",\"url\":\"https:\\\/\\\/www.exatron.com.br\\\/wp-content\\\/uploads\\\/luxon-as-7.png\",\"contentUrl\":\"https:\\\/\\\/www.exatron.com.br\\\/wp-content\\\/uploads\\\/luxon-as-7.png\",\"width\":1000,\"height\":1000,\"caption\":\"O Rel\u00e9 Fotocontrolador Eletr\u00f4nico Exatron \u00e9 um rel\u00e9 fotoel\u00e9trico microcontrolado ideal para o acionamento de pontos luminosos e outras cargas.\"},{\"@type\":\"BreadcrumbList\",\"@id\":\"https:\\\/\\\/www.exatron.com.br\\\/produtos\\\/rele-fotocontrolador-liga-dia-fd-falha-desligado\\\/#breadcrumb\",\"itemListElement\":[{\"@type\":\"ListItem\",\"position\":1,\"name\":\"In\u00edcio\",\"item\":\"https:\\\/\\\/www.exatron.com.br\\\/\"},{\"@type\":\"ListItem\",\"position\":2,\"name\":\"Loja\",\"item\":\"https:\\\/\\\/www.exatron.com.br\\\/loja\\\/\"},{\"@type\":\"ListItem\",\"position\":3,\"name\":\"Rel\u00e9 Fotocontrolador Liga Dia \u2013 FD (Falha Desligado)\"}]},{\"@type\":\"WebSite\",\"@id\":\"https:\\\/\\\/www.exatron.com.br\\\/#website\",\"url\":\"https:\\\/\\\/www.exatron.com.br\\\/\",\"name\":\"EXATRON\",\"description\":\"\",\"publisher\":{\"@id\":\"https:\\\/\\\/www.exatron.com.br\\\/#organization\"},\"potentialAction\":[{\"@type\":\"SearchAction\",\"target\":{\"@type\":\"EntryPoint\",\"urlTemplate\":\"https:\\\/\\\/www.exatron.com.br\\\/?s={search_term_string}\"},\"query-input\":{\"@type\":\"PropertyValueSpecification\",\"valueRequired\":true,\"valueName\":\"search_term_string\"}}],\"inLanguage\":\"en-US\"},{\"@type\":\"Organization\",\"@id\":\"https:\\\/\\\/www.exatron.com.br\\\/#organization\",\"name\":\"EXATRON\",\"url\":\"https:\\\/\\\/www.exatron.com.br\\\/\",\"logo\":{\"@type\":\"ImageObject\",\"inLanguage\":\"en-US\",\"@id\":\"https:\\\/\\\/www.exatron.com.br\\\/#\\\/schema\\\/logo\\\/image\\\/\",\"url\":\"https:\\\/\\\/www.exatron.com.br\\\/wp-content\\\/uploads\\\/2024\\\/11\\\/default-kit.png\",\"contentUrl\":\"https:\\\/\\\/www.exatron.com.br\\\/wp-content\\\/uploads\\\/2024\\\/11\\\/default-kit.png\",\"width\":956,\"height\":192,\"caption\":\"EXATRON\"},\"image\":{\"@id\":\"https:\\\/\\\/www.exatron.com.br\\\/#\\\/schema\\\/logo\\\/image\\\/\"}}]}<\/script>\n<!-- \/ Yoast SEO plugin. -->","yoast_head_json":{"title":"Rel\u00e9 Fotocontrolador Liga Dia \u2013 FD (Falha Desligado) - EXATRON","description":"LUXON AS - Rel\u00e9 Fotocontrolador Liga Dia: Rel\u00e9 microcontrolado para lumin\u00e1rias, com acionamento diurno e insensibilidade a raios e far\u00f3is.","robots":{"index":"index","follow":"follow","max-snippet":"max-snippet:-1","max-image-preview":"max-image-preview:large","max-video-preview":"max-video-preview:-1"},"canonical":"https:\/\/www.exatron.com.br\/en\/produtos\/rele-fotocontrolador-liga-dia-fd-falha-desligado\/","og_locale":"en_US","og_type":"article","og_title":"Rel\u00e9 Fotocontrolador Liga Dia \u2013 FD (Falha Desligado) - EXATRON","og_description":"LUXON AS - Rel\u00e9 Fotocontrolador Liga Dia: Rel\u00e9 microcontrolado para lumin\u00e1rias, com acionamento diurno e insensibilidade a raios e far\u00f3is.","og_url":"https:\/\/www.exatron.com.br\/en\/produtos\/rele-fotocontrolador-liga-dia-fd-falha-desligado\/","og_site_name":"EXATRON","article_modified_time":"2026-04-27T16:47:15+00:00","og_image":[{"width":1000,"height":1000,"url":"https:\/\/www.exatron.com.br\/wp-content\/uploads\/luxon-as-7.png","type":"image\/png"}],"twitter_card":"summary_large_image","twitter_misc":{"Est. reading time":"2 minutes"},"schema":{"@context":"https:\/\/schema.org","@graph":[{"@type":"WebPage","@id":"https:\/\/www.exatron.com.br\/produtos\/rele-fotocontrolador-liga-dia-fd-falha-desligado\/","url":"https:\/\/www.exatron.com.br\/produtos\/rele-fotocontrolador-liga-dia-fd-falha-desligado\/","name":"Rel\u00e9 Fotocontrolador Liga Dia \u2013 FD (Falha Desligado) - EXATRON","isPartOf":{"@id":"https:\/\/www.exatron.com.br\/#website"},"primaryImageOfPage":{"@id":"https:\/\/www.exatron.com.br\/produtos\/rele-fotocontrolador-liga-dia-fd-falha-desligado\/#primaryimage"},"image":{"@id":"https:\/\/www.exatron.com.br\/produtos\/rele-fotocontrolador-liga-dia-fd-falha-desligado\/#primaryimage"},"thumbnailUrl":"https:\/\/www.exatron.com.br\/wp-content\/uploads\/luxon-as-7.png","datePublished":"2025-12-08T15:08:34+00:00","dateModified":"2026-04-27T16:47:15+00:00","description":"LUXON AS - Rel\u00e9 Fotocontrolador Liga Dia: Rel\u00e9 microcontrolado para lumin\u00e1rias, com acionamento diurno e insensibilidade a raios e far\u00f3is.","breadcrumb":{"@id":"https:\/\/www.exatron.com.br\/produtos\/rele-fotocontrolador-liga-dia-fd-falha-desligado\/#breadcrumb"},"inLanguage":"en-US","potentialAction":[{"@type":"ReadAction","target":["https:\/\/www.exatron.com.br\/produtos\/rele-fotocontrolador-liga-dia-fd-falha-desligado\/"]}]},{"@type":"ImageObject","inLanguage":"en-US","@id":"https:\/\/www.exatron.com.br\/produtos\/rele-fotocontrolador-liga-dia-fd-falha-desligado\/#primaryimage","url":"https:\/\/www.exatron.com.br\/wp-content\/uploads\/luxon-as-7.png","contentUrl":"https:\/\/www.exatron.com.br\/wp-content\/uploads\/luxon-as-7.png","width":1000,"height":1000,"caption":"O Rel\u00e9 Fotocontrolador Eletr\u00f4nico Exatron \u00e9 um rel\u00e9 fotoel\u00e9trico microcontrolado ideal para o acionamento de pontos luminosos e outras cargas."},{"@type":"BreadcrumbList","@id":"https:\/\/www.exatron.com.br\/produtos\/rele-fotocontrolador-liga-dia-fd-falha-desligado\/#breadcrumb","itemListElement":[{"@type":"ListItem","position":1,"name":"In\u00edcio","item":"https:\/\/www.exatron.com.br\/"},{"@type":"ListItem","position":2,"name":"Loja","item":"https:\/\/www.exatron.com.br\/loja\/"},{"@type":"ListItem","position":3,"name":"Rel\u00e9 Fotocontrolador Liga Dia \u2013 FD (Falha Desligado)"}]},{"@type":"WebSite","@id":"https:\/\/www.exatron.com.br\/#website","url":"https:\/\/www.exatron.com.br\/","name":"EXATRON","description":"","publisher":{"@id":"https:\/\/www.exatron.com.br\/#organization"},"potentialAction":[{"@type":"SearchAction","target":{"@type":"EntryPoint","urlTemplate":"https:\/\/www.exatron.com.br\/?s={search_term_string}"},"query-input":{"@type":"PropertyValueSpecification","valueRequired":true,"valueName":"search_term_string"}}],"inLanguage":"en-US"},{"@type":"Organization","@id":"https:\/\/www.exatron.com.br\/#organization","name":"EXATRON","url":"https:\/\/www.exatron.com.br\/","logo":{"@type":"ImageObject","inLanguage":"en-US","@id":"https:\/\/www.exatron.com.br\/#\/schema\/logo\/image\/","url":"https:\/\/www.exatron.com.br\/wp-content\/uploads\/2024\/11\/default-kit.png","contentUrl":"https:\/\/www.exatron.com.br\/wp-content\/uploads\/2024\/11\/default-kit.png","width":956,"height":192,"caption":"EXATRON"},"image":{"@id":"https:\/\/www.exatron.com.br\/#\/schema\/logo\/image\/"}}]}},"_links":{"self":[{"href":"https:\/\/www.exatron.com.br\/en\/wp-json\/wp\/v2\/product\/10560","targetHints":{"allow":["GET"]}}],"collection":[{"href":"https:\/\/www.exatron.com.br\/en\/wp-json\/wp\/v2\/product"}],"about":[{"href":"https:\/\/www.exatron.com.br\/en\/wp-json\/wp\/v2\/types\/product"}],"replies":[{"embeddable":true,"href":"https:\/\/www.exatron.com.br\/en\/wp-json\/wp\/v2\/comments?post=10560"}],"wp:featuredmedia":[{"embeddable":true,"href":"https:\/\/www.exatron.com.br\/en\/wp-json\/wp\/v2\/media\/15062"}],"wp:attachment":[{"href":"https:\/\/www.exatron.com.br\/en\/wp-json\/wp\/v2\/media?parent=10560"}],"wp:term":[{"taxonomy":"aplicacao","embeddable":true,"href":"https:\/\/www.exatron.com.br\/en\/wp-json\/wp\/v2\/aplicacao?post=10560"},{"taxonomy":"product_brand","embeddable":true,"href":"https:\/\/www.exatron.com.br\/en\/wp-json\/wp\/v2\/product_brand?post=10560"},{"taxonomy":"product_cat","embeddable":true,"href":"https:\/\/www.exatron.com.br\/en\/wp-json\/wp\/v2\/product_cat?post=10560"},{"taxonomy":"product_tag","embeddable":true,"href":"https:\/\/www.exatron.com.br\/en\/wp-json\/wp\/v2\/product_tag?post=10560"}],"curies":[{"name":"wp","href":"https:\/\/api.w.org\/{rel}","templated":true}]}}