{"id":10562,"date":"2025-12-08T15:08:34","date_gmt":"2025-12-08T15:08:34","guid":{"rendered":""},"modified":"2026-04-23T13:48:50","modified_gmt":"2026-04-23T16:48:50","slug":"dispositivo-de-protecao-contra-surtos-slim-din-dps-bivolt-45-ka","status":"publish","type":"product","link":"https:\/\/www.exatron.com.br\/en\/produtos\/dispositivo-de-protecao-contra-surtos-slim-din-dps-bivolt-45-ka\/","title":{"rendered":"DPS \u2013 1P, 45kA, Bivolt"},"content":{"rendered":"<h3>Technical Specifications<\/h3>\n<ul>\n<li>Tens\u00e3o de opera\u00e7\u00e3o AC nominal (Un): 220V;<\/li>\n<li>Tens\u00e3o m\u00e1xima AC de opera\u00e7\u00e3o cont\u00ednua (Uc): 275V;<\/li>\n<li>M\u00e1xima tens\u00e3o ceifada @1,2KA: &lt;750V;<\/li>\n<li>M\u00e1xima tens\u00e3o ceifada @In (Up): &lt;1,3kV;<\/li>\n<li>Resist\u00eancia de isolamento @500VDC &gt;100M\u03a9;<\/li>\n<li>Corrente m\u00e1xima de descarga Imax (8\/20\u03bcs): 45kA;<\/li>\n<li>Corrente nominal de descarga In (8\/20\u03bcs): 20kA;<\/li>\n<li>M\u00e1xima energia @2ms: 400J;<\/li>\n<li>Tempo de resposta: &lt;25ns;<\/li>\n<li>Temperatura de opera\u00e7\u00e3o: -40 a 80\u00b0C;<\/li>\n<li>Umidade relativa: De 5 a 95%;<\/li>\n<li>Se\u00e7\u00e3o dos condutores de conex\u00e3o: 6 a 16 mm\u00b2;<\/li>\n<li>Torque de aperto dos terminais: 2-3Nm;<\/li>\n<li>Tipo de fixa\u00e7\u00e3o: Trilho DIN 35 mm;<\/li>\n<li>Dimens\u00f5es: 90&#215;66,5x18mm;<\/li>\n<li>DPS Classe: 2 e 3;<\/li>\n<li>M\u00f3dulo de opera\u00e7\u00e3o: Cartucho plug\u00e1vel;<\/li>\n<li>Padr\u00e3o: ABNT NBR IEC 61643-1;<\/li>\n<li>Corrente de fuga: &lt;10mA;<\/li>\n<li>M\u00e1xima tens\u00e3o AC tempor\u00e1ria @5seg: 300V;<\/li>\n<li>Fus\u00edvel recomendado: 125A gL\/gG;<\/li>\n<li>Frequ\u00eancia da rede: 50\/60Hz;<\/li>\n<li>Instala\u00e7\u00e3o: Uso em ambiente interno;<\/li>\n<li>Sinaliza\u00e7\u00e3o de opera\u00e7\u00e3o do produto: Verde = em servi\u00e7o \/ Vermelho = inoperante (queimado). Em caso de queima, o DPS dever\u00e1 ser substitu\u00eddo);<\/li>\n<li>Modo de prote\u00e7\u00e3o por desconex\u00e3o t\u00e9rmica;<\/li>\n<li>Tecnologia de prote\u00e7\u00e3o varistor de oxido met\u00e1lico (MOV);<\/li>\n<li>Material: Poliamida com propriedades anti-chama;<\/li>\n<li>Grau de prote\u00e7\u00e3o: IP20.<\/li>\n<\/ul>\n<h3>Installation<\/h3>\n<p>Para garantir a prote\u00e7\u00e3o cont\u00ednua da linha (rede) na qual o DPS foi instalado, \u00e9 necess\u00e1rio que seja feito uma inspe\u00e7\u00e3o peri\u00f3dica no dispositivo, verificando seu estado de funcionamento. Se a instala\u00e7\u00e3o no CD ou junto do equipamento que se deseja proteger individualmente foi invi\u00e1vel e o DPS tiver que ser instalado distante do ponto de conex\u00e3o, recomenda-se utilizar o borne do dispositivo como ponto de continuidade para a alimenta\u00e7\u00e3o da carga a ser protegida, conforme NBR5410. Utilize equipamentos de prote\u00e7\u00e3o e ferramentas adequadas na instala\u00e7\u00e3o.<\/p>\n<p>A instala\u00e7\u00e3o do DPS \u00e9 em paralelo aos circuitos e n\u00e3o interrompe a corrente el\u00e9trica caso o mesmo esteja fora de opera\u00e7\u00e3o. Tipo de liga\u00e7\u00e3o utilizada quando o condutor neutro for aterrado.<\/p>","protected":false},"excerpt":{"rendered":"<p>O Dispositivo de prote\u00e7\u00e3o contra surtos slim Bivolt &#8211; 45KA (DPSI0SD45-1P) da Exatron \u00e9 um equipamento monopolar com tecnologia MOV (ZnO), capaz de limitar surtos el\u00e9tricos em instala\u00e7\u00f5es de baixa tens\u00e3o, provocados por descargas atmosf\u00e9ricas e manobras no sistema el\u00e9trico. Este equipamento possui um dispositivo termomec\u00e2nico que sinaliza o estado de funcionamento.<\/p>","protected":false},"featured_media":13398,"comment_status":"open","ping_status":"closed","template":"","meta":{"_acf_changed":false,"_joinchat":[]},"aplicacao":[269],"product_brand":[],"product_cat":[314],"product_tag":[629,936,935,941,939],"class_list":{"0":"post-10562","1":"product","2":"type-product","3":"status-publish","4":"has-post-thumbnail","6":"aplicacao-seguranca-de-rede-eletrica-baixa-tensao","7":"product_cat-dps","8":"product_tag-bivolt","9":"product_tag-dispositivo-de-protecao-contra-surtos","10":"product_tag-dps","11":"product_tag-dps-45ka","12":"product_tag-dps-slim","14":"first","15":"instock","16":"shipping-taxable","17":"purchasable","18":"product-type-simple"},"acf":[],"yoast_head":"<!-- This site is optimized with the Yoast SEO plugin v27.3 - https:\/\/yoast.com\/product\/yoast-seo-wordpress\/ -->\n<title>DPS \u2013 1P, 45kA, Bivolt - EXATRON<\/title>\n<meta name=\"description\" content=\"Prote\u00e7\u00e3o contra surtos el\u00e9tricos de at\u00e9 45kA em instala\u00e7\u00f5es de baixa tens\u00e3o. Indica\u00e7\u00e3o de funcionamento verde\/vermelha e cartucho plug\u00e1vel.\" \/>\n<meta name=\"robots\" content=\"index, follow, max-snippet:-1, max-image-preview:large, max-video-preview:-1\" \/>\n<link rel=\"canonical\" href=\"https:\/\/www.exatron.com.br\/en\/produtos\/dispositivo-de-protecao-contra-surtos-slim-din-dps-bivolt-45-ka\/\" \/>\n<meta property=\"og:locale\" content=\"en_US\" \/>\n<meta property=\"og:type\" content=\"article\" \/>\n<meta property=\"og:title\" content=\"DPS \u2013 1P, 45kA, Bivolt - EXATRON\" \/>\n<meta property=\"og:description\" content=\"Prote\u00e7\u00e3o contra surtos el\u00e9tricos de at\u00e9 45kA em instala\u00e7\u00f5es de baixa tens\u00e3o. Indica\u00e7\u00e3o de funcionamento verde\/vermelha e cartucho plug\u00e1vel.\" \/>\n<meta property=\"og:url\" content=\"https:\/\/www.exatron.com.br\/en\/produtos\/dispositivo-de-protecao-contra-surtos-slim-din-dps-bivolt-45-ka\/\" \/>\n<meta property=\"og:site_name\" content=\"EXATRON\" \/>\n<meta property=\"article:modified_time\" content=\"2026-04-23T16:48:50+00:00\" \/>\n<meta property=\"og:image\" content=\"https:\/\/www.exatron.com.br\/wp-content\/uploads\/dpsi0sd45-1p.jpg\" \/>\n\t<meta property=\"og:image:width\" content=\"540\" \/>\n\t<meta property=\"og:image:height\" content=\"540\" \/>\n\t<meta property=\"og:image:type\" content=\"image\/jpeg\" \/>\n<meta name=\"twitter:card\" content=\"summary_large_image\" \/>\n<meta name=\"twitter:label1\" content=\"Est. reading time\" \/>\n\t<meta name=\"twitter:data1\" content=\"2 minutes\" \/>\n<script type=\"application\/ld+json\" class=\"yoast-schema-graph\">{\"@context\":\"https:\\\/\\\/schema.org\",\"@graph\":[{\"@type\":\"WebPage\",\"@id\":\"https:\\\/\\\/www.exatron.com.br\\\/produtos\\\/dispositivo-de-protecao-contra-surtos-slim-din-dps-bivolt-45-ka\\\/\",\"url\":\"https:\\\/\\\/www.exatron.com.br\\\/produtos\\\/dispositivo-de-protecao-contra-surtos-slim-din-dps-bivolt-45-ka\\\/\",\"name\":\"DPS \u2013 1P, 45kA, Bivolt - EXATRON\",\"isPartOf\":{\"@id\":\"https:\\\/\\\/www.exatron.com.br\\\/#website\"},\"primaryImageOfPage\":{\"@id\":\"https:\\\/\\\/www.exatron.com.br\\\/produtos\\\/dispositivo-de-protecao-contra-surtos-slim-din-dps-bivolt-45-ka\\\/#primaryimage\"},\"image\":{\"@id\":\"https:\\\/\\\/www.exatron.com.br\\\/produtos\\\/dispositivo-de-protecao-contra-surtos-slim-din-dps-bivolt-45-ka\\\/#primaryimage\"},\"thumbnailUrl\":\"https:\\\/\\\/www.exatron.com.br\\\/wp-content\\\/uploads\\\/dpsi0sd45-1p.jpg\",\"datePublished\":\"2025-12-08T15:08:34+00:00\",\"dateModified\":\"2026-04-23T16:48:50+00:00\",\"description\":\"Prote\u00e7\u00e3o contra surtos el\u00e9tricos de at\u00e9 45kA em instala\u00e7\u00f5es de baixa tens\u00e3o. Indica\u00e7\u00e3o de funcionamento verde\\\/vermelha e cartucho plug\u00e1vel.\",\"breadcrumb\":{\"@id\":\"https:\\\/\\\/www.exatron.com.br\\\/produtos\\\/dispositivo-de-protecao-contra-surtos-slim-din-dps-bivolt-45-ka\\\/#breadcrumb\"},\"inLanguage\":\"en-US\",\"potentialAction\":[{\"@type\":\"ReadAction\",\"target\":[\"https:\\\/\\\/www.exatron.com.br\\\/produtos\\\/dispositivo-de-protecao-contra-surtos-slim-din-dps-bivolt-45-ka\\\/\"]}]},{\"@type\":\"ImageObject\",\"inLanguage\":\"en-US\",\"@id\":\"https:\\\/\\\/www.exatron.com.br\\\/produtos\\\/dispositivo-de-protecao-contra-surtos-slim-din-dps-bivolt-45-ka\\\/#primaryimage\",\"url\":\"https:\\\/\\\/www.exatron.com.br\\\/wp-content\\\/uploads\\\/dpsi0sd45-1p.jpg\",\"contentUrl\":\"https:\\\/\\\/www.exatron.com.br\\\/wp-content\\\/uploads\\\/dpsi0sd45-1p.jpg\",\"width\":540,\"height\":540,\"caption\":\"O Dispositivo de prote\u00e7\u00e3o contra surtos slim Bivolt - 45KA (DPSI0SD45-1P) da Exatron \u00e9 um equipamento monopolar com tecnologia MOV (ZnO), capaz de limitar surtos el\u00e9tricos em instala\u00e7\u00f5es de baixa tens\u00e3o, provocados por descargas atmosf\u00e9ricas e manobras no sistema el\u00e9trico.\"},{\"@type\":\"BreadcrumbList\",\"@id\":\"https:\\\/\\\/www.exatron.com.br\\\/produtos\\\/dispositivo-de-protecao-contra-surtos-slim-din-dps-bivolt-45-ka\\\/#breadcrumb\",\"itemListElement\":[{\"@type\":\"ListItem\",\"position\":1,\"name\":\"In\u00edcio\",\"item\":\"https:\\\/\\\/www.exatron.com.br\\\/\"},{\"@type\":\"ListItem\",\"position\":2,\"name\":\"Loja\",\"item\":\"https:\\\/\\\/www.exatron.com.br\\\/loja\\\/\"},{\"@type\":\"ListItem\",\"position\":3,\"name\":\"DPS \u2013 1P, 45kA, Bivolt\"}]},{\"@type\":\"WebSite\",\"@id\":\"https:\\\/\\\/www.exatron.com.br\\\/#website\",\"url\":\"https:\\\/\\\/www.exatron.com.br\\\/\",\"name\":\"EXATRON\",\"description\":\"\",\"publisher\":{\"@id\":\"https:\\\/\\\/www.exatron.com.br\\\/#organization\"},\"potentialAction\":[{\"@type\":\"SearchAction\",\"target\":{\"@type\":\"EntryPoint\",\"urlTemplate\":\"https:\\\/\\\/www.exatron.com.br\\\/?s={search_term_string}\"},\"query-input\":{\"@type\":\"PropertyValueSpecification\",\"valueRequired\":true,\"valueName\":\"search_term_string\"}}],\"inLanguage\":\"en-US\"},{\"@type\":\"Organization\",\"@id\":\"https:\\\/\\\/www.exatron.com.br\\\/#organization\",\"name\":\"EXATRON\",\"url\":\"https:\\\/\\\/www.exatron.com.br\\\/\",\"logo\":{\"@type\":\"ImageObject\",\"inLanguage\":\"en-US\",\"@id\":\"https:\\\/\\\/www.exatron.com.br\\\/#\\\/schema\\\/logo\\\/image\\\/\",\"url\":\"https:\\\/\\\/www.exatron.com.br\\\/wp-content\\\/uploads\\\/2024\\\/11\\\/default-kit.png\",\"contentUrl\":\"https:\\\/\\\/www.exatron.com.br\\\/wp-content\\\/uploads\\\/2024\\\/11\\\/default-kit.png\",\"width\":956,\"height\":192,\"caption\":\"EXATRON\"},\"image\":{\"@id\":\"https:\\\/\\\/www.exatron.com.br\\\/#\\\/schema\\\/logo\\\/image\\\/\"}}]}<\/script>\n<!-- \/ Yoast SEO plugin. -->","yoast_head_json":{"title":"DPS \u2013 1P, 45kA, Bivolt - EXATRON","description":"Prote\u00e7\u00e3o contra surtos el\u00e9tricos de at\u00e9 45kA em instala\u00e7\u00f5es de baixa tens\u00e3o. Indica\u00e7\u00e3o de funcionamento verde\/vermelha e cartucho plug\u00e1vel.","robots":{"index":"index","follow":"follow","max-snippet":"max-snippet:-1","max-image-preview":"max-image-preview:large","max-video-preview":"max-video-preview:-1"},"canonical":"https:\/\/www.exatron.com.br\/en\/produtos\/dispositivo-de-protecao-contra-surtos-slim-din-dps-bivolt-45-ka\/","og_locale":"en_US","og_type":"article","og_title":"DPS \u2013 1P, 45kA, Bivolt - EXATRON","og_description":"Prote\u00e7\u00e3o contra surtos el\u00e9tricos de at\u00e9 45kA em instala\u00e7\u00f5es de baixa tens\u00e3o. Indica\u00e7\u00e3o de funcionamento verde\/vermelha e cartucho plug\u00e1vel.","og_url":"https:\/\/www.exatron.com.br\/en\/produtos\/dispositivo-de-protecao-contra-surtos-slim-din-dps-bivolt-45-ka\/","og_site_name":"EXATRON","article_modified_time":"2026-04-23T16:48:50+00:00","og_image":[{"width":540,"height":540,"url":"https:\/\/www.exatron.com.br\/wp-content\/uploads\/dpsi0sd45-1p.jpg","type":"image\/jpeg"}],"twitter_card":"summary_large_image","twitter_misc":{"Est. reading time":"2 minutes"},"schema":{"@context":"https:\/\/schema.org","@graph":[{"@type":"WebPage","@id":"https:\/\/www.exatron.com.br\/produtos\/dispositivo-de-protecao-contra-surtos-slim-din-dps-bivolt-45-ka\/","url":"https:\/\/www.exatron.com.br\/produtos\/dispositivo-de-protecao-contra-surtos-slim-din-dps-bivolt-45-ka\/","name":"DPS \u2013 1P, 45kA, Bivolt - EXATRON","isPartOf":{"@id":"https:\/\/www.exatron.com.br\/#website"},"primaryImageOfPage":{"@id":"https:\/\/www.exatron.com.br\/produtos\/dispositivo-de-protecao-contra-surtos-slim-din-dps-bivolt-45-ka\/#primaryimage"},"image":{"@id":"https:\/\/www.exatron.com.br\/produtos\/dispositivo-de-protecao-contra-surtos-slim-din-dps-bivolt-45-ka\/#primaryimage"},"thumbnailUrl":"https:\/\/www.exatron.com.br\/wp-content\/uploads\/dpsi0sd45-1p.jpg","datePublished":"2025-12-08T15:08:34+00:00","dateModified":"2026-04-23T16:48:50+00:00","description":"Prote\u00e7\u00e3o contra surtos el\u00e9tricos de at\u00e9 45kA em instala\u00e7\u00f5es de baixa tens\u00e3o. Indica\u00e7\u00e3o de funcionamento verde\/vermelha e cartucho plug\u00e1vel.","breadcrumb":{"@id":"https:\/\/www.exatron.com.br\/produtos\/dispositivo-de-protecao-contra-surtos-slim-din-dps-bivolt-45-ka\/#breadcrumb"},"inLanguage":"en-US","potentialAction":[{"@type":"ReadAction","target":["https:\/\/www.exatron.com.br\/produtos\/dispositivo-de-protecao-contra-surtos-slim-din-dps-bivolt-45-ka\/"]}]},{"@type":"ImageObject","inLanguage":"en-US","@id":"https:\/\/www.exatron.com.br\/produtos\/dispositivo-de-protecao-contra-surtos-slim-din-dps-bivolt-45-ka\/#primaryimage","url":"https:\/\/www.exatron.com.br\/wp-content\/uploads\/dpsi0sd45-1p.jpg","contentUrl":"https:\/\/www.exatron.com.br\/wp-content\/uploads\/dpsi0sd45-1p.jpg","width":540,"height":540,"caption":"O Dispositivo de prote\u00e7\u00e3o contra surtos slim Bivolt - 45KA (DPSI0SD45-1P) da Exatron \u00e9 um equipamento monopolar com tecnologia MOV (ZnO), capaz de limitar surtos el\u00e9tricos em instala\u00e7\u00f5es de baixa tens\u00e3o, provocados por descargas atmosf\u00e9ricas e manobras no sistema el\u00e9trico."},{"@type":"BreadcrumbList","@id":"https:\/\/www.exatron.com.br\/produtos\/dispositivo-de-protecao-contra-surtos-slim-din-dps-bivolt-45-ka\/#breadcrumb","itemListElement":[{"@type":"ListItem","position":1,"name":"In\u00edcio","item":"https:\/\/www.exatron.com.br\/"},{"@type":"ListItem","position":2,"name":"Loja","item":"https:\/\/www.exatron.com.br\/loja\/"},{"@type":"ListItem","position":3,"name":"DPS \u2013 1P, 45kA, Bivolt"}]},{"@type":"WebSite","@id":"https:\/\/www.exatron.com.br\/#website","url":"https:\/\/www.exatron.com.br\/","name":"EXATRON","description":"","publisher":{"@id":"https:\/\/www.exatron.com.br\/#organization"},"potentialAction":[{"@type":"SearchAction","target":{"@type":"EntryPoint","urlTemplate":"https:\/\/www.exatron.com.br\/?s={search_term_string}"},"query-input":{"@type":"PropertyValueSpecification","valueRequired":true,"valueName":"search_term_string"}}],"inLanguage":"en-US"},{"@type":"Organization","@id":"https:\/\/www.exatron.com.br\/#organization","name":"EXATRON","url":"https:\/\/www.exatron.com.br\/","logo":{"@type":"ImageObject","inLanguage":"en-US","@id":"https:\/\/www.exatron.com.br\/#\/schema\/logo\/image\/","url":"https:\/\/www.exatron.com.br\/wp-content\/uploads\/2024\/11\/default-kit.png","contentUrl":"https:\/\/www.exatron.com.br\/wp-content\/uploads\/2024\/11\/default-kit.png","width":956,"height":192,"caption":"EXATRON"},"image":{"@id":"https:\/\/www.exatron.com.br\/#\/schema\/logo\/image\/"}}]}},"_links":{"self":[{"href":"https:\/\/www.exatron.com.br\/en\/wp-json\/wp\/v2\/product\/10562","targetHints":{"allow":["GET"]}}],"collection":[{"href":"https:\/\/www.exatron.com.br\/en\/wp-json\/wp\/v2\/product"}],"about":[{"href":"https:\/\/www.exatron.com.br\/en\/wp-json\/wp\/v2\/types\/product"}],"replies":[{"embeddable":true,"href":"https:\/\/www.exatron.com.br\/en\/wp-json\/wp\/v2\/comments?post=10562"}],"wp:featuredmedia":[{"embeddable":true,"href":"https:\/\/www.exatron.com.br\/en\/wp-json\/wp\/v2\/media\/13398"}],"wp:attachment":[{"href":"https:\/\/www.exatron.com.br\/en\/wp-json\/wp\/v2\/media?parent=10562"}],"wp:term":[{"taxonomy":"aplicacao","embeddable":true,"href":"https:\/\/www.exatron.com.br\/en\/wp-json\/wp\/v2\/aplicacao?post=10562"},{"taxonomy":"product_brand","embeddable":true,"href":"https:\/\/www.exatron.com.br\/en\/wp-json\/wp\/v2\/product_brand?post=10562"},{"taxonomy":"product_cat","embeddable":true,"href":"https:\/\/www.exatron.com.br\/en\/wp-json\/wp\/v2\/product_cat?post=10562"},{"taxonomy":"product_tag","embeddable":true,"href":"https:\/\/www.exatron.com.br\/en\/wp-json\/wp\/v2\/product_tag?post=10562"}],"curies":[{"name":"wp","href":"https:\/\/api.w.org\/{rel}","templated":true}]}}