{"id":10572,"date":"2025-12-08T15:08:35","date_gmt":"2025-12-08T15:08:35","guid":{"rendered":""},"modified":"2026-04-23T08:31:32","modified_gmt":"2026-04-23T11:31:32","slug":"chave-comando-de-grupo-2-x-50-com-disjuntor","status":"publish","type":"product","link":"https:\/\/www.exatron.com.br\/en\/produtos\/chave-comando-de-grupo-2-x-50-com-disjuntor\/","title":{"rendered":"Chave Comando de Grupo &#8211; 2 x 50 com Disjuntor"},"content":{"rendered":"<h3>Technical Specifications<\/h3>\n<p>\u2022\u00a0Tens\u00e3o: 127 ou 220V~ 50\/60Hz. Dependendo do modelo.<\/p>\n<p>\u2022\u00a0Corpo de alum\u00ednio repuxado de alta resist\u00eancia;<\/p>\n<p>\u2022\u00a0Suporte de montagem em nylon refor\u00e7ado com fibra de vidro, com giro de 360\u00b0 que permite o posicionamento ideal da chave.<\/p>\n<p>\u2022\u00a0Suporte de fixa\u00e7\u00e3o em a\u00e7o carbono, zincado a fogo.<\/p>\n<p>\u2022\u00a0Acionamento magn\u00e9tico atrav\u00e9s de contactora.<\/p>\n<p>\u2022\u00a0Chave extra para acionamento de disjuntor;<\/p>\n<p>\u2022\u00a0Contatos: NA (normalmente aberto).<\/p>\n<p>\u2022\u00a0Corrente\u00a0nominal: 50 A (AC3).<\/p>\n<p>\u2022\u00a0N\u00famero de p\u00f3los: 2 (dois).<\/p>\n<p>\u2022\u00a0Prote\u00e7\u00e3o: por disjuntor termomagn\u00e9tico com al\u00e7a de rearme externa.<\/p>\n<p>\u2022\u00a0Tomada (base) embutida.<\/p>\n<p>\u2022\u00a0Corrente m\u00e1xima de carga X tipo de cargas:<\/p>\n<p><i>AC4\/AC5A = 16A &#8211;\u00a0Carga indutiva com fator de pot\u00eancia corrigido por capacitor e l\u00e2mpadas de descarga (Ex: L\u00e2mpadas Vapor de S\u00f3dio, Vapor Met\u00e1lico, Vapor Merc\u00fario Alta e Baixa Press\u00e3o).<\/i><\/p>\n<p><i>DRIVE LED = 16A (fator pot\u00eancia corrigido &gt;0,8)<\/i><\/p>\n<p><i>AC5B = 50A &#8211; L\u00e2mpadas incandescentes.<\/i><\/p>\n<p>\u2022\u00a0Garantia: 1 ano.<\/p>\n<h3>Installation<\/h3>\n<p>Para a sua seguran\u00e7a, desligue a chave geral no momento da instala\u00e7\u00e3o de materiais el\u00e9tricos. Em caso de d\u00favidas, procure um eletricista.<\/p>","protected":false},"excerpt":{"rendered":"<p>A Chave Comando de Grupo (BDC_DA) \u00e9 utilizada para o controle de pot\u00eancia em redes de ilumina\u00e7\u00e3o, \u00e9 acionada por um rel\u00e9 fotel\u00e9trico ou rel\u00e9 fotimer e pode ser usada em ilumina\u00e7\u00e3o de vias p\u00fablicas, jardins, clubes, condom\u00ednios, pra\u00e7as, quadras esportivas, estacionamentos e luminosos. Este equipamento possui contatos do tipo NA (normalmente aberto) e deve ser utilizada com rel\u00e9 fotel\u00e9trico que liga \u00e0 noite ou rel\u00e9 fotimer.<\/p>\n<p>O rel\u00e9 fotel\u00e9trico ou o rel\u00e9 fotimer n\u00e3o fazem parte do produto Chave Comando de Grupo.<\/p>","protected":false},"featured_media":14745,"comment_status":"open","ping_status":"closed","template":"","meta":{"_acf_changed":false,"_joinchat":[]},"aplicacao":[],"product_brand":[],"product_cat":[320],"product_tag":[932,933],"class_list":{"0":"post-10572","1":"product","2":"type-product","3":"status-publish","4":"has-post-thumbnail","6":"product_cat-chave-comando-de-grupo","7":"product_tag-chave-magnetica-para-comando-de-iluminacao-em-grupo","8":"product_tag-grupo-de-comando","10":"first","11":"onbackorder","12":"shipping-taxable","13":"product-type-simple"},"acf":[],"yoast_head":"<!-- This site is optimized with the Yoast SEO plugin v27.3 - https:\/\/yoast.com\/product\/yoast-seo-wordpress\/ -->\n<title>Chave Comando de Grupo - 2 x 50 com Disjuntor - EXATRON<\/title>\n<meta name=\"description\" content=\"Chave Comando de Grupo 2 x 50 com Disjuntor (BDC_DA) Exatron: controla ilumina\u00e7\u00e3o p\u00fablica, jardins e pra\u00e7as. Compat\u00edvel com rel\u00e9 fotel\u00e9trico e fotimer.\" \/>\n<meta name=\"robots\" content=\"index, follow, max-snippet:-1, max-image-preview:large, max-video-preview:-1\" \/>\n<link rel=\"canonical\" href=\"https:\/\/www.exatron.com.br\/en\/produtos\/chave-comando-de-grupo-2-x-50-com-disjuntor\/\" \/>\n<meta property=\"og:locale\" content=\"en_US\" \/>\n<meta property=\"og:type\" content=\"article\" \/>\n<meta property=\"og:title\" content=\"Chave Comando de Grupo - 2 x 50 com Disjuntor - EXATRON\" \/>\n<meta property=\"og:description\" content=\"Chave Comando de Grupo 2 x 50 com Disjuntor (BDC_DA) Exatron: controla ilumina\u00e7\u00e3o p\u00fablica, jardins e pra\u00e7as. Compat\u00edvel com rel\u00e9 fotel\u00e9trico e fotimer.\" \/>\n<meta property=\"og:url\" content=\"https:\/\/www.exatron.com.br\/en\/produtos\/chave-comando-de-grupo-2-x-50-com-disjuntor\/\" \/>\n<meta property=\"og:site_name\" content=\"EXATRON\" \/>\n<meta property=\"article:modified_time\" content=\"2026-04-23T11:31:32+00:00\" \/>\n<meta property=\"og:image\" content=\"https:\/\/www.exatron.com.br\/wp-content\/uploads\/chave-comando-de-grupo-3-7.png\" \/>\n\t<meta property=\"og:image:width\" content=\"1200\" \/>\n\t<meta property=\"og:image:height\" content=\"1200\" \/>\n\t<meta property=\"og:image:type\" content=\"image\/png\" \/>\n<meta name=\"twitter:card\" content=\"summary_large_image\" \/>\n<meta name=\"twitter:label1\" content=\"Est. reading time\" \/>\n\t<meta name=\"twitter:data1\" content=\"2 minutes\" \/>\n<script type=\"application\/ld+json\" class=\"yoast-schema-graph\">{\"@context\":\"https:\\\/\\\/schema.org\",\"@graph\":[{\"@type\":\"WebPage\",\"@id\":\"https:\\\/\\\/www.exatron.com.br\\\/produtos\\\/chave-comando-de-grupo-2-x-50-com-disjuntor\\\/\",\"url\":\"https:\\\/\\\/www.exatron.com.br\\\/produtos\\\/chave-comando-de-grupo-2-x-50-com-disjuntor\\\/\",\"name\":\"Chave Comando de Grupo - 2 x 50 com Disjuntor - EXATRON\",\"isPartOf\":{\"@id\":\"https:\\\/\\\/www.exatron.com.br\\\/#website\"},\"primaryImageOfPage\":{\"@id\":\"https:\\\/\\\/www.exatron.com.br\\\/produtos\\\/chave-comando-de-grupo-2-x-50-com-disjuntor\\\/#primaryimage\"},\"image\":{\"@id\":\"https:\\\/\\\/www.exatron.com.br\\\/produtos\\\/chave-comando-de-grupo-2-x-50-com-disjuntor\\\/#primaryimage\"},\"thumbnailUrl\":\"https:\\\/\\\/www.exatron.com.br\\\/wp-content\\\/uploads\\\/chave-comando-de-grupo-3-7.png\",\"datePublished\":\"2025-12-08T15:08:35+00:00\",\"dateModified\":\"2026-04-23T11:31:32+00:00\",\"description\":\"Chave Comando de Grupo 2 x 50 com Disjuntor (BDC_DA) Exatron: controla ilumina\u00e7\u00e3o p\u00fablica, jardins e pra\u00e7as. Compat\u00edvel com rel\u00e9 fotel\u00e9trico e fotimer.\",\"breadcrumb\":{\"@id\":\"https:\\\/\\\/www.exatron.com.br\\\/produtos\\\/chave-comando-de-grupo-2-x-50-com-disjuntor\\\/#breadcrumb\"},\"inLanguage\":\"en-US\",\"potentialAction\":[{\"@type\":\"ReadAction\",\"target\":[\"https:\\\/\\\/www.exatron.com.br\\\/produtos\\\/chave-comando-de-grupo-2-x-50-com-disjuntor\\\/\"]}]},{\"@type\":\"ImageObject\",\"inLanguage\":\"en-US\",\"@id\":\"https:\\\/\\\/www.exatron.com.br\\\/produtos\\\/chave-comando-de-grupo-2-x-50-com-disjuntor\\\/#primaryimage\",\"url\":\"https:\\\/\\\/www.exatron.com.br\\\/wp-content\\\/uploads\\\/chave-comando-de-grupo-3-7.png\",\"contentUrl\":\"https:\\\/\\\/www.exatron.com.br\\\/wp-content\\\/uploads\\\/chave-comando-de-grupo-3-7.png\",\"width\":1200,\"height\":1200,\"caption\":\"Este equipamento possui contatos do tipo NA (normalmente aberto) e deve ser utilizada com rel\u00e9 fotel\u00e9trico que liga \u00e0 noite ou rel\u00e9 fotimer.\"},{\"@type\":\"BreadcrumbList\",\"@id\":\"https:\\\/\\\/www.exatron.com.br\\\/produtos\\\/chave-comando-de-grupo-2-x-50-com-disjuntor\\\/#breadcrumb\",\"itemListElement\":[{\"@type\":\"ListItem\",\"position\":1,\"name\":\"In\u00edcio\",\"item\":\"https:\\\/\\\/www.exatron.com.br\\\/\"},{\"@type\":\"ListItem\",\"position\":2,\"name\":\"Loja\",\"item\":\"https:\\\/\\\/www.exatron.com.br\\\/loja\\\/\"},{\"@type\":\"ListItem\",\"position\":3,\"name\":\"Chave Comando de Grupo &#8211; 2 x 50 com Disjuntor\"}]},{\"@type\":\"WebSite\",\"@id\":\"https:\\\/\\\/www.exatron.com.br\\\/#website\",\"url\":\"https:\\\/\\\/www.exatron.com.br\\\/\",\"name\":\"EXATRON\",\"description\":\"\",\"publisher\":{\"@id\":\"https:\\\/\\\/www.exatron.com.br\\\/#organization\"},\"potentialAction\":[{\"@type\":\"SearchAction\",\"target\":{\"@type\":\"EntryPoint\",\"urlTemplate\":\"https:\\\/\\\/www.exatron.com.br\\\/?s={search_term_string}\"},\"query-input\":{\"@type\":\"PropertyValueSpecification\",\"valueRequired\":true,\"valueName\":\"search_term_string\"}}],\"inLanguage\":\"en-US\"},{\"@type\":\"Organization\",\"@id\":\"https:\\\/\\\/www.exatron.com.br\\\/#organization\",\"name\":\"EXATRON\",\"url\":\"https:\\\/\\\/www.exatron.com.br\\\/\",\"logo\":{\"@type\":\"ImageObject\",\"inLanguage\":\"en-US\",\"@id\":\"https:\\\/\\\/www.exatron.com.br\\\/#\\\/schema\\\/logo\\\/image\\\/\",\"url\":\"https:\\\/\\\/www.exatron.com.br\\\/wp-content\\\/uploads\\\/2024\\\/11\\\/default-kit.png\",\"contentUrl\":\"https:\\\/\\\/www.exatron.com.br\\\/wp-content\\\/uploads\\\/2024\\\/11\\\/default-kit.png\",\"width\":956,\"height\":192,\"caption\":\"EXATRON\"},\"image\":{\"@id\":\"https:\\\/\\\/www.exatron.com.br\\\/#\\\/schema\\\/logo\\\/image\\\/\"}}]}<\/script>\n<!-- \/ Yoast SEO plugin. -->","yoast_head_json":{"title":"Chave Comando de Grupo - 2 x 50 com Disjuntor - EXATRON","description":"Chave Comando de Grupo 2 x 50 com Disjuntor (BDC_DA) Exatron: controla ilumina\u00e7\u00e3o p\u00fablica, jardins e pra\u00e7as. Compat\u00edvel com rel\u00e9 fotel\u00e9trico e fotimer.","robots":{"index":"index","follow":"follow","max-snippet":"max-snippet:-1","max-image-preview":"max-image-preview:large","max-video-preview":"max-video-preview:-1"},"canonical":"https:\/\/www.exatron.com.br\/en\/produtos\/chave-comando-de-grupo-2-x-50-com-disjuntor\/","og_locale":"en_US","og_type":"article","og_title":"Chave Comando de Grupo - 2 x 50 com Disjuntor - EXATRON","og_description":"Chave Comando de Grupo 2 x 50 com Disjuntor (BDC_DA) Exatron: controla ilumina\u00e7\u00e3o p\u00fablica, jardins e pra\u00e7as. Compat\u00edvel com rel\u00e9 fotel\u00e9trico e fotimer.","og_url":"https:\/\/www.exatron.com.br\/en\/produtos\/chave-comando-de-grupo-2-x-50-com-disjuntor\/","og_site_name":"EXATRON","article_modified_time":"2026-04-23T11:31:32+00:00","og_image":[{"width":1200,"height":1200,"url":"https:\/\/www.exatron.com.br\/wp-content\/uploads\/chave-comando-de-grupo-3-7.png","type":"image\/png"}],"twitter_card":"summary_large_image","twitter_misc":{"Est. reading time":"2 minutes"},"schema":{"@context":"https:\/\/schema.org","@graph":[{"@type":"WebPage","@id":"https:\/\/www.exatron.com.br\/produtos\/chave-comando-de-grupo-2-x-50-com-disjuntor\/","url":"https:\/\/www.exatron.com.br\/produtos\/chave-comando-de-grupo-2-x-50-com-disjuntor\/","name":"Chave Comando de Grupo - 2 x 50 com Disjuntor - EXATRON","isPartOf":{"@id":"https:\/\/www.exatron.com.br\/#website"},"primaryImageOfPage":{"@id":"https:\/\/www.exatron.com.br\/produtos\/chave-comando-de-grupo-2-x-50-com-disjuntor\/#primaryimage"},"image":{"@id":"https:\/\/www.exatron.com.br\/produtos\/chave-comando-de-grupo-2-x-50-com-disjuntor\/#primaryimage"},"thumbnailUrl":"https:\/\/www.exatron.com.br\/wp-content\/uploads\/chave-comando-de-grupo-3-7.png","datePublished":"2025-12-08T15:08:35+00:00","dateModified":"2026-04-23T11:31:32+00:00","description":"Chave Comando de Grupo 2 x 50 com Disjuntor (BDC_DA) Exatron: controla ilumina\u00e7\u00e3o p\u00fablica, jardins e pra\u00e7as. Compat\u00edvel com rel\u00e9 fotel\u00e9trico e fotimer.","breadcrumb":{"@id":"https:\/\/www.exatron.com.br\/produtos\/chave-comando-de-grupo-2-x-50-com-disjuntor\/#breadcrumb"},"inLanguage":"en-US","potentialAction":[{"@type":"ReadAction","target":["https:\/\/www.exatron.com.br\/produtos\/chave-comando-de-grupo-2-x-50-com-disjuntor\/"]}]},{"@type":"ImageObject","inLanguage":"en-US","@id":"https:\/\/www.exatron.com.br\/produtos\/chave-comando-de-grupo-2-x-50-com-disjuntor\/#primaryimage","url":"https:\/\/www.exatron.com.br\/wp-content\/uploads\/chave-comando-de-grupo-3-7.png","contentUrl":"https:\/\/www.exatron.com.br\/wp-content\/uploads\/chave-comando-de-grupo-3-7.png","width":1200,"height":1200,"caption":"Este equipamento possui contatos do tipo NA (normalmente aberto) e deve ser utilizada com rel\u00e9 fotel\u00e9trico que liga \u00e0 noite ou rel\u00e9 fotimer."},{"@type":"BreadcrumbList","@id":"https:\/\/www.exatron.com.br\/produtos\/chave-comando-de-grupo-2-x-50-com-disjuntor\/#breadcrumb","itemListElement":[{"@type":"ListItem","position":1,"name":"In\u00edcio","item":"https:\/\/www.exatron.com.br\/"},{"@type":"ListItem","position":2,"name":"Loja","item":"https:\/\/www.exatron.com.br\/loja\/"},{"@type":"ListItem","position":3,"name":"Chave Comando de Grupo &#8211; 2 x 50 com Disjuntor"}]},{"@type":"WebSite","@id":"https:\/\/www.exatron.com.br\/#website","url":"https:\/\/www.exatron.com.br\/","name":"EXATRON","description":"","publisher":{"@id":"https:\/\/www.exatron.com.br\/#organization"},"potentialAction":[{"@type":"SearchAction","target":{"@type":"EntryPoint","urlTemplate":"https:\/\/www.exatron.com.br\/?s={search_term_string}"},"query-input":{"@type":"PropertyValueSpecification","valueRequired":true,"valueName":"search_term_string"}}],"inLanguage":"en-US"},{"@type":"Organization","@id":"https:\/\/www.exatron.com.br\/#organization","name":"EXATRON","url":"https:\/\/www.exatron.com.br\/","logo":{"@type":"ImageObject","inLanguage":"en-US","@id":"https:\/\/www.exatron.com.br\/#\/schema\/logo\/image\/","url":"https:\/\/www.exatron.com.br\/wp-content\/uploads\/2024\/11\/default-kit.png","contentUrl":"https:\/\/www.exatron.com.br\/wp-content\/uploads\/2024\/11\/default-kit.png","width":956,"height":192,"caption":"EXATRON"},"image":{"@id":"https:\/\/www.exatron.com.br\/#\/schema\/logo\/image\/"}}]}},"_links":{"self":[{"href":"https:\/\/www.exatron.com.br\/en\/wp-json\/wp\/v2\/product\/10572","targetHints":{"allow":["GET"]}}],"collection":[{"href":"https:\/\/www.exatron.com.br\/en\/wp-json\/wp\/v2\/product"}],"about":[{"href":"https:\/\/www.exatron.com.br\/en\/wp-json\/wp\/v2\/types\/product"}],"replies":[{"embeddable":true,"href":"https:\/\/www.exatron.com.br\/en\/wp-json\/wp\/v2\/comments?post=10572"}],"wp:featuredmedia":[{"embeddable":true,"href":"https:\/\/www.exatron.com.br\/en\/wp-json\/wp\/v2\/media\/14745"}],"wp:attachment":[{"href":"https:\/\/www.exatron.com.br\/en\/wp-json\/wp\/v2\/media?parent=10572"}],"wp:term":[{"taxonomy":"aplicacao","embeddable":true,"href":"https:\/\/www.exatron.com.br\/en\/wp-json\/wp\/v2\/aplicacao?post=10572"},{"taxonomy":"product_brand","embeddable":true,"href":"https:\/\/www.exatron.com.br\/en\/wp-json\/wp\/v2\/product_brand?post=10572"},{"taxonomy":"product_cat","embeddable":true,"href":"https:\/\/www.exatron.com.br\/en\/wp-json\/wp\/v2\/product_cat?post=10572"},{"taxonomy":"product_tag","embeddable":true,"href":"https:\/\/www.exatron.com.br\/en\/wp-json\/wp\/v2\/product_tag?post=10572"}],"curies":[{"name":"wp","href":"https:\/\/api.w.org\/{rel}","templated":true}]}}