{"id":10618,"date":"2025-12-08T15:08:39","date_gmt":"2025-12-08T15:08:39","guid":{"rendered":""},"modified":"2026-04-29T15:08:01","modified_gmt":"2026-04-29T18:08:01","slug":"tomada-base-de-embutir-3-fios-com-anel-metalico-para-rele","status":"publish","type":"product","link":"https:\/\/www.exatron.com.br\/en\/produtos\/tomada-base-de-embutir-3-fios-com-anel-metalico-para-rele\/","title":{"rendered":"Flush-mount base socket with 3 wires and metal ring for photoelectric relay."},"content":{"rendered":"<h3>Technical Specifications<\/h3>\n<ul>\n<li>Tens\u00e3o: 100-250V~ 50\/60Hz;<\/li>\n<li>Tomada de embutir alta para rel\u00e9 com anel met\u00e1lico;<\/li>\n<li>Material do produto: Soquete em nylon com fibra de vidro e terminais de encaixe em lat\u00e3o estanhado;<\/li>\n<li>Mapa de marca\u00e7\u00e3o indel\u00e9vel com identifica\u00e7\u00e3o do sentido de encaixe do rel\u00e9 e identifica\u00e7\u00e3o dos terminais de encaixe;<\/li>\n<li>Liga\u00e7\u00e3o a 3 fios: 1-fase (preto), 2-neutro ou fase (branco) e 3-carga (vermelho). Com se\u00e7\u00e3o transversal dos fios de 1,5mm\u00b2 e comprimento de 30cm. O comprimento dos fios de liga\u00e7\u00e3o podem ser alterados a pedido do cliente;<\/li>\n<li>Permite giro de 180\u00b0 para orienta\u00e7\u00e3o do rel\u00e9 (desparafusando a tomada);<\/li>\n<li>Base em conformidade a NBR 5123 e da ANSI C136.41-2013;<\/li>\n<li>Corrente nominal: 10A;<\/li>\n<li>Rigidez diel\u00e9trica: Maior que 2500V;<\/li>\n<li>Garantia: 1 ano;<\/li>\n<li>Temperatura de opera\u00e7\u00e3o: -40 a 80\u00b0C;<\/li>\n<li>Grau de prote\u00e7\u00e3o: IP44\/IP65 com rel\u00e9 fotoel\u00e9trico;<\/li>\n<li>Resistente a raios ultravioleta (UV).<\/li>\n<\/ul>\n<p>*A veda\u00e7\u00e3o da gaxeta do rel\u00e9 fotoel\u00e9trico deve ser adequada para o grau de prote\u00e7\u00e3o IP44\/65\/67 de acordo com NBR5123:2016.<\/p>","protected":false},"excerpt":{"rendered":"<p>A Tomada de embutir 3 fios com anel met\u00e1lico (LTIP1004) \u00e9 ideal para fixa\u00e7\u00e3o em lumin\u00e1rias, j\u00e1 que promove uma perfeita instala\u00e7\u00e3o para os rel\u00e9s fotoel\u00e9tricos.<\/p>\n<p>Conte com a Exatron para iluminar seus projetos com efici\u00eancia e qualidade.<\/p>","protected":false},"featured_media":10030,"comment_status":"open","ping_status":"closed","template":"","meta":{"_acf_changed":false,"_joinchat":[]},"aplicacao":[],"product_brand":[],"product_cat":[358,321],"product_tag":[797,799,800,798],"class_list":{"0":"post-10618","1":"product","2":"type-product","3":"status-publish","4":"has-post-thumbnail","6":"product_cat-embutir","7":"product_cat-tomadas-para-rele","8":"product_tag-base-para-rele","9":"product_tag-tomada-de-embutir-alta-para-rele","10":"product_tag-tomada-de-embutir-rele","11":"product_tag-tomada-para-rele","13":"first","14":"instock","15":"shipping-taxable","16":"purchasable","17":"product-type-simple"},"acf":[],"yoast_head":"<!-- This site is optimized with the Yoast SEO plugin v27.3 - https:\/\/yoast.com\/product\/yoast-seo-wordpress\/ -->\n<title>Tomada Base de Embutir 3 fios com Anel Met\u00e1lico para Rel\u00e9 Fotoel\u00e9trico - EXATRON<\/title>\n<meta name=\"description\" content=\"Tomada Base de Embutir LTIP1004: Ideal para lumin\u00e1rias, garante instala\u00e7\u00e3o segura de rel\u00e9s fotoel\u00e9tricos. Qualidade Exatron!\" \/>\n<meta name=\"robots\" content=\"index, follow, max-snippet:-1, max-image-preview:large, max-video-preview:-1\" \/>\n<link rel=\"canonical\" href=\"https:\/\/www.exatron.com.br\/en\/produtos\/tomada-base-de-embutir-3-fios-com-anel-metalico-para-rele\/\" \/>\n<meta property=\"og:locale\" content=\"en_US\" \/>\n<meta property=\"og:type\" content=\"article\" \/>\n<meta property=\"og:title\" content=\"Tomada Base de Embutir 3 fios com Anel Met\u00e1lico para Rel\u00e9 Fotoel\u00e9trico - EXATRON\" \/>\n<meta property=\"og:description\" content=\"Tomada Base de Embutir LTIP1004: Ideal para lumin\u00e1rias, garante instala\u00e7\u00e3o segura de rel\u00e9s fotoel\u00e9tricos. Qualidade Exatron!\" \/>\n<meta property=\"og:url\" content=\"https:\/\/www.exatron.com.br\/en\/produtos\/tomada-base-de-embutir-3-fios-com-anel-metalico-para-rele\/\" \/>\n<meta property=\"og:site_name\" content=\"EXATRON\" \/>\n<meta property=\"article:modified_time\" content=\"2026-04-29T18:08:01+00:00\" \/>\n<meta property=\"og:image\" content=\"https:\/\/www.exatron.com.br\/wp-content\/uploads\/2025\/12\/7atfv49ff3owr38rxjlxsznrjlztblh6uau9dhnj.png\" \/>\n\t<meta property=\"og:image:width\" content=\"1080\" \/>\n\t<meta property=\"og:image:height\" content=\"1080\" \/>\n\t<meta property=\"og:image:type\" content=\"image\/png\" \/>\n<meta name=\"twitter:card\" content=\"summary_large_image\" \/>\n<meta name=\"twitter:label1\" content=\"Est. reading time\" \/>\n\t<meta name=\"twitter:data1\" content=\"2 minutes\" \/>\n<script type=\"application\/ld+json\" class=\"yoast-schema-graph\">{\"@context\":\"https:\\\/\\\/schema.org\",\"@graph\":[{\"@type\":\"WebPage\",\"@id\":\"https:\\\/\\\/www.exatron.com.br\\\/produtos\\\/tomada-base-de-embutir-3-fios-com-anel-metalico-para-rele\\\/\",\"url\":\"https:\\\/\\\/www.exatron.com.br\\\/produtos\\\/tomada-base-de-embutir-3-fios-com-anel-metalico-para-rele\\\/\",\"name\":\"Tomada Base de Embutir 3 fios com Anel Met\u00e1lico para Rel\u00e9 Fotoel\u00e9trico - EXATRON\",\"isPartOf\":{\"@id\":\"https:\\\/\\\/www.exatron.com.br\\\/#website\"},\"primaryImageOfPage\":{\"@id\":\"https:\\\/\\\/www.exatron.com.br\\\/produtos\\\/tomada-base-de-embutir-3-fios-com-anel-metalico-para-rele\\\/#primaryimage\"},\"image\":{\"@id\":\"https:\\\/\\\/www.exatron.com.br\\\/produtos\\\/tomada-base-de-embutir-3-fios-com-anel-metalico-para-rele\\\/#primaryimage\"},\"thumbnailUrl\":\"https:\\\/\\\/www.exatron.com.br\\\/wp-content\\\/uploads\\\/2025\\\/12\\\/7atfv49ff3owr38rxjlxsznrjlztblh6uau9dhnj.png\",\"datePublished\":\"2025-12-08T15:08:39+00:00\",\"dateModified\":\"2026-04-29T18:08:01+00:00\",\"description\":\"Tomada Base de Embutir LTIP1004: Ideal para lumin\u00e1rias, garante instala\u00e7\u00e3o segura de rel\u00e9s fotoel\u00e9tricos. Qualidade Exatron!\",\"breadcrumb\":{\"@id\":\"https:\\\/\\\/www.exatron.com.br\\\/produtos\\\/tomada-base-de-embutir-3-fios-com-anel-metalico-para-rele\\\/#breadcrumb\"},\"inLanguage\":\"en-US\",\"potentialAction\":[{\"@type\":\"ReadAction\",\"target\":[\"https:\\\/\\\/www.exatron.com.br\\\/produtos\\\/tomada-base-de-embutir-3-fios-com-anel-metalico-para-rele\\\/\"]}]},{\"@type\":\"ImageObject\",\"inLanguage\":\"en-US\",\"@id\":\"https:\\\/\\\/www.exatron.com.br\\\/produtos\\\/tomada-base-de-embutir-3-fios-com-anel-metalico-para-rele\\\/#primaryimage\",\"url\":\"https:\\\/\\\/www.exatron.com.br\\\/wp-content\\\/uploads\\\/2025\\\/12\\\/7atfv49ff3owr38rxjlxsznrjlztblh6uau9dhnj.png\",\"contentUrl\":\"https:\\\/\\\/www.exatron.com.br\\\/wp-content\\\/uploads\\\/2025\\\/12\\\/7atfv49ff3owr38rxjlxsznrjlztblh6uau9dhnj.png\",\"width\":1080,\"height\":1080,\"caption\":\"A Tomada de embutir 3 fios com anel met\u00e1lico (LTIP1004) \u00e9 ideal para fixa\u00e7\u00e3o em lumin\u00e1rias, j\u00e1 que promove uma perfeita instala\u00e7\u00e3o para os rel\u00e9s fotoel\u00e9tricos.\"},{\"@type\":\"BreadcrumbList\",\"@id\":\"https:\\\/\\\/www.exatron.com.br\\\/produtos\\\/tomada-base-de-embutir-3-fios-com-anel-metalico-para-rele\\\/#breadcrumb\",\"itemListElement\":[{\"@type\":\"ListItem\",\"position\":1,\"name\":\"In\u00edcio\",\"item\":\"https:\\\/\\\/www.exatron.com.br\\\/\"},{\"@type\":\"ListItem\",\"position\":2,\"name\":\"Loja\",\"item\":\"https:\\\/\\\/www.exatron.com.br\\\/loja\\\/\"},{\"@type\":\"ListItem\",\"position\":3,\"name\":\"Tomada Base de Embutir 3 fios com Anel Met\u00e1lico para Rel\u00e9 Fotoel\u00e9trico\"}]},{\"@type\":\"WebSite\",\"@id\":\"https:\\\/\\\/www.exatron.com.br\\\/#website\",\"url\":\"https:\\\/\\\/www.exatron.com.br\\\/\",\"name\":\"EXATRON\",\"description\":\"\",\"publisher\":{\"@id\":\"https:\\\/\\\/www.exatron.com.br\\\/#organization\"},\"potentialAction\":[{\"@type\":\"SearchAction\",\"target\":{\"@type\":\"EntryPoint\",\"urlTemplate\":\"https:\\\/\\\/www.exatron.com.br\\\/?s={search_term_string}\"},\"query-input\":{\"@type\":\"PropertyValueSpecification\",\"valueRequired\":true,\"valueName\":\"search_term_string\"}}],\"inLanguage\":\"en-US\"},{\"@type\":\"Organization\",\"@id\":\"https:\\\/\\\/www.exatron.com.br\\\/#organization\",\"name\":\"EXATRON\",\"url\":\"https:\\\/\\\/www.exatron.com.br\\\/\",\"logo\":{\"@type\":\"ImageObject\",\"inLanguage\":\"en-US\",\"@id\":\"https:\\\/\\\/www.exatron.com.br\\\/#\\\/schema\\\/logo\\\/image\\\/\",\"url\":\"https:\\\/\\\/www.exatron.com.br\\\/wp-content\\\/uploads\\\/2024\\\/11\\\/default-kit.png\",\"contentUrl\":\"https:\\\/\\\/www.exatron.com.br\\\/wp-content\\\/uploads\\\/2024\\\/11\\\/default-kit.png\",\"width\":956,\"height\":192,\"caption\":\"EXATRON\"},\"image\":{\"@id\":\"https:\\\/\\\/www.exatron.com.br\\\/#\\\/schema\\\/logo\\\/image\\\/\"}}]}<\/script>\n<!-- \/ Yoast SEO plugin. -->","yoast_head_json":{"title":"Tomada Base de Embutir 3 fios com Anel Met\u00e1lico para Rel\u00e9 Fotoel\u00e9trico - EXATRON","description":"Tomada Base de Embutir LTIP1004: Ideal para lumin\u00e1rias, garante instala\u00e7\u00e3o segura de rel\u00e9s fotoel\u00e9tricos. Qualidade Exatron!","robots":{"index":"index","follow":"follow","max-snippet":"max-snippet:-1","max-image-preview":"max-image-preview:large","max-video-preview":"max-video-preview:-1"},"canonical":"https:\/\/www.exatron.com.br\/en\/produtos\/tomada-base-de-embutir-3-fios-com-anel-metalico-para-rele\/","og_locale":"en_US","og_type":"article","og_title":"Tomada Base de Embutir 3 fios com Anel Met\u00e1lico para Rel\u00e9 Fotoel\u00e9trico - EXATRON","og_description":"Tomada Base de Embutir LTIP1004: Ideal para lumin\u00e1rias, garante instala\u00e7\u00e3o segura de rel\u00e9s fotoel\u00e9tricos. Qualidade Exatron!","og_url":"https:\/\/www.exatron.com.br\/en\/produtos\/tomada-base-de-embutir-3-fios-com-anel-metalico-para-rele\/","og_site_name":"EXATRON","article_modified_time":"2026-04-29T18:08:01+00:00","og_image":[{"width":1080,"height":1080,"url":"https:\/\/www.exatron.com.br\/wp-content\/uploads\/2025\/12\/7atfv49ff3owr38rxjlxsznrjlztblh6uau9dhnj.png","type":"image\/png"}],"twitter_card":"summary_large_image","twitter_misc":{"Est. reading time":"2 minutes"},"schema":{"@context":"https:\/\/schema.org","@graph":[{"@type":"WebPage","@id":"https:\/\/www.exatron.com.br\/produtos\/tomada-base-de-embutir-3-fios-com-anel-metalico-para-rele\/","url":"https:\/\/www.exatron.com.br\/produtos\/tomada-base-de-embutir-3-fios-com-anel-metalico-para-rele\/","name":"Tomada Base de Embutir 3 fios com Anel Met\u00e1lico para Rel\u00e9 Fotoel\u00e9trico - EXATRON","isPartOf":{"@id":"https:\/\/www.exatron.com.br\/#website"},"primaryImageOfPage":{"@id":"https:\/\/www.exatron.com.br\/produtos\/tomada-base-de-embutir-3-fios-com-anel-metalico-para-rele\/#primaryimage"},"image":{"@id":"https:\/\/www.exatron.com.br\/produtos\/tomada-base-de-embutir-3-fios-com-anel-metalico-para-rele\/#primaryimage"},"thumbnailUrl":"https:\/\/www.exatron.com.br\/wp-content\/uploads\/2025\/12\/7atfv49ff3owr38rxjlxsznrjlztblh6uau9dhnj.png","datePublished":"2025-12-08T15:08:39+00:00","dateModified":"2026-04-29T18:08:01+00:00","description":"Tomada Base de Embutir LTIP1004: Ideal para lumin\u00e1rias, garante instala\u00e7\u00e3o segura de rel\u00e9s fotoel\u00e9tricos. Qualidade Exatron!","breadcrumb":{"@id":"https:\/\/www.exatron.com.br\/produtos\/tomada-base-de-embutir-3-fios-com-anel-metalico-para-rele\/#breadcrumb"},"inLanguage":"en-US","potentialAction":[{"@type":"ReadAction","target":["https:\/\/www.exatron.com.br\/produtos\/tomada-base-de-embutir-3-fios-com-anel-metalico-para-rele\/"]}]},{"@type":"ImageObject","inLanguage":"en-US","@id":"https:\/\/www.exatron.com.br\/produtos\/tomada-base-de-embutir-3-fios-com-anel-metalico-para-rele\/#primaryimage","url":"https:\/\/www.exatron.com.br\/wp-content\/uploads\/2025\/12\/7atfv49ff3owr38rxjlxsznrjlztblh6uau9dhnj.png","contentUrl":"https:\/\/www.exatron.com.br\/wp-content\/uploads\/2025\/12\/7atfv49ff3owr38rxjlxsznrjlztblh6uau9dhnj.png","width":1080,"height":1080,"caption":"A Tomada de embutir 3 fios com anel met\u00e1lico (LTIP1004) \u00e9 ideal para fixa\u00e7\u00e3o em lumin\u00e1rias, j\u00e1 que promove uma perfeita instala\u00e7\u00e3o para os rel\u00e9s fotoel\u00e9tricos."},{"@type":"BreadcrumbList","@id":"https:\/\/www.exatron.com.br\/produtos\/tomada-base-de-embutir-3-fios-com-anel-metalico-para-rele\/#breadcrumb","itemListElement":[{"@type":"ListItem","position":1,"name":"In\u00edcio","item":"https:\/\/www.exatron.com.br\/"},{"@type":"ListItem","position":2,"name":"Loja","item":"https:\/\/www.exatron.com.br\/loja\/"},{"@type":"ListItem","position":3,"name":"Tomada Base de Embutir 3 fios com Anel Met\u00e1lico para Rel\u00e9 Fotoel\u00e9trico"}]},{"@type":"WebSite","@id":"https:\/\/www.exatron.com.br\/#website","url":"https:\/\/www.exatron.com.br\/","name":"EXATRON","description":"","publisher":{"@id":"https:\/\/www.exatron.com.br\/#organization"},"potentialAction":[{"@type":"SearchAction","target":{"@type":"EntryPoint","urlTemplate":"https:\/\/www.exatron.com.br\/?s={search_term_string}"},"query-input":{"@type":"PropertyValueSpecification","valueRequired":true,"valueName":"search_term_string"}}],"inLanguage":"en-US"},{"@type":"Organization","@id":"https:\/\/www.exatron.com.br\/#organization","name":"EXATRON","url":"https:\/\/www.exatron.com.br\/","logo":{"@type":"ImageObject","inLanguage":"en-US","@id":"https:\/\/www.exatron.com.br\/#\/schema\/logo\/image\/","url":"https:\/\/www.exatron.com.br\/wp-content\/uploads\/2024\/11\/default-kit.png","contentUrl":"https:\/\/www.exatron.com.br\/wp-content\/uploads\/2024\/11\/default-kit.png","width":956,"height":192,"caption":"EXATRON"},"image":{"@id":"https:\/\/www.exatron.com.br\/#\/schema\/logo\/image\/"}}]}},"_links":{"self":[{"href":"https:\/\/www.exatron.com.br\/en\/wp-json\/wp\/v2\/product\/10618","targetHints":{"allow":["GET"]}}],"collection":[{"href":"https:\/\/www.exatron.com.br\/en\/wp-json\/wp\/v2\/product"}],"about":[{"href":"https:\/\/www.exatron.com.br\/en\/wp-json\/wp\/v2\/types\/product"}],"replies":[{"embeddable":true,"href":"https:\/\/www.exatron.com.br\/en\/wp-json\/wp\/v2\/comments?post=10618"}],"wp:featuredmedia":[{"embeddable":true,"href":"https:\/\/www.exatron.com.br\/en\/wp-json\/wp\/v2\/media\/10030"}],"wp:attachment":[{"href":"https:\/\/www.exatron.com.br\/en\/wp-json\/wp\/v2\/media?parent=10618"}],"wp:term":[{"taxonomy":"aplicacao","embeddable":true,"href":"https:\/\/www.exatron.com.br\/en\/wp-json\/wp\/v2\/aplicacao?post=10618"},{"taxonomy":"product_brand","embeddable":true,"href":"https:\/\/www.exatron.com.br\/en\/wp-json\/wp\/v2\/product_brand?post=10618"},{"taxonomy":"product_cat","embeddable":true,"href":"https:\/\/www.exatron.com.br\/en\/wp-json\/wp\/v2\/product_cat?post=10618"},{"taxonomy":"product_tag","embeddable":true,"href":"https:\/\/www.exatron.com.br\/en\/wp-json\/wp\/v2\/product_tag?post=10618"}],"curies":[{"name":"wp","href":"https:\/\/api.w.org\/{rel}","templated":true}]}}