{"id":10623,"date":"2025-12-08T15:08:40","date_gmt":"2025-12-08T15:08:40","guid":{"rendered":""},"modified":"2026-04-29T11:03:54","modified_gmt":"2026-04-29T14:03:54","slug":"conjunto-4x2-01-placa-2-3-modulos-suporte","status":"publish","type":"product","link":"https:\/\/www.exatron.com.br\/en\/produtos\/conjunto-4x2-01-placa-2-3-modulos-suporte\/","title":{"rendered":"Conjunto Placa 4&#215;2 para 02 M\u00f3dulos 2\/3 + Suporte"},"content":{"rendered":"<h3>Technical Specifications<\/h3>\n<ul>\n<li>Acabamento: Branco Alto Brilho \u2013 N\u00e3o adere poeira;<\/li>\n<li>Compatibilidade: Linha El\u00e9trica MyX Exatron;<\/li>\n<li>Dimens\u00f5es da Placa:\u00a0 123 x 82 mm;<\/li>\n<li>Material de fabrica\u00e7\u00e3o:\u00a0 Nylon aditivado + ABS + Policarbonato;<\/li>\n<li>Prote\u00e7\u00e3o contra Raios UV \u2013 N\u00e3o altera a cor;<\/li>\n<li>Prote\u00e7\u00e3o antichamas &#8211; N\u00e3o propaga chama;<\/li>\n<li>Garantia: 05 anos.<\/li>\n<\/ul>","protected":false},"excerpt":{"rendered":"<p>A Linha El\u00e9trica MyX da Exatron destaca-se pelo seu design, qualidade e praticidade. Ela pode ser montada de acordo com a sua necessidade, s\u00e3o mais de 15 m\u00f3dulos dispon\u00edveis para a composi\u00e7\u00e3o. Produzido em ABS com acabamento brilho, tem toda sua produ\u00e7\u00e3o realizada pela Exatron.<\/p>\n<p>Estrutura refor\u00e7ada garante que o produto n\u00e3o se deforme ao ser instalado. O ajuste de posi\u00e7\u00e3o ainda permite que voc\u00ea instale corretamente os seus produtos.<\/p>\n<p>Todos os produtos da Linha El\u00e9trica MyX s\u00e3o intercambi\u00e1veis entre si. Os engates inteligentes facilitam na hora de alterar as composi\u00e7\u00f5es, dispensando a utiliza\u00e7\u00e3o de ferramentas.<\/p>\n<p>Os produtos MyX foram projetados para facilitar o seu uso, garantindo a ergonomia e ainda possuem acabamento refinado.<\/p>\n<p>A linha MyX ainda tem uma excelente durabilidade, com rigorosos testes, podemos garantir que os produtos ter\u00e3o uma longa vida \u00fatil em sua casa.<\/p>","protected":false},"featured_media":10038,"comment_status":"open","ping_status":"closed","template":"","meta":{"_acf_changed":false,"_joinchat":[]},"aplicacao":[],"product_brand":[],"product_cat":[374,325,1044],"product_tag":[1040,1004,655],"class_list":{"0":"post-10623","1":"product","2":"type-product","3":"status-publish","4":"has-post-thumbnail","6":"product_cat-linha-color","7":"product_cat-linha-eletrica","8":"product_cat-placas-e-suporte","9":"product_tag-conjunto-4x2","10":"product_tag-linha-eletrica","11":"product_tag-placa-4x2","13":"first","14":"instock","15":"shipping-taxable","16":"purchasable","17":"product-type-variable","18":"has-default-attributes"},"acf":[],"yoast_head":"<!-- This site is optimized with the Yoast SEO plugin v27.3 - https:\/\/yoast.com\/product\/yoast-seo-wordpress\/ -->\n<title>Conjunto Placa 4x2 para 02 M\u00f3dulos 2\/3 + Suporte - EXATRON<\/title>\n<meta name=\"description\" content=\"Placa 2\/3 + Suporte 4x2 (LEPC4206): Placa 2\/3 para m\u00f3dulos MyX Exatron. Acabamento premium, montagem pr\u00e1tica e durabilidade testada para longa vida \u00fatil.\" \/>\n<meta name=\"robots\" content=\"index, follow, max-snippet:-1, max-image-preview:large, max-video-preview:-1\" \/>\n<link rel=\"canonical\" href=\"https:\/\/www.exatron.com.br\/en\/produtos\/conjunto-4x2-01-placa-2-3-modulos-suporte\/\" \/>\n<meta property=\"og:locale\" content=\"en_US\" \/>\n<meta property=\"og:type\" content=\"article\" \/>\n<meta property=\"og:title\" content=\"Conjunto Placa 4x2 para 02 M\u00f3dulos 2\/3 + Suporte - EXATRON\" \/>\n<meta property=\"og:description\" content=\"Placa 2\/3 + Suporte 4x2 (LEPC4206): Placa 2\/3 para m\u00f3dulos MyX Exatron. Acabamento premium, montagem pr\u00e1tica e durabilidade testada para longa vida \u00fatil.\" \/>\n<meta property=\"og:url\" content=\"https:\/\/www.exatron.com.br\/en\/produtos\/conjunto-4x2-01-placa-2-3-modulos-suporte\/\" \/>\n<meta property=\"og:site_name\" content=\"EXATRON\" \/>\n<meta property=\"article:modified_time\" content=\"2026-04-29T14:03:54+00:00\" \/>\n<meta property=\"og:image\" content=\"https:\/\/www.exatron.com.br\/wp-content\/uploads\/2025\/12\/20190717035351-0.png\" \/>\n\t<meta property=\"og:image:width\" content=\"1080\" \/>\n\t<meta property=\"og:image:height\" content=\"1080\" \/>\n\t<meta property=\"og:image:type\" content=\"image\/png\" \/>\n<meta name=\"twitter:card\" content=\"summary_large_image\" \/>\n<meta name=\"twitter:label1\" content=\"Est. reading time\" \/>\n\t<meta name=\"twitter:data1\" content=\"1 minute\" \/>\n<script type=\"application\/ld+json\" class=\"yoast-schema-graph\">{\"@context\":\"https:\\\/\\\/schema.org\",\"@graph\":[{\"@type\":\"WebPage\",\"@id\":\"https:\\\/\\\/www.exatron.com.br\\\/produtos\\\/conjunto-4x2-01-placa-2-3-modulos-suporte\\\/\",\"url\":\"https:\\\/\\\/www.exatron.com.br\\\/produtos\\\/conjunto-4x2-01-placa-2-3-modulos-suporte\\\/\",\"name\":\"Conjunto Placa 4x2 para 02 M\u00f3dulos 2\\\/3 + Suporte - EXATRON\",\"isPartOf\":{\"@id\":\"https:\\\/\\\/www.exatron.com.br\\\/#website\"},\"primaryImageOfPage\":{\"@id\":\"https:\\\/\\\/www.exatron.com.br\\\/produtos\\\/conjunto-4x2-01-placa-2-3-modulos-suporte\\\/#primaryimage\"},\"image\":{\"@id\":\"https:\\\/\\\/www.exatron.com.br\\\/produtos\\\/conjunto-4x2-01-placa-2-3-modulos-suporte\\\/#primaryimage\"},\"thumbnailUrl\":\"https:\\\/\\\/www.exatron.com.br\\\/wp-content\\\/uploads\\\/2025\\\/12\\\/20190717035351-0.png\",\"datePublished\":\"2025-12-08T15:08:40+00:00\",\"dateModified\":\"2026-04-29T14:03:54+00:00\",\"description\":\"Placa 2\\\/3 + Suporte 4x2 (LEPC4206): Placa 2\\\/3 para m\u00f3dulos MyX Exatron. Acabamento premium, montagem pr\u00e1tica e durabilidade testada para longa vida \u00fatil.\",\"breadcrumb\":{\"@id\":\"https:\\\/\\\/www.exatron.com.br\\\/produtos\\\/conjunto-4x2-01-placa-2-3-modulos-suporte\\\/#breadcrumb\"},\"inLanguage\":\"en-US\",\"potentialAction\":[{\"@type\":\"ReadAction\",\"target\":[\"https:\\\/\\\/www.exatron.com.br\\\/produtos\\\/conjunto-4x2-01-placa-2-3-modulos-suporte\\\/\"]}]},{\"@type\":\"ImageObject\",\"inLanguage\":\"en-US\",\"@id\":\"https:\\\/\\\/www.exatron.com.br\\\/produtos\\\/conjunto-4x2-01-placa-2-3-modulos-suporte\\\/#primaryimage\",\"url\":\"https:\\\/\\\/www.exatron.com.br\\\/wp-content\\\/uploads\\\/2025\\\/12\\\/20190717035351-0.png\",\"contentUrl\":\"https:\\\/\\\/www.exatron.com.br\\\/wp-content\\\/uploads\\\/2025\\\/12\\\/20190717035351-0.png\",\"width\":1080,\"height\":1080,\"caption\":\"20190717035351 0\"},{\"@type\":\"BreadcrumbList\",\"@id\":\"https:\\\/\\\/www.exatron.com.br\\\/produtos\\\/conjunto-4x2-01-placa-2-3-modulos-suporte\\\/#breadcrumb\",\"itemListElement\":[{\"@type\":\"ListItem\",\"position\":1,\"name\":\"In\u00edcio\",\"item\":\"https:\\\/\\\/www.exatron.com.br\\\/\"},{\"@type\":\"ListItem\",\"position\":2,\"name\":\"Loja\",\"item\":\"https:\\\/\\\/www.exatron.com.br\\\/loja\\\/\"},{\"@type\":\"ListItem\",\"position\":3,\"name\":\"Conjunto Placa 4&#215;2 para 02 M\u00f3dulos 2\\\/3 + Suporte\"}]},{\"@type\":\"WebSite\",\"@id\":\"https:\\\/\\\/www.exatron.com.br\\\/#website\",\"url\":\"https:\\\/\\\/www.exatron.com.br\\\/\",\"name\":\"EXATRON\",\"description\":\"\",\"publisher\":{\"@id\":\"https:\\\/\\\/www.exatron.com.br\\\/#organization\"},\"potentialAction\":[{\"@type\":\"SearchAction\",\"target\":{\"@type\":\"EntryPoint\",\"urlTemplate\":\"https:\\\/\\\/www.exatron.com.br\\\/?s={search_term_string}\"},\"query-input\":{\"@type\":\"PropertyValueSpecification\",\"valueRequired\":true,\"valueName\":\"search_term_string\"}}],\"inLanguage\":\"en-US\"},{\"@type\":\"Organization\",\"@id\":\"https:\\\/\\\/www.exatron.com.br\\\/#organization\",\"name\":\"EXATRON\",\"url\":\"https:\\\/\\\/www.exatron.com.br\\\/\",\"logo\":{\"@type\":\"ImageObject\",\"inLanguage\":\"en-US\",\"@id\":\"https:\\\/\\\/www.exatron.com.br\\\/#\\\/schema\\\/logo\\\/image\\\/\",\"url\":\"https:\\\/\\\/www.exatron.com.br\\\/wp-content\\\/uploads\\\/2024\\\/11\\\/default-kit.png\",\"contentUrl\":\"https:\\\/\\\/www.exatron.com.br\\\/wp-content\\\/uploads\\\/2024\\\/11\\\/default-kit.png\",\"width\":956,\"height\":192,\"caption\":\"EXATRON\"},\"image\":{\"@id\":\"https:\\\/\\\/www.exatron.com.br\\\/#\\\/schema\\\/logo\\\/image\\\/\"}}]}<\/script>\n<!-- \/ Yoast SEO plugin. -->","yoast_head_json":{"title":"Conjunto Placa 4x2 para 02 M\u00f3dulos 2\/3 + Suporte - EXATRON","description":"Placa 2\/3 + Suporte 4x2 (LEPC4206): Placa 2\/3 para m\u00f3dulos MyX Exatron. Acabamento premium, montagem pr\u00e1tica e durabilidade testada para longa vida \u00fatil.","robots":{"index":"index","follow":"follow","max-snippet":"max-snippet:-1","max-image-preview":"max-image-preview:large","max-video-preview":"max-video-preview:-1"},"canonical":"https:\/\/www.exatron.com.br\/en\/produtos\/conjunto-4x2-01-placa-2-3-modulos-suporte\/","og_locale":"en_US","og_type":"article","og_title":"Conjunto Placa 4x2 para 02 M\u00f3dulos 2\/3 + Suporte - EXATRON","og_description":"Placa 2\/3 + Suporte 4x2 (LEPC4206): Placa 2\/3 para m\u00f3dulos MyX Exatron. Acabamento premium, montagem pr\u00e1tica e durabilidade testada para longa vida \u00fatil.","og_url":"https:\/\/www.exatron.com.br\/en\/produtos\/conjunto-4x2-01-placa-2-3-modulos-suporte\/","og_site_name":"EXATRON","article_modified_time":"2026-04-29T14:03:54+00:00","og_image":[{"width":1080,"height":1080,"url":"https:\/\/www.exatron.com.br\/wp-content\/uploads\/2025\/12\/20190717035351-0.png","type":"image\/png"}],"twitter_card":"summary_large_image","twitter_misc":{"Est. reading time":"1 minute"},"schema":{"@context":"https:\/\/schema.org","@graph":[{"@type":"WebPage","@id":"https:\/\/www.exatron.com.br\/produtos\/conjunto-4x2-01-placa-2-3-modulos-suporte\/","url":"https:\/\/www.exatron.com.br\/produtos\/conjunto-4x2-01-placa-2-3-modulos-suporte\/","name":"Conjunto Placa 4x2 para 02 M\u00f3dulos 2\/3 + Suporte - EXATRON","isPartOf":{"@id":"https:\/\/www.exatron.com.br\/#website"},"primaryImageOfPage":{"@id":"https:\/\/www.exatron.com.br\/produtos\/conjunto-4x2-01-placa-2-3-modulos-suporte\/#primaryimage"},"image":{"@id":"https:\/\/www.exatron.com.br\/produtos\/conjunto-4x2-01-placa-2-3-modulos-suporte\/#primaryimage"},"thumbnailUrl":"https:\/\/www.exatron.com.br\/wp-content\/uploads\/2025\/12\/20190717035351-0.png","datePublished":"2025-12-08T15:08:40+00:00","dateModified":"2026-04-29T14:03:54+00:00","description":"Placa 2\/3 + Suporte 4x2 (LEPC4206): Placa 2\/3 para m\u00f3dulos MyX Exatron. Acabamento premium, montagem pr\u00e1tica e durabilidade testada para longa vida \u00fatil.","breadcrumb":{"@id":"https:\/\/www.exatron.com.br\/produtos\/conjunto-4x2-01-placa-2-3-modulos-suporte\/#breadcrumb"},"inLanguage":"en-US","potentialAction":[{"@type":"ReadAction","target":["https:\/\/www.exatron.com.br\/produtos\/conjunto-4x2-01-placa-2-3-modulos-suporte\/"]}]},{"@type":"ImageObject","inLanguage":"en-US","@id":"https:\/\/www.exatron.com.br\/produtos\/conjunto-4x2-01-placa-2-3-modulos-suporte\/#primaryimage","url":"https:\/\/www.exatron.com.br\/wp-content\/uploads\/2025\/12\/20190717035351-0.png","contentUrl":"https:\/\/www.exatron.com.br\/wp-content\/uploads\/2025\/12\/20190717035351-0.png","width":1080,"height":1080,"caption":"20190717035351 0"},{"@type":"BreadcrumbList","@id":"https:\/\/www.exatron.com.br\/produtos\/conjunto-4x2-01-placa-2-3-modulos-suporte\/#breadcrumb","itemListElement":[{"@type":"ListItem","position":1,"name":"In\u00edcio","item":"https:\/\/www.exatron.com.br\/"},{"@type":"ListItem","position":2,"name":"Loja","item":"https:\/\/www.exatron.com.br\/loja\/"},{"@type":"ListItem","position":3,"name":"Conjunto Placa 4&#215;2 para 02 M\u00f3dulos 2\/3 + Suporte"}]},{"@type":"WebSite","@id":"https:\/\/www.exatron.com.br\/#website","url":"https:\/\/www.exatron.com.br\/","name":"EXATRON","description":"","publisher":{"@id":"https:\/\/www.exatron.com.br\/#organization"},"potentialAction":[{"@type":"SearchAction","target":{"@type":"EntryPoint","urlTemplate":"https:\/\/www.exatron.com.br\/?s={search_term_string}"},"query-input":{"@type":"PropertyValueSpecification","valueRequired":true,"valueName":"search_term_string"}}],"inLanguage":"en-US"},{"@type":"Organization","@id":"https:\/\/www.exatron.com.br\/#organization","name":"EXATRON","url":"https:\/\/www.exatron.com.br\/","logo":{"@type":"ImageObject","inLanguage":"en-US","@id":"https:\/\/www.exatron.com.br\/#\/schema\/logo\/image\/","url":"https:\/\/www.exatron.com.br\/wp-content\/uploads\/2024\/11\/default-kit.png","contentUrl":"https:\/\/www.exatron.com.br\/wp-content\/uploads\/2024\/11\/default-kit.png","width":956,"height":192,"caption":"EXATRON"},"image":{"@id":"https:\/\/www.exatron.com.br\/#\/schema\/logo\/image\/"}}]}},"_links":{"self":[{"href":"https:\/\/www.exatron.com.br\/en\/wp-json\/wp\/v2\/product\/10623","targetHints":{"allow":["GET"]}}],"collection":[{"href":"https:\/\/www.exatron.com.br\/en\/wp-json\/wp\/v2\/product"}],"about":[{"href":"https:\/\/www.exatron.com.br\/en\/wp-json\/wp\/v2\/types\/product"}],"replies":[{"embeddable":true,"href":"https:\/\/www.exatron.com.br\/en\/wp-json\/wp\/v2\/comments?post=10623"}],"wp:featuredmedia":[{"embeddable":true,"href":"https:\/\/www.exatron.com.br\/en\/wp-json\/wp\/v2\/media\/10038"}],"wp:attachment":[{"href":"https:\/\/www.exatron.com.br\/en\/wp-json\/wp\/v2\/media?parent=10623"}],"wp:term":[{"taxonomy":"aplicacao","embeddable":true,"href":"https:\/\/www.exatron.com.br\/en\/wp-json\/wp\/v2\/aplicacao?post=10623"},{"taxonomy":"product_brand","embeddable":true,"href":"https:\/\/www.exatron.com.br\/en\/wp-json\/wp\/v2\/product_brand?post=10623"},{"taxonomy":"product_cat","embeddable":true,"href":"https:\/\/www.exatron.com.br\/en\/wp-json\/wp\/v2\/product_cat?post=10623"},{"taxonomy":"product_tag","embeddable":true,"href":"https:\/\/www.exatron.com.br\/en\/wp-json\/wp\/v2\/product_tag?post=10623"}],"curies":[{"name":"wp","href":"https:\/\/api.w.org\/{rel}","templated":true}]}}