{"id":10630,"date":"2025-12-08T15:08:40","date_gmt":"2025-12-08T15:08:40","guid":{"rendered":""},"modified":"2026-04-22T09:10:39","modified_gmt":"2026-04-22T12:10:39","slug":"controle-remoto-para-campainha-leca4950","status":"publish","type":"product","link":"https:\/\/www.exatron.com.br\/en\/produtos\/controle-remoto-para-campainha-leca4950\/","title":{"rendered":"Remote Control for Doorbell LECA4950"},"content":{"rendered":"<h3>Technical Specifications<\/h3>\n<p>\u2022Tens\u00e3o: 3V (bateria CR2032)<\/p>\n<p>\u2022Consumo M\u00e1ximo: 0,04W (com bot\u00e3o pressionado);<\/p>\n<p>\u2022R\u00e1dio Frequ\u00eancia: 315MHz<\/p>\n<p>\u2022Temperatura de Opera\u00e7\u00e3o: 0 a 40\u00b0C;<\/p>\n<p>\u2022Dist\u00e2ncia m\u00e1xima entre o Controle Remoto (LECR9000) e receptor (modelo LECA4952) de at\u00e9 150 metros em campo aberto;<\/p>\n<p>\u2022Possui LED indicador de funcionamento;<\/p>\n<p>\u2022Instala\u00e7\u00e3o em ambientes internos e externos (suporta incid\u00eancia de sol e chuva);<\/p>\n<p>\u2022Excelente imunidade contra interfer\u00eancias emanadas e induzidas provocadas por reator eletr\u00f4nico, l\u00e2mpada LED, celular, r\u00e1dio comunicador e instala\u00e7\u00f5es de outros sensores em paralelo;<\/p>\n<p>\u2022F\u00e1cil instala\u00e7\u00e3o, basta fixar o controle e parear a uma campainha LECA4950.<\/p>","protected":false},"excerpt":{"rendered":"<p>A Controle Remoto (LECR9000) deve ser utilizado em conjunto com uma Campainha Eletr\u00f4nica Sem Fio LECA4950, \u00e9 ideal para uso residencial e comercial. Com f\u00e1cil instala\u00e7\u00e3o, design clean e tecnologia touch oferece uma solu\u00e7\u00e3o mais segura, enquanto embeleza e harmoniza o ambiente.<\/p>","protected":false},"featured_media":14620,"comment_status":"open","ping_status":"closed","template":"","meta":{"_acf_changed":false,"_joinchat":[]},"aplicacao":[],"product_brand":[],"product_cat":[312,340],"product_tag":[830,829,831],"class_list":{"0":"post-10630","1":"product","2":"type-product","3":"status-publish","4":"has-post-thumbnail","6":"product_cat-campainhas-musicais-eletronicas","7":"product_cat-campainhas-sem-fio","8":"product_tag-controle-campainha-exatron","9":"product_tag-controle-campainha-sem-fio","10":"product_tag-controle-campainha-wireless","12":"first","13":"venda_encerrada","14":"shipping-taxable","15":"product-type-simple"},"acf":[],"yoast_head":"<!-- This site is optimized with the Yoast SEO plugin v27.3 - https:\/\/yoast.com\/product\/yoast-seo-wordpress\/ -->\n<title>Controle Remoto para Campainha LECA4950 - EXATRON<\/title>\n<meta name=\"description\" content=\"J\u00e1 possui a campainha sem fio da Exatron e precisa de mais um controle? Adquira o controle separadamente e o utilize em ambientes distintos.\" \/>\n<meta name=\"robots\" content=\"index, follow, max-snippet:-1, max-image-preview:large, max-video-preview:-1\" \/>\n<link rel=\"canonical\" href=\"https:\/\/www.exatron.com.br\/en\/produtos\/controle-remoto-para-campainha-leca4950\/\" \/>\n<meta property=\"og:locale\" content=\"en_US\" \/>\n<meta property=\"og:type\" content=\"article\" \/>\n<meta property=\"og:title\" content=\"Controle Remoto para Campainha LECA4950 - EXATRON\" \/>\n<meta property=\"og:description\" content=\"J\u00e1 possui a campainha sem fio da Exatron e precisa de mais um controle? Adquira o controle separadamente e o utilize em ambientes distintos.\" \/>\n<meta property=\"og:url\" content=\"https:\/\/www.exatron.com.br\/en\/produtos\/controle-remoto-para-campainha-leca4950\/\" \/>\n<meta property=\"og:site_name\" content=\"EXATRON\" \/>\n<meta property=\"article:modified_time\" content=\"2026-04-22T12:10:39+00:00\" \/>\n<meta property=\"og:image\" content=\"https:\/\/www.exatron.com.br\/wp-content\/uploads\/leca4950_6-1.png\" \/>\n\t<meta property=\"og:image:width\" content=\"1000\" \/>\n\t<meta property=\"og:image:height\" content=\"1000\" \/>\n\t<meta property=\"og:image:type\" content=\"image\/png\" \/>\n<meta name=\"twitter:card\" content=\"summary_large_image\" \/>\n<meta name=\"twitter:label1\" content=\"Est. reading time\" \/>\n\t<meta name=\"twitter:data1\" content=\"1 minute\" \/>\n<script type=\"application\/ld+json\" class=\"yoast-schema-graph\">{\"@context\":\"https:\\\/\\\/schema.org\",\"@graph\":[{\"@type\":\"WebPage\",\"@id\":\"https:\\\/\\\/www.exatron.com.br\\\/produtos\\\/controle-remoto-para-campainha-leca4950\\\/\",\"url\":\"https:\\\/\\\/www.exatron.com.br\\\/produtos\\\/controle-remoto-para-campainha-leca4950\\\/\",\"name\":\"Controle Remoto para Campainha LECA4950 - EXATRON\",\"isPartOf\":{\"@id\":\"https:\\\/\\\/www.exatron.com.br\\\/#website\"},\"primaryImageOfPage\":{\"@id\":\"https:\\\/\\\/www.exatron.com.br\\\/produtos\\\/controle-remoto-para-campainha-leca4950\\\/#primaryimage\"},\"image\":{\"@id\":\"https:\\\/\\\/www.exatron.com.br\\\/produtos\\\/controle-remoto-para-campainha-leca4950\\\/#primaryimage\"},\"thumbnailUrl\":\"https:\\\/\\\/www.exatron.com.br\\\/wp-content\\\/uploads\\\/leca4950_6-1.png\",\"datePublished\":\"2025-12-08T15:08:40+00:00\",\"dateModified\":\"2026-04-22T12:10:39+00:00\",\"description\":\"J\u00e1 possui a campainha sem fio da Exatron e precisa de mais um controle? Adquira o controle separadamente e o utilize em ambientes distintos.\",\"breadcrumb\":{\"@id\":\"https:\\\/\\\/www.exatron.com.br\\\/produtos\\\/controle-remoto-para-campainha-leca4950\\\/#breadcrumb\"},\"inLanguage\":\"en-US\",\"potentialAction\":[{\"@type\":\"ReadAction\",\"target\":[\"https:\\\/\\\/www.exatron.com.br\\\/produtos\\\/controle-remoto-para-campainha-leca4950\\\/\"]}]},{\"@type\":\"ImageObject\",\"inLanguage\":\"en-US\",\"@id\":\"https:\\\/\\\/www.exatron.com.br\\\/produtos\\\/controle-remoto-para-campainha-leca4950\\\/#primaryimage\",\"url\":\"https:\\\/\\\/www.exatron.com.br\\\/wp-content\\\/uploads\\\/leca4950_6-1.png\",\"contentUrl\":\"https:\\\/\\\/www.exatron.com.br\\\/wp-content\\\/uploads\\\/leca4950_6-1.png\",\"width\":1000,\"height\":1000,\"caption\":\"Campainha Eletr\u00f4nica sem fio Bivolt 28 Toques 01 Controle - Frente\"},{\"@type\":\"BreadcrumbList\",\"@id\":\"https:\\\/\\\/www.exatron.com.br\\\/produtos\\\/controle-remoto-para-campainha-leca4950\\\/#breadcrumb\",\"itemListElement\":[{\"@type\":\"ListItem\",\"position\":1,\"name\":\"In\u00edcio\",\"item\":\"https:\\\/\\\/www.exatron.com.br\\\/\"},{\"@type\":\"ListItem\",\"position\":2,\"name\":\"Loja\",\"item\":\"https:\\\/\\\/www.exatron.com.br\\\/loja\\\/\"},{\"@type\":\"ListItem\",\"position\":3,\"name\":\"Controle Remoto para Campainha LECA4950\"}]},{\"@type\":\"WebSite\",\"@id\":\"https:\\\/\\\/www.exatron.com.br\\\/#website\",\"url\":\"https:\\\/\\\/www.exatron.com.br\\\/\",\"name\":\"EXATRON\",\"description\":\"\",\"publisher\":{\"@id\":\"https:\\\/\\\/www.exatron.com.br\\\/#organization\"},\"potentialAction\":[{\"@type\":\"SearchAction\",\"target\":{\"@type\":\"EntryPoint\",\"urlTemplate\":\"https:\\\/\\\/www.exatron.com.br\\\/?s={search_term_string}\"},\"query-input\":{\"@type\":\"PropertyValueSpecification\",\"valueRequired\":true,\"valueName\":\"search_term_string\"}}],\"inLanguage\":\"en-US\"},{\"@type\":\"Organization\",\"@id\":\"https:\\\/\\\/www.exatron.com.br\\\/#organization\",\"name\":\"EXATRON\",\"url\":\"https:\\\/\\\/www.exatron.com.br\\\/\",\"logo\":{\"@type\":\"ImageObject\",\"inLanguage\":\"en-US\",\"@id\":\"https:\\\/\\\/www.exatron.com.br\\\/#\\\/schema\\\/logo\\\/image\\\/\",\"url\":\"https:\\\/\\\/www.exatron.com.br\\\/wp-content\\\/uploads\\\/2024\\\/11\\\/default-kit.png\",\"contentUrl\":\"https:\\\/\\\/www.exatron.com.br\\\/wp-content\\\/uploads\\\/2024\\\/11\\\/default-kit.png\",\"width\":956,\"height\":192,\"caption\":\"EXATRON\"},\"image\":{\"@id\":\"https:\\\/\\\/www.exatron.com.br\\\/#\\\/schema\\\/logo\\\/image\\\/\"}}]}<\/script>\n<!-- \/ Yoast SEO plugin. -->","yoast_head_json":{"title":"Controle Remoto para Campainha LECA4950 - EXATRON","description":"J\u00e1 possui a campainha sem fio da Exatron e precisa de mais um controle? Adquira o controle separadamente e o utilize em ambientes distintos.","robots":{"index":"index","follow":"follow","max-snippet":"max-snippet:-1","max-image-preview":"max-image-preview:large","max-video-preview":"max-video-preview:-1"},"canonical":"https:\/\/www.exatron.com.br\/en\/produtos\/controle-remoto-para-campainha-leca4950\/","og_locale":"en_US","og_type":"article","og_title":"Controle Remoto para Campainha LECA4950 - EXATRON","og_description":"J\u00e1 possui a campainha sem fio da Exatron e precisa de mais um controle? Adquira o controle separadamente e o utilize em ambientes distintos.","og_url":"https:\/\/www.exatron.com.br\/en\/produtos\/controle-remoto-para-campainha-leca4950\/","og_site_name":"EXATRON","article_modified_time":"2026-04-22T12:10:39+00:00","og_image":[{"width":1000,"height":1000,"url":"https:\/\/www.exatron.com.br\/wp-content\/uploads\/leca4950_6-1.png","type":"image\/png"}],"twitter_card":"summary_large_image","twitter_misc":{"Est. reading time":"1 minute"},"schema":{"@context":"https:\/\/schema.org","@graph":[{"@type":"WebPage","@id":"https:\/\/www.exatron.com.br\/produtos\/controle-remoto-para-campainha-leca4950\/","url":"https:\/\/www.exatron.com.br\/produtos\/controle-remoto-para-campainha-leca4950\/","name":"Controle Remoto para Campainha LECA4950 - EXATRON","isPartOf":{"@id":"https:\/\/www.exatron.com.br\/#website"},"primaryImageOfPage":{"@id":"https:\/\/www.exatron.com.br\/produtos\/controle-remoto-para-campainha-leca4950\/#primaryimage"},"image":{"@id":"https:\/\/www.exatron.com.br\/produtos\/controle-remoto-para-campainha-leca4950\/#primaryimage"},"thumbnailUrl":"https:\/\/www.exatron.com.br\/wp-content\/uploads\/leca4950_6-1.png","datePublished":"2025-12-08T15:08:40+00:00","dateModified":"2026-04-22T12:10:39+00:00","description":"J\u00e1 possui a campainha sem fio da Exatron e precisa de mais um controle? Adquira o controle separadamente e o utilize em ambientes distintos.","breadcrumb":{"@id":"https:\/\/www.exatron.com.br\/produtos\/controle-remoto-para-campainha-leca4950\/#breadcrumb"},"inLanguage":"en-US","potentialAction":[{"@type":"ReadAction","target":["https:\/\/www.exatron.com.br\/produtos\/controle-remoto-para-campainha-leca4950\/"]}]},{"@type":"ImageObject","inLanguage":"en-US","@id":"https:\/\/www.exatron.com.br\/produtos\/controle-remoto-para-campainha-leca4950\/#primaryimage","url":"https:\/\/www.exatron.com.br\/wp-content\/uploads\/leca4950_6-1.png","contentUrl":"https:\/\/www.exatron.com.br\/wp-content\/uploads\/leca4950_6-1.png","width":1000,"height":1000,"caption":"Campainha Eletr\u00f4nica sem fio Bivolt 28 Toques 01 Controle - Frente"},{"@type":"BreadcrumbList","@id":"https:\/\/www.exatron.com.br\/produtos\/controle-remoto-para-campainha-leca4950\/#breadcrumb","itemListElement":[{"@type":"ListItem","position":1,"name":"In\u00edcio","item":"https:\/\/www.exatron.com.br\/"},{"@type":"ListItem","position":2,"name":"Loja","item":"https:\/\/www.exatron.com.br\/loja\/"},{"@type":"ListItem","position":3,"name":"Controle Remoto para Campainha LECA4950"}]},{"@type":"WebSite","@id":"https:\/\/www.exatron.com.br\/#website","url":"https:\/\/www.exatron.com.br\/","name":"EXATRON","description":"","publisher":{"@id":"https:\/\/www.exatron.com.br\/#organization"},"potentialAction":[{"@type":"SearchAction","target":{"@type":"EntryPoint","urlTemplate":"https:\/\/www.exatron.com.br\/?s={search_term_string}"},"query-input":{"@type":"PropertyValueSpecification","valueRequired":true,"valueName":"search_term_string"}}],"inLanguage":"en-US"},{"@type":"Organization","@id":"https:\/\/www.exatron.com.br\/#organization","name":"EXATRON","url":"https:\/\/www.exatron.com.br\/","logo":{"@type":"ImageObject","inLanguage":"en-US","@id":"https:\/\/www.exatron.com.br\/#\/schema\/logo\/image\/","url":"https:\/\/www.exatron.com.br\/wp-content\/uploads\/2024\/11\/default-kit.png","contentUrl":"https:\/\/www.exatron.com.br\/wp-content\/uploads\/2024\/11\/default-kit.png","width":956,"height":192,"caption":"EXATRON"},"image":{"@id":"https:\/\/www.exatron.com.br\/#\/schema\/logo\/image\/"}}]}},"_links":{"self":[{"href":"https:\/\/www.exatron.com.br\/en\/wp-json\/wp\/v2\/product\/10630","targetHints":{"allow":["GET"]}}],"collection":[{"href":"https:\/\/www.exatron.com.br\/en\/wp-json\/wp\/v2\/product"}],"about":[{"href":"https:\/\/www.exatron.com.br\/en\/wp-json\/wp\/v2\/types\/product"}],"replies":[{"embeddable":true,"href":"https:\/\/www.exatron.com.br\/en\/wp-json\/wp\/v2\/comments?post=10630"}],"wp:featuredmedia":[{"embeddable":true,"href":"https:\/\/www.exatron.com.br\/en\/wp-json\/wp\/v2\/media\/14620"}],"wp:attachment":[{"href":"https:\/\/www.exatron.com.br\/en\/wp-json\/wp\/v2\/media?parent=10630"}],"wp:term":[{"taxonomy":"aplicacao","embeddable":true,"href":"https:\/\/www.exatron.com.br\/en\/wp-json\/wp\/v2\/aplicacao?post=10630"},{"taxonomy":"product_brand","embeddable":true,"href":"https:\/\/www.exatron.com.br\/en\/wp-json\/wp\/v2\/product_brand?post=10630"},{"taxonomy":"product_cat","embeddable":true,"href":"https:\/\/www.exatron.com.br\/en\/wp-json\/wp\/v2\/product_cat?post=10630"},{"taxonomy":"product_tag","embeddable":true,"href":"https:\/\/www.exatron.com.br\/en\/wp-json\/wp\/v2\/product_tag?post=10630"}],"curies":[{"name":"wp","href":"https:\/\/api.w.org\/{rel}","templated":true}]}}