{"id":10635,"date":"2025-12-08T15:08:41","date_gmt":"2025-12-08T15:08:41","guid":{"rendered":""},"modified":"2026-04-17T14:28:31","modified_gmt":"2026-04-17T17:28:31","slug":"sensor-de-presenca-frontal-externo-smart-x-control","status":"publish","type":"product","link":"https:\/\/www.exatron.com.br\/en\/produtos\/sensor-de-presenca-frontal-externo-smart-x-control\/","title":{"rendered":"Smart X-Control External Front Presence Sensor"},"content":{"rendered":"<h3>Technical Specifications<\/h3>\n<ul>\n<li>Tens\u00e3o de alimenta\u00e7\u00e3o: 100-240V~50\/60Hz;<\/li>\n<li>Consumo pr\u00f3prio: &lt;1W;<\/li>\n<li>Aplica\u00e7\u00e3o: acionamento temporizado de qualquer tipo de carga em ambientes diversos;<\/li>\n<li>Para instala\u00e7\u00e3o na parede a uma altura de aproximadamente 2,1 m. Pode ser instalado em ambientes internos e externos;<\/li>\n<li>Regulagem de tempo pelo aplicativo Smart X-Control a partir de 1 segundo at\u00e9 v\u00e1rias horas;<\/li>\n<li>Recontagem de tempo autom\u00e1tica a partir da \u00faltima detec\u00e7\u00e3o;<\/li>\n<li>Possui LED indicador de funcionamento;<\/li>\n<li>Alcance de at\u00e9 12 m (com uma temperatura ambiente de 25\u00b0C);<\/li>\n<li>\u00c2ngulo de cobertura: at\u00e9 180\u00b0 (com cortinas deslizantes para regulagem do \u00e2ngulo de vis\u00e3o);<\/li>\n<li>Fotoc\u00e9lula com 30 n\u00edveis de regulagem e fun\u00e7\u00e3o auto-lux;<\/li>\n<li>Ajuste de sensibilidade do sensor de movimento com 8 n\u00edveis de sensibilidade;<\/li>\n<li>Grau de prote\u00e7\u00e3o: IP42 (ver esquema de instala\u00e7\u00e3o em \u00e1rea externa no Manual do usu\u00e1rio);<\/li>\n<li>Proporciona at\u00e9 75% de economia de energia;<\/li>\n<li>Consumo pr\u00f3prio: menor que 1,0W;<\/li>\n<li>Amigo da l\u00e2mpada: sistema de acionamento da carga com baixa tens\u00e3o el\u00e9trica &lt; 50 V, aumentando a vida \u00fatil do conjunto (carga e sensor);<\/li>\n<li>Anti-Wind System &#8211; fun\u00e7\u00e3o para reduzir a incid\u00eancia de acionamentos indesejados;<\/li>\n<li>Dispon\u00edvel nas cores branco (LESFEXXC BC) e Preto (LESFEXXC PT);<\/li>\n<li>Garantia: 3 anos;<\/li>\n<li>Fun\u00e7\u00e3o Auto-Lux: Permite memorizar a ilumina\u00e7\u00e3o do ambiente a partir do qual o produto ir\u00e1 ligar a carga quando a fun\u00e7\u00e3o fotoc\u00e9lula estiver habilitada;<\/li>\n<li>Fun\u00e7\u00e3o Rel\u00e9: O sensor funciona como um rel\u00e9 fotocontrolador, ligando a carga ao anoitecer e mantendo-a ligada pelo tempo programado ou enquanto n\u00e3o amanhecer;<\/li>\n<li>Fun\u00e7\u00e3o Manter Carga Ligada (Hold On): Mant\u00e9m a carga ligada durante o tempo programado (1 a 12 horas);<\/li>\n<li>Fun\u00e7\u00e3o Manter Carga Desligada (Hold Off): Mant\u00e9m a carga desligada durante o tempo programado (1 a 12 horas);<\/li>\n<li>Fun\u00e7\u00e3o Habilitar\/Desabilitar o LED: Permite desabilitar o LED, fazendo com o produto n\u00e3o pisque o LED ao detectar movimentos;<\/li>\n<li>LED Indicador: Ao detectar movimento o LED pisca duas vezes. Quando o produto est\u00e1 operando em algum dos seguintes modos: Fun\u00e7\u00e3o Rel\u00e9, Manter Carga Ligada ou Manter Carga Desligada, o LED oscila (pisca lentamente e de maneira gradual);<\/li>\n<li>Material: componentes pl\u00e1sticos, componentes eletr\u00f4nicos e ligas met\u00e1licas.<\/li>\n<li>Pot\u00eancia de Comando:<\/li>\n<\/ul>\n<figure class=\"table\">\n<table>\n<tbody>\n<tr>\n<td>Voltage<\/td>\n<td>Incandescente<\/td>\n<td>Eletr\u00f4nica<\/td>\n<td>LED<\/td>\n<\/tr>\n<tr>\n<td>127V~<\/td>\n<td>600W<\/td>\n<td>200W<\/td>\n<td>150W<\/td>\n<\/tr>\n<tr>\n<td>220V~<\/td>\n<td>1200W<\/td>\n<td>300W<\/td>\n<td>250W<\/td>\n<\/tr>\n<tr>\n<td colspan=\"4\">THD&lt;20% E FP&gt;0,90<\/td>\n<\/tr>\n<\/tbody>\n<\/table>\n<\/figure>\n<h3>Installation<\/h3>\n<p>A pot\u00eancia m\u00e1xima de acionamento n\u00e3o deve ser somada em instala\u00e7\u00f5es em paralelo.<\/p>\n<p>Para alterar a programa\u00e7\u00e3o \u00a0original de f\u00e1brica do seu sensor, \u00e9 necess\u00e1rio a utiliza\u00e7\u00e3o do App Smart X-Control. Voc\u00ea consegue localiz\u00e1-lo atrav\u00e9s de sua loja de prefer\u00eancia Google Play ou App Store, buscando por &#8220;Exatron Smart X-Control&#8221;.<\/p>\n<p>&nbsp;<\/p>","protected":false},"excerpt":{"rendered":"<p>O Sensor de Presen\u00e7a Frontal Externo Smart X-Control \u00e9 a solu\u00e7\u00e3o inteligente para o controle de ilumina\u00e7\u00e3o em resid\u00eancias e estabelecimentos comerciais.<\/p>\n<p>Com tecnologia microcontrolada avan\u00e7ada, este sensor detecta o movimento de fontes de calor, como pessoas e ve\u00edculos, e aciona temporariamente a carga, desligando-a ap\u00f3s a aus\u00eancia de movimento. Sua imunidade superior contra interfer\u00eancias eletromagn\u00e9ticas proporciona um desempenho confi\u00e1vel, mesmo em presen\u00e7a de reatores eletr\u00f4nicos, celulares e r\u00e1dios comunicadores.<\/p>\n<p>Al\u00e9m disso, o modelo permite o acionamento da carga com baixa tens\u00e3o el\u00e9trica, prolongando a vida \u00fatil do sistema completo.<\/p>\n<p>Sua configura\u00e7\u00e3o \u00e9 simples e r\u00e1pida, sem a necessidade de exposi\u00e7\u00e3o \u00e0 energia el\u00e9trica, utilizando o aplicativo Smart X-Control, atrav\u00e9s do seu smartphone Android ou iOS.<\/p>","protected":false},"featured_media":14384,"comment_status":"open","ping_status":"closed","template":"","meta":{"_acf_changed":false,"_joinchat":[]},"aplicacao":[267],"product_brand":[],"product_cat":[382,326,381],"product_tag":[746,749,596,747,745,659,730,707,672,748],"class_list":{"0":"post-10635","1":"product","2":"type-product","3":"status-publish","4":"has-post-thumbnail","6":"aplicacao-iluminacao-interna-sensores-de-presenca","7":"product_cat-externo","8":"product_cat-sensores-de-presenca-para-iluminacao","9":"product_cat-smart-x-control","10":"product_tag-alcance-de-12m","11":"product_tag-ambiente-interno","12":"product_tag-controle-de-iluminacao","13":"product_tag-economa","14":"product_tag-ip42","15":"product_tag-sensor-de-movimento","16":"product_tag-sensor-de-presenca-externo","17":"product_tag-sensor-de-presenca-frontal","18":"product_tag-tecnologia","19":"product_tag-tecnologia-smar","21":"first","22":"indisponivel","23":"shipping-taxable","24":"product-type-variable","25":"has-default-attributes"},"acf":[],"yoast_head":"<!-- This site is optimized with the Yoast SEO plugin v27.3 - https:\/\/yoast.com\/product\/yoast-seo-wordpress\/ -->\n<title>Sensor de Presen\u00e7a Frontal Externo Smart X-Control - EXATRON<\/title>\n<meta name=\"description\" content=\"LESFEXXC BC: Sensor frontal externo Smart X-Control, configura\u00e7\u00e3o por app, detec\u00e7\u00e3o at\u00e9 12m, \u00e2ngulo de 180\u00b0, ideal para ilumina\u00e7\u00e3o inteligente.\" \/>\n<meta name=\"robots\" content=\"index, follow, max-snippet:-1, max-image-preview:large, max-video-preview:-1\" \/>\n<link rel=\"canonical\" href=\"https:\/\/www.exatron.com.br\/en\/produtos\/sensor-de-presenca-frontal-externo-smart-x-control\/\" \/>\n<meta property=\"og:locale\" content=\"en_US\" \/>\n<meta property=\"og:type\" content=\"article\" \/>\n<meta property=\"og:title\" content=\"Sensor de Presen\u00e7a Frontal Externo Smart X-Control - EXATRON\" \/>\n<meta property=\"og:description\" content=\"LESFEXXC BC: Sensor frontal externo Smart X-Control, configura\u00e7\u00e3o por app, detec\u00e7\u00e3o at\u00e9 12m, \u00e2ngulo de 180\u00b0, ideal para ilumina\u00e7\u00e3o inteligente.\" \/>\n<meta property=\"og:url\" content=\"https:\/\/www.exatron.com.br\/en\/produtos\/sensor-de-presenca-frontal-externo-smart-x-control\/\" \/>\n<meta property=\"og:site_name\" content=\"EXATRON\" \/>\n<meta property=\"article:modified_time\" content=\"2026-04-17T17:28:31+00:00\" \/>\n<meta property=\"og:image\" content=\"https:\/\/www.exatron.com.br\/wp-content\/uploads\/lesfexxc2_5.png\" \/>\n\t<meta property=\"og:image:width\" content=\"1000\" \/>\n\t<meta property=\"og:image:height\" content=\"1000\" \/>\n\t<meta property=\"og:image:type\" content=\"image\/png\" \/>\n<meta name=\"twitter:card\" content=\"summary_large_image\" \/>\n<meta name=\"twitter:label1\" content=\"Est. reading time\" \/>\n\t<meta name=\"twitter:data1\" content=\"3 minutes\" \/>\n<script type=\"application\/ld+json\" class=\"yoast-schema-graph\">{\"@context\":\"https:\\\/\\\/schema.org\",\"@graph\":[{\"@type\":\"WebPage\",\"@id\":\"https:\\\/\\\/www.exatron.com.br\\\/produtos\\\/sensor-de-presenca-frontal-externo-smart-x-control\\\/\",\"url\":\"https:\\\/\\\/www.exatron.com.br\\\/produtos\\\/sensor-de-presenca-frontal-externo-smart-x-control\\\/\",\"name\":\"Sensor de Presen\u00e7a Frontal Externo Smart X-Control - EXATRON\",\"isPartOf\":{\"@id\":\"https:\\\/\\\/www.exatron.com.br\\\/#website\"},\"primaryImageOfPage\":{\"@id\":\"https:\\\/\\\/www.exatron.com.br\\\/produtos\\\/sensor-de-presenca-frontal-externo-smart-x-control\\\/#primaryimage\"},\"image\":{\"@id\":\"https:\\\/\\\/www.exatron.com.br\\\/produtos\\\/sensor-de-presenca-frontal-externo-smart-x-control\\\/#primaryimage\"},\"thumbnailUrl\":\"https:\\\/\\\/www.exatron.com.br\\\/wp-content\\\/uploads\\\/lesfexxc2_5.png\",\"datePublished\":\"2025-12-08T15:08:41+00:00\",\"dateModified\":\"2026-04-17T17:28:31+00:00\",\"description\":\"LESFEXXC BC: Sensor frontal externo Smart X-Control, configura\u00e7\u00e3o por app, detec\u00e7\u00e3o at\u00e9 12m, \u00e2ngulo de 180\u00b0, ideal para ilumina\u00e7\u00e3o inteligente.\",\"breadcrumb\":{\"@id\":\"https:\\\/\\\/www.exatron.com.br\\\/produtos\\\/sensor-de-presenca-frontal-externo-smart-x-control\\\/#breadcrumb\"},\"inLanguage\":\"en-US\",\"potentialAction\":[{\"@type\":\"ReadAction\",\"target\":[\"https:\\\/\\\/www.exatron.com.br\\\/produtos\\\/sensor-de-presenca-frontal-externo-smart-x-control\\\/\"]}]},{\"@type\":\"ImageObject\",\"inLanguage\":\"en-US\",\"@id\":\"https:\\\/\\\/www.exatron.com.br\\\/produtos\\\/sensor-de-presenca-frontal-externo-smart-x-control\\\/#primaryimage\",\"url\":\"https:\\\/\\\/www.exatron.com.br\\\/wp-content\\\/uploads\\\/lesfexxc2_5.png\",\"contentUrl\":\"https:\\\/\\\/www.exatron.com.br\\\/wp-content\\\/uploads\\\/lesfexxc2_5.png\",\"width\":1000,\"height\":1000,\"caption\":\"Sensor de Presen\u00e7a Frontal Externo Smart X-Control - lado 2\"},{\"@type\":\"BreadcrumbList\",\"@id\":\"https:\\\/\\\/www.exatron.com.br\\\/produtos\\\/sensor-de-presenca-frontal-externo-smart-x-control\\\/#breadcrumb\",\"itemListElement\":[{\"@type\":\"ListItem\",\"position\":1,\"name\":\"In\u00edcio\",\"item\":\"https:\\\/\\\/www.exatron.com.br\\\/\"},{\"@type\":\"ListItem\",\"position\":2,\"name\":\"Loja\",\"item\":\"https:\\\/\\\/www.exatron.com.br\\\/loja\\\/\"},{\"@type\":\"ListItem\",\"position\":3,\"name\":\"Sensor de Presen\u00e7a Frontal Externo Smart X-Control\"}]},{\"@type\":\"WebSite\",\"@id\":\"https:\\\/\\\/www.exatron.com.br\\\/#website\",\"url\":\"https:\\\/\\\/www.exatron.com.br\\\/\",\"name\":\"EXATRON\",\"description\":\"\",\"publisher\":{\"@id\":\"https:\\\/\\\/www.exatron.com.br\\\/#organization\"},\"potentialAction\":[{\"@type\":\"SearchAction\",\"target\":{\"@type\":\"EntryPoint\",\"urlTemplate\":\"https:\\\/\\\/www.exatron.com.br\\\/?s={search_term_string}\"},\"query-input\":{\"@type\":\"PropertyValueSpecification\",\"valueRequired\":true,\"valueName\":\"search_term_string\"}}],\"inLanguage\":\"en-US\"},{\"@type\":\"Organization\",\"@id\":\"https:\\\/\\\/www.exatron.com.br\\\/#organization\",\"name\":\"EXATRON\",\"url\":\"https:\\\/\\\/www.exatron.com.br\\\/\",\"logo\":{\"@type\":\"ImageObject\",\"inLanguage\":\"en-US\",\"@id\":\"https:\\\/\\\/www.exatron.com.br\\\/#\\\/schema\\\/logo\\\/image\\\/\",\"url\":\"https:\\\/\\\/www.exatron.com.br\\\/wp-content\\\/uploads\\\/2024\\\/11\\\/default-kit.png\",\"contentUrl\":\"https:\\\/\\\/www.exatron.com.br\\\/wp-content\\\/uploads\\\/2024\\\/11\\\/default-kit.png\",\"width\":956,\"height\":192,\"caption\":\"EXATRON\"},\"image\":{\"@id\":\"https:\\\/\\\/www.exatron.com.br\\\/#\\\/schema\\\/logo\\\/image\\\/\"}}]}<\/script>\n<!-- \/ Yoast SEO plugin. -->","yoast_head_json":{"title":"Sensor de Presen\u00e7a Frontal Externo Smart X-Control - EXATRON","description":"LESFEXXC BC: Sensor frontal externo Smart X-Control, configura\u00e7\u00e3o por app, detec\u00e7\u00e3o at\u00e9 12m, \u00e2ngulo de 180\u00b0, ideal para ilumina\u00e7\u00e3o inteligente.","robots":{"index":"index","follow":"follow","max-snippet":"max-snippet:-1","max-image-preview":"max-image-preview:large","max-video-preview":"max-video-preview:-1"},"canonical":"https:\/\/www.exatron.com.br\/en\/produtos\/sensor-de-presenca-frontal-externo-smart-x-control\/","og_locale":"en_US","og_type":"article","og_title":"Sensor de Presen\u00e7a Frontal Externo Smart X-Control - EXATRON","og_description":"LESFEXXC BC: Sensor frontal externo Smart X-Control, configura\u00e7\u00e3o por app, detec\u00e7\u00e3o at\u00e9 12m, \u00e2ngulo de 180\u00b0, ideal para ilumina\u00e7\u00e3o inteligente.","og_url":"https:\/\/www.exatron.com.br\/en\/produtos\/sensor-de-presenca-frontal-externo-smart-x-control\/","og_site_name":"EXATRON","article_modified_time":"2026-04-17T17:28:31+00:00","og_image":[{"width":1000,"height":1000,"url":"https:\/\/www.exatron.com.br\/wp-content\/uploads\/lesfexxc2_5.png","type":"image\/png"}],"twitter_card":"summary_large_image","twitter_misc":{"Est. reading time":"3 minutes"},"schema":{"@context":"https:\/\/schema.org","@graph":[{"@type":"WebPage","@id":"https:\/\/www.exatron.com.br\/produtos\/sensor-de-presenca-frontal-externo-smart-x-control\/","url":"https:\/\/www.exatron.com.br\/produtos\/sensor-de-presenca-frontal-externo-smart-x-control\/","name":"Sensor de Presen\u00e7a Frontal Externo Smart X-Control - EXATRON","isPartOf":{"@id":"https:\/\/www.exatron.com.br\/#website"},"primaryImageOfPage":{"@id":"https:\/\/www.exatron.com.br\/produtos\/sensor-de-presenca-frontal-externo-smart-x-control\/#primaryimage"},"image":{"@id":"https:\/\/www.exatron.com.br\/produtos\/sensor-de-presenca-frontal-externo-smart-x-control\/#primaryimage"},"thumbnailUrl":"https:\/\/www.exatron.com.br\/wp-content\/uploads\/lesfexxc2_5.png","datePublished":"2025-12-08T15:08:41+00:00","dateModified":"2026-04-17T17:28:31+00:00","description":"LESFEXXC BC: Sensor frontal externo Smart X-Control, configura\u00e7\u00e3o por app, detec\u00e7\u00e3o at\u00e9 12m, \u00e2ngulo de 180\u00b0, ideal para ilumina\u00e7\u00e3o inteligente.","breadcrumb":{"@id":"https:\/\/www.exatron.com.br\/produtos\/sensor-de-presenca-frontal-externo-smart-x-control\/#breadcrumb"},"inLanguage":"en-US","potentialAction":[{"@type":"ReadAction","target":["https:\/\/www.exatron.com.br\/produtos\/sensor-de-presenca-frontal-externo-smart-x-control\/"]}]},{"@type":"ImageObject","inLanguage":"en-US","@id":"https:\/\/www.exatron.com.br\/produtos\/sensor-de-presenca-frontal-externo-smart-x-control\/#primaryimage","url":"https:\/\/www.exatron.com.br\/wp-content\/uploads\/lesfexxc2_5.png","contentUrl":"https:\/\/www.exatron.com.br\/wp-content\/uploads\/lesfexxc2_5.png","width":1000,"height":1000,"caption":"Sensor de Presen\u00e7a Frontal Externo Smart X-Control - lado 2"},{"@type":"BreadcrumbList","@id":"https:\/\/www.exatron.com.br\/produtos\/sensor-de-presenca-frontal-externo-smart-x-control\/#breadcrumb","itemListElement":[{"@type":"ListItem","position":1,"name":"In\u00edcio","item":"https:\/\/www.exatron.com.br\/"},{"@type":"ListItem","position":2,"name":"Loja","item":"https:\/\/www.exatron.com.br\/loja\/"},{"@type":"ListItem","position":3,"name":"Sensor de Presen\u00e7a Frontal Externo Smart X-Control"}]},{"@type":"WebSite","@id":"https:\/\/www.exatron.com.br\/#website","url":"https:\/\/www.exatron.com.br\/","name":"EXATRON","description":"","publisher":{"@id":"https:\/\/www.exatron.com.br\/#organization"},"potentialAction":[{"@type":"SearchAction","target":{"@type":"EntryPoint","urlTemplate":"https:\/\/www.exatron.com.br\/?s={search_term_string}"},"query-input":{"@type":"PropertyValueSpecification","valueRequired":true,"valueName":"search_term_string"}}],"inLanguage":"en-US"},{"@type":"Organization","@id":"https:\/\/www.exatron.com.br\/#organization","name":"EXATRON","url":"https:\/\/www.exatron.com.br\/","logo":{"@type":"ImageObject","inLanguage":"en-US","@id":"https:\/\/www.exatron.com.br\/#\/schema\/logo\/image\/","url":"https:\/\/www.exatron.com.br\/wp-content\/uploads\/2024\/11\/default-kit.png","contentUrl":"https:\/\/www.exatron.com.br\/wp-content\/uploads\/2024\/11\/default-kit.png","width":956,"height":192,"caption":"EXATRON"},"image":{"@id":"https:\/\/www.exatron.com.br\/#\/schema\/logo\/image\/"}}]}},"_links":{"self":[{"href":"https:\/\/www.exatron.com.br\/en\/wp-json\/wp\/v2\/product\/10635","targetHints":{"allow":["GET"]}}],"collection":[{"href":"https:\/\/www.exatron.com.br\/en\/wp-json\/wp\/v2\/product"}],"about":[{"href":"https:\/\/www.exatron.com.br\/en\/wp-json\/wp\/v2\/types\/product"}],"replies":[{"embeddable":true,"href":"https:\/\/www.exatron.com.br\/en\/wp-json\/wp\/v2\/comments?post=10635"}],"wp:featuredmedia":[{"embeddable":true,"href":"https:\/\/www.exatron.com.br\/en\/wp-json\/wp\/v2\/media\/14384"}],"wp:attachment":[{"href":"https:\/\/www.exatron.com.br\/en\/wp-json\/wp\/v2\/media?parent=10635"}],"wp:term":[{"taxonomy":"aplicacao","embeddable":true,"href":"https:\/\/www.exatron.com.br\/en\/wp-json\/wp\/v2\/aplicacao?post=10635"},{"taxonomy":"product_brand","embeddable":true,"href":"https:\/\/www.exatron.com.br\/en\/wp-json\/wp\/v2\/product_brand?post=10635"},{"taxonomy":"product_cat","embeddable":true,"href":"https:\/\/www.exatron.com.br\/en\/wp-json\/wp\/v2\/product_cat?post=10635"},{"taxonomy":"product_tag","embeddable":true,"href":"https:\/\/www.exatron.com.br\/en\/wp-json\/wp\/v2\/product_tag?post=10635"}],"curies":[{"name":"wp","href":"https:\/\/api.w.org\/{rel}","templated":true}]}}