{"id":10636,"date":"2025-12-08T15:08:41","date_gmt":"2025-12-08T15:08:41","guid":{"rendered":""},"modified":"2026-04-28T15:59:22","modified_gmt":"2026-04-28T18:59:22","slug":"tomada-usb-com-suporte-para-smartphone","status":"publish","type":"product","link":"https:\/\/www.exatron.com.br\/en\/produtos\/tomada-usb-com-suporte-para-smartphone\/","title":{"rendered":"Conjunto 4X2 1 Tomada USB 5V 2.1A, 1 Suporte com Cabo"},"content":{"rendered":"<h3>Technical Specifications<\/h3>\n<ul>\n<li>Tens\u00e3o: 100-240V~50\/60Hz;<\/li>\n<li>Consumo em standby: &lt;0,3W;<\/li>\n<li>Fonte de alimenta\u00e7\u00e3o: 5V;<\/li>\n<li>Corrente m\u00e1xima de sa\u00edda: 2,1A @5V;<\/li>\n<li>Prote\u00e7\u00e3o contra surto: 3kV;<\/li>\n<li>Prote\u00e7\u00e3o contra sobretens\u00e3o, sobrecorrente e sobre temperatura;<\/li>\n<li>Compat\u00edvel com conector USB tipo A;<\/li>\n<li>Liga\u00e7\u00e3o a dois fios (fase e neutro);<\/li>\n<li>Compat\u00edvel com dispositivos com fun\u00e7\u00e3o Quick Charge 1.0, permitindo cargas mais r\u00e1pidas sem afetar a vida \u00fatil da bateria do dispositivo USB;<\/li>\n<li>Produto conforme com a norma de seguran\u00e7a IEC 60950-1\/2013 com objetivo de previr e proteger os consumidores em rela\u00e7\u00e3o aos riscos el\u00e9tricos, mec\u00e2nicos, t\u00e9rmicos, fogo e radia\u00e7\u00e3o dos aparelhos, quando em utiliza\u00e7\u00e3o normal. N\u00ba ITE 0025\/2018<\/li>\n<li>Components: plastics, electronics, and metal alloys;<\/li>\n<li>02 anos de garantia.<\/li>\n<\/ul>\n<h3>Installation<\/h3>\n<ol>\n<li>Grade 4&#215;2;<\/li>\n<li>Kit de parafuso para instala\u00e7\u00e3o em caixa 4&#215;2;<\/li>\n<li>M\u00f3dulo 1\/3 tomada USB 5V 2,1A;<\/li>\n<li>M\u00f3dulo 2\/3 suporte para dispositivo com \u00edm\u00e3;<\/li>\n<li>Espelho 4&#215;2;<\/li>\n<li>Cabo USB 90\u00ba (Micro USB <strong>[A]<\/strong>, Lightning <strong>[B]<\/strong> e USB Tipo C <strong>[C]<\/strong>);<\/li>\n<li>Chapa de metal redonda com dupla face para fixa\u00e7\u00e3o do dispositivo aos \u00edm\u00e3s do suporte;<\/li>\n<li>Chapa de metal retangular com dupla face para fixa\u00e7\u00e3o do dispositivo aos \u00edm\u00e3s do suporte;<\/li>\n<li>A chapa met\u00e1lica deve ser colada na traseira do dispositivo a 2,5cm da base do mesmo.<\/li>\n<\/ol>\n<figure class=\"image\"><img decoding=\"async\" src=\"https:\/\/www.exatron.com.br\/storage\/editor\/h9VTzuLho4nDipvrbDDutZYOMOAglP8bU1rgSbIo.png\" \/><figcaption>Para montar, cole a chapa de metal em seu dispositivo, de modo que a chapa fique na altura dos \u00edm\u00e3s do suporte. Em seguida, plugue o cabo USB com o conector compat\u00edvel em seu dispositivo.<\/figcaption><\/figure>\n<p>&nbsp;<\/p>","protected":false},"excerpt":{"rendered":"<p>A tomada USB com suporte da Exatron \u00e9 uma maneira pr\u00e1tica e segura para carregar seu dispositivo, al\u00e9m de servir de base para a IHM (interface homem-m\u00e1quina) da sua automa\u00e7\u00e3o residencial. \u00c9 compat\u00edvel com dispositivos com a fun\u00e7\u00e3o Quick Charge 1.0 permitindo cargas mais r\u00e1pidas.<\/p>","protected":false},"featured_media":10070,"comment_status":"open","ping_status":"closed","template":"","meta":{"_acf_changed":false,"_joinchat":[]},"aplicacao":[],"product_brand":[],"product_cat":[372,325],"product_tag":[],"class_list":{"0":"post-10636","1":"product","2":"type-product","3":"status-publish","4":"has-post-thumbnail","6":"product_cat-conjuntos","7":"product_cat-linha-eletrica","9":"first","10":"venda_encerrada","11":"shipping-taxable","12":"product-type-variable","13":"has-default-attributes"},"acf":[],"yoast_head":"<!-- This site is optimized with the Yoast SEO plugin v27.3 - https:\/\/yoast.com\/product\/yoast-seo-wordpress\/ -->\n<title>Conjunto 4X2 1 Tomada USB 5V 2.1A, 1 Suporte com Cabo - EXATRON<\/title>\n<meta name=\"robots\" content=\"index, follow, max-snippet:-1, max-image-preview:large, max-video-preview:-1\" \/>\n<link rel=\"canonical\" href=\"https:\/\/www.exatron.com.br\/en\/produtos\/tomada-usb-com-suporte-para-smartphone\/\" \/>\n<meta property=\"og:locale\" content=\"en_US\" \/>\n<meta property=\"og:type\" content=\"article\" \/>\n<meta property=\"og:title\" content=\"Conjunto 4X2 1 Tomada USB 5V 2.1A, 1 Suporte com Cabo - EXATRON\" \/>\n<meta property=\"og:description\" content=\"A tomada USB com suporte da Exatron \u00e9 uma maneira pr\u00e1tica e segura para carregar seu dispositivo, al\u00e9m de servir de base para a IHM (interface homem-m\u00e1quina) da sua automa\u00e7\u00e3o residencial. \u00c9 compat\u00edvel com dispositivos com a fun\u00e7\u00e3o Quick Charge 1.0 permitindo cargas mais r\u00e1pidas.\" \/>\n<meta property=\"og:url\" content=\"https:\/\/www.exatron.com.br\/en\/produtos\/tomada-usb-com-suporte-para-smartphone\/\" \/>\n<meta property=\"og:site_name\" content=\"EXATRON\" \/>\n<meta property=\"article:modified_time\" content=\"2026-04-28T18:59:22+00:00\" \/>\n<meta property=\"og:image\" content=\"https:\/\/www.exatron.com.br\/wp-content\/uploads\/2025\/12\/7lyiz1k2c9g8isu9djpmjc4xcju0zqtlmnpwelbb.png\" \/>\n\t<meta property=\"og:image:width\" content=\"1080\" \/>\n\t<meta property=\"og:image:height\" content=\"1080\" \/>\n\t<meta property=\"og:image:type\" content=\"image\/png\" \/>\n<meta name=\"twitter:card\" content=\"summary_large_image\" \/>\n<meta name=\"twitter:label1\" content=\"Est. reading time\" \/>\n\t<meta name=\"twitter:data1\" content=\"2 minutes\" \/>\n<script type=\"application\/ld+json\" class=\"yoast-schema-graph\">{\"@context\":\"https:\\\/\\\/schema.org\",\"@graph\":[{\"@type\":\"WebPage\",\"@id\":\"https:\\\/\\\/www.exatron.com.br\\\/produtos\\\/tomada-usb-com-suporte-para-smartphone\\\/\",\"url\":\"https:\\\/\\\/www.exatron.com.br\\\/produtos\\\/tomada-usb-com-suporte-para-smartphone\\\/\",\"name\":\"Conjunto 4X2 1 Tomada USB 5V 2.1A, 1 Suporte com Cabo - EXATRON\",\"isPartOf\":{\"@id\":\"https:\\\/\\\/www.exatron.com.br\\\/#website\"},\"primaryImageOfPage\":{\"@id\":\"https:\\\/\\\/www.exatron.com.br\\\/produtos\\\/tomada-usb-com-suporte-para-smartphone\\\/#primaryimage\"},\"image\":{\"@id\":\"https:\\\/\\\/www.exatron.com.br\\\/produtos\\\/tomada-usb-com-suporte-para-smartphone\\\/#primaryimage\"},\"thumbnailUrl\":\"https:\\\/\\\/www.exatron.com.br\\\/wp-content\\\/uploads\\\/2025\\\/12\\\/7lyiz1k2c9g8isu9djpmjc4xcju0zqtlmnpwelbb.png\",\"datePublished\":\"2025-12-08T15:08:41+00:00\",\"dateModified\":\"2026-04-28T18:59:22+00:00\",\"breadcrumb\":{\"@id\":\"https:\\\/\\\/www.exatron.com.br\\\/produtos\\\/tomada-usb-com-suporte-para-smartphone\\\/#breadcrumb\"},\"inLanguage\":\"en-US\",\"potentialAction\":[{\"@type\":\"ReadAction\",\"target\":[\"https:\\\/\\\/www.exatron.com.br\\\/produtos\\\/tomada-usb-com-suporte-para-smartphone\\\/\"]}]},{\"@type\":\"ImageObject\",\"inLanguage\":\"en-US\",\"@id\":\"https:\\\/\\\/www.exatron.com.br\\\/produtos\\\/tomada-usb-com-suporte-para-smartphone\\\/#primaryimage\",\"url\":\"https:\\\/\\\/www.exatron.com.br\\\/wp-content\\\/uploads\\\/2025\\\/12\\\/7lyiz1k2c9g8isu9djpmjc4xcju0zqtlmnpwelbb.png\",\"contentUrl\":\"https:\\\/\\\/www.exatron.com.br\\\/wp-content\\\/uploads\\\/2025\\\/12\\\/7lyiz1k2c9g8isu9djpmjc4xcju0zqtlmnpwelbb.png\",\"width\":1080,\"height\":1080,\"caption\":\"7lyiz1k2c9g8isu9djpmjc4xcju0zqtlmnpwelbb\"},{\"@type\":\"BreadcrumbList\",\"@id\":\"https:\\\/\\\/www.exatron.com.br\\\/produtos\\\/tomada-usb-com-suporte-para-smartphone\\\/#breadcrumb\",\"itemListElement\":[{\"@type\":\"ListItem\",\"position\":1,\"name\":\"In\u00edcio\",\"item\":\"https:\\\/\\\/www.exatron.com.br\\\/\"},{\"@type\":\"ListItem\",\"position\":2,\"name\":\"Loja\",\"item\":\"https:\\\/\\\/www.exatron.com.br\\\/loja\\\/\"},{\"@type\":\"ListItem\",\"position\":3,\"name\":\"Conjunto 4X2 1 Tomada USB 5V 2.1A, 1 Suporte com Cabo\"}]},{\"@type\":\"WebSite\",\"@id\":\"https:\\\/\\\/www.exatron.com.br\\\/#website\",\"url\":\"https:\\\/\\\/www.exatron.com.br\\\/\",\"name\":\"EXATRON\",\"description\":\"\",\"publisher\":{\"@id\":\"https:\\\/\\\/www.exatron.com.br\\\/#organization\"},\"potentialAction\":[{\"@type\":\"SearchAction\",\"target\":{\"@type\":\"EntryPoint\",\"urlTemplate\":\"https:\\\/\\\/www.exatron.com.br\\\/?s={search_term_string}\"},\"query-input\":{\"@type\":\"PropertyValueSpecification\",\"valueRequired\":true,\"valueName\":\"search_term_string\"}}],\"inLanguage\":\"en-US\"},{\"@type\":\"Organization\",\"@id\":\"https:\\\/\\\/www.exatron.com.br\\\/#organization\",\"name\":\"EXATRON\",\"url\":\"https:\\\/\\\/www.exatron.com.br\\\/\",\"logo\":{\"@type\":\"ImageObject\",\"inLanguage\":\"en-US\",\"@id\":\"https:\\\/\\\/www.exatron.com.br\\\/#\\\/schema\\\/logo\\\/image\\\/\",\"url\":\"https:\\\/\\\/www.exatron.com.br\\\/wp-content\\\/uploads\\\/2024\\\/11\\\/default-kit.png\",\"contentUrl\":\"https:\\\/\\\/www.exatron.com.br\\\/wp-content\\\/uploads\\\/2024\\\/11\\\/default-kit.png\",\"width\":956,\"height\":192,\"caption\":\"EXATRON\"},\"image\":{\"@id\":\"https:\\\/\\\/www.exatron.com.br\\\/#\\\/schema\\\/logo\\\/image\\\/\"}}]}<\/script>\n<!-- \/ Yoast SEO plugin. -->","yoast_head_json":{"title":"Conjunto 4X2 1 Tomada USB 5V 2.1A, 1 Suporte com Cabo - EXATRON","robots":{"index":"index","follow":"follow","max-snippet":"max-snippet:-1","max-image-preview":"max-image-preview:large","max-video-preview":"max-video-preview:-1"},"canonical":"https:\/\/www.exatron.com.br\/en\/produtos\/tomada-usb-com-suporte-para-smartphone\/","og_locale":"en_US","og_type":"article","og_title":"Conjunto 4X2 1 Tomada USB 5V 2.1A, 1 Suporte com Cabo - EXATRON","og_description":"A tomada USB com suporte da Exatron \u00e9 uma maneira pr\u00e1tica e segura para carregar seu dispositivo, al\u00e9m de servir de base para a IHM (interface homem-m\u00e1quina) da sua automa\u00e7\u00e3o residencial. \u00c9 compat\u00edvel com dispositivos com a fun\u00e7\u00e3o Quick Charge 1.0 permitindo cargas mais r\u00e1pidas.","og_url":"https:\/\/www.exatron.com.br\/en\/produtos\/tomada-usb-com-suporte-para-smartphone\/","og_site_name":"EXATRON","article_modified_time":"2026-04-28T18:59:22+00:00","og_image":[{"width":1080,"height":1080,"url":"https:\/\/www.exatron.com.br\/wp-content\/uploads\/2025\/12\/7lyiz1k2c9g8isu9djpmjc4xcju0zqtlmnpwelbb.png","type":"image\/png"}],"twitter_card":"summary_large_image","twitter_misc":{"Est. reading time":"2 minutes"},"schema":{"@context":"https:\/\/schema.org","@graph":[{"@type":"WebPage","@id":"https:\/\/www.exatron.com.br\/produtos\/tomada-usb-com-suporte-para-smartphone\/","url":"https:\/\/www.exatron.com.br\/produtos\/tomada-usb-com-suporte-para-smartphone\/","name":"Conjunto 4X2 1 Tomada USB 5V 2.1A, 1 Suporte com Cabo - EXATRON","isPartOf":{"@id":"https:\/\/www.exatron.com.br\/#website"},"primaryImageOfPage":{"@id":"https:\/\/www.exatron.com.br\/produtos\/tomada-usb-com-suporte-para-smartphone\/#primaryimage"},"image":{"@id":"https:\/\/www.exatron.com.br\/produtos\/tomada-usb-com-suporte-para-smartphone\/#primaryimage"},"thumbnailUrl":"https:\/\/www.exatron.com.br\/wp-content\/uploads\/2025\/12\/7lyiz1k2c9g8isu9djpmjc4xcju0zqtlmnpwelbb.png","datePublished":"2025-12-08T15:08:41+00:00","dateModified":"2026-04-28T18:59:22+00:00","breadcrumb":{"@id":"https:\/\/www.exatron.com.br\/produtos\/tomada-usb-com-suporte-para-smartphone\/#breadcrumb"},"inLanguage":"en-US","potentialAction":[{"@type":"ReadAction","target":["https:\/\/www.exatron.com.br\/produtos\/tomada-usb-com-suporte-para-smartphone\/"]}]},{"@type":"ImageObject","inLanguage":"en-US","@id":"https:\/\/www.exatron.com.br\/produtos\/tomada-usb-com-suporte-para-smartphone\/#primaryimage","url":"https:\/\/www.exatron.com.br\/wp-content\/uploads\/2025\/12\/7lyiz1k2c9g8isu9djpmjc4xcju0zqtlmnpwelbb.png","contentUrl":"https:\/\/www.exatron.com.br\/wp-content\/uploads\/2025\/12\/7lyiz1k2c9g8isu9djpmjc4xcju0zqtlmnpwelbb.png","width":1080,"height":1080,"caption":"7lyiz1k2c9g8isu9djpmjc4xcju0zqtlmnpwelbb"},{"@type":"BreadcrumbList","@id":"https:\/\/www.exatron.com.br\/produtos\/tomada-usb-com-suporte-para-smartphone\/#breadcrumb","itemListElement":[{"@type":"ListItem","position":1,"name":"In\u00edcio","item":"https:\/\/www.exatron.com.br\/"},{"@type":"ListItem","position":2,"name":"Loja","item":"https:\/\/www.exatron.com.br\/loja\/"},{"@type":"ListItem","position":3,"name":"Conjunto 4X2 1 Tomada USB 5V 2.1A, 1 Suporte com Cabo"}]},{"@type":"WebSite","@id":"https:\/\/www.exatron.com.br\/#website","url":"https:\/\/www.exatron.com.br\/","name":"EXATRON","description":"","publisher":{"@id":"https:\/\/www.exatron.com.br\/#organization"},"potentialAction":[{"@type":"SearchAction","target":{"@type":"EntryPoint","urlTemplate":"https:\/\/www.exatron.com.br\/?s={search_term_string}"},"query-input":{"@type":"PropertyValueSpecification","valueRequired":true,"valueName":"search_term_string"}}],"inLanguage":"en-US"},{"@type":"Organization","@id":"https:\/\/www.exatron.com.br\/#organization","name":"EXATRON","url":"https:\/\/www.exatron.com.br\/","logo":{"@type":"ImageObject","inLanguage":"en-US","@id":"https:\/\/www.exatron.com.br\/#\/schema\/logo\/image\/","url":"https:\/\/www.exatron.com.br\/wp-content\/uploads\/2024\/11\/default-kit.png","contentUrl":"https:\/\/www.exatron.com.br\/wp-content\/uploads\/2024\/11\/default-kit.png","width":956,"height":192,"caption":"EXATRON"},"image":{"@id":"https:\/\/www.exatron.com.br\/#\/schema\/logo\/image\/"}}]}},"_links":{"self":[{"href":"https:\/\/www.exatron.com.br\/en\/wp-json\/wp\/v2\/product\/10636","targetHints":{"allow":["GET"]}}],"collection":[{"href":"https:\/\/www.exatron.com.br\/en\/wp-json\/wp\/v2\/product"}],"about":[{"href":"https:\/\/www.exatron.com.br\/en\/wp-json\/wp\/v2\/types\/product"}],"replies":[{"embeddable":true,"href":"https:\/\/www.exatron.com.br\/en\/wp-json\/wp\/v2\/comments?post=10636"}],"wp:featuredmedia":[{"embeddable":true,"href":"https:\/\/www.exatron.com.br\/en\/wp-json\/wp\/v2\/media\/10070"}],"wp:attachment":[{"href":"https:\/\/www.exatron.com.br\/en\/wp-json\/wp\/v2\/media?parent=10636"}],"wp:term":[{"taxonomy":"aplicacao","embeddable":true,"href":"https:\/\/www.exatron.com.br\/en\/wp-json\/wp\/v2\/aplicacao?post=10636"},{"taxonomy":"product_brand","embeddable":true,"href":"https:\/\/www.exatron.com.br\/en\/wp-json\/wp\/v2\/product_brand?post=10636"},{"taxonomy":"product_cat","embeddable":true,"href":"https:\/\/www.exatron.com.br\/en\/wp-json\/wp\/v2\/product_cat?post=10636"},{"taxonomy":"product_tag","embeddable":true,"href":"https:\/\/www.exatron.com.br\/en\/wp-json\/wp\/v2\/product_tag?post=10636"}],"curies":[{"name":"wp","href":"https:\/\/api.w.org\/{rel}","templated":true}]}}