{"id":10638,"date":"2025-12-08T15:08:41","date_gmt":"2025-12-08T15:08:41","guid":{"rendered":""},"modified":"2026-04-16T14:11:51","modified_gmt":"2026-04-16T17:11:51","slug":"rele-compacto","status":"publish","type":"product","link":"https:\/\/www.exatron.com.br\/en\/produtos\/rele-compacto\/","title":{"rendered":"Smart X-Control Compact Relay"},"content":{"rendered":"<h3>Technical Specifications<\/h3>\n<ul>\n<li>Voltage: 100-240V~;<\/li>\n<li>Operating frequency: 50\/60Hz;<\/li>\n<li>Power consumption: &lt;1W;<\/li>\n<li>Tecnologia: \u00a0microcontrolado e j\u00e1 vem configurado de f\u00e1brica. Pode ter suas configura\u00e7\u00f5es alteradas atrav\u00e9s do aplicativo Smart X-Control;<\/li>\n<li>Initial state of the contacts: Normally open (NO);<\/li>\n<li>Material: Light gray polypropylene (PP) body;<\/li>\n<li>Time adjustment<strong>\u00a0<\/strong>which allows you to time the lamp, that is, set the maximum time it will stay on during the night. Timer settings range from 1 hour to 12 hours, and there is also an automatic mode that turns off the light at dawn;<\/li>\n<li>Photocell adjustment: with 30 adjustment levels and Autolux function (allows you to memorize the ambient lighting from which the product will turn on the load);<\/li>\n<li>Keep On function: Keeps the load on for the programmed time (1 to 12 hours);<\/li>\n<li>Keep Off Function: Keeps the load off for the programmed time (1 to 12 hours);<\/li>\n<li>Factory setting: Returns all parameters and features to their original factory values;<\/li>\n<li>It has an LED programming indicator;<\/li>\n<li>Lamp-friendly: load activation system with low electrical voltage &lt;50V, increasing the lifespan of the assembly (load and relay);<\/li>\n<li>Protection rating: IP67;<\/li>\n<li>Warranty: 2 years;<\/li>\n<li>Dimensions: 54\u00d750.8x26mm;<\/li>\n<li>Time filter: double delay that prevents unintended activations due to sudden changes in brightness such as lightning, lasers, clouds, etc. Between 2 and 5 seconds to turn on or off;<\/li>\n<li>Operating temperature: -5\u00b0C to +50\u00b0C;<\/li>\n<li>It has a removable mounting bracket;<\/li>\n<li>Application: For the automatic control of lamps (LED, incandescent, fluorescent, mixed, electronic and similar);<\/li>\n<li>Ideal for country houses, residences, illuminated signs, parking lots, gardens, shop windows, lampposts, etc.<\/li>\n<li>Control power:<\/li>\n<\/ul>\n<figure class=\"table\">\n<table>\n<tbody>\n<tr>\n<td><strong>Voltage<\/strong><\/td>\n<td><strong>Electronics\/LED<\/strong><\/td>\n<td><strong>Halogen<\/strong><\/td>\n<\/tr>\n<tr>\n<td>220V<\/td>\n<td>300W<\/td>\n<td>1000W<\/td>\n<\/tr>\n<tr>\n<td>127V<\/td>\n<td>200W<\/td>\n<td>1000W<\/td>\n<\/tr>\n<\/tbody>\n<\/table>\n<\/figure>\n<h3>Installation<\/h3>\n<p>There is no need to open the relay or use tools to perform the programming.<\/p>\n<p>Install the relay so that the sensor is exposed to natural daylight and is not affected by other nearby lamps.<\/p>","protected":false},"excerpt":{"rendered":"<p>The Smart X-Control Compact Relay is a microcontroller-based photoelectric relay capable of automatically controlling a lamp, turning it on at dusk and off at dawn. It is ideal for use in patios, backyards, gardens, and other outdoor residential environments, offices, hotels, and condominiums. The LERL4001 model features Smart X-Control technology, which allows the user to configure it via a smartphone with the Smart X-Control app, available for iOS and Android.<\/p>","protected":false},"featured_media":13095,"comment_status":"open","ping_status":"closed","template":"","meta":{"_acf_changed":false,"_joinchat":[]},"aplicacao":[98],"product_brand":[],"product_cat":[315,387],"product_tag":[546,525,528,544,523,548],"class_list":{"0":"post-10638","1":"product","2":"type-product","3":"status-publish","4":"has-post-thumbnail","6":"aplicacao-iluminacao-externa-reles","7":"product_cat-reles-para-iluminacao","8":"product_cat-smart-x-control-5","9":"product_tag-fotoeletronico","10":"product_tag-iluminacao-externa","11":"product_tag-ip67","12":"product_tag-rele-compacto","13":"product_tag-rele-para-iluminacao","14":"product_tag-sxc-1-0","16":"first","17":"indisponivel","18":"shipping-taxable","19":"product-type-variable","20":"has-default-attributes"},"acf":[],"yoast_head":"<!-- This site is optimized with the Yoast SEO plugin v27.3 - https:\/\/yoast.com\/product\/yoast-seo-wordpress\/ -->\n<title>Rel\u00e9 Compacto Smart X-Control - EXATRON<\/title>\n<meta name=\"description\" content=\"LERL4001 BC - Rel\u00e9 Compacto Smart X-Control - Controle autom\u00e1tico via app com o Rel\u00e9 Compacto Smart. Ideal para ilumina\u00e7\u00e3o externa eficiente e pr\u00e1tica.\" \/>\n<meta name=\"robots\" content=\"index, follow, max-snippet:-1, max-image-preview:large, max-video-preview:-1\" \/>\n<link rel=\"canonical\" href=\"https:\/\/www.exatron.com.br\/en\/produtos\/rele-compacto\/\" \/>\n<meta property=\"og:locale\" content=\"en_US\" \/>\n<meta property=\"og:type\" content=\"article\" \/>\n<meta property=\"og:title\" content=\"Rel\u00e9 Compacto Smart X-Control - EXATRON\" \/>\n<meta property=\"og:description\" content=\"LERL4001 BC - Rel\u00e9 Compacto Smart X-Control - Controle autom\u00e1tico via app com o Rel\u00e9 Compacto Smart. Ideal para ilumina\u00e7\u00e3o externa eficiente e pr\u00e1tica.\" \/>\n<meta property=\"og:url\" content=\"https:\/\/www.exatron.com.br\/en\/produtos\/rele-compacto\/\" \/>\n<meta property=\"og:site_name\" content=\"EXATRON\" \/>\n<meta property=\"article:modified_time\" content=\"2026-04-16T17:11:51+00:00\" \/>\n<meta property=\"og:image\" content=\"https:\/\/www.exatron.com.br\/wp-content\/uploads\/branco.png\" \/>\n\t<meta property=\"og:image:width\" content=\"1080\" \/>\n\t<meta property=\"og:image:height\" content=\"1080\" \/>\n\t<meta property=\"og:image:type\" content=\"image\/png\" \/>\n<meta name=\"twitter:card\" content=\"summary_large_image\" \/>\n<meta name=\"twitter:label1\" content=\"Est. reading time\" \/>\n\t<meta name=\"twitter:data1\" content=\"2 minutes\" \/>\n<script type=\"application\/ld+json\" class=\"yoast-schema-graph\">{\"@context\":\"https:\\\/\\\/schema.org\",\"@graph\":[{\"@type\":\"WebPage\",\"@id\":\"https:\\\/\\\/www.exatron.com.br\\\/produtos\\\/rele-compacto\\\/\",\"url\":\"https:\\\/\\\/www.exatron.com.br\\\/produtos\\\/rele-compacto\\\/\",\"name\":\"Rel\u00e9 Compacto Smart X-Control - EXATRON\",\"isPartOf\":{\"@id\":\"https:\\\/\\\/www.exatron.com.br\\\/#website\"},\"primaryImageOfPage\":{\"@id\":\"https:\\\/\\\/www.exatron.com.br\\\/produtos\\\/rele-compacto\\\/#primaryimage\"},\"image\":{\"@id\":\"https:\\\/\\\/www.exatron.com.br\\\/produtos\\\/rele-compacto\\\/#primaryimage\"},\"thumbnailUrl\":\"https:\\\/\\\/www.exatron.com.br\\\/wp-content\\\/uploads\\\/branco.png\",\"datePublished\":\"2025-12-08T15:08:41+00:00\",\"dateModified\":\"2026-04-16T17:11:51+00:00\",\"description\":\"LERL4001 BC - Rel\u00e9 Compacto Smart X-Control - Controle autom\u00e1tico via app com o Rel\u00e9 Compacto Smart. Ideal para ilumina\u00e7\u00e3o externa eficiente e pr\u00e1tica.\",\"breadcrumb\":{\"@id\":\"https:\\\/\\\/www.exatron.com.br\\\/produtos\\\/rele-compacto\\\/#breadcrumb\"},\"inLanguage\":\"en-US\",\"potentialAction\":[{\"@type\":\"ReadAction\",\"target\":[\"https:\\\/\\\/www.exatron.com.br\\\/produtos\\\/rele-compacto\\\/\"]}]},{\"@type\":\"ImageObject\",\"inLanguage\":\"en-US\",\"@id\":\"https:\\\/\\\/www.exatron.com.br\\\/produtos\\\/rele-compacto\\\/#primaryimage\",\"url\":\"https:\\\/\\\/www.exatron.com.br\\\/wp-content\\\/uploads\\\/branco.png\",\"contentUrl\":\"https:\\\/\\\/www.exatron.com.br\\\/wp-content\\\/uploads\\\/branco.png\",\"width\":1080,\"height\":1080,\"caption\":\"Rel\u00e9 Compacto Smart X-Control 2.0\"},{\"@type\":\"BreadcrumbList\",\"@id\":\"https:\\\/\\\/www.exatron.com.br\\\/produtos\\\/rele-compacto\\\/#breadcrumb\",\"itemListElement\":[{\"@type\":\"ListItem\",\"position\":1,\"name\":\"In\u00edcio\",\"item\":\"https:\\\/\\\/www.exatron.com.br\\\/\"},{\"@type\":\"ListItem\",\"position\":2,\"name\":\"Loja\",\"item\":\"https:\\\/\\\/www.exatron.com.br\\\/loja\\\/\"},{\"@type\":\"ListItem\",\"position\":3,\"name\":\"Rel\u00e9 Compacto Smart X-Control\"}]},{\"@type\":\"WebSite\",\"@id\":\"https:\\\/\\\/www.exatron.com.br\\\/#website\",\"url\":\"https:\\\/\\\/www.exatron.com.br\\\/\",\"name\":\"EXATRON\",\"description\":\"\",\"publisher\":{\"@id\":\"https:\\\/\\\/www.exatron.com.br\\\/#organization\"},\"potentialAction\":[{\"@type\":\"SearchAction\",\"target\":{\"@type\":\"EntryPoint\",\"urlTemplate\":\"https:\\\/\\\/www.exatron.com.br\\\/?s={search_term_string}\"},\"query-input\":{\"@type\":\"PropertyValueSpecification\",\"valueRequired\":true,\"valueName\":\"search_term_string\"}}],\"inLanguage\":\"en-US\"},{\"@type\":\"Organization\",\"@id\":\"https:\\\/\\\/www.exatron.com.br\\\/#organization\",\"name\":\"EXATRON\",\"url\":\"https:\\\/\\\/www.exatron.com.br\\\/\",\"logo\":{\"@type\":\"ImageObject\",\"inLanguage\":\"en-US\",\"@id\":\"https:\\\/\\\/www.exatron.com.br\\\/#\\\/schema\\\/logo\\\/image\\\/\",\"url\":\"https:\\\/\\\/www.exatron.com.br\\\/wp-content\\\/uploads\\\/2024\\\/11\\\/default-kit.png\",\"contentUrl\":\"https:\\\/\\\/www.exatron.com.br\\\/wp-content\\\/uploads\\\/2024\\\/11\\\/default-kit.png\",\"width\":956,\"height\":192,\"caption\":\"EXATRON\"},\"image\":{\"@id\":\"https:\\\/\\\/www.exatron.com.br\\\/#\\\/schema\\\/logo\\\/image\\\/\"}}]}<\/script>\n<!-- \/ Yoast SEO plugin. -->","yoast_head_json":{"title":"Rel\u00e9 Compacto Smart X-Control - EXATRON","description":"LERL4001 BC - Rel\u00e9 Compacto Smart X-Control - Controle autom\u00e1tico via app com o Rel\u00e9 Compacto Smart. Ideal para ilumina\u00e7\u00e3o externa eficiente e pr\u00e1tica.","robots":{"index":"index","follow":"follow","max-snippet":"max-snippet:-1","max-image-preview":"max-image-preview:large","max-video-preview":"max-video-preview:-1"},"canonical":"https:\/\/www.exatron.com.br\/en\/produtos\/rele-compacto\/","og_locale":"en_US","og_type":"article","og_title":"Rel\u00e9 Compacto Smart X-Control - EXATRON","og_description":"LERL4001 BC - Rel\u00e9 Compacto Smart X-Control - Controle autom\u00e1tico via app com o Rel\u00e9 Compacto Smart. Ideal para ilumina\u00e7\u00e3o externa eficiente e pr\u00e1tica.","og_url":"https:\/\/www.exatron.com.br\/en\/produtos\/rele-compacto\/","og_site_name":"EXATRON","article_modified_time":"2026-04-16T17:11:51+00:00","og_image":[{"width":1080,"height":1080,"url":"https:\/\/www.exatron.com.br\/wp-content\/uploads\/branco.png","type":"image\/png"}],"twitter_card":"summary_large_image","twitter_misc":{"Est. reading time":"2 minutes"},"schema":{"@context":"https:\/\/schema.org","@graph":[{"@type":"WebPage","@id":"https:\/\/www.exatron.com.br\/produtos\/rele-compacto\/","url":"https:\/\/www.exatron.com.br\/produtos\/rele-compacto\/","name":"Rel\u00e9 Compacto Smart X-Control - EXATRON","isPartOf":{"@id":"https:\/\/www.exatron.com.br\/#website"},"primaryImageOfPage":{"@id":"https:\/\/www.exatron.com.br\/produtos\/rele-compacto\/#primaryimage"},"image":{"@id":"https:\/\/www.exatron.com.br\/produtos\/rele-compacto\/#primaryimage"},"thumbnailUrl":"https:\/\/www.exatron.com.br\/wp-content\/uploads\/branco.png","datePublished":"2025-12-08T15:08:41+00:00","dateModified":"2026-04-16T17:11:51+00:00","description":"LERL4001 BC - Rel\u00e9 Compacto Smart X-Control - Controle autom\u00e1tico via app com o Rel\u00e9 Compacto Smart. Ideal para ilumina\u00e7\u00e3o externa eficiente e pr\u00e1tica.","breadcrumb":{"@id":"https:\/\/www.exatron.com.br\/produtos\/rele-compacto\/#breadcrumb"},"inLanguage":"en-US","potentialAction":[{"@type":"ReadAction","target":["https:\/\/www.exatron.com.br\/produtos\/rele-compacto\/"]}]},{"@type":"ImageObject","inLanguage":"en-US","@id":"https:\/\/www.exatron.com.br\/produtos\/rele-compacto\/#primaryimage","url":"https:\/\/www.exatron.com.br\/wp-content\/uploads\/branco.png","contentUrl":"https:\/\/www.exatron.com.br\/wp-content\/uploads\/branco.png","width":1080,"height":1080,"caption":"Rel\u00e9 Compacto Smart X-Control 2.0"},{"@type":"BreadcrumbList","@id":"https:\/\/www.exatron.com.br\/produtos\/rele-compacto\/#breadcrumb","itemListElement":[{"@type":"ListItem","position":1,"name":"In\u00edcio","item":"https:\/\/www.exatron.com.br\/"},{"@type":"ListItem","position":2,"name":"Loja","item":"https:\/\/www.exatron.com.br\/loja\/"},{"@type":"ListItem","position":3,"name":"Rel\u00e9 Compacto Smart X-Control"}]},{"@type":"WebSite","@id":"https:\/\/www.exatron.com.br\/#website","url":"https:\/\/www.exatron.com.br\/","name":"EXATRON","description":"","publisher":{"@id":"https:\/\/www.exatron.com.br\/#organization"},"potentialAction":[{"@type":"SearchAction","target":{"@type":"EntryPoint","urlTemplate":"https:\/\/www.exatron.com.br\/?s={search_term_string}"},"query-input":{"@type":"PropertyValueSpecification","valueRequired":true,"valueName":"search_term_string"}}],"inLanguage":"en-US"},{"@type":"Organization","@id":"https:\/\/www.exatron.com.br\/#organization","name":"EXATRON","url":"https:\/\/www.exatron.com.br\/","logo":{"@type":"ImageObject","inLanguage":"en-US","@id":"https:\/\/www.exatron.com.br\/#\/schema\/logo\/image\/","url":"https:\/\/www.exatron.com.br\/wp-content\/uploads\/2024\/11\/default-kit.png","contentUrl":"https:\/\/www.exatron.com.br\/wp-content\/uploads\/2024\/11\/default-kit.png","width":956,"height":192,"caption":"EXATRON"},"image":{"@id":"https:\/\/www.exatron.com.br\/#\/schema\/logo\/image\/"}}]}},"_links":{"self":[{"href":"https:\/\/www.exatron.com.br\/en\/wp-json\/wp\/v2\/product\/10638","targetHints":{"allow":["GET"]}}],"collection":[{"href":"https:\/\/www.exatron.com.br\/en\/wp-json\/wp\/v2\/product"}],"about":[{"href":"https:\/\/www.exatron.com.br\/en\/wp-json\/wp\/v2\/types\/product"}],"replies":[{"embeddable":true,"href":"https:\/\/www.exatron.com.br\/en\/wp-json\/wp\/v2\/comments?post=10638"}],"wp:featuredmedia":[{"embeddable":true,"href":"https:\/\/www.exatron.com.br\/en\/wp-json\/wp\/v2\/media\/13095"}],"wp:attachment":[{"href":"https:\/\/www.exatron.com.br\/en\/wp-json\/wp\/v2\/media?parent=10638"}],"wp:term":[{"taxonomy":"aplicacao","embeddable":true,"href":"https:\/\/www.exatron.com.br\/en\/wp-json\/wp\/v2\/aplicacao?post=10638"},{"taxonomy":"product_brand","embeddable":true,"href":"https:\/\/www.exatron.com.br\/en\/wp-json\/wp\/v2\/product_brand?post=10638"},{"taxonomy":"product_cat","embeddable":true,"href":"https:\/\/www.exatron.com.br\/en\/wp-json\/wp\/v2\/product_cat?post=10638"},{"taxonomy":"product_tag","embeddable":true,"href":"https:\/\/www.exatron.com.br\/en\/wp-json\/wp\/v2\/product_tag?post=10638"}],"curies":[{"name":"wp","href":"https:\/\/api.w.org\/{rel}","templated":true}]}}