{"id":10639,"date":"2025-12-08T15:08:41","date_gmt":"2025-12-08T15:08:41","guid":{"rendered":""},"modified":"2026-04-15T11:37:31","modified_gmt":"2026-04-15T14:37:31","slug":"sensor-de-presenca-frontal-dip","status":"publish","type":"product","link":"https:\/\/www.exatron.com.br\/en\/produtos\/sensor-de-presenca-frontal-dip\/","title":{"rendered":"Front DIP Switch Presence Sensor"},"content":{"rendered":"<h3>Technical Specifications<\/h3>\n<ul>\n<li>Tens\u00e3o: 100-240V~50\/60Hz;<\/li>\n<li>Power consumption: &lt;1W;<\/li>\n<li>Cobertura: 110\u00b0 com alcance de at\u00e9 12m na temperatura ambiente de 25\u00baC, em uma \u00a0altura de 2,1m;<\/li>\n<li>Dimens\u00f5es: 96&#215;90,3x58mm;<\/li>\n<li>Instala\u00e7\u00e3o: ambiente interno;<\/li>\n<li>Ajustes pelo DIP Switch;<\/li>\n<li>Timer configur\u00e1vel com recontagem de tempo (pulso, 1, 3, 5, 8, 10,15 e 25 minutos);<\/li>\n<li>Sensor de luminosidade que possibilita a escolha do n\u00edvel de luz em que o sensor permitir\u00e1 acionar as l\u00e2mpadas. Evitando o desperd\u00edcio de energia;<\/li>\n<li>N\u00edvel de sensibilidade que possibilita ajustar o n\u00edvel de detec\u00e7\u00e3o do movimento desej\u00e1vel;<\/li>\n<li>LED indicador de funcionamento;<\/li>\n<li>Proporciona at\u00e9 75% de economia de energia;<\/li>\n<li>Detecta fontes de calor (pessoas, carros, etc) deve estar no m\u00ednimo a 3\u00b0C de diferen\u00e7a em rela\u00e7\u00e3o \u00e0 temperatura do meio ambiente onde o sensor est\u00e1 instalado;<\/li>\n<li>Exclusivo Inrush Control Technology, sistema de comuta\u00e7\u00e3o pr\u00f3xima do zero da rede (sen\u00f3ide) aumentando a vida \u00fatil da carga e do sensor;<\/li>\n<li>Comanda qualquer tipo de l\u00e2mpada at\u00e9 a pot\u00eancia m\u00e1xima indicada na tabela de capacidade de carga;<\/li>\n<li>Componentes: Pl\u00e1sticos, eletr\u00f4nicos e ligas met\u00e1licas;<\/li>\n<li>Grau de prote\u00e7\u00e3o: IP32.<\/li>\n<\/ul>\n<p>Control power:<\/p>\n<figure class=\"table\">\n<table>\n<tbody>\n<tr>\n<td><strong>Voltage<\/strong><\/td>\n<td><strong>Electronics\/LED<\/strong><\/td>\n<td><strong>Halogen<\/strong><\/td>\n<\/tr>\n<tr>\n<td>127V<\/td>\n<td>180W<\/td>\n<td>400W<\/td>\n<\/tr>\n<tr>\n<td>220V<\/td>\n<td>280W<\/td>\n<td>800W<\/td>\n<\/tr>\n<tr>\n<td colspan=\"3\">THD&lt;20% and FP&gt;0.90<\/td>\n<\/tr>\n<\/tbody>\n<\/table>\n<\/figure>","protected":false},"excerpt":{"rendered":"<p>O Sensor de Presen\u00e7a Frontal DIP Switch (LESFZDDP) \u00e9 um comando inteligente que se destina ao acionamento temporizado de cargas, sendo configur\u00e1vel atrav\u00e9s de Chave Externa (DIP). Detecta a movimenta\u00e7\u00e3o de fontes de calor como pessoas e carros, atrav\u00e9s de um sensor infravermelho, acionando a carga e permanecendo ligada enquanto houver detec\u00e7\u00e3o de presen\u00e7a, desligando-a no tempo programado. \u00c9 ideal para o controle de ilumina\u00e7\u00e3o interna de corredor, escada, garagem, entrada de acesso, recep\u00e7\u00e3o, dep\u00f3sito, almoxarifado e demais ambientes internos de resid\u00eancias, escrit\u00f3rios, condom\u00ednios, ind\u00fastrias, hot\u00e9is e \u00f3rg\u00e3os p\u00fablicos.<\/p>","protected":false},"featured_media":14500,"comment_status":"open","ping_status":"closed","template":"","meta":{"_acf_changed":false,"_joinchat":[]},"aplicacao":[267],"product_brand":[],"product_cat":[349,380,326],"product_tag":[716,722,727,723,625,721,707,724,646,726,699,697,729,713,728,712,692,725,714,700],"class_list":{"0":"post-10639","1":"product","2":"type-product","3":"status-publish","4":"has-post-thumbnail","6":"aplicacao-iluminacao-interna-sensores-de-presenca","7":"product_cat-dip","8":"product_cat-frontal","9":"product_cat-sensores-de-presenca-para-iluminacao","10":"product_tag-automacao-de-iluminacao","11":"product_tag-chave-dip","12":"product_tag-sensor-acionamento-temporizado","13":"product_tag-sensor-com-chave-dip","14":"product_tag-sensor-de-presenca","15":"product_tag-sensor-de-presenca-dip","16":"product_tag-sensor-de-presenca-frontal","17":"product_tag-sensor-dip-switch","18":"product_tag-sensor-infravermelho","19":"product_tag-sensor-lesfzddp","20":"product_tag-sensor-para-condominio","21":"product_tag-sensor-para-corredor","22":"product_tag-sensor-para-deposito","23":"product_tag-sensor-para-escada","24":"product_tag-sensor-para-escritorio","25":"product_tag-sensor-para-garagem","26":"product_tag-sensor-para-iluminacao-interna","27":"product_tag-sensor-para-parede","28":"product_tag-sensor-para-recepcao","29":"product_tag-sensor-temporizador-de-luz","31":"first","32":"instock","33":"featured","34":"shipping-taxable","35":"purchasable","36":"product-type-simple"},"acf":[],"yoast_head":"<!-- This site is optimized with the Yoast SEO plugin v27.3 - https:\/\/yoast.com\/product\/yoast-seo-wordpress\/ -->\n<title>Sensor de Presen\u00e7a Frontal DIP Switch - EXATRON<\/title>\n<meta name=\"description\" content=\"Sensor de Presen\u00e7a Frontal DIP Switch com ajuste por chave DIP, acionamento temporizado e ideal para corredores, garagens e escadas.\" \/>\n<meta name=\"robots\" content=\"index, follow, max-snippet:-1, max-image-preview:large, max-video-preview:-1\" \/>\n<link rel=\"canonical\" href=\"https:\/\/www.exatron.com.br\/en\/produtos\/sensor-de-presenca-frontal-dip\/\" \/>\n<meta property=\"og:locale\" content=\"en_US\" \/>\n<meta property=\"og:type\" content=\"article\" \/>\n<meta property=\"og:title\" content=\"Sensor de Presen\u00e7a Frontal DIP Switch - EXATRON\" \/>\n<meta property=\"og:description\" content=\"Sensor de Presen\u00e7a Frontal DIP Switch com ajuste por chave DIP, acionamento temporizado e ideal para corredores, garagens e escadas.\" \/>\n<meta property=\"og:url\" content=\"https:\/\/www.exatron.com.br\/en\/produtos\/sensor-de-presenca-frontal-dip\/\" \/>\n<meta property=\"og:site_name\" content=\"EXATRON\" \/>\n<meta property=\"article:modified_time\" content=\"2026-04-15T14:37:31+00:00\" \/>\n<meta property=\"og:image\" content=\"https:\/\/www.exatron.com.br\/wp-content\/uploads\/lesfzddp_4.png\" \/>\n\t<meta property=\"og:image:width\" content=\"1000\" \/>\n\t<meta property=\"og:image:height\" content=\"1000\" \/>\n\t<meta property=\"og:image:type\" content=\"image\/png\" \/>\n<meta name=\"twitter:card\" content=\"summary_large_image\" \/>\n<meta name=\"twitter:label1\" content=\"Est. reading time\" \/>\n\t<meta name=\"twitter:data1\" content=\"2 minutes\" \/>\n<script type=\"application\/ld+json\" class=\"yoast-schema-graph\">{\"@context\":\"https:\\\/\\\/schema.org\",\"@graph\":[{\"@type\":\"WebPage\",\"@id\":\"https:\\\/\\\/www.exatron.com.br\\\/produtos\\\/sensor-de-presenca-frontal-dip\\\/\",\"url\":\"https:\\\/\\\/www.exatron.com.br\\\/produtos\\\/sensor-de-presenca-frontal-dip\\\/\",\"name\":\"Sensor de Presen\u00e7a Frontal DIP Switch - EXATRON\",\"isPartOf\":{\"@id\":\"https:\\\/\\\/www.exatron.com.br\\\/#website\"},\"primaryImageOfPage\":{\"@id\":\"https:\\\/\\\/www.exatron.com.br\\\/produtos\\\/sensor-de-presenca-frontal-dip\\\/#primaryimage\"},\"image\":{\"@id\":\"https:\\\/\\\/www.exatron.com.br\\\/produtos\\\/sensor-de-presenca-frontal-dip\\\/#primaryimage\"},\"thumbnailUrl\":\"https:\\\/\\\/www.exatron.com.br\\\/wp-content\\\/uploads\\\/lesfzddp_4.png\",\"datePublished\":\"2025-12-08T15:08:41+00:00\",\"dateModified\":\"2026-04-15T14:37:31+00:00\",\"description\":\"Sensor de Presen\u00e7a Frontal DIP Switch com ajuste por chave DIP, acionamento temporizado e ideal para corredores, garagens e escadas.\",\"breadcrumb\":{\"@id\":\"https:\\\/\\\/www.exatron.com.br\\\/produtos\\\/sensor-de-presenca-frontal-dip\\\/#breadcrumb\"},\"inLanguage\":\"en-US\",\"potentialAction\":[{\"@type\":\"ReadAction\",\"target\":[\"https:\\\/\\\/www.exatron.com.br\\\/produtos\\\/sensor-de-presenca-frontal-dip\\\/\"]}]},{\"@type\":\"ImageObject\",\"inLanguage\":\"en-US\",\"@id\":\"https:\\\/\\\/www.exatron.com.br\\\/produtos\\\/sensor-de-presenca-frontal-dip\\\/#primaryimage\",\"url\":\"https:\\\/\\\/www.exatron.com.br\\\/wp-content\\\/uploads\\\/lesfzddp_4.png\",\"contentUrl\":\"https:\\\/\\\/www.exatron.com.br\\\/wp-content\\\/uploads\\\/lesfzddp_4.png\",\"width\":1000,\"height\":1000,\"caption\":\"Sensor de Presen\u00e7a Frontal DIP Switch - frente\"},{\"@type\":\"BreadcrumbList\",\"@id\":\"https:\\\/\\\/www.exatron.com.br\\\/produtos\\\/sensor-de-presenca-frontal-dip\\\/#breadcrumb\",\"itemListElement\":[{\"@type\":\"ListItem\",\"position\":1,\"name\":\"In\u00edcio\",\"item\":\"https:\\\/\\\/www.exatron.com.br\\\/\"},{\"@type\":\"ListItem\",\"position\":2,\"name\":\"Loja\",\"item\":\"https:\\\/\\\/www.exatron.com.br\\\/loja\\\/\"},{\"@type\":\"ListItem\",\"position\":3,\"name\":\"Sensor de Presen\u00e7a Frontal DIP Switch\"}]},{\"@type\":\"WebSite\",\"@id\":\"https:\\\/\\\/www.exatron.com.br\\\/#website\",\"url\":\"https:\\\/\\\/www.exatron.com.br\\\/\",\"name\":\"EXATRON\",\"description\":\"\",\"publisher\":{\"@id\":\"https:\\\/\\\/www.exatron.com.br\\\/#organization\"},\"potentialAction\":[{\"@type\":\"SearchAction\",\"target\":{\"@type\":\"EntryPoint\",\"urlTemplate\":\"https:\\\/\\\/www.exatron.com.br\\\/?s={search_term_string}\"},\"query-input\":{\"@type\":\"PropertyValueSpecification\",\"valueRequired\":true,\"valueName\":\"search_term_string\"}}],\"inLanguage\":\"en-US\"},{\"@type\":\"Organization\",\"@id\":\"https:\\\/\\\/www.exatron.com.br\\\/#organization\",\"name\":\"EXATRON\",\"url\":\"https:\\\/\\\/www.exatron.com.br\\\/\",\"logo\":{\"@type\":\"ImageObject\",\"inLanguage\":\"en-US\",\"@id\":\"https:\\\/\\\/www.exatron.com.br\\\/#\\\/schema\\\/logo\\\/image\\\/\",\"url\":\"https:\\\/\\\/www.exatron.com.br\\\/wp-content\\\/uploads\\\/2024\\\/11\\\/default-kit.png\",\"contentUrl\":\"https:\\\/\\\/www.exatron.com.br\\\/wp-content\\\/uploads\\\/2024\\\/11\\\/default-kit.png\",\"width\":956,\"height\":192,\"caption\":\"EXATRON\"},\"image\":{\"@id\":\"https:\\\/\\\/www.exatron.com.br\\\/#\\\/schema\\\/logo\\\/image\\\/\"}}]}<\/script>\n<!-- \/ Yoast SEO plugin. -->","yoast_head_json":{"title":"Sensor de Presen\u00e7a Frontal DIP Switch - EXATRON","description":"Sensor de Presen\u00e7a Frontal DIP Switch com ajuste por chave DIP, acionamento temporizado e ideal para corredores, garagens e escadas.","robots":{"index":"index","follow":"follow","max-snippet":"max-snippet:-1","max-image-preview":"max-image-preview:large","max-video-preview":"max-video-preview:-1"},"canonical":"https:\/\/www.exatron.com.br\/en\/produtos\/sensor-de-presenca-frontal-dip\/","og_locale":"en_US","og_type":"article","og_title":"Sensor de Presen\u00e7a Frontal DIP Switch - EXATRON","og_description":"Sensor de Presen\u00e7a Frontal DIP Switch com ajuste por chave DIP, acionamento temporizado e ideal para corredores, garagens e escadas.","og_url":"https:\/\/www.exatron.com.br\/en\/produtos\/sensor-de-presenca-frontal-dip\/","og_site_name":"EXATRON","article_modified_time":"2026-04-15T14:37:31+00:00","og_image":[{"width":1000,"height":1000,"url":"https:\/\/www.exatron.com.br\/wp-content\/uploads\/lesfzddp_4.png","type":"image\/png"}],"twitter_card":"summary_large_image","twitter_misc":{"Est. reading time":"2 minutes"},"schema":{"@context":"https:\/\/schema.org","@graph":[{"@type":"WebPage","@id":"https:\/\/www.exatron.com.br\/produtos\/sensor-de-presenca-frontal-dip\/","url":"https:\/\/www.exatron.com.br\/produtos\/sensor-de-presenca-frontal-dip\/","name":"Sensor de Presen\u00e7a Frontal DIP Switch - EXATRON","isPartOf":{"@id":"https:\/\/www.exatron.com.br\/#website"},"primaryImageOfPage":{"@id":"https:\/\/www.exatron.com.br\/produtos\/sensor-de-presenca-frontal-dip\/#primaryimage"},"image":{"@id":"https:\/\/www.exatron.com.br\/produtos\/sensor-de-presenca-frontal-dip\/#primaryimage"},"thumbnailUrl":"https:\/\/www.exatron.com.br\/wp-content\/uploads\/lesfzddp_4.png","datePublished":"2025-12-08T15:08:41+00:00","dateModified":"2026-04-15T14:37:31+00:00","description":"Sensor de Presen\u00e7a Frontal DIP Switch com ajuste por chave DIP, acionamento temporizado e ideal para corredores, garagens e escadas.","breadcrumb":{"@id":"https:\/\/www.exatron.com.br\/produtos\/sensor-de-presenca-frontal-dip\/#breadcrumb"},"inLanguage":"en-US","potentialAction":[{"@type":"ReadAction","target":["https:\/\/www.exatron.com.br\/produtos\/sensor-de-presenca-frontal-dip\/"]}]},{"@type":"ImageObject","inLanguage":"en-US","@id":"https:\/\/www.exatron.com.br\/produtos\/sensor-de-presenca-frontal-dip\/#primaryimage","url":"https:\/\/www.exatron.com.br\/wp-content\/uploads\/lesfzddp_4.png","contentUrl":"https:\/\/www.exatron.com.br\/wp-content\/uploads\/lesfzddp_4.png","width":1000,"height":1000,"caption":"Sensor de Presen\u00e7a Frontal DIP Switch - frente"},{"@type":"BreadcrumbList","@id":"https:\/\/www.exatron.com.br\/produtos\/sensor-de-presenca-frontal-dip\/#breadcrumb","itemListElement":[{"@type":"ListItem","position":1,"name":"In\u00edcio","item":"https:\/\/www.exatron.com.br\/"},{"@type":"ListItem","position":2,"name":"Loja","item":"https:\/\/www.exatron.com.br\/loja\/"},{"@type":"ListItem","position":3,"name":"Sensor de Presen\u00e7a Frontal DIP Switch"}]},{"@type":"WebSite","@id":"https:\/\/www.exatron.com.br\/#website","url":"https:\/\/www.exatron.com.br\/","name":"EXATRON","description":"","publisher":{"@id":"https:\/\/www.exatron.com.br\/#organization"},"potentialAction":[{"@type":"SearchAction","target":{"@type":"EntryPoint","urlTemplate":"https:\/\/www.exatron.com.br\/?s={search_term_string}"},"query-input":{"@type":"PropertyValueSpecification","valueRequired":true,"valueName":"search_term_string"}}],"inLanguage":"en-US"},{"@type":"Organization","@id":"https:\/\/www.exatron.com.br\/#organization","name":"EXATRON","url":"https:\/\/www.exatron.com.br\/","logo":{"@type":"ImageObject","inLanguage":"en-US","@id":"https:\/\/www.exatron.com.br\/#\/schema\/logo\/image\/","url":"https:\/\/www.exatron.com.br\/wp-content\/uploads\/2024\/11\/default-kit.png","contentUrl":"https:\/\/www.exatron.com.br\/wp-content\/uploads\/2024\/11\/default-kit.png","width":956,"height":192,"caption":"EXATRON"},"image":{"@id":"https:\/\/www.exatron.com.br\/#\/schema\/logo\/image\/"}}]}},"_links":{"self":[{"href":"https:\/\/www.exatron.com.br\/en\/wp-json\/wp\/v2\/product\/10639","targetHints":{"allow":["GET"]}}],"collection":[{"href":"https:\/\/www.exatron.com.br\/en\/wp-json\/wp\/v2\/product"}],"about":[{"href":"https:\/\/www.exatron.com.br\/en\/wp-json\/wp\/v2\/types\/product"}],"replies":[{"embeddable":true,"href":"https:\/\/www.exatron.com.br\/en\/wp-json\/wp\/v2\/comments?post=10639"}],"wp:featuredmedia":[{"embeddable":true,"href":"https:\/\/www.exatron.com.br\/en\/wp-json\/wp\/v2\/media\/14500"}],"wp:attachment":[{"href":"https:\/\/www.exatron.com.br\/en\/wp-json\/wp\/v2\/media?parent=10639"}],"wp:term":[{"taxonomy":"aplicacao","embeddable":true,"href":"https:\/\/www.exatron.com.br\/en\/wp-json\/wp\/v2\/aplicacao?post=10639"},{"taxonomy":"product_brand","embeddable":true,"href":"https:\/\/www.exatron.com.br\/en\/wp-json\/wp\/v2\/product_brand?post=10639"},{"taxonomy":"product_cat","embeddable":true,"href":"https:\/\/www.exatron.com.br\/en\/wp-json\/wp\/v2\/product_cat?post=10639"},{"taxonomy":"product_tag","embeddable":true,"href":"https:\/\/www.exatron.com.br\/en\/wp-json\/wp\/v2\/product_tag?post=10639"}],"curies":[{"name":"wp","href":"https:\/\/api.w.org\/{rel}","templated":true}]}}