{"id":10640,"date":"2025-12-08T15:08:41","date_gmt":"2025-12-08T15:08:41","guid":{"rendered":""},"modified":"2026-04-14T17:32:19","modified_gmt":"2026-04-14T20:32:19","slug":"sensor-de-presenca-de-teto-com-configuracoes-atraves-de-chave-externa","status":"publish","type":"product","link":"https:\/\/www.exatron.com.br\/en\/produtos\/sensor-de-presenca-de-teto-com-configuracoes-atraves-de-chave-externa\/","title":{"rendered":"DIP Ceiling Mount Presence Sensor"},"content":{"rendered":"<h3>Technical Specifications<\/h3>\n<p>\u2022 TENS\u00c3O: 100 &#8211; 240 V~ 50\/60Hz<\/p>\n<p>\u2022 CONSUMO: &lt; 1W<\/p>\n<p>\u2022 COBERTURA: 360\u00b0 com alcance de at\u00e9 \u00d8 7m na temperatura ambiente de 25\u00baC, em uma \u00a0altura de \u00a0aproximadamente 2,4m<\/p>\n<p>\u2022 REGULAGEM DE TEMPO: 1 segundo (pulso), \u00a01, 3, 5, 8, 10, 15 e 25 minutos com recontagem de tempo autom\u00e1tica a partir da \u00faltima detec\u00e7\u00e3o<\/p>\n<p>\u2022 SENSOR DE LUMINOSIDADE (LUX-FOTOC\u00c9LULA): ao detectar movimento no ambiente, no modo SEM, aciona sempre a l\u00e2mpada. J\u00e1 no modo COM, acionar\u00e1 com o ambiente escuro (depende da luminosidade ambiente onde o sensor est\u00e1 instalado)<\/p>\n<p>\u2022 REGULAGEM DE SENSIBILIDADE: M\u00e1xima, detectar\u00e1 a presen\u00e7a de movimentos leves e; M\u00ednima, detectar\u00e1 movimentos bruscos<\/p>\n<p>\u2022 AMIGO DA L\u00c2MPADA: sistema de acionamento da carga com baixa tens\u00e3o el\u00e9trica &lt; 50 V, aumentando a vida \u00fatil do conjunto (l\u00e2mpadas, driver e sensor)<\/p>\n<p>\u2022 Possui LED indicador de funcionamento, de detec\u00e7\u00e3o e dos par\u00e2metros configurados<\/p>\n<p>\u2022 Economia de energia de at\u00e9 75%<\/p>\n<p>\u2022 Composi\u00e7\u00e3o: pl\u00e1sticos, componentes eletr\u00f4nicos e ligas met\u00e1licas<\/p>\n<p>\u2022 Uso interno<\/p>\n<p>\u2022 Garantia: 02 anos.<\/p>\n<figure class=\"table\">\n<table>\n<tbody>\n<tr>\n<td rowspan=\"4\"><strong>Load capacity<\/strong><\/p>\n<p><strong>(lamps)<\/strong><\/td>\n<td><strong>Voltage<\/strong><\/td>\n<td><strong>Electronics\/LED<\/strong><\/td>\n<td><strong>Halogen<\/strong><\/td>\n<\/tr>\n<tr>\n<td>127V~<\/td>\n<td>180W<\/td>\n<td>400W<\/td>\n<\/tr>\n<tr>\n<td>220V~<\/td>\n<td>280W<\/td>\n<td>800W<\/td>\n<\/tr>\n<tr>\n<td colspan=\"3\">\u00a0 \u00a0 \u00a0 \u00a0 \u00a0 \u00a0 \u00a0 \u00a0 \u00a0THD&lt;20% E FP&gt;0,90<\/td>\n<\/tr>\n<\/tbody>\n<\/table>\n<\/figure>\n<p>&nbsp;<\/p>","protected":false},"excerpt":{"rendered":"<p>O Sensor de Presen\u00e7a Teto com Configura\u00e7\u00f5es atrav\u00e9s de Chave Externa (DIP) \u00e9 um comando inteligente que se destina ao acionamento temporizado de cargas. Detecta a movimenta\u00e7\u00e3o de fontes de calor como pessoas e carros, atrav\u00e9s de um sensor infravermelho, acionando a carga e mantendo-a ligada enquanto houver detec\u00e7\u00e3o de presen\u00e7a, desligando-a no tempo programado. \u00c9 ideal para o controle de ilumina\u00e7\u00e3o interna de corredor, escada, garagem, entrada de acesso, recep\u00e7\u00e3o, dep\u00f3sito, almoxarifado e demais ambientes internos de resid\u00eancias, escrit\u00f3rios, condom\u00ednios, ind\u00fastrias, hot\u00e9is e \u00f3rg\u00e3os p\u00fablicos.<\/p>","protected":false},"featured_media":14363,"comment_status":"open","ping_status":"closed","template":"","meta":{"_acf_changed":false,"_joinchat":[]},"aplicacao":[267],"product_brand":[],"product_cat":[349,326,379],"product_tag":[687,684,582,545,525,637,632,626,659,625,660,686,672],"class_list":{"0":"post-10640","1":"product","2":"type-product","3":"status-publish","4":"has-post-thumbnail","6":"aplicacao-iluminacao-interna-sensores-de-presenca","7":"product_cat-dip","8":"product_cat-sensores-de-presenca-para-iluminacao","9":"product_cat-teto","10":"product_tag-configuracao-dip","11":"product_tag-dip","12":"product_tag-economia-de-energia","13":"product_tag-iluminacao","14":"product_tag-iluminacao-externa","15":"product_tag-iluminacao-interna","16":"product_tag-sensor","17":"product_tag-sensor-360","18":"product_tag-sensor-de-movimento","19":"product_tag-sensor-de-presenca","20":"product_tag-sensor-de-teto","21":"product_tag-sensor-teto-dip","22":"product_tag-tecnologia","24":"first","25":"instock","26":"featured","27":"shipping-taxable","28":"purchasable","29":"product-type-variable","30":"has-default-attributes"},"acf":[],"yoast_head":"<!-- This site is optimized with the Yoast SEO plugin v27.3 - https:\/\/yoast.com\/product\/yoast-seo-wordpress\/ -->\n<title>Sensor de Presen\u00e7a de Teto DIP - EXATRON<\/title>\n<meta name=\"description\" content=\"Sensor de teto DIP LESTNIDP Exatron com ajuste manual, detec\u00e7\u00e3o 360\u00b0, ideal para ilumina\u00e7\u00e3o interna com economia e longa vida \u00fatil.\" \/>\n<meta name=\"robots\" content=\"index, follow, max-snippet:-1, max-image-preview:large, max-video-preview:-1\" \/>\n<link rel=\"canonical\" href=\"https:\/\/www.exatron.com.br\/en\/produtos\/sensor-de-presenca-de-teto-com-configuracoes-atraves-de-chave-externa\/\" \/>\n<meta property=\"og:locale\" content=\"en_US\" \/>\n<meta property=\"og:type\" content=\"article\" \/>\n<meta property=\"og:title\" content=\"Sensor de Presen\u00e7a de Teto DIP - EXATRON\" \/>\n<meta property=\"og:description\" content=\"Sensor de teto DIP LESTNIDP Exatron com ajuste manual, detec\u00e7\u00e3o 360\u00b0, ideal para ilumina\u00e7\u00e3o interna com economia e longa vida \u00fatil.\" \/>\n<meta property=\"og:url\" content=\"https:\/\/www.exatron.com.br\/en\/produtos\/sensor-de-presenca-de-teto-com-configuracoes-atraves-de-chave-externa\/\" \/>\n<meta property=\"og:site_name\" content=\"EXATRON\" \/>\n<meta property=\"article:modified_time\" content=\"2026-04-14T20:32:19+00:00\" \/>\n<meta property=\"og:image\" content=\"https:\/\/www.exatron.com.br\/wp-content\/uploads\/lestnidp-bc2.png\" \/>\n\t<meta property=\"og:image:width\" content=\"1000\" \/>\n\t<meta property=\"og:image:height\" content=\"1000\" \/>\n\t<meta property=\"og:image:type\" content=\"image\/png\" \/>\n<meta name=\"twitter:card\" content=\"summary_large_image\" \/>\n<meta name=\"twitter:label1\" content=\"Est. reading time\" \/>\n\t<meta name=\"twitter:data1\" content=\"2 minutes\" \/>\n<script type=\"application\/ld+json\" class=\"yoast-schema-graph\">{\"@context\":\"https:\\\/\\\/schema.org\",\"@graph\":[{\"@type\":\"WebPage\",\"@id\":\"https:\\\/\\\/www.exatron.com.br\\\/produtos\\\/sensor-de-presenca-de-teto-com-configuracoes-atraves-de-chave-externa\\\/\",\"url\":\"https:\\\/\\\/www.exatron.com.br\\\/produtos\\\/sensor-de-presenca-de-teto-com-configuracoes-atraves-de-chave-externa\\\/\",\"name\":\"Sensor de Presen\u00e7a de Teto DIP - EXATRON\",\"isPartOf\":{\"@id\":\"https:\\\/\\\/www.exatron.com.br\\\/#website\"},\"primaryImageOfPage\":{\"@id\":\"https:\\\/\\\/www.exatron.com.br\\\/produtos\\\/sensor-de-presenca-de-teto-com-configuracoes-atraves-de-chave-externa\\\/#primaryimage\"},\"image\":{\"@id\":\"https:\\\/\\\/www.exatron.com.br\\\/produtos\\\/sensor-de-presenca-de-teto-com-configuracoes-atraves-de-chave-externa\\\/#primaryimage\"},\"thumbnailUrl\":\"https:\\\/\\\/www.exatron.com.br\\\/wp-content\\\/uploads\\\/lestnidp-bc2.png\",\"datePublished\":\"2025-12-08T15:08:41+00:00\",\"dateModified\":\"2026-04-14T20:32:19+00:00\",\"description\":\"Sensor de teto DIP LESTNIDP Exatron com ajuste manual, detec\u00e7\u00e3o 360\u00b0, ideal para ilumina\u00e7\u00e3o interna com economia e longa vida \u00fatil.\",\"breadcrumb\":{\"@id\":\"https:\\\/\\\/www.exatron.com.br\\\/produtos\\\/sensor-de-presenca-de-teto-com-configuracoes-atraves-de-chave-externa\\\/#breadcrumb\"},\"inLanguage\":\"en-US\",\"potentialAction\":[{\"@type\":\"ReadAction\",\"target\":[\"https:\\\/\\\/www.exatron.com.br\\\/produtos\\\/sensor-de-presenca-de-teto-com-configuracoes-atraves-de-chave-externa\\\/\"]}]},{\"@type\":\"ImageObject\",\"inLanguage\":\"en-US\",\"@id\":\"https:\\\/\\\/www.exatron.com.br\\\/produtos\\\/sensor-de-presenca-de-teto-com-configuracoes-atraves-de-chave-externa\\\/#primaryimage\",\"url\":\"https:\\\/\\\/www.exatron.com.br\\\/wp-content\\\/uploads\\\/lestnidp-bc2.png\",\"contentUrl\":\"https:\\\/\\\/www.exatron.com.br\\\/wp-content\\\/uploads\\\/lestnidp-bc2.png\",\"width\":1000,\"height\":1000,\"caption\":\"Posi\u00e7\u00e3o frontal do Sensor de Presen\u00e7a de Teto DIP\"},{\"@type\":\"BreadcrumbList\",\"@id\":\"https:\\\/\\\/www.exatron.com.br\\\/produtos\\\/sensor-de-presenca-de-teto-com-configuracoes-atraves-de-chave-externa\\\/#breadcrumb\",\"itemListElement\":[{\"@type\":\"ListItem\",\"position\":1,\"name\":\"In\u00edcio\",\"item\":\"https:\\\/\\\/www.exatron.com.br\\\/\"},{\"@type\":\"ListItem\",\"position\":2,\"name\":\"Loja\",\"item\":\"https:\\\/\\\/www.exatron.com.br\\\/loja\\\/\"},{\"@type\":\"ListItem\",\"position\":3,\"name\":\"Sensor de Presen\u00e7a de Teto DIP\"}]},{\"@type\":\"WebSite\",\"@id\":\"https:\\\/\\\/www.exatron.com.br\\\/#website\",\"url\":\"https:\\\/\\\/www.exatron.com.br\\\/\",\"name\":\"EXATRON\",\"description\":\"\",\"publisher\":{\"@id\":\"https:\\\/\\\/www.exatron.com.br\\\/#organization\"},\"potentialAction\":[{\"@type\":\"SearchAction\",\"target\":{\"@type\":\"EntryPoint\",\"urlTemplate\":\"https:\\\/\\\/www.exatron.com.br\\\/?s={search_term_string}\"},\"query-input\":{\"@type\":\"PropertyValueSpecification\",\"valueRequired\":true,\"valueName\":\"search_term_string\"}}],\"inLanguage\":\"en-US\"},{\"@type\":\"Organization\",\"@id\":\"https:\\\/\\\/www.exatron.com.br\\\/#organization\",\"name\":\"EXATRON\",\"url\":\"https:\\\/\\\/www.exatron.com.br\\\/\",\"logo\":{\"@type\":\"ImageObject\",\"inLanguage\":\"en-US\",\"@id\":\"https:\\\/\\\/www.exatron.com.br\\\/#\\\/schema\\\/logo\\\/image\\\/\",\"url\":\"https:\\\/\\\/www.exatron.com.br\\\/wp-content\\\/uploads\\\/2024\\\/11\\\/default-kit.png\",\"contentUrl\":\"https:\\\/\\\/www.exatron.com.br\\\/wp-content\\\/uploads\\\/2024\\\/11\\\/default-kit.png\",\"width\":956,\"height\":192,\"caption\":\"EXATRON\"},\"image\":{\"@id\":\"https:\\\/\\\/www.exatron.com.br\\\/#\\\/schema\\\/logo\\\/image\\\/\"}}]}<\/script>\n<!-- \/ Yoast SEO plugin. -->","yoast_head_json":{"title":"Sensor de Presen\u00e7a de Teto DIP - EXATRON","description":"Sensor de teto DIP LESTNIDP Exatron com ajuste manual, detec\u00e7\u00e3o 360\u00b0, ideal para ilumina\u00e7\u00e3o interna com economia e longa vida \u00fatil.","robots":{"index":"index","follow":"follow","max-snippet":"max-snippet:-1","max-image-preview":"max-image-preview:large","max-video-preview":"max-video-preview:-1"},"canonical":"https:\/\/www.exatron.com.br\/en\/produtos\/sensor-de-presenca-de-teto-com-configuracoes-atraves-de-chave-externa\/","og_locale":"en_US","og_type":"article","og_title":"Sensor de Presen\u00e7a de Teto DIP - EXATRON","og_description":"Sensor de teto DIP LESTNIDP Exatron com ajuste manual, detec\u00e7\u00e3o 360\u00b0, ideal para ilumina\u00e7\u00e3o interna com economia e longa vida \u00fatil.","og_url":"https:\/\/www.exatron.com.br\/en\/produtos\/sensor-de-presenca-de-teto-com-configuracoes-atraves-de-chave-externa\/","og_site_name":"EXATRON","article_modified_time":"2026-04-14T20:32:19+00:00","og_image":[{"width":1000,"height":1000,"url":"https:\/\/www.exatron.com.br\/wp-content\/uploads\/lestnidp-bc2.png","type":"image\/png"}],"twitter_card":"summary_large_image","twitter_misc":{"Est. reading time":"2 minutes"},"schema":{"@context":"https:\/\/schema.org","@graph":[{"@type":"WebPage","@id":"https:\/\/www.exatron.com.br\/produtos\/sensor-de-presenca-de-teto-com-configuracoes-atraves-de-chave-externa\/","url":"https:\/\/www.exatron.com.br\/produtos\/sensor-de-presenca-de-teto-com-configuracoes-atraves-de-chave-externa\/","name":"Sensor de Presen\u00e7a de Teto DIP - EXATRON","isPartOf":{"@id":"https:\/\/www.exatron.com.br\/#website"},"primaryImageOfPage":{"@id":"https:\/\/www.exatron.com.br\/produtos\/sensor-de-presenca-de-teto-com-configuracoes-atraves-de-chave-externa\/#primaryimage"},"image":{"@id":"https:\/\/www.exatron.com.br\/produtos\/sensor-de-presenca-de-teto-com-configuracoes-atraves-de-chave-externa\/#primaryimage"},"thumbnailUrl":"https:\/\/www.exatron.com.br\/wp-content\/uploads\/lestnidp-bc2.png","datePublished":"2025-12-08T15:08:41+00:00","dateModified":"2026-04-14T20:32:19+00:00","description":"Sensor de teto DIP LESTNIDP Exatron com ajuste manual, detec\u00e7\u00e3o 360\u00b0, ideal para ilumina\u00e7\u00e3o interna com economia e longa vida \u00fatil.","breadcrumb":{"@id":"https:\/\/www.exatron.com.br\/produtos\/sensor-de-presenca-de-teto-com-configuracoes-atraves-de-chave-externa\/#breadcrumb"},"inLanguage":"en-US","potentialAction":[{"@type":"ReadAction","target":["https:\/\/www.exatron.com.br\/produtos\/sensor-de-presenca-de-teto-com-configuracoes-atraves-de-chave-externa\/"]}]},{"@type":"ImageObject","inLanguage":"en-US","@id":"https:\/\/www.exatron.com.br\/produtos\/sensor-de-presenca-de-teto-com-configuracoes-atraves-de-chave-externa\/#primaryimage","url":"https:\/\/www.exatron.com.br\/wp-content\/uploads\/lestnidp-bc2.png","contentUrl":"https:\/\/www.exatron.com.br\/wp-content\/uploads\/lestnidp-bc2.png","width":1000,"height":1000,"caption":"Posi\u00e7\u00e3o frontal do Sensor de Presen\u00e7a de Teto DIP"},{"@type":"BreadcrumbList","@id":"https:\/\/www.exatron.com.br\/produtos\/sensor-de-presenca-de-teto-com-configuracoes-atraves-de-chave-externa\/#breadcrumb","itemListElement":[{"@type":"ListItem","position":1,"name":"In\u00edcio","item":"https:\/\/www.exatron.com.br\/"},{"@type":"ListItem","position":2,"name":"Loja","item":"https:\/\/www.exatron.com.br\/loja\/"},{"@type":"ListItem","position":3,"name":"Sensor de Presen\u00e7a de Teto DIP"}]},{"@type":"WebSite","@id":"https:\/\/www.exatron.com.br\/#website","url":"https:\/\/www.exatron.com.br\/","name":"EXATRON","description":"","publisher":{"@id":"https:\/\/www.exatron.com.br\/#organization"},"potentialAction":[{"@type":"SearchAction","target":{"@type":"EntryPoint","urlTemplate":"https:\/\/www.exatron.com.br\/?s={search_term_string}"},"query-input":{"@type":"PropertyValueSpecification","valueRequired":true,"valueName":"search_term_string"}}],"inLanguage":"en-US"},{"@type":"Organization","@id":"https:\/\/www.exatron.com.br\/#organization","name":"EXATRON","url":"https:\/\/www.exatron.com.br\/","logo":{"@type":"ImageObject","inLanguage":"en-US","@id":"https:\/\/www.exatron.com.br\/#\/schema\/logo\/image\/","url":"https:\/\/www.exatron.com.br\/wp-content\/uploads\/2024\/11\/default-kit.png","contentUrl":"https:\/\/www.exatron.com.br\/wp-content\/uploads\/2024\/11\/default-kit.png","width":956,"height":192,"caption":"EXATRON"},"image":{"@id":"https:\/\/www.exatron.com.br\/#\/schema\/logo\/image\/"}}]}},"_links":{"self":[{"href":"https:\/\/www.exatron.com.br\/en\/wp-json\/wp\/v2\/product\/10640","targetHints":{"allow":["GET"]}}],"collection":[{"href":"https:\/\/www.exatron.com.br\/en\/wp-json\/wp\/v2\/product"}],"about":[{"href":"https:\/\/www.exatron.com.br\/en\/wp-json\/wp\/v2\/types\/product"}],"replies":[{"embeddable":true,"href":"https:\/\/www.exatron.com.br\/en\/wp-json\/wp\/v2\/comments?post=10640"}],"wp:featuredmedia":[{"embeddable":true,"href":"https:\/\/www.exatron.com.br\/en\/wp-json\/wp\/v2\/media\/14363"}],"wp:attachment":[{"href":"https:\/\/www.exatron.com.br\/en\/wp-json\/wp\/v2\/media?parent=10640"}],"wp:term":[{"taxonomy":"aplicacao","embeddable":true,"href":"https:\/\/www.exatron.com.br\/en\/wp-json\/wp\/v2\/aplicacao?post=10640"},{"taxonomy":"product_brand","embeddable":true,"href":"https:\/\/www.exatron.com.br\/en\/wp-json\/wp\/v2\/product_brand?post=10640"},{"taxonomy":"product_cat","embeddable":true,"href":"https:\/\/www.exatron.com.br\/en\/wp-json\/wp\/v2\/product_cat?post=10640"},{"taxonomy":"product_tag","embeddable":true,"href":"https:\/\/www.exatron.com.br\/en\/wp-json\/wp\/v2\/product_tag?post=10640"}],"curies":[{"name":"wp","href":"https:\/\/api.w.org\/{rel}","templated":true}]}}