{"id":10643,"date":"2025-12-08T15:08:41","date_gmt":"2025-12-08T15:08:41","guid":{"rendered":""},"modified":"2026-04-23T17:27:14","modified_gmt":"2026-04-23T20:27:14","slug":"luminaria-led-noturno-coelhinha","status":"publish","type":"product","link":"https:\/\/www.exatron.com.br\/en\/produtos\/luminaria-led-noturno-coelhinha\/","title":{"rendered":"Lumin\u00e1ria LED Noturno &#8211; Coelhinha"},"content":{"rendered":"<h3>Technical Specifications<\/h3>\n<ul>\n<li>Funcionamento: fotoc\u00e9lula (liga automaticamente ao escurecer e desliga na presen\u00e7a de luz ambiente);<\/li>\n<li>110-220V~50\/60Hz;<\/li>\n<li>N\u00edvel de acionamento: 2 a 5 lux.<\/li>\n<\/ul>\n<p>&nbsp;<\/p>\n<h3>Installation<\/h3>\n<p>Para o funcionamento correto, conecte o plug na tomada.<\/p>","protected":false},"excerpt":{"rendered":"<p>Quer transformar o quarto do seu filho em um ambiente mais divertido, l\u00fadico e protegido? O LED Noturno &#8211; Coelhinha Exatron (LLLN3000) possui uma luz suave de baixo consumo, proporcionando mais seguran\u00e7a e tranquilidade para o pequeno circular pelos ambientes.<\/p>\n<p>De uso simples (basta plugar em uma tomada para usar), o led possui fotoc\u00e9lula, que quando ativado funcionar\u00e1 sempre na aus\u00eancia de luz, uma configura\u00e7\u00e3o ideal para o quarto de crian\u00e7as.<\/p>","protected":false},"featured_media":10082,"comment_status":"open","ping_status":"closed","template":"","meta":{"_acf_changed":false,"_joinchat":[]},"aplicacao":[271],"product_brand":[],"product_cat":[316],"product_tag":[841,840,842],"class_list":{"0":"post-10643","1":"product","2":"type-product","3":"status-publish","4":"has-post-thumbnail","6":"aplicacao-balizador-domestico-led-noturno","7":"product_cat-led-noturno","8":"product_tag-balizador-de-parede","9":"product_tag-balizador-escada","10":"product_tag-balizador-fotocelula","12":"first","13":"instock","14":"shipping-taxable","15":"purchasable","16":"product-type-simple"},"acf":[],"yoast_head":"<!-- This site is optimized with the Yoast SEO plugin v27.3 - https:\/\/yoast.com\/product\/yoast-seo-wordpress\/ -->\n<title>Lumin\u00e1ria LED Noturno - Coelhinha - EXATRON<\/title>\n<meta name=\"description\" content=\"Lumin\u00e1ria LED Noturno - Coelhinha (LLLN3000): Luz suave e econ\u00f4mica com fotoc\u00e9lula, ideal para quartos infantis. Liga no escuro e desliga na luz.\" \/>\n<meta name=\"robots\" content=\"index, follow, max-snippet:-1, max-image-preview:large, max-video-preview:-1\" \/>\n<link rel=\"canonical\" href=\"https:\/\/www.exatron.com.br\/en\/produtos\/luminaria-led-noturno-coelhinha\/\" \/>\n<meta property=\"og:locale\" content=\"en_US\" \/>\n<meta property=\"og:type\" content=\"article\" \/>\n<meta property=\"og:title\" content=\"Lumin\u00e1ria LED Noturno - Coelhinha - EXATRON\" \/>\n<meta property=\"og:description\" content=\"Lumin\u00e1ria LED Noturno - Coelhinha (LLLN3000): Luz suave e econ\u00f4mica com fotoc\u00e9lula, ideal para quartos infantis. Liga no escuro e desliga na luz.\" \/>\n<meta property=\"og:url\" content=\"https:\/\/www.exatron.com.br\/en\/produtos\/luminaria-led-noturno-coelhinha\/\" \/>\n<meta property=\"og:site_name\" content=\"EXATRON\" \/>\n<meta property=\"article:modified_time\" content=\"2026-04-23T20:27:14+00:00\" \/>\n<meta property=\"og:image\" content=\"https:\/\/www.exatron.com.br\/wp-content\/uploads\/2025\/12\/1zvywi2pae88rm9dlpfsoviajkcypbgpk6bzq1br.png\" \/>\n\t<meta property=\"og:image:width\" content=\"368\" \/>\n\t<meta property=\"og:image:height\" content=\"368\" \/>\n\t<meta property=\"og:image:type\" content=\"image\/png\" \/>\n<meta name=\"twitter:card\" content=\"summary_large_image\" \/>\n<meta name=\"twitter:label1\" content=\"Est. reading time\" \/>\n\t<meta name=\"twitter:data1\" content=\"1 minute\" \/>\n<script type=\"application\/ld+json\" class=\"yoast-schema-graph\">{\"@context\":\"https:\\\/\\\/schema.org\",\"@graph\":[{\"@type\":\"WebPage\",\"@id\":\"https:\\\/\\\/www.exatron.com.br\\\/produtos\\\/luminaria-led-noturno-coelhinha\\\/\",\"url\":\"https:\\\/\\\/www.exatron.com.br\\\/produtos\\\/luminaria-led-noturno-coelhinha\\\/\",\"name\":\"Lumin\u00e1ria LED Noturno - Coelhinha - EXATRON\",\"isPartOf\":{\"@id\":\"https:\\\/\\\/www.exatron.com.br\\\/#website\"},\"primaryImageOfPage\":{\"@id\":\"https:\\\/\\\/www.exatron.com.br\\\/produtos\\\/luminaria-led-noturno-coelhinha\\\/#primaryimage\"},\"image\":{\"@id\":\"https:\\\/\\\/www.exatron.com.br\\\/produtos\\\/luminaria-led-noturno-coelhinha\\\/#primaryimage\"},\"thumbnailUrl\":\"https:\\\/\\\/www.exatron.com.br\\\/wp-content\\\/uploads\\\/2025\\\/12\\\/1zvywi2pae88rm9dlpfsoviajkcypbgpk6bzq1br.png\",\"datePublished\":\"2025-12-08T15:08:41+00:00\",\"dateModified\":\"2026-04-23T20:27:14+00:00\",\"description\":\"Lumin\u00e1ria LED Noturno - Coelhinha (LLLN3000): Luz suave e econ\u00f4mica com fotoc\u00e9lula, ideal para quartos infantis. Liga no escuro e desliga na luz.\",\"breadcrumb\":{\"@id\":\"https:\\\/\\\/www.exatron.com.br\\\/produtos\\\/luminaria-led-noturno-coelhinha\\\/#breadcrumb\"},\"inLanguage\":\"en-US\",\"potentialAction\":[{\"@type\":\"ReadAction\",\"target\":[\"https:\\\/\\\/www.exatron.com.br\\\/produtos\\\/luminaria-led-noturno-coelhinha\\\/\"]}]},{\"@type\":\"ImageObject\",\"inLanguage\":\"en-US\",\"@id\":\"https:\\\/\\\/www.exatron.com.br\\\/produtos\\\/luminaria-led-noturno-coelhinha\\\/#primaryimage\",\"url\":\"https:\\\/\\\/www.exatron.com.br\\\/wp-content\\\/uploads\\\/2025\\\/12\\\/1zvywi2pae88rm9dlpfsoviajkcypbgpk6bzq1br.png\",\"contentUrl\":\"https:\\\/\\\/www.exatron.com.br\\\/wp-content\\\/uploads\\\/2025\\\/12\\\/1zvywi2pae88rm9dlpfsoviajkcypbgpk6bzq1br.png\",\"width\":368,\"height\":368,\"caption\":\"De uso simples (basta plugar em uma tomada para usar), o led possui fotoc\u00e9lula, que quando ativado funcionar\u00e1 sempre na aus\u00eancia de luz, uma configura\u00e7\u00e3o ideal para o quarto de crian\u00e7as.\"},{\"@type\":\"BreadcrumbList\",\"@id\":\"https:\\\/\\\/www.exatron.com.br\\\/produtos\\\/luminaria-led-noturno-coelhinha\\\/#breadcrumb\",\"itemListElement\":[{\"@type\":\"ListItem\",\"position\":1,\"name\":\"In\u00edcio\",\"item\":\"https:\\\/\\\/www.exatron.com.br\\\/\"},{\"@type\":\"ListItem\",\"position\":2,\"name\":\"Loja\",\"item\":\"https:\\\/\\\/www.exatron.com.br\\\/loja\\\/\"},{\"@type\":\"ListItem\",\"position\":3,\"name\":\"Lumin\u00e1ria LED Noturno &#8211; Coelhinha\"}]},{\"@type\":\"WebSite\",\"@id\":\"https:\\\/\\\/www.exatron.com.br\\\/#website\",\"url\":\"https:\\\/\\\/www.exatron.com.br\\\/\",\"name\":\"EXATRON\",\"description\":\"\",\"publisher\":{\"@id\":\"https:\\\/\\\/www.exatron.com.br\\\/#organization\"},\"potentialAction\":[{\"@type\":\"SearchAction\",\"target\":{\"@type\":\"EntryPoint\",\"urlTemplate\":\"https:\\\/\\\/www.exatron.com.br\\\/?s={search_term_string}\"},\"query-input\":{\"@type\":\"PropertyValueSpecification\",\"valueRequired\":true,\"valueName\":\"search_term_string\"}}],\"inLanguage\":\"en-US\"},{\"@type\":\"Organization\",\"@id\":\"https:\\\/\\\/www.exatron.com.br\\\/#organization\",\"name\":\"EXATRON\",\"url\":\"https:\\\/\\\/www.exatron.com.br\\\/\",\"logo\":{\"@type\":\"ImageObject\",\"inLanguage\":\"en-US\",\"@id\":\"https:\\\/\\\/www.exatron.com.br\\\/#\\\/schema\\\/logo\\\/image\\\/\",\"url\":\"https:\\\/\\\/www.exatron.com.br\\\/wp-content\\\/uploads\\\/2024\\\/11\\\/default-kit.png\",\"contentUrl\":\"https:\\\/\\\/www.exatron.com.br\\\/wp-content\\\/uploads\\\/2024\\\/11\\\/default-kit.png\",\"width\":956,\"height\":192,\"caption\":\"EXATRON\"},\"image\":{\"@id\":\"https:\\\/\\\/www.exatron.com.br\\\/#\\\/schema\\\/logo\\\/image\\\/\"}}]}<\/script>\n<!-- \/ Yoast SEO plugin. -->","yoast_head_json":{"title":"Lumin\u00e1ria LED Noturno - Coelhinha - EXATRON","description":"Lumin\u00e1ria LED Noturno - Coelhinha (LLLN3000): Luz suave e econ\u00f4mica com fotoc\u00e9lula, ideal para quartos infantis. Liga no escuro e desliga na luz.","robots":{"index":"index","follow":"follow","max-snippet":"max-snippet:-1","max-image-preview":"max-image-preview:large","max-video-preview":"max-video-preview:-1"},"canonical":"https:\/\/www.exatron.com.br\/en\/produtos\/luminaria-led-noturno-coelhinha\/","og_locale":"en_US","og_type":"article","og_title":"Lumin\u00e1ria LED Noturno - Coelhinha - EXATRON","og_description":"Lumin\u00e1ria LED Noturno - Coelhinha (LLLN3000): Luz suave e econ\u00f4mica com fotoc\u00e9lula, ideal para quartos infantis. Liga no escuro e desliga na luz.","og_url":"https:\/\/www.exatron.com.br\/en\/produtos\/luminaria-led-noturno-coelhinha\/","og_site_name":"EXATRON","article_modified_time":"2026-04-23T20:27:14+00:00","og_image":[{"width":368,"height":368,"url":"https:\/\/www.exatron.com.br\/wp-content\/uploads\/2025\/12\/1zvywi2pae88rm9dlpfsoviajkcypbgpk6bzq1br.png","type":"image\/png"}],"twitter_card":"summary_large_image","twitter_misc":{"Est. reading time":"1 minute"},"schema":{"@context":"https:\/\/schema.org","@graph":[{"@type":"WebPage","@id":"https:\/\/www.exatron.com.br\/produtos\/luminaria-led-noturno-coelhinha\/","url":"https:\/\/www.exatron.com.br\/produtos\/luminaria-led-noturno-coelhinha\/","name":"Lumin\u00e1ria LED Noturno - Coelhinha - EXATRON","isPartOf":{"@id":"https:\/\/www.exatron.com.br\/#website"},"primaryImageOfPage":{"@id":"https:\/\/www.exatron.com.br\/produtos\/luminaria-led-noturno-coelhinha\/#primaryimage"},"image":{"@id":"https:\/\/www.exatron.com.br\/produtos\/luminaria-led-noturno-coelhinha\/#primaryimage"},"thumbnailUrl":"https:\/\/www.exatron.com.br\/wp-content\/uploads\/2025\/12\/1zvywi2pae88rm9dlpfsoviajkcypbgpk6bzq1br.png","datePublished":"2025-12-08T15:08:41+00:00","dateModified":"2026-04-23T20:27:14+00:00","description":"Lumin\u00e1ria LED Noturno - Coelhinha (LLLN3000): Luz suave e econ\u00f4mica com fotoc\u00e9lula, ideal para quartos infantis. Liga no escuro e desliga na luz.","breadcrumb":{"@id":"https:\/\/www.exatron.com.br\/produtos\/luminaria-led-noturno-coelhinha\/#breadcrumb"},"inLanguage":"en-US","potentialAction":[{"@type":"ReadAction","target":["https:\/\/www.exatron.com.br\/produtos\/luminaria-led-noturno-coelhinha\/"]}]},{"@type":"ImageObject","inLanguage":"en-US","@id":"https:\/\/www.exatron.com.br\/produtos\/luminaria-led-noturno-coelhinha\/#primaryimage","url":"https:\/\/www.exatron.com.br\/wp-content\/uploads\/2025\/12\/1zvywi2pae88rm9dlpfsoviajkcypbgpk6bzq1br.png","contentUrl":"https:\/\/www.exatron.com.br\/wp-content\/uploads\/2025\/12\/1zvywi2pae88rm9dlpfsoviajkcypbgpk6bzq1br.png","width":368,"height":368,"caption":"De uso simples (basta plugar em uma tomada para usar), o led possui fotoc\u00e9lula, que quando ativado funcionar\u00e1 sempre na aus\u00eancia de luz, uma configura\u00e7\u00e3o ideal para o quarto de crian\u00e7as."},{"@type":"BreadcrumbList","@id":"https:\/\/www.exatron.com.br\/produtos\/luminaria-led-noturno-coelhinha\/#breadcrumb","itemListElement":[{"@type":"ListItem","position":1,"name":"In\u00edcio","item":"https:\/\/www.exatron.com.br\/"},{"@type":"ListItem","position":2,"name":"Loja","item":"https:\/\/www.exatron.com.br\/loja\/"},{"@type":"ListItem","position":3,"name":"Lumin\u00e1ria LED Noturno &#8211; Coelhinha"}]},{"@type":"WebSite","@id":"https:\/\/www.exatron.com.br\/#website","url":"https:\/\/www.exatron.com.br\/","name":"EXATRON","description":"","publisher":{"@id":"https:\/\/www.exatron.com.br\/#organization"},"potentialAction":[{"@type":"SearchAction","target":{"@type":"EntryPoint","urlTemplate":"https:\/\/www.exatron.com.br\/?s={search_term_string}"},"query-input":{"@type":"PropertyValueSpecification","valueRequired":true,"valueName":"search_term_string"}}],"inLanguage":"en-US"},{"@type":"Organization","@id":"https:\/\/www.exatron.com.br\/#organization","name":"EXATRON","url":"https:\/\/www.exatron.com.br\/","logo":{"@type":"ImageObject","inLanguage":"en-US","@id":"https:\/\/www.exatron.com.br\/#\/schema\/logo\/image\/","url":"https:\/\/www.exatron.com.br\/wp-content\/uploads\/2024\/11\/default-kit.png","contentUrl":"https:\/\/www.exatron.com.br\/wp-content\/uploads\/2024\/11\/default-kit.png","width":956,"height":192,"caption":"EXATRON"},"image":{"@id":"https:\/\/www.exatron.com.br\/#\/schema\/logo\/image\/"}}]}},"_links":{"self":[{"href":"https:\/\/www.exatron.com.br\/en\/wp-json\/wp\/v2\/product\/10643","targetHints":{"allow":["GET"]}}],"collection":[{"href":"https:\/\/www.exatron.com.br\/en\/wp-json\/wp\/v2\/product"}],"about":[{"href":"https:\/\/www.exatron.com.br\/en\/wp-json\/wp\/v2\/types\/product"}],"replies":[{"embeddable":true,"href":"https:\/\/www.exatron.com.br\/en\/wp-json\/wp\/v2\/comments?post=10643"}],"wp:featuredmedia":[{"embeddable":true,"href":"https:\/\/www.exatron.com.br\/en\/wp-json\/wp\/v2\/media\/10082"}],"wp:attachment":[{"href":"https:\/\/www.exatron.com.br\/en\/wp-json\/wp\/v2\/media?parent=10643"}],"wp:term":[{"taxonomy":"aplicacao","embeddable":true,"href":"https:\/\/www.exatron.com.br\/en\/wp-json\/wp\/v2\/aplicacao?post=10643"},{"taxonomy":"product_brand","embeddable":true,"href":"https:\/\/www.exatron.com.br\/en\/wp-json\/wp\/v2\/product_brand?post=10643"},{"taxonomy":"product_cat","embeddable":true,"href":"https:\/\/www.exatron.com.br\/en\/wp-json\/wp\/v2\/product_cat?post=10643"},{"taxonomy":"product_tag","embeddable":true,"href":"https:\/\/www.exatron.com.br\/en\/wp-json\/wp\/v2\/product_tag?post=10643"}],"curies":[{"name":"wp","href":"https:\/\/api.w.org\/{rel}","templated":true}]}}