{"id":10652,"date":"2025-12-08T15:08:42","date_gmt":"2025-12-08T15:08:42","guid":{"rendered":""},"modified":"2026-04-24T09:11:37","modified_gmt":"2026-04-24T12:11:37","slug":"pote-grande-de-plugue-desmontavel-femea","status":"publish","type":"product","link":"https:\/\/www.exatron.com.br\/en\/produtos\/pote-grande-de-plugue-desmontavel-femea\/","title":{"rendered":"Large Female Detachable Plug Pot"},"content":{"rendered":"<h3>Technical Specifications<\/h3>\n<ul>\n<li>Plugue f\u00eamea 2P+T 10A\/250V;<\/li>\n<li>Pote grande com 50 unidades;<\/li>\n<li>Garantia: 5 anos.<\/li>\n<\/ul>\n<figure class=\"image\"><img decoding=\"async\" src=\"https:\/\/www.exatron.com.br\/storage\/editor\/lechxBXNQFaAjFPNCWqYYnbk9akmPbN5ionhePjc.gif\" \/><figcaption>Produto certificado de acordo com a Portaria Inmetro n\u00b0 90 de 09\/03\/2022.<\/figcaption><\/figure>","protected":false},"excerpt":{"rendered":"<p>A Linha El\u00e9trica MyX da Exatron destaca-se pelo seu design, qualidade e praticidade. Ela pode ser montada de acordo com a sua necessidade, s\u00e3o 5 op\u00e7\u00f5es de adaptadores e plugues para voc\u00ea utilizar. Produzido em ABS com acabamento brilho, tem toda sua produ\u00e7\u00e3o realizada pela Exatron.<\/p>\n<p>Os produtos MyX foram projetados para facilitar o seu uso, garantindo a ergonomia e ainda possuem acabamento refinado. Tem uma excelente durabilidade, com rigorosos testes, podemos garantir que os produtos ter\u00e3o uma longa vida \u00fatil em sua casa.<\/p>\n<p>Com o Plugue Desmont\u00e1vel F\u00eamea (LEPA4003), voc\u00ea pode montar extens\u00f5es facilmente para plugar conectores NBR14136.<\/p>\n<p>&nbsp;<\/p>","protected":false},"featured_media":10209,"comment_status":"open","ping_status":"closed","template":"","meta":{"_acf_changed":false,"_joinchat":[]},"aplicacao":[],"product_brand":[],"product_cat":[325,375],"product_tag":[1012,1010,1013],"class_list":{"0":"post-10652","1":"product","2":"type-product","3":"status-publish","4":"has-post-thumbnail","6":"product_cat-linha-eletrica","7":"product_cat-plugues-e-adaptadores","8":"product_tag-plugue-10a","9":"product_tag-plugue-desmontavel","10":"product_tag-plugue-femea","12":"first","13":"onbackorder","14":"shipping-taxable","15":"product-type-simple"},"acf":[],"yoast_head":"<!-- This site is optimized with the Yoast SEO plugin v27.3 - https:\/\/yoast.com\/product\/yoast-seo-wordpress\/ -->\n<title>Pote Grande de Plugue Desmont\u00e1vel F\u00eamea - EXATRON<\/title>\n<meta name=\"description\" content=\"Pote de Plugues F\u00eamea Desmont\u00e1veis (LEPA4003 PG): 50 unidades de plugues desmont\u00e1veis f\u00eamea para montagem pr\u00e1tica de extens\u00f5es.\" \/>\n<meta name=\"robots\" content=\"index, follow, max-snippet:-1, max-image-preview:large, max-video-preview:-1\" \/>\n<link rel=\"canonical\" href=\"https:\/\/www.exatron.com.br\/en\/produtos\/pote-grande-de-plugue-desmontavel-femea\/\" \/>\n<meta property=\"og:locale\" content=\"en_US\" \/>\n<meta property=\"og:type\" content=\"article\" \/>\n<meta property=\"og:title\" content=\"Pote Grande de Plugue Desmont\u00e1vel F\u00eamea - EXATRON\" \/>\n<meta property=\"og:description\" content=\"Pote de Plugues F\u00eamea Desmont\u00e1veis (LEPA4003 PG): 50 unidades de plugues desmont\u00e1veis f\u00eamea para montagem pr\u00e1tica de extens\u00f5es.\" \/>\n<meta property=\"og:url\" content=\"https:\/\/www.exatron.com.br\/en\/produtos\/pote-grande-de-plugue-desmontavel-femea\/\" \/>\n<meta property=\"og:site_name\" content=\"EXATRON\" \/>\n<meta property=\"article:modified_time\" content=\"2026-04-24T12:11:37+00:00\" \/>\n<meta property=\"og:image\" content=\"https:\/\/www.exatron.com.br\/wp-content\/uploads\/2025\/12\/tpftqgkqontfsr0ntzw5gsmtnxkb7jclpevcbnwq.png\" \/>\n\t<meta property=\"og:image:width\" content=\"1080\" \/>\n\t<meta property=\"og:image:height\" content=\"1080\" \/>\n\t<meta property=\"og:image:type\" content=\"image\/png\" \/>\n<meta name=\"twitter:card\" content=\"summary_large_image\" \/>\n<meta name=\"twitter:label1\" content=\"Est. reading time\" \/>\n\t<meta name=\"twitter:data1\" content=\"1 minute\" \/>\n<script type=\"application\/ld+json\" class=\"yoast-schema-graph\">{\"@context\":\"https:\\\/\\\/schema.org\",\"@graph\":[{\"@type\":\"WebPage\",\"@id\":\"https:\\\/\\\/www.exatron.com.br\\\/produtos\\\/pote-grande-de-plugue-desmontavel-femea\\\/\",\"url\":\"https:\\\/\\\/www.exatron.com.br\\\/produtos\\\/pote-grande-de-plugue-desmontavel-femea\\\/\",\"name\":\"Pote Grande de Plugue Desmont\u00e1vel F\u00eamea - EXATRON\",\"isPartOf\":{\"@id\":\"https:\\\/\\\/www.exatron.com.br\\\/#website\"},\"primaryImageOfPage\":{\"@id\":\"https:\\\/\\\/www.exatron.com.br\\\/produtos\\\/pote-grande-de-plugue-desmontavel-femea\\\/#primaryimage\"},\"image\":{\"@id\":\"https:\\\/\\\/www.exatron.com.br\\\/produtos\\\/pote-grande-de-plugue-desmontavel-femea\\\/#primaryimage\"},\"thumbnailUrl\":\"https:\\\/\\\/www.exatron.com.br\\\/wp-content\\\/uploads\\\/2025\\\/12\\\/tpftqgkqontfsr0ntzw5gsmtnxkb7jclpevcbnwq.png\",\"datePublished\":\"2025-12-08T15:08:42+00:00\",\"dateModified\":\"2026-04-24T12:11:37+00:00\",\"description\":\"Pote de Plugues F\u00eamea Desmont\u00e1veis (LEPA4003 PG): 50 unidades de plugues desmont\u00e1veis f\u00eamea para montagem pr\u00e1tica de extens\u00f5es.\",\"breadcrumb\":{\"@id\":\"https:\\\/\\\/www.exatron.com.br\\\/produtos\\\/pote-grande-de-plugue-desmontavel-femea\\\/#breadcrumb\"},\"inLanguage\":\"en-US\",\"potentialAction\":[{\"@type\":\"ReadAction\",\"target\":[\"https:\\\/\\\/www.exatron.com.br\\\/produtos\\\/pote-grande-de-plugue-desmontavel-femea\\\/\"]}]},{\"@type\":\"ImageObject\",\"inLanguage\":\"en-US\",\"@id\":\"https:\\\/\\\/www.exatron.com.br\\\/produtos\\\/pote-grande-de-plugue-desmontavel-femea\\\/#primaryimage\",\"url\":\"https:\\\/\\\/www.exatron.com.br\\\/wp-content\\\/uploads\\\/2025\\\/12\\\/tpftqgkqontfsr0ntzw5gsmtnxkb7jclpevcbnwq.png\",\"contentUrl\":\"https:\\\/\\\/www.exatron.com.br\\\/wp-content\\\/uploads\\\/2025\\\/12\\\/tpftqgkqontfsr0ntzw5gsmtnxkb7jclpevcbnwq.png\",\"width\":1080,\"height\":1080,\"caption\":\"Tpftqgkqontfsr0ntzw5gsmtnxkb7jclpevcbnwq\"},{\"@type\":\"BreadcrumbList\",\"@id\":\"https:\\\/\\\/www.exatron.com.br\\\/produtos\\\/pote-grande-de-plugue-desmontavel-femea\\\/#breadcrumb\",\"itemListElement\":[{\"@type\":\"ListItem\",\"position\":1,\"name\":\"In\u00edcio\",\"item\":\"https:\\\/\\\/www.exatron.com.br\\\/\"},{\"@type\":\"ListItem\",\"position\":2,\"name\":\"Loja\",\"item\":\"https:\\\/\\\/www.exatron.com.br\\\/loja\\\/\"},{\"@type\":\"ListItem\",\"position\":3,\"name\":\"Pote Grande de Plugue Desmont\u00e1vel F\u00eamea\"}]},{\"@type\":\"WebSite\",\"@id\":\"https:\\\/\\\/www.exatron.com.br\\\/#website\",\"url\":\"https:\\\/\\\/www.exatron.com.br\\\/\",\"name\":\"EXATRON\",\"description\":\"\",\"publisher\":{\"@id\":\"https:\\\/\\\/www.exatron.com.br\\\/#organization\"},\"potentialAction\":[{\"@type\":\"SearchAction\",\"target\":{\"@type\":\"EntryPoint\",\"urlTemplate\":\"https:\\\/\\\/www.exatron.com.br\\\/?s={search_term_string}\"},\"query-input\":{\"@type\":\"PropertyValueSpecification\",\"valueRequired\":true,\"valueName\":\"search_term_string\"}}],\"inLanguage\":\"en-US\"},{\"@type\":\"Organization\",\"@id\":\"https:\\\/\\\/www.exatron.com.br\\\/#organization\",\"name\":\"EXATRON\",\"url\":\"https:\\\/\\\/www.exatron.com.br\\\/\",\"logo\":{\"@type\":\"ImageObject\",\"inLanguage\":\"en-US\",\"@id\":\"https:\\\/\\\/www.exatron.com.br\\\/#\\\/schema\\\/logo\\\/image\\\/\",\"url\":\"https:\\\/\\\/www.exatron.com.br\\\/wp-content\\\/uploads\\\/2024\\\/11\\\/default-kit.png\",\"contentUrl\":\"https:\\\/\\\/www.exatron.com.br\\\/wp-content\\\/uploads\\\/2024\\\/11\\\/default-kit.png\",\"width\":956,\"height\":192,\"caption\":\"EXATRON\"},\"image\":{\"@id\":\"https:\\\/\\\/www.exatron.com.br\\\/#\\\/schema\\\/logo\\\/image\\\/\"}}]}<\/script>\n<!-- \/ Yoast SEO plugin. -->","yoast_head_json":{"title":"Pote Grande de Plugue Desmont\u00e1vel F\u00eamea - EXATRON","description":"Pote de Plugues F\u00eamea Desmont\u00e1veis (LEPA4003 PG): 50 unidades de plugues desmont\u00e1veis f\u00eamea para montagem pr\u00e1tica de extens\u00f5es.","robots":{"index":"index","follow":"follow","max-snippet":"max-snippet:-1","max-image-preview":"max-image-preview:large","max-video-preview":"max-video-preview:-1"},"canonical":"https:\/\/www.exatron.com.br\/en\/produtos\/pote-grande-de-plugue-desmontavel-femea\/","og_locale":"en_US","og_type":"article","og_title":"Pote Grande de Plugue Desmont\u00e1vel F\u00eamea - EXATRON","og_description":"Pote de Plugues F\u00eamea Desmont\u00e1veis (LEPA4003 PG): 50 unidades de plugues desmont\u00e1veis f\u00eamea para montagem pr\u00e1tica de extens\u00f5es.","og_url":"https:\/\/www.exatron.com.br\/en\/produtos\/pote-grande-de-plugue-desmontavel-femea\/","og_site_name":"EXATRON","article_modified_time":"2026-04-24T12:11:37+00:00","og_image":[{"width":1080,"height":1080,"url":"https:\/\/www.exatron.com.br\/wp-content\/uploads\/2025\/12\/tpftqgkqontfsr0ntzw5gsmtnxkb7jclpevcbnwq.png","type":"image\/png"}],"twitter_card":"summary_large_image","twitter_misc":{"Est. reading time":"1 minute"},"schema":{"@context":"https:\/\/schema.org","@graph":[{"@type":"WebPage","@id":"https:\/\/www.exatron.com.br\/produtos\/pote-grande-de-plugue-desmontavel-femea\/","url":"https:\/\/www.exatron.com.br\/produtos\/pote-grande-de-plugue-desmontavel-femea\/","name":"Pote Grande de Plugue Desmont\u00e1vel F\u00eamea - EXATRON","isPartOf":{"@id":"https:\/\/www.exatron.com.br\/#website"},"primaryImageOfPage":{"@id":"https:\/\/www.exatron.com.br\/produtos\/pote-grande-de-plugue-desmontavel-femea\/#primaryimage"},"image":{"@id":"https:\/\/www.exatron.com.br\/produtos\/pote-grande-de-plugue-desmontavel-femea\/#primaryimage"},"thumbnailUrl":"https:\/\/www.exatron.com.br\/wp-content\/uploads\/2025\/12\/tpftqgkqontfsr0ntzw5gsmtnxkb7jclpevcbnwq.png","datePublished":"2025-12-08T15:08:42+00:00","dateModified":"2026-04-24T12:11:37+00:00","description":"Pote de Plugues F\u00eamea Desmont\u00e1veis (LEPA4003 PG): 50 unidades de plugues desmont\u00e1veis f\u00eamea para montagem pr\u00e1tica de extens\u00f5es.","breadcrumb":{"@id":"https:\/\/www.exatron.com.br\/produtos\/pote-grande-de-plugue-desmontavel-femea\/#breadcrumb"},"inLanguage":"en-US","potentialAction":[{"@type":"ReadAction","target":["https:\/\/www.exatron.com.br\/produtos\/pote-grande-de-plugue-desmontavel-femea\/"]}]},{"@type":"ImageObject","inLanguage":"en-US","@id":"https:\/\/www.exatron.com.br\/produtos\/pote-grande-de-plugue-desmontavel-femea\/#primaryimage","url":"https:\/\/www.exatron.com.br\/wp-content\/uploads\/2025\/12\/tpftqgkqontfsr0ntzw5gsmtnxkb7jclpevcbnwq.png","contentUrl":"https:\/\/www.exatron.com.br\/wp-content\/uploads\/2025\/12\/tpftqgkqontfsr0ntzw5gsmtnxkb7jclpevcbnwq.png","width":1080,"height":1080,"caption":"Tpftqgkqontfsr0ntzw5gsmtnxkb7jclpevcbnwq"},{"@type":"BreadcrumbList","@id":"https:\/\/www.exatron.com.br\/produtos\/pote-grande-de-plugue-desmontavel-femea\/#breadcrumb","itemListElement":[{"@type":"ListItem","position":1,"name":"In\u00edcio","item":"https:\/\/www.exatron.com.br\/"},{"@type":"ListItem","position":2,"name":"Loja","item":"https:\/\/www.exatron.com.br\/loja\/"},{"@type":"ListItem","position":3,"name":"Pote Grande de Plugue Desmont\u00e1vel F\u00eamea"}]},{"@type":"WebSite","@id":"https:\/\/www.exatron.com.br\/#website","url":"https:\/\/www.exatron.com.br\/","name":"EXATRON","description":"","publisher":{"@id":"https:\/\/www.exatron.com.br\/#organization"},"potentialAction":[{"@type":"SearchAction","target":{"@type":"EntryPoint","urlTemplate":"https:\/\/www.exatron.com.br\/?s={search_term_string}"},"query-input":{"@type":"PropertyValueSpecification","valueRequired":true,"valueName":"search_term_string"}}],"inLanguage":"en-US"},{"@type":"Organization","@id":"https:\/\/www.exatron.com.br\/#organization","name":"EXATRON","url":"https:\/\/www.exatron.com.br\/","logo":{"@type":"ImageObject","inLanguage":"en-US","@id":"https:\/\/www.exatron.com.br\/#\/schema\/logo\/image\/","url":"https:\/\/www.exatron.com.br\/wp-content\/uploads\/2024\/11\/default-kit.png","contentUrl":"https:\/\/www.exatron.com.br\/wp-content\/uploads\/2024\/11\/default-kit.png","width":956,"height":192,"caption":"EXATRON"},"image":{"@id":"https:\/\/www.exatron.com.br\/#\/schema\/logo\/image\/"}}]}},"_links":{"self":[{"href":"https:\/\/www.exatron.com.br\/en\/wp-json\/wp\/v2\/product\/10652","targetHints":{"allow":["GET"]}}],"collection":[{"href":"https:\/\/www.exatron.com.br\/en\/wp-json\/wp\/v2\/product"}],"about":[{"href":"https:\/\/www.exatron.com.br\/en\/wp-json\/wp\/v2\/types\/product"}],"replies":[{"embeddable":true,"href":"https:\/\/www.exatron.com.br\/en\/wp-json\/wp\/v2\/comments?post=10652"}],"wp:featuredmedia":[{"embeddable":true,"href":"https:\/\/www.exatron.com.br\/en\/wp-json\/wp\/v2\/media\/10209"}],"wp:attachment":[{"href":"https:\/\/www.exatron.com.br\/en\/wp-json\/wp\/v2\/media?parent=10652"}],"wp:term":[{"taxonomy":"aplicacao","embeddable":true,"href":"https:\/\/www.exatron.com.br\/en\/wp-json\/wp\/v2\/aplicacao?post=10652"},{"taxonomy":"product_brand","embeddable":true,"href":"https:\/\/www.exatron.com.br\/en\/wp-json\/wp\/v2\/product_brand?post=10652"},{"taxonomy":"product_cat","embeddable":true,"href":"https:\/\/www.exatron.com.br\/en\/wp-json\/wp\/v2\/product_cat?post=10652"},{"taxonomy":"product_tag","embeddable":true,"href":"https:\/\/www.exatron.com.br\/en\/wp-json\/wp\/v2\/product_tag?post=10652"}],"curies":[{"name":"wp","href":"https:\/\/api.w.org\/{rel}","templated":true}]}}