{"id":10655,"date":"2025-12-08T15:08:42","date_gmt":"2025-12-08T15:08:42","guid":{"rendered":""},"modified":"2026-04-24T09:26:31","modified_gmt":"2026-04-24T12:26:31","slug":"pote-grande-de-tomada-multipla-te-2p-t-10a-250v","status":"publish","type":"product","link":"https:\/\/www.exatron.com.br\/en\/produtos\/pote-grande-de-tomada-multipla-te-2p-t-10a-250v\/","title":{"rendered":"Pote Grande de Tomada M\u00faltipla T 2P+T 10A\/250V"},"content":{"rendered":"<h3>Technical Specifications<\/h3>\n<ul>\n<li>Tomada m\u00faltipla T 2P+T 10A\/250V;<\/li>\n<li>Pote grande com 18 unidades;<\/li>\n<li>Garantia: 5 anos.<\/li>\n<\/ul>\n<figure class=\"image\"><img decoding=\"async\" src=\"https:\/\/www.exatron.com.br\/storage\/editor\/lechxBXNQFaAjFPNCWqYYnbk9akmPbN5ionhePjc.gif\" \/><figcaption>Produto certificado de acordo com a Portaria Inmetro n\u00b0 9 de 17\/01\/2022.<\/figcaption><\/figure>","protected":false},"excerpt":{"rendered":"<p>A Linha El\u00e9trica MyX da Exatron destaca-se pelo seu design, qualidade e praticidade. Ela pode ser montada de acordo com a sua necessidade, s\u00e3o 5 op\u00e7\u00f5es de adaptadores e plugues para voc\u00ea utilizar. Produzido em ABS com acabamento brilho, tem toda sua produ\u00e7\u00e3o realizada pela Exatron.<\/p>\n<p>Os produtos MyX foram projetados para facilitar o seu uso, garantindo a ergonomia e ainda possuem acabamento refinado. Tem uma excelente durabilidade, com rigorosos testes, podemos garantir que os produtos ter\u00e3o uma longa vida \u00fatil em sua casa.<\/p>\n<p>Com a Tomada M\u00faltipla T (LEPA4005), voc\u00ea pode facilmente conectar mais de um aparelho eletr\u00f4nico a uma tomada.<\/p>","protected":false},"featured_media":10212,"comment_status":"open","ping_status":"closed","template":"","meta":{"_acf_changed":false,"_joinchat":[]},"aplicacao":[],"product_brand":[],"product_cat":[325,375],"product_tag":[1015,818,1014,1016],"class_list":{"0":"post-10655","1":"product","2":"type-product","3":"status-publish","4":"has-post-thumbnail","6":"product_cat-linha-eletrica","7":"product_cat-plugues-e-adaptadores","8":"product_tag-adaptador-t","9":"product_tag-adaptador-tomada","10":"product_tag-benjamim","11":"product_tag-tomada-multipla","13":"first","14":"onbackorder","15":"shipping-taxable","16":"product-type-simple"},"acf":[],"yoast_head":"<!-- This site is optimized with the Yoast SEO plugin v27.3 - https:\/\/yoast.com\/product\/yoast-seo-wordpress\/ -->\n<title>Pote Grande de Tomada M\u00faltipla T 2P+T 10A\/250V - EXATRON<\/title>\n<meta name=\"description\" content=\"Pote de Tomada M\u00faltipla Te (LEPA4005 PG): 18 tomadas m\u00faltiplas Te 2P+T 10A\/250V, para conectar m\u00faltiplos aparelhos eletr\u00f4nicos.\" \/>\n<meta name=\"robots\" content=\"index, follow, max-snippet:-1, max-image-preview:large, max-video-preview:-1\" \/>\n<link rel=\"canonical\" href=\"https:\/\/www.exatron.com.br\/en\/produtos\/pote-grande-de-tomada-multipla-te-2p-t-10a-250v\/\" \/>\n<meta property=\"og:locale\" content=\"en_US\" \/>\n<meta property=\"og:type\" content=\"article\" \/>\n<meta property=\"og:title\" content=\"Pote Grande de Tomada M\u00faltipla T 2P+T 10A\/250V - EXATRON\" \/>\n<meta property=\"og:description\" content=\"Pote de Tomada M\u00faltipla Te (LEPA4005 PG): 18 tomadas m\u00faltiplas Te 2P+T 10A\/250V, para conectar m\u00faltiplos aparelhos eletr\u00f4nicos.\" \/>\n<meta property=\"og:url\" content=\"https:\/\/www.exatron.com.br\/en\/produtos\/pote-grande-de-tomada-multipla-te-2p-t-10a-250v\/\" \/>\n<meta property=\"og:site_name\" content=\"EXATRON\" \/>\n<meta property=\"article:modified_time\" content=\"2026-04-24T12:26:31+00:00\" \/>\n<meta property=\"og:image\" content=\"https:\/\/www.exatron.com.br\/wp-content\/uploads\/2025\/12\/b6obupsj9168yldtekx8o3m9r8surjhlhyhcgwvo.png\" \/>\n\t<meta property=\"og:image:width\" content=\"1080\" \/>\n\t<meta property=\"og:image:height\" content=\"1080\" \/>\n\t<meta property=\"og:image:type\" content=\"image\/png\" \/>\n<meta name=\"twitter:card\" content=\"summary_large_image\" \/>\n<meta name=\"twitter:label1\" content=\"Est. reading time\" \/>\n\t<meta name=\"twitter:data1\" content=\"1 minute\" \/>\n<script type=\"application\/ld+json\" class=\"yoast-schema-graph\">{\"@context\":\"https:\\\/\\\/schema.org\",\"@graph\":[{\"@type\":\"WebPage\",\"@id\":\"https:\\\/\\\/www.exatron.com.br\\\/produtos\\\/pote-grande-de-tomada-multipla-te-2p-t-10a-250v\\\/\",\"url\":\"https:\\\/\\\/www.exatron.com.br\\\/produtos\\\/pote-grande-de-tomada-multipla-te-2p-t-10a-250v\\\/\",\"name\":\"Pote Grande de Tomada M\u00faltipla T 2P+T 10A\\\/250V - EXATRON\",\"isPartOf\":{\"@id\":\"https:\\\/\\\/www.exatron.com.br\\\/#website\"},\"primaryImageOfPage\":{\"@id\":\"https:\\\/\\\/www.exatron.com.br\\\/produtos\\\/pote-grande-de-tomada-multipla-te-2p-t-10a-250v\\\/#primaryimage\"},\"image\":{\"@id\":\"https:\\\/\\\/www.exatron.com.br\\\/produtos\\\/pote-grande-de-tomada-multipla-te-2p-t-10a-250v\\\/#primaryimage\"},\"thumbnailUrl\":\"https:\\\/\\\/www.exatron.com.br\\\/wp-content\\\/uploads\\\/2025\\\/12\\\/b6obupsj9168yldtekx8o3m9r8surjhlhyhcgwvo.png\",\"datePublished\":\"2025-12-08T15:08:42+00:00\",\"dateModified\":\"2026-04-24T12:26:31+00:00\",\"description\":\"Pote de Tomada M\u00faltipla Te (LEPA4005 PG): 18 tomadas m\u00faltiplas Te 2P+T 10A\\\/250V, para conectar m\u00faltiplos aparelhos eletr\u00f4nicos.\",\"breadcrumb\":{\"@id\":\"https:\\\/\\\/www.exatron.com.br\\\/produtos\\\/pote-grande-de-tomada-multipla-te-2p-t-10a-250v\\\/#breadcrumb\"},\"inLanguage\":\"en-US\",\"potentialAction\":[{\"@type\":\"ReadAction\",\"target\":[\"https:\\\/\\\/www.exatron.com.br\\\/produtos\\\/pote-grande-de-tomada-multipla-te-2p-t-10a-250v\\\/\"]}]},{\"@type\":\"ImageObject\",\"inLanguage\":\"en-US\",\"@id\":\"https:\\\/\\\/www.exatron.com.br\\\/produtos\\\/pote-grande-de-tomada-multipla-te-2p-t-10a-250v\\\/#primaryimage\",\"url\":\"https:\\\/\\\/www.exatron.com.br\\\/wp-content\\\/uploads\\\/2025\\\/12\\\/b6obupsj9168yldtekx8o3m9r8surjhlhyhcgwvo.png\",\"contentUrl\":\"https:\\\/\\\/www.exatron.com.br\\\/wp-content\\\/uploads\\\/2025\\\/12\\\/b6obupsj9168yldtekx8o3m9r8surjhlhyhcgwvo.png\",\"width\":1080,\"height\":1080,\"caption\":\"B6obupsj9168yldtekx8o3m9r8surjhlhyhcgwvo\"},{\"@type\":\"BreadcrumbList\",\"@id\":\"https:\\\/\\\/www.exatron.com.br\\\/produtos\\\/pote-grande-de-tomada-multipla-te-2p-t-10a-250v\\\/#breadcrumb\",\"itemListElement\":[{\"@type\":\"ListItem\",\"position\":1,\"name\":\"In\u00edcio\",\"item\":\"https:\\\/\\\/www.exatron.com.br\\\/\"},{\"@type\":\"ListItem\",\"position\":2,\"name\":\"Loja\",\"item\":\"https:\\\/\\\/www.exatron.com.br\\\/loja\\\/\"},{\"@type\":\"ListItem\",\"position\":3,\"name\":\"Pote Grande de Tomada M\u00faltipla T 2P+T 10A\\\/250V\"}]},{\"@type\":\"WebSite\",\"@id\":\"https:\\\/\\\/www.exatron.com.br\\\/#website\",\"url\":\"https:\\\/\\\/www.exatron.com.br\\\/\",\"name\":\"EXATRON\",\"description\":\"\",\"publisher\":{\"@id\":\"https:\\\/\\\/www.exatron.com.br\\\/#organization\"},\"potentialAction\":[{\"@type\":\"SearchAction\",\"target\":{\"@type\":\"EntryPoint\",\"urlTemplate\":\"https:\\\/\\\/www.exatron.com.br\\\/?s={search_term_string}\"},\"query-input\":{\"@type\":\"PropertyValueSpecification\",\"valueRequired\":true,\"valueName\":\"search_term_string\"}}],\"inLanguage\":\"en-US\"},{\"@type\":\"Organization\",\"@id\":\"https:\\\/\\\/www.exatron.com.br\\\/#organization\",\"name\":\"EXATRON\",\"url\":\"https:\\\/\\\/www.exatron.com.br\\\/\",\"logo\":{\"@type\":\"ImageObject\",\"inLanguage\":\"en-US\",\"@id\":\"https:\\\/\\\/www.exatron.com.br\\\/#\\\/schema\\\/logo\\\/image\\\/\",\"url\":\"https:\\\/\\\/www.exatron.com.br\\\/wp-content\\\/uploads\\\/2024\\\/11\\\/default-kit.png\",\"contentUrl\":\"https:\\\/\\\/www.exatron.com.br\\\/wp-content\\\/uploads\\\/2024\\\/11\\\/default-kit.png\",\"width\":956,\"height\":192,\"caption\":\"EXATRON\"},\"image\":{\"@id\":\"https:\\\/\\\/www.exatron.com.br\\\/#\\\/schema\\\/logo\\\/image\\\/\"}}]}<\/script>\n<!-- \/ Yoast SEO plugin. -->","yoast_head_json":{"title":"Pote Grande de Tomada M\u00faltipla T 2P+T 10A\/250V - EXATRON","description":"Pote de Tomada M\u00faltipla Te (LEPA4005 PG): 18 tomadas m\u00faltiplas Te 2P+T 10A\/250V, para conectar m\u00faltiplos aparelhos eletr\u00f4nicos.","robots":{"index":"index","follow":"follow","max-snippet":"max-snippet:-1","max-image-preview":"max-image-preview:large","max-video-preview":"max-video-preview:-1"},"canonical":"https:\/\/www.exatron.com.br\/en\/produtos\/pote-grande-de-tomada-multipla-te-2p-t-10a-250v\/","og_locale":"en_US","og_type":"article","og_title":"Pote Grande de Tomada M\u00faltipla T 2P+T 10A\/250V - EXATRON","og_description":"Pote de Tomada M\u00faltipla Te (LEPA4005 PG): 18 tomadas m\u00faltiplas Te 2P+T 10A\/250V, para conectar m\u00faltiplos aparelhos eletr\u00f4nicos.","og_url":"https:\/\/www.exatron.com.br\/en\/produtos\/pote-grande-de-tomada-multipla-te-2p-t-10a-250v\/","og_site_name":"EXATRON","article_modified_time":"2026-04-24T12:26:31+00:00","og_image":[{"width":1080,"height":1080,"url":"https:\/\/www.exatron.com.br\/wp-content\/uploads\/2025\/12\/b6obupsj9168yldtekx8o3m9r8surjhlhyhcgwvo.png","type":"image\/png"}],"twitter_card":"summary_large_image","twitter_misc":{"Est. reading time":"1 minute"},"schema":{"@context":"https:\/\/schema.org","@graph":[{"@type":"WebPage","@id":"https:\/\/www.exatron.com.br\/produtos\/pote-grande-de-tomada-multipla-te-2p-t-10a-250v\/","url":"https:\/\/www.exatron.com.br\/produtos\/pote-grande-de-tomada-multipla-te-2p-t-10a-250v\/","name":"Pote Grande de Tomada M\u00faltipla T 2P+T 10A\/250V - EXATRON","isPartOf":{"@id":"https:\/\/www.exatron.com.br\/#website"},"primaryImageOfPage":{"@id":"https:\/\/www.exatron.com.br\/produtos\/pote-grande-de-tomada-multipla-te-2p-t-10a-250v\/#primaryimage"},"image":{"@id":"https:\/\/www.exatron.com.br\/produtos\/pote-grande-de-tomada-multipla-te-2p-t-10a-250v\/#primaryimage"},"thumbnailUrl":"https:\/\/www.exatron.com.br\/wp-content\/uploads\/2025\/12\/b6obupsj9168yldtekx8o3m9r8surjhlhyhcgwvo.png","datePublished":"2025-12-08T15:08:42+00:00","dateModified":"2026-04-24T12:26:31+00:00","description":"Pote de Tomada M\u00faltipla Te (LEPA4005 PG): 18 tomadas m\u00faltiplas Te 2P+T 10A\/250V, para conectar m\u00faltiplos aparelhos eletr\u00f4nicos.","breadcrumb":{"@id":"https:\/\/www.exatron.com.br\/produtos\/pote-grande-de-tomada-multipla-te-2p-t-10a-250v\/#breadcrumb"},"inLanguage":"en-US","potentialAction":[{"@type":"ReadAction","target":["https:\/\/www.exatron.com.br\/produtos\/pote-grande-de-tomada-multipla-te-2p-t-10a-250v\/"]}]},{"@type":"ImageObject","inLanguage":"en-US","@id":"https:\/\/www.exatron.com.br\/produtos\/pote-grande-de-tomada-multipla-te-2p-t-10a-250v\/#primaryimage","url":"https:\/\/www.exatron.com.br\/wp-content\/uploads\/2025\/12\/b6obupsj9168yldtekx8o3m9r8surjhlhyhcgwvo.png","contentUrl":"https:\/\/www.exatron.com.br\/wp-content\/uploads\/2025\/12\/b6obupsj9168yldtekx8o3m9r8surjhlhyhcgwvo.png","width":1080,"height":1080,"caption":"B6obupsj9168yldtekx8o3m9r8surjhlhyhcgwvo"},{"@type":"BreadcrumbList","@id":"https:\/\/www.exatron.com.br\/produtos\/pote-grande-de-tomada-multipla-te-2p-t-10a-250v\/#breadcrumb","itemListElement":[{"@type":"ListItem","position":1,"name":"In\u00edcio","item":"https:\/\/www.exatron.com.br\/"},{"@type":"ListItem","position":2,"name":"Loja","item":"https:\/\/www.exatron.com.br\/loja\/"},{"@type":"ListItem","position":3,"name":"Pote Grande de Tomada M\u00faltipla T 2P+T 10A\/250V"}]},{"@type":"WebSite","@id":"https:\/\/www.exatron.com.br\/#website","url":"https:\/\/www.exatron.com.br\/","name":"EXATRON","description":"","publisher":{"@id":"https:\/\/www.exatron.com.br\/#organization"},"potentialAction":[{"@type":"SearchAction","target":{"@type":"EntryPoint","urlTemplate":"https:\/\/www.exatron.com.br\/?s={search_term_string}"},"query-input":{"@type":"PropertyValueSpecification","valueRequired":true,"valueName":"search_term_string"}}],"inLanguage":"en-US"},{"@type":"Organization","@id":"https:\/\/www.exatron.com.br\/#organization","name":"EXATRON","url":"https:\/\/www.exatron.com.br\/","logo":{"@type":"ImageObject","inLanguage":"en-US","@id":"https:\/\/www.exatron.com.br\/#\/schema\/logo\/image\/","url":"https:\/\/www.exatron.com.br\/wp-content\/uploads\/2024\/11\/default-kit.png","contentUrl":"https:\/\/www.exatron.com.br\/wp-content\/uploads\/2024\/11\/default-kit.png","width":956,"height":192,"caption":"EXATRON"},"image":{"@id":"https:\/\/www.exatron.com.br\/#\/schema\/logo\/image\/"}}]}},"_links":{"self":[{"href":"https:\/\/www.exatron.com.br\/en\/wp-json\/wp\/v2\/product\/10655","targetHints":{"allow":["GET"]}}],"collection":[{"href":"https:\/\/www.exatron.com.br\/en\/wp-json\/wp\/v2\/product"}],"about":[{"href":"https:\/\/www.exatron.com.br\/en\/wp-json\/wp\/v2\/types\/product"}],"replies":[{"embeddable":true,"href":"https:\/\/www.exatron.com.br\/en\/wp-json\/wp\/v2\/comments?post=10655"}],"wp:featuredmedia":[{"embeddable":true,"href":"https:\/\/www.exatron.com.br\/en\/wp-json\/wp\/v2\/media\/10212"}],"wp:attachment":[{"href":"https:\/\/www.exatron.com.br\/en\/wp-json\/wp\/v2\/media?parent=10655"}],"wp:term":[{"taxonomy":"aplicacao","embeddable":true,"href":"https:\/\/www.exatron.com.br\/en\/wp-json\/wp\/v2\/aplicacao?post=10655"},{"taxonomy":"product_brand","embeddable":true,"href":"https:\/\/www.exatron.com.br\/en\/wp-json\/wp\/v2\/product_brand?post=10655"},{"taxonomy":"product_cat","embeddable":true,"href":"https:\/\/www.exatron.com.br\/en\/wp-json\/wp\/v2\/product_cat?post=10655"},{"taxonomy":"product_tag","embeddable":true,"href":"https:\/\/www.exatron.com.br\/en\/wp-json\/wp\/v2\/product_tag?post=10655"}],"curies":[{"name":"wp","href":"https:\/\/api.w.org\/{rel}","templated":true}]}}