{"id":10665,"date":"2025-12-08T15:08:43","date_gmt":"2025-12-08T15:08:43","guid":{"rendered":""},"modified":"2026-04-16T10:24:47","modified_gmt":"2026-04-16T13:24:47","slug":"sensor-de-presenca-soquete-e27-plafon-smartxcontrol","status":"publish","type":"product","link":"https:\/\/www.exatron.com.br\/en\/produtos\/sensor-de-presenca-soquete-e27-plafon-smartxcontrol\/","title":{"rendered":"Sensor de Presen\u00e7a Soquete E27 Plafon Smart X-Control"},"content":{"rendered":"<h3>Technical Specifications<\/h3>\n<p>\u2022 Tens\u00e3o de alimenta\u00e7\u00e3o: 100-240V ~50\/60Hz.<\/p>\n<p>\u2022 Consumo \/ Pot\u00eancia: &lt;1W<\/p>\n<p>\u2022 Sensor de movimento:<\/p>\n<p>&#8211; Condi\u00e7\u00f5es de instala\u00e7\u00e3o: altura de 2,4m do ch\u00e3o.<\/p>\n<p>&#8211; Di\u00e2metro de cobertura do sensor: 7 metros, para movimentos perpendiculares ao sensor.<\/p>\n<p>&#8211; Quando o deslocamento \u00e9 feito de encontro ao sensor, sua sensibilidade ser\u00e1 reduzida, o di\u00e2metro passa a ser cerca de 4 metros.<\/p>\n<p>&#8211; \u00a0O sensor funciona baseado em detec\u00e7\u00e3o de movimento de fontes de calor, portanto dever\u00e1 haver uma diferen\u00e7a de pelo menos 3\u00b0C entre o objeto em movimento e o ambiente.<\/p>\n<p>&#8211; As dist\u00e2ncias informadas s\u00e3o referentes ao ambiente com temperatura de 25\u00b0C.<\/p>\n<p>&#8211; \u00c2ngulo de cobertura: 328\u00b0(2&#215;164\u00b0).<\/p>\n<p>\u2022 Ajuste de tempo:<\/p>\n<p>&#8211; Segundos: 1,2,3,4,5,10,15,30,45<\/p>\n<p>&#8211; Minutos: 1,2,3,4,5,10,15,20,25,30,40,50<\/p>\n<p>&#8211; Horas: 1, 1:30, 2, 2:30, 3, 3:30, 4<\/p>\n<p>\u2022 Fotoc\u00e9lula, permite ligar a carga somente no escuro:<\/p>\n<p>&#8211; \u00a0Desabilitado.<\/p>\n<p>&#8211;\u00a0 Habilitado (30 n\u00edveis de ajuste).<\/p>\n<p>&#8211; Auto-Lux (ajuste do n\u00edvel em tempo real, o usu\u00e1rio envia um comando ao produto quando o ambiente est\u00e1 com ilumina\u00e7\u00e3o desejada para que a carga ligue, o sensor adotar\u00e1 esta luminosidade como n\u00edvel para<\/p>\n<p>\u2022 Controle do LED, permite habilitar ou desabilitar o LED do produto:<\/p>\n<p>&#8211; Quando desabilitado, o LED do produto n\u00e3o ir\u00e1 piscar o LED ao detectar movimento.<\/p>\n<p>&#8211; Quando habilitado, o LED do produto ir\u00e1 piscar o LED ao detectar movimento.<\/p>\n<p>\u2022 Ajuste de sensibilidade do sensor de movimento: 8 n\u00edveis.<\/p>\n<p>\u2022 Possui LED indicador de funcionamento: led pisca a cada detec\u00e7\u00e3o por 0,5s.<\/p>\n<p>\u2022 Detecta a movimenta\u00e7\u00e3o de fontes de calor (pessoas, carros, etc.) deve estar no m\u00ednimo \u00e0 3\u00b0C de diferen\u00e7a em rela\u00e7\u00e3o \u00e0 temperatura do meio ambiente onde o sensor est\u00e1 instalado.<\/p>\n<p>\u2022\u00a0A pot\u00eancia m\u00e1xima de acionamento n\u00e3o deve ser somada em instala\u00e7\u00f5es em paralelo.<\/p>\n<p>\u2022 Temperatura de opera\u00e7\u00e3o: -5\u00b0C a 40\u00b0C.<\/p>\n<p>\u2022\u00a0Tabela de cargas:<\/p>\n<figure class=\"table\">\n<table>\n<tbody>\n<tr>\n<td><strong>Voltage \u00a0 \u00a0\u00a0<\/strong><\/td>\n<td><strong>Halogen \u00a0 \u00a0\u00a0<\/strong><\/td>\n<td><strong>Electronics\/LED<\/strong><\/td>\n<\/tr>\n<tr>\n<td>220Vac<\/td>\n<td>60W<\/td>\n<td>60W<\/td>\n<\/tr>\n<tr>\n<td>127Vac<\/td>\n<td>60W<\/td>\n<td>60W<\/td>\n<\/tr>\n<\/tbody>\n<\/table>\n<\/figure>\n<p>\u2022 Utiliza\u00e7\u00e3o em ambientes internos e externos.<\/p>\n<p><strong>ATEN\u00c7\u00c3O:<\/strong> A utiliza\u00e7\u00e3o em ambientes externos deve estar protegida contra intemp\u00e9ries (chuva e luz do sol) e recomenda-se a regulagem de sensibilidade em m\u00ednima para evitar disparos acionados por correntes de ar.<\/p>\n<p>\u2022 Amigo da L\u00e2mpada: sistema de acionamento da carga com baixa tens\u00e3o el\u00e9trica &lt;50V, aumentando a vida \u00fatil do conjunto (l\u00e2mpadas, reator e sensor) exclusivo Exatron.<\/p>\n<p>\u2022 <strong>Garantia:<\/strong> 02 anos.<\/p>","protected":false},"excerpt":{"rendered":"<p>O Sensor de Presen\u00e7a Soquete E27 \u00e9 um comando inteligente que se destina ao acionamento temporizado de cargas.<\/p>\n<p>Detecta a movimenta\u00e7\u00e3o de fontes de calor, como pessoas, atrav\u00e9s de um sensor infravermelho, acionando a carga e desligando-a ap\u00f3s a aus\u00eancia de movimento, de acordo com o tempo programado.<\/p>\n<p>\u00c9 ideal para o controle de ilumina\u00e7\u00e3o de garagens, estacionamento, sacadas, varandas, quiosques, corredores, escadarias e outros ambientes internos e externos de resid\u00eancias e\/ou comerciais.<\/p>","protected":false},"featured_media":14411,"comment_status":"open","ping_status":"closed","template":"","meta":{"_acf_changed":false,"_joinchat":[]},"aplicacao":[267],"product_brand":[],"product_cat":[326,381,379],"product_tag":[625,780,790,779],"class_list":{"0":"post-10665","1":"product","2":"type-product","3":"status-publish","4":"has-post-thumbnail","6":"aplicacao-iluminacao-interna-sensores-de-presenca","7":"product_cat-sensores-de-presenca-para-iluminacao","8":"product_cat-smart-x-control","9":"product_cat-teto","10":"product_tag-sensor-de-presenca","11":"product_tag-sensor-e27","12":"product_tag-sensor-plafon","13":"product_tag-sensor-soquete","15":"first","16":"instock","17":"shipping-taxable","18":"purchasable","19":"product-type-simple"},"acf":[],"yoast_head":"<!-- This site is optimized with the Yoast SEO plugin v27.3 - https:\/\/yoast.com\/product\/yoast-seo-wordpress\/ -->\n<title>Sensor de Presen\u00e7a Soquete E27 Plafon Smart X-Control - EXATRON<\/title>\n<meta name=\"description\" content=\"Sensor E27 inteligente com ajuste de tempo e fotoc\u00e9lula, ideal para garagens e corredores. Efici\u00eancia energ\u00e9tica e maior vida \u00fatil das l\u00e2mpadas.\" \/>\n<meta name=\"robots\" content=\"index, follow, max-snippet:-1, max-image-preview:large, max-video-preview:-1\" \/>\n<link rel=\"canonical\" href=\"https:\/\/www.exatron.com.br\/en\/produtos\/sensor-de-presenca-soquete-e27-plafon-smartxcontrol\/\" \/>\n<meta property=\"og:locale\" content=\"en_US\" \/>\n<meta property=\"og:type\" content=\"article\" \/>\n<meta property=\"og:title\" content=\"Sensor de Presen\u00e7a Soquete E27 Plafon Smart X-Control - EXATRON\" \/>\n<meta property=\"og:description\" content=\"Sensor E27 inteligente com ajuste de tempo e fotoc\u00e9lula, ideal para garagens e corredores. Efici\u00eancia energ\u00e9tica e maior vida \u00fatil das l\u00e2mpadas.\" \/>\n<meta property=\"og:url\" content=\"https:\/\/www.exatron.com.br\/en\/produtos\/sensor-de-presenca-soquete-e27-plafon-smartxcontrol\/\" \/>\n<meta property=\"og:site_name\" content=\"EXATRON\" \/>\n<meta property=\"article:modified_time\" content=\"2026-04-16T13:24:47+00:00\" \/>\n<meta property=\"og:image\" content=\"https:\/\/www.exatron.com.br\/wp-content\/uploads\/lest4005xc_1.png\" \/>\n\t<meta property=\"og:image:width\" content=\"1000\" \/>\n\t<meta property=\"og:image:height\" content=\"1000\" \/>\n\t<meta property=\"og:image:type\" content=\"image\/png\" \/>\n<meta name=\"twitter:card\" content=\"summary_large_image\" \/>\n<meta name=\"twitter:label1\" content=\"Est. reading time\" \/>\n\t<meta name=\"twitter:data1\" content=\"3 minutes\" \/>\n<script type=\"application\/ld+json\" class=\"yoast-schema-graph\">{\"@context\":\"https:\\\/\\\/schema.org\",\"@graph\":[{\"@type\":\"WebPage\",\"@id\":\"https:\\\/\\\/www.exatron.com.br\\\/produtos\\\/sensor-de-presenca-soquete-e27-plafon-smartxcontrol\\\/\",\"url\":\"https:\\\/\\\/www.exatron.com.br\\\/produtos\\\/sensor-de-presenca-soquete-e27-plafon-smartxcontrol\\\/\",\"name\":\"Sensor de Presen\u00e7a Soquete E27 Plafon Smart X-Control - EXATRON\",\"isPartOf\":{\"@id\":\"https:\\\/\\\/www.exatron.com.br\\\/#website\"},\"primaryImageOfPage\":{\"@id\":\"https:\\\/\\\/www.exatron.com.br\\\/produtos\\\/sensor-de-presenca-soquete-e27-plafon-smartxcontrol\\\/#primaryimage\"},\"image\":{\"@id\":\"https:\\\/\\\/www.exatron.com.br\\\/produtos\\\/sensor-de-presenca-soquete-e27-plafon-smartxcontrol\\\/#primaryimage\"},\"thumbnailUrl\":\"https:\\\/\\\/www.exatron.com.br\\\/wp-content\\\/uploads\\\/lest4005xc_1.png\",\"datePublished\":\"2025-12-08T15:08:43+00:00\",\"dateModified\":\"2026-04-16T13:24:47+00:00\",\"description\":\"Sensor E27 inteligente com ajuste de tempo e fotoc\u00e9lula, ideal para garagens e corredores. Efici\u00eancia energ\u00e9tica e maior vida \u00fatil das l\u00e2mpadas.\",\"breadcrumb\":{\"@id\":\"https:\\\/\\\/www.exatron.com.br\\\/produtos\\\/sensor-de-presenca-soquete-e27-plafon-smartxcontrol\\\/#breadcrumb\"},\"inLanguage\":\"en-US\",\"potentialAction\":[{\"@type\":\"ReadAction\",\"target\":[\"https:\\\/\\\/www.exatron.com.br\\\/produtos\\\/sensor-de-presenca-soquete-e27-plafon-smartxcontrol\\\/\"]}]},{\"@type\":\"ImageObject\",\"inLanguage\":\"en-US\",\"@id\":\"https:\\\/\\\/www.exatron.com.br\\\/produtos\\\/sensor-de-presenca-soquete-e27-plafon-smartxcontrol\\\/#primaryimage\",\"url\":\"https:\\\/\\\/www.exatron.com.br\\\/wp-content\\\/uploads\\\/lest4005xc_1.png\",\"contentUrl\":\"https:\\\/\\\/www.exatron.com.br\\\/wp-content\\\/uploads\\\/lest4005xc_1.png\",\"width\":1000,\"height\":1000,\"caption\":\"Sensor de Presen\u00e7a Soquete E27 Plafon Smart X-Control - Vista superior\"},{\"@type\":\"BreadcrumbList\",\"@id\":\"https:\\\/\\\/www.exatron.com.br\\\/produtos\\\/sensor-de-presenca-soquete-e27-plafon-smartxcontrol\\\/#breadcrumb\",\"itemListElement\":[{\"@type\":\"ListItem\",\"position\":1,\"name\":\"In\u00edcio\",\"item\":\"https:\\\/\\\/www.exatron.com.br\\\/\"},{\"@type\":\"ListItem\",\"position\":2,\"name\":\"Loja\",\"item\":\"https:\\\/\\\/www.exatron.com.br\\\/loja\\\/\"},{\"@type\":\"ListItem\",\"position\":3,\"name\":\"Sensor de Presen\u00e7a Soquete E27 Plafon Smart X-Control\"}]},{\"@type\":\"WebSite\",\"@id\":\"https:\\\/\\\/www.exatron.com.br\\\/#website\",\"url\":\"https:\\\/\\\/www.exatron.com.br\\\/\",\"name\":\"EXATRON\",\"description\":\"\",\"publisher\":{\"@id\":\"https:\\\/\\\/www.exatron.com.br\\\/#organization\"},\"potentialAction\":[{\"@type\":\"SearchAction\",\"target\":{\"@type\":\"EntryPoint\",\"urlTemplate\":\"https:\\\/\\\/www.exatron.com.br\\\/?s={search_term_string}\"},\"query-input\":{\"@type\":\"PropertyValueSpecification\",\"valueRequired\":true,\"valueName\":\"search_term_string\"}}],\"inLanguage\":\"en-US\"},{\"@type\":\"Organization\",\"@id\":\"https:\\\/\\\/www.exatron.com.br\\\/#organization\",\"name\":\"EXATRON\",\"url\":\"https:\\\/\\\/www.exatron.com.br\\\/\",\"logo\":{\"@type\":\"ImageObject\",\"inLanguage\":\"en-US\",\"@id\":\"https:\\\/\\\/www.exatron.com.br\\\/#\\\/schema\\\/logo\\\/image\\\/\",\"url\":\"https:\\\/\\\/www.exatron.com.br\\\/wp-content\\\/uploads\\\/2024\\\/11\\\/default-kit.png\",\"contentUrl\":\"https:\\\/\\\/www.exatron.com.br\\\/wp-content\\\/uploads\\\/2024\\\/11\\\/default-kit.png\",\"width\":956,\"height\":192,\"caption\":\"EXATRON\"},\"image\":{\"@id\":\"https:\\\/\\\/www.exatron.com.br\\\/#\\\/schema\\\/logo\\\/image\\\/\"}}]}<\/script>\n<!-- \/ Yoast SEO plugin. -->","yoast_head_json":{"title":"Sensor de Presen\u00e7a Soquete E27 Plafon Smart X-Control - EXATRON","description":"Sensor E27 inteligente com ajuste de tempo e fotoc\u00e9lula, ideal para garagens e corredores. Efici\u00eancia energ\u00e9tica e maior vida \u00fatil das l\u00e2mpadas.","robots":{"index":"index","follow":"follow","max-snippet":"max-snippet:-1","max-image-preview":"max-image-preview:large","max-video-preview":"max-video-preview:-1"},"canonical":"https:\/\/www.exatron.com.br\/en\/produtos\/sensor-de-presenca-soquete-e27-plafon-smartxcontrol\/","og_locale":"en_US","og_type":"article","og_title":"Sensor de Presen\u00e7a Soquete E27 Plafon Smart X-Control - EXATRON","og_description":"Sensor E27 inteligente com ajuste de tempo e fotoc\u00e9lula, ideal para garagens e corredores. Efici\u00eancia energ\u00e9tica e maior vida \u00fatil das l\u00e2mpadas.","og_url":"https:\/\/www.exatron.com.br\/en\/produtos\/sensor-de-presenca-soquete-e27-plafon-smartxcontrol\/","og_site_name":"EXATRON","article_modified_time":"2026-04-16T13:24:47+00:00","og_image":[{"width":1000,"height":1000,"url":"https:\/\/www.exatron.com.br\/wp-content\/uploads\/lest4005xc_1.png","type":"image\/png"}],"twitter_card":"summary_large_image","twitter_misc":{"Est. reading time":"3 minutes"},"schema":{"@context":"https:\/\/schema.org","@graph":[{"@type":"WebPage","@id":"https:\/\/www.exatron.com.br\/produtos\/sensor-de-presenca-soquete-e27-plafon-smartxcontrol\/","url":"https:\/\/www.exatron.com.br\/produtos\/sensor-de-presenca-soquete-e27-plafon-smartxcontrol\/","name":"Sensor de Presen\u00e7a Soquete E27 Plafon Smart X-Control - EXATRON","isPartOf":{"@id":"https:\/\/www.exatron.com.br\/#website"},"primaryImageOfPage":{"@id":"https:\/\/www.exatron.com.br\/produtos\/sensor-de-presenca-soquete-e27-plafon-smartxcontrol\/#primaryimage"},"image":{"@id":"https:\/\/www.exatron.com.br\/produtos\/sensor-de-presenca-soquete-e27-plafon-smartxcontrol\/#primaryimage"},"thumbnailUrl":"https:\/\/www.exatron.com.br\/wp-content\/uploads\/lest4005xc_1.png","datePublished":"2025-12-08T15:08:43+00:00","dateModified":"2026-04-16T13:24:47+00:00","description":"Sensor E27 inteligente com ajuste de tempo e fotoc\u00e9lula, ideal para garagens e corredores. Efici\u00eancia energ\u00e9tica e maior vida \u00fatil das l\u00e2mpadas.","breadcrumb":{"@id":"https:\/\/www.exatron.com.br\/produtos\/sensor-de-presenca-soquete-e27-plafon-smartxcontrol\/#breadcrumb"},"inLanguage":"en-US","potentialAction":[{"@type":"ReadAction","target":["https:\/\/www.exatron.com.br\/produtos\/sensor-de-presenca-soquete-e27-plafon-smartxcontrol\/"]}]},{"@type":"ImageObject","inLanguage":"en-US","@id":"https:\/\/www.exatron.com.br\/produtos\/sensor-de-presenca-soquete-e27-plafon-smartxcontrol\/#primaryimage","url":"https:\/\/www.exatron.com.br\/wp-content\/uploads\/lest4005xc_1.png","contentUrl":"https:\/\/www.exatron.com.br\/wp-content\/uploads\/lest4005xc_1.png","width":1000,"height":1000,"caption":"Sensor de Presen\u00e7a Soquete E27 Plafon Smart X-Control - Vista superior"},{"@type":"BreadcrumbList","@id":"https:\/\/www.exatron.com.br\/produtos\/sensor-de-presenca-soquete-e27-plafon-smartxcontrol\/#breadcrumb","itemListElement":[{"@type":"ListItem","position":1,"name":"In\u00edcio","item":"https:\/\/www.exatron.com.br\/"},{"@type":"ListItem","position":2,"name":"Loja","item":"https:\/\/www.exatron.com.br\/loja\/"},{"@type":"ListItem","position":3,"name":"Sensor de Presen\u00e7a Soquete E27 Plafon Smart X-Control"}]},{"@type":"WebSite","@id":"https:\/\/www.exatron.com.br\/#website","url":"https:\/\/www.exatron.com.br\/","name":"EXATRON","description":"","publisher":{"@id":"https:\/\/www.exatron.com.br\/#organization"},"potentialAction":[{"@type":"SearchAction","target":{"@type":"EntryPoint","urlTemplate":"https:\/\/www.exatron.com.br\/?s={search_term_string}"},"query-input":{"@type":"PropertyValueSpecification","valueRequired":true,"valueName":"search_term_string"}}],"inLanguage":"en-US"},{"@type":"Organization","@id":"https:\/\/www.exatron.com.br\/#organization","name":"EXATRON","url":"https:\/\/www.exatron.com.br\/","logo":{"@type":"ImageObject","inLanguage":"en-US","@id":"https:\/\/www.exatron.com.br\/#\/schema\/logo\/image\/","url":"https:\/\/www.exatron.com.br\/wp-content\/uploads\/2024\/11\/default-kit.png","contentUrl":"https:\/\/www.exatron.com.br\/wp-content\/uploads\/2024\/11\/default-kit.png","width":956,"height":192,"caption":"EXATRON"},"image":{"@id":"https:\/\/www.exatron.com.br\/#\/schema\/logo\/image\/"}}]}},"_links":{"self":[{"href":"https:\/\/www.exatron.com.br\/en\/wp-json\/wp\/v2\/product\/10665","targetHints":{"allow":["GET"]}}],"collection":[{"href":"https:\/\/www.exatron.com.br\/en\/wp-json\/wp\/v2\/product"}],"about":[{"href":"https:\/\/www.exatron.com.br\/en\/wp-json\/wp\/v2\/types\/product"}],"replies":[{"embeddable":true,"href":"https:\/\/www.exatron.com.br\/en\/wp-json\/wp\/v2\/comments?post=10665"}],"wp:featuredmedia":[{"embeddable":true,"href":"https:\/\/www.exatron.com.br\/en\/wp-json\/wp\/v2\/media\/14411"}],"wp:attachment":[{"href":"https:\/\/www.exatron.com.br\/en\/wp-json\/wp\/v2\/media?parent=10665"}],"wp:term":[{"taxonomy":"aplicacao","embeddable":true,"href":"https:\/\/www.exatron.com.br\/en\/wp-json\/wp\/v2\/aplicacao?post=10665"},{"taxonomy":"product_brand","embeddable":true,"href":"https:\/\/www.exatron.com.br\/en\/wp-json\/wp\/v2\/product_brand?post=10665"},{"taxonomy":"product_cat","embeddable":true,"href":"https:\/\/www.exatron.com.br\/en\/wp-json\/wp\/v2\/product_cat?post=10665"},{"taxonomy":"product_tag","embeddable":true,"href":"https:\/\/www.exatron.com.br\/en\/wp-json\/wp\/v2\/product_tag?post=10665"}],"curies":[{"name":"wp","href":"https:\/\/api.w.org\/{rel}","templated":true}]}}