{"id":10672,"date":"2025-12-08T15:08:44","date_gmt":"2025-12-08T15:08:44","guid":{"rendered":""},"modified":"2026-04-23T16:11:35","modified_gmt":"2026-04-23T19:11:35","slug":"dispositivos-de-protecao-contra-surtos-compacto-classe-ii-para-motores-dps","status":"publish","type":"product","link":"https:\/\/www.exatron.com.br\/en\/produtos\/dispositivos-de-protecao-contra-surtos-compacto-classe-ii-para-motores-dps\/","title":{"rendered":"DPS Classe II para motores"},"content":{"rendered":"<h3>Technical Specifications<\/h3>\n<p>\u2022 Tecnologia de prote\u00e7\u00e3o: varistor de \u00d3xido;<\/p>\n<p>met\u00e1lico (MOV) e centelhador a G\u00e1s (GDT);<\/p>\n<p>\u2022 Tens\u00e3o nominal de opera\u00e7\u00e3o: 127\/220 Vac &#8211; 50\/60 Hz;<\/p>\n<p>\u2022 Tens\u00e3o m\u00e1xima de opera\u00e7\u00e3o cont\u00ednua (UC): 320 Vac \/ 420 Vcc;<\/p>\n<p>\u2022 Corrente nominal de descarga (IN) @ 8\/20\u03bcs: 3 kA;<\/p>\n<p>\u2022 Corrente m\u00e1xima de descarga (IMAX) @ 8\/20\u03bcs: 4,5 kA;<\/p>\n<p>\u2022 Tens\u00e3o de circuito aberto (UOC) @ 1,2\/50\u03bcs: 6 kV;<\/p>\n<p>\u2022 Impulsos de tens\u00e3o: 6 kV @ 1,2\/50 \u03bcs;<\/p>\n<p>\u2022 N\u00edvel de prote\u00e7\u00e3o de tens\u00e3o (UP): &lt; 1,5 kV;<\/p>\n<p>\u2022 Corrente residual (IPE): &lt; 0,1 mA;<\/p>\n<p>\u2022 Tempo de resposta t\u00edpico: &lt; 100 ns;<\/p>\n<p>\u2022 Classe de prote\u00e7\u00e3o II (IEC 61643-11);<\/p>\n<p>\u2022 Fus\u00edvel backup (recomendado): 16 A (gL\/gG);<\/p>\n<p>\u2022 Temperatura de opera\u00e7\u00e3o: -40 \u00b0C a +85 \u00b0C;<\/p>\n<p>\u2022 Modos de prote\u00e7\u00e3o: Diferencial (L-N) e comum (L-G\/N-G);<\/p>\n<p>\u2022 Sistema de aterramento: TN e TT;<\/p>\n<p>\u2022 Grau de prote\u00e7\u00e3o IP67;<\/p>\n<p>\u2022 Indicador de opera\u00e7\u00e3o: Led, ativo em opera\u00e7\u00e3o;<\/p>\n<p>\u2022 Liga\u00e7\u00e3o em paralelo com a carga;<\/p>\n<p>\u2022 Protegido termicamente;<\/p>\n<p>\u2022 Inv\u00f3lucro em material com caracter\u00edstica de n\u00e3o propaga\u00e7\u00e3o e auto extin\u00e7\u00e3o de fogo;<\/p>\n<p>\u2022 N\u00b0 de condutores protegidos: 02 (dois), 1,5 mm\u00b2;<\/p>\n<p>\u2022 Aten\u00e7\u00e3o: Led indicador desligado significa falta de energia el\u00e9trica ou fus\u00edvel de prote\u00e7\u00e3o t\u00e9rmico aberto (queimado). Em caso de queima, o DPS dever\u00e1 ser substitu\u00eddo;<\/p>\n<p>Observa\u00e7\u00e3o: na utiliza\u00e7\u00e3o em motores de port\u00f5es ou piscinas n\u00e3o substitui o uso de DR e n\u00e3o dispensa aterramento dos motores, atributos importantes para prote\u00e7\u00e3o humana contra choques el\u00e9tricos.<\/p>\n<p>Tabela t\u00e9cnica:<\/p>\n<figure class=\"table\">\n<table>\n<tbody>\n<tr>\n<td><strong>PAR\u00c2METROS<\/strong><\/td>\n<td><\/td>\n<\/tr>\n<tr>\n<td>Classe de prote\u00e7\u00e3o (IEC 61643-11)<\/td>\n<td>II<\/td>\n<\/tr>\n<tr>\n<td>Modos de prote\u00e7\u00e3o<\/td>\n<td>Diferencial (L-N) e Comum (L-G\/N-G)<\/td>\n<\/tr>\n<tr>\n<td>Tecnologia de prote\u00e7\u00e3o<\/td>\n<td>Varistor de \u00d3xido Met\u00e1lico (MOV) e Centelhador a G\u00e1s (GDT)<\/td>\n<\/tr>\n<tr>\n<td>Prote\u00e7\u00e3o t\u00e9rmica do produto<\/td>\n<td>Sim<\/td>\n<\/tr>\n<tr>\n<td>Sistema de aterramento<\/td>\n<td>TN e TT<\/td>\n<\/tr>\n<tr>\n<td>Grau de prote\u00e7\u00e3o IP<\/td>\n<td>IP67<\/td>\n<\/tr>\n<tr>\n<td>Indicador de opera\u00e7\u00e3o<\/td>\n<td>Led, ativo em opera\u00e7\u00e3o<\/td>\n<\/tr>\n<tr>\n<td>N\u00b0 de condutores Protegidos<\/td>\n<td>02 (dois)<\/td>\n<\/tr>\n<tr>\n<td>Conex\u00e3o el\u00e9trica<\/td>\n<td>Por fios de 1,5 mm\u00b2<\/td>\n<\/tr>\n<tr>\n<td>Esquema de liga\u00e7\u00e3o<\/td>\n<td>Em paralelo com a carga<\/td>\n<\/tr>\n<tr>\n<td>Fus\u00edvel backup (recomendado)<\/td>\n<td>16 A (gL\/gG)<\/td>\n<\/tr>\n<tr>\n<td>Temperatura de opera\u00e7\u00e3o<\/td>\n<td>-40 \u00b0C a +85 \u00b0C<\/td>\n<\/tr>\n<tr>\n<td>Tens\u00e3o nominal de opera\u00e7\u00e3o<\/td>\n<td>127\/220 Vac<\/td>\n<\/tr>\n<tr>\n<td rowspan=\"2\">Tens\u00e3o m\u00e1xima de opera\u00e7\u00e3o cont\u00ednua (UC)<\/td>\n<td>320 Vac<\/td>\n<\/tr>\n<tr>\n<td>420 Vcc<\/td>\n<\/tr>\n<tr>\n<td>Corrente nominal de descarga (IN) @ 8\/20\u00b5s<\/td>\n<td>3 kA<\/td>\n<\/tr>\n<tr>\n<td>Corrente m\u00e1xima de descarga (IMAX) @ 8\/20\u00b5s<\/td>\n<td>4,5 kA<\/td>\n<\/tr>\n<tr>\n<td>Tens\u00e3o de circuito aberto (UOC) @ 1,2\/50\u00b5s<\/td>\n<td>6 kV<\/td>\n<\/tr>\n<tr>\n<td>N\u00edvel de prote\u00e7\u00e3o de tens\u00e3o (UP)<\/td>\n<td>&lt; 1,5 kV<\/td>\n<\/tr>\n<tr>\n<td>Corrente residual (IPE)<\/td>\n<td>&lt; 0,1 mA<\/td>\n<\/tr>\n<tr>\n<td>Tempo de resposta t\u00edpico<\/td>\n<td>&lt; 100 ns<\/td>\n<\/tr>\n<\/tbody>\n<\/table>\n<\/figure>\n<h3>Installation<\/h3>\n<figure class=\"image\"><img decoding=\"async\" src=\"https:\/\/www.exatron.com.br\/storage\/editor\/TnlrWgXetgfxqCBdXep0k4yzPaUCMgs6hqnZrRPJ.png\" \/><\/figure>","protected":false},"excerpt":{"rendered":"<p>Dispositivo de Prote\u00e7\u00e3o Contra Surtos Classe II para motores (LLIP3003) \u2013 baseado na tecnologia combinada de Varistor de \u00d3xido Met\u00e1lico (MOV) e Centelhador a G\u00e1s (GDT) proporciona maior vida \u00fatil aos motores de port\u00f5es eletr\u00f4nicos. Projetado para suportar surtos el\u00e9tricos, provocados por descargas atmosf\u00e9ricas e manobras no sistema el\u00e9trico.<\/p>","protected":false},"featured_media":10225,"comment_status":"open","ping_status":"closed","template":"","meta":{"_acf_changed":false,"_joinchat":[]},"aplicacao":[269],"product_brand":[],"product_cat":[314],"product_tag":[967,936,935,962],"class_list":{"0":"post-10672","1":"product","2":"type-product","3":"status-publish","4":"has-post-thumbnail","6":"aplicacao-seguranca-de-rede-eletrica-baixa-tensao","7":"product_cat-dps","8":"product_tag-classeii","9":"product_tag-dispositivo-de-protecao-contra-surtos","10":"product_tag-dps","11":"product_tag-dps-classe-ii","13":"first","14":"instock","15":"shipping-taxable","16":"purchasable","17":"product-type-simple"},"acf":[],"yoast_head":"<!-- This site is optimized with the Yoast SEO plugin v27.3 - https:\/\/yoast.com\/product\/yoast-seo-wordpress\/ -->\n<title>DPS Classe II para motores - EXATRON<\/title>\n<meta name=\"description\" content=\"LLIP3003 Exatron: DPS Classe II para motores de port\u00f5es eletr\u00f4nicos. Protege contra surtos de at\u00e9 4,5 kA, com LED indicador, IP67 e tecnologia MOV + GDT.\" \/>\n<meta name=\"robots\" content=\"index, follow, max-snippet:-1, max-image-preview:large, max-video-preview:-1\" \/>\n<link rel=\"canonical\" href=\"https:\/\/www.exatron.com.br\/en\/produtos\/dispositivos-de-protecao-contra-surtos-compacto-classe-ii-para-motores-dps\/\" \/>\n<meta property=\"og:locale\" content=\"en_US\" \/>\n<meta property=\"og:type\" content=\"article\" \/>\n<meta property=\"og:title\" content=\"DPS Classe II para motores - EXATRON\" \/>\n<meta property=\"og:description\" content=\"LLIP3003 Exatron: DPS Classe II para motores de port\u00f5es eletr\u00f4nicos. Protege contra surtos de at\u00e9 4,5 kA, com LED indicador, IP67 e tecnologia MOV + GDT.\" \/>\n<meta property=\"og:url\" content=\"https:\/\/www.exatron.com.br\/en\/produtos\/dispositivos-de-protecao-contra-surtos-compacto-classe-ii-para-motores-dps\/\" \/>\n<meta property=\"og:site_name\" content=\"EXATRON\" \/>\n<meta property=\"article:modified_time\" content=\"2026-04-23T19:11:35+00:00\" \/>\n<meta property=\"og:image\" content=\"https:\/\/www.exatron.com.br\/wp-content\/uploads\/2025\/12\/rwzyttkiomwakodtuq8hx1gm9rbr0pz3akel8goe.png\" \/>\n\t<meta property=\"og:image:width\" content=\"1080\" \/>\n\t<meta property=\"og:image:height\" content=\"1080\" \/>\n\t<meta property=\"og:image:type\" content=\"image\/png\" \/>\n<meta name=\"twitter:card\" content=\"summary_large_image\" \/>\n<meta name=\"twitter:label1\" content=\"Est. reading time\" \/>\n\t<meta name=\"twitter:data1\" content=\"3 minutes\" \/>\n<script type=\"application\/ld+json\" class=\"yoast-schema-graph\">{\"@context\":\"https:\\\/\\\/schema.org\",\"@graph\":[{\"@type\":\"WebPage\",\"@id\":\"https:\\\/\\\/www.exatron.com.br\\\/produtos\\\/dispositivos-de-protecao-contra-surtos-compacto-classe-ii-para-motores-dps\\\/\",\"url\":\"https:\\\/\\\/www.exatron.com.br\\\/produtos\\\/dispositivos-de-protecao-contra-surtos-compacto-classe-ii-para-motores-dps\\\/\",\"name\":\"DPS Classe II para motores - EXATRON\",\"isPartOf\":{\"@id\":\"https:\\\/\\\/www.exatron.com.br\\\/#website\"},\"primaryImageOfPage\":{\"@id\":\"https:\\\/\\\/www.exatron.com.br\\\/produtos\\\/dispositivos-de-protecao-contra-surtos-compacto-classe-ii-para-motores-dps\\\/#primaryimage\"},\"image\":{\"@id\":\"https:\\\/\\\/www.exatron.com.br\\\/produtos\\\/dispositivos-de-protecao-contra-surtos-compacto-classe-ii-para-motores-dps\\\/#primaryimage\"},\"thumbnailUrl\":\"https:\\\/\\\/www.exatron.com.br\\\/wp-content\\\/uploads\\\/2025\\\/12\\\/rwzyttkiomwakodtuq8hx1gm9rbr0pz3akel8goe.png\",\"datePublished\":\"2025-12-08T15:08:44+00:00\",\"dateModified\":\"2026-04-23T19:11:35+00:00\",\"description\":\"LLIP3003 Exatron: DPS Classe II para motores de port\u00f5es eletr\u00f4nicos. Protege contra surtos de at\u00e9 4,5 kA, com LED indicador, IP67 e tecnologia MOV + GDT.\",\"breadcrumb\":{\"@id\":\"https:\\\/\\\/www.exatron.com.br\\\/produtos\\\/dispositivos-de-protecao-contra-surtos-compacto-classe-ii-para-motores-dps\\\/#breadcrumb\"},\"inLanguage\":\"en-US\",\"potentialAction\":[{\"@type\":\"ReadAction\",\"target\":[\"https:\\\/\\\/www.exatron.com.br\\\/produtos\\\/dispositivos-de-protecao-contra-surtos-compacto-classe-ii-para-motores-dps\\\/\"]}]},{\"@type\":\"ImageObject\",\"inLanguage\":\"en-US\",\"@id\":\"https:\\\/\\\/www.exatron.com.br\\\/produtos\\\/dispositivos-de-protecao-contra-surtos-compacto-classe-ii-para-motores-dps\\\/#primaryimage\",\"url\":\"https:\\\/\\\/www.exatron.com.br\\\/wp-content\\\/uploads\\\/2025\\\/12\\\/rwzyttkiomwakodtuq8hx1gm9rbr0pz3akel8goe.png\",\"contentUrl\":\"https:\\\/\\\/www.exatron.com.br\\\/wp-content\\\/uploads\\\/2025\\\/12\\\/rwzyttkiomwakodtuq8hx1gm9rbr0pz3akel8goe.png\",\"width\":1080,\"height\":1080,\"caption\":\"Projetado para suportar surtos el\u00e9tricos, provocados por descargas atmosf\u00e9ricas e manobras no sistema el\u00e9trico.\"},{\"@type\":\"BreadcrumbList\",\"@id\":\"https:\\\/\\\/www.exatron.com.br\\\/produtos\\\/dispositivos-de-protecao-contra-surtos-compacto-classe-ii-para-motores-dps\\\/#breadcrumb\",\"itemListElement\":[{\"@type\":\"ListItem\",\"position\":1,\"name\":\"In\u00edcio\",\"item\":\"https:\\\/\\\/www.exatron.com.br\\\/\"},{\"@type\":\"ListItem\",\"position\":2,\"name\":\"Loja\",\"item\":\"https:\\\/\\\/www.exatron.com.br\\\/loja\\\/\"},{\"@type\":\"ListItem\",\"position\":3,\"name\":\"DPS Classe II para motores\"}]},{\"@type\":\"WebSite\",\"@id\":\"https:\\\/\\\/www.exatron.com.br\\\/#website\",\"url\":\"https:\\\/\\\/www.exatron.com.br\\\/\",\"name\":\"EXATRON\",\"description\":\"\",\"publisher\":{\"@id\":\"https:\\\/\\\/www.exatron.com.br\\\/#organization\"},\"potentialAction\":[{\"@type\":\"SearchAction\",\"target\":{\"@type\":\"EntryPoint\",\"urlTemplate\":\"https:\\\/\\\/www.exatron.com.br\\\/?s={search_term_string}\"},\"query-input\":{\"@type\":\"PropertyValueSpecification\",\"valueRequired\":true,\"valueName\":\"search_term_string\"}}],\"inLanguage\":\"en-US\"},{\"@type\":\"Organization\",\"@id\":\"https:\\\/\\\/www.exatron.com.br\\\/#organization\",\"name\":\"EXATRON\",\"url\":\"https:\\\/\\\/www.exatron.com.br\\\/\",\"logo\":{\"@type\":\"ImageObject\",\"inLanguage\":\"en-US\",\"@id\":\"https:\\\/\\\/www.exatron.com.br\\\/#\\\/schema\\\/logo\\\/image\\\/\",\"url\":\"https:\\\/\\\/www.exatron.com.br\\\/wp-content\\\/uploads\\\/2024\\\/11\\\/default-kit.png\",\"contentUrl\":\"https:\\\/\\\/www.exatron.com.br\\\/wp-content\\\/uploads\\\/2024\\\/11\\\/default-kit.png\",\"width\":956,\"height\":192,\"caption\":\"EXATRON\"},\"image\":{\"@id\":\"https:\\\/\\\/www.exatron.com.br\\\/#\\\/schema\\\/logo\\\/image\\\/\"}}]}<\/script>\n<!-- \/ Yoast SEO plugin. -->","yoast_head_json":{"title":"DPS Classe II para motores - EXATRON","description":"LLIP3003 Exatron: DPS Classe II para motores de port\u00f5es eletr\u00f4nicos. Protege contra surtos de at\u00e9 4,5 kA, com LED indicador, IP67 e tecnologia MOV + GDT.","robots":{"index":"index","follow":"follow","max-snippet":"max-snippet:-1","max-image-preview":"max-image-preview:large","max-video-preview":"max-video-preview:-1"},"canonical":"https:\/\/www.exatron.com.br\/en\/produtos\/dispositivos-de-protecao-contra-surtos-compacto-classe-ii-para-motores-dps\/","og_locale":"en_US","og_type":"article","og_title":"DPS Classe II para motores - EXATRON","og_description":"LLIP3003 Exatron: DPS Classe II para motores de port\u00f5es eletr\u00f4nicos. Protege contra surtos de at\u00e9 4,5 kA, com LED indicador, IP67 e tecnologia MOV + GDT.","og_url":"https:\/\/www.exatron.com.br\/en\/produtos\/dispositivos-de-protecao-contra-surtos-compacto-classe-ii-para-motores-dps\/","og_site_name":"EXATRON","article_modified_time":"2026-04-23T19:11:35+00:00","og_image":[{"width":1080,"height":1080,"url":"https:\/\/www.exatron.com.br\/wp-content\/uploads\/2025\/12\/rwzyttkiomwakodtuq8hx1gm9rbr0pz3akel8goe.png","type":"image\/png"}],"twitter_card":"summary_large_image","twitter_misc":{"Est. reading time":"3 minutes"},"schema":{"@context":"https:\/\/schema.org","@graph":[{"@type":"WebPage","@id":"https:\/\/www.exatron.com.br\/produtos\/dispositivos-de-protecao-contra-surtos-compacto-classe-ii-para-motores-dps\/","url":"https:\/\/www.exatron.com.br\/produtos\/dispositivos-de-protecao-contra-surtos-compacto-classe-ii-para-motores-dps\/","name":"DPS Classe II para motores - EXATRON","isPartOf":{"@id":"https:\/\/www.exatron.com.br\/#website"},"primaryImageOfPage":{"@id":"https:\/\/www.exatron.com.br\/produtos\/dispositivos-de-protecao-contra-surtos-compacto-classe-ii-para-motores-dps\/#primaryimage"},"image":{"@id":"https:\/\/www.exatron.com.br\/produtos\/dispositivos-de-protecao-contra-surtos-compacto-classe-ii-para-motores-dps\/#primaryimage"},"thumbnailUrl":"https:\/\/www.exatron.com.br\/wp-content\/uploads\/2025\/12\/rwzyttkiomwakodtuq8hx1gm9rbr0pz3akel8goe.png","datePublished":"2025-12-08T15:08:44+00:00","dateModified":"2026-04-23T19:11:35+00:00","description":"LLIP3003 Exatron: DPS Classe II para motores de port\u00f5es eletr\u00f4nicos. Protege contra surtos de at\u00e9 4,5 kA, com LED indicador, IP67 e tecnologia MOV + GDT.","breadcrumb":{"@id":"https:\/\/www.exatron.com.br\/produtos\/dispositivos-de-protecao-contra-surtos-compacto-classe-ii-para-motores-dps\/#breadcrumb"},"inLanguage":"en-US","potentialAction":[{"@type":"ReadAction","target":["https:\/\/www.exatron.com.br\/produtos\/dispositivos-de-protecao-contra-surtos-compacto-classe-ii-para-motores-dps\/"]}]},{"@type":"ImageObject","inLanguage":"en-US","@id":"https:\/\/www.exatron.com.br\/produtos\/dispositivos-de-protecao-contra-surtos-compacto-classe-ii-para-motores-dps\/#primaryimage","url":"https:\/\/www.exatron.com.br\/wp-content\/uploads\/2025\/12\/rwzyttkiomwakodtuq8hx1gm9rbr0pz3akel8goe.png","contentUrl":"https:\/\/www.exatron.com.br\/wp-content\/uploads\/2025\/12\/rwzyttkiomwakodtuq8hx1gm9rbr0pz3akel8goe.png","width":1080,"height":1080,"caption":"Projetado para suportar surtos el\u00e9tricos, provocados por descargas atmosf\u00e9ricas e manobras no sistema el\u00e9trico."},{"@type":"BreadcrumbList","@id":"https:\/\/www.exatron.com.br\/produtos\/dispositivos-de-protecao-contra-surtos-compacto-classe-ii-para-motores-dps\/#breadcrumb","itemListElement":[{"@type":"ListItem","position":1,"name":"In\u00edcio","item":"https:\/\/www.exatron.com.br\/"},{"@type":"ListItem","position":2,"name":"Loja","item":"https:\/\/www.exatron.com.br\/loja\/"},{"@type":"ListItem","position":3,"name":"DPS Classe II para motores"}]},{"@type":"WebSite","@id":"https:\/\/www.exatron.com.br\/#website","url":"https:\/\/www.exatron.com.br\/","name":"EXATRON","description":"","publisher":{"@id":"https:\/\/www.exatron.com.br\/#organization"},"potentialAction":[{"@type":"SearchAction","target":{"@type":"EntryPoint","urlTemplate":"https:\/\/www.exatron.com.br\/?s={search_term_string}"},"query-input":{"@type":"PropertyValueSpecification","valueRequired":true,"valueName":"search_term_string"}}],"inLanguage":"en-US"},{"@type":"Organization","@id":"https:\/\/www.exatron.com.br\/#organization","name":"EXATRON","url":"https:\/\/www.exatron.com.br\/","logo":{"@type":"ImageObject","inLanguage":"en-US","@id":"https:\/\/www.exatron.com.br\/#\/schema\/logo\/image\/","url":"https:\/\/www.exatron.com.br\/wp-content\/uploads\/2024\/11\/default-kit.png","contentUrl":"https:\/\/www.exatron.com.br\/wp-content\/uploads\/2024\/11\/default-kit.png","width":956,"height":192,"caption":"EXATRON"},"image":{"@id":"https:\/\/www.exatron.com.br\/#\/schema\/logo\/image\/"}}]}},"_links":{"self":[{"href":"https:\/\/www.exatron.com.br\/en\/wp-json\/wp\/v2\/product\/10672","targetHints":{"allow":["GET"]}}],"collection":[{"href":"https:\/\/www.exatron.com.br\/en\/wp-json\/wp\/v2\/product"}],"about":[{"href":"https:\/\/www.exatron.com.br\/en\/wp-json\/wp\/v2\/types\/product"}],"replies":[{"embeddable":true,"href":"https:\/\/www.exatron.com.br\/en\/wp-json\/wp\/v2\/comments?post=10672"}],"wp:featuredmedia":[{"embeddable":true,"href":"https:\/\/www.exatron.com.br\/en\/wp-json\/wp\/v2\/media\/10225"}],"wp:attachment":[{"href":"https:\/\/www.exatron.com.br\/en\/wp-json\/wp\/v2\/media?parent=10672"}],"wp:term":[{"taxonomy":"aplicacao","embeddable":true,"href":"https:\/\/www.exatron.com.br\/en\/wp-json\/wp\/v2\/aplicacao?post=10672"},{"taxonomy":"product_brand","embeddable":true,"href":"https:\/\/www.exatron.com.br\/en\/wp-json\/wp\/v2\/product_brand?post=10672"},{"taxonomy":"product_cat","embeddable":true,"href":"https:\/\/www.exatron.com.br\/en\/wp-json\/wp\/v2\/product_cat?post=10672"},{"taxonomy":"product_tag","embeddable":true,"href":"https:\/\/www.exatron.com.br\/en\/wp-json\/wp\/v2\/product_tag?post=10672"}],"curies":[{"name":"wp","href":"https:\/\/api.w.org\/{rel}","templated":true}]}}