{"id":10673,"date":"2025-12-08T15:08:44","date_gmt":"2025-12-08T15:08:44","guid":{"rendered":""},"modified":"2026-04-30T10:42:39","modified_gmt":"2026-04-30T13:42:39","slug":"dispositivo-de-protecao-interruptor-diferencial-residual-com-protetor-de-sobre-corrente-1p-n-25a-30ma","status":"publish","type":"product","link":"https:\/\/www.exatron.com.br\/en\/produtos\/dispositivo-de-protecao-interruptor-diferencial-residual-com-protetor-de-sobre-corrente-1p-n-25a-30ma\/","title":{"rendered":"DDR with overcurrent protector 1P+N 25A\/30mA"},"content":{"rendered":"<h3>Technical Specifications<\/h3>\n<ul>\n<li>Padr\u00e3o: IEC\/EN 61009-1<\/li>\n<li>Tipo de corrente: Senoidal<\/li>\n<li>Tipo de funcionamento: Eletr\u00f4nico<\/li>\n<li>Corrente opera\u00e7\u00e3o m\u00e1xima: 25A<\/li>\n<li>Polos: 1P+N<\/li>\n<li>Tens\u00e3o nominal Ue m\u00e1xima: 230V~<\/li>\n<li>Tens\u00e3o de isola\u00e7\u00e3o Ui: 400V<\/li>\n<li>Frequ\u00eancia de opera\u00e7\u00e3o: 50\/60 Hz<\/li>\n<li>Sensibilidade nominal: 0.03A (30mA)<\/li>\n<li>Capacidade nominal de fechamento e ruptura Im: 500A<\/li>\n<li>Corrente de curto circuito: 4500A<\/li>\n<li>Tempo de desligamento: \u22640.1 s<\/li>\n<li>Tens\u00e3o nominal de impulso suport\u00e1vel (1.2\/50)Uimp: 4kV<\/li>\n<li>Tens\u00e3o diel\u00e9trica 60Hz durante 60s: 2kV<\/li>\n<li>N\u00edvel de polui\u00e7\u00e3o suport\u00e1vel: 2<\/li>\n<li>Tipo de curva termo magn\u00e9tica: C<\/li>\n<li>Vida \u00fatil el\u00e9trica: 2000<\/li>\n<li>Vida \u00fatil mec\u00e2nica: 10000<\/li>\n<li>Garantia: 1 ano<\/li>\n<\/ul>\n<h3>Installation<\/h3>\n<ul>\n<li>Indicador de posi\u00e7\u00e3o de contato: Alavanca e janela vermelho\/verde<\/li>\n<li>Grau de prote\u00e7\u00e3o: IP20<\/li>\n<li>Temperatura de refer\u00eancia para opera\u00e7\u00e3o: 25\u00b0C<\/li>\n<li>Temperatura ambiente: 0~+40\u2103<\/li>\n<li>Temperatura de armazenamento: -25~+70\u2103<\/li>\n<li>Tipo de terminal el\u00e9trico: Cabo \/ Pino<\/li>\n<li>Sec\u00e7\u00e3o de cabo: 16mm\u00b2<\/li>\n<li>Torque aplicado no terminal (m\u00e1x.): 3N*m<\/li>\n<li>Instala\u00e7\u00e3o: Trilho DIN (35mm) FN 60715<\/li>\n<li>Conex\u00e3o: Superior e inferior<\/li>\n<\/ul>","protected":false},"excerpt":{"rendered":"<p>Os interruptores Diferenciais Residuais com Prote\u00e7\u00e3o de sobre corrente (DDR) da Exatron tem como fun\u00e7\u00e3o principal a prote\u00e7\u00e3o dos usu\u00e1rios contra choques el\u00e9tricos, curtos circuitos e sobrecargas, desligando automaticamente a energia el\u00e9trica em caso de fuga, sobrecarga ou curto circuito. Possui sistema de controle com sensibilidade de detec\u00e7\u00e3o de 30mA diferencial de fuga para desarme, corrente m\u00e1xima de sobrecarga e curto circuito.<\/p>","protected":false},"featured_media":15274,"comment_status":"open","ping_status":"closed","template":"","meta":{"_acf_changed":false,"_joinchat":[]},"aplicacao":[269],"product_brand":[],"product_cat":[992],"product_tag":[954,956,955],"class_list":{"0":"post-10673","1":"product","2":"type-product","3":"status-publish","4":"has-post-thumbnail","6":"aplicacao-seguranca-de-rede-eletrica-baixa-tensao","7":"product_cat-ddr","8":"product_tag-ddr","9":"product_tag-ddr-eletrica","10":"product_tag-dispositivo-diferencial-residual","12":"first","13":"instock","14":"shipping-taxable","15":"purchasable","16":"product-type-simple"},"acf":[],"yoast_head":"<!-- This site is optimized with the Yoast SEO plugin v27.3 - https:\/\/yoast.com\/product\/yoast-seo-wordpress\/ -->\n<title>DDR com protetor de sobre corrente 1P+N 25A\/30mA - EXATRON<\/title>\n<meta name=\"description\" content=\"LEDS4000 Exatron: DDR 1P+N com prote\u00e7\u00e3o contra fuga, sobrecarga e curto. Suporta at\u00e9 25A e 4500A de curto-circuito. Seguran\u00e7a completa!\" \/>\n<meta name=\"robots\" content=\"index, follow, max-snippet:-1, max-image-preview:large, max-video-preview:-1\" \/>\n<link rel=\"canonical\" href=\"https:\/\/www.exatron.com.br\/en\/produtos\/dispositivo-de-protecao-interruptor-diferencial-residual-com-protetor-de-sobre-corrente-1p-n-25a-30ma\/\" \/>\n<meta property=\"og:locale\" content=\"en_US\" \/>\n<meta property=\"og:type\" content=\"article\" \/>\n<meta property=\"og:title\" content=\"DDR com protetor de sobre corrente 1P+N 25A\/30mA - EXATRON\" \/>\n<meta property=\"og:description\" content=\"LEDS4000 Exatron: DDR 1P+N com prote\u00e7\u00e3o contra fuga, sobrecarga e curto. Suporta at\u00e9 25A e 4500A de curto-circuito. Seguran\u00e7a completa!\" \/>\n<meta property=\"og:url\" content=\"https:\/\/www.exatron.com.br\/en\/produtos\/dispositivo-de-protecao-interruptor-diferencial-residual-com-protetor-de-sobre-corrente-1p-n-25a-30ma\/\" \/>\n<meta property=\"og:site_name\" content=\"EXATRON\" \/>\n<meta property=\"article:modified_time\" content=\"2026-04-30T13:42:39+00:00\" \/>\n<meta property=\"og:image\" content=\"https:\/\/www.exatron.com.br\/wp-content\/uploads\/leds4000-01.png\" \/>\n\t<meta property=\"og:image:width\" content=\"1200\" \/>\n\t<meta property=\"og:image:height\" content=\"1200\" \/>\n\t<meta property=\"og:image:type\" content=\"image\/png\" \/>\n<meta name=\"twitter:card\" content=\"summary_large_image\" \/>\n<meta name=\"twitter:label1\" content=\"Est. reading time\" \/>\n\t<meta name=\"twitter:data1\" content=\"2 minutes\" \/>\n<script type=\"application\/ld+json\" class=\"yoast-schema-graph\">{\"@context\":\"https:\\\/\\\/schema.org\",\"@graph\":[{\"@type\":\"WebPage\",\"@id\":\"https:\\\/\\\/www.exatron.com.br\\\/produtos\\\/dispositivo-de-protecao-interruptor-diferencial-residual-com-protetor-de-sobre-corrente-1p-n-25a-30ma\\\/\",\"url\":\"https:\\\/\\\/www.exatron.com.br\\\/produtos\\\/dispositivo-de-protecao-interruptor-diferencial-residual-com-protetor-de-sobre-corrente-1p-n-25a-30ma\\\/\",\"name\":\"DDR com protetor de sobre corrente 1P+N 25A\\\/30mA - EXATRON\",\"isPartOf\":{\"@id\":\"https:\\\/\\\/www.exatron.com.br\\\/#website\"},\"primaryImageOfPage\":{\"@id\":\"https:\\\/\\\/www.exatron.com.br\\\/produtos\\\/dispositivo-de-protecao-interruptor-diferencial-residual-com-protetor-de-sobre-corrente-1p-n-25a-30ma\\\/#primaryimage\"},\"image\":{\"@id\":\"https:\\\/\\\/www.exatron.com.br\\\/produtos\\\/dispositivo-de-protecao-interruptor-diferencial-residual-com-protetor-de-sobre-corrente-1p-n-25a-30ma\\\/#primaryimage\"},\"thumbnailUrl\":\"https:\\\/\\\/www.exatron.com.br\\\/wp-content\\\/uploads\\\/leds4000-01.png\",\"datePublished\":\"2025-12-08T15:08:44+00:00\",\"dateModified\":\"2026-04-30T13:42:39+00:00\",\"description\":\"LEDS4000 Exatron: DDR 1P+N com prote\u00e7\u00e3o contra fuga, sobrecarga e curto. Suporta at\u00e9 25A e 4500A de curto-circuito. Seguran\u00e7a completa!\",\"breadcrumb\":{\"@id\":\"https:\\\/\\\/www.exatron.com.br\\\/produtos\\\/dispositivo-de-protecao-interruptor-diferencial-residual-com-protetor-de-sobre-corrente-1p-n-25a-30ma\\\/#breadcrumb\"},\"inLanguage\":\"en-US\",\"potentialAction\":[{\"@type\":\"ReadAction\",\"target\":[\"https:\\\/\\\/www.exatron.com.br\\\/produtos\\\/dispositivo-de-protecao-interruptor-diferencial-residual-com-protetor-de-sobre-corrente-1p-n-25a-30ma\\\/\"]}]},{\"@type\":\"ImageObject\",\"inLanguage\":\"en-US\",\"@id\":\"https:\\\/\\\/www.exatron.com.br\\\/produtos\\\/dispositivo-de-protecao-interruptor-diferencial-residual-com-protetor-de-sobre-corrente-1p-n-25a-30ma\\\/#primaryimage\",\"url\":\"https:\\\/\\\/www.exatron.com.br\\\/wp-content\\\/uploads\\\/leds4000-01.png\",\"contentUrl\":\"https:\\\/\\\/www.exatron.com.br\\\/wp-content\\\/uploads\\\/leds4000-01.png\",\"width\":1200,\"height\":1200,\"caption\":\"Os interruptores Diferenciais Residuais com Prote\u00e7\u00e3o de sobre corrente (DDR) da Exatron tem como fun\u00e7\u00e3o principal a prote\u00e7\u00e3o dos usu\u00e1rios contra choques el\u00e9tricos, curtos circuitos e sobrecargas, desligando automaticamente a energia el\u00e9trica em caso de fuga, sobrecarga ou curto circuito.\"},{\"@type\":\"BreadcrumbList\",\"@id\":\"https:\\\/\\\/www.exatron.com.br\\\/produtos\\\/dispositivo-de-protecao-interruptor-diferencial-residual-com-protetor-de-sobre-corrente-1p-n-25a-30ma\\\/#breadcrumb\",\"itemListElement\":[{\"@type\":\"ListItem\",\"position\":1,\"name\":\"In\u00edcio\",\"item\":\"https:\\\/\\\/www.exatron.com.br\\\/\"},{\"@type\":\"ListItem\",\"position\":2,\"name\":\"Loja\",\"item\":\"https:\\\/\\\/www.exatron.com.br\\\/loja\\\/\"},{\"@type\":\"ListItem\",\"position\":3,\"name\":\"DDR com protetor de sobre corrente 1P+N 25A\\\/30mA\"}]},{\"@type\":\"WebSite\",\"@id\":\"https:\\\/\\\/www.exatron.com.br\\\/#website\",\"url\":\"https:\\\/\\\/www.exatron.com.br\\\/\",\"name\":\"EXATRON\",\"description\":\"\",\"publisher\":{\"@id\":\"https:\\\/\\\/www.exatron.com.br\\\/#organization\"},\"potentialAction\":[{\"@type\":\"SearchAction\",\"target\":{\"@type\":\"EntryPoint\",\"urlTemplate\":\"https:\\\/\\\/www.exatron.com.br\\\/?s={search_term_string}\"},\"query-input\":{\"@type\":\"PropertyValueSpecification\",\"valueRequired\":true,\"valueName\":\"search_term_string\"}}],\"inLanguage\":\"en-US\"},{\"@type\":\"Organization\",\"@id\":\"https:\\\/\\\/www.exatron.com.br\\\/#organization\",\"name\":\"EXATRON\",\"url\":\"https:\\\/\\\/www.exatron.com.br\\\/\",\"logo\":{\"@type\":\"ImageObject\",\"inLanguage\":\"en-US\",\"@id\":\"https:\\\/\\\/www.exatron.com.br\\\/#\\\/schema\\\/logo\\\/image\\\/\",\"url\":\"https:\\\/\\\/www.exatron.com.br\\\/wp-content\\\/uploads\\\/2024\\\/11\\\/default-kit.png\",\"contentUrl\":\"https:\\\/\\\/www.exatron.com.br\\\/wp-content\\\/uploads\\\/2024\\\/11\\\/default-kit.png\",\"width\":956,\"height\":192,\"caption\":\"EXATRON\"},\"image\":{\"@id\":\"https:\\\/\\\/www.exatron.com.br\\\/#\\\/schema\\\/logo\\\/image\\\/\"}}]}<\/script>\n<!-- \/ Yoast SEO plugin. -->","yoast_head_json":{"title":"DDR com protetor de sobre corrente 1P+N 25A\/30mA - EXATRON","description":"LEDS4000 Exatron: DDR 1P+N com prote\u00e7\u00e3o contra fuga, sobrecarga e curto. Suporta at\u00e9 25A e 4500A de curto-circuito. Seguran\u00e7a completa!","robots":{"index":"index","follow":"follow","max-snippet":"max-snippet:-1","max-image-preview":"max-image-preview:large","max-video-preview":"max-video-preview:-1"},"canonical":"https:\/\/www.exatron.com.br\/en\/produtos\/dispositivo-de-protecao-interruptor-diferencial-residual-com-protetor-de-sobre-corrente-1p-n-25a-30ma\/","og_locale":"en_US","og_type":"article","og_title":"DDR com protetor de sobre corrente 1P+N 25A\/30mA - EXATRON","og_description":"LEDS4000 Exatron: DDR 1P+N com prote\u00e7\u00e3o contra fuga, sobrecarga e curto. Suporta at\u00e9 25A e 4500A de curto-circuito. Seguran\u00e7a completa!","og_url":"https:\/\/www.exatron.com.br\/en\/produtos\/dispositivo-de-protecao-interruptor-diferencial-residual-com-protetor-de-sobre-corrente-1p-n-25a-30ma\/","og_site_name":"EXATRON","article_modified_time":"2026-04-30T13:42:39+00:00","og_image":[{"width":1200,"height":1200,"url":"https:\/\/www.exatron.com.br\/wp-content\/uploads\/leds4000-01.png","type":"image\/png"}],"twitter_card":"summary_large_image","twitter_misc":{"Est. reading time":"2 minutes"},"schema":{"@context":"https:\/\/schema.org","@graph":[{"@type":"WebPage","@id":"https:\/\/www.exatron.com.br\/produtos\/dispositivo-de-protecao-interruptor-diferencial-residual-com-protetor-de-sobre-corrente-1p-n-25a-30ma\/","url":"https:\/\/www.exatron.com.br\/produtos\/dispositivo-de-protecao-interruptor-diferencial-residual-com-protetor-de-sobre-corrente-1p-n-25a-30ma\/","name":"DDR com protetor de sobre corrente 1P+N 25A\/30mA - EXATRON","isPartOf":{"@id":"https:\/\/www.exatron.com.br\/#website"},"primaryImageOfPage":{"@id":"https:\/\/www.exatron.com.br\/produtos\/dispositivo-de-protecao-interruptor-diferencial-residual-com-protetor-de-sobre-corrente-1p-n-25a-30ma\/#primaryimage"},"image":{"@id":"https:\/\/www.exatron.com.br\/produtos\/dispositivo-de-protecao-interruptor-diferencial-residual-com-protetor-de-sobre-corrente-1p-n-25a-30ma\/#primaryimage"},"thumbnailUrl":"https:\/\/www.exatron.com.br\/wp-content\/uploads\/leds4000-01.png","datePublished":"2025-12-08T15:08:44+00:00","dateModified":"2026-04-30T13:42:39+00:00","description":"LEDS4000 Exatron: DDR 1P+N com prote\u00e7\u00e3o contra fuga, sobrecarga e curto. Suporta at\u00e9 25A e 4500A de curto-circuito. Seguran\u00e7a completa!","breadcrumb":{"@id":"https:\/\/www.exatron.com.br\/produtos\/dispositivo-de-protecao-interruptor-diferencial-residual-com-protetor-de-sobre-corrente-1p-n-25a-30ma\/#breadcrumb"},"inLanguage":"en-US","potentialAction":[{"@type":"ReadAction","target":["https:\/\/www.exatron.com.br\/produtos\/dispositivo-de-protecao-interruptor-diferencial-residual-com-protetor-de-sobre-corrente-1p-n-25a-30ma\/"]}]},{"@type":"ImageObject","inLanguage":"en-US","@id":"https:\/\/www.exatron.com.br\/produtos\/dispositivo-de-protecao-interruptor-diferencial-residual-com-protetor-de-sobre-corrente-1p-n-25a-30ma\/#primaryimage","url":"https:\/\/www.exatron.com.br\/wp-content\/uploads\/leds4000-01.png","contentUrl":"https:\/\/www.exatron.com.br\/wp-content\/uploads\/leds4000-01.png","width":1200,"height":1200,"caption":"Os interruptores Diferenciais Residuais com Prote\u00e7\u00e3o de sobre corrente (DDR) da Exatron tem como fun\u00e7\u00e3o principal a prote\u00e7\u00e3o dos usu\u00e1rios contra choques el\u00e9tricos, curtos circuitos e sobrecargas, desligando automaticamente a energia el\u00e9trica em caso de fuga, sobrecarga ou curto circuito."},{"@type":"BreadcrumbList","@id":"https:\/\/www.exatron.com.br\/produtos\/dispositivo-de-protecao-interruptor-diferencial-residual-com-protetor-de-sobre-corrente-1p-n-25a-30ma\/#breadcrumb","itemListElement":[{"@type":"ListItem","position":1,"name":"In\u00edcio","item":"https:\/\/www.exatron.com.br\/"},{"@type":"ListItem","position":2,"name":"Loja","item":"https:\/\/www.exatron.com.br\/loja\/"},{"@type":"ListItem","position":3,"name":"DDR com protetor de sobre corrente 1P+N 25A\/30mA"}]},{"@type":"WebSite","@id":"https:\/\/www.exatron.com.br\/#website","url":"https:\/\/www.exatron.com.br\/","name":"EXATRON","description":"","publisher":{"@id":"https:\/\/www.exatron.com.br\/#organization"},"potentialAction":[{"@type":"SearchAction","target":{"@type":"EntryPoint","urlTemplate":"https:\/\/www.exatron.com.br\/?s={search_term_string}"},"query-input":{"@type":"PropertyValueSpecification","valueRequired":true,"valueName":"search_term_string"}}],"inLanguage":"en-US"},{"@type":"Organization","@id":"https:\/\/www.exatron.com.br\/#organization","name":"EXATRON","url":"https:\/\/www.exatron.com.br\/","logo":{"@type":"ImageObject","inLanguage":"en-US","@id":"https:\/\/www.exatron.com.br\/#\/schema\/logo\/image\/","url":"https:\/\/www.exatron.com.br\/wp-content\/uploads\/2024\/11\/default-kit.png","contentUrl":"https:\/\/www.exatron.com.br\/wp-content\/uploads\/2024\/11\/default-kit.png","width":956,"height":192,"caption":"EXATRON"},"image":{"@id":"https:\/\/www.exatron.com.br\/#\/schema\/logo\/image\/"}}]}},"_links":{"self":[{"href":"https:\/\/www.exatron.com.br\/en\/wp-json\/wp\/v2\/product\/10673","targetHints":{"allow":["GET"]}}],"collection":[{"href":"https:\/\/www.exatron.com.br\/en\/wp-json\/wp\/v2\/product"}],"about":[{"href":"https:\/\/www.exatron.com.br\/en\/wp-json\/wp\/v2\/types\/product"}],"replies":[{"embeddable":true,"href":"https:\/\/www.exatron.com.br\/en\/wp-json\/wp\/v2\/comments?post=10673"}],"wp:featuredmedia":[{"embeddable":true,"href":"https:\/\/www.exatron.com.br\/en\/wp-json\/wp\/v2\/media\/15274"}],"wp:attachment":[{"href":"https:\/\/www.exatron.com.br\/en\/wp-json\/wp\/v2\/media?parent=10673"}],"wp:term":[{"taxonomy":"aplicacao","embeddable":true,"href":"https:\/\/www.exatron.com.br\/en\/wp-json\/wp\/v2\/aplicacao?post=10673"},{"taxonomy":"product_brand","embeddable":true,"href":"https:\/\/www.exatron.com.br\/en\/wp-json\/wp\/v2\/product_brand?post=10673"},{"taxonomy":"product_cat","embeddable":true,"href":"https:\/\/www.exatron.com.br\/en\/wp-json\/wp\/v2\/product_cat?post=10673"},{"taxonomy":"product_tag","embeddable":true,"href":"https:\/\/www.exatron.com.br\/en\/wp-json\/wp\/v2\/product_tag?post=10673"}],"curies":[{"name":"wp","href":"https:\/\/api.w.org\/{rel}","templated":true}]}}