{"id":10681,"date":"2025-12-08T15:08:45","date_gmt":"2025-12-08T15:08:45","guid":{"rendered":""},"modified":"2026-04-23T14:43:32","modified_gmt":"2026-04-23T17:43:32","slug":"dispositivo-de-protecao-contra-surtos-dps-2p-20ka","status":"publish","type":"product","link":"https:\/\/www.exatron.com.br\/en\/produtos\/dispositivo-de-protecao-contra-surtos-dps-2p-20ka\/","title":{"rendered":"DPS Slim DC &#8211; 2P, 20kA"},"content":{"rendered":"<h3>Technical Specifications<\/h3>\n<ul>\n<li>Tens\u00e3o DC m\u00e1xima cont\u00ednua: 1000<\/li>\n<li>Corrente nominal de descarga (8\/20 \u03bcs): 10kA<\/li>\n<li>Corrente m\u00e1xima de descarga (8\/20 \u03bcs): 20kA<\/li>\n<li>Tempo de resposta: \uff1c25ns<\/li>\n<li>Temperatura de Opera\u00e7\u00e3o: -40 \u00baC a +80 \u00baC<\/li>\n<li>Temperatura de armazenagem: -40 \u00baC a +85 \u00baC<\/li>\n<li>Umidade relativa de opera\u00e7\u00e3o permitida: 5%&#8230;95%<\/li>\n<li>Press\u00e3o atmosf\u00e9rica e altitude: 80k Pa &#8230; 106k Pa \/ -500 m &#8230; 2000 m<\/li>\n<li>Torque do parafuso do terminal: 2-3 N.m<\/li>\n<li>Se\u00e7\u00e3o transversal do condutor (m\u00e1x): 1-25 mm\u00b2<\/li>\n<li>Instala\u00e7\u00e3o: \u00a0Trilho DIN 35 mm, EN 60715<\/li>\n<li>Grau de prote\u00e7\u00e3o: IP 20 (embutido) em conformidade com IEC 60529<\/li>\n<li>Material do corpo: Pol\u00edmero com aditivo UV e anti-chamas<\/li>\n<li>Prote\u00e7\u00e3o t\u00e9rmica<\/li>\n<li>Fus\u00edvel t\u00e9rmico<\/li>\n<li>Indica\u00e7\u00e3o de falha: Verde: ok \/ Vermelho: inoperante<\/li>\n<li>Garantia: 1 ano<\/li>\n<\/ul>","protected":false},"excerpt":{"rendered":"<p><strong>O Dispositivo de Prote\u00e7\u00e3o Contra Surtos Slim DC<\/strong> da Exatron \u00e9 um equipamento com tecnologia MOV (ZnO), desenvolvido para prote\u00e7\u00e3o de sistemas de energia solar e\/ou instala\u00e7\u00f5es el\u00e9tricas de at\u00e9 1000VDC. Modelo com 3 bornes com 2 varistores de prote\u00e7\u00e3o. Este equipamento possui um dispositivo termomec\u00e2nico que sinaliza o estado de funcionamento.<\/p>","protected":false},"featured_media":10247,"comment_status":"open","ping_status":"closed","template":"","meta":{"_acf_changed":false,"_joinchat":[]},"aplicacao":[269],"product_brand":[],"product_cat":[314],"product_tag":[936,959,958],"class_list":{"0":"post-10681","1":"product","2":"type-product","3":"status-publish","4":"has-post-thumbnail","6":"aplicacao-seguranca-de-rede-eletrica-baixa-tensao","7":"product_cat-dps","8":"product_tag-dispositivo-de-protecao-contra-surtos","9":"product_tag-dps-dc","10":"product_tag-dps-energia-solar","12":"first","13":"instock","14":"shipping-taxable","15":"purchasable","16":"product-type-simple"},"acf":[],"yoast_head":"<!-- This site is optimized with the Yoast SEO plugin v27.3 - https:\/\/yoast.com\/product\/yoast-seo-wordpress\/ -->\n<title>DPS Slim DC - 2P, 20kA - EXATRON<\/title>\n<meta name=\"description\" content=\"Com tecnologia MOV para sistemas solares at\u00e9 1000VDC. Descarrega at\u00e9 20kA, com instala\u00e7\u00e3o em trilho DIN, prote\u00e7\u00e3o t\u00e9rmica e indica\u00e7\u00e3o de falha.\" \/>\n<meta name=\"robots\" content=\"index, follow, max-snippet:-1, max-image-preview:large, max-video-preview:-1\" \/>\n<link rel=\"canonical\" href=\"https:\/\/www.exatron.com.br\/en\/produtos\/dispositivo-de-protecao-contra-surtos-dps-2p-20ka\/\" \/>\n<meta property=\"og:locale\" content=\"en_US\" \/>\n<meta property=\"og:type\" content=\"article\" \/>\n<meta property=\"og:title\" content=\"DPS Slim DC - 2P, 20kA - EXATRON\" \/>\n<meta property=\"og:description\" content=\"Com tecnologia MOV para sistemas solares at\u00e9 1000VDC. Descarrega at\u00e9 20kA, com instala\u00e7\u00e3o em trilho DIN, prote\u00e7\u00e3o t\u00e9rmica e indica\u00e7\u00e3o de falha.\" \/>\n<meta property=\"og:url\" content=\"https:\/\/www.exatron.com.br\/en\/produtos\/dispositivo-de-protecao-contra-surtos-dps-2p-20ka\/\" \/>\n<meta property=\"og:site_name\" content=\"EXATRON\" \/>\n<meta property=\"article:modified_time\" content=\"2026-04-23T17:43:32+00:00\" \/>\n<meta property=\"og:image\" content=\"https:\/\/www.exatron.com.br\/wp-content\/uploads\/2025\/12\/abdhekcyq6wotn20p0hqxz1vfypgzuwaierutgsy.png\" \/>\n\t<meta property=\"og:image:width\" content=\"969\" \/>\n\t<meta property=\"og:image:height\" content=\"969\" \/>\n\t<meta property=\"og:image:type\" content=\"image\/png\" \/>\n<meta name=\"twitter:card\" content=\"summary_large_image\" \/>\n<meta name=\"twitter:label1\" content=\"Est. reading time\" \/>\n\t<meta name=\"twitter:data1\" content=\"1 minute\" \/>\n<script type=\"application\/ld+json\" class=\"yoast-schema-graph\">{\"@context\":\"https:\\\/\\\/schema.org\",\"@graph\":[{\"@type\":\"WebPage\",\"@id\":\"https:\\\/\\\/www.exatron.com.br\\\/produtos\\\/dispositivo-de-protecao-contra-surtos-dps-2p-20ka\\\/\",\"url\":\"https:\\\/\\\/www.exatron.com.br\\\/produtos\\\/dispositivo-de-protecao-contra-surtos-dps-2p-20ka\\\/\",\"name\":\"DPS Slim DC - 2P, 20kA - EXATRON\",\"isPartOf\":{\"@id\":\"https:\\\/\\\/www.exatron.com.br\\\/#website\"},\"primaryImageOfPage\":{\"@id\":\"https:\\\/\\\/www.exatron.com.br\\\/produtos\\\/dispositivo-de-protecao-contra-surtos-dps-2p-20ka\\\/#primaryimage\"},\"image\":{\"@id\":\"https:\\\/\\\/www.exatron.com.br\\\/produtos\\\/dispositivo-de-protecao-contra-surtos-dps-2p-20ka\\\/#primaryimage\"},\"thumbnailUrl\":\"https:\\\/\\\/www.exatron.com.br\\\/wp-content\\\/uploads\\\/2025\\\/12\\\/abdhekcyq6wotn20p0hqxz1vfypgzuwaierutgsy.png\",\"datePublished\":\"2025-12-08T15:08:45+00:00\",\"dateModified\":\"2026-04-23T17:43:32+00:00\",\"description\":\"Com tecnologia MOV para sistemas solares at\u00e9 1000VDC. Descarrega at\u00e9 20kA, com instala\u00e7\u00e3o em trilho DIN, prote\u00e7\u00e3o t\u00e9rmica e indica\u00e7\u00e3o de falha.\",\"breadcrumb\":{\"@id\":\"https:\\\/\\\/www.exatron.com.br\\\/produtos\\\/dispositivo-de-protecao-contra-surtos-dps-2p-20ka\\\/#breadcrumb\"},\"inLanguage\":\"en-US\",\"potentialAction\":[{\"@type\":\"ReadAction\",\"target\":[\"https:\\\/\\\/www.exatron.com.br\\\/produtos\\\/dispositivo-de-protecao-contra-surtos-dps-2p-20ka\\\/\"]}]},{\"@type\":\"ImageObject\",\"inLanguage\":\"en-US\",\"@id\":\"https:\\\/\\\/www.exatron.com.br\\\/produtos\\\/dispositivo-de-protecao-contra-surtos-dps-2p-20ka\\\/#primaryimage\",\"url\":\"https:\\\/\\\/www.exatron.com.br\\\/wp-content\\\/uploads\\\/2025\\\/12\\\/abdhekcyq6wotn20p0hqxz1vfypgzuwaierutgsy.png\",\"contentUrl\":\"https:\\\/\\\/www.exatron.com.br\\\/wp-content\\\/uploads\\\/2025\\\/12\\\/abdhekcyq6wotn20p0hqxz1vfypgzuwaierutgsy.png\",\"width\":969,\"height\":969,\"caption\":\"O Dispositivo de prote\u00e7\u00e3o contra surtos slim DC da Exatron \u00e9 um equipamento com tecnologia MOV (ZnO), desenvolvido para prote\u00e7\u00e3o de sistemas de energia solar e\\\/ou instala\u00e7\u00f5es el\u00e9tricas de at\u00e9 1000VDC.\"},{\"@type\":\"BreadcrumbList\",\"@id\":\"https:\\\/\\\/www.exatron.com.br\\\/produtos\\\/dispositivo-de-protecao-contra-surtos-dps-2p-20ka\\\/#breadcrumb\",\"itemListElement\":[{\"@type\":\"ListItem\",\"position\":1,\"name\":\"In\u00edcio\",\"item\":\"https:\\\/\\\/www.exatron.com.br\\\/\"},{\"@type\":\"ListItem\",\"position\":2,\"name\":\"Loja\",\"item\":\"https:\\\/\\\/www.exatron.com.br\\\/loja\\\/\"},{\"@type\":\"ListItem\",\"position\":3,\"name\":\"DPS Slim DC &#8211; 2P, 20kA\"}]},{\"@type\":\"WebSite\",\"@id\":\"https:\\\/\\\/www.exatron.com.br\\\/#website\",\"url\":\"https:\\\/\\\/www.exatron.com.br\\\/\",\"name\":\"EXATRON\",\"description\":\"\",\"publisher\":{\"@id\":\"https:\\\/\\\/www.exatron.com.br\\\/#organization\"},\"potentialAction\":[{\"@type\":\"SearchAction\",\"target\":{\"@type\":\"EntryPoint\",\"urlTemplate\":\"https:\\\/\\\/www.exatron.com.br\\\/?s={search_term_string}\"},\"query-input\":{\"@type\":\"PropertyValueSpecification\",\"valueRequired\":true,\"valueName\":\"search_term_string\"}}],\"inLanguage\":\"en-US\"},{\"@type\":\"Organization\",\"@id\":\"https:\\\/\\\/www.exatron.com.br\\\/#organization\",\"name\":\"EXATRON\",\"url\":\"https:\\\/\\\/www.exatron.com.br\\\/\",\"logo\":{\"@type\":\"ImageObject\",\"inLanguage\":\"en-US\",\"@id\":\"https:\\\/\\\/www.exatron.com.br\\\/#\\\/schema\\\/logo\\\/image\\\/\",\"url\":\"https:\\\/\\\/www.exatron.com.br\\\/wp-content\\\/uploads\\\/2024\\\/11\\\/default-kit.png\",\"contentUrl\":\"https:\\\/\\\/www.exatron.com.br\\\/wp-content\\\/uploads\\\/2024\\\/11\\\/default-kit.png\",\"width\":956,\"height\":192,\"caption\":\"EXATRON\"},\"image\":{\"@id\":\"https:\\\/\\\/www.exatron.com.br\\\/#\\\/schema\\\/logo\\\/image\\\/\"}}]}<\/script>\n<!-- \/ Yoast SEO plugin. -->","yoast_head_json":{"title":"DPS Slim DC - 2P, 20kA - EXATRON","description":"Com tecnologia MOV para sistemas solares at\u00e9 1000VDC. Descarrega at\u00e9 20kA, com instala\u00e7\u00e3o em trilho DIN, prote\u00e7\u00e3o t\u00e9rmica e indica\u00e7\u00e3o de falha.","robots":{"index":"index","follow":"follow","max-snippet":"max-snippet:-1","max-image-preview":"max-image-preview:large","max-video-preview":"max-video-preview:-1"},"canonical":"https:\/\/www.exatron.com.br\/en\/produtos\/dispositivo-de-protecao-contra-surtos-dps-2p-20ka\/","og_locale":"en_US","og_type":"article","og_title":"DPS Slim DC - 2P, 20kA - EXATRON","og_description":"Com tecnologia MOV para sistemas solares at\u00e9 1000VDC. Descarrega at\u00e9 20kA, com instala\u00e7\u00e3o em trilho DIN, prote\u00e7\u00e3o t\u00e9rmica e indica\u00e7\u00e3o de falha.","og_url":"https:\/\/www.exatron.com.br\/en\/produtos\/dispositivo-de-protecao-contra-surtos-dps-2p-20ka\/","og_site_name":"EXATRON","article_modified_time":"2026-04-23T17:43:32+00:00","og_image":[{"width":969,"height":969,"url":"https:\/\/www.exatron.com.br\/wp-content\/uploads\/2025\/12\/abdhekcyq6wotn20p0hqxz1vfypgzuwaierutgsy.png","type":"image\/png"}],"twitter_card":"summary_large_image","twitter_misc":{"Est. reading time":"1 minute"},"schema":{"@context":"https:\/\/schema.org","@graph":[{"@type":"WebPage","@id":"https:\/\/www.exatron.com.br\/produtos\/dispositivo-de-protecao-contra-surtos-dps-2p-20ka\/","url":"https:\/\/www.exatron.com.br\/produtos\/dispositivo-de-protecao-contra-surtos-dps-2p-20ka\/","name":"DPS Slim DC - 2P, 20kA - EXATRON","isPartOf":{"@id":"https:\/\/www.exatron.com.br\/#website"},"primaryImageOfPage":{"@id":"https:\/\/www.exatron.com.br\/produtos\/dispositivo-de-protecao-contra-surtos-dps-2p-20ka\/#primaryimage"},"image":{"@id":"https:\/\/www.exatron.com.br\/produtos\/dispositivo-de-protecao-contra-surtos-dps-2p-20ka\/#primaryimage"},"thumbnailUrl":"https:\/\/www.exatron.com.br\/wp-content\/uploads\/2025\/12\/abdhekcyq6wotn20p0hqxz1vfypgzuwaierutgsy.png","datePublished":"2025-12-08T15:08:45+00:00","dateModified":"2026-04-23T17:43:32+00:00","description":"Com tecnologia MOV para sistemas solares at\u00e9 1000VDC. Descarrega at\u00e9 20kA, com instala\u00e7\u00e3o em trilho DIN, prote\u00e7\u00e3o t\u00e9rmica e indica\u00e7\u00e3o de falha.","breadcrumb":{"@id":"https:\/\/www.exatron.com.br\/produtos\/dispositivo-de-protecao-contra-surtos-dps-2p-20ka\/#breadcrumb"},"inLanguage":"en-US","potentialAction":[{"@type":"ReadAction","target":["https:\/\/www.exatron.com.br\/produtos\/dispositivo-de-protecao-contra-surtos-dps-2p-20ka\/"]}]},{"@type":"ImageObject","inLanguage":"en-US","@id":"https:\/\/www.exatron.com.br\/produtos\/dispositivo-de-protecao-contra-surtos-dps-2p-20ka\/#primaryimage","url":"https:\/\/www.exatron.com.br\/wp-content\/uploads\/2025\/12\/abdhekcyq6wotn20p0hqxz1vfypgzuwaierutgsy.png","contentUrl":"https:\/\/www.exatron.com.br\/wp-content\/uploads\/2025\/12\/abdhekcyq6wotn20p0hqxz1vfypgzuwaierutgsy.png","width":969,"height":969,"caption":"O Dispositivo de prote\u00e7\u00e3o contra surtos slim DC da Exatron \u00e9 um equipamento com tecnologia MOV (ZnO), desenvolvido para prote\u00e7\u00e3o de sistemas de energia solar e\/ou instala\u00e7\u00f5es el\u00e9tricas de at\u00e9 1000VDC."},{"@type":"BreadcrumbList","@id":"https:\/\/www.exatron.com.br\/produtos\/dispositivo-de-protecao-contra-surtos-dps-2p-20ka\/#breadcrumb","itemListElement":[{"@type":"ListItem","position":1,"name":"In\u00edcio","item":"https:\/\/www.exatron.com.br\/"},{"@type":"ListItem","position":2,"name":"Loja","item":"https:\/\/www.exatron.com.br\/loja\/"},{"@type":"ListItem","position":3,"name":"DPS Slim DC &#8211; 2P, 20kA"}]},{"@type":"WebSite","@id":"https:\/\/www.exatron.com.br\/#website","url":"https:\/\/www.exatron.com.br\/","name":"EXATRON","description":"","publisher":{"@id":"https:\/\/www.exatron.com.br\/#organization"},"potentialAction":[{"@type":"SearchAction","target":{"@type":"EntryPoint","urlTemplate":"https:\/\/www.exatron.com.br\/?s={search_term_string}"},"query-input":{"@type":"PropertyValueSpecification","valueRequired":true,"valueName":"search_term_string"}}],"inLanguage":"en-US"},{"@type":"Organization","@id":"https:\/\/www.exatron.com.br\/#organization","name":"EXATRON","url":"https:\/\/www.exatron.com.br\/","logo":{"@type":"ImageObject","inLanguage":"en-US","@id":"https:\/\/www.exatron.com.br\/#\/schema\/logo\/image\/","url":"https:\/\/www.exatron.com.br\/wp-content\/uploads\/2024\/11\/default-kit.png","contentUrl":"https:\/\/www.exatron.com.br\/wp-content\/uploads\/2024\/11\/default-kit.png","width":956,"height":192,"caption":"EXATRON"},"image":{"@id":"https:\/\/www.exatron.com.br\/#\/schema\/logo\/image\/"}}]}},"_links":{"self":[{"href":"https:\/\/www.exatron.com.br\/en\/wp-json\/wp\/v2\/product\/10681","targetHints":{"allow":["GET"]}}],"collection":[{"href":"https:\/\/www.exatron.com.br\/en\/wp-json\/wp\/v2\/product"}],"about":[{"href":"https:\/\/www.exatron.com.br\/en\/wp-json\/wp\/v2\/types\/product"}],"replies":[{"embeddable":true,"href":"https:\/\/www.exatron.com.br\/en\/wp-json\/wp\/v2\/comments?post=10681"}],"wp:featuredmedia":[{"embeddable":true,"href":"https:\/\/www.exatron.com.br\/en\/wp-json\/wp\/v2\/media\/10247"}],"wp:attachment":[{"href":"https:\/\/www.exatron.com.br\/en\/wp-json\/wp\/v2\/media?parent=10681"}],"wp:term":[{"taxonomy":"aplicacao","embeddable":true,"href":"https:\/\/www.exatron.com.br\/en\/wp-json\/wp\/v2\/aplicacao?post=10681"},{"taxonomy":"product_brand","embeddable":true,"href":"https:\/\/www.exatron.com.br\/en\/wp-json\/wp\/v2\/product_brand?post=10681"},{"taxonomy":"product_cat","embeddable":true,"href":"https:\/\/www.exatron.com.br\/en\/wp-json\/wp\/v2\/product_cat?post=10681"},{"taxonomy":"product_tag","embeddable":true,"href":"https:\/\/www.exatron.com.br\/en\/wp-json\/wp\/v2\/product_tag?post=10681"}],"curies":[{"name":"wp","href":"https:\/\/api.w.org\/{rel}","templated":true}]}}