{"id":10686,"date":"2025-12-08T15:08:45","date_gmt":"2025-12-08T15:08:45","guid":{"rendered":""},"modified":"2026-04-17T11:30:48","modified_gmt":"2026-04-17T14:30:48","slug":"sensor-de-presenca-de-teto-com-chamada-auxiliar-smart-x-control","status":"publish","type":"product","link":"https:\/\/www.exatron.com.br\/en\/produtos\/sensor-de-presenca-de-teto-com-chamada-auxiliar-smart-x-control\/","title":{"rendered":"Smart X-Control Ceiling Mount Presence Sensor with Auxiliary Call"},"content":{"rendered":"<h3>Technical Specifications<\/h3>\n<p>\u2022 TENS\u00c3O: 100 &#8211; 240 V~ 50\/60Hz<\/p>\n<p>\u2022 CONSUMO: &lt; 1W<\/p>\n<p>\u2022 COBERTURA: 360\u00b0 com alcance de at\u00e9 \u00d8 7m na temperatura ambiente de 25\u00baC, em uma \u00a0altura de \u00a0aproximadamente 2,4m<\/p>\n<p>\u2022 REGULAGEM DE TEMPO: 1 a 5 segundos, 10, 15, 30 e 45 segundos, 1 a 5 minutos, 10, 15, 20, 25, 30, 40 e 50 minutos, 1, 1:30, 2, 2:30, 3, 3:30 e 4 horas \u00a0(determinado pelo app com recontagem de tempo autom\u00e1tica a partir da \u00faltima detec\u00e7\u00e3o)<\/p>\n<p>\u2022 SENSOR DE LUMINOSIDADE (LUX-FOTOC\u00c9LULA): 1 (\u00e0 noite) at\u00e9 31 (fotoc\u00e9lula desabilitada)<\/p>\n<p>\u2022 REGULAGEM DE SENSIBILIDADE: 1 \u00a0(movimentos bruscos) at\u00e9 8 (maior alcance)<\/p>\n<p>\u2022 FUN\u00c7\u00c3O MANTER CARGA LIGADA OU DESLIGADA: Mant\u00e9m a carga ligada ou desligada durante o tempo programado (0:30 a 12 horas)<\/p>\n<p>\u2022 AMIGO DA L\u00c2MPADA: sistema de acionamento da carga com baixa tens\u00e3o el\u00e9trica &lt; 50 V, aumentando a vida \u00fatil do conjunto (l\u00e2mpadas, reator e sensor)<\/p>\n<p>\u2022 Possui LED indicador de funcionamento, de detec\u00e7\u00e3o e dos par\u00e2metros configurados<\/p>\n<p>\u2022 Chamada Auxiliar (Interruptor Pulsador): Ap\u00f3s 1 segundo que a tecla pulsadora ser acionada o sensor ir\u00e1 ligar a carga ignorando a fotoc\u00e9lula e permanecer\u00e1 ligado enquanto houver detec\u00e7\u00e3o de presen\u00e7a ou receber um novo acionamento no pulsador, a carga ir\u00e1 desligar pelo tempo programado ap\u00f3s o \u00faltimo acionamento da mesma. As fun\u00e7\u00f5es \u201cManter Ligado\u201d e \u201cManter Desligado\u201d devem ser ajustadas atrav\u00e9s do app Smart-Xcontrol e acionadas atrav\u00e9s da Chamada Auxiliar. \u00a0* O <a href=\"https:\/\/www.exatron.com.br\/en\/produtos\/conjunto-4x2-01-interruptor-pulsador-minuteria-10a-250v-lampada-gravada\/\">interruptor pulsador (<strong>LECO4011)<\/strong><\/a> n\u00e3o acompanha o produto e deve ser adquirido separadamente.<\/p>\n<p>1 pulso: Liga a carga. (Default F\u00e1brica)<\/p>\n<p>2 pulsos: Habilita o modo \u201cManter Desligado\u201d.<\/p>\n<p>3 pulsos: Habilita o modo \u201cManter Ligado\u201d.<\/p>\n<p>\u2022 Economia de energia de at\u00e9 75%<\/p>\n<p>\u2022 \u00a0Composi\u00e7\u00e3o: componentes pl\u00e1sticos, componentes eletr\u00f4nicos e ligas met\u00e1licas<\/p>\n<p>\u2022 Garantia: 02 anos<\/p>","protected":false},"excerpt":{"rendered":"<p>O Sensor de Presen\u00e7a de Teto com Chamada Auxiliar Smart X-Control \u00e9 um comando inteligente que se destina ao acionamento temporizado de cargas. Detecta a movimenta\u00e7\u00e3o de fontes de calor como pessoas e carros, atrav\u00e9s de um sensor infravermelho, acionando a carga e mantendo-a ligada enquanto houver detec\u00e7\u00e3o de presen\u00e7a, desligando-a no tempo programado.<\/p>\n<p>\u00c9 ideal para o controle de ilumina\u00e7\u00e3o interna de corredor, escada, garagem, entrada de acesso, recep\u00e7\u00e3o, dep\u00f3sito, almoxarifado e demais ambientes internos de resid\u00eancias, escrit\u00f3rios, condom\u00ednios, ind\u00fastrias, hot\u00e9is e \u00f3rg\u00e3os p\u00fablicos. Conta com fun\u00e7\u00e3o Chamada Auxiliar que, ao ser acionada, liga a carga novamente respeitando o tempo programado pelo usu\u00e1rio.<\/p>\n<p>O modelo LEST4007XC faz parte da nova gera\u00e7\u00e3o de sensores de presen\u00e7a com tecnologia micro controlada e com ajustes atrav\u00e9s do app Smart X- Control dispon\u00edvel para iOS e Android. Possui superior imunidade contra interfer\u00eancias emanadas e induzidas, provocadas por reatores eletr\u00f4nicos, celulares, r\u00e1dios comunicadores e instala\u00e7\u00f5es de sensores em paralelo.\u00a0 Amigo da l\u00e2mpada: sistema de acionamento da carga com baixa tens\u00e3o el\u00e9trica &lt;50V, aumentando a vida \u00fatil produto e da l\u00e2mpada.<\/p>","protected":false},"featured_media":14568,"comment_status":"open","ping_status":"closed","template":"","meta":{"_acf_changed":false,"_joinchat":[]},"aplicacao":[267],"product_brand":[],"product_cat":[326,381,379],"product_tag":[681,582,661,683,682,659,625,660,665,672],"class_list":{"0":"post-10686","1":"product","2":"type-product","3":"status-publish","4":"has-post-thumbnail","6":"aplicacao-iluminacao-interna-sensores-de-presenca","7":"product_cat-sensores-de-presenca-para-iluminacao","8":"product_cat-smart-x-control","9":"product_cat-teto","10":"product_tag-chamada-auxiliar","11":"product_tag-economia-de-energia","12":"product_tag-exatron","13":"product_tag-lider-em-venda","14":"product_tag-sensor-com-chamada-auxiliar","15":"product_tag-sensor-de-movimento","16":"product_tag-sensor-de-presenca","17":"product_tag-sensor-de-teto","18":"product_tag-sensor-exatron","19":"product_tag-tecnologia","21":"first","22":"instock","23":"shipping-taxable","24":"purchasable","25":"product-type-simple"},"acf":[],"yoast_head":"<!-- This site is optimized with the Yoast SEO plugin v27.3 - https:\/\/yoast.com\/product\/yoast-seo-wordpress\/ -->\n<title>Sensor de Presen\u00e7a de Teto com Chamada Auxiliar Smart X-Control - EXATRON<\/title>\n<meta name=\"description\" content=\"LEST4007XC: Sensor de teto Smart X-Control com chamada auxiliar, controle por app, alta imunidade a interfer\u00eancias e economia de energia.\" \/>\n<meta name=\"robots\" content=\"index, follow, max-snippet:-1, max-image-preview:large, max-video-preview:-1\" \/>\n<link rel=\"canonical\" href=\"https:\/\/www.exatron.com.br\/en\/produtos\/sensor-de-presenca-de-teto-com-chamada-auxiliar-smart-x-control\/\" \/>\n<meta property=\"og:locale\" content=\"en_US\" \/>\n<meta property=\"og:type\" content=\"article\" \/>\n<meta property=\"og:title\" content=\"Sensor de Presen\u00e7a de Teto com Chamada Auxiliar Smart X-Control - EXATRON\" \/>\n<meta property=\"og:description\" content=\"LEST4007XC: Sensor de teto Smart X-Control com chamada auxiliar, controle por app, alta imunidade a interfer\u00eancias e economia de energia.\" \/>\n<meta property=\"og:url\" content=\"https:\/\/www.exatron.com.br\/en\/produtos\/sensor-de-presenca-de-teto-com-chamada-auxiliar-smart-x-control\/\" \/>\n<meta property=\"og:site_name\" content=\"EXATRON\" \/>\n<meta property=\"article:modified_time\" content=\"2026-04-17T14:30:48+00:00\" \/>\n<meta property=\"og:image\" content=\"https:\/\/www.exatron.com.br\/wp-content\/uploads\/lest4007xc.png\" \/>\n\t<meta property=\"og:image:width\" content=\"1000\" \/>\n\t<meta property=\"og:image:height\" content=\"1000\" \/>\n\t<meta property=\"og:image:type\" content=\"image\/png\" \/>\n<meta name=\"twitter:card\" content=\"summary_large_image\" \/>\n<meta name=\"twitter:label1\" content=\"Est. reading time\" \/>\n\t<meta name=\"twitter:data1\" content=\"2 minutes\" \/>\n<script type=\"application\/ld+json\" class=\"yoast-schema-graph\">{\"@context\":\"https:\\\/\\\/schema.org\",\"@graph\":[{\"@type\":\"WebPage\",\"@id\":\"https:\\\/\\\/www.exatron.com.br\\\/produtos\\\/sensor-de-presenca-de-teto-com-chamada-auxiliar-smart-x-control\\\/\",\"url\":\"https:\\\/\\\/www.exatron.com.br\\\/produtos\\\/sensor-de-presenca-de-teto-com-chamada-auxiliar-smart-x-control\\\/\",\"name\":\"Sensor de Presen\u00e7a de Teto com Chamada Auxiliar Smart X-Control - EXATRON\",\"isPartOf\":{\"@id\":\"https:\\\/\\\/www.exatron.com.br\\\/#website\"},\"primaryImageOfPage\":{\"@id\":\"https:\\\/\\\/www.exatron.com.br\\\/produtos\\\/sensor-de-presenca-de-teto-com-chamada-auxiliar-smart-x-control\\\/#primaryimage\"},\"image\":{\"@id\":\"https:\\\/\\\/www.exatron.com.br\\\/produtos\\\/sensor-de-presenca-de-teto-com-chamada-auxiliar-smart-x-control\\\/#primaryimage\"},\"thumbnailUrl\":\"https:\\\/\\\/www.exatron.com.br\\\/wp-content\\\/uploads\\\/lest4007xc.png\",\"datePublished\":\"2025-12-08T15:08:45+00:00\",\"dateModified\":\"2026-04-17T14:30:48+00:00\",\"description\":\"LEST4007XC: Sensor de teto Smart X-Control com chamada auxiliar, controle por app, alta imunidade a interfer\u00eancias e economia de energia.\",\"breadcrumb\":{\"@id\":\"https:\\\/\\\/www.exatron.com.br\\\/produtos\\\/sensor-de-presenca-de-teto-com-chamada-auxiliar-smart-x-control\\\/#breadcrumb\"},\"inLanguage\":\"en-US\",\"potentialAction\":[{\"@type\":\"ReadAction\",\"target\":[\"https:\\\/\\\/www.exatron.com.br\\\/produtos\\\/sensor-de-presenca-de-teto-com-chamada-auxiliar-smart-x-control\\\/\"]}]},{\"@type\":\"ImageObject\",\"inLanguage\":\"en-US\",\"@id\":\"https:\\\/\\\/www.exatron.com.br\\\/produtos\\\/sensor-de-presenca-de-teto-com-chamada-auxiliar-smart-x-control\\\/#primaryimage\",\"url\":\"https:\\\/\\\/www.exatron.com.br\\\/wp-content\\\/uploads\\\/lest4007xc.png\",\"contentUrl\":\"https:\\\/\\\/www.exatron.com.br\\\/wp-content\\\/uploads\\\/lest4007xc.png\",\"width\":1000,\"height\":1000,\"caption\":\"Sensor de Presen\u00e7a de Teto com Chamada Auxiliar Smart X-Control - Frente\"},{\"@type\":\"BreadcrumbList\",\"@id\":\"https:\\\/\\\/www.exatron.com.br\\\/produtos\\\/sensor-de-presenca-de-teto-com-chamada-auxiliar-smart-x-control\\\/#breadcrumb\",\"itemListElement\":[{\"@type\":\"ListItem\",\"position\":1,\"name\":\"In\u00edcio\",\"item\":\"https:\\\/\\\/www.exatron.com.br\\\/\"},{\"@type\":\"ListItem\",\"position\":2,\"name\":\"Loja\",\"item\":\"https:\\\/\\\/www.exatron.com.br\\\/loja\\\/\"},{\"@type\":\"ListItem\",\"position\":3,\"name\":\"Sensor de Presen\u00e7a de Teto com Chamada Auxiliar Smart X-Control\"}]},{\"@type\":\"WebSite\",\"@id\":\"https:\\\/\\\/www.exatron.com.br\\\/#website\",\"url\":\"https:\\\/\\\/www.exatron.com.br\\\/\",\"name\":\"EXATRON\",\"description\":\"\",\"publisher\":{\"@id\":\"https:\\\/\\\/www.exatron.com.br\\\/#organization\"},\"potentialAction\":[{\"@type\":\"SearchAction\",\"target\":{\"@type\":\"EntryPoint\",\"urlTemplate\":\"https:\\\/\\\/www.exatron.com.br\\\/?s={search_term_string}\"},\"query-input\":{\"@type\":\"PropertyValueSpecification\",\"valueRequired\":true,\"valueName\":\"search_term_string\"}}],\"inLanguage\":\"en-US\"},{\"@type\":\"Organization\",\"@id\":\"https:\\\/\\\/www.exatron.com.br\\\/#organization\",\"name\":\"EXATRON\",\"url\":\"https:\\\/\\\/www.exatron.com.br\\\/\",\"logo\":{\"@type\":\"ImageObject\",\"inLanguage\":\"en-US\",\"@id\":\"https:\\\/\\\/www.exatron.com.br\\\/#\\\/schema\\\/logo\\\/image\\\/\",\"url\":\"https:\\\/\\\/www.exatron.com.br\\\/wp-content\\\/uploads\\\/2024\\\/11\\\/default-kit.png\",\"contentUrl\":\"https:\\\/\\\/www.exatron.com.br\\\/wp-content\\\/uploads\\\/2024\\\/11\\\/default-kit.png\",\"width\":956,\"height\":192,\"caption\":\"EXATRON\"},\"image\":{\"@id\":\"https:\\\/\\\/www.exatron.com.br\\\/#\\\/schema\\\/logo\\\/image\\\/\"}}]}<\/script>\n<!-- \/ Yoast SEO plugin. -->","yoast_head_json":{"title":"Sensor de Presen\u00e7a de Teto com Chamada Auxiliar Smart X-Control - EXATRON","description":"LEST4007XC: Sensor de teto Smart X-Control com chamada auxiliar, controle por app, alta imunidade a interfer\u00eancias e economia de energia.","robots":{"index":"index","follow":"follow","max-snippet":"max-snippet:-1","max-image-preview":"max-image-preview:large","max-video-preview":"max-video-preview:-1"},"canonical":"https:\/\/www.exatron.com.br\/en\/produtos\/sensor-de-presenca-de-teto-com-chamada-auxiliar-smart-x-control\/","og_locale":"en_US","og_type":"article","og_title":"Sensor de Presen\u00e7a de Teto com Chamada Auxiliar Smart X-Control - EXATRON","og_description":"LEST4007XC: Sensor de teto Smart X-Control com chamada auxiliar, controle por app, alta imunidade a interfer\u00eancias e economia de energia.","og_url":"https:\/\/www.exatron.com.br\/en\/produtos\/sensor-de-presenca-de-teto-com-chamada-auxiliar-smart-x-control\/","og_site_name":"EXATRON","article_modified_time":"2026-04-17T14:30:48+00:00","og_image":[{"width":1000,"height":1000,"url":"https:\/\/www.exatron.com.br\/wp-content\/uploads\/lest4007xc.png","type":"image\/png"}],"twitter_card":"summary_large_image","twitter_misc":{"Est. reading time":"2 minutes"},"schema":{"@context":"https:\/\/schema.org","@graph":[{"@type":"WebPage","@id":"https:\/\/www.exatron.com.br\/produtos\/sensor-de-presenca-de-teto-com-chamada-auxiliar-smart-x-control\/","url":"https:\/\/www.exatron.com.br\/produtos\/sensor-de-presenca-de-teto-com-chamada-auxiliar-smart-x-control\/","name":"Sensor de Presen\u00e7a de Teto com Chamada Auxiliar Smart X-Control - EXATRON","isPartOf":{"@id":"https:\/\/www.exatron.com.br\/#website"},"primaryImageOfPage":{"@id":"https:\/\/www.exatron.com.br\/produtos\/sensor-de-presenca-de-teto-com-chamada-auxiliar-smart-x-control\/#primaryimage"},"image":{"@id":"https:\/\/www.exatron.com.br\/produtos\/sensor-de-presenca-de-teto-com-chamada-auxiliar-smart-x-control\/#primaryimage"},"thumbnailUrl":"https:\/\/www.exatron.com.br\/wp-content\/uploads\/lest4007xc.png","datePublished":"2025-12-08T15:08:45+00:00","dateModified":"2026-04-17T14:30:48+00:00","description":"LEST4007XC: Sensor de teto Smart X-Control com chamada auxiliar, controle por app, alta imunidade a interfer\u00eancias e economia de energia.","breadcrumb":{"@id":"https:\/\/www.exatron.com.br\/produtos\/sensor-de-presenca-de-teto-com-chamada-auxiliar-smart-x-control\/#breadcrumb"},"inLanguage":"en-US","potentialAction":[{"@type":"ReadAction","target":["https:\/\/www.exatron.com.br\/produtos\/sensor-de-presenca-de-teto-com-chamada-auxiliar-smart-x-control\/"]}]},{"@type":"ImageObject","inLanguage":"en-US","@id":"https:\/\/www.exatron.com.br\/produtos\/sensor-de-presenca-de-teto-com-chamada-auxiliar-smart-x-control\/#primaryimage","url":"https:\/\/www.exatron.com.br\/wp-content\/uploads\/lest4007xc.png","contentUrl":"https:\/\/www.exatron.com.br\/wp-content\/uploads\/lest4007xc.png","width":1000,"height":1000,"caption":"Sensor de Presen\u00e7a de Teto com Chamada Auxiliar Smart X-Control - Frente"},{"@type":"BreadcrumbList","@id":"https:\/\/www.exatron.com.br\/produtos\/sensor-de-presenca-de-teto-com-chamada-auxiliar-smart-x-control\/#breadcrumb","itemListElement":[{"@type":"ListItem","position":1,"name":"In\u00edcio","item":"https:\/\/www.exatron.com.br\/"},{"@type":"ListItem","position":2,"name":"Loja","item":"https:\/\/www.exatron.com.br\/loja\/"},{"@type":"ListItem","position":3,"name":"Sensor de Presen\u00e7a de Teto com Chamada Auxiliar Smart X-Control"}]},{"@type":"WebSite","@id":"https:\/\/www.exatron.com.br\/#website","url":"https:\/\/www.exatron.com.br\/","name":"EXATRON","description":"","publisher":{"@id":"https:\/\/www.exatron.com.br\/#organization"},"potentialAction":[{"@type":"SearchAction","target":{"@type":"EntryPoint","urlTemplate":"https:\/\/www.exatron.com.br\/?s={search_term_string}"},"query-input":{"@type":"PropertyValueSpecification","valueRequired":true,"valueName":"search_term_string"}}],"inLanguage":"en-US"},{"@type":"Organization","@id":"https:\/\/www.exatron.com.br\/#organization","name":"EXATRON","url":"https:\/\/www.exatron.com.br\/","logo":{"@type":"ImageObject","inLanguage":"en-US","@id":"https:\/\/www.exatron.com.br\/#\/schema\/logo\/image\/","url":"https:\/\/www.exatron.com.br\/wp-content\/uploads\/2024\/11\/default-kit.png","contentUrl":"https:\/\/www.exatron.com.br\/wp-content\/uploads\/2024\/11\/default-kit.png","width":956,"height":192,"caption":"EXATRON"},"image":{"@id":"https:\/\/www.exatron.com.br\/#\/schema\/logo\/image\/"}}]}},"_links":{"self":[{"href":"https:\/\/www.exatron.com.br\/en\/wp-json\/wp\/v2\/product\/10686","targetHints":{"allow":["GET"]}}],"collection":[{"href":"https:\/\/www.exatron.com.br\/en\/wp-json\/wp\/v2\/product"}],"about":[{"href":"https:\/\/www.exatron.com.br\/en\/wp-json\/wp\/v2\/types\/product"}],"replies":[{"embeddable":true,"href":"https:\/\/www.exatron.com.br\/en\/wp-json\/wp\/v2\/comments?post=10686"}],"wp:featuredmedia":[{"embeddable":true,"href":"https:\/\/www.exatron.com.br\/en\/wp-json\/wp\/v2\/media\/14568"}],"wp:attachment":[{"href":"https:\/\/www.exatron.com.br\/en\/wp-json\/wp\/v2\/media?parent=10686"}],"wp:term":[{"taxonomy":"aplicacao","embeddable":true,"href":"https:\/\/www.exatron.com.br\/en\/wp-json\/wp\/v2\/aplicacao?post=10686"},{"taxonomy":"product_brand","embeddable":true,"href":"https:\/\/www.exatron.com.br\/en\/wp-json\/wp\/v2\/product_brand?post=10686"},{"taxonomy":"product_cat","embeddable":true,"href":"https:\/\/www.exatron.com.br\/en\/wp-json\/wp\/v2\/product_cat?post=10686"},{"taxonomy":"product_tag","embeddable":true,"href":"https:\/\/www.exatron.com.br\/en\/wp-json\/wp\/v2\/product_tag?post=10686"}],"curies":[{"name":"wp","href":"https:\/\/api.w.org\/{rel}","templated":true}]}}