{"id":10688,"date":"2025-12-08T15:08:45","date_gmt":"2025-12-08T15:08:45","guid":{"rendered":""},"modified":"2026-04-23T16:02:08","modified_gmt":"2026-04-23T19:02:08","slug":"dispositivos-de-protecao-contra-surtos-compacto-classe-ii-rohs-dps","status":"publish","type":"product","link":"https:\/\/www.exatron.com.br\/en\/produtos\/dispositivos-de-protecao-contra-surtos-compacto-classe-ii-rohs-dps\/","title":{"rendered":"DPS Classe II para lumin\u00e1rias &#8211; RoHS"},"content":{"rendered":"<h3>Technical Specifications<\/h3>\n<p>\u2022 Tens\u00e3o Nominal de Opera\u00e7\u00e3o: 127\/220 Vac 50\/60 Hz;<\/p>\n<p>\u2022 Aplica\u00e7\u00e3o para prote\u00e7\u00e3o de sistemas de ilumina\u00e7\u00e3o com tecnologia LED em rodovias, vias p\u00fablicas, t\u00faneis, garagens e estacionamentos;<\/p>\n<p>\u2022 Suportabilidade a correntes de surtos de 12 kA @ 8\/20 \u00b5s;<\/p>\n<p>\u2022 Suportabilidade a impulsos de tens\u00e3o de 10 kV @ 1,2\/50 \u00b5s;<\/p>\n<p>\u2022 Liga\u00e7\u00e3o em s\u00e9rie ou paralelo com a carga;<\/p>\n<p>\u2022 Produto protegido termicamente;<\/p>\n<p>\u2022 Led indicativo de Opera\u00e7\u00e3o;<\/p>\n<p>\u2022 Inv\u00f3lucro em material com caracter\u00edstica de n\u00e3o propaga\u00e7\u00e3o e auto extin\u00e7\u00e3o de fogo;<\/p>\n<p>\u2022 Aten\u00e7\u00e3o: Led indicador desligado significa falta de energia el\u00e9trica ou fim da vida \u00fatil por surto de maior energia absorv\u00edvel, neste caso, o DPS dever\u00e1 ser substitu\u00eddo;<\/p>\n<p>\u2022 Classe de prote\u00e7\u00e3o (IEC 61643-11): II;<\/p>\n<p>\u2022 Modos de prote\u00e7\u00e3o: Diferencial (L-N) e Comum (L-G\/N-G);<\/p>\n<p>\u2022 Tecnologia de prote\u00e7\u00e3o: Varistor de \u00d3xido Met\u00e1lico (MOV) e Centelhador a G\u00e1s (GDT);<\/p>\n<p>\u2022 Prote\u00e7\u00e3o t\u00e9rmica do produto: Sim;<\/p>\n<p>\u2022 Sistema de aterramento: TN e TT;<\/p>\n<p>\u2022 Grau de prote\u00e7\u00e3o: IP67;<\/p>\n<p>\u2022 Indicador de opera\u00e7\u00e3o: Led, ativo em opera\u00e7\u00e3o;<\/p>\n<p>\u2022 N\u00b0 de condutores Protegidos: 02 (dois);<\/p>\n<p>\u2022 Conex\u00e3o el\u00e9trica;<\/p>\n<p>\u2022 Por fios de 1,5 mm\u00b2;<\/p>\n<p>\u2022 Esquema de liga\u00e7\u00e3o: Em s\u00e9rie ou paralelo com a carga;<\/p>\n<p>\u2022 Fus\u00edvel backup \u00a0(recomendado): 16 A (gL\/gG);<\/p>\n<p>\u2022 Temperatura de opera\u00e7\u00e3o: -40 \u00b0C a +85 \u00b0C;<\/p>\n<p>\u2022 Tens\u00e3o nominal de opera\u00e7\u00e3o: 127\/220 Vac;<\/p>\n<p>\u2022 Tens\u00e3o m\u00e1xima de opera\u00e7\u00e3o cont\u00ednua (UC): 275 Vac \/ 350 Vcc;<\/p>\n<p>\u2022 Corrente m\u00e1xima de carga (IL): 10 A (Aplic\u00e1vel apenas quando o produto for ligado em s\u00e9rie);<\/p>\n<p>\u2022 Corrente nominal de descarga (IN) @ 8\/20\u00b5s: 5 kA;<\/p>\n<p>\u2022 Corrente m\u00e1xima de descarga (IMAX) @ 8\/20\u00b5s: 12 kA;<\/p>\n<p>\u2022 Tens\u00e3o de circuito aberto (UOC) @ 1,2\/50\u00b5s: 10 kV;<\/p>\n<p>\u2022 N\u00edvel de prote\u00e7\u00e3o de tens\u00e3o (UP): &lt; 1,3 kV;<\/p>\n<p>\u2022 Corrente residual (IPE): &lt; 0,1 mA;<\/p>\n<p>\u2022 Tempo de resposta t\u00edpico: &lt; 100 ns;<\/p>\n<p>\u2022 Produto em conformidade com a RoHS.<\/p>","protected":false},"excerpt":{"rendered":"<p>O Dispositivo de prote\u00e7\u00e3o contra surtos \u00a0RoHS(DPS) Classe II (LLIP3000 R) Exatron \u00e9 um equipamento com tecnologia combinada de Varistor de \u00d3xido Met\u00e1lico (MOV) e Centelhador a G\u00e1s (GDT), que oferece maior vida \u00fatil aos drives de pot\u00eancia de lumin\u00e1rias. Projetado para suportar surtos el\u00e9tricos, provocados por descargas atmosf\u00e9ricas e manobras no sistema el\u00e9trico, conforme IEC 61643-11. Possui suporte de fixa\u00e7\u00e3o remov\u00edvel e sinaliza\u00e7\u00e3o do estado de opera\u00e7\u00e3o ativo atrav\u00e9s de LED. O LLIP3000 suporta surtos de corrente de at\u00e9 12 kA ou de tens\u00f5es de at\u00e9 10 kV.<\/p>","protected":false},"featured_media":10261,"comment_status":"open","ping_status":"closed","template":"","meta":{"_acf_changed":false,"_joinchat":[]},"aplicacao":[269],"product_brand":[],"product_cat":[314],"product_tag":[936,935,962,528,966],"class_list":{"0":"post-10688","1":"product","2":"type-product","3":"status-publish","4":"has-post-thumbnail","6":"aplicacao-seguranca-de-rede-eletrica-baixa-tensao","7":"product_cat-dps","8":"product_tag-dispositivo-de-protecao-contra-surtos","9":"product_tag-dps","10":"product_tag-dps-classe-ii","11":"product_tag-ip67","12":"product_tag-protecao-termica","14":"first","15":"indisponivel","16":"shipping-taxable","17":"product-type-simple"},"acf":[],"yoast_head":"<!-- This site is optimized with the Yoast SEO plugin v27.3 - https:\/\/yoast.com\/product\/yoast-seo-wordpress\/ -->\n<title>DPS Classe II para lumin\u00e1rias - RoHS - EXATRON<\/title>\n<meta name=\"description\" content=\"LLIP3000 R Exatron: DPS Classe II RoHS. Prote\u00e7\u00e3o t\u00e9rmica para sistemas LED, suportando at\u00e9 12 kA, IP67 e tecnologia MOV + GDT com LED indicador.\" \/>\n<meta name=\"robots\" content=\"index, follow, max-snippet:-1, max-image-preview:large, max-video-preview:-1\" \/>\n<link rel=\"canonical\" href=\"https:\/\/www.exatron.com.br\/en\/produtos\/dispositivos-de-protecao-contra-surtos-compacto-classe-ii-rohs-dps\/\" \/>\n<meta property=\"og:locale\" content=\"en_US\" \/>\n<meta property=\"og:type\" content=\"article\" \/>\n<meta property=\"og:title\" content=\"DPS Classe II para lumin\u00e1rias - RoHS - EXATRON\" \/>\n<meta property=\"og:description\" content=\"LLIP3000 R Exatron: DPS Classe II RoHS. Prote\u00e7\u00e3o t\u00e9rmica para sistemas LED, suportando at\u00e9 12 kA, IP67 e tecnologia MOV + GDT com LED indicador.\" \/>\n<meta property=\"og:url\" content=\"https:\/\/www.exatron.com.br\/en\/produtos\/dispositivos-de-protecao-contra-surtos-compacto-classe-ii-rohs-dps\/\" \/>\n<meta property=\"og:site_name\" content=\"EXATRON\" \/>\n<meta property=\"article:modified_time\" content=\"2026-04-23T19:02:08+00:00\" \/>\n<meta property=\"og:image\" content=\"https:\/\/www.exatron.com.br\/wp-content\/uploads\/2025\/12\/yyshgubt8owlj3bzcmfqmsurx1tezacki0bcquml.png\" \/>\n\t<meta property=\"og:image:width\" content=\"1080\" \/>\n\t<meta property=\"og:image:height\" content=\"1080\" \/>\n\t<meta property=\"og:image:type\" content=\"image\/png\" \/>\n<meta name=\"twitter:card\" content=\"summary_large_image\" \/>\n<meta name=\"twitter:label1\" content=\"Est. reading time\" \/>\n\t<meta name=\"twitter:data1\" content=\"2 minutes\" \/>\n<script type=\"application\/ld+json\" class=\"yoast-schema-graph\">{\"@context\":\"https:\\\/\\\/schema.org\",\"@graph\":[{\"@type\":\"WebPage\",\"@id\":\"https:\\\/\\\/www.exatron.com.br\\\/produtos\\\/dispositivos-de-protecao-contra-surtos-compacto-classe-ii-rohs-dps\\\/\",\"url\":\"https:\\\/\\\/www.exatron.com.br\\\/produtos\\\/dispositivos-de-protecao-contra-surtos-compacto-classe-ii-rohs-dps\\\/\",\"name\":\"DPS Classe II para lumin\u00e1rias - RoHS - EXATRON\",\"isPartOf\":{\"@id\":\"https:\\\/\\\/www.exatron.com.br\\\/#website\"},\"primaryImageOfPage\":{\"@id\":\"https:\\\/\\\/www.exatron.com.br\\\/produtos\\\/dispositivos-de-protecao-contra-surtos-compacto-classe-ii-rohs-dps\\\/#primaryimage\"},\"image\":{\"@id\":\"https:\\\/\\\/www.exatron.com.br\\\/produtos\\\/dispositivos-de-protecao-contra-surtos-compacto-classe-ii-rohs-dps\\\/#primaryimage\"},\"thumbnailUrl\":\"https:\\\/\\\/www.exatron.com.br\\\/wp-content\\\/uploads\\\/2025\\\/12\\\/yyshgubt8owlj3bzcmfqmsurx1tezacki0bcquml.png\",\"datePublished\":\"2025-12-08T15:08:45+00:00\",\"dateModified\":\"2026-04-23T19:02:08+00:00\",\"description\":\"LLIP3000 R Exatron: DPS Classe II RoHS. Prote\u00e7\u00e3o t\u00e9rmica para sistemas LED, suportando at\u00e9 12 kA, IP67 e tecnologia MOV + GDT com LED indicador.\",\"breadcrumb\":{\"@id\":\"https:\\\/\\\/www.exatron.com.br\\\/produtos\\\/dispositivos-de-protecao-contra-surtos-compacto-classe-ii-rohs-dps\\\/#breadcrumb\"},\"inLanguage\":\"en-US\",\"potentialAction\":[{\"@type\":\"ReadAction\",\"target\":[\"https:\\\/\\\/www.exatron.com.br\\\/produtos\\\/dispositivos-de-protecao-contra-surtos-compacto-classe-ii-rohs-dps\\\/\"]}]},{\"@type\":\"ImageObject\",\"inLanguage\":\"en-US\",\"@id\":\"https:\\\/\\\/www.exatron.com.br\\\/produtos\\\/dispositivos-de-protecao-contra-surtos-compacto-classe-ii-rohs-dps\\\/#primaryimage\",\"url\":\"https:\\\/\\\/www.exatron.com.br\\\/wp-content\\\/uploads\\\/2025\\\/12\\\/yyshgubt8owlj3bzcmfqmsurx1tezacki0bcquml.png\",\"contentUrl\":\"https:\\\/\\\/www.exatron.com.br\\\/wp-content\\\/uploads\\\/2025\\\/12\\\/yyshgubt8owlj3bzcmfqmsurx1tezacki0bcquml.png\",\"width\":1080,\"height\":1080,\"caption\":\"Projetado para suportar surtos el\u00e9tricos, provocados por descargas atmosf\u00e9ricas e manobras no sistema el\u00e9trico, conforme IEC 61643-11.\"},{\"@type\":\"BreadcrumbList\",\"@id\":\"https:\\\/\\\/www.exatron.com.br\\\/produtos\\\/dispositivos-de-protecao-contra-surtos-compacto-classe-ii-rohs-dps\\\/#breadcrumb\",\"itemListElement\":[{\"@type\":\"ListItem\",\"position\":1,\"name\":\"In\u00edcio\",\"item\":\"https:\\\/\\\/www.exatron.com.br\\\/\"},{\"@type\":\"ListItem\",\"position\":2,\"name\":\"Loja\",\"item\":\"https:\\\/\\\/www.exatron.com.br\\\/loja\\\/\"},{\"@type\":\"ListItem\",\"position\":3,\"name\":\"DPS Classe II para lumin\u00e1rias &#8211; RoHS\"}]},{\"@type\":\"WebSite\",\"@id\":\"https:\\\/\\\/www.exatron.com.br\\\/#website\",\"url\":\"https:\\\/\\\/www.exatron.com.br\\\/\",\"name\":\"EXATRON\",\"description\":\"\",\"publisher\":{\"@id\":\"https:\\\/\\\/www.exatron.com.br\\\/#organization\"},\"potentialAction\":[{\"@type\":\"SearchAction\",\"target\":{\"@type\":\"EntryPoint\",\"urlTemplate\":\"https:\\\/\\\/www.exatron.com.br\\\/?s={search_term_string}\"},\"query-input\":{\"@type\":\"PropertyValueSpecification\",\"valueRequired\":true,\"valueName\":\"search_term_string\"}}],\"inLanguage\":\"en-US\"},{\"@type\":\"Organization\",\"@id\":\"https:\\\/\\\/www.exatron.com.br\\\/#organization\",\"name\":\"EXATRON\",\"url\":\"https:\\\/\\\/www.exatron.com.br\\\/\",\"logo\":{\"@type\":\"ImageObject\",\"inLanguage\":\"en-US\",\"@id\":\"https:\\\/\\\/www.exatron.com.br\\\/#\\\/schema\\\/logo\\\/image\\\/\",\"url\":\"https:\\\/\\\/www.exatron.com.br\\\/wp-content\\\/uploads\\\/2024\\\/11\\\/default-kit.png\",\"contentUrl\":\"https:\\\/\\\/www.exatron.com.br\\\/wp-content\\\/uploads\\\/2024\\\/11\\\/default-kit.png\",\"width\":956,\"height\":192,\"caption\":\"EXATRON\"},\"image\":{\"@id\":\"https:\\\/\\\/www.exatron.com.br\\\/#\\\/schema\\\/logo\\\/image\\\/\"}}]}<\/script>\n<!-- \/ Yoast SEO plugin. -->","yoast_head_json":{"title":"DPS Classe II para lumin\u00e1rias - RoHS - EXATRON","description":"LLIP3000 R Exatron: DPS Classe II RoHS. Prote\u00e7\u00e3o t\u00e9rmica para sistemas LED, suportando at\u00e9 12 kA, IP67 e tecnologia MOV + GDT com LED indicador.","robots":{"index":"index","follow":"follow","max-snippet":"max-snippet:-1","max-image-preview":"max-image-preview:large","max-video-preview":"max-video-preview:-1"},"canonical":"https:\/\/www.exatron.com.br\/en\/produtos\/dispositivos-de-protecao-contra-surtos-compacto-classe-ii-rohs-dps\/","og_locale":"en_US","og_type":"article","og_title":"DPS Classe II para lumin\u00e1rias - RoHS - EXATRON","og_description":"LLIP3000 R Exatron: DPS Classe II RoHS. Prote\u00e7\u00e3o t\u00e9rmica para sistemas LED, suportando at\u00e9 12 kA, IP67 e tecnologia MOV + GDT com LED indicador.","og_url":"https:\/\/www.exatron.com.br\/en\/produtos\/dispositivos-de-protecao-contra-surtos-compacto-classe-ii-rohs-dps\/","og_site_name":"EXATRON","article_modified_time":"2026-04-23T19:02:08+00:00","og_image":[{"width":1080,"height":1080,"url":"https:\/\/www.exatron.com.br\/wp-content\/uploads\/2025\/12\/yyshgubt8owlj3bzcmfqmsurx1tezacki0bcquml.png","type":"image\/png"}],"twitter_card":"summary_large_image","twitter_misc":{"Est. reading time":"2 minutes"},"schema":{"@context":"https:\/\/schema.org","@graph":[{"@type":"WebPage","@id":"https:\/\/www.exatron.com.br\/produtos\/dispositivos-de-protecao-contra-surtos-compacto-classe-ii-rohs-dps\/","url":"https:\/\/www.exatron.com.br\/produtos\/dispositivos-de-protecao-contra-surtos-compacto-classe-ii-rohs-dps\/","name":"DPS Classe II para lumin\u00e1rias - RoHS - EXATRON","isPartOf":{"@id":"https:\/\/www.exatron.com.br\/#website"},"primaryImageOfPage":{"@id":"https:\/\/www.exatron.com.br\/produtos\/dispositivos-de-protecao-contra-surtos-compacto-classe-ii-rohs-dps\/#primaryimage"},"image":{"@id":"https:\/\/www.exatron.com.br\/produtos\/dispositivos-de-protecao-contra-surtos-compacto-classe-ii-rohs-dps\/#primaryimage"},"thumbnailUrl":"https:\/\/www.exatron.com.br\/wp-content\/uploads\/2025\/12\/yyshgubt8owlj3bzcmfqmsurx1tezacki0bcquml.png","datePublished":"2025-12-08T15:08:45+00:00","dateModified":"2026-04-23T19:02:08+00:00","description":"LLIP3000 R Exatron: DPS Classe II RoHS. Prote\u00e7\u00e3o t\u00e9rmica para sistemas LED, suportando at\u00e9 12 kA, IP67 e tecnologia MOV + GDT com LED indicador.","breadcrumb":{"@id":"https:\/\/www.exatron.com.br\/produtos\/dispositivos-de-protecao-contra-surtos-compacto-classe-ii-rohs-dps\/#breadcrumb"},"inLanguage":"en-US","potentialAction":[{"@type":"ReadAction","target":["https:\/\/www.exatron.com.br\/produtos\/dispositivos-de-protecao-contra-surtos-compacto-classe-ii-rohs-dps\/"]}]},{"@type":"ImageObject","inLanguage":"en-US","@id":"https:\/\/www.exatron.com.br\/produtos\/dispositivos-de-protecao-contra-surtos-compacto-classe-ii-rohs-dps\/#primaryimage","url":"https:\/\/www.exatron.com.br\/wp-content\/uploads\/2025\/12\/yyshgubt8owlj3bzcmfqmsurx1tezacki0bcquml.png","contentUrl":"https:\/\/www.exatron.com.br\/wp-content\/uploads\/2025\/12\/yyshgubt8owlj3bzcmfqmsurx1tezacki0bcquml.png","width":1080,"height":1080,"caption":"Projetado para suportar surtos el\u00e9tricos, provocados por descargas atmosf\u00e9ricas e manobras no sistema el\u00e9trico, conforme IEC 61643-11."},{"@type":"BreadcrumbList","@id":"https:\/\/www.exatron.com.br\/produtos\/dispositivos-de-protecao-contra-surtos-compacto-classe-ii-rohs-dps\/#breadcrumb","itemListElement":[{"@type":"ListItem","position":1,"name":"In\u00edcio","item":"https:\/\/www.exatron.com.br\/"},{"@type":"ListItem","position":2,"name":"Loja","item":"https:\/\/www.exatron.com.br\/loja\/"},{"@type":"ListItem","position":3,"name":"DPS Classe II para lumin\u00e1rias &#8211; RoHS"}]},{"@type":"WebSite","@id":"https:\/\/www.exatron.com.br\/#website","url":"https:\/\/www.exatron.com.br\/","name":"EXATRON","description":"","publisher":{"@id":"https:\/\/www.exatron.com.br\/#organization"},"potentialAction":[{"@type":"SearchAction","target":{"@type":"EntryPoint","urlTemplate":"https:\/\/www.exatron.com.br\/?s={search_term_string}"},"query-input":{"@type":"PropertyValueSpecification","valueRequired":true,"valueName":"search_term_string"}}],"inLanguage":"en-US"},{"@type":"Organization","@id":"https:\/\/www.exatron.com.br\/#organization","name":"EXATRON","url":"https:\/\/www.exatron.com.br\/","logo":{"@type":"ImageObject","inLanguage":"en-US","@id":"https:\/\/www.exatron.com.br\/#\/schema\/logo\/image\/","url":"https:\/\/www.exatron.com.br\/wp-content\/uploads\/2024\/11\/default-kit.png","contentUrl":"https:\/\/www.exatron.com.br\/wp-content\/uploads\/2024\/11\/default-kit.png","width":956,"height":192,"caption":"EXATRON"},"image":{"@id":"https:\/\/www.exatron.com.br\/#\/schema\/logo\/image\/"}}]}},"_links":{"self":[{"href":"https:\/\/www.exatron.com.br\/en\/wp-json\/wp\/v2\/product\/10688","targetHints":{"allow":["GET"]}}],"collection":[{"href":"https:\/\/www.exatron.com.br\/en\/wp-json\/wp\/v2\/product"}],"about":[{"href":"https:\/\/www.exatron.com.br\/en\/wp-json\/wp\/v2\/types\/product"}],"replies":[{"embeddable":true,"href":"https:\/\/www.exatron.com.br\/en\/wp-json\/wp\/v2\/comments?post=10688"}],"wp:featuredmedia":[{"embeddable":true,"href":"https:\/\/www.exatron.com.br\/en\/wp-json\/wp\/v2\/media\/10261"}],"wp:attachment":[{"href":"https:\/\/www.exatron.com.br\/en\/wp-json\/wp\/v2\/media?parent=10688"}],"wp:term":[{"taxonomy":"aplicacao","embeddable":true,"href":"https:\/\/www.exatron.com.br\/en\/wp-json\/wp\/v2\/aplicacao?post=10688"},{"taxonomy":"product_brand","embeddable":true,"href":"https:\/\/www.exatron.com.br\/en\/wp-json\/wp\/v2\/product_brand?post=10688"},{"taxonomy":"product_cat","embeddable":true,"href":"https:\/\/www.exatron.com.br\/en\/wp-json\/wp\/v2\/product_cat?post=10688"},{"taxonomy":"product_tag","embeddable":true,"href":"https:\/\/www.exatron.com.br\/en\/wp-json\/wp\/v2\/product_tag?post=10688"}],"curies":[{"name":"wp","href":"https:\/\/api.w.org\/{rel}","templated":true}]}}