{"id":10693,"date":"2025-12-08T15:08:45","date_gmt":"2025-12-08T15:08:45","guid":{"rendered":""},"modified":"2026-04-22T15:10:52","modified_gmt":"2026-04-22T18:10:52","slug":"controlador-de-carga-smart","status":"publish","type":"product","link":"https:\/\/www.exatron.com.br\/en\/produtos\/controlador-de-carga-smart\/","title":{"rendered":"Smart Charge Controller"},"content":{"rendered":"<h3>Technical Specifications<\/h3>\n<p>\u2022 Tens\u00e3o: 100-240V~ 50\/60Hz;<\/p>\n<p>\u2022 Consumo: &lt;1,0W;<\/p>\n<p>\u2022 Corrente nominal resistiva: 10A;<\/p>\n<p>\u2022 Dimens\u00f5es: 88,5x39x26mm;<\/p>\n<p>\u2022 Technology: Wi-Fi IEEE 802.11b\/g\/n 2.4GHz;<\/p>\n<p>\u2022 Distance: up to 30m from the router without obstacles;<\/p>\n<p>\u2022 Temperatura de opera\u00e7\u00e3o: 0\u00b0C a 40\u00b0C;<\/p>\n<p>\u2022\u00a0Garantia: 02 anos.<\/p>\n<p>\u2022\u00a0Pot\u00eancia de Comando:<\/p>\n<figure class=\"table\">\n<table>\n<tbody>\n<tr>\n<td style=\"text-align: center\" rowspan=\"2\"><strong>Voltage<\/strong><\/td>\n<td style=\"text-align: center\" colspan=\"2\"><strong>L\u00e2mpadas<\/strong><\/td>\n<td style=\"text-align: center\" rowspan=\"2\"><strong>Motor<\/strong><\/td>\n<td style=\"text-align: center\" rowspan=\"2\"><strong>Resistivo<\/strong><\/td>\n<\/tr>\n<tr>\n<td style=\"text-align: center\">FP&lt;0,7<\/td>\n<td style=\"text-align: center\">FP\u22650,7<\/td>\n<\/tr>\n<tr>\n<td style=\"text-align: center\">127V~<\/td>\n<td style=\"text-align: center\">80W<\/td>\n<td style=\"text-align: center\">150W<\/td>\n<td style=\"text-align: center\">300W<\/td>\n<td style=\"text-align: center\">1300W<\/td>\n<\/tr>\n<tr>\n<td style=\"text-align: center\">220V~<\/td>\n<td style=\"text-align: center\">120W<\/td>\n<td style=\"text-align: center\">200W<\/td>\n<td style=\"text-align: center\">500W<\/td>\n<td style=\"text-align: center\">2200W<\/td>\n<\/tr>\n<\/tbody>\n<\/table>\n<\/figure>\n<p><strong>Obs.: <\/strong>A tabela acima apresenta a pot\u00eancia m\u00e1xima que o produto suporta, a pot\u00eancia consumida n\u00e3o deve ser maior que os valores apresentados na tabela. Esse dispositivo n\u00e3o deve ser utilizado no acionamento direto de motores e equipamentos el\u00e9tricos que possuam corrente de partida maior que a corrente m\u00e1xima do dispositivo. Para sua seguran\u00e7a, n\u00e3o abra o produto sob nenhuma circunst\u00e2ncia.<\/p>\n<p>&nbsp;<\/p>\n<h3>Installation<\/h3>\n<p>\u2022 Configure o Controlador de Carga Smart pelo aplicativo myhouse X, dispon\u00edvel para download no Google Play e na App Store. Vers\u00e3o m\u00ednima do sistema operacional: iOS 11.0 \/ Android\u2122 7.0;<\/p>\n<p>\u2022\u00a0Instala\u00e7\u00e3o de embutir em caixas sextavadas ou de sobrepor fixado em superf\u00edcies;<\/p>\n<p>\u2022 Utilizar em ambientes internos com cobertura de Wi-Fi, protegido de intemp\u00e9ries, sem umidade, vibra\u00e7\u00f5es e distante de fonte de calor. Esse produto \u00e9 feito para instala\u00e7\u00e3o de acordo com o C\u00f3digo El\u00e9trico Nacional e regula\u00e7\u00f5es locais no Brasil (NBR5410).<\/p>\n<p>&nbsp;<\/p>","protected":false},"excerpt":{"rendered":"<p>Revolucione e conecte espa\u00e7os com a linha myhouse X da Exatron! Mais seguran\u00e7a, qualidade e inova\u00e7\u00e3o na automa\u00e7\u00e3o de ambientes.<\/p>\n<p>O Controlador de Carga Smart (LSRL6101) \u00e9 utilizado no acionamento, agendamento, temporiza\u00e7\u00e3o e automatiza\u00e7\u00e3o de l\u00e2mpadas e eletrodom\u00e9sticos, com a comodidade do controle realizado remotamente.<\/p>\n<p>De f\u00e1cil instala\u00e7\u00e3o, propicia uma nova forma de controlar suas cargas el\u00e9tricas, por meio de outros dispositivos da linha pelo aplicativo myhouse X e comando de voz da Amazon Alexa ou Google Assistente.<\/p>\n<p>&nbsp;<\/p>\n<p><i>LSRL6101 | 13608-23-15946<\/i><\/p>\n<p><i>&quot;This equipment is not entitled to protection against harmful interference and may not cause interference to duly authorized systems.&quot;<\/i><\/p>\n<p><i>&quot;This product is approved by ANATEL, in accordance with the procedures regulated by Resolution No. 715, of October 23, 2019, and meets the applicable technical requirements.&quot;<\/i><\/p>\n<p><i>&quot;For more information, please visit the Anatel website: www.gov.br\/anatel\/pt-br\/&quot;<\/i><\/p>","protected":false},"featured_media":10269,"comment_status":"open","ping_status":"closed","template":"","meta":{"_acf_changed":false,"_joinchat":[]},"aplicacao":[],"product_brand":[],"product_cat":[360,322],"product_tag":[849,752,864,866,867],"class_list":{"0":"post-10693","1":"product","2":"type-product","3":"status-publish","4":"has-post-thumbnail","6":"product_cat-myhouse-x-controlador-smart","7":"product_cat-myhouse-x","8":"product_tag-automacao-predial","9":"product_tag-automacao-residencial","10":"product_tag-controlador-de-carga","11":"product_tag-controle-de-carga-smart","12":"product_tag-controle-smart","14":"first","15":"instock","16":"shipping-taxable","17":"purchasable","18":"product-type-simple"},"acf":[],"yoast_head":"<!-- This site is optimized with the Yoast SEO plugin v27.3 - https:\/\/yoast.com\/product\/yoast-seo-wordpress\/ -->\n<title>Controlador de Carga Smart - EXATRON<\/title>\n<meta name=\"description\" content=\"Revolucione e conecte espa\u00e7os com a linha myhouse X da Exatron! Mais seguran\u00e7a, qualidade e inova\u00e7\u00e3o na automa\u00e7\u00e3o de ambientes.\" \/>\n<meta name=\"robots\" content=\"index, follow, max-snippet:-1, max-image-preview:large, max-video-preview:-1\" \/>\n<link rel=\"canonical\" href=\"https:\/\/www.exatron.com.br\/en\/produtos\/controlador-de-carga-smart\/\" \/>\n<meta property=\"og:locale\" content=\"en_US\" \/>\n<meta property=\"og:type\" content=\"article\" \/>\n<meta property=\"og:title\" content=\"Controlador de Carga Smart - EXATRON\" \/>\n<meta property=\"og:description\" content=\"Revolucione e conecte espa\u00e7os com a linha myhouse X da Exatron! Mais seguran\u00e7a, qualidade e inova\u00e7\u00e3o na automa\u00e7\u00e3o de ambientes.\" \/>\n<meta property=\"og:url\" content=\"https:\/\/www.exatron.com.br\/en\/produtos\/controlador-de-carga-smart\/\" \/>\n<meta property=\"og:site_name\" content=\"EXATRON\" \/>\n<meta property=\"article:modified_time\" content=\"2026-04-22T18:10:52+00:00\" \/>\n<meta property=\"og:image\" content=\"https:\/\/www.exatron.com.br\/wp-content\/uploads\/2025\/12\/p5wwhzi3rb6lsj4wbtht3vjcgvfdjzk0vehxs46q.png\" \/>\n\t<meta property=\"og:image:width\" content=\"1080\" \/>\n\t<meta property=\"og:image:height\" content=\"1080\" \/>\n\t<meta property=\"og:image:type\" content=\"image\/png\" \/>\n<meta name=\"twitter:card\" content=\"summary_large_image\" \/>\n<meta name=\"twitter:label1\" content=\"Est. reading time\" \/>\n\t<meta name=\"twitter:data1\" content=\"2 minutes\" \/>\n<script type=\"application\/ld+json\" class=\"yoast-schema-graph\">{\"@context\":\"https:\\\/\\\/schema.org\",\"@graph\":[{\"@type\":\"WebPage\",\"@id\":\"https:\\\/\\\/www.exatron.com.br\\\/produtos\\\/controlador-de-carga-smart\\\/\",\"url\":\"https:\\\/\\\/www.exatron.com.br\\\/produtos\\\/controlador-de-carga-smart\\\/\",\"name\":\"Controlador de Carga Smart - EXATRON\",\"isPartOf\":{\"@id\":\"https:\\\/\\\/www.exatron.com.br\\\/#website\"},\"primaryImageOfPage\":{\"@id\":\"https:\\\/\\\/www.exatron.com.br\\\/produtos\\\/controlador-de-carga-smart\\\/#primaryimage\"},\"image\":{\"@id\":\"https:\\\/\\\/www.exatron.com.br\\\/produtos\\\/controlador-de-carga-smart\\\/#primaryimage\"},\"thumbnailUrl\":\"https:\\\/\\\/www.exatron.com.br\\\/wp-content\\\/uploads\\\/2025\\\/12\\\/p5wwhzi3rb6lsj4wbtht3vjcgvfdjzk0vehxs46q.png\",\"datePublished\":\"2025-12-08T15:08:45+00:00\",\"dateModified\":\"2026-04-22T18:10:52+00:00\",\"description\":\"Revolucione e conecte espa\u00e7os com a linha myhouse X da Exatron! Mais seguran\u00e7a, qualidade e inova\u00e7\u00e3o na automa\u00e7\u00e3o de ambientes.\",\"breadcrumb\":{\"@id\":\"https:\\\/\\\/www.exatron.com.br\\\/produtos\\\/controlador-de-carga-smart\\\/#breadcrumb\"},\"inLanguage\":\"en-US\",\"potentialAction\":[{\"@type\":\"ReadAction\",\"target\":[\"https:\\\/\\\/www.exatron.com.br\\\/produtos\\\/controlador-de-carga-smart\\\/\"]}]},{\"@type\":\"ImageObject\",\"inLanguage\":\"en-US\",\"@id\":\"https:\\\/\\\/www.exatron.com.br\\\/produtos\\\/controlador-de-carga-smart\\\/#primaryimage\",\"url\":\"https:\\\/\\\/www.exatron.com.br\\\/wp-content\\\/uploads\\\/2025\\\/12\\\/p5wwhzi3rb6lsj4wbtht3vjcgvfdjzk0vehxs46q.png\",\"contentUrl\":\"https:\\\/\\\/www.exatron.com.br\\\/wp-content\\\/uploads\\\/2025\\\/12\\\/p5wwhzi3rb6lsj4wbtht3vjcgvfdjzk0vehxs46q.png\",\"width\":1080,\"height\":1080,\"caption\":\"Revolucione e conecte espa\u00e7os com a linha myhouse X da Exatron! Mais seguran\u00e7a, qualidade e inova\u00e7\u00e3o na automa\u00e7\u00e3o de ambientes.\"},{\"@type\":\"BreadcrumbList\",\"@id\":\"https:\\\/\\\/www.exatron.com.br\\\/produtos\\\/controlador-de-carga-smart\\\/#breadcrumb\",\"itemListElement\":[{\"@type\":\"ListItem\",\"position\":1,\"name\":\"In\u00edcio\",\"item\":\"https:\\\/\\\/www.exatron.com.br\\\/\"},{\"@type\":\"ListItem\",\"position\":2,\"name\":\"Loja\",\"item\":\"https:\\\/\\\/www.exatron.com.br\\\/loja\\\/\"},{\"@type\":\"ListItem\",\"position\":3,\"name\":\"Controlador de Carga Smart\"}]},{\"@type\":\"WebSite\",\"@id\":\"https:\\\/\\\/www.exatron.com.br\\\/#website\",\"url\":\"https:\\\/\\\/www.exatron.com.br\\\/\",\"name\":\"EXATRON\",\"description\":\"\",\"publisher\":{\"@id\":\"https:\\\/\\\/www.exatron.com.br\\\/#organization\"},\"potentialAction\":[{\"@type\":\"SearchAction\",\"target\":{\"@type\":\"EntryPoint\",\"urlTemplate\":\"https:\\\/\\\/www.exatron.com.br\\\/?s={search_term_string}\"},\"query-input\":{\"@type\":\"PropertyValueSpecification\",\"valueRequired\":true,\"valueName\":\"search_term_string\"}}],\"inLanguage\":\"en-US\"},{\"@type\":\"Organization\",\"@id\":\"https:\\\/\\\/www.exatron.com.br\\\/#organization\",\"name\":\"EXATRON\",\"url\":\"https:\\\/\\\/www.exatron.com.br\\\/\",\"logo\":{\"@type\":\"ImageObject\",\"inLanguage\":\"en-US\",\"@id\":\"https:\\\/\\\/www.exatron.com.br\\\/#\\\/schema\\\/logo\\\/image\\\/\",\"url\":\"https:\\\/\\\/www.exatron.com.br\\\/wp-content\\\/uploads\\\/2024\\\/11\\\/default-kit.png\",\"contentUrl\":\"https:\\\/\\\/www.exatron.com.br\\\/wp-content\\\/uploads\\\/2024\\\/11\\\/default-kit.png\",\"width\":956,\"height\":192,\"caption\":\"EXATRON\"},\"image\":{\"@id\":\"https:\\\/\\\/www.exatron.com.br\\\/#\\\/schema\\\/logo\\\/image\\\/\"}}]}<\/script>\n<!-- \/ Yoast SEO plugin. -->","yoast_head_json":{"title":"Controlador de Carga Smart - EXATRON","description":"Revolucione e conecte espa\u00e7os com a linha myhouse X da Exatron! Mais seguran\u00e7a, qualidade e inova\u00e7\u00e3o na automa\u00e7\u00e3o de ambientes.","robots":{"index":"index","follow":"follow","max-snippet":"max-snippet:-1","max-image-preview":"max-image-preview:large","max-video-preview":"max-video-preview:-1"},"canonical":"https:\/\/www.exatron.com.br\/en\/produtos\/controlador-de-carga-smart\/","og_locale":"en_US","og_type":"article","og_title":"Controlador de Carga Smart - EXATRON","og_description":"Revolucione e conecte espa\u00e7os com a linha myhouse X da Exatron! Mais seguran\u00e7a, qualidade e inova\u00e7\u00e3o na automa\u00e7\u00e3o de ambientes.","og_url":"https:\/\/www.exatron.com.br\/en\/produtos\/controlador-de-carga-smart\/","og_site_name":"EXATRON","article_modified_time":"2026-04-22T18:10:52+00:00","og_image":[{"width":1080,"height":1080,"url":"https:\/\/www.exatron.com.br\/wp-content\/uploads\/2025\/12\/p5wwhzi3rb6lsj4wbtht3vjcgvfdjzk0vehxs46q.png","type":"image\/png"}],"twitter_card":"summary_large_image","twitter_misc":{"Est. reading time":"2 minutes"},"schema":{"@context":"https:\/\/schema.org","@graph":[{"@type":"WebPage","@id":"https:\/\/www.exatron.com.br\/produtos\/controlador-de-carga-smart\/","url":"https:\/\/www.exatron.com.br\/produtos\/controlador-de-carga-smart\/","name":"Controlador de Carga Smart - EXATRON","isPartOf":{"@id":"https:\/\/www.exatron.com.br\/#website"},"primaryImageOfPage":{"@id":"https:\/\/www.exatron.com.br\/produtos\/controlador-de-carga-smart\/#primaryimage"},"image":{"@id":"https:\/\/www.exatron.com.br\/produtos\/controlador-de-carga-smart\/#primaryimage"},"thumbnailUrl":"https:\/\/www.exatron.com.br\/wp-content\/uploads\/2025\/12\/p5wwhzi3rb6lsj4wbtht3vjcgvfdjzk0vehxs46q.png","datePublished":"2025-12-08T15:08:45+00:00","dateModified":"2026-04-22T18:10:52+00:00","description":"Revolucione e conecte espa\u00e7os com a linha myhouse X da Exatron! Mais seguran\u00e7a, qualidade e inova\u00e7\u00e3o na automa\u00e7\u00e3o de ambientes.","breadcrumb":{"@id":"https:\/\/www.exatron.com.br\/produtos\/controlador-de-carga-smart\/#breadcrumb"},"inLanguage":"en-US","potentialAction":[{"@type":"ReadAction","target":["https:\/\/www.exatron.com.br\/produtos\/controlador-de-carga-smart\/"]}]},{"@type":"ImageObject","inLanguage":"en-US","@id":"https:\/\/www.exatron.com.br\/produtos\/controlador-de-carga-smart\/#primaryimage","url":"https:\/\/www.exatron.com.br\/wp-content\/uploads\/2025\/12\/p5wwhzi3rb6lsj4wbtht3vjcgvfdjzk0vehxs46q.png","contentUrl":"https:\/\/www.exatron.com.br\/wp-content\/uploads\/2025\/12\/p5wwhzi3rb6lsj4wbtht3vjcgvfdjzk0vehxs46q.png","width":1080,"height":1080,"caption":"Revolucione e conecte espa\u00e7os com a linha myhouse X da Exatron! Mais seguran\u00e7a, qualidade e inova\u00e7\u00e3o na automa\u00e7\u00e3o de ambientes."},{"@type":"BreadcrumbList","@id":"https:\/\/www.exatron.com.br\/produtos\/controlador-de-carga-smart\/#breadcrumb","itemListElement":[{"@type":"ListItem","position":1,"name":"In\u00edcio","item":"https:\/\/www.exatron.com.br\/"},{"@type":"ListItem","position":2,"name":"Loja","item":"https:\/\/www.exatron.com.br\/loja\/"},{"@type":"ListItem","position":3,"name":"Controlador de Carga Smart"}]},{"@type":"WebSite","@id":"https:\/\/www.exatron.com.br\/#website","url":"https:\/\/www.exatron.com.br\/","name":"EXATRON","description":"","publisher":{"@id":"https:\/\/www.exatron.com.br\/#organization"},"potentialAction":[{"@type":"SearchAction","target":{"@type":"EntryPoint","urlTemplate":"https:\/\/www.exatron.com.br\/?s={search_term_string}"},"query-input":{"@type":"PropertyValueSpecification","valueRequired":true,"valueName":"search_term_string"}}],"inLanguage":"en-US"},{"@type":"Organization","@id":"https:\/\/www.exatron.com.br\/#organization","name":"EXATRON","url":"https:\/\/www.exatron.com.br\/","logo":{"@type":"ImageObject","inLanguage":"en-US","@id":"https:\/\/www.exatron.com.br\/#\/schema\/logo\/image\/","url":"https:\/\/www.exatron.com.br\/wp-content\/uploads\/2024\/11\/default-kit.png","contentUrl":"https:\/\/www.exatron.com.br\/wp-content\/uploads\/2024\/11\/default-kit.png","width":956,"height":192,"caption":"EXATRON"},"image":{"@id":"https:\/\/www.exatron.com.br\/#\/schema\/logo\/image\/"}}]}},"_links":{"self":[{"href":"https:\/\/www.exatron.com.br\/en\/wp-json\/wp\/v2\/product\/10693","targetHints":{"allow":["GET"]}}],"collection":[{"href":"https:\/\/www.exatron.com.br\/en\/wp-json\/wp\/v2\/product"}],"about":[{"href":"https:\/\/www.exatron.com.br\/en\/wp-json\/wp\/v2\/types\/product"}],"replies":[{"embeddable":true,"href":"https:\/\/www.exatron.com.br\/en\/wp-json\/wp\/v2\/comments?post=10693"}],"wp:featuredmedia":[{"embeddable":true,"href":"https:\/\/www.exatron.com.br\/en\/wp-json\/wp\/v2\/media\/10269"}],"wp:attachment":[{"href":"https:\/\/www.exatron.com.br\/en\/wp-json\/wp\/v2\/media?parent=10693"}],"wp:term":[{"taxonomy":"aplicacao","embeddable":true,"href":"https:\/\/www.exatron.com.br\/en\/wp-json\/wp\/v2\/aplicacao?post=10693"},{"taxonomy":"product_brand","embeddable":true,"href":"https:\/\/www.exatron.com.br\/en\/wp-json\/wp\/v2\/product_brand?post=10693"},{"taxonomy":"product_cat","embeddable":true,"href":"https:\/\/www.exatron.com.br\/en\/wp-json\/wp\/v2\/product_cat?post=10693"},{"taxonomy":"product_tag","embeddable":true,"href":"https:\/\/www.exatron.com.br\/en\/wp-json\/wp\/v2\/product_tag?post=10693"}],"curies":[{"name":"wp","href":"https:\/\/api.w.org\/{rel}","templated":true}]}}