{"id":10696,"date":"2025-12-08T15:08:46","date_gmt":"2025-12-08T15:08:46","guid":{"rendered":""},"modified":"2026-04-22T13:52:11","modified_gmt":"2026-04-22T16:52:11","slug":"fita-led-smart-rgb-cct-18w","status":"publish","type":"product","link":"https:\/\/www.exatron.com.br\/en\/produtos\/fita-led-smart-rgb-cct-18w\/","title":{"rendered":"Smart RGB LED Strip + CCT 18W"},"content":{"rendered":"<h3>Technical Specifications<\/h3>\n<p>\u2022 Tens\u00e3o da fonte de alimenta\u00e7\u00e3o: Entrada: 100-240V~ 50\/60Hz e Sa\u00edda: 12V\/2A;<\/p>\n<p>\u2022 Pot\u00eancia m\u00e1xima: 18W;<\/p>\n<p>\u2022 Cores: RGB+CCT (2700K a 6500K);<\/p>\n<p>\u2022 Fluxo luminoso: 220lm\/m;<\/p>\n<p>\u2022 Dimens\u00e3o da fita: 5 metros;<\/p>\n<p>\u2022 Dimens\u00f5es da fonte de alimenta\u00e7\u00e3o: 87&#215;70,5x47mm;<\/p>\n<p>\u2022 Controladora: Microfone + Sensor infravermelho;<\/p>\n<p>\u2022 Technology: Wi-Fi IEEE 802.11b\/g\/n 2.4GHz;<\/p>\n<p>\u2022 Dist\u00e2ncia: at\u00e9 30m do roteador sem obst\u00e1culos;<\/p>\n<p>\u2022 Temperatura de opera\u00e7\u00e3o: 0\u00b0C a 40\u00b0C;<\/p>\n<p>\u2022\u00a0Garantia: 02 anos.<\/p>\n<p>&nbsp;<\/p>\n<h3>Installation<\/h3>\n<p>\u2022 Configure a Fita Led Smart RGB + CCT 18W pelo aplicativo myhouse X, dispon\u00edvel para download no Google Play e na App Store. Vers\u00e3o m\u00ednima do sistema operacional: iOS 11.0 \/ Android\u2122 7.0;<\/p>\n<p>\u2022 \u00a0A instala\u00e7\u00e3o deve ser feita diretamente em locais que possibilitem sua fixa\u00e7\u00e3o e conex\u00e3o de sua fonte de alimenta\u00e7\u00e3o no padr\u00e3o NBR, podendo ser instalada em sancas, m\u00f3veis, perfis e demais locais que possam ser iluminados de forma direta ou indireta. Utilizar em ambientes internos com cobertura de Wi-Fi, protegido de intemp\u00e9ries, sem umidade, vibra\u00e7\u00f5es e distante de fonte de calor. Esse produto \u00e9 feito para instala\u00e7\u00e3o de acordo com o C\u00f3digo El\u00e9trico Nacional e regula\u00e7\u00f5es locais no Brasil (NBR5410).<\/p>","protected":false},"excerpt":{"rendered":"<p>Revolucione e conecte espa\u00e7os com a linha myhouse X da Exatron! Mais seguran\u00e7a, qualidade e inova\u00e7\u00e3o na automa\u00e7\u00e3o de ambientes.<\/p>\n<p>A Fita Led Smart RGB + CCT 18W (LSIC6150) \u00e9 utilizada na ilumina\u00e7\u00e3o de ambientes residenciais e comerciais.<\/p>\n<p>De f\u00e1cil instala\u00e7\u00e3o, torna sua ilumina\u00e7\u00e3o inteligente, com a comodidade do controle remoto padr\u00e3o RGB e remotamente. Possui tecnologia CCT que torna sua ilumina\u00e7\u00e3o natural e confort\u00e1vel.<\/p>\n<p>Deixe sua experi\u00eancia com a automa\u00e7\u00e3o mais interativa, quando em conjunto com outros dispositivos da linha por meio do aplicativo myhouse X e comando de voz da Amazon Alexa ou Google Assistente.<\/p>\n<p>&nbsp;<\/p>\n<p><i>\u201cIncorpora produto homologado pela Anatel sob n\u00famero 08206-21-11765\u201d.<\/i><\/p>\n<p><i>\u201cEste equipamento n\u00e3o tem direito \u00e0 prote\u00e7\u00e3o contra interfer\u00eancia prejudicial e n\u00e3o pode causar interfer\u00eancia em sistema devidamente autorizados.\u201d<\/i><\/p>\n<p><i>&quot;For more information, please visit the Anatel website: www.gov.br\/anatel\/pt-br\/&quot;<\/i><\/p>","protected":false},"featured_media":10272,"comment_status":"open","ping_status":"closed","template":"","meta":{"_acf_changed":false,"_joinchat":[]},"aplicacao":[],"product_brand":[],"product_cat":[363,322],"product_tag":[850,849,752],"class_list":{"0":"post-10696","1":"product","2":"type-product","3":"status-publish","4":"has-post-thumbnail","6":"product_cat-myhouse-x-fita-led-smart","7":"product_cat-myhouse-x","8":"product_tag-aplicativo-myhouse-x","9":"product_tag-automacao-predial","10":"product_tag-automacao-residencial","12":"first","13":"instock","14":"shipping-taxable","15":"purchasable","16":"product-type-simple"},"acf":[],"yoast_head":"<!-- This site is optimized with the Yoast SEO plugin v27.3 - https:\/\/yoast.com\/product\/yoast-seo-wordpress\/ -->\n<title>Fita Led Smart RGB + CCT 18W - EXATRON<\/title>\n<meta name=\"description\" content=\"Revolucione e conecte espa\u00e7os com a linha myhouse X da Exatron! Mais seguran\u00e7a, qualidade e inova\u00e7\u00e3o na automa\u00e7\u00e3o de ambientes.\" \/>\n<meta name=\"robots\" content=\"index, follow, max-snippet:-1, max-image-preview:large, max-video-preview:-1\" \/>\n<link rel=\"canonical\" href=\"https:\/\/www.exatron.com.br\/en\/produtos\/fita-led-smart-rgb-cct-18w\/\" \/>\n<meta property=\"og:locale\" content=\"en_US\" \/>\n<meta property=\"og:type\" content=\"article\" \/>\n<meta property=\"og:title\" content=\"Fita Led Smart RGB + CCT 18W - EXATRON\" \/>\n<meta property=\"og:description\" content=\"Revolucione e conecte espa\u00e7os com a linha myhouse X da Exatron! Mais seguran\u00e7a, qualidade e inova\u00e7\u00e3o na automa\u00e7\u00e3o de ambientes.\" \/>\n<meta property=\"og:url\" content=\"https:\/\/www.exatron.com.br\/en\/produtos\/fita-led-smart-rgb-cct-18w\/\" \/>\n<meta property=\"og:site_name\" content=\"EXATRON\" \/>\n<meta property=\"article:modified_time\" content=\"2026-04-22T16:52:11+00:00\" \/>\n<meta property=\"og:image\" content=\"https:\/\/www.exatron.com.br\/wp-content\/uploads\/2025\/12\/6ghzhyodw9ylipcoxnx1rubnp9ojr8vsmelgphrp.png\" \/>\n\t<meta property=\"og:image:width\" content=\"1800\" \/>\n\t<meta property=\"og:image:height\" content=\"1800\" \/>\n\t<meta property=\"og:image:type\" content=\"image\/png\" \/>\n<meta name=\"twitter:card\" content=\"summary_large_image\" \/>\n<meta name=\"twitter:label1\" content=\"Est. reading time\" \/>\n\t<meta name=\"twitter:data1\" content=\"2 minutes\" \/>\n<script type=\"application\/ld+json\" class=\"yoast-schema-graph\">{\"@context\":\"https:\\\/\\\/schema.org\",\"@graph\":[{\"@type\":\"WebPage\",\"@id\":\"https:\\\/\\\/www.exatron.com.br\\\/produtos\\\/fita-led-smart-rgb-cct-18w\\\/\",\"url\":\"https:\\\/\\\/www.exatron.com.br\\\/produtos\\\/fita-led-smart-rgb-cct-18w\\\/\",\"name\":\"Fita Led Smart RGB + CCT 18W - EXATRON\",\"isPartOf\":{\"@id\":\"https:\\\/\\\/www.exatron.com.br\\\/#website\"},\"primaryImageOfPage\":{\"@id\":\"https:\\\/\\\/www.exatron.com.br\\\/produtos\\\/fita-led-smart-rgb-cct-18w\\\/#primaryimage\"},\"image\":{\"@id\":\"https:\\\/\\\/www.exatron.com.br\\\/produtos\\\/fita-led-smart-rgb-cct-18w\\\/#primaryimage\"},\"thumbnailUrl\":\"https:\\\/\\\/www.exatron.com.br\\\/wp-content\\\/uploads\\\/2025\\\/12\\\/6ghzhyodw9ylipcoxnx1rubnp9ojr8vsmelgphrp.png\",\"datePublished\":\"2025-12-08T15:08:46+00:00\",\"dateModified\":\"2026-04-22T16:52:11+00:00\",\"description\":\"Revolucione e conecte espa\u00e7os com a linha myhouse X da Exatron! Mais seguran\u00e7a, qualidade e inova\u00e7\u00e3o na automa\u00e7\u00e3o de ambientes.\",\"breadcrumb\":{\"@id\":\"https:\\\/\\\/www.exatron.com.br\\\/produtos\\\/fita-led-smart-rgb-cct-18w\\\/#breadcrumb\"},\"inLanguage\":\"en-US\",\"potentialAction\":[{\"@type\":\"ReadAction\",\"target\":[\"https:\\\/\\\/www.exatron.com.br\\\/produtos\\\/fita-led-smart-rgb-cct-18w\\\/\"]}]},{\"@type\":\"ImageObject\",\"inLanguage\":\"en-US\",\"@id\":\"https:\\\/\\\/www.exatron.com.br\\\/produtos\\\/fita-led-smart-rgb-cct-18w\\\/#primaryimage\",\"url\":\"https:\\\/\\\/www.exatron.com.br\\\/wp-content\\\/uploads\\\/2025\\\/12\\\/6ghzhyodw9ylipcoxnx1rubnp9ojr8vsmelgphrp.png\",\"contentUrl\":\"https:\\\/\\\/www.exatron.com.br\\\/wp-content\\\/uploads\\\/2025\\\/12\\\/6ghzhyodw9ylipcoxnx1rubnp9ojr8vsmelgphrp.png\",\"width\":1800,\"height\":1800,\"caption\":\"Revolucione e conecte espa\u00e7os com a linha myhouse X da Exatron! Mais seguran\u00e7a, qualidade e inova\u00e7\u00e3o na automa\u00e7\u00e3o de ambientes.\"},{\"@type\":\"BreadcrumbList\",\"@id\":\"https:\\\/\\\/www.exatron.com.br\\\/produtos\\\/fita-led-smart-rgb-cct-18w\\\/#breadcrumb\",\"itemListElement\":[{\"@type\":\"ListItem\",\"position\":1,\"name\":\"In\u00edcio\",\"item\":\"https:\\\/\\\/www.exatron.com.br\\\/\"},{\"@type\":\"ListItem\",\"position\":2,\"name\":\"Loja\",\"item\":\"https:\\\/\\\/www.exatron.com.br\\\/loja\\\/\"},{\"@type\":\"ListItem\",\"position\":3,\"name\":\"Fita Led Smart RGB + CCT 18W\"}]},{\"@type\":\"WebSite\",\"@id\":\"https:\\\/\\\/www.exatron.com.br\\\/#website\",\"url\":\"https:\\\/\\\/www.exatron.com.br\\\/\",\"name\":\"EXATRON\",\"description\":\"\",\"publisher\":{\"@id\":\"https:\\\/\\\/www.exatron.com.br\\\/#organization\"},\"potentialAction\":[{\"@type\":\"SearchAction\",\"target\":{\"@type\":\"EntryPoint\",\"urlTemplate\":\"https:\\\/\\\/www.exatron.com.br\\\/?s={search_term_string}\"},\"query-input\":{\"@type\":\"PropertyValueSpecification\",\"valueRequired\":true,\"valueName\":\"search_term_string\"}}],\"inLanguage\":\"en-US\"},{\"@type\":\"Organization\",\"@id\":\"https:\\\/\\\/www.exatron.com.br\\\/#organization\",\"name\":\"EXATRON\",\"url\":\"https:\\\/\\\/www.exatron.com.br\\\/\",\"logo\":{\"@type\":\"ImageObject\",\"inLanguage\":\"en-US\",\"@id\":\"https:\\\/\\\/www.exatron.com.br\\\/#\\\/schema\\\/logo\\\/image\\\/\",\"url\":\"https:\\\/\\\/www.exatron.com.br\\\/wp-content\\\/uploads\\\/2024\\\/11\\\/default-kit.png\",\"contentUrl\":\"https:\\\/\\\/www.exatron.com.br\\\/wp-content\\\/uploads\\\/2024\\\/11\\\/default-kit.png\",\"width\":956,\"height\":192,\"caption\":\"EXATRON\"},\"image\":{\"@id\":\"https:\\\/\\\/www.exatron.com.br\\\/#\\\/schema\\\/logo\\\/image\\\/\"}}]}<\/script>\n<!-- \/ Yoast SEO plugin. -->","yoast_head_json":{"title":"Fita Led Smart RGB + CCT 18W - EXATRON","description":"Revolucione e conecte espa\u00e7os com a linha myhouse X da Exatron! Mais seguran\u00e7a, qualidade e inova\u00e7\u00e3o na automa\u00e7\u00e3o de ambientes.","robots":{"index":"index","follow":"follow","max-snippet":"max-snippet:-1","max-image-preview":"max-image-preview:large","max-video-preview":"max-video-preview:-1"},"canonical":"https:\/\/www.exatron.com.br\/en\/produtos\/fita-led-smart-rgb-cct-18w\/","og_locale":"en_US","og_type":"article","og_title":"Fita Led Smart RGB + CCT 18W - EXATRON","og_description":"Revolucione e conecte espa\u00e7os com a linha myhouse X da Exatron! Mais seguran\u00e7a, qualidade e inova\u00e7\u00e3o na automa\u00e7\u00e3o de ambientes.","og_url":"https:\/\/www.exatron.com.br\/en\/produtos\/fita-led-smart-rgb-cct-18w\/","og_site_name":"EXATRON","article_modified_time":"2026-04-22T16:52:11+00:00","og_image":[{"width":1800,"height":1800,"url":"https:\/\/www.exatron.com.br\/wp-content\/uploads\/2025\/12\/6ghzhyodw9ylipcoxnx1rubnp9ojr8vsmelgphrp.png","type":"image\/png"}],"twitter_card":"summary_large_image","twitter_misc":{"Est. reading time":"2 minutes"},"schema":{"@context":"https:\/\/schema.org","@graph":[{"@type":"WebPage","@id":"https:\/\/www.exatron.com.br\/produtos\/fita-led-smart-rgb-cct-18w\/","url":"https:\/\/www.exatron.com.br\/produtos\/fita-led-smart-rgb-cct-18w\/","name":"Fita Led Smart RGB + CCT 18W - EXATRON","isPartOf":{"@id":"https:\/\/www.exatron.com.br\/#website"},"primaryImageOfPage":{"@id":"https:\/\/www.exatron.com.br\/produtos\/fita-led-smart-rgb-cct-18w\/#primaryimage"},"image":{"@id":"https:\/\/www.exatron.com.br\/produtos\/fita-led-smart-rgb-cct-18w\/#primaryimage"},"thumbnailUrl":"https:\/\/www.exatron.com.br\/wp-content\/uploads\/2025\/12\/6ghzhyodw9ylipcoxnx1rubnp9ojr8vsmelgphrp.png","datePublished":"2025-12-08T15:08:46+00:00","dateModified":"2026-04-22T16:52:11+00:00","description":"Revolucione e conecte espa\u00e7os com a linha myhouse X da Exatron! Mais seguran\u00e7a, qualidade e inova\u00e7\u00e3o na automa\u00e7\u00e3o de ambientes.","breadcrumb":{"@id":"https:\/\/www.exatron.com.br\/produtos\/fita-led-smart-rgb-cct-18w\/#breadcrumb"},"inLanguage":"en-US","potentialAction":[{"@type":"ReadAction","target":["https:\/\/www.exatron.com.br\/produtos\/fita-led-smart-rgb-cct-18w\/"]}]},{"@type":"ImageObject","inLanguage":"en-US","@id":"https:\/\/www.exatron.com.br\/produtos\/fita-led-smart-rgb-cct-18w\/#primaryimage","url":"https:\/\/www.exatron.com.br\/wp-content\/uploads\/2025\/12\/6ghzhyodw9ylipcoxnx1rubnp9ojr8vsmelgphrp.png","contentUrl":"https:\/\/www.exatron.com.br\/wp-content\/uploads\/2025\/12\/6ghzhyodw9ylipcoxnx1rubnp9ojr8vsmelgphrp.png","width":1800,"height":1800,"caption":"Revolucione e conecte espa\u00e7os com a linha myhouse X da Exatron! Mais seguran\u00e7a, qualidade e inova\u00e7\u00e3o na automa\u00e7\u00e3o de ambientes."},{"@type":"BreadcrumbList","@id":"https:\/\/www.exatron.com.br\/produtos\/fita-led-smart-rgb-cct-18w\/#breadcrumb","itemListElement":[{"@type":"ListItem","position":1,"name":"In\u00edcio","item":"https:\/\/www.exatron.com.br\/"},{"@type":"ListItem","position":2,"name":"Loja","item":"https:\/\/www.exatron.com.br\/loja\/"},{"@type":"ListItem","position":3,"name":"Fita Led Smart RGB + CCT 18W"}]},{"@type":"WebSite","@id":"https:\/\/www.exatron.com.br\/#website","url":"https:\/\/www.exatron.com.br\/","name":"EXATRON","description":"","publisher":{"@id":"https:\/\/www.exatron.com.br\/#organization"},"potentialAction":[{"@type":"SearchAction","target":{"@type":"EntryPoint","urlTemplate":"https:\/\/www.exatron.com.br\/?s={search_term_string}"},"query-input":{"@type":"PropertyValueSpecification","valueRequired":true,"valueName":"search_term_string"}}],"inLanguage":"en-US"},{"@type":"Organization","@id":"https:\/\/www.exatron.com.br\/#organization","name":"EXATRON","url":"https:\/\/www.exatron.com.br\/","logo":{"@type":"ImageObject","inLanguage":"en-US","@id":"https:\/\/www.exatron.com.br\/#\/schema\/logo\/image\/","url":"https:\/\/www.exatron.com.br\/wp-content\/uploads\/2024\/11\/default-kit.png","contentUrl":"https:\/\/www.exatron.com.br\/wp-content\/uploads\/2024\/11\/default-kit.png","width":956,"height":192,"caption":"EXATRON"},"image":{"@id":"https:\/\/www.exatron.com.br\/#\/schema\/logo\/image\/"}}]}},"_links":{"self":[{"href":"https:\/\/www.exatron.com.br\/en\/wp-json\/wp\/v2\/product\/10696","targetHints":{"allow":["GET"]}}],"collection":[{"href":"https:\/\/www.exatron.com.br\/en\/wp-json\/wp\/v2\/product"}],"about":[{"href":"https:\/\/www.exatron.com.br\/en\/wp-json\/wp\/v2\/types\/product"}],"replies":[{"embeddable":true,"href":"https:\/\/www.exatron.com.br\/en\/wp-json\/wp\/v2\/comments?post=10696"}],"wp:featuredmedia":[{"embeddable":true,"href":"https:\/\/www.exatron.com.br\/en\/wp-json\/wp\/v2\/media\/10272"}],"wp:attachment":[{"href":"https:\/\/www.exatron.com.br\/en\/wp-json\/wp\/v2\/media?parent=10696"}],"wp:term":[{"taxonomy":"aplicacao","embeddable":true,"href":"https:\/\/www.exatron.com.br\/en\/wp-json\/wp\/v2\/aplicacao?post=10696"},{"taxonomy":"product_brand","embeddable":true,"href":"https:\/\/www.exatron.com.br\/en\/wp-json\/wp\/v2\/product_brand?post=10696"},{"taxonomy":"product_cat","embeddable":true,"href":"https:\/\/www.exatron.com.br\/en\/wp-json\/wp\/v2\/product_cat?post=10696"},{"taxonomy":"product_tag","embeddable":true,"href":"https:\/\/www.exatron.com.br\/en\/wp-json\/wp\/v2\/product_tag?post=10696"}],"curies":[{"name":"wp","href":"https:\/\/api.w.org\/{rel}","templated":true}]}}