{"id":10699,"date":"2025-12-08T15:08:46","date_gmt":"2025-12-08T15:08:46","guid":{"rendered":""},"modified":"2026-04-22T14:31:28","modified_gmt":"2026-04-22T17:31:28","slug":"interface-gateway-smart-wi-fi-ble-sig-mesh","status":"publish","type":"product","link":"https:\/\/www.exatron.com.br\/en\/produtos\/interface-gateway-smart-wi-fi-ble-sig-mesh\/","title":{"rendered":"Smart Wi-Fi\/BLE SIG Mesh Gateway Interface"},"content":{"rendered":"<h3>Technical Specifications<\/h3>\n<p>\u2022 Power consumption: &lt;5W;<\/p>\n<p>\u2022 Consumo em stand by: &lt;0,5W;<\/p>\n<p>\u2022 Power supply voltage: Input: 100-240V~ 50\/60Hz and Output: 5V\/1A;<\/p>\n<p>\u2022\u00a0Alimenta\u00e7\u00e3o: 5V\/1A Micro USB;<\/p>\n<p>\u2022 Dimens\u00f5es Gateway: 65x65x14,5mm;<\/p>\n<p>\u2022 Dimens\u00f5es da fonte de Alimenta\u00e7\u00e3o: 80x39x22mm;<\/p>\n<p>\u2022 Tecnologia: Wi-Fi IEEE 802.11b\/g\/n e BLE SIG Mesh 2,4GHz;<\/p>\n<p>\u2022 Seguran\u00e7a e criptografia: AES 128bits, WPA-PSK\/WPA2- PSK, WPA\/WPA2;<\/p>\n<p>\u2022 Dist\u00e2ncia Wi-Fi: at\u00e9 30m do roteador sem obst\u00e1culos;<\/p>\n<p>\u2022 Dist\u00e2ncia BLE SIG Mesh: Depende do n\u00famero de dispositivos e rota de repeti\u00e7\u00e3o;<\/p>\n<p>\u2022 Temperatura de opera\u00e7\u00e3o: 0\u00b0C a 40\u00b0C;<\/p>\n<p>\u2022\u00a0Garantia: 02 anos.<\/p>\n<p>&nbsp;<\/p>\n<h3>Installation<\/h3>\n<p>\u2022 Configure a Interface Gateway Smart Wi-Fi\/BLE SIG Mesh\u00a0 pelo aplicativo myhouse X, dispon\u00edvel para download no Google Play e na App Store. Vers\u00e3o m\u00ednima do sistema operacional: iOS 11.0 \/ Android\u2122 7.0;<\/p>\n<p>\u2022 \u00a0A instala\u00e7\u00e3o da Interface Gateway Smart deve ser realizada em ambientes internos (protegido de intemp\u00e9ries) e sua fonte de alimenta\u00e7\u00e3o deve ser conectada em uma tomada padr\u00e3o ABNT. Instale o produto de acordo com sua prefer\u00eancia, em superf\u00edcies como estantes, pain\u00e9is, mesas e locais que possibilitem que ao menos um dos dispositivos controlados pela tecnologia BLE SIG Mesh esteja a no m\u00e1ximo 20 metros de dist\u00e2ncia do Interface Gateway Smart. \u00c9 muito importante que o dispositivo esteja pr\u00f3ximo ao seu roteador Wi-Fi).<\/p>","protected":false},"excerpt":{"rendered":"<p>Revolucione e conecte espa\u00e7os com a linha myhouse X da Exatron! Mais seguran\u00e7a, qualidade e inova\u00e7\u00e3o na automa\u00e7\u00e3o de ambientes.<\/p>\n<p>A Interface Gateway Smart Wi-Fi\/BLE SIG Mesh (LSIF6100) pode ser utilizada para integrar os dispositivos que possuem tecnologia BLE SIG Mesh em sua rede de automa\u00e7\u00e3o por meio da comunica\u00e7\u00e3o Wi-Fi\/BLE SIG Mesh.<\/p>\n<p>Esta tecnologia possibilita que voc\u00ea tenha at\u00e9 128 dispositivos ocupando apenas um canal de sua rede Wi-Fi. Esta aplica\u00e7\u00e3o \u00e9 muito utilizada quando se busca instalar muitos produtos em uma mesma rede de automa\u00e7\u00e3o, visto que esta tecnologia distribui, entre seus dispositivos, a comunica\u00e7\u00e3o, aumentando a cobertura dos comandos que trafegam na rede BLE, pois os mesmos s\u00e3o repetidos em cada dispositivo que possui esta tecnologia. Ainda possibilita sua experi\u00eancia com a automa\u00e7\u00e3o mais interativa, quando em conjunto com outros dispositivos da linha e aplicativo myhouse X.<\/p>\n<p>&nbsp;<\/p>\n<p><i>LSIF6100 | 05796-23-15596<\/i><\/p>\n<p><i>&quot;This equipment is not entitled to protection against harmful interference and may not cause interference to duly authorized systems.&quot;<\/i><\/p>\n<p><i>&quot;This product is approved by ANATEL, in accordance with the procedures regulated by Resolution No. 715, of October 23, 2019, and meets the applicable technical requirements.&quot;<\/i><\/p>\n<p><i>&quot;For more information, please visit the Anatel website: www.gov.br\/anatel\/pt-br\/&quot;<\/i><\/p>","protected":false},"featured_media":10275,"comment_status":"open","ping_status":"closed","template":"","meta":{"_acf_changed":false,"_joinchat":[]},"aplicacao":[],"product_brand":[],"product_cat":[364,322],"product_tag":[850,849,752],"class_list":{"0":"post-10699","1":"product","2":"type-product","3":"status-publish","4":"has-post-thumbnail","6":"product_cat-myhouse-x-gateway-smart","7":"product_cat-myhouse-x","8":"product_tag-aplicativo-myhouse-x","9":"product_tag-automacao-predial","10":"product_tag-automacao-residencial","12":"first","13":"instock","14":"shipping-taxable","15":"purchasable","16":"product-type-simple"},"acf":[],"yoast_head":"<!-- This site is optimized with the Yoast SEO plugin v27.3 - https:\/\/yoast.com\/product\/yoast-seo-wordpress\/ -->\n<title>Interface Gateway Smart Wi-Fi\/BLE SIG Mesh - EXATRON<\/title>\n<meta name=\"description\" content=\"Utilizado para integrar os dispositivos que possuem tecnologia BLE SIG Mesh em sua rede de automa\u00e7\u00e3o por meio da comunica\u00e7\u00e3o Wi-Fi\/BLE SIG Mesh.\" \/>\n<meta name=\"robots\" content=\"index, follow, max-snippet:-1, max-image-preview:large, max-video-preview:-1\" \/>\n<link rel=\"canonical\" href=\"https:\/\/www.exatron.com.br\/en\/produtos\/interface-gateway-smart-wi-fi-ble-sig-mesh\/\" \/>\n<meta property=\"og:locale\" content=\"en_US\" \/>\n<meta property=\"og:type\" content=\"article\" \/>\n<meta property=\"og:title\" content=\"Interface Gateway Smart Wi-Fi\/BLE SIG Mesh - EXATRON\" \/>\n<meta property=\"og:description\" content=\"Utilizado para integrar os dispositivos que possuem tecnologia BLE SIG Mesh em sua rede de automa\u00e7\u00e3o por meio da comunica\u00e7\u00e3o Wi-Fi\/BLE SIG Mesh.\" \/>\n<meta property=\"og:url\" content=\"https:\/\/www.exatron.com.br\/en\/produtos\/interface-gateway-smart-wi-fi-ble-sig-mesh\/\" \/>\n<meta property=\"og:site_name\" content=\"EXATRON\" \/>\n<meta property=\"article:modified_time\" content=\"2026-04-22T17:31:28+00:00\" \/>\n<meta property=\"og:image\" content=\"https:\/\/www.exatron.com.br\/wp-content\/uploads\/2025\/12\/rr4nw6jklvfud55vfpvjbmzfpxb7dxvxyk8revue.png\" \/>\n\t<meta property=\"og:image:width\" content=\"1080\" \/>\n\t<meta property=\"og:image:height\" content=\"1080\" \/>\n\t<meta property=\"og:image:type\" content=\"image\/png\" \/>\n<meta name=\"twitter:card\" content=\"summary_large_image\" \/>\n<meta name=\"twitter:label1\" content=\"Est. reading time\" \/>\n\t<meta name=\"twitter:data1\" content=\"2 minutes\" \/>\n<script type=\"application\/ld+json\" class=\"yoast-schema-graph\">{\"@context\":\"https:\\\/\\\/schema.org\",\"@graph\":[{\"@type\":\"WebPage\",\"@id\":\"https:\\\/\\\/www.exatron.com.br\\\/produtos\\\/interface-gateway-smart-wi-fi-ble-sig-mesh\\\/\",\"url\":\"https:\\\/\\\/www.exatron.com.br\\\/produtos\\\/interface-gateway-smart-wi-fi-ble-sig-mesh\\\/\",\"name\":\"Interface Gateway Smart Wi-Fi\\\/BLE SIG Mesh - EXATRON\",\"isPartOf\":{\"@id\":\"https:\\\/\\\/www.exatron.com.br\\\/#website\"},\"primaryImageOfPage\":{\"@id\":\"https:\\\/\\\/www.exatron.com.br\\\/produtos\\\/interface-gateway-smart-wi-fi-ble-sig-mesh\\\/#primaryimage\"},\"image\":{\"@id\":\"https:\\\/\\\/www.exatron.com.br\\\/produtos\\\/interface-gateway-smart-wi-fi-ble-sig-mesh\\\/#primaryimage\"},\"thumbnailUrl\":\"https:\\\/\\\/www.exatron.com.br\\\/wp-content\\\/uploads\\\/2025\\\/12\\\/rr4nw6jklvfud55vfpvjbmzfpxb7dxvxyk8revue.png\",\"datePublished\":\"2025-12-08T15:08:46+00:00\",\"dateModified\":\"2026-04-22T17:31:28+00:00\",\"description\":\"Utilizado para integrar os dispositivos que possuem tecnologia BLE SIG Mesh em sua rede de automa\u00e7\u00e3o por meio da comunica\u00e7\u00e3o Wi-Fi\\\/BLE SIG Mesh.\",\"breadcrumb\":{\"@id\":\"https:\\\/\\\/www.exatron.com.br\\\/produtos\\\/interface-gateway-smart-wi-fi-ble-sig-mesh\\\/#breadcrumb\"},\"inLanguage\":\"en-US\",\"potentialAction\":[{\"@type\":\"ReadAction\",\"target\":[\"https:\\\/\\\/www.exatron.com.br\\\/produtos\\\/interface-gateway-smart-wi-fi-ble-sig-mesh\\\/\"]}]},{\"@type\":\"ImageObject\",\"inLanguage\":\"en-US\",\"@id\":\"https:\\\/\\\/www.exatron.com.br\\\/produtos\\\/interface-gateway-smart-wi-fi-ble-sig-mesh\\\/#primaryimage\",\"url\":\"https:\\\/\\\/www.exatron.com.br\\\/wp-content\\\/uploads\\\/2025\\\/12\\\/rr4nw6jklvfud55vfpvjbmzfpxb7dxvxyk8revue.png\",\"contentUrl\":\"https:\\\/\\\/www.exatron.com.br\\\/wp-content\\\/uploads\\\/2025\\\/12\\\/rr4nw6jklvfud55vfpvjbmzfpxb7dxvxyk8revue.png\",\"width\":1080,\"height\":1080,\"caption\":\"A Interface Gateway Smart Wi-Fi\\\/BLE SIG Mesh (LSIF6100) pode ser utilizada para integrar os dispositivos que possuem tecnologia BLE SIG Mesh em sua rede de automa\u00e7\u00e3o por meio da comunica\u00e7\u00e3o Wi-Fi\\\/BLE SIG Mesh.\"},{\"@type\":\"BreadcrumbList\",\"@id\":\"https:\\\/\\\/www.exatron.com.br\\\/produtos\\\/interface-gateway-smart-wi-fi-ble-sig-mesh\\\/#breadcrumb\",\"itemListElement\":[{\"@type\":\"ListItem\",\"position\":1,\"name\":\"In\u00edcio\",\"item\":\"https:\\\/\\\/www.exatron.com.br\\\/\"},{\"@type\":\"ListItem\",\"position\":2,\"name\":\"Loja\",\"item\":\"https:\\\/\\\/www.exatron.com.br\\\/loja\\\/\"},{\"@type\":\"ListItem\",\"position\":3,\"name\":\"Interface Gateway Smart Wi-Fi\\\/BLE SIG Mesh\"}]},{\"@type\":\"WebSite\",\"@id\":\"https:\\\/\\\/www.exatron.com.br\\\/#website\",\"url\":\"https:\\\/\\\/www.exatron.com.br\\\/\",\"name\":\"EXATRON\",\"description\":\"\",\"publisher\":{\"@id\":\"https:\\\/\\\/www.exatron.com.br\\\/#organization\"},\"potentialAction\":[{\"@type\":\"SearchAction\",\"target\":{\"@type\":\"EntryPoint\",\"urlTemplate\":\"https:\\\/\\\/www.exatron.com.br\\\/?s={search_term_string}\"},\"query-input\":{\"@type\":\"PropertyValueSpecification\",\"valueRequired\":true,\"valueName\":\"search_term_string\"}}],\"inLanguage\":\"en-US\"},{\"@type\":\"Organization\",\"@id\":\"https:\\\/\\\/www.exatron.com.br\\\/#organization\",\"name\":\"EXATRON\",\"url\":\"https:\\\/\\\/www.exatron.com.br\\\/\",\"logo\":{\"@type\":\"ImageObject\",\"inLanguage\":\"en-US\",\"@id\":\"https:\\\/\\\/www.exatron.com.br\\\/#\\\/schema\\\/logo\\\/image\\\/\",\"url\":\"https:\\\/\\\/www.exatron.com.br\\\/wp-content\\\/uploads\\\/2024\\\/11\\\/default-kit.png\",\"contentUrl\":\"https:\\\/\\\/www.exatron.com.br\\\/wp-content\\\/uploads\\\/2024\\\/11\\\/default-kit.png\",\"width\":956,\"height\":192,\"caption\":\"EXATRON\"},\"image\":{\"@id\":\"https:\\\/\\\/www.exatron.com.br\\\/#\\\/schema\\\/logo\\\/image\\\/\"}}]}<\/script>\n<!-- \/ Yoast SEO plugin. -->","yoast_head_json":{"title":"Interface Gateway Smart Wi-Fi\/BLE SIG Mesh - EXATRON","description":"Utilizado para integrar os dispositivos que possuem tecnologia BLE SIG Mesh em sua rede de automa\u00e7\u00e3o por meio da comunica\u00e7\u00e3o Wi-Fi\/BLE SIG Mesh.","robots":{"index":"index","follow":"follow","max-snippet":"max-snippet:-1","max-image-preview":"max-image-preview:large","max-video-preview":"max-video-preview:-1"},"canonical":"https:\/\/www.exatron.com.br\/en\/produtos\/interface-gateway-smart-wi-fi-ble-sig-mesh\/","og_locale":"en_US","og_type":"article","og_title":"Interface Gateway Smart Wi-Fi\/BLE SIG Mesh - EXATRON","og_description":"Utilizado para integrar os dispositivos que possuem tecnologia BLE SIG Mesh em sua rede de automa\u00e7\u00e3o por meio da comunica\u00e7\u00e3o Wi-Fi\/BLE SIG Mesh.","og_url":"https:\/\/www.exatron.com.br\/en\/produtos\/interface-gateway-smart-wi-fi-ble-sig-mesh\/","og_site_name":"EXATRON","article_modified_time":"2026-04-22T17:31:28+00:00","og_image":[{"width":1080,"height":1080,"url":"https:\/\/www.exatron.com.br\/wp-content\/uploads\/2025\/12\/rr4nw6jklvfud55vfpvjbmzfpxb7dxvxyk8revue.png","type":"image\/png"}],"twitter_card":"summary_large_image","twitter_misc":{"Est. reading time":"2 minutes"},"schema":{"@context":"https:\/\/schema.org","@graph":[{"@type":"WebPage","@id":"https:\/\/www.exatron.com.br\/produtos\/interface-gateway-smart-wi-fi-ble-sig-mesh\/","url":"https:\/\/www.exatron.com.br\/produtos\/interface-gateway-smart-wi-fi-ble-sig-mesh\/","name":"Interface Gateway Smart Wi-Fi\/BLE SIG Mesh - EXATRON","isPartOf":{"@id":"https:\/\/www.exatron.com.br\/#website"},"primaryImageOfPage":{"@id":"https:\/\/www.exatron.com.br\/produtos\/interface-gateway-smart-wi-fi-ble-sig-mesh\/#primaryimage"},"image":{"@id":"https:\/\/www.exatron.com.br\/produtos\/interface-gateway-smart-wi-fi-ble-sig-mesh\/#primaryimage"},"thumbnailUrl":"https:\/\/www.exatron.com.br\/wp-content\/uploads\/2025\/12\/rr4nw6jklvfud55vfpvjbmzfpxb7dxvxyk8revue.png","datePublished":"2025-12-08T15:08:46+00:00","dateModified":"2026-04-22T17:31:28+00:00","description":"Utilizado para integrar os dispositivos que possuem tecnologia BLE SIG Mesh em sua rede de automa\u00e7\u00e3o por meio da comunica\u00e7\u00e3o Wi-Fi\/BLE SIG Mesh.","breadcrumb":{"@id":"https:\/\/www.exatron.com.br\/produtos\/interface-gateway-smart-wi-fi-ble-sig-mesh\/#breadcrumb"},"inLanguage":"en-US","potentialAction":[{"@type":"ReadAction","target":["https:\/\/www.exatron.com.br\/produtos\/interface-gateway-smart-wi-fi-ble-sig-mesh\/"]}]},{"@type":"ImageObject","inLanguage":"en-US","@id":"https:\/\/www.exatron.com.br\/produtos\/interface-gateway-smart-wi-fi-ble-sig-mesh\/#primaryimage","url":"https:\/\/www.exatron.com.br\/wp-content\/uploads\/2025\/12\/rr4nw6jklvfud55vfpvjbmzfpxb7dxvxyk8revue.png","contentUrl":"https:\/\/www.exatron.com.br\/wp-content\/uploads\/2025\/12\/rr4nw6jklvfud55vfpvjbmzfpxb7dxvxyk8revue.png","width":1080,"height":1080,"caption":"A Interface Gateway Smart Wi-Fi\/BLE SIG Mesh (LSIF6100) pode ser utilizada para integrar os dispositivos que possuem tecnologia BLE SIG Mesh em sua rede de automa\u00e7\u00e3o por meio da comunica\u00e7\u00e3o Wi-Fi\/BLE SIG Mesh."},{"@type":"BreadcrumbList","@id":"https:\/\/www.exatron.com.br\/produtos\/interface-gateway-smart-wi-fi-ble-sig-mesh\/#breadcrumb","itemListElement":[{"@type":"ListItem","position":1,"name":"In\u00edcio","item":"https:\/\/www.exatron.com.br\/"},{"@type":"ListItem","position":2,"name":"Loja","item":"https:\/\/www.exatron.com.br\/loja\/"},{"@type":"ListItem","position":3,"name":"Interface Gateway Smart Wi-Fi\/BLE SIG Mesh"}]},{"@type":"WebSite","@id":"https:\/\/www.exatron.com.br\/#website","url":"https:\/\/www.exatron.com.br\/","name":"EXATRON","description":"","publisher":{"@id":"https:\/\/www.exatron.com.br\/#organization"},"potentialAction":[{"@type":"SearchAction","target":{"@type":"EntryPoint","urlTemplate":"https:\/\/www.exatron.com.br\/?s={search_term_string}"},"query-input":{"@type":"PropertyValueSpecification","valueRequired":true,"valueName":"search_term_string"}}],"inLanguage":"en-US"},{"@type":"Organization","@id":"https:\/\/www.exatron.com.br\/#organization","name":"EXATRON","url":"https:\/\/www.exatron.com.br\/","logo":{"@type":"ImageObject","inLanguage":"en-US","@id":"https:\/\/www.exatron.com.br\/#\/schema\/logo\/image\/","url":"https:\/\/www.exatron.com.br\/wp-content\/uploads\/2024\/11\/default-kit.png","contentUrl":"https:\/\/www.exatron.com.br\/wp-content\/uploads\/2024\/11\/default-kit.png","width":956,"height":192,"caption":"EXATRON"},"image":{"@id":"https:\/\/www.exatron.com.br\/#\/schema\/logo\/image\/"}}]}},"_links":{"self":[{"href":"https:\/\/www.exatron.com.br\/en\/wp-json\/wp\/v2\/product\/10699","targetHints":{"allow":["GET"]}}],"collection":[{"href":"https:\/\/www.exatron.com.br\/en\/wp-json\/wp\/v2\/product"}],"about":[{"href":"https:\/\/www.exatron.com.br\/en\/wp-json\/wp\/v2\/types\/product"}],"replies":[{"embeddable":true,"href":"https:\/\/www.exatron.com.br\/en\/wp-json\/wp\/v2\/comments?post=10699"}],"wp:featuredmedia":[{"embeddable":true,"href":"https:\/\/www.exatron.com.br\/en\/wp-json\/wp\/v2\/media\/10275"}],"wp:attachment":[{"href":"https:\/\/www.exatron.com.br\/en\/wp-json\/wp\/v2\/media?parent=10699"}],"wp:term":[{"taxonomy":"aplicacao","embeddable":true,"href":"https:\/\/www.exatron.com.br\/en\/wp-json\/wp\/v2\/aplicacao?post=10699"},{"taxonomy":"product_brand","embeddable":true,"href":"https:\/\/www.exatron.com.br\/en\/wp-json\/wp\/v2\/product_brand?post=10699"},{"taxonomy":"product_cat","embeddable":true,"href":"https:\/\/www.exatron.com.br\/en\/wp-json\/wp\/v2\/product_cat?post=10699"},{"taxonomy":"product_tag","embeddable":true,"href":"https:\/\/www.exatron.com.br\/en\/wp-json\/wp\/v2\/product_tag?post=10699"}],"curies":[{"name":"wp","href":"https:\/\/api.w.org\/{rel}","templated":true}]}}