{"id":10701,"date":"2025-12-08T15:08:46","date_gmt":"2025-12-08T15:08:46","guid":{"rendered":""},"modified":"2026-04-17T14:26:42","modified_gmt":"2026-04-17T17:26:42","slug":"sensor-de-presenca-de-parede-smart-x-control-conjunto-placa-4x2-1-3-suporte","status":"publish","type":"product","link":"https:\/\/www.exatron.com.br\/en\/produtos\/sensor-de-presenca-de-parede-smart-x-control-conjunto-placa-4x2-1-3-suporte\/","title":{"rendered":"Smart X-Control Wall Mount Presence Sensor (4x2 1\/3 Plate Assembly + Bracket)"},"content":{"rendered":"<h3>Technical Specifications<\/h3>\n<ul>\n<li>Voltage: 100-240V~;<\/li>\n<li>Power consumption: &lt;1W;<\/li>\n<li>Operating frequency: 50-60Hz;<\/li>\n<li>Surge protection: 1KV;<\/li>\n<li>Dimensions: 122 (height) x 82 (width) x 34.74 (length) mm;<\/li>\n<li>Coverage: 120\u00b0 with a range of up to 7m at an ambient temperature of 25\u00b0C, at a height of 1.2m;<\/li>\n<li>Electrical connection: Connector for wires from 0.5mm\u00b2 to 2.5mm\u00b2 (wires not included);<\/li>\n<li>Time settings: 1 to 5 seconds, 10, 15, 30 and 45 seconds; 1 to 5 minutes, 10, 15, 20, 25, 30, 40 and 50 minutes; 1 hour, 1:30, 2, 2:30, 3, 3:30 and 4 hours;<\/li>\n<li>Light Sensor: 1 (at night) to 30 (at dusk) and 31 (always \u2013 without photocell). Autolux: memorizes the current ambient light as the minimum ambient light level;<\/li>\n<li>Sensitivity adjustment: 1 (sudden movements) to 8 (greater range);<\/li>\n<li>Relay Function: The sensor functions as a timed photocontrolled relay. At dusk, it keeps the load switched on for the programmed time (0:30 to 12 hours) and then returns to sensor function.<\/li>\n<li>Keep On function: Keeps the load on for the programmed time (0:30 to 12 hours). One-time action;<\/li>\n<li>Keep Off Function: Keeps the load off for the programmed time (0:30 to 12 hours). One-time action;<\/li>\n<li>Enable\/Disable LED Function: Allows you to disable the LED, preventing the product from flashing when it detects movement;<\/li>\n<li>Exclusive Inrush Control Technology, a near-zero network switching system (sine wave) that increases the lifespan of the load assembly (lamps, ballast, and sensor);<\/li>\n<li>It has an LED indicator for operation, detection, and configured parameters \u2013 when the product is operating in one of the following modes: Relay Function, Keep On, or Keep Off, the LED oscillates (blinks slowly and gradually);<\/li>\n<li>Detects heat sources (people, cars, etc.) that must be at least 3\u00b0C different from the ambient temperature where the sensor is installed (use indoors, protected from the elements (wind, rain and sun);<\/li>\n<li>The sensor saves the previously configured parameters (timer settings, brightness, sensitivity, and operating mode) in case of power failure and restoration;<\/li>\n<li>The maximum drive power should not be added together in parallel installations;<\/li>\n<li>Energy savings of up to 75%;<\/li>\n<li>Protection rating: IP32;<\/li>\n<li>Components: plastics, electronics, and metal alloys.<\/li>\n<\/ul>\n<figure class=\"table\">\n<table>\n<tbody>\n<tr>\n<td rowspan=\"3\"><strong>Load capacity<\/strong><\/p>\n<p><strong>(lamps)<\/strong><\/td>\n<td><strong>Food<\/strong><\/td>\n<td><strong>Electronics\/LED\/Halogen<\/strong><\/td>\n<\/tr>\n<tr>\n<td>127V<\/td>\n<td>120W<\/td>\n<\/tr>\n<tr>\n<td>220V<\/td>\n<td>220W<\/td>\n<\/tr>\n<tr>\n<td colspan=\"3\"><strong>THD&lt;20% and FP&gt;0.90<\/strong><\/td>\n<\/tr>\n<\/tbody>\n<\/table>\n<\/figure>","protected":false},"excerpt":{"rendered":"<p>O Sensor de Presen\u00e7a de parede Smart X-Control (Conjunto Placa 4&#215;2 1\/3 + Suporte &#8211; LESP4006XC) \u00a0\u00e9 um comando inteligente que se destina ao acionamento temporizado de cargas. Detecta a movimenta\u00e7\u00e3o de fontes de calor como pessoas e carros, atrav\u00e9s de um sensor infravermelho, acionando a carga e permanecendo ligado enquanto houver detec\u00e7\u00e3o de presen\u00e7a e desligando no tempo programado, ap\u00f3s a \u00faltima detec\u00e7\u00e3o de presen\u00e7a.<\/p>\n<p>It features exclusive Smart X-Control* technology that allows you to configure your sensor via smartphone without having to open it, exposing yourself to electricity, or having to turn off the circuit breakers.<\/p>\n<p>*App available for iOS and Android devices.<\/p>","protected":false},"featured_media":14573,"comment_status":"open","ping_status":"closed","template":"","meta":{"_acf_changed":false,"_joinchat":[]},"aplicacao":[267],"product_brand":[],"product_cat":[383,326,381],"product_tag":[656,582,657,655,632,634,635,658,648],"class_list":{"0":"post-10701","1":"product","2":"type-product","3":"status-publish","4":"has-post-thumbnail","6":"aplicacao-iluminacao-interna-sensores-de-presenca","7":"product_cat-4x2","8":"product_cat-sensores-de-presenca-para-iluminacao","9":"product_cat-smart-x-control","10":"product_tag-deteccao-120","11":"product_tag-economia-de-energia","12":"product_tag-ip32","13":"product_tag-placa-4x2","14":"product_tag-sensor","15":"product_tag-sensor-de-presenca-de-parede","16":"product_tag-sensor-de-presenca-para-iluminacao","17":"product_tag-sensor-para-ambientes-internos","18":"product_tag-tecnologia-smart-x-control","20":"first","21":"indisponivel","22":"shipping-taxable","23":"product-type-variable","24":"has-default-attributes"},"acf":[],"yoast_head":"<!-- This site is optimized with the Yoast SEO plugin v27.3 - https:\/\/yoast.com\/product\/yoast-seo-wordpress\/ -->\n<title>Sensor de Presen\u00e7a de Parede Smart X-Control (Conjunto Placa 4x2 1\/3 + Suporte) - EXATRON<\/title>\n<meta name=\"description\" content=\"LESP4006XC: Sensor Smart X-Control, com 4 diferentes cores, detec\u00e7\u00e3o 120\u00b0 e ajuste de tempo via app. Eficiente para ilumina\u00e7\u00e3o com economia.\" \/>\n<meta name=\"robots\" content=\"index, follow, max-snippet:-1, max-image-preview:large, max-video-preview:-1\" \/>\n<link rel=\"canonical\" href=\"https:\/\/www.exatron.com.br\/en\/produtos\/sensor-de-presenca-de-parede-smart-x-control-conjunto-placa-4x2-1-3-suporte\/\" \/>\n<meta property=\"og:locale\" content=\"en_US\" \/>\n<meta property=\"og:type\" content=\"article\" \/>\n<meta property=\"og:title\" content=\"Sensor de Presen\u00e7a de Parede Smart X-Control (Conjunto Placa 4x2 1\/3 + Suporte) - EXATRON\" \/>\n<meta property=\"og:description\" content=\"LESP4006XC: Sensor Smart X-Control, com 4 diferentes cores, detec\u00e7\u00e3o 120\u00b0 e ajuste de tempo via app. Eficiente para ilumina\u00e7\u00e3o com economia.\" \/>\n<meta property=\"og:url\" content=\"https:\/\/www.exatron.com.br\/en\/produtos\/sensor-de-presenca-de-parede-smart-x-control-conjunto-placa-4x2-1-3-suporte\/\" \/>\n<meta property=\"og:site_name\" content=\"EXATRON\" \/>\n<meta property=\"article:modified_time\" content=\"2026-04-17T17:26:42+00:00\" \/>\n<meta property=\"og:image\" content=\"https:\/\/www.exatron.com.br\/wp-content\/uploads\/lesp4006xc2_2.png\" \/>\n\t<meta property=\"og:image:width\" content=\"1000\" \/>\n\t<meta property=\"og:image:height\" content=\"1000\" \/>\n\t<meta property=\"og:image:type\" content=\"image\/png\" \/>\n<meta name=\"twitter:card\" content=\"summary_large_image\" \/>\n<meta name=\"twitter:label1\" content=\"Est. reading time\" \/>\n\t<meta name=\"twitter:data1\" content=\"3 minutes\" \/>\n<script type=\"application\/ld+json\" class=\"yoast-schema-graph\">{\"@context\":\"https:\\\/\\\/schema.org\",\"@graph\":[{\"@type\":\"WebPage\",\"@id\":\"https:\\\/\\\/www.exatron.com.br\\\/produtos\\\/sensor-de-presenca-de-parede-smart-x-control-conjunto-placa-4x2-1-3-suporte\\\/\",\"url\":\"https:\\\/\\\/www.exatron.com.br\\\/produtos\\\/sensor-de-presenca-de-parede-smart-x-control-conjunto-placa-4x2-1-3-suporte\\\/\",\"name\":\"Sensor de Presen\u00e7a de Parede Smart X-Control (Conjunto Placa 4x2 1\\\/3 + Suporte) - EXATRON\",\"isPartOf\":{\"@id\":\"https:\\\/\\\/www.exatron.com.br\\\/#website\"},\"primaryImageOfPage\":{\"@id\":\"https:\\\/\\\/www.exatron.com.br\\\/produtos\\\/sensor-de-presenca-de-parede-smart-x-control-conjunto-placa-4x2-1-3-suporte\\\/#primaryimage\"},\"image\":{\"@id\":\"https:\\\/\\\/www.exatron.com.br\\\/produtos\\\/sensor-de-presenca-de-parede-smart-x-control-conjunto-placa-4x2-1-3-suporte\\\/#primaryimage\"},\"thumbnailUrl\":\"https:\\\/\\\/www.exatron.com.br\\\/wp-content\\\/uploads\\\/lesp4006xc2_2.png\",\"datePublished\":\"2025-12-08T15:08:46+00:00\",\"dateModified\":\"2026-04-17T17:26:42+00:00\",\"description\":\"LESP4006XC: Sensor Smart X-Control, com 4 diferentes cores, detec\u00e7\u00e3o 120\u00b0 e ajuste de tempo via app. Eficiente para ilumina\u00e7\u00e3o com economia.\",\"breadcrumb\":{\"@id\":\"https:\\\/\\\/www.exatron.com.br\\\/produtos\\\/sensor-de-presenca-de-parede-smart-x-control-conjunto-placa-4x2-1-3-suporte\\\/#breadcrumb\"},\"inLanguage\":\"en-US\",\"potentialAction\":[{\"@type\":\"ReadAction\",\"target\":[\"https:\\\/\\\/www.exatron.com.br\\\/produtos\\\/sensor-de-presenca-de-parede-smart-x-control-conjunto-placa-4x2-1-3-suporte\\\/\"]}]},{\"@type\":\"ImageObject\",\"inLanguage\":\"en-US\",\"@id\":\"https:\\\/\\\/www.exatron.com.br\\\/produtos\\\/sensor-de-presenca-de-parede-smart-x-control-conjunto-placa-4x2-1-3-suporte\\\/#primaryimage\",\"url\":\"https:\\\/\\\/www.exatron.com.br\\\/wp-content\\\/uploads\\\/lesp4006xc2_2.png\",\"contentUrl\":\"https:\\\/\\\/www.exatron.com.br\\\/wp-content\\\/uploads\\\/lesp4006xc2_2.png\",\"width\":1000,\"height\":1000,\"caption\":\"Sensor de Presen\u00e7a Parede Smart X-Control 2.0 (Conjunto Placa 4\u00d72 1\\\/3 + Suporte) - Frente\"},{\"@type\":\"BreadcrumbList\",\"@id\":\"https:\\\/\\\/www.exatron.com.br\\\/produtos\\\/sensor-de-presenca-de-parede-smart-x-control-conjunto-placa-4x2-1-3-suporte\\\/#breadcrumb\",\"itemListElement\":[{\"@type\":\"ListItem\",\"position\":1,\"name\":\"In\u00edcio\",\"item\":\"https:\\\/\\\/www.exatron.com.br\\\/\"},{\"@type\":\"ListItem\",\"position\":2,\"name\":\"Loja\",\"item\":\"https:\\\/\\\/www.exatron.com.br\\\/loja\\\/\"},{\"@type\":\"ListItem\",\"position\":3,\"name\":\"Sensor de Presen\u00e7a de Parede Smart X-Control (Conjunto Placa 4&#215;2 1\\\/3 + Suporte)\"}]},{\"@type\":\"WebSite\",\"@id\":\"https:\\\/\\\/www.exatron.com.br\\\/#website\",\"url\":\"https:\\\/\\\/www.exatron.com.br\\\/\",\"name\":\"EXATRON\",\"description\":\"\",\"publisher\":{\"@id\":\"https:\\\/\\\/www.exatron.com.br\\\/#organization\"},\"potentialAction\":[{\"@type\":\"SearchAction\",\"target\":{\"@type\":\"EntryPoint\",\"urlTemplate\":\"https:\\\/\\\/www.exatron.com.br\\\/?s={search_term_string}\"},\"query-input\":{\"@type\":\"PropertyValueSpecification\",\"valueRequired\":true,\"valueName\":\"search_term_string\"}}],\"inLanguage\":\"en-US\"},{\"@type\":\"Organization\",\"@id\":\"https:\\\/\\\/www.exatron.com.br\\\/#organization\",\"name\":\"EXATRON\",\"url\":\"https:\\\/\\\/www.exatron.com.br\\\/\",\"logo\":{\"@type\":\"ImageObject\",\"inLanguage\":\"en-US\",\"@id\":\"https:\\\/\\\/www.exatron.com.br\\\/#\\\/schema\\\/logo\\\/image\\\/\",\"url\":\"https:\\\/\\\/www.exatron.com.br\\\/wp-content\\\/uploads\\\/2024\\\/11\\\/default-kit.png\",\"contentUrl\":\"https:\\\/\\\/www.exatron.com.br\\\/wp-content\\\/uploads\\\/2024\\\/11\\\/default-kit.png\",\"width\":956,\"height\":192,\"caption\":\"EXATRON\"},\"image\":{\"@id\":\"https:\\\/\\\/www.exatron.com.br\\\/#\\\/schema\\\/logo\\\/image\\\/\"}}]}<\/script>\n<!-- \/ Yoast SEO plugin. -->","yoast_head_json":{"title":"Sensor de Presen\u00e7a de Parede Smart X-Control (Conjunto Placa 4x2 1\/3 + Suporte) - EXATRON","description":"LESP4006XC: Sensor Smart X-Control, com 4 diferentes cores, detec\u00e7\u00e3o 120\u00b0 e ajuste de tempo via app. Eficiente para ilumina\u00e7\u00e3o com economia.","robots":{"index":"index","follow":"follow","max-snippet":"max-snippet:-1","max-image-preview":"max-image-preview:large","max-video-preview":"max-video-preview:-1"},"canonical":"https:\/\/www.exatron.com.br\/en\/produtos\/sensor-de-presenca-de-parede-smart-x-control-conjunto-placa-4x2-1-3-suporte\/","og_locale":"en_US","og_type":"article","og_title":"Sensor de Presen\u00e7a de Parede Smart X-Control (Conjunto Placa 4x2 1\/3 + Suporte) - EXATRON","og_description":"LESP4006XC: Sensor Smart X-Control, com 4 diferentes cores, detec\u00e7\u00e3o 120\u00b0 e ajuste de tempo via app. Eficiente para ilumina\u00e7\u00e3o com economia.","og_url":"https:\/\/www.exatron.com.br\/en\/produtos\/sensor-de-presenca-de-parede-smart-x-control-conjunto-placa-4x2-1-3-suporte\/","og_site_name":"EXATRON","article_modified_time":"2026-04-17T17:26:42+00:00","og_image":[{"width":1000,"height":1000,"url":"https:\/\/www.exatron.com.br\/wp-content\/uploads\/lesp4006xc2_2.png","type":"image\/png"}],"twitter_card":"summary_large_image","twitter_misc":{"Est. reading time":"3 minutes"},"schema":{"@context":"https:\/\/schema.org","@graph":[{"@type":"WebPage","@id":"https:\/\/www.exatron.com.br\/produtos\/sensor-de-presenca-de-parede-smart-x-control-conjunto-placa-4x2-1-3-suporte\/","url":"https:\/\/www.exatron.com.br\/produtos\/sensor-de-presenca-de-parede-smart-x-control-conjunto-placa-4x2-1-3-suporte\/","name":"Sensor de Presen\u00e7a de Parede Smart X-Control (Conjunto Placa 4x2 1\/3 + Suporte) - EXATRON","isPartOf":{"@id":"https:\/\/www.exatron.com.br\/#website"},"primaryImageOfPage":{"@id":"https:\/\/www.exatron.com.br\/produtos\/sensor-de-presenca-de-parede-smart-x-control-conjunto-placa-4x2-1-3-suporte\/#primaryimage"},"image":{"@id":"https:\/\/www.exatron.com.br\/produtos\/sensor-de-presenca-de-parede-smart-x-control-conjunto-placa-4x2-1-3-suporte\/#primaryimage"},"thumbnailUrl":"https:\/\/www.exatron.com.br\/wp-content\/uploads\/lesp4006xc2_2.png","datePublished":"2025-12-08T15:08:46+00:00","dateModified":"2026-04-17T17:26:42+00:00","description":"LESP4006XC: Sensor Smart X-Control, com 4 diferentes cores, detec\u00e7\u00e3o 120\u00b0 e ajuste de tempo via app. Eficiente para ilumina\u00e7\u00e3o com economia.","breadcrumb":{"@id":"https:\/\/www.exatron.com.br\/produtos\/sensor-de-presenca-de-parede-smart-x-control-conjunto-placa-4x2-1-3-suporte\/#breadcrumb"},"inLanguage":"en-US","potentialAction":[{"@type":"ReadAction","target":["https:\/\/www.exatron.com.br\/produtos\/sensor-de-presenca-de-parede-smart-x-control-conjunto-placa-4x2-1-3-suporte\/"]}]},{"@type":"ImageObject","inLanguage":"en-US","@id":"https:\/\/www.exatron.com.br\/produtos\/sensor-de-presenca-de-parede-smart-x-control-conjunto-placa-4x2-1-3-suporte\/#primaryimage","url":"https:\/\/www.exatron.com.br\/wp-content\/uploads\/lesp4006xc2_2.png","contentUrl":"https:\/\/www.exatron.com.br\/wp-content\/uploads\/lesp4006xc2_2.png","width":1000,"height":1000,"caption":"Sensor de Presen\u00e7a Parede Smart X-Control 2.0 (Conjunto Placa 4\u00d72 1\/3 + Suporte) - Frente"},{"@type":"BreadcrumbList","@id":"https:\/\/www.exatron.com.br\/produtos\/sensor-de-presenca-de-parede-smart-x-control-conjunto-placa-4x2-1-3-suporte\/#breadcrumb","itemListElement":[{"@type":"ListItem","position":1,"name":"In\u00edcio","item":"https:\/\/www.exatron.com.br\/"},{"@type":"ListItem","position":2,"name":"Loja","item":"https:\/\/www.exatron.com.br\/loja\/"},{"@type":"ListItem","position":3,"name":"Sensor de Presen\u00e7a de Parede Smart X-Control (Conjunto Placa 4&#215;2 1\/3 + Suporte)"}]},{"@type":"WebSite","@id":"https:\/\/www.exatron.com.br\/#website","url":"https:\/\/www.exatron.com.br\/","name":"EXATRON","description":"","publisher":{"@id":"https:\/\/www.exatron.com.br\/#organization"},"potentialAction":[{"@type":"SearchAction","target":{"@type":"EntryPoint","urlTemplate":"https:\/\/www.exatron.com.br\/?s={search_term_string}"},"query-input":{"@type":"PropertyValueSpecification","valueRequired":true,"valueName":"search_term_string"}}],"inLanguage":"en-US"},{"@type":"Organization","@id":"https:\/\/www.exatron.com.br\/#organization","name":"EXATRON","url":"https:\/\/www.exatron.com.br\/","logo":{"@type":"ImageObject","inLanguage":"en-US","@id":"https:\/\/www.exatron.com.br\/#\/schema\/logo\/image\/","url":"https:\/\/www.exatron.com.br\/wp-content\/uploads\/2024\/11\/default-kit.png","contentUrl":"https:\/\/www.exatron.com.br\/wp-content\/uploads\/2024\/11\/default-kit.png","width":956,"height":192,"caption":"EXATRON"},"image":{"@id":"https:\/\/www.exatron.com.br\/#\/schema\/logo\/image\/"}}]}},"_links":{"self":[{"href":"https:\/\/www.exatron.com.br\/en\/wp-json\/wp\/v2\/product\/10701","targetHints":{"allow":["GET"]}}],"collection":[{"href":"https:\/\/www.exatron.com.br\/en\/wp-json\/wp\/v2\/product"}],"about":[{"href":"https:\/\/www.exatron.com.br\/en\/wp-json\/wp\/v2\/types\/product"}],"replies":[{"embeddable":true,"href":"https:\/\/www.exatron.com.br\/en\/wp-json\/wp\/v2\/comments?post=10701"}],"wp:featuredmedia":[{"embeddable":true,"href":"https:\/\/www.exatron.com.br\/en\/wp-json\/wp\/v2\/media\/14573"}],"wp:attachment":[{"href":"https:\/\/www.exatron.com.br\/en\/wp-json\/wp\/v2\/media?parent=10701"}],"wp:term":[{"taxonomy":"aplicacao","embeddable":true,"href":"https:\/\/www.exatron.com.br\/en\/wp-json\/wp\/v2\/aplicacao?post=10701"},{"taxonomy":"product_brand","embeddable":true,"href":"https:\/\/www.exatron.com.br\/en\/wp-json\/wp\/v2\/product_brand?post=10701"},{"taxonomy":"product_cat","embeddable":true,"href":"https:\/\/www.exatron.com.br\/en\/wp-json\/wp\/v2\/product_cat?post=10701"},{"taxonomy":"product_tag","embeddable":true,"href":"https:\/\/www.exatron.com.br\/en\/wp-json\/wp\/v2\/product_tag?post=10701"}],"curies":[{"name":"wp","href":"https:\/\/api.w.org\/{rel}","templated":true}]}}