{"id":10716,"date":"2025-12-08T15:08:48","date_gmt":"2025-12-08T15:08:48","guid":{"rendered":""},"modified":"2026-04-23T16:34:24","modified_gmt":"2026-04-23T19:34:24","slug":"dispositivo-de-protecao-contra-surtos-classe-ii-dps","status":"publish","type":"product","link":"https:\/\/www.exatron.com.br\/en\/produtos\/dispositivo-de-protecao-contra-surtos-classe-ii-dps\/","title":{"rendered":"DPS Classe II para ilumina\u00e7\u00e3o p\u00fablica"},"content":{"rendered":"<h3>Technical Specifications<\/h3>\n<ul>\n<li>Tens\u00e3o Nominal de Opera\u00e7\u00e3o: 127-220V ~ 50\/60 Hz;<\/li>\n<li>Aplica\u00e7\u00e3o para prote\u00e7\u00e3o de sistemas de ilumina\u00e7\u00e3o com tecnologia LED em rodovias, vias p\u00fablicas, t\u00faneis, garagens e estacionamentos;<\/li>\n<li>Suportabilidade a correntes de surtos de 12 kA @ 8\/20 \u00b5s;<\/li>\n<li>Suportabilidade a impulsos de tens\u00e3o de 10 kV @ 1,2\/50 \u00b5s;<\/li>\n<li>Liga\u00e7\u00e3o em s\u00e9rie ou paralelo com a carga;<\/li>\n<li>Produto protegido termicamente;<\/li>\n<li>Led indicativo de Opera\u00e7\u00e3o;<\/li>\n<li>Inv\u00f3lucro em material com caracter\u00edstica de n\u00e3o propaga\u00e7\u00e3o e auto extin\u00e7\u00e3o de fogo;<\/li>\n<li>Aten\u00e7\u00e3o: Led indicador desligado significa falta de energia el\u00e9trica ou fim da vida \u00fatil por surto de maior energia absorv\u00edvel, neste caso, o DPS dever\u00e1 ser substitu\u00eddo;<\/li>\n<li>Grau de prote\u00e7\u00e3o: IP20;<\/li>\n<li>Garantia: 03 anos.<\/li>\n<li>Tabela T\u00e9cnica:<\/li>\n<\/ul>\n<figure class=\"image\"><img decoding=\"async\" src=\"https:\/\/www.exatron.com.br\/storage\/editor\/vPIosESFeChnStz8XtTXH6902u1WIGhAnNAH6EHi.png\" \/><\/figure>","protected":false},"excerpt":{"rendered":"<p>O Dispositivo de prote\u00e7\u00e3o contra surtos Classe II (DPS) para Lumin\u00e1rias (LLIP3000 TR) Exatron \u00e9 um equipamento com tecnologia combinada de Varistor de \u00d3xido Met\u00e1lico (MOV) e Centelhador a G\u00e1s (GDT), que oferece maior vida \u00fatil as lumin\u00e1rias.<\/p>\n<p>Projetado para suportar surtos el\u00e9tricos, provocados por descargas atmosf\u00e9ricas e manobras no sistema el\u00e9trico, conforme IEC 61643-11.<\/p>\n<p>Possui sinaliza\u00e7\u00e3o do estado de opera\u00e7\u00e3o ativo atrav\u00e9s de LED.<\/p>\n<p>O LLIP3000 TR suporta surtos de corrente de at\u00e9 12 kA ou de tens\u00f5es de at\u00e9 10 kV.<\/p>","protected":false},"featured_media":10291,"comment_status":"open","ping_status":"closed","template":"","meta":{"_acf_changed":false,"_joinchat":[]},"aplicacao":[269],"product_brand":[],"product_cat":[314],"product_tag":[936,935],"class_list":{"0":"post-10716","1":"product","2":"type-product","3":"status-publish","4":"has-post-thumbnail","6":"aplicacao-seguranca-de-rede-eletrica-baixa-tensao","7":"product_cat-dps","8":"product_tag-dispositivo-de-protecao-contra-surtos","9":"product_tag-dps","11":"first","12":"instock","13":"shipping-taxable","14":"purchasable","15":"product-type-simple"},"acf":[],"yoast_head":"<!-- This site is optimized with the Yoast SEO plugin v27.3 - https:\/\/yoast.com\/product\/yoast-seo-wordpress\/ -->\n<title>DPS Classe II para ilumina\u00e7\u00e3o p\u00fablica - EXATRON<\/title>\n<meta name=\"description\" content=\"Para lumin\u00e1rias, com tecnologia MOV e GDT, suporta surtos de at\u00e9 12kA ou 10kV. Indicado para prote\u00e7\u00e3o de sistemas de ilumina\u00e7\u00e3o LED.\" \/>\n<meta name=\"robots\" content=\"index, follow, max-snippet:-1, max-image-preview:large, max-video-preview:-1\" \/>\n<link rel=\"canonical\" href=\"https:\/\/www.exatron.com.br\/en\/produtos\/dispositivo-de-protecao-contra-surtos-classe-ii-dps\/\" \/>\n<meta property=\"og:locale\" content=\"en_US\" \/>\n<meta property=\"og:type\" content=\"article\" \/>\n<meta property=\"og:title\" content=\"DPS Classe II para ilumina\u00e7\u00e3o p\u00fablica - EXATRON\" \/>\n<meta property=\"og:description\" content=\"Para lumin\u00e1rias, com tecnologia MOV e GDT, suporta surtos de at\u00e9 12kA ou 10kV. Indicado para prote\u00e7\u00e3o de sistemas de ilumina\u00e7\u00e3o LED.\" \/>\n<meta property=\"og:url\" content=\"https:\/\/www.exatron.com.br\/en\/produtos\/dispositivo-de-protecao-contra-surtos-classe-ii-dps\/\" \/>\n<meta property=\"og:site_name\" content=\"EXATRON\" \/>\n<meta property=\"article:modified_time\" content=\"2026-04-23T19:34:24+00:00\" \/>\n<meta property=\"og:image\" content=\"https:\/\/www.exatron.com.br\/wp-content\/uploads\/2025\/12\/ax4oatyneqipj5ucyfwc0jilworxyyuaubng5cch.png\" \/>\n\t<meta property=\"og:image:width\" content=\"540\" \/>\n\t<meta property=\"og:image:height\" content=\"540\" \/>\n\t<meta property=\"og:image:type\" content=\"image\/png\" \/>\n<meta name=\"twitter:card\" content=\"summary_large_image\" \/>\n<meta name=\"twitter:label1\" content=\"Est. reading time\" \/>\n\t<meta name=\"twitter:data1\" content=\"2 minutes\" \/>\n<script type=\"application\/ld+json\" class=\"yoast-schema-graph\">{\"@context\":\"https:\\\/\\\/schema.org\",\"@graph\":[{\"@type\":\"WebPage\",\"@id\":\"https:\\\/\\\/www.exatron.com.br\\\/produtos\\\/dispositivo-de-protecao-contra-surtos-classe-ii-dps\\\/\",\"url\":\"https:\\\/\\\/www.exatron.com.br\\\/produtos\\\/dispositivo-de-protecao-contra-surtos-classe-ii-dps\\\/\",\"name\":\"DPS Classe II para ilumina\u00e7\u00e3o p\u00fablica - EXATRON\",\"isPartOf\":{\"@id\":\"https:\\\/\\\/www.exatron.com.br\\\/#website\"},\"primaryImageOfPage\":{\"@id\":\"https:\\\/\\\/www.exatron.com.br\\\/produtos\\\/dispositivo-de-protecao-contra-surtos-classe-ii-dps\\\/#primaryimage\"},\"image\":{\"@id\":\"https:\\\/\\\/www.exatron.com.br\\\/produtos\\\/dispositivo-de-protecao-contra-surtos-classe-ii-dps\\\/#primaryimage\"},\"thumbnailUrl\":\"https:\\\/\\\/www.exatron.com.br\\\/wp-content\\\/uploads\\\/2025\\\/12\\\/ax4oatyneqipj5ucyfwc0jilworxyyuaubng5cch.png\",\"datePublished\":\"2025-12-08T15:08:48+00:00\",\"dateModified\":\"2026-04-23T19:34:24+00:00\",\"description\":\"Para lumin\u00e1rias, com tecnologia MOV e GDT, suporta surtos de at\u00e9 12kA ou 10kV. Indicado para prote\u00e7\u00e3o de sistemas de ilumina\u00e7\u00e3o LED.\",\"breadcrumb\":{\"@id\":\"https:\\\/\\\/www.exatron.com.br\\\/produtos\\\/dispositivo-de-protecao-contra-surtos-classe-ii-dps\\\/#breadcrumb\"},\"inLanguage\":\"en-US\",\"potentialAction\":[{\"@type\":\"ReadAction\",\"target\":[\"https:\\\/\\\/www.exatron.com.br\\\/produtos\\\/dispositivo-de-protecao-contra-surtos-classe-ii-dps\\\/\"]}]},{\"@type\":\"ImageObject\",\"inLanguage\":\"en-US\",\"@id\":\"https:\\\/\\\/www.exatron.com.br\\\/produtos\\\/dispositivo-de-protecao-contra-surtos-classe-ii-dps\\\/#primaryimage\",\"url\":\"https:\\\/\\\/www.exatron.com.br\\\/wp-content\\\/uploads\\\/2025\\\/12\\\/ax4oatyneqipj5ucyfwc0jilworxyyuaubng5cch.png\",\"contentUrl\":\"https:\\\/\\\/www.exatron.com.br\\\/wp-content\\\/uploads\\\/2025\\\/12\\\/ax4oatyneqipj5ucyfwc0jilworxyyuaubng5cch.png\",\"width\":540,\"height\":540,\"caption\":\"Possui sinaliza\u00e7\u00e3o do estado de opera\u00e7\u00e3o ativo atrav\u00e9s de LED.\"},{\"@type\":\"BreadcrumbList\",\"@id\":\"https:\\\/\\\/www.exatron.com.br\\\/produtos\\\/dispositivo-de-protecao-contra-surtos-classe-ii-dps\\\/#breadcrumb\",\"itemListElement\":[{\"@type\":\"ListItem\",\"position\":1,\"name\":\"In\u00edcio\",\"item\":\"https:\\\/\\\/www.exatron.com.br\\\/\"},{\"@type\":\"ListItem\",\"position\":2,\"name\":\"Loja\",\"item\":\"https:\\\/\\\/www.exatron.com.br\\\/loja\\\/\"},{\"@type\":\"ListItem\",\"position\":3,\"name\":\"DPS Classe II para ilumina\u00e7\u00e3o p\u00fablica\"}]},{\"@type\":\"WebSite\",\"@id\":\"https:\\\/\\\/www.exatron.com.br\\\/#website\",\"url\":\"https:\\\/\\\/www.exatron.com.br\\\/\",\"name\":\"EXATRON\",\"description\":\"\",\"publisher\":{\"@id\":\"https:\\\/\\\/www.exatron.com.br\\\/#organization\"},\"potentialAction\":[{\"@type\":\"SearchAction\",\"target\":{\"@type\":\"EntryPoint\",\"urlTemplate\":\"https:\\\/\\\/www.exatron.com.br\\\/?s={search_term_string}\"},\"query-input\":{\"@type\":\"PropertyValueSpecification\",\"valueRequired\":true,\"valueName\":\"search_term_string\"}}],\"inLanguage\":\"en-US\"},{\"@type\":\"Organization\",\"@id\":\"https:\\\/\\\/www.exatron.com.br\\\/#organization\",\"name\":\"EXATRON\",\"url\":\"https:\\\/\\\/www.exatron.com.br\\\/\",\"logo\":{\"@type\":\"ImageObject\",\"inLanguage\":\"en-US\",\"@id\":\"https:\\\/\\\/www.exatron.com.br\\\/#\\\/schema\\\/logo\\\/image\\\/\",\"url\":\"https:\\\/\\\/www.exatron.com.br\\\/wp-content\\\/uploads\\\/2024\\\/11\\\/default-kit.png\",\"contentUrl\":\"https:\\\/\\\/www.exatron.com.br\\\/wp-content\\\/uploads\\\/2024\\\/11\\\/default-kit.png\",\"width\":956,\"height\":192,\"caption\":\"EXATRON\"},\"image\":{\"@id\":\"https:\\\/\\\/www.exatron.com.br\\\/#\\\/schema\\\/logo\\\/image\\\/\"}}]}<\/script>\n<!-- \/ Yoast SEO plugin. -->","yoast_head_json":{"title":"DPS Classe II para ilumina\u00e7\u00e3o p\u00fablica - EXATRON","description":"Para lumin\u00e1rias, com tecnologia MOV e GDT, suporta surtos de at\u00e9 12kA ou 10kV. Indicado para prote\u00e7\u00e3o de sistemas de ilumina\u00e7\u00e3o LED.","robots":{"index":"index","follow":"follow","max-snippet":"max-snippet:-1","max-image-preview":"max-image-preview:large","max-video-preview":"max-video-preview:-1"},"canonical":"https:\/\/www.exatron.com.br\/en\/produtos\/dispositivo-de-protecao-contra-surtos-classe-ii-dps\/","og_locale":"en_US","og_type":"article","og_title":"DPS Classe II para ilumina\u00e7\u00e3o p\u00fablica - EXATRON","og_description":"Para lumin\u00e1rias, com tecnologia MOV e GDT, suporta surtos de at\u00e9 12kA ou 10kV. Indicado para prote\u00e7\u00e3o de sistemas de ilumina\u00e7\u00e3o LED.","og_url":"https:\/\/www.exatron.com.br\/en\/produtos\/dispositivo-de-protecao-contra-surtos-classe-ii-dps\/","og_site_name":"EXATRON","article_modified_time":"2026-04-23T19:34:24+00:00","og_image":[{"width":540,"height":540,"url":"https:\/\/www.exatron.com.br\/wp-content\/uploads\/2025\/12\/ax4oatyneqipj5ucyfwc0jilworxyyuaubng5cch.png","type":"image\/png"}],"twitter_card":"summary_large_image","twitter_misc":{"Est. reading time":"2 minutes"},"schema":{"@context":"https:\/\/schema.org","@graph":[{"@type":"WebPage","@id":"https:\/\/www.exatron.com.br\/produtos\/dispositivo-de-protecao-contra-surtos-classe-ii-dps\/","url":"https:\/\/www.exatron.com.br\/produtos\/dispositivo-de-protecao-contra-surtos-classe-ii-dps\/","name":"DPS Classe II para ilumina\u00e7\u00e3o p\u00fablica - EXATRON","isPartOf":{"@id":"https:\/\/www.exatron.com.br\/#website"},"primaryImageOfPage":{"@id":"https:\/\/www.exatron.com.br\/produtos\/dispositivo-de-protecao-contra-surtos-classe-ii-dps\/#primaryimage"},"image":{"@id":"https:\/\/www.exatron.com.br\/produtos\/dispositivo-de-protecao-contra-surtos-classe-ii-dps\/#primaryimage"},"thumbnailUrl":"https:\/\/www.exatron.com.br\/wp-content\/uploads\/2025\/12\/ax4oatyneqipj5ucyfwc0jilworxyyuaubng5cch.png","datePublished":"2025-12-08T15:08:48+00:00","dateModified":"2026-04-23T19:34:24+00:00","description":"Para lumin\u00e1rias, com tecnologia MOV e GDT, suporta surtos de at\u00e9 12kA ou 10kV. Indicado para prote\u00e7\u00e3o de sistemas de ilumina\u00e7\u00e3o LED.","breadcrumb":{"@id":"https:\/\/www.exatron.com.br\/produtos\/dispositivo-de-protecao-contra-surtos-classe-ii-dps\/#breadcrumb"},"inLanguage":"en-US","potentialAction":[{"@type":"ReadAction","target":["https:\/\/www.exatron.com.br\/produtos\/dispositivo-de-protecao-contra-surtos-classe-ii-dps\/"]}]},{"@type":"ImageObject","inLanguage":"en-US","@id":"https:\/\/www.exatron.com.br\/produtos\/dispositivo-de-protecao-contra-surtos-classe-ii-dps\/#primaryimage","url":"https:\/\/www.exatron.com.br\/wp-content\/uploads\/2025\/12\/ax4oatyneqipj5ucyfwc0jilworxyyuaubng5cch.png","contentUrl":"https:\/\/www.exatron.com.br\/wp-content\/uploads\/2025\/12\/ax4oatyneqipj5ucyfwc0jilworxyyuaubng5cch.png","width":540,"height":540,"caption":"Possui sinaliza\u00e7\u00e3o do estado de opera\u00e7\u00e3o ativo atrav\u00e9s de LED."},{"@type":"BreadcrumbList","@id":"https:\/\/www.exatron.com.br\/produtos\/dispositivo-de-protecao-contra-surtos-classe-ii-dps\/#breadcrumb","itemListElement":[{"@type":"ListItem","position":1,"name":"In\u00edcio","item":"https:\/\/www.exatron.com.br\/"},{"@type":"ListItem","position":2,"name":"Loja","item":"https:\/\/www.exatron.com.br\/loja\/"},{"@type":"ListItem","position":3,"name":"DPS Classe II para ilumina\u00e7\u00e3o p\u00fablica"}]},{"@type":"WebSite","@id":"https:\/\/www.exatron.com.br\/#website","url":"https:\/\/www.exatron.com.br\/","name":"EXATRON","description":"","publisher":{"@id":"https:\/\/www.exatron.com.br\/#organization"},"potentialAction":[{"@type":"SearchAction","target":{"@type":"EntryPoint","urlTemplate":"https:\/\/www.exatron.com.br\/?s={search_term_string}"},"query-input":{"@type":"PropertyValueSpecification","valueRequired":true,"valueName":"search_term_string"}}],"inLanguage":"en-US"},{"@type":"Organization","@id":"https:\/\/www.exatron.com.br\/#organization","name":"EXATRON","url":"https:\/\/www.exatron.com.br\/","logo":{"@type":"ImageObject","inLanguage":"en-US","@id":"https:\/\/www.exatron.com.br\/#\/schema\/logo\/image\/","url":"https:\/\/www.exatron.com.br\/wp-content\/uploads\/2024\/11\/default-kit.png","contentUrl":"https:\/\/www.exatron.com.br\/wp-content\/uploads\/2024\/11\/default-kit.png","width":956,"height":192,"caption":"EXATRON"},"image":{"@id":"https:\/\/www.exatron.com.br\/#\/schema\/logo\/image\/"}}]}},"_links":{"self":[{"href":"https:\/\/www.exatron.com.br\/en\/wp-json\/wp\/v2\/product\/10716","targetHints":{"allow":["GET"]}}],"collection":[{"href":"https:\/\/www.exatron.com.br\/en\/wp-json\/wp\/v2\/product"}],"about":[{"href":"https:\/\/www.exatron.com.br\/en\/wp-json\/wp\/v2\/types\/product"}],"replies":[{"embeddable":true,"href":"https:\/\/www.exatron.com.br\/en\/wp-json\/wp\/v2\/comments?post=10716"}],"wp:featuredmedia":[{"embeddable":true,"href":"https:\/\/www.exatron.com.br\/en\/wp-json\/wp\/v2\/media\/10291"}],"wp:attachment":[{"href":"https:\/\/www.exatron.com.br\/en\/wp-json\/wp\/v2\/media?parent=10716"}],"wp:term":[{"taxonomy":"aplicacao","embeddable":true,"href":"https:\/\/www.exatron.com.br\/en\/wp-json\/wp\/v2\/aplicacao?post=10716"},{"taxonomy":"product_brand","embeddable":true,"href":"https:\/\/www.exatron.com.br\/en\/wp-json\/wp\/v2\/product_brand?post=10716"},{"taxonomy":"product_cat","embeddable":true,"href":"https:\/\/www.exatron.com.br\/en\/wp-json\/wp\/v2\/product_cat?post=10716"},{"taxonomy":"product_tag","embeddable":true,"href":"https:\/\/www.exatron.com.br\/en\/wp-json\/wp\/v2\/product_tag?post=10716"}],"curies":[{"name":"wp","href":"https:\/\/api.w.org\/{rel}","templated":true}]}}