{"id":10732,"date":"2025-12-08T15:08:49","date_gmt":"2025-12-08T15:08:49","guid":{"rendered":""},"modified":"2026-04-29T14:27:02","modified_gmt":"2026-04-29T17:27:02","slug":"luminaria-led-arandela-oval-8w-4-000k","status":"publish","type":"product","link":"https:\/\/www.exatron.com.br\/en\/produtos\/luminaria-led-arandela-oval-8w-4-000k\/","title":{"rendered":"Oval LED Wall Light Fixture, 8W, 4000K"},"content":{"rendered":"<h3>Technical Specifications<\/h3>\n<p>\u2022 Pot\u00eancia: 8 Watts;<\/p>\n<p>\u2022 Tens\u00e3o: 110\/220V~ 50\/60Hz \u2013 bivolt autom\u00e1tico;<\/p>\n<p>\u2022 Fluxo Luminoso: 800lm (l\u00famens);<\/p>\n<p>\u2022 Fator de pot\u00eancia: &gt;0,5;<\/p>\n<p>\u2022 Temperatura da cor: 4000K \u2013 Branco neutro;<\/p>\n<p>\u2022 Grau de prote\u00e7\u00e3o: IP65;<\/p>\n<p>\u2022\u00a0Vida \u00fatil dos LEDs: 25.000 horas;<\/p>\n<p>\u2022 Temperatura de opera\u00e7\u00e3o: -20 a 40\u00b0C;<\/p>\n<p>\u2022 Produto pronto para instalar em rede el\u00e9trica;<\/p>\n<p>\u2022 Driver incluso aos produtos;<\/p>\n<p>\u2022 Material: Pl\u00e1stico;<\/p>\n<p>\u2022 Possui cabo com duplo isolamento;<\/p>\n<p>\u2022 Fluxo luminoso constante em toda faixa de tens\u00e3o;<\/p>\n<p>\u2022 Tipo de instala\u00e7\u00e3o: Sobrepor;<\/p>\n<p>\u2022 Com prote\u00e7\u00e3o para ser instalado na chuva;<\/p>\n<p>\u2022 Menor consumo de energia el\u00e9trica;<\/p>\n<p>\u2022 R\u00e1pido e pr\u00e1tico para instalar;<\/p>\n<p>\u2022 Tecnologia LED;<\/p>\n<p>\u2022\u00a0Garantia: 01 ano.<\/p>","protected":false},"excerpt":{"rendered":"<p>A Lumin\u00e1ria LED Arandela Oval (LLIC3005) pode ser instalada em diversos ambientes, sendo eles internos ou externos. Com o seu design sofisticado e suas funcionalidades ampliadas, esta lumin\u00e1ria LED possui uma ilumina\u00e7\u00e3o difusa, podendo assim, \u00a0ser utilizada em corredores, salas de jantar, escadarias, quartos, banheiros e muitos outros locais. Possui grau de prote\u00e7\u00e3o elevado, o que permite a instala\u00e7\u00e3o em jardins e\/ou locais externos para ilumina\u00e7\u00e3o decorativa e baixo consumo de energia.<\/p>","protected":false},"featured_media":10306,"comment_status":"open","ping_status":"closed","template":"","meta":{"_acf_changed":false,"_joinchat":[]},"aplicacao":[],"product_brand":[],"product_cat":[327,385],"product_tag":[888,889,623],"class_list":{"0":"post-10732","1":"product","2":"type-product","3":"status-publish","4":"has-post-thumbnail","6":"product_cat-luminarias-led","7":"product_cat-oval","8":"product_tag-arandela","9":"product_tag-luminaria-externa","10":"product_tag-luminaria-led","12":"first","13":"instock","14":"shipping-taxable","15":"purchasable","16":"product-type-variable","17":"has-default-attributes"},"acf":[],"yoast_head":"<!-- This site is optimized with the Yoast SEO plugin v27.3 - https:\/\/yoast.com\/product\/yoast-seo-wordpress\/ -->\n<title>Lumin\u00e1ria LED Arandela Oval 8W, 4.000K - EXATRON<\/title>\n<meta name=\"description\" content=\"Lumin\u00e1ria LED Arandela Oval (LLIC3005) com a pot\u00eancia de 8 Watts, fluxo luminoso de 800lm e temperatura de cor de 4000K na cor branco neutro.\" \/>\n<meta name=\"robots\" content=\"index, follow, max-snippet:-1, max-image-preview:large, max-video-preview:-1\" \/>\n<link rel=\"canonical\" href=\"https:\/\/www.exatron.com.br\/en\/produtos\/luminaria-led-arandela-oval-8w-4-000k\/\" \/>\n<meta property=\"og:locale\" content=\"en_US\" \/>\n<meta property=\"og:type\" content=\"article\" \/>\n<meta property=\"og:title\" content=\"Lumin\u00e1ria LED Arandela Oval 8W, 4.000K - EXATRON\" \/>\n<meta property=\"og:description\" content=\"Lumin\u00e1ria LED Arandela Oval (LLIC3005) com a pot\u00eancia de 8 Watts, fluxo luminoso de 800lm e temperatura de cor de 4000K na cor branco neutro.\" \/>\n<meta property=\"og:url\" content=\"https:\/\/www.exatron.com.br\/en\/produtos\/luminaria-led-arandela-oval-8w-4-000k\/\" \/>\n<meta property=\"og:site_name\" content=\"EXATRON\" \/>\n<meta property=\"article:modified_time\" content=\"2026-04-29T17:27:02+00:00\" \/>\n<meta property=\"og:image\" content=\"https:\/\/www.exatron.com.br\/wp-content\/uploads\/2025\/12\/rznrhsvuj7rwij8jjbm62grqduk72kw9wsmh30br.png\" \/>\n\t<meta property=\"og:image:width\" content=\"1080\" \/>\n\t<meta property=\"og:image:height\" content=\"1080\" \/>\n\t<meta property=\"og:image:type\" content=\"image\/png\" \/>\n<meta name=\"twitter:card\" content=\"summary_large_image\" \/>\n<meta name=\"twitter:label1\" content=\"Est. reading time\" \/>\n\t<meta name=\"twitter:data1\" content=\"1 minute\" \/>\n<script type=\"application\/ld+json\" class=\"yoast-schema-graph\">{\"@context\":\"https:\\\/\\\/schema.org\",\"@graph\":[{\"@type\":\"WebPage\",\"@id\":\"https:\\\/\\\/www.exatron.com.br\\\/produtos\\\/luminaria-led-arandela-oval-8w-4-000k\\\/\",\"url\":\"https:\\\/\\\/www.exatron.com.br\\\/produtos\\\/luminaria-led-arandela-oval-8w-4-000k\\\/\",\"name\":\"Lumin\u00e1ria LED Arandela Oval 8W, 4.000K - EXATRON\",\"isPartOf\":{\"@id\":\"https:\\\/\\\/www.exatron.com.br\\\/#website\"},\"primaryImageOfPage\":{\"@id\":\"https:\\\/\\\/www.exatron.com.br\\\/produtos\\\/luminaria-led-arandela-oval-8w-4-000k\\\/#primaryimage\"},\"image\":{\"@id\":\"https:\\\/\\\/www.exatron.com.br\\\/produtos\\\/luminaria-led-arandela-oval-8w-4-000k\\\/#primaryimage\"},\"thumbnailUrl\":\"https:\\\/\\\/www.exatron.com.br\\\/wp-content\\\/uploads\\\/2025\\\/12\\\/rznrhsvuj7rwij8jjbm62grqduk72kw9wsmh30br.png\",\"datePublished\":\"2025-12-08T15:08:49+00:00\",\"dateModified\":\"2026-04-29T17:27:02+00:00\",\"description\":\"Lumin\u00e1ria LED Arandela Oval (LLIC3005) com a pot\u00eancia de 8 Watts, fluxo luminoso de 800lm e temperatura de cor de 4000K na cor branco neutro.\",\"breadcrumb\":{\"@id\":\"https:\\\/\\\/www.exatron.com.br\\\/produtos\\\/luminaria-led-arandela-oval-8w-4-000k\\\/#breadcrumb\"},\"inLanguage\":\"en-US\",\"potentialAction\":[{\"@type\":\"ReadAction\",\"target\":[\"https:\\\/\\\/www.exatron.com.br\\\/produtos\\\/luminaria-led-arandela-oval-8w-4-000k\\\/\"]}]},{\"@type\":\"ImageObject\",\"inLanguage\":\"en-US\",\"@id\":\"https:\\\/\\\/www.exatron.com.br\\\/produtos\\\/luminaria-led-arandela-oval-8w-4-000k\\\/#primaryimage\",\"url\":\"https:\\\/\\\/www.exatron.com.br\\\/wp-content\\\/uploads\\\/2025\\\/12\\\/rznrhsvuj7rwij8jjbm62grqduk72kw9wsmh30br.png\",\"contentUrl\":\"https:\\\/\\\/www.exatron.com.br\\\/wp-content\\\/uploads\\\/2025\\\/12\\\/rznrhsvuj7rwij8jjbm62grqduk72kw9wsmh30br.png\",\"width\":1080,\"height\":1080,\"caption\":\"Com o seu design sofisticado e suas funcionalidades ampliadas, esta lumin\u00e1ria LED possui uma ilumina\u00e7\u00e3o difusa, podendo assim, ser utilizada em corredores, salas de jantar, escadarias, quartos, banheiros e muitos outros locais.\"},{\"@type\":\"BreadcrumbList\",\"@id\":\"https:\\\/\\\/www.exatron.com.br\\\/produtos\\\/luminaria-led-arandela-oval-8w-4-000k\\\/#breadcrumb\",\"itemListElement\":[{\"@type\":\"ListItem\",\"position\":1,\"name\":\"In\u00edcio\",\"item\":\"https:\\\/\\\/www.exatron.com.br\\\/\"},{\"@type\":\"ListItem\",\"position\":2,\"name\":\"Loja\",\"item\":\"https:\\\/\\\/www.exatron.com.br\\\/loja\\\/\"},{\"@type\":\"ListItem\",\"position\":3,\"name\":\"Lumin\u00e1ria LED Arandela Oval 8W, 4.000K\"}]},{\"@type\":\"WebSite\",\"@id\":\"https:\\\/\\\/www.exatron.com.br\\\/#website\",\"url\":\"https:\\\/\\\/www.exatron.com.br\\\/\",\"name\":\"EXATRON\",\"description\":\"\",\"publisher\":{\"@id\":\"https:\\\/\\\/www.exatron.com.br\\\/#organization\"},\"potentialAction\":[{\"@type\":\"SearchAction\",\"target\":{\"@type\":\"EntryPoint\",\"urlTemplate\":\"https:\\\/\\\/www.exatron.com.br\\\/?s={search_term_string}\"},\"query-input\":{\"@type\":\"PropertyValueSpecification\",\"valueRequired\":true,\"valueName\":\"search_term_string\"}}],\"inLanguage\":\"en-US\"},{\"@type\":\"Organization\",\"@id\":\"https:\\\/\\\/www.exatron.com.br\\\/#organization\",\"name\":\"EXATRON\",\"url\":\"https:\\\/\\\/www.exatron.com.br\\\/\",\"logo\":{\"@type\":\"ImageObject\",\"inLanguage\":\"en-US\",\"@id\":\"https:\\\/\\\/www.exatron.com.br\\\/#\\\/schema\\\/logo\\\/image\\\/\",\"url\":\"https:\\\/\\\/www.exatron.com.br\\\/wp-content\\\/uploads\\\/2024\\\/11\\\/default-kit.png\",\"contentUrl\":\"https:\\\/\\\/www.exatron.com.br\\\/wp-content\\\/uploads\\\/2024\\\/11\\\/default-kit.png\",\"width\":956,\"height\":192,\"caption\":\"EXATRON\"},\"image\":{\"@id\":\"https:\\\/\\\/www.exatron.com.br\\\/#\\\/schema\\\/logo\\\/image\\\/\"}}]}<\/script>\n<!-- \/ Yoast SEO plugin. -->","yoast_head_json":{"title":"Lumin\u00e1ria LED Arandela Oval 8W, 4.000K - EXATRON","description":"Lumin\u00e1ria LED Arandela Oval (LLIC3005) com a pot\u00eancia de 8 Watts, fluxo luminoso de 800lm e temperatura de cor de 4000K na cor branco neutro.","robots":{"index":"index","follow":"follow","max-snippet":"max-snippet:-1","max-image-preview":"max-image-preview:large","max-video-preview":"max-video-preview:-1"},"canonical":"https:\/\/www.exatron.com.br\/en\/produtos\/luminaria-led-arandela-oval-8w-4-000k\/","og_locale":"en_US","og_type":"article","og_title":"Lumin\u00e1ria LED Arandela Oval 8W, 4.000K - EXATRON","og_description":"Lumin\u00e1ria LED Arandela Oval (LLIC3005) com a pot\u00eancia de 8 Watts, fluxo luminoso de 800lm e temperatura de cor de 4000K na cor branco neutro.","og_url":"https:\/\/www.exatron.com.br\/en\/produtos\/luminaria-led-arandela-oval-8w-4-000k\/","og_site_name":"EXATRON","article_modified_time":"2026-04-29T17:27:02+00:00","og_image":[{"width":1080,"height":1080,"url":"https:\/\/www.exatron.com.br\/wp-content\/uploads\/2025\/12\/rznrhsvuj7rwij8jjbm62grqduk72kw9wsmh30br.png","type":"image\/png"}],"twitter_card":"summary_large_image","twitter_misc":{"Est. reading time":"1 minute"},"schema":{"@context":"https:\/\/schema.org","@graph":[{"@type":"WebPage","@id":"https:\/\/www.exatron.com.br\/produtos\/luminaria-led-arandela-oval-8w-4-000k\/","url":"https:\/\/www.exatron.com.br\/produtos\/luminaria-led-arandela-oval-8w-4-000k\/","name":"Lumin\u00e1ria LED Arandela Oval 8W, 4.000K - EXATRON","isPartOf":{"@id":"https:\/\/www.exatron.com.br\/#website"},"primaryImageOfPage":{"@id":"https:\/\/www.exatron.com.br\/produtos\/luminaria-led-arandela-oval-8w-4-000k\/#primaryimage"},"image":{"@id":"https:\/\/www.exatron.com.br\/produtos\/luminaria-led-arandela-oval-8w-4-000k\/#primaryimage"},"thumbnailUrl":"https:\/\/www.exatron.com.br\/wp-content\/uploads\/2025\/12\/rznrhsvuj7rwij8jjbm62grqduk72kw9wsmh30br.png","datePublished":"2025-12-08T15:08:49+00:00","dateModified":"2026-04-29T17:27:02+00:00","description":"Lumin\u00e1ria LED Arandela Oval (LLIC3005) com a pot\u00eancia de 8 Watts, fluxo luminoso de 800lm e temperatura de cor de 4000K na cor branco neutro.","breadcrumb":{"@id":"https:\/\/www.exatron.com.br\/produtos\/luminaria-led-arandela-oval-8w-4-000k\/#breadcrumb"},"inLanguage":"en-US","potentialAction":[{"@type":"ReadAction","target":["https:\/\/www.exatron.com.br\/produtos\/luminaria-led-arandela-oval-8w-4-000k\/"]}]},{"@type":"ImageObject","inLanguage":"en-US","@id":"https:\/\/www.exatron.com.br\/produtos\/luminaria-led-arandela-oval-8w-4-000k\/#primaryimage","url":"https:\/\/www.exatron.com.br\/wp-content\/uploads\/2025\/12\/rznrhsvuj7rwij8jjbm62grqduk72kw9wsmh30br.png","contentUrl":"https:\/\/www.exatron.com.br\/wp-content\/uploads\/2025\/12\/rznrhsvuj7rwij8jjbm62grqduk72kw9wsmh30br.png","width":1080,"height":1080,"caption":"Com o seu design sofisticado e suas funcionalidades ampliadas, esta lumin\u00e1ria LED possui uma ilumina\u00e7\u00e3o difusa, podendo assim, ser utilizada em corredores, salas de jantar, escadarias, quartos, banheiros e muitos outros locais."},{"@type":"BreadcrumbList","@id":"https:\/\/www.exatron.com.br\/produtos\/luminaria-led-arandela-oval-8w-4-000k\/#breadcrumb","itemListElement":[{"@type":"ListItem","position":1,"name":"In\u00edcio","item":"https:\/\/www.exatron.com.br\/"},{"@type":"ListItem","position":2,"name":"Loja","item":"https:\/\/www.exatron.com.br\/loja\/"},{"@type":"ListItem","position":3,"name":"Lumin\u00e1ria LED Arandela Oval 8W, 4.000K"}]},{"@type":"WebSite","@id":"https:\/\/www.exatron.com.br\/#website","url":"https:\/\/www.exatron.com.br\/","name":"EXATRON","description":"","publisher":{"@id":"https:\/\/www.exatron.com.br\/#organization"},"potentialAction":[{"@type":"SearchAction","target":{"@type":"EntryPoint","urlTemplate":"https:\/\/www.exatron.com.br\/?s={search_term_string}"},"query-input":{"@type":"PropertyValueSpecification","valueRequired":true,"valueName":"search_term_string"}}],"inLanguage":"en-US"},{"@type":"Organization","@id":"https:\/\/www.exatron.com.br\/#organization","name":"EXATRON","url":"https:\/\/www.exatron.com.br\/","logo":{"@type":"ImageObject","inLanguage":"en-US","@id":"https:\/\/www.exatron.com.br\/#\/schema\/logo\/image\/","url":"https:\/\/www.exatron.com.br\/wp-content\/uploads\/2024\/11\/default-kit.png","contentUrl":"https:\/\/www.exatron.com.br\/wp-content\/uploads\/2024\/11\/default-kit.png","width":956,"height":192,"caption":"EXATRON"},"image":{"@id":"https:\/\/www.exatron.com.br\/#\/schema\/logo\/image\/"}}]}},"_links":{"self":[{"href":"https:\/\/www.exatron.com.br\/en\/wp-json\/wp\/v2\/product\/10732","targetHints":{"allow":["GET"]}}],"collection":[{"href":"https:\/\/www.exatron.com.br\/en\/wp-json\/wp\/v2\/product"}],"about":[{"href":"https:\/\/www.exatron.com.br\/en\/wp-json\/wp\/v2\/types\/product"}],"replies":[{"embeddable":true,"href":"https:\/\/www.exatron.com.br\/en\/wp-json\/wp\/v2\/comments?post=10732"}],"wp:featuredmedia":[{"embeddable":true,"href":"https:\/\/www.exatron.com.br\/en\/wp-json\/wp\/v2\/media\/10306"}],"wp:attachment":[{"href":"https:\/\/www.exatron.com.br\/en\/wp-json\/wp\/v2\/media?parent=10732"}],"wp:term":[{"taxonomy":"aplicacao","embeddable":true,"href":"https:\/\/www.exatron.com.br\/en\/wp-json\/wp\/v2\/aplicacao?post=10732"},{"taxonomy":"product_brand","embeddable":true,"href":"https:\/\/www.exatron.com.br\/en\/wp-json\/wp\/v2\/product_brand?post=10732"},{"taxonomy":"product_cat","embeddable":true,"href":"https:\/\/www.exatron.com.br\/en\/wp-json\/wp\/v2\/product_cat?post=10732"},{"taxonomy":"product_tag","embeddable":true,"href":"https:\/\/www.exatron.com.br\/en\/wp-json\/wp\/v2\/product_tag?post=10732"}],"curies":[{"name":"wp","href":"https:\/\/api.w.org\/{rel}","templated":true}]}}