{"id":10737,"date":"2025-12-08T12:08:50","date_gmt":"2025-12-08T15:08:50","guid":{"rendered":""},"modified":"2026-04-23T12:06:29","modified_gmt":"2026-04-23T15:06:29","slug":"dispositivo-de-protecao-contra-surtos-15ka-1p","status":"publish","type":"product","link":"https:\/\/www.exatron.com.br\/en\/produtos\/dispositivo-de-protecao-contra-surtos-15ka-1p\/","title":{"rendered":"DPS &#8211; 1P, 15kA, Bivolt"},"content":{"rendered":"<h3>Technical Specifications<\/h3>\n<ul>\n<li>Tens\u00e3o de opera\u00e7\u00e3o AC nominal (Un): Bivolt;<\/li>\n<li>M\u00e1xima tens\u00e3o AC de opera\u00e7\u00e3o cont\u00ednua (Uc): 275V;<\/li>\n<li>M\u00e1xima tens\u00e3o ceifada @ 1.2KA: \u00a0&lt;750V;<\/li>\n<li>M\u00e1xima tens\u00e3o ceifada @In(Up): &lt;1kV;<\/li>\n<li>Resist\u00eancia de isolamento @500VDC: &gt;100M\u03a9\u00a0;<\/li>\n<li>M\u00e1xima corrente de descarga Imax (8\/20\u03bcs): 15kA;<\/li>\n<li>Corrente nominal de descarga In (8\/20\u03bcs): 7kA;<\/li>\n<li>M\u00e1xima energia @2ms: 400J;<\/li>\n<li>Tempo de resposta: &lt;25ns;<\/li>\n<li>Temperatura de opera\u00e7\u00e3o: -40 a 80\u00b0C;<\/li>\n<li>Umidade relativa: De 5 a 95%;<\/li>\n<li>Grau de prote\u00e7\u00e3o IP: IP20;<\/li>\n<li>Se\u00e7\u00e3o dos condutores de conex\u00e3o: 6 a 16 mm\u00b2;<\/li>\n<li>Torque de aperto dos terminais: 2-3Nm;<\/li>\n<li>Tipo de fixa\u00e7\u00e3o: Trilho DIN 35 mm;<\/li>\n<li>Dimens\u00f5es: \u00a091&#215;66,5x18mm;<\/li>\n<li>DPS Classe: 2 e 3;<\/li>\n<li>M\u00f3dulo de opera\u00e7\u00e3o: Cartucho plug\u00e1vel;<\/li>\n<li>Padr\u00e3o: ABNT NBR\u00a0IEC 61643-1;<\/li>\n<li>Corrente de fuga @220V: &lt;0,1mA;<\/li>\n<li>M\u00e1xima tens\u00e3o AC tempor\u00e1ria @5seg: 300V;<\/li>\n<li>Fus\u00edvel recomendado: 100A gL\/gG;<\/li>\n<li>Frequ\u00eancia da rede: 50\/60 Hz;<\/li>\n<li>Uso em ambiente interno;<\/li>\n<li>Sinaliza\u00e7\u00e3o de opera\u00e7\u00e3o do produto: Verde = em servi\u00e7o \/ Vermelho = inoperante (queimado). Em caso de queima, o DPS dever\u00e1 ser substitu\u00eddo);<\/li>\n<li>Modo de prote\u00e7\u00e3o: Por desconex\u00e3o t\u00e9rmica;<\/li>\n<li>Tecnologia de prote\u00e7\u00e3o: Varistor de oxido met\u00e1lico (MOV);<\/li>\n<li>Material isolante do cartucho: Pol\u00edmero com retardante de chama;<\/li>\n<li>Modos de instala\u00e7\u00e3o: L-L, L-N, L-PE e N-PE para sistema TN L-L e L-N para sistema IT e TT;<\/li>\n<li>Liga\u00e7\u00e3o em paralelo com a carga;<\/li>\n<li>Protegido termicamente;<\/li>\n<li>Inv\u00f3lucro em material com caracter\u00edstica de n\u00e3o propaga\u00e7\u00e3o e auto extin\u00e7\u00e3o de fogo.<\/li>\n<\/ul>\n<h3>Installation<\/h3>\n<p>Para garantir a prote\u00e7\u00e3o cont\u00ednua da linha (rede) na qual o DPS foi instalado, \u00e9 necess\u00e1rio que seja feito uma inspe\u00e7\u00e3o peri\u00f3dica no dispositivo, verificando seu estado de funcionamento. Se a instala\u00e7\u00e3o no CD ou junto do equipamento que se deseja proteger individualmente foi invi\u00e1vel e o DPS tiver que ser instalado distante do ponto de conex\u00e3o, recomenda-se utilizar o borne do dispositivo como ponto de continuidade para a alimenta\u00e7\u00e3o da carga a ser protegida, conforme NBR5410.<\/p>\n<p>Utilize equipamentos de prote\u00e7\u00e3o e ferramentas adequadas na instala\u00e7\u00e3o.<\/p>\n<p>A instala\u00e7\u00e3o do DPS \u00e9 em paralelo aos circuitos e n\u00e3o interrompe a corrente el\u00e9trica caso o mesmo esteja fora de opera\u00e7\u00e3o. Tipo de liga\u00e7\u00e3o utilizada quando o condutor neutro for aterrado.<\/p>","protected":false},"excerpt":{"rendered":"<p>O Dispositivo de Prote\u00e7\u00e3o Contra Surtos (DPSI0SD15-1P) \u00e9 um equipamento monopolar com tecnologia MOV (ZnO), capaz de limitar surtos el\u00e9tricos em instala\u00e7\u00f5es de baixa tens\u00e3o, provocados por descargas el\u00e9tricas e manobras do sistema el\u00e9trico. Possui um dispositivo termomec\u00e2nico que sinaliza o estado de funcionamento.<\/p>","protected":false},"featured_media":10310,"comment_status":"open","ping_status":"closed","template":"","meta":{"_acf_changed":false,"_joinchat":[]},"aplicacao":[269],"product_brand":[],"product_cat":[314],"product_tag":[938,937,629,936,935],"class_list":{"0":"post-10737","1":"product","2":"type-product","3":"status-publish","4":"has-post-thumbnail","6":"aplicacao-seguranca-de-rede-eletrica-baixa-tensao","7":"product_cat-dps","8":"product_tag-15ka","9":"product_tag-1p","10":"product_tag-bivolt","11":"product_tag-dispositivo-de-protecao-contra-surtos","12":"product_tag-dps","14":"first","15":"instock","16":"shipping-taxable","17":"purchasable","18":"product-type-simple"},"acf":[],"yoast_head":"<!-- This site is optimized with the Yoast SEO plugin v27.3 - https:\/\/yoast.com\/product\/yoast-seo-wordpress\/ -->\n<title>DPS - 1P, 15kA, Bivolt - EXATRON<\/title>\n<meta name=\"description\" content=\"DPS Exatron DPSI0SD15-1P: prote\u00e7\u00e3o eficiente contra surtos el\u00e9tricos com tecnologia MOV, sinaliza\u00e7\u00e3o pr\u00e1tica e instala\u00e7\u00e3o em trilho DIN.\" \/>\n<meta name=\"robots\" content=\"index, follow, max-snippet:-1, max-image-preview:large, max-video-preview:-1\" \/>\n<link rel=\"canonical\" href=\"https:\/\/www.exatron.com.br\/en\/produtos\/dispositivo-de-protecao-contra-surtos-15ka-1p\/\" \/>\n<meta property=\"og:locale\" content=\"en_US\" \/>\n<meta property=\"og:type\" content=\"article\" \/>\n<meta property=\"og:title\" content=\"DPS - 1P, 15kA, Bivolt - EXATRON\" \/>\n<meta property=\"og:description\" content=\"DPS Exatron DPSI0SD15-1P: prote\u00e7\u00e3o eficiente contra surtos el\u00e9tricos com tecnologia MOV, sinaliza\u00e7\u00e3o pr\u00e1tica e instala\u00e7\u00e3o em trilho DIN.\" \/>\n<meta property=\"og:url\" content=\"https:\/\/www.exatron.com.br\/en\/produtos\/dispositivo-de-protecao-contra-surtos-15ka-1p\/\" \/>\n<meta property=\"og:site_name\" content=\"EXATRON\" \/>\n<meta property=\"article:modified_time\" content=\"2026-04-23T15:06:29+00:00\" \/>\n<meta property=\"og:image\" content=\"https:\/\/www.exatron.com.br\/wp-content\/uploads\/2025\/12\/k0kaqv4fxguv4pprp9tozxjkdqloii2sdxzkmgou.png\" \/>\n\t<meta property=\"og:image:width\" content=\"500\" \/>\n\t<meta property=\"og:image:height\" content=\"500\" \/>\n\t<meta property=\"og:image:type\" content=\"image\/png\" \/>\n<meta name=\"twitter:card\" content=\"summary_large_image\" \/>\n<meta name=\"twitter:label1\" content=\"Est. reading time\" \/>\n\t<meta name=\"twitter:data1\" content=\"3 minutes\" \/>\n<script type=\"application\/ld+json\" class=\"yoast-schema-graph\">{\"@context\":\"https:\\\/\\\/schema.org\",\"@graph\":[{\"@type\":\"WebPage\",\"@id\":\"https:\\\/\\\/www.exatron.com.br\\\/produtos\\\/dispositivo-de-protecao-contra-surtos-15ka-1p\\\/\",\"url\":\"https:\\\/\\\/www.exatron.com.br\\\/produtos\\\/dispositivo-de-protecao-contra-surtos-15ka-1p\\\/\",\"name\":\"DPS - 1P, 15kA, Bivolt - EXATRON\",\"isPartOf\":{\"@id\":\"https:\\\/\\\/www.exatron.com.br\\\/#website\"},\"primaryImageOfPage\":{\"@id\":\"https:\\\/\\\/www.exatron.com.br\\\/produtos\\\/dispositivo-de-protecao-contra-surtos-15ka-1p\\\/#primaryimage\"},\"image\":{\"@id\":\"https:\\\/\\\/www.exatron.com.br\\\/produtos\\\/dispositivo-de-protecao-contra-surtos-15ka-1p\\\/#primaryimage\"},\"thumbnailUrl\":\"https:\\\/\\\/www.exatron.com.br\\\/wp-content\\\/uploads\\\/2025\\\/12\\\/k0kaqv4fxguv4pprp9tozxjkdqloii2sdxzkmgou.png\",\"datePublished\":\"2025-12-08T15:08:50+00:00\",\"dateModified\":\"2026-04-23T15:06:29+00:00\",\"description\":\"DPS Exatron DPSI0SD15-1P: prote\u00e7\u00e3o eficiente contra surtos el\u00e9tricos com tecnologia MOV, sinaliza\u00e7\u00e3o pr\u00e1tica e instala\u00e7\u00e3o em trilho DIN.\",\"breadcrumb\":{\"@id\":\"https:\\\/\\\/www.exatron.com.br\\\/produtos\\\/dispositivo-de-protecao-contra-surtos-15ka-1p\\\/#breadcrumb\"},\"inLanguage\":\"en-US\",\"potentialAction\":[{\"@type\":\"ReadAction\",\"target\":[\"https:\\\/\\\/www.exatron.com.br\\\/produtos\\\/dispositivo-de-protecao-contra-surtos-15ka-1p\\\/\"]}]},{\"@type\":\"ImageObject\",\"inLanguage\":\"en-US\",\"@id\":\"https:\\\/\\\/www.exatron.com.br\\\/produtos\\\/dispositivo-de-protecao-contra-surtos-15ka-1p\\\/#primaryimage\",\"url\":\"https:\\\/\\\/www.exatron.com.br\\\/wp-content\\\/uploads\\\/2025\\\/12\\\/k0kaqv4fxguv4pprp9tozxjkdqloii2sdxzkmgou.png\",\"contentUrl\":\"https:\\\/\\\/www.exatron.com.br\\\/wp-content\\\/uploads\\\/2025\\\/12\\\/k0kaqv4fxguv4pprp9tozxjkdqloii2sdxzkmgou.png\",\"width\":500,\"height\":500,\"caption\":\"1P, 15kA, Bivolt\"},{\"@type\":\"BreadcrumbList\",\"@id\":\"https:\\\/\\\/www.exatron.com.br\\\/produtos\\\/dispositivo-de-protecao-contra-surtos-15ka-1p\\\/#breadcrumb\",\"itemListElement\":[{\"@type\":\"ListItem\",\"position\":1,\"name\":\"In\u00edcio\",\"item\":\"https:\\\/\\\/www.exatron.com.br\\\/\"},{\"@type\":\"ListItem\",\"position\":2,\"name\":\"Loja\",\"item\":\"https:\\\/\\\/www.exatron.com.br\\\/loja\\\/\"},{\"@type\":\"ListItem\",\"position\":3,\"name\":\"DPS &#8211; 1P, 15kA, Bivolt\"}]},{\"@type\":\"WebSite\",\"@id\":\"https:\\\/\\\/www.exatron.com.br\\\/#website\",\"url\":\"https:\\\/\\\/www.exatron.com.br\\\/\",\"name\":\"EXATRON\",\"description\":\"\",\"publisher\":{\"@id\":\"https:\\\/\\\/www.exatron.com.br\\\/#organization\"},\"potentialAction\":[{\"@type\":\"SearchAction\",\"target\":{\"@type\":\"EntryPoint\",\"urlTemplate\":\"https:\\\/\\\/www.exatron.com.br\\\/?s={search_term_string}\"},\"query-input\":{\"@type\":\"PropertyValueSpecification\",\"valueRequired\":true,\"valueName\":\"search_term_string\"}}],\"inLanguage\":\"en-US\"},{\"@type\":\"Organization\",\"@id\":\"https:\\\/\\\/www.exatron.com.br\\\/#organization\",\"name\":\"EXATRON\",\"url\":\"https:\\\/\\\/www.exatron.com.br\\\/\",\"logo\":{\"@type\":\"ImageObject\",\"inLanguage\":\"en-US\",\"@id\":\"https:\\\/\\\/www.exatron.com.br\\\/#\\\/schema\\\/logo\\\/image\\\/\",\"url\":\"https:\\\/\\\/www.exatron.com.br\\\/wp-content\\\/uploads\\\/2024\\\/11\\\/default-kit.png\",\"contentUrl\":\"https:\\\/\\\/www.exatron.com.br\\\/wp-content\\\/uploads\\\/2024\\\/11\\\/default-kit.png\",\"width\":956,\"height\":192,\"caption\":\"EXATRON\"},\"image\":{\"@id\":\"https:\\\/\\\/www.exatron.com.br\\\/#\\\/schema\\\/logo\\\/image\\\/\"}}]}<\/script>\n<!-- \/ Yoast SEO plugin. -->","yoast_head_json":{"title":"DPS - 1P, 15kA, Bivolt - EXATRON","description":"DPS Exatron DPSI0SD15-1P: prote\u00e7\u00e3o eficiente contra surtos el\u00e9tricos com tecnologia MOV, sinaliza\u00e7\u00e3o pr\u00e1tica e instala\u00e7\u00e3o em trilho DIN.","robots":{"index":"index","follow":"follow","max-snippet":"max-snippet:-1","max-image-preview":"max-image-preview:large","max-video-preview":"max-video-preview:-1"},"canonical":"https:\/\/www.exatron.com.br\/en\/produtos\/dispositivo-de-protecao-contra-surtos-15ka-1p\/","og_locale":"en_US","og_type":"article","og_title":"DPS - 1P, 15kA, Bivolt - EXATRON","og_description":"DPS Exatron DPSI0SD15-1P: prote\u00e7\u00e3o eficiente contra surtos el\u00e9tricos com tecnologia MOV, sinaliza\u00e7\u00e3o pr\u00e1tica e instala\u00e7\u00e3o em trilho DIN.","og_url":"https:\/\/www.exatron.com.br\/en\/produtos\/dispositivo-de-protecao-contra-surtos-15ka-1p\/","og_site_name":"EXATRON","article_modified_time":"2026-04-23T15:06:29+00:00","og_image":[{"width":500,"height":500,"url":"https:\/\/www.exatron.com.br\/wp-content\/uploads\/2025\/12\/k0kaqv4fxguv4pprp9tozxjkdqloii2sdxzkmgou.png","type":"image\/png"}],"twitter_card":"summary_large_image","twitter_misc":{"Est. reading time":"3 minutes"},"schema":{"@context":"https:\/\/schema.org","@graph":[{"@type":"WebPage","@id":"https:\/\/www.exatron.com.br\/produtos\/dispositivo-de-protecao-contra-surtos-15ka-1p\/","url":"https:\/\/www.exatron.com.br\/produtos\/dispositivo-de-protecao-contra-surtos-15ka-1p\/","name":"DPS - 1P, 15kA, Bivolt - EXATRON","isPartOf":{"@id":"https:\/\/www.exatron.com.br\/#website"},"primaryImageOfPage":{"@id":"https:\/\/www.exatron.com.br\/produtos\/dispositivo-de-protecao-contra-surtos-15ka-1p\/#primaryimage"},"image":{"@id":"https:\/\/www.exatron.com.br\/produtos\/dispositivo-de-protecao-contra-surtos-15ka-1p\/#primaryimage"},"thumbnailUrl":"https:\/\/www.exatron.com.br\/wp-content\/uploads\/2025\/12\/k0kaqv4fxguv4pprp9tozxjkdqloii2sdxzkmgou.png","datePublished":"2025-12-08T15:08:50+00:00","dateModified":"2026-04-23T15:06:29+00:00","description":"DPS Exatron DPSI0SD15-1P: prote\u00e7\u00e3o eficiente contra surtos el\u00e9tricos com tecnologia MOV, sinaliza\u00e7\u00e3o pr\u00e1tica e instala\u00e7\u00e3o em trilho DIN.","breadcrumb":{"@id":"https:\/\/www.exatron.com.br\/produtos\/dispositivo-de-protecao-contra-surtos-15ka-1p\/#breadcrumb"},"inLanguage":"en-US","potentialAction":[{"@type":"ReadAction","target":["https:\/\/www.exatron.com.br\/produtos\/dispositivo-de-protecao-contra-surtos-15ka-1p\/"]}]},{"@type":"ImageObject","inLanguage":"en-US","@id":"https:\/\/www.exatron.com.br\/produtos\/dispositivo-de-protecao-contra-surtos-15ka-1p\/#primaryimage","url":"https:\/\/www.exatron.com.br\/wp-content\/uploads\/2025\/12\/k0kaqv4fxguv4pprp9tozxjkdqloii2sdxzkmgou.png","contentUrl":"https:\/\/www.exatron.com.br\/wp-content\/uploads\/2025\/12\/k0kaqv4fxguv4pprp9tozxjkdqloii2sdxzkmgou.png","width":500,"height":500,"caption":"1P, 15kA, Bivolt"},{"@type":"BreadcrumbList","@id":"https:\/\/www.exatron.com.br\/produtos\/dispositivo-de-protecao-contra-surtos-15ka-1p\/#breadcrumb","itemListElement":[{"@type":"ListItem","position":1,"name":"In\u00edcio","item":"https:\/\/www.exatron.com.br\/"},{"@type":"ListItem","position":2,"name":"Loja","item":"https:\/\/www.exatron.com.br\/loja\/"},{"@type":"ListItem","position":3,"name":"DPS &#8211; 1P, 15kA, Bivolt"}]},{"@type":"WebSite","@id":"https:\/\/www.exatron.com.br\/#website","url":"https:\/\/www.exatron.com.br\/","name":"EXATRON","description":"","publisher":{"@id":"https:\/\/www.exatron.com.br\/#organization"},"potentialAction":[{"@type":"SearchAction","target":{"@type":"EntryPoint","urlTemplate":"https:\/\/www.exatron.com.br\/?s={search_term_string}"},"query-input":{"@type":"PropertyValueSpecification","valueRequired":true,"valueName":"search_term_string"}}],"inLanguage":"en-US"},{"@type":"Organization","@id":"https:\/\/www.exatron.com.br\/#organization","name":"EXATRON","url":"https:\/\/www.exatron.com.br\/","logo":{"@type":"ImageObject","inLanguage":"en-US","@id":"https:\/\/www.exatron.com.br\/#\/schema\/logo\/image\/","url":"https:\/\/www.exatron.com.br\/wp-content\/uploads\/2024\/11\/default-kit.png","contentUrl":"https:\/\/www.exatron.com.br\/wp-content\/uploads\/2024\/11\/default-kit.png","width":956,"height":192,"caption":"EXATRON"},"image":{"@id":"https:\/\/www.exatron.com.br\/#\/schema\/logo\/image\/"}}]}},"_links":{"self":[{"href":"https:\/\/www.exatron.com.br\/en\/wp-json\/wp\/v2\/product\/10737","targetHints":{"allow":["GET"]}}],"collection":[{"href":"https:\/\/www.exatron.com.br\/en\/wp-json\/wp\/v2\/product"}],"about":[{"href":"https:\/\/www.exatron.com.br\/en\/wp-json\/wp\/v2\/types\/product"}],"replies":[{"embeddable":true,"href":"https:\/\/www.exatron.com.br\/en\/wp-json\/wp\/v2\/comments?post=10737"}],"wp:featuredmedia":[{"embeddable":true,"href":"https:\/\/www.exatron.com.br\/en\/wp-json\/wp\/v2\/media\/10310"}],"wp:attachment":[{"href":"https:\/\/www.exatron.com.br\/en\/wp-json\/wp\/v2\/media?parent=10737"}],"wp:term":[{"taxonomy":"aplicacao","embeddable":true,"href":"https:\/\/www.exatron.com.br\/en\/wp-json\/wp\/v2\/aplicacao?post=10737"},{"taxonomy":"product_brand","embeddable":true,"href":"https:\/\/www.exatron.com.br\/en\/wp-json\/wp\/v2\/product_brand?post=10737"},{"taxonomy":"product_cat","embeddable":true,"href":"https:\/\/www.exatron.com.br\/en\/wp-json\/wp\/v2\/product_cat?post=10737"},{"taxonomy":"product_tag","embeddable":true,"href":"https:\/\/www.exatron.com.br\/en\/wp-json\/wp\/v2\/product_tag?post=10737"}],"curies":[{"name":"wp","href":"https:\/\/api.w.org\/{rel}","templated":true}]}}